{"id":4541,"date":"2025-02-06T15:50:04","date_gmt":"2025-02-06T15:50:04","guid":{"rendered":"https:\/\/trakesh.com\/?post_type=product&#038;p=4541"},"modified":"2025-11-05T00:16:39","modified_gmt":"2025-11-04T23:16:39","slug":"app-frein-4613151800","status":"publish","type":"product","link":"https:\/\/trakesh.com\/ar\/notre-boutique\/scania\/app-frein-4613151800\/","title":{"rendered":"R\u00e9f. : 4613151800"},"content":{"rendered":"<p data-start=\"1041\" data-end=\"1410\"><strong>Description :<\/strong><br data-start=\"1061\" data-end=\"1064\" \/><strong>L\u2019appareil de frein WABCO 4613151800 pour v\u00e9hicules SCANIA assure un contr\u00f4le pr\u00e9cis et fiable du syst\u00e8me de freinage pneumatique. Il r\u00e9gule efficacement la pression et la distribution de l\u2019air pour garantir un freinage s\u00fbr et performant. Id\u00e9al pour la maintenance pr\u00e9ventive ou le remplacement en cas de d\u00e9faillance du syst\u00e8me de freinage.<\/strong><\/p>","protected":false},"excerpt":{"rendered":"<p><strong>Appareil de frein \u2013 WABCO \/ SCANIA<\/strong><\/p>\n<p data-start=\"151\" data-end=\"176\"><strong data-start=\"153\" data-end=\"174\">Compatible avec :<\/strong><\/p>\n<ul data-start=\"177\" data-end=\"327\">\n<li data-start=\"177\" data-end=\"251\">\n<p data-start=\"179\" data-end=\"251\">V\u00e9hicules <strong data-start=\"189\" data-end=\"199\">SCANIA<\/strong> \u00e9quip\u00e9s de syst\u00e8mes de freinage pneumatique WABCO<\/p>\n<\/li>\n<li data-start=\"252\" data-end=\"327\">\n<p data-start=\"254\" data-end=\"327\">Camions, bus et v\u00e9hicules industriels selon sp\u00e9cifications constructeur<\/p>\n<\/li>\n<\/ul>\n<p data-start=\"329\" data-end=\"348\"><strong data-start=\"332\" data-end=\"346\">Fonction :<\/strong><\/p>\n<ul data-start=\"349\" data-end=\"563\">\n<li data-start=\"349\" data-end=\"431\">\n<p data-start=\"351\" data-end=\"431\">Contr\u00f4ler et r\u00e9guler la pression d\u2019air dans le syst\u00e8me de freinage pneumatique<\/p>\n<\/li>\n<li data-start=\"432\" data-end=\"492\">\n<p data-start=\"434\" data-end=\"492\">Assurer une r\u00e9partition optimale de la force de freinage<\/p>\n<\/li>\n<li data-start=\"493\" data-end=\"563\">\n<p data-start=\"495\" data-end=\"563\">Garantir s\u00e9curit\u00e9, fiabilit\u00e9 et performance du syst\u00e8me de freinage<\/p>\n<\/li>\n<\/ul>\n<p data-start=\"565\" data-end=\"591\"><strong data-start=\"567\" data-end=\"589\">Caract\u00e9ristiques :<\/strong><\/p>\n<ul data-start=\"592\" data-end=\"859\">\n<li data-start=\"592\" data-end=\"645\">\n<p data-start=\"594\" data-end=\"645\">Type : <strong data-start=\"601\" data-end=\"643\">Appareil de frein \/ Brake Control Unit<\/strong><\/p>\n<\/li>\n<li data-start=\"646\" data-end=\"724\">\n<p data-start=\"648\" data-end=\"724\">Mat\u00e9riaux haute r\u00e9sistance aux contraintes m\u00e9caniques et pressions \u00e9lev\u00e9es<\/p>\n<\/li>\n<li data-start=\"725\" data-end=\"791\">\n<p data-start=\"727\" data-end=\"791\">Conception pr\u00e9cise conforme aux normes <strong data-start=\"766\" data-end=\"775\">WABCO<\/strong> et <strong data-start=\"779\" data-end=\"789\">SCANIA<\/strong><\/p>\n<\/li>\n<li data-start=\"792\" data-end=\"859\">\n<p data-start=\"794\" data-end=\"859\">Maintien de la performance optimale m\u00eame en conditions extr\u00eames<\/p>\n<\/li>\n<\/ul>\n<p data-start=\"861\" data-end=\"1039\"><strong data-start=\"864\" data-end=\"882\">Installation :<\/strong><br data-start=\"882\" data-end=\"885\" \/>Remplacement direct de l\u2019appareil d\u2019origine \u2013 suivre les instructions constructeur pour le montage et le raccordement correct aux circuits pneumatiques.<\/p>","protected":false},"featured_media":9586,"comment_status":"open","ping_status":"closed","template":"","meta":[],"product_brand":[77],"product_cat":[72],"product_tag":[93,92],"class_list":{"0":"post-4541","1":"product","2":"type-product","3":"status-publish","4":"has-post-thumbnail","6":"product_brand-wbc","7":"product_cat-scania","8":"product_tag-air","9":"product_tag-frein","10":"pa_constructeur-scania","11":"pa_modele-4613151800wb","12":"pa_typedepiece-systeme-de-freinage","14":"first","15":"instock","16":"sale","17":"featured","18":"shipping-taxable","19":"purchasable","20":"product-type-simple"},"yoast_head":"<!-- This site is optimized with the Yoast SEO plugin v25.5 - https:\/\/yoast.com\/wordpress\/plugins\/seo\/ -->\n<title>R\u00e9f. : 4613151800 - TRAKECH PARTS<\/title>\n<meta name=\"robots\" content=\"index, follow, max-snippet:-1, max-image-preview:large, max-video-preview:-1\" \/>\n<link rel=\"canonical\" href=\"https:\/\/trakesh.com\/ar\/notre-boutique\/scania\/app-frein-4613151800\/\" \/>\n<meta property=\"og:locale\" content=\"ar_AR\" \/>\n<meta property=\"og:type\" content=\"article\" \/>\n<meta property=\"og:title\" content=\"R\u00e9f. : 4613151800 - TRAKECH PARTS\" \/>\n<meta property=\"og:description\" content=\"Appareil de frein \u2013 WABCO \/ SCANIA Compatible avec :     V\u00e9hicules SCANIA \u00e9quip\u00e9s de syst\u00e8mes de freinage pneumatique WABCO    Camions, bus et v\u00e9hicules industriels selon sp\u00e9cifications constructeur   Fonction :     Contr\u00f4ler et r\u00e9guler la pression d\u2019air dans le syst\u00e8me de freinage pneumatique    Assurer une r\u00e9partition optimale de la force de freinage    Garantir s\u00e9curit\u00e9, fiabilit\u00e9 et performance du syst\u00e8me de freinage   Caract\u00e9ristiques :     Type : Appareil de frein \/ Brake Control Unit    Mat\u00e9riaux haute r\u00e9sistance aux contraintes m\u00e9caniques et pressions \u00e9lev\u00e9es    Conception pr\u00e9cise conforme aux normes WABCO et SCANIA    Maintien de la performance optimale m\u00eame en conditions extr\u00eames   Installation :Remplacement direct de l\u2019appareil d\u2019origine \u2013 suivre les instructions constructeur pour le montage et le raccordement correct aux circuits pneumatiques.\" \/>\n<meta property=\"og:url\" content=\"https:\/\/trakesh.com\/ar\/notre-boutique\/scania\/app-frein-4613151800\/\" \/>\n<meta property=\"og:site_name\" content=\"TRAKECH PARTS\" \/>\n<meta property=\"article:publisher\" content=\"https:\/\/web.facebook.com\/trakechparts\/?locale=fr_FR\" \/>\n<meta property=\"article:modified_time\" content=\"2025-11-04T23:16:39+00:00\" \/>\n<meta property=\"og:image\" content=\"https:\/\/trakesh.com\/wp-content\/uploads\/2025\/02\/MA-2025-11-05T000319.823.png\" \/>\n\t<meta property=\"og:image:width\" content=\"800\" \/>\n\t<meta property=\"og:image:height\" content=\"800\" \/>\n\t<meta property=\"og:image:type\" content=\"image\/png\" \/>\n<meta name=\"twitter:card\" content=\"summary_large_image\" \/>\n<meta name=\"twitter:label1\" content=\"\u0648\u0642\u062a \u0627\u0644\u0642\u0631\u0627\u0621\u0629 \u0627\u0644\u0645\u064f\u0642\u062f\u0651\u0631\" \/>\n\t<meta name=\"twitter:data1\" content=\"\u062f\u0642\u064a\u0642\u0629 \u0648\u0627\u062d\u062f\u0629\" \/>\n<script type=\"application\/ld+json\" class=\"yoast-schema-graph\">{\"@context\":\"https:\/\/schema.org\",\"@graph\":[{\"@type\":\"WebPage\",\"@id\":\"https:\/\/trakesh.com\/notre-boutique\/scania\/app-frein-4613151800\/\",\"url\":\"https:\/\/trakesh.com\/notre-boutique\/scania\/app-frein-4613151800\/\",\"name\":\"R\u00e9f. : 4613151800 - TRAKECH PARTS\",\"isPartOf\":{\"@id\":\"https:\/\/trakesh.com\/#website\"},\"primaryImageOfPage\":{\"@id\":\"https:\/\/trakesh.com\/notre-boutique\/scania\/app-frein-4613151800\/#primaryimage\"},\"image\":{\"@id\":\"https:\/\/trakesh.com\/notre-boutique\/scania\/app-frein-4613151800\/#primaryimage\"},\"thumbnailUrl\":\"https:\/\/trakesh.com\/wp-content\/uploads\/2025\/02\/MA-2025-11-05T000319.823.png\",\"datePublished\":\"2025-02-06T15:50:04+00:00\",\"dateModified\":\"2025-11-04T23:16:39+00:00\",\"breadcrumb\":{\"@id\":\"https:\/\/trakesh.com\/notre-boutique\/scania\/app-frein-4613151800\/#breadcrumb\"},\"inLanguage\":\"ar\",\"potentialAction\":[{\"@type\":\"ReadAction\",\"target\":[\"https:\/\/trakesh.com\/notre-boutique\/scania\/app-frein-4613151800\/\"]}]},{\"@type\":\"ImageObject\",\"inLanguage\":\"ar\",\"@id\":\"https:\/\/trakesh.com\/notre-boutique\/scania\/app-frein-4613151800\/#primaryimage\",\"url\":\"https:\/\/trakesh.com\/wp-content\/uploads\/2025\/02\/MA-2025-11-05T000319.823.png\",\"contentUrl\":\"https:\/\/trakesh.com\/wp-content\/uploads\/2025\/02\/MA-2025-11-05T000319.823.png\",\"width\":800,\"height\":800},{\"@type\":\"BreadcrumbList\",\"@id\":\"https:\/\/trakesh.com\/notre-boutique\/scania\/app-frein-4613151800\/#breadcrumb\",\"itemListElement\":[{\"@type\":\"ListItem\",\"position\":1,\"name\":\"Home\",\"item\":\"https:\/\/trakesh.com\/\"},{\"@type\":\"ListItem\",\"position\":2,\"name\":\"Notre Boutique\",\"item\":\"https:\/\/trakesh.com\/notre-boutique\/\"},{\"@type\":\"ListItem\",\"position\":3,\"name\":\"R\u00e9f. : 4613151800\"}]},{\"@type\":\"WebSite\",\"@id\":\"https:\/\/trakesh.com\/#website\",\"url\":\"https:\/\/trakesh.com\/\",\"name\":\"TRAKECH PARTS\",\"description\":\"Pi\u00e8ces de rechange pour camions MAN, moteurs CATERPILLAR et PERKINS \u2013 Maroc\",\"publisher\":{\"@id\":\"https:\/\/trakesh.com\/#organization\"},\"potentialAction\":[{\"@type\":\"SearchAction\",\"target\":{\"@type\":\"EntryPoint\",\"urlTemplate\":\"https:\/\/trakesh.com\/?s={search_term_string}\"},\"query-input\":{\"@type\":\"PropertyValueSpecification\",\"valueRequired\":true,\"valueName\":\"search_term_string\"}}],\"inLanguage\":\"ar\"},{\"@type\":\"Organization\",\"@id\":\"https:\/\/trakesh.com\/#organization\",\"name\":\"TRAKECH PARTS\",\"url\":\"https:\/\/trakesh.com\/\",\"logo\":{\"@type\":\"ImageObject\",\"inLanguage\":\"ar\",\"@id\":\"https:\/\/trakesh.com\/#\/schema\/logo\/image\/\",\"url\":\"https:\/\/trakesh.com\/wp-content\/uploads\/2025\/05\/cropped-cropped-cropped-cropped-cropped-cropped-cropped-trakesh-removebg-preview-1.png\",\"contentUrl\":\"https:\/\/trakesh.com\/wp-content\/uploads\/2025\/05\/cropped-cropped-cropped-cropped-cropped-cropped-cropped-trakesh-removebg-preview-1.png\",\"width\":342,\"height\":96,\"caption\":\"TRAKECH PARTS\"},\"image\":{\"@id\":\"https:\/\/trakesh.com\/#\/schema\/logo\/image\/\"},\"sameAs\":[\"https:\/\/web.facebook.com\/trakechparts\/?locale=fr_FR\",\"https:\/\/www.instagram.com\/trakech_parts\/\"]}]}<\/script>\n<!-- \/ Yoast SEO plugin. -->","yoast_head_json":{"title":"R\u00e9f. : 4613151800 - TRAKECH PARTS","robots":{"index":"index","follow":"follow","max-snippet":"max-snippet:-1","max-image-preview":"max-image-preview:large","max-video-preview":"max-video-preview:-1"},"canonical":"https:\/\/trakesh.com\/ar\/notre-boutique\/scania\/app-frein-4613151800\/","og_locale":"ar_AR","og_type":"article","og_title":"R\u00e9f. : 4613151800 - TRAKECH PARTS","og_description":"Appareil de frein \u2013 WABCO \/ SCANIA Compatible avec :     V\u00e9hicules SCANIA \u00e9quip\u00e9s de syst\u00e8mes de freinage pneumatique WABCO    Camions, bus et v\u00e9hicules industriels selon sp\u00e9cifications constructeur   Fonction :     Contr\u00f4ler et r\u00e9guler la pression d\u2019air dans le syst\u00e8me de freinage pneumatique    Assurer une r\u00e9partition optimale de la force de freinage    Garantir s\u00e9curit\u00e9, fiabilit\u00e9 et performance du syst\u00e8me de freinage   Caract\u00e9ristiques :     Type : Appareil de frein \/ Brake Control Unit    Mat\u00e9riaux haute r\u00e9sistance aux contraintes m\u00e9caniques et pressions \u00e9lev\u00e9es    Conception pr\u00e9cise conforme aux normes WABCO et SCANIA    Maintien de la performance optimale m\u00eame en conditions extr\u00eames   Installation :Remplacement direct de l\u2019appareil d\u2019origine \u2013 suivre les instructions constructeur pour le montage et le raccordement correct aux circuits pneumatiques.","og_url":"https:\/\/trakesh.com\/ar\/notre-boutique\/scania\/app-frein-4613151800\/","og_site_name":"TRAKECH PARTS","article_publisher":"https:\/\/web.facebook.com\/trakechparts\/?locale=fr_FR","article_modified_time":"2025-11-04T23:16:39+00:00","og_image":[{"width":800,"height":800,"url":"https:\/\/trakesh.com\/wp-content\/uploads\/2025\/02\/MA-2025-11-05T000319.823.png","type":"image\/png"}],"twitter_card":"summary_large_image","twitter_misc":{"\u0648\u0642\u062a \u0627\u0644\u0642\u0631\u0627\u0621\u0629 \u0627\u0644\u0645\u064f\u0642\u062f\u0651\u0631":"\u062f\u0642\u064a\u0642\u0629 \u0648\u0627\u062d\u062f\u0629"},"schema":{"@context":"https:\/\/schema.org","@graph":[{"@type":"WebPage","@id":"https:\/\/trakesh.com\/notre-boutique\/scania\/app-frein-4613151800\/","url":"https:\/\/trakesh.com\/notre-boutique\/scania\/app-frein-4613151800\/","name":"R\u00e9f. : 4613151800 - TRAKECH PARTS","isPartOf":{"@id":"https:\/\/trakesh.com\/#website"},"primaryImageOfPage":{"@id":"https:\/\/trakesh.com\/notre-boutique\/scania\/app-frein-4613151800\/#primaryimage"},"image":{"@id":"https:\/\/trakesh.com\/notre-boutique\/scania\/app-frein-4613151800\/#primaryimage"},"thumbnailUrl":"https:\/\/trakesh.com\/wp-content\/uploads\/2025\/02\/MA-2025-11-05T000319.823.png","datePublished":"2025-02-06T15:50:04+00:00","dateModified":"2025-11-04T23:16:39+00:00","breadcrumb":{"@id":"https:\/\/trakesh.com\/notre-boutique\/scania\/app-frein-4613151800\/#breadcrumb"},"inLanguage":"ar","potentialAction":[{"@type":"ReadAction","target":["https:\/\/trakesh.com\/notre-boutique\/scania\/app-frein-4613151800\/"]}]},{"@type":"ImageObject","inLanguage":"ar","@id":"https:\/\/trakesh.com\/notre-boutique\/scania\/app-frein-4613151800\/#primaryimage","url":"https:\/\/trakesh.com\/wp-content\/uploads\/2025\/02\/MA-2025-11-05T000319.823.png","contentUrl":"https:\/\/trakesh.com\/wp-content\/uploads\/2025\/02\/MA-2025-11-05T000319.823.png","width":800,"height":800},{"@type":"BreadcrumbList","@id":"https:\/\/trakesh.com\/notre-boutique\/scania\/app-frein-4613151800\/#breadcrumb","itemListElement":[{"@type":"ListItem","position":1,"name":"Home","item":"https:\/\/trakesh.com\/"},{"@type":"ListItem","position":2,"name":"Notre Boutique","item":"https:\/\/trakesh.com\/notre-boutique\/"},{"@type":"ListItem","position":3,"name":"R\u00e9f. : 4613151800"}]},{"@type":"WebSite","@id":"https:\/\/trakesh.com\/#website","url":"https:\/\/trakesh.com\/","name":"TRAKECH PARTS","description":"Pi\u00e8ces de rechange pour camions MAN, moteurs CATERPILLAR et PERKINS \u2013 Maroc","publisher":{"@id":"https:\/\/trakesh.com\/#organization"},"potentialAction":[{"@type":"SearchAction","target":{"@type":"EntryPoint","urlTemplate":"https:\/\/trakesh.com\/?s={search_term_string}"},"query-input":{"@type":"PropertyValueSpecification","valueRequired":true,"valueName":"search_term_string"}}],"inLanguage":"ar"},{"@type":"Organization","@id":"https:\/\/trakesh.com\/#organization","name":"TRAKECH PARTS","url":"https:\/\/trakesh.com\/","logo":{"@type":"ImageObject","inLanguage":"ar","@id":"https:\/\/trakesh.com\/#\/schema\/logo\/image\/","url":"https:\/\/trakesh.com\/wp-content\/uploads\/2025\/05\/cropped-cropped-cropped-cropped-cropped-cropped-cropped-trakesh-removebg-preview-1.png","contentUrl":"https:\/\/trakesh.com\/wp-content\/uploads\/2025\/05\/cropped-cropped-cropped-cropped-cropped-cropped-cropped-trakesh-removebg-preview-1.png","width":342,"height":96,"caption":"TRAKECH PARTS"},"image":{"@id":"https:\/\/trakesh.com\/#\/schema\/logo\/image\/"},"sameAs":["https:\/\/web.facebook.com\/trakechparts\/?locale=fr_FR","https:\/\/www.instagram.com\/trakech_parts\/"]}]}},"_links":{"self":[{"href":"https:\/\/trakesh.com\/ar\/wp-json\/wp\/v2\/product\/4541","targetHints":{"allow":["GET"]}}],"collection":[{"href":"https:\/\/trakesh.com\/ar\/wp-json\/wp\/v2\/product"}],"about":[{"href":"https:\/\/trakesh.com\/ar\/wp-json\/wp\/v2\/types\/product"}],"replies":[{"embeddable":true,"href":"https:\/\/trakesh.com\/ar\/wp-json\/wp\/v2\/comments?post=4541"}],"wp:featuredmedia":[{"embeddable":true,"href":"https:\/\/trakesh.com\/ar\/wp-json\/wp\/v2\/media\/9586"}],"wp:attachment":[{"href":"https:\/\/trakesh.com\/ar\/wp-json\/wp\/v2\/media?parent=4541"}],"wp:term":[{"taxonomy":"product_brand","embeddable":true,"href":"https:\/\/trakesh.com\/ar\/wp-json\/wp\/v2\/product_brand?post=4541"},{"taxonomy":"product_cat","embeddable":true,"href":"https:\/\/trakesh.com\/ar\/wp-json\/wp\/v2\/product_cat?post=4541"},{"taxonomy":"product_tag","embeddable":true,"href":"https:\/\/trakesh.com\/ar\/wp-json\/wp\/v2\/product_tag?post=4541"}],"curies":[{"name":"wp","href":"https:\/\/api.w.org\/{rel}","templated":true}]}}