{"id":4555,"date":"2025-02-06T15:58:34","date_gmt":"2025-02-06T15:58:34","guid":{"rendered":"https:\/\/trakesh.com\/?post_type=product&#038;p=4555"},"modified":"2025-11-05T18:43:01","modified_gmt":"2025-11-05T17:43:01","slug":"distributeur-air-volvo-9347147400","status":"publish","type":"product","link":"https:\/\/trakesh.com\/ar\/notre-boutique\/vlv\/distributeur-air-volvo-9347147400\/","title":{"rendered":"R\u00e9f. : 9347147400"},"content":{"rendered":"<p data-start=\"1036\" data-end=\"1390\"><strong>Description :<\/strong><br data-start=\"1056\" data-end=\"1059\" \/><strong>Le distributeur d\u2019air WABCO 9347147400 pour v\u00e9hicules VOLVO garantit une r\u00e9partition pr\u00e9cise de l\u2019air comprim\u00e9 dans les circuits pneumatiques. Il prot\u00e8ge les composants du syst\u00e8me de freinage et assure un fonctionnement s\u00fbr et fiable du v\u00e9hicule. Id\u00e9al pour la maintenance pr\u00e9ventive et le remplacement en cas de d\u00e9faillance.<\/strong><\/p>","protected":false},"excerpt":{"rendered":"<p><strong data-start=\"82\" data-end=\"120\">Distributeur d\u2019air \u2013 WABCO \/ VOLVO<\/strong><\/p>\n<p data-start=\"151\" data-end=\"176\"><strong data-start=\"153\" data-end=\"174\">Compatible avec :<\/strong><\/p>\n<ul data-start=\"177\" data-end=\"326\">\n<li data-start=\"177\" data-end=\"250\">\n<p data-start=\"179\" data-end=\"250\">V\u00e9hicules <strong data-start=\"189\" data-end=\"198\">VOLVO<\/strong> \u00e9quip\u00e9s de syst\u00e8mes de freinage pneumatique WABCO<\/p>\n<\/li>\n<li data-start=\"251\" data-end=\"326\">\n<p data-start=\"253\" data-end=\"326\">Camions, bus et v\u00e9hicules industriels selon sp\u00e9cifications constructeur<\/p>\n<\/li>\n<\/ul>\n<p data-start=\"328\" data-end=\"347\"><strong data-start=\"331\" data-end=\"345\">Fonction :<\/strong><\/p>\n<ul data-start=\"348\" data-end=\"592\">\n<li data-start=\"348\" data-end=\"426\">\n<p data-start=\"350\" data-end=\"426\">Distribuer l\u2019air comprim\u00e9 aux diff\u00e9rents circuits pneumatiques du v\u00e9hicule<\/p>\n<\/li>\n<li data-start=\"427\" data-end=\"501\">\n<p data-start=\"429\" data-end=\"501\">Assurer un fonctionnement coordonn\u00e9 et s\u00e9curis\u00e9 du syst\u00e8me de freinage<\/p>\n<\/li>\n<li data-start=\"502\" data-end=\"592\">\n<p data-start=\"504\" data-end=\"592\">Garantir la fiabilit\u00e9 et la performance du freinage en conditions normales et extr\u00eames<\/p>\n<\/li>\n<\/ul>\n<p data-start=\"594\" data-end=\"620\"><strong data-start=\"596\" data-end=\"618\">Caract\u00e9ristiques :<\/strong><\/p>\n<ul data-start=\"621\" data-end=\"903\">\n<li data-start=\"621\" data-end=\"678\">\n<p data-start=\"623\" data-end=\"678\">Type : <strong data-start=\"630\" data-end=\"676\">Distributeur d\u2019air \/ Air Distributor Valve<\/strong><\/p>\n<\/li>\n<li data-start=\"679\" data-end=\"761\">\n<p data-start=\"681\" data-end=\"761\">Mat\u00e9riaux haute r\u00e9sistance adapt\u00e9s aux pressions et aux contraintes m\u00e9caniques<\/p>\n<\/li>\n<li data-start=\"762\" data-end=\"819\">\n<p data-start=\"764\" data-end=\"819\">Conception conforme aux normes <strong data-start=\"795\" data-end=\"804\">WABCO<\/strong> et <strong data-start=\"808\" data-end=\"817\">VOLVO<\/strong><\/p>\n<\/li>\n<li data-start=\"820\" data-end=\"903\">\n<p data-start=\"822\" data-end=\"903\">Fonctionnement pr\u00e9cis pour une distribution \u00e9quilibr\u00e9e de l\u2019air dans le syst\u00e8me<\/p>\n<\/li>\n<\/ul>\n<p data-start=\"905\" data-end=\"1034\"><strong data-start=\"908\" data-end=\"926\">Installation :<\/strong><br data-start=\"926\" data-end=\"929\" \/>Remplacement direct \u2013 suivre les instructions constructeur pour assurer un montage correct et s\u00e9curis\u00e9.<\/p>","protected":false},"featured_media":9634,"comment_status":"open","ping_status":"closed","template":"","meta":[],"product_brand":[77],"product_cat":[70],"product_tag":[93,94],"class_list":{"0":"post-4555","1":"product","2":"type-product","3":"status-publish","4":"has-post-thumbnail","6":"product_brand-wbc","7":"product_cat-vlv","8":"product_tag-air","9":"product_tag-distributeur","10":"pa_constructeur-volvo","11":"pa_modele-9347147400wb","12":"pa_typedepiece-systeme-de-freinage","14":"first","15":"instock","16":"sale","17":"featured","18":"shipping-taxable","19":"purchasable","20":"product-type-simple"},"yoast_head":"<!-- This site is optimized with the Yoast SEO plugin v25.5 - https:\/\/yoast.com\/wordpress\/plugins\/seo\/ -->\n<title>R\u00e9f. : 9347147400 - TRAKECH PARTS<\/title>\n<meta name=\"robots\" content=\"index, follow, max-snippet:-1, max-image-preview:large, max-video-preview:-1\" \/>\n<link rel=\"canonical\" href=\"https:\/\/trakesh.com\/ar\/notre-boutique\/vlv\/distributeur-air-volvo-9347147400\/\" \/>\n<meta property=\"og:locale\" content=\"ar_AR\" \/>\n<meta property=\"og:type\" content=\"article\" \/>\n<meta property=\"og:title\" content=\"R\u00e9f. : 9347147400 - TRAKECH PARTS\" \/>\n<meta property=\"og:description\" content=\"Distributeur d\u2019air \u2013 WABCO \/ VOLVO Compatible avec :     V\u00e9hicules VOLVO \u00e9quip\u00e9s de syst\u00e8mes de freinage pneumatique WABCO    Camions, bus et v\u00e9hicules industriels selon sp\u00e9cifications constructeur   Fonction :     Distribuer l\u2019air comprim\u00e9 aux diff\u00e9rents circuits pneumatiques du v\u00e9hicule    Assurer un fonctionnement coordonn\u00e9 et s\u00e9curis\u00e9 du syst\u00e8me de freinage    Garantir la fiabilit\u00e9 et la performance du freinage en conditions normales et extr\u00eames   Caract\u00e9ristiques :     Type : Distributeur d\u2019air \/ Air Distributor Valve    Mat\u00e9riaux haute r\u00e9sistance adapt\u00e9s aux pressions et aux contraintes m\u00e9caniques    Conception conforme aux normes WABCO et VOLVO    Fonctionnement pr\u00e9cis pour une distribution \u00e9quilibr\u00e9e de l\u2019air dans le syst\u00e8me   Installation :Remplacement direct \u2013 suivre les instructions constructeur pour assurer un montage correct et s\u00e9curis\u00e9.\" \/>\n<meta property=\"og:url\" content=\"https:\/\/trakesh.com\/ar\/notre-boutique\/vlv\/distributeur-air-volvo-9347147400\/\" \/>\n<meta property=\"og:site_name\" content=\"TRAKECH PARTS\" \/>\n<meta property=\"article:publisher\" content=\"https:\/\/web.facebook.com\/trakechparts\/?locale=fr_FR\" \/>\n<meta property=\"article:modified_time\" content=\"2025-11-05T17:43:01+00:00\" \/>\n<meta property=\"og:image\" content=\"https:\/\/trakesh.com\/wp-content\/uploads\/2025\/02\/193.png\" \/>\n\t<meta property=\"og:image:width\" content=\"800\" \/>\n\t<meta property=\"og:image:height\" content=\"800\" \/>\n\t<meta property=\"og:image:type\" content=\"image\/png\" \/>\n<meta name=\"twitter:card\" content=\"summary_large_image\" \/>\n<meta name=\"twitter:label1\" content=\"\u0648\u0642\u062a \u0627\u0644\u0642\u0631\u0627\u0621\u0629 \u0627\u0644\u0645\u064f\u0642\u062f\u0651\u0631\" \/>\n\t<meta name=\"twitter:data1\" content=\"\u062f\u0642\u064a\u0642\u0629 \u0648\u0627\u062d\u062f\u0629\" \/>\n<script type=\"application\/ld+json\" class=\"yoast-schema-graph\">{\"@context\":\"https:\/\/schema.org\",\"@graph\":[{\"@type\":\"WebPage\",\"@id\":\"https:\/\/trakesh.com\/notre-boutique\/vlv\/distributeur-air-volvo-9347147400\/\",\"url\":\"https:\/\/trakesh.com\/notre-boutique\/vlv\/distributeur-air-volvo-9347147400\/\",\"name\":\"R\u00e9f. : 9347147400 - TRAKECH PARTS\",\"isPartOf\":{\"@id\":\"https:\/\/trakesh.com\/#website\"},\"primaryImageOfPage\":{\"@id\":\"https:\/\/trakesh.com\/notre-boutique\/vlv\/distributeur-air-volvo-9347147400\/#primaryimage\"},\"image\":{\"@id\":\"https:\/\/trakesh.com\/notre-boutique\/vlv\/distributeur-air-volvo-9347147400\/#primaryimage\"},\"thumbnailUrl\":\"https:\/\/trakesh.com\/wp-content\/uploads\/2025\/02\/193.png\",\"datePublished\":\"2025-02-06T15:58:34+00:00\",\"dateModified\":\"2025-11-05T17:43:01+00:00\",\"breadcrumb\":{\"@id\":\"https:\/\/trakesh.com\/notre-boutique\/vlv\/distributeur-air-volvo-9347147400\/#breadcrumb\"},\"inLanguage\":\"ar\",\"potentialAction\":[{\"@type\":\"ReadAction\",\"target\":[\"https:\/\/trakesh.com\/notre-boutique\/vlv\/distributeur-air-volvo-9347147400\/\"]}]},{\"@type\":\"ImageObject\",\"inLanguage\":\"ar\",\"@id\":\"https:\/\/trakesh.com\/notre-boutique\/vlv\/distributeur-air-volvo-9347147400\/#primaryimage\",\"url\":\"https:\/\/trakesh.com\/wp-content\/uploads\/2025\/02\/193.png\",\"contentUrl\":\"https:\/\/trakesh.com\/wp-content\/uploads\/2025\/02\/193.png\",\"width\":800,\"height\":800},{\"@type\":\"BreadcrumbList\",\"@id\":\"https:\/\/trakesh.com\/notre-boutique\/vlv\/distributeur-air-volvo-9347147400\/#breadcrumb\",\"itemListElement\":[{\"@type\":\"ListItem\",\"position\":1,\"name\":\"Home\",\"item\":\"https:\/\/trakesh.com\/\"},{\"@type\":\"ListItem\",\"position\":2,\"name\":\"Notre Boutique\",\"item\":\"https:\/\/trakesh.com\/notre-boutique\/\"},{\"@type\":\"ListItem\",\"position\":3,\"name\":\"R\u00e9f. : 9347147400\"}]},{\"@type\":\"WebSite\",\"@id\":\"https:\/\/trakesh.com\/#website\",\"url\":\"https:\/\/trakesh.com\/\",\"name\":\"TRAKECH PARTS\",\"description\":\"Pi\u00e8ces de rechange pour camions MAN, moteurs CATERPILLAR et PERKINS \u2013 Maroc\",\"publisher\":{\"@id\":\"https:\/\/trakesh.com\/#organization\"},\"potentialAction\":[{\"@type\":\"SearchAction\",\"target\":{\"@type\":\"EntryPoint\",\"urlTemplate\":\"https:\/\/trakesh.com\/?s={search_term_string}\"},\"query-input\":{\"@type\":\"PropertyValueSpecification\",\"valueRequired\":true,\"valueName\":\"search_term_string\"}}],\"inLanguage\":\"ar\"},{\"@type\":\"Organization\",\"@id\":\"https:\/\/trakesh.com\/#organization\",\"name\":\"TRAKECH PARTS\",\"url\":\"https:\/\/trakesh.com\/\",\"logo\":{\"@type\":\"ImageObject\",\"inLanguage\":\"ar\",\"@id\":\"https:\/\/trakesh.com\/#\/schema\/logo\/image\/\",\"url\":\"https:\/\/trakesh.com\/wp-content\/uploads\/2025\/05\/cropped-cropped-cropped-cropped-cropped-cropped-cropped-trakesh-removebg-preview-1.png\",\"contentUrl\":\"https:\/\/trakesh.com\/wp-content\/uploads\/2025\/05\/cropped-cropped-cropped-cropped-cropped-cropped-cropped-trakesh-removebg-preview-1.png\",\"width\":342,\"height\":96,\"caption\":\"TRAKECH PARTS\"},\"image\":{\"@id\":\"https:\/\/trakesh.com\/#\/schema\/logo\/image\/\"},\"sameAs\":[\"https:\/\/web.facebook.com\/trakechparts\/?locale=fr_FR\",\"https:\/\/www.instagram.com\/trakech_parts\/\"]}]}<\/script>\n<!-- \/ Yoast SEO plugin. -->","yoast_head_json":{"title":"R\u00e9f. : 9347147400 - TRAKECH PARTS","robots":{"index":"index","follow":"follow","max-snippet":"max-snippet:-1","max-image-preview":"max-image-preview:large","max-video-preview":"max-video-preview:-1"},"canonical":"https:\/\/trakesh.com\/ar\/notre-boutique\/vlv\/distributeur-air-volvo-9347147400\/","og_locale":"ar_AR","og_type":"article","og_title":"R\u00e9f. : 9347147400 - TRAKECH PARTS","og_description":"Distributeur d\u2019air \u2013 WABCO \/ VOLVO Compatible avec :     V\u00e9hicules VOLVO \u00e9quip\u00e9s de syst\u00e8mes de freinage pneumatique WABCO    Camions, bus et v\u00e9hicules industriels selon sp\u00e9cifications constructeur   Fonction :     Distribuer l\u2019air comprim\u00e9 aux diff\u00e9rents circuits pneumatiques du v\u00e9hicule    Assurer un fonctionnement coordonn\u00e9 et s\u00e9curis\u00e9 du syst\u00e8me de freinage    Garantir la fiabilit\u00e9 et la performance du freinage en conditions normales et extr\u00eames   Caract\u00e9ristiques :     Type : Distributeur d\u2019air \/ Air Distributor Valve    Mat\u00e9riaux haute r\u00e9sistance adapt\u00e9s aux pressions et aux contraintes m\u00e9caniques    Conception conforme aux normes WABCO et VOLVO    Fonctionnement pr\u00e9cis pour une distribution \u00e9quilibr\u00e9e de l\u2019air dans le syst\u00e8me   Installation :Remplacement direct \u2013 suivre les instructions constructeur pour assurer un montage correct et s\u00e9curis\u00e9.","og_url":"https:\/\/trakesh.com\/ar\/notre-boutique\/vlv\/distributeur-air-volvo-9347147400\/","og_site_name":"TRAKECH PARTS","article_publisher":"https:\/\/web.facebook.com\/trakechparts\/?locale=fr_FR","article_modified_time":"2025-11-05T17:43:01+00:00","og_image":[{"width":800,"height":800,"url":"https:\/\/trakesh.com\/wp-content\/uploads\/2025\/02\/193.png","type":"image\/png"}],"twitter_card":"summary_large_image","twitter_misc":{"\u0648\u0642\u062a \u0627\u0644\u0642\u0631\u0627\u0621\u0629 \u0627\u0644\u0645\u064f\u0642\u062f\u0651\u0631":"\u062f\u0642\u064a\u0642\u0629 \u0648\u0627\u062d\u062f\u0629"},"schema":{"@context":"https:\/\/schema.org","@graph":[{"@type":"WebPage","@id":"https:\/\/trakesh.com\/notre-boutique\/vlv\/distributeur-air-volvo-9347147400\/","url":"https:\/\/trakesh.com\/notre-boutique\/vlv\/distributeur-air-volvo-9347147400\/","name":"R\u00e9f. : 9347147400 - TRAKECH PARTS","isPartOf":{"@id":"https:\/\/trakesh.com\/#website"},"primaryImageOfPage":{"@id":"https:\/\/trakesh.com\/notre-boutique\/vlv\/distributeur-air-volvo-9347147400\/#primaryimage"},"image":{"@id":"https:\/\/trakesh.com\/notre-boutique\/vlv\/distributeur-air-volvo-9347147400\/#primaryimage"},"thumbnailUrl":"https:\/\/trakesh.com\/wp-content\/uploads\/2025\/02\/193.png","datePublished":"2025-02-06T15:58:34+00:00","dateModified":"2025-11-05T17:43:01+00:00","breadcrumb":{"@id":"https:\/\/trakesh.com\/notre-boutique\/vlv\/distributeur-air-volvo-9347147400\/#breadcrumb"},"inLanguage":"ar","potentialAction":[{"@type":"ReadAction","target":["https:\/\/trakesh.com\/notre-boutique\/vlv\/distributeur-air-volvo-9347147400\/"]}]},{"@type":"ImageObject","inLanguage":"ar","@id":"https:\/\/trakesh.com\/notre-boutique\/vlv\/distributeur-air-volvo-9347147400\/#primaryimage","url":"https:\/\/trakesh.com\/wp-content\/uploads\/2025\/02\/193.png","contentUrl":"https:\/\/trakesh.com\/wp-content\/uploads\/2025\/02\/193.png","width":800,"height":800},{"@type":"BreadcrumbList","@id":"https:\/\/trakesh.com\/notre-boutique\/vlv\/distributeur-air-volvo-9347147400\/#breadcrumb","itemListElement":[{"@type":"ListItem","position":1,"name":"Home","item":"https:\/\/trakesh.com\/"},{"@type":"ListItem","position":2,"name":"Notre Boutique","item":"https:\/\/trakesh.com\/notre-boutique\/"},{"@type":"ListItem","position":3,"name":"R\u00e9f. : 9347147400"}]},{"@type":"WebSite","@id":"https:\/\/trakesh.com\/#website","url":"https:\/\/trakesh.com\/","name":"TRAKECH PARTS","description":"Pi\u00e8ces de rechange pour camions MAN, moteurs CATERPILLAR et PERKINS \u2013 Maroc","publisher":{"@id":"https:\/\/trakesh.com\/#organization"},"potentialAction":[{"@type":"SearchAction","target":{"@type":"EntryPoint","urlTemplate":"https:\/\/trakesh.com\/?s={search_term_string}"},"query-input":{"@type":"PropertyValueSpecification","valueRequired":true,"valueName":"search_term_string"}}],"inLanguage":"ar"},{"@type":"Organization","@id":"https:\/\/trakesh.com\/#organization","name":"TRAKECH PARTS","url":"https:\/\/trakesh.com\/","logo":{"@type":"ImageObject","inLanguage":"ar","@id":"https:\/\/trakesh.com\/#\/schema\/logo\/image\/","url":"https:\/\/trakesh.com\/wp-content\/uploads\/2025\/05\/cropped-cropped-cropped-cropped-cropped-cropped-cropped-trakesh-removebg-preview-1.png","contentUrl":"https:\/\/trakesh.com\/wp-content\/uploads\/2025\/05\/cropped-cropped-cropped-cropped-cropped-cropped-cropped-trakesh-removebg-preview-1.png","width":342,"height":96,"caption":"TRAKECH PARTS"},"image":{"@id":"https:\/\/trakesh.com\/#\/schema\/logo\/image\/"},"sameAs":["https:\/\/web.facebook.com\/trakechparts\/?locale=fr_FR","https:\/\/www.instagram.com\/trakech_parts\/"]}]}},"_links":{"self":[{"href":"https:\/\/trakesh.com\/ar\/wp-json\/wp\/v2\/product\/4555","targetHints":{"allow":["GET"]}}],"collection":[{"href":"https:\/\/trakesh.com\/ar\/wp-json\/wp\/v2\/product"}],"about":[{"href":"https:\/\/trakesh.com\/ar\/wp-json\/wp\/v2\/types\/product"}],"replies":[{"embeddable":true,"href":"https:\/\/trakesh.com\/ar\/wp-json\/wp\/v2\/comments?post=4555"}],"wp:featuredmedia":[{"embeddable":true,"href":"https:\/\/trakesh.com\/ar\/wp-json\/wp\/v2\/media\/9634"}],"wp:attachment":[{"href":"https:\/\/trakesh.com\/ar\/wp-json\/wp\/v2\/media?parent=4555"}],"wp:term":[{"taxonomy":"product_brand","embeddable":true,"href":"https:\/\/trakesh.com\/ar\/wp-json\/wp\/v2\/product_brand?post=4555"},{"taxonomy":"product_cat","embeddable":true,"href":"https:\/\/trakesh.com\/ar\/wp-json\/wp\/v2\/product_cat?post=4555"},{"taxonomy":"product_tag","embeddable":true,"href":"https:\/\/trakesh.com\/ar\/wp-json\/wp\/v2\/product_tag?post=4555"}],"curies":[{"name":"wp","href":"https:\/\/api.w.org\/{rel}","templated":true}]}}