{"id":4559,"date":"2025-02-06T16:30:45","date_gmt":"2025-02-06T16:30:45","guid":{"rendered":"https:\/\/trakesh.com\/?post_type=product&#038;p=4559"},"modified":"2025-11-05T18:31:06","modified_gmt":"2025-11-05T17:31:06","slug":"diaphrahme-t12-wabco","status":"publish","type":"product","link":"https:\/\/trakesh.com\/ar\/notre-boutique\/man\/diaphrahme-t12-wabco\/","title":{"rendered":"R\u00e9f. : DIAPHRAGME T12"},"content":{"rendered":"<p><strong>Description :<\/strong><br data-start=\"1082\" data-end=\"1085\" \/><strong>Le diaphragme T12 WABCO pour MAN est un \u00e9l\u00e9ment essentiel des chambres de frein pneumatiques. Il assure la transformation de la pression d\u2019air en force m\u00e9canique pour actionner le freinage. Fabriqu\u00e9 avec des mat\u00e9riaux r\u00e9sistants, il garantit une longue dur\u00e9e de vie et une performance fiable, contribuant \u00e0 la s\u00e9curit\u00e9 du syst\u00e8me de freinage.<\/strong><\/p>\n<p>&nbsp;<\/p>","protected":false},"excerpt":{"rendered":"<p><strong>Diaphragme de frein<\/strong><\/p>\n<p data-start=\"149\" data-end=\"174\"><strong data-start=\"151\" data-end=\"172\">Compatible avec :<\/strong><\/p>\n<ul data-start=\"175\" data-end=\"349\">\n<li data-start=\"175\" data-end=\"257\">\n<p data-start=\"177\" data-end=\"257\">V\u00e9hicules <strong data-start=\"187\" data-end=\"194\">MAN<\/strong> \u00e9quip\u00e9s de chambres de frein pneumatiques WABCO type <strong data-start=\"248\" data-end=\"255\">T12<\/strong><\/p>\n<\/li>\n<li data-start=\"258\" data-end=\"349\">\n<p data-start=\"260\" data-end=\"349\">Utilisation sur camions, bus et v\u00e9hicules industriels selon sp\u00e9cifications constructeur<\/p>\n<\/li>\n<\/ul>\n<p data-start=\"351\" data-end=\"370\"><strong data-start=\"354\" data-end=\"368\">Fonction :<\/strong><\/p>\n<ul data-start=\"371\" data-end=\"610\">\n<li data-start=\"371\" data-end=\"468\">\n<p data-start=\"373\" data-end=\"468\">Convertir la pression d\u2019air comprim\u00e9 en force m\u00e9canique pour actionner le syst\u00e8me de freinage<\/p>\n<\/li>\n<li data-start=\"469\" data-end=\"529\">\n<p data-start=\"471\" data-end=\"529\">Assurer une r\u00e9ponse rapide et fiable du frein de service<\/p>\n<\/li>\n<li data-start=\"530\" data-end=\"610\">\n<p data-start=\"532\" data-end=\"610\">Maintenir la s\u00e9curit\u00e9 et l\u2019efficacit\u00e9 du freinage dans toutes les conditions<\/p>\n<\/li>\n<\/ul>\n<p data-start=\"612\" data-end=\"638\"><strong data-start=\"614\" data-end=\"636\">Caract\u00e9ristiques :<\/strong><\/p>\n<ul data-start=\"639\" data-end=\"915\">\n<li data-start=\"639\" data-end=\"688\">\n<p data-start=\"641\" data-end=\"688\">Type : <strong data-start=\"648\" data-end=\"686\">Diaphragme de chambre de frein T12<\/strong><\/p>\n<\/li>\n<li data-start=\"689\" data-end=\"791\">\n<p data-start=\"691\" data-end=\"791\">Mat\u00e9riau : caoutchouc haute r\u00e9sistance renforc\u00e9, r\u00e9sistant \u00e0 l\u2019usure et aux contraintes m\u00e9caniques<\/p>\n<\/li>\n<li data-start=\"792\" data-end=\"847\">\n<p data-start=\"794\" data-end=\"847\">Conception conforme aux normes <strong data-start=\"825\" data-end=\"834\">WABCO<\/strong> et <strong data-start=\"838\" data-end=\"845\">MAN<\/strong><\/p>\n<\/li>\n<li data-start=\"848\" data-end=\"915\">\n<p data-start=\"850\" data-end=\"915\">Dimensions et tol\u00e9rances pr\u00e9cises pour un montage direct et s\u00fbr<\/p>\n<\/li>\n<\/ul>\n<p data-start=\"917\" data-end=\"1060\"><strong data-start=\"920\" data-end=\"938\">Installation :<\/strong><br data-start=\"938\" data-end=\"941\" \/>Remplacement direct du diaphragme us\u00e9 dans la chambre de frein T12 \u2013 respecter les consignes de montage constructeur.<\/p>","protected":false},"featured_media":9633,"comment_status":"open","ping_status":"closed","template":"","meta":[],"product_brand":[77],"product_cat":[76],"product_tag":[93,92],"class_list":{"0":"post-4559","1":"product","2":"type-product","3":"status-publish","4":"has-post-thumbnail","6":"product_brand-wbc","7":"product_cat-man","8":"product_tag-air","9":"product_tag-frein","10":"pa_constructeur-man","11":"pa_modele-t12wb","12":"pa_typedepiece-systeme-de-freinage","14":"first","15":"instock","16":"sale","17":"shipping-taxable","18":"purchasable","19":"product-type-simple"},"yoast_head":"<!-- This site is optimized with the Yoast SEO plugin v25.5 - https:\/\/yoast.com\/wordpress\/plugins\/seo\/ -->\n<title>R\u00e9f. : DIAPHRAGME T12 - TRAKECH PARTS<\/title>\n<meta name=\"robots\" content=\"index, follow, max-snippet:-1, max-image-preview:large, max-video-preview:-1\" \/>\n<link rel=\"canonical\" href=\"https:\/\/trakesh.com\/ar\/notre-boutique\/man\/diaphrahme-t12-wabco\/\" \/>\n<meta property=\"og:locale\" content=\"ar_AR\" \/>\n<meta property=\"og:type\" content=\"article\" \/>\n<meta property=\"og:title\" content=\"R\u00e9f. : DIAPHRAGME T12 - TRAKECH PARTS\" \/>\n<meta property=\"og:description\" content=\"Diaphragme de frein Compatible avec :     V\u00e9hicules MAN \u00e9quip\u00e9s de chambres de frein pneumatiques WABCO type T12    Utilisation sur camions, bus et v\u00e9hicules industriels selon sp\u00e9cifications constructeur   Fonction :     Convertir la pression d\u2019air comprim\u00e9 en force m\u00e9canique pour actionner le syst\u00e8me de freinage    Assurer une r\u00e9ponse rapide et fiable du frein de service    Maintenir la s\u00e9curit\u00e9 et l\u2019efficacit\u00e9 du freinage dans toutes les conditions   Caract\u00e9ristiques :     Type : Diaphragme de chambre de frein T12    Mat\u00e9riau : caoutchouc haute r\u00e9sistance renforc\u00e9, r\u00e9sistant \u00e0 l\u2019usure et aux contraintes m\u00e9caniques    Conception conforme aux normes WABCO et MAN    Dimensions et tol\u00e9rances pr\u00e9cises pour un montage direct et s\u00fbr   Installation :Remplacement direct du diaphragme us\u00e9 dans la chambre de frein T12 \u2013 respecter les consignes de montage constructeur.\" \/>\n<meta property=\"og:url\" content=\"https:\/\/trakesh.com\/ar\/notre-boutique\/man\/diaphrahme-t12-wabco\/\" \/>\n<meta property=\"og:site_name\" content=\"TRAKECH PARTS\" \/>\n<meta property=\"article:publisher\" content=\"https:\/\/web.facebook.com\/trakechparts\/?locale=fr_FR\" \/>\n<meta property=\"article:modified_time\" content=\"2025-11-05T17:31:06+00:00\" \/>\n<meta property=\"og:image\" content=\"https:\/\/trakesh.com\/wp-content\/uploads\/2025\/02\/MA-2025-11-05T182510.491.png\" \/>\n\t<meta property=\"og:image:width\" content=\"800\" \/>\n\t<meta property=\"og:image:height\" content=\"800\" \/>\n\t<meta property=\"og:image:type\" content=\"image\/png\" \/>\n<meta name=\"twitter:card\" content=\"summary_large_image\" \/>\n<meta name=\"twitter:label1\" content=\"\u0648\u0642\u062a \u0627\u0644\u0642\u0631\u0627\u0621\u0629 \u0627\u0644\u0645\u064f\u0642\u062f\u0651\u0631\" \/>\n\t<meta name=\"twitter:data1\" content=\"\u062f\u0642\u064a\u0642\u0629 \u0648\u0627\u062d\u062f\u0629\" \/>\n<script type=\"application\/ld+json\" class=\"yoast-schema-graph\">{\"@context\":\"https:\/\/schema.org\",\"@graph\":[{\"@type\":\"WebPage\",\"@id\":\"https:\/\/trakesh.com\/notre-boutique\/man\/diaphrahme-t12-wabco\/\",\"url\":\"https:\/\/trakesh.com\/notre-boutique\/man\/diaphrahme-t12-wabco\/\",\"name\":\"R\u00e9f. : DIAPHRAGME T12 - TRAKECH PARTS\",\"isPartOf\":{\"@id\":\"https:\/\/trakesh.com\/#website\"},\"primaryImageOfPage\":{\"@id\":\"https:\/\/trakesh.com\/notre-boutique\/man\/diaphrahme-t12-wabco\/#primaryimage\"},\"image\":{\"@id\":\"https:\/\/trakesh.com\/notre-boutique\/man\/diaphrahme-t12-wabco\/#primaryimage\"},\"thumbnailUrl\":\"https:\/\/trakesh.com\/wp-content\/uploads\/2025\/02\/MA-2025-11-05T182510.491.png\",\"datePublished\":\"2025-02-06T16:30:45+00:00\",\"dateModified\":\"2025-11-05T17:31:06+00:00\",\"breadcrumb\":{\"@id\":\"https:\/\/trakesh.com\/notre-boutique\/man\/diaphrahme-t12-wabco\/#breadcrumb\"},\"inLanguage\":\"ar\",\"potentialAction\":[{\"@type\":\"ReadAction\",\"target\":[\"https:\/\/trakesh.com\/notre-boutique\/man\/diaphrahme-t12-wabco\/\"]}]},{\"@type\":\"ImageObject\",\"inLanguage\":\"ar\",\"@id\":\"https:\/\/trakesh.com\/notre-boutique\/man\/diaphrahme-t12-wabco\/#primaryimage\",\"url\":\"https:\/\/trakesh.com\/wp-content\/uploads\/2025\/02\/MA-2025-11-05T182510.491.png\",\"contentUrl\":\"https:\/\/trakesh.com\/wp-content\/uploads\/2025\/02\/MA-2025-11-05T182510.491.png\",\"width\":800,\"height\":800},{\"@type\":\"BreadcrumbList\",\"@id\":\"https:\/\/trakesh.com\/notre-boutique\/man\/diaphrahme-t12-wabco\/#breadcrumb\",\"itemListElement\":[{\"@type\":\"ListItem\",\"position\":1,\"name\":\"Home\",\"item\":\"https:\/\/trakesh.com\/\"},{\"@type\":\"ListItem\",\"position\":2,\"name\":\"Notre Boutique\",\"item\":\"https:\/\/trakesh.com\/notre-boutique\/\"},{\"@type\":\"ListItem\",\"position\":3,\"name\":\"R\u00e9f. : DIAPHRAGME T12\"}]},{\"@type\":\"WebSite\",\"@id\":\"https:\/\/trakesh.com\/#website\",\"url\":\"https:\/\/trakesh.com\/\",\"name\":\"TRAKECH PARTS\",\"description\":\"Pi\u00e8ces de rechange pour camions MAN, moteurs CATERPILLAR et PERKINS \u2013 Maroc\",\"publisher\":{\"@id\":\"https:\/\/trakesh.com\/#organization\"},\"potentialAction\":[{\"@type\":\"SearchAction\",\"target\":{\"@type\":\"EntryPoint\",\"urlTemplate\":\"https:\/\/trakesh.com\/?s={search_term_string}\"},\"query-input\":{\"@type\":\"PropertyValueSpecification\",\"valueRequired\":true,\"valueName\":\"search_term_string\"}}],\"inLanguage\":\"ar\"},{\"@type\":\"Organization\",\"@id\":\"https:\/\/trakesh.com\/#organization\",\"name\":\"TRAKECH PARTS\",\"url\":\"https:\/\/trakesh.com\/\",\"logo\":{\"@type\":\"ImageObject\",\"inLanguage\":\"ar\",\"@id\":\"https:\/\/trakesh.com\/#\/schema\/logo\/image\/\",\"url\":\"https:\/\/trakesh.com\/wp-content\/uploads\/2025\/05\/cropped-cropped-cropped-cropped-cropped-cropped-cropped-trakesh-removebg-preview-1.png\",\"contentUrl\":\"https:\/\/trakesh.com\/wp-content\/uploads\/2025\/05\/cropped-cropped-cropped-cropped-cropped-cropped-cropped-trakesh-removebg-preview-1.png\",\"width\":342,\"height\":96,\"caption\":\"TRAKECH PARTS\"},\"image\":{\"@id\":\"https:\/\/trakesh.com\/#\/schema\/logo\/image\/\"},\"sameAs\":[\"https:\/\/web.facebook.com\/trakechparts\/?locale=fr_FR\",\"https:\/\/www.instagram.com\/trakech_parts\/\"]}]}<\/script>\n<!-- \/ Yoast SEO plugin. -->","yoast_head_json":{"title":"R\u00e9f. : DIAPHRAGME T12 - TRAKECH PARTS","robots":{"index":"index","follow":"follow","max-snippet":"max-snippet:-1","max-image-preview":"max-image-preview:large","max-video-preview":"max-video-preview:-1"},"canonical":"https:\/\/trakesh.com\/ar\/notre-boutique\/man\/diaphrahme-t12-wabco\/","og_locale":"ar_AR","og_type":"article","og_title":"R\u00e9f. : DIAPHRAGME T12 - TRAKECH PARTS","og_description":"Diaphragme de frein Compatible avec :     V\u00e9hicules MAN \u00e9quip\u00e9s de chambres de frein pneumatiques WABCO type T12    Utilisation sur camions, bus et v\u00e9hicules industriels selon sp\u00e9cifications constructeur   Fonction :     Convertir la pression d\u2019air comprim\u00e9 en force m\u00e9canique pour actionner le syst\u00e8me de freinage    Assurer une r\u00e9ponse rapide et fiable du frein de service    Maintenir la s\u00e9curit\u00e9 et l\u2019efficacit\u00e9 du freinage dans toutes les conditions   Caract\u00e9ristiques :     Type : Diaphragme de chambre de frein T12    Mat\u00e9riau : caoutchouc haute r\u00e9sistance renforc\u00e9, r\u00e9sistant \u00e0 l\u2019usure et aux contraintes m\u00e9caniques    Conception conforme aux normes WABCO et MAN    Dimensions et tol\u00e9rances pr\u00e9cises pour un montage direct et s\u00fbr   Installation :Remplacement direct du diaphragme us\u00e9 dans la chambre de frein T12 \u2013 respecter les consignes de montage constructeur.","og_url":"https:\/\/trakesh.com\/ar\/notre-boutique\/man\/diaphrahme-t12-wabco\/","og_site_name":"TRAKECH PARTS","article_publisher":"https:\/\/web.facebook.com\/trakechparts\/?locale=fr_FR","article_modified_time":"2025-11-05T17:31:06+00:00","og_image":[{"width":800,"height":800,"url":"https:\/\/trakesh.com\/wp-content\/uploads\/2025\/02\/MA-2025-11-05T182510.491.png","type":"image\/png"}],"twitter_card":"summary_large_image","twitter_misc":{"\u0648\u0642\u062a \u0627\u0644\u0642\u0631\u0627\u0621\u0629 \u0627\u0644\u0645\u064f\u0642\u062f\u0651\u0631":"\u062f\u0642\u064a\u0642\u0629 \u0648\u0627\u062d\u062f\u0629"},"schema":{"@context":"https:\/\/schema.org","@graph":[{"@type":"WebPage","@id":"https:\/\/trakesh.com\/notre-boutique\/man\/diaphrahme-t12-wabco\/","url":"https:\/\/trakesh.com\/notre-boutique\/man\/diaphrahme-t12-wabco\/","name":"R\u00e9f. : DIAPHRAGME T12 - TRAKECH PARTS","isPartOf":{"@id":"https:\/\/trakesh.com\/#website"},"primaryImageOfPage":{"@id":"https:\/\/trakesh.com\/notre-boutique\/man\/diaphrahme-t12-wabco\/#primaryimage"},"image":{"@id":"https:\/\/trakesh.com\/notre-boutique\/man\/diaphrahme-t12-wabco\/#primaryimage"},"thumbnailUrl":"https:\/\/trakesh.com\/wp-content\/uploads\/2025\/02\/MA-2025-11-05T182510.491.png","datePublished":"2025-02-06T16:30:45+00:00","dateModified":"2025-11-05T17:31:06+00:00","breadcrumb":{"@id":"https:\/\/trakesh.com\/notre-boutique\/man\/diaphrahme-t12-wabco\/#breadcrumb"},"inLanguage":"ar","potentialAction":[{"@type":"ReadAction","target":["https:\/\/trakesh.com\/notre-boutique\/man\/diaphrahme-t12-wabco\/"]}]},{"@type":"ImageObject","inLanguage":"ar","@id":"https:\/\/trakesh.com\/notre-boutique\/man\/diaphrahme-t12-wabco\/#primaryimage","url":"https:\/\/trakesh.com\/wp-content\/uploads\/2025\/02\/MA-2025-11-05T182510.491.png","contentUrl":"https:\/\/trakesh.com\/wp-content\/uploads\/2025\/02\/MA-2025-11-05T182510.491.png","width":800,"height":800},{"@type":"BreadcrumbList","@id":"https:\/\/trakesh.com\/notre-boutique\/man\/diaphrahme-t12-wabco\/#breadcrumb","itemListElement":[{"@type":"ListItem","position":1,"name":"Home","item":"https:\/\/trakesh.com\/"},{"@type":"ListItem","position":2,"name":"Notre Boutique","item":"https:\/\/trakesh.com\/notre-boutique\/"},{"@type":"ListItem","position":3,"name":"R\u00e9f. : DIAPHRAGME T12"}]},{"@type":"WebSite","@id":"https:\/\/trakesh.com\/#website","url":"https:\/\/trakesh.com\/","name":"TRAKECH PARTS","description":"Pi\u00e8ces de rechange pour camions MAN, moteurs CATERPILLAR et PERKINS \u2013 Maroc","publisher":{"@id":"https:\/\/trakesh.com\/#organization"},"potentialAction":[{"@type":"SearchAction","target":{"@type":"EntryPoint","urlTemplate":"https:\/\/trakesh.com\/?s={search_term_string}"},"query-input":{"@type":"PropertyValueSpecification","valueRequired":true,"valueName":"search_term_string"}}],"inLanguage":"ar"},{"@type":"Organization","@id":"https:\/\/trakesh.com\/#organization","name":"TRAKECH PARTS","url":"https:\/\/trakesh.com\/","logo":{"@type":"ImageObject","inLanguage":"ar","@id":"https:\/\/trakesh.com\/#\/schema\/logo\/image\/","url":"https:\/\/trakesh.com\/wp-content\/uploads\/2025\/05\/cropped-cropped-cropped-cropped-cropped-cropped-cropped-trakesh-removebg-preview-1.png","contentUrl":"https:\/\/trakesh.com\/wp-content\/uploads\/2025\/05\/cropped-cropped-cropped-cropped-cropped-cropped-cropped-trakesh-removebg-preview-1.png","width":342,"height":96,"caption":"TRAKECH PARTS"},"image":{"@id":"https:\/\/trakesh.com\/#\/schema\/logo\/image\/"},"sameAs":["https:\/\/web.facebook.com\/trakechparts\/?locale=fr_FR","https:\/\/www.instagram.com\/trakech_parts\/"]}]}},"_links":{"self":[{"href":"https:\/\/trakesh.com\/ar\/wp-json\/wp\/v2\/product\/4559","targetHints":{"allow":["GET"]}}],"collection":[{"href":"https:\/\/trakesh.com\/ar\/wp-json\/wp\/v2\/product"}],"about":[{"href":"https:\/\/trakesh.com\/ar\/wp-json\/wp\/v2\/types\/product"}],"replies":[{"embeddable":true,"href":"https:\/\/trakesh.com\/ar\/wp-json\/wp\/v2\/comments?post=4559"}],"wp:featuredmedia":[{"embeddable":true,"href":"https:\/\/trakesh.com\/ar\/wp-json\/wp\/v2\/media\/9633"}],"wp:attachment":[{"href":"https:\/\/trakesh.com\/ar\/wp-json\/wp\/v2\/media?parent=4559"}],"wp:term":[{"taxonomy":"product_brand","embeddable":true,"href":"https:\/\/trakesh.com\/ar\/wp-json\/wp\/v2\/product_brand?post=4559"},{"taxonomy":"product_cat","embeddable":true,"href":"https:\/\/trakesh.com\/ar\/wp-json\/wp\/v2\/product_cat?post=4559"},{"taxonomy":"product_tag","embeddable":true,"href":"https:\/\/trakesh.com\/ar\/wp-json\/wp\/v2\/product_tag?post=4559"}],"curies":[{"name":"wp","href":"https:\/\/api.w.org\/{rel}","templated":true}]}}