{"id":4562,"date":"2025-02-06T16:36:15","date_gmt":"2025-02-06T16:36:15","guid":{"rendered":"https:\/\/trakesh.com\/?post_type=product&#038;p=4562"},"modified":"2025-11-05T18:30:13","modified_gmt":"2025-11-05T17:30:13","slug":"diaphrahme-t27-wabco","status":"publish","type":"product","link":"https:\/\/trakesh.com\/ar\/notre-boutique\/man\/diaphrahme-t27-wabco\/","title":{"rendered":"R\u00e9f. : DIAPHRAGME T27"},"content":{"rendered":"<p data-start=\"1116\" data-end=\"1468\"><strong>Description :<\/strong><br data-start=\"1136\" data-end=\"1139\" \/><strong>Le diaphragme T27 WABCO pour MAN est une pi\u00e8ce cl\u00e9 des chambres de frein pneumatiques. Sa mission est de convertir la pression d\u2019air en force m\u00e9canique pour activer le syst\u00e8me de freinage. Sa conception renforc\u00e9e lui conf\u00e8re une durabilit\u00e9 \u00e9lev\u00e9e et une performance constante, contribuant \u00e0 la s\u00e9curit\u00e9 globale du v\u00e9hicule.<\/strong><\/p>","protected":false},"excerpt":{"rendered":"<p><strong>Diaphragme de frein<\/strong><\/p>\n<p data-start=\"149\" data-end=\"174\"><strong data-start=\"151\" data-end=\"172\">Compatible avec :<\/strong><\/p>\n<ul data-start=\"175\" data-end=\"344\">\n<li data-start=\"175\" data-end=\"257\">\n<p data-start=\"177\" data-end=\"257\">V\u00e9hicules <strong data-start=\"187\" data-end=\"194\">MAN<\/strong> \u00e9quip\u00e9s de chambres de frein pneumatiques WABCO type <strong data-start=\"248\" data-end=\"255\">T27<\/strong><\/p>\n<\/li>\n<li data-start=\"258\" data-end=\"344\">\n<p data-start=\"260\" data-end=\"344\">Utilisation sur camions, bus et poids lourds selon les sp\u00e9cifications constructeur<\/p>\n<\/li>\n<\/ul>\n<p data-start=\"346\" data-end=\"365\"><strong data-start=\"349\" data-end=\"363\">Fonction :<\/strong><\/p>\n<ul data-start=\"366\" data-end=\"618\">\n<li data-start=\"366\" data-end=\"464\">\n<p data-start=\"368\" data-end=\"464\">Transformer la pression d\u2019air comprim\u00e9 en force m\u00e9canique pour actionner les freins de service<\/p>\n<\/li>\n<li data-start=\"465\" data-end=\"518\">\n<p data-start=\"467\" data-end=\"518\">Garantir une r\u00e9ponse rapide et stable du freinage<\/p>\n<\/li>\n<li data-start=\"519\" data-end=\"618\">\n<p data-start=\"521\" data-end=\"618\">Maintenir l\u2019efficacit\u00e9 et la s\u00e9curit\u00e9 du syst\u00e8me de freinage, m\u00eame dans des conditions extr\u00eames<\/p>\n<\/li>\n<\/ul>\n<p data-start=\"620\" data-end=\"646\"><strong data-start=\"622\" data-end=\"644\">Caract\u00e9ristiques :<\/strong><\/p>\n<ul data-start=\"647\" data-end=\"941\">\n<li data-start=\"647\" data-end=\"696\">\n<p data-start=\"649\" data-end=\"696\">Type : <strong data-start=\"656\" data-end=\"694\">Diaphragme de chambre de frein T27<\/strong><\/p>\n<\/li>\n<li data-start=\"697\" data-end=\"812\">\n<p data-start=\"699\" data-end=\"812\">Mat\u00e9riau : caoutchouc technique renforc\u00e9, r\u00e9sistant aux hautes pressions, \u00e0 l\u2019usure et aux temp\u00e9ratures \u00e9lev\u00e9es<\/p>\n<\/li>\n<li data-start=\"813\" data-end=\"879\">\n<p data-start=\"815\" data-end=\"879\">Conception robuste et conforme aux normes <strong data-start=\"857\" data-end=\"866\">WABCO<\/strong> et <strong data-start=\"870\" data-end=\"877\">MAN<\/strong><\/p>\n<\/li>\n<li data-start=\"880\" data-end=\"941\">\n<p data-start=\"882\" data-end=\"941\">Dimensions pr\u00e9cises pour un remplacement direct et fiable<\/p>\n<\/li>\n<\/ul>\n<p data-start=\"943\" data-end=\"1114\"><strong data-start=\"946\" data-end=\"964\">Installation :<\/strong><br data-start=\"964\" data-end=\"967\" \/>Montage direct dans la chambre de frein T27 \u2013 suivre les recommandations constructeur pour garantir une \u00e9tanch\u00e9it\u00e9 et un fonctionnement optimaux.<\/p>\n<p data-start=\"1116\" data-end=\"1468\">","protected":false},"featured_media":9633,"comment_status":"open","ping_status":"closed","template":"","meta":[],"product_brand":[77],"product_cat":[76],"product_tag":[93,92],"class_list":{"0":"post-4562","1":"product","2":"type-product","3":"status-publish","4":"has-post-thumbnail","6":"product_brand-wbc","7":"product_cat-man","8":"product_tag-air","9":"product_tag-frein","10":"pa_constructeur-man","11":"pa_modele-t27wb","12":"pa_typedepiece-systeme-de-freinage","14":"first","15":"instock","16":"sale","17":"shipping-taxable","18":"purchasable","19":"product-type-simple"},"yoast_head":"<!-- This site is optimized with the Yoast SEO plugin v25.5 - https:\/\/yoast.com\/wordpress\/plugins\/seo\/ -->\n<title>R\u00e9f. : DIAPHRAGME T27 - TRAKECH PARTS<\/title>\n<meta name=\"robots\" content=\"index, follow, max-snippet:-1, max-image-preview:large, max-video-preview:-1\" \/>\n<link rel=\"canonical\" href=\"https:\/\/trakesh.com\/ar\/notre-boutique\/man\/diaphrahme-t27-wabco\/\" \/>\n<meta property=\"og:locale\" content=\"ar_AR\" \/>\n<meta property=\"og:type\" content=\"article\" \/>\n<meta property=\"og:title\" content=\"R\u00e9f. : DIAPHRAGME T27 - TRAKECH PARTS\" \/>\n<meta property=\"og:description\" content=\"Diaphragme de frein Compatible avec :     V\u00e9hicules MAN \u00e9quip\u00e9s de chambres de frein pneumatiques WABCO type T27    Utilisation sur camions, bus et poids lourds selon les sp\u00e9cifications constructeur   Fonction :     Transformer la pression d\u2019air comprim\u00e9 en force m\u00e9canique pour actionner les freins de service    Garantir une r\u00e9ponse rapide et stable du freinage    Maintenir l\u2019efficacit\u00e9 et la s\u00e9curit\u00e9 du syst\u00e8me de freinage, m\u00eame dans des conditions extr\u00eames   Caract\u00e9ristiques :     Type : Diaphragme de chambre de frein T27    Mat\u00e9riau : caoutchouc technique renforc\u00e9, r\u00e9sistant aux hautes pressions, \u00e0 l\u2019usure et aux temp\u00e9ratures \u00e9lev\u00e9es    Conception robuste et conforme aux normes WABCO et MAN    Dimensions pr\u00e9cises pour un remplacement direct et fiable   Installation :Montage direct dans la chambre de frein T27 \u2013 suivre les recommandations constructeur pour garantir une \u00e9tanch\u00e9it\u00e9 et un fonctionnement optimaux.\" \/>\n<meta property=\"og:url\" content=\"https:\/\/trakesh.com\/ar\/notre-boutique\/man\/diaphrahme-t27-wabco\/\" \/>\n<meta property=\"og:site_name\" content=\"TRAKECH PARTS\" \/>\n<meta property=\"article:publisher\" content=\"https:\/\/web.facebook.com\/trakechparts\/?locale=fr_FR\" \/>\n<meta property=\"article:modified_time\" content=\"2025-11-05T17:30:13+00:00\" \/>\n<meta property=\"og:image\" content=\"https:\/\/trakesh.com\/wp-content\/uploads\/2025\/02\/MA-2025-11-05T182510.491.png\" \/>\n\t<meta property=\"og:image:width\" content=\"800\" \/>\n\t<meta property=\"og:image:height\" content=\"800\" \/>\n\t<meta property=\"og:image:type\" content=\"image\/png\" \/>\n<meta name=\"twitter:card\" content=\"summary_large_image\" \/>\n<meta name=\"twitter:label1\" content=\"\u0648\u0642\u062a \u0627\u0644\u0642\u0631\u0627\u0621\u0629 \u0627\u0644\u0645\u064f\u0642\u062f\u0651\u0631\" \/>\n\t<meta name=\"twitter:data1\" content=\"\u062f\u0642\u064a\u0642\u0629 \u0648\u0627\u062d\u062f\u0629\" \/>\n<script type=\"application\/ld+json\" class=\"yoast-schema-graph\">{\"@context\":\"https:\/\/schema.org\",\"@graph\":[{\"@type\":\"WebPage\",\"@id\":\"https:\/\/trakesh.com\/notre-boutique\/man\/diaphrahme-t27-wabco\/\",\"url\":\"https:\/\/trakesh.com\/notre-boutique\/man\/diaphrahme-t27-wabco\/\",\"name\":\"R\u00e9f. : DIAPHRAGME T27 - TRAKECH PARTS\",\"isPartOf\":{\"@id\":\"https:\/\/trakesh.com\/#website\"},\"primaryImageOfPage\":{\"@id\":\"https:\/\/trakesh.com\/notre-boutique\/man\/diaphrahme-t27-wabco\/#primaryimage\"},\"image\":{\"@id\":\"https:\/\/trakesh.com\/notre-boutique\/man\/diaphrahme-t27-wabco\/#primaryimage\"},\"thumbnailUrl\":\"https:\/\/trakesh.com\/wp-content\/uploads\/2025\/02\/MA-2025-11-05T182510.491.png\",\"datePublished\":\"2025-02-06T16:36:15+00:00\",\"dateModified\":\"2025-11-05T17:30:13+00:00\",\"breadcrumb\":{\"@id\":\"https:\/\/trakesh.com\/notre-boutique\/man\/diaphrahme-t27-wabco\/#breadcrumb\"},\"inLanguage\":\"ar\",\"potentialAction\":[{\"@type\":\"ReadAction\",\"target\":[\"https:\/\/trakesh.com\/notre-boutique\/man\/diaphrahme-t27-wabco\/\"]}]},{\"@type\":\"ImageObject\",\"inLanguage\":\"ar\",\"@id\":\"https:\/\/trakesh.com\/notre-boutique\/man\/diaphrahme-t27-wabco\/#primaryimage\",\"url\":\"https:\/\/trakesh.com\/wp-content\/uploads\/2025\/02\/MA-2025-11-05T182510.491.png\",\"contentUrl\":\"https:\/\/trakesh.com\/wp-content\/uploads\/2025\/02\/MA-2025-11-05T182510.491.png\",\"width\":800,\"height\":800},{\"@type\":\"BreadcrumbList\",\"@id\":\"https:\/\/trakesh.com\/notre-boutique\/man\/diaphrahme-t27-wabco\/#breadcrumb\",\"itemListElement\":[{\"@type\":\"ListItem\",\"position\":1,\"name\":\"Home\",\"item\":\"https:\/\/trakesh.com\/\"},{\"@type\":\"ListItem\",\"position\":2,\"name\":\"Notre Boutique\",\"item\":\"https:\/\/trakesh.com\/notre-boutique\/\"},{\"@type\":\"ListItem\",\"position\":3,\"name\":\"R\u00e9f. : DIAPHRAGME T27\"}]},{\"@type\":\"WebSite\",\"@id\":\"https:\/\/trakesh.com\/#website\",\"url\":\"https:\/\/trakesh.com\/\",\"name\":\"TRAKECH PARTS\",\"description\":\"Pi\u00e8ces de rechange pour camions MAN, moteurs CATERPILLAR et PERKINS \u2013 Maroc\",\"publisher\":{\"@id\":\"https:\/\/trakesh.com\/#organization\"},\"potentialAction\":[{\"@type\":\"SearchAction\",\"target\":{\"@type\":\"EntryPoint\",\"urlTemplate\":\"https:\/\/trakesh.com\/?s={search_term_string}\"},\"query-input\":{\"@type\":\"PropertyValueSpecification\",\"valueRequired\":true,\"valueName\":\"search_term_string\"}}],\"inLanguage\":\"ar\"},{\"@type\":\"Organization\",\"@id\":\"https:\/\/trakesh.com\/#organization\",\"name\":\"TRAKECH PARTS\",\"url\":\"https:\/\/trakesh.com\/\",\"logo\":{\"@type\":\"ImageObject\",\"inLanguage\":\"ar\",\"@id\":\"https:\/\/trakesh.com\/#\/schema\/logo\/image\/\",\"url\":\"https:\/\/trakesh.com\/wp-content\/uploads\/2025\/05\/cropped-cropped-cropped-cropped-cropped-cropped-cropped-trakesh-removebg-preview-1.png\",\"contentUrl\":\"https:\/\/trakesh.com\/wp-content\/uploads\/2025\/05\/cropped-cropped-cropped-cropped-cropped-cropped-cropped-trakesh-removebg-preview-1.png\",\"width\":342,\"height\":96,\"caption\":\"TRAKECH PARTS\"},\"image\":{\"@id\":\"https:\/\/trakesh.com\/#\/schema\/logo\/image\/\"},\"sameAs\":[\"https:\/\/web.facebook.com\/trakechparts\/?locale=fr_FR\",\"https:\/\/www.instagram.com\/trakech_parts\/\"]}]}<\/script>\n<!-- \/ Yoast SEO plugin. -->","yoast_head_json":{"title":"R\u00e9f. : DIAPHRAGME T27 - TRAKECH PARTS","robots":{"index":"index","follow":"follow","max-snippet":"max-snippet:-1","max-image-preview":"max-image-preview:large","max-video-preview":"max-video-preview:-1"},"canonical":"https:\/\/trakesh.com\/ar\/notre-boutique\/man\/diaphrahme-t27-wabco\/","og_locale":"ar_AR","og_type":"article","og_title":"R\u00e9f. : DIAPHRAGME T27 - TRAKECH PARTS","og_description":"Diaphragme de frein Compatible avec :     V\u00e9hicules MAN \u00e9quip\u00e9s de chambres de frein pneumatiques WABCO type T27    Utilisation sur camions, bus et poids lourds selon les sp\u00e9cifications constructeur   Fonction :     Transformer la pression d\u2019air comprim\u00e9 en force m\u00e9canique pour actionner les freins de service    Garantir une r\u00e9ponse rapide et stable du freinage    Maintenir l\u2019efficacit\u00e9 et la s\u00e9curit\u00e9 du syst\u00e8me de freinage, m\u00eame dans des conditions extr\u00eames   Caract\u00e9ristiques :     Type : Diaphragme de chambre de frein T27    Mat\u00e9riau : caoutchouc technique renforc\u00e9, r\u00e9sistant aux hautes pressions, \u00e0 l\u2019usure et aux temp\u00e9ratures \u00e9lev\u00e9es    Conception robuste et conforme aux normes WABCO et MAN    Dimensions pr\u00e9cises pour un remplacement direct et fiable   Installation :Montage direct dans la chambre de frein T27 \u2013 suivre les recommandations constructeur pour garantir une \u00e9tanch\u00e9it\u00e9 et un fonctionnement optimaux.","og_url":"https:\/\/trakesh.com\/ar\/notre-boutique\/man\/diaphrahme-t27-wabco\/","og_site_name":"TRAKECH PARTS","article_publisher":"https:\/\/web.facebook.com\/trakechparts\/?locale=fr_FR","article_modified_time":"2025-11-05T17:30:13+00:00","og_image":[{"width":800,"height":800,"url":"https:\/\/trakesh.com\/wp-content\/uploads\/2025\/02\/MA-2025-11-05T182510.491.png","type":"image\/png"}],"twitter_card":"summary_large_image","twitter_misc":{"\u0648\u0642\u062a \u0627\u0644\u0642\u0631\u0627\u0621\u0629 \u0627\u0644\u0645\u064f\u0642\u062f\u0651\u0631":"\u062f\u0642\u064a\u0642\u0629 \u0648\u0627\u062d\u062f\u0629"},"schema":{"@context":"https:\/\/schema.org","@graph":[{"@type":"WebPage","@id":"https:\/\/trakesh.com\/notre-boutique\/man\/diaphrahme-t27-wabco\/","url":"https:\/\/trakesh.com\/notre-boutique\/man\/diaphrahme-t27-wabco\/","name":"R\u00e9f. : DIAPHRAGME T27 - TRAKECH PARTS","isPartOf":{"@id":"https:\/\/trakesh.com\/#website"},"primaryImageOfPage":{"@id":"https:\/\/trakesh.com\/notre-boutique\/man\/diaphrahme-t27-wabco\/#primaryimage"},"image":{"@id":"https:\/\/trakesh.com\/notre-boutique\/man\/diaphrahme-t27-wabco\/#primaryimage"},"thumbnailUrl":"https:\/\/trakesh.com\/wp-content\/uploads\/2025\/02\/MA-2025-11-05T182510.491.png","datePublished":"2025-02-06T16:36:15+00:00","dateModified":"2025-11-05T17:30:13+00:00","breadcrumb":{"@id":"https:\/\/trakesh.com\/notre-boutique\/man\/diaphrahme-t27-wabco\/#breadcrumb"},"inLanguage":"ar","potentialAction":[{"@type":"ReadAction","target":["https:\/\/trakesh.com\/notre-boutique\/man\/diaphrahme-t27-wabco\/"]}]},{"@type":"ImageObject","inLanguage":"ar","@id":"https:\/\/trakesh.com\/notre-boutique\/man\/diaphrahme-t27-wabco\/#primaryimage","url":"https:\/\/trakesh.com\/wp-content\/uploads\/2025\/02\/MA-2025-11-05T182510.491.png","contentUrl":"https:\/\/trakesh.com\/wp-content\/uploads\/2025\/02\/MA-2025-11-05T182510.491.png","width":800,"height":800},{"@type":"BreadcrumbList","@id":"https:\/\/trakesh.com\/notre-boutique\/man\/diaphrahme-t27-wabco\/#breadcrumb","itemListElement":[{"@type":"ListItem","position":1,"name":"Home","item":"https:\/\/trakesh.com\/"},{"@type":"ListItem","position":2,"name":"Notre Boutique","item":"https:\/\/trakesh.com\/notre-boutique\/"},{"@type":"ListItem","position":3,"name":"R\u00e9f. : DIAPHRAGME T27"}]},{"@type":"WebSite","@id":"https:\/\/trakesh.com\/#website","url":"https:\/\/trakesh.com\/","name":"TRAKECH PARTS","description":"Pi\u00e8ces de rechange pour camions MAN, moteurs CATERPILLAR et PERKINS \u2013 Maroc","publisher":{"@id":"https:\/\/trakesh.com\/#organization"},"potentialAction":[{"@type":"SearchAction","target":{"@type":"EntryPoint","urlTemplate":"https:\/\/trakesh.com\/?s={search_term_string}"},"query-input":{"@type":"PropertyValueSpecification","valueRequired":true,"valueName":"search_term_string"}}],"inLanguage":"ar"},{"@type":"Organization","@id":"https:\/\/trakesh.com\/#organization","name":"TRAKECH PARTS","url":"https:\/\/trakesh.com\/","logo":{"@type":"ImageObject","inLanguage":"ar","@id":"https:\/\/trakesh.com\/#\/schema\/logo\/image\/","url":"https:\/\/trakesh.com\/wp-content\/uploads\/2025\/05\/cropped-cropped-cropped-cropped-cropped-cropped-cropped-trakesh-removebg-preview-1.png","contentUrl":"https:\/\/trakesh.com\/wp-content\/uploads\/2025\/05\/cropped-cropped-cropped-cropped-cropped-cropped-cropped-trakesh-removebg-preview-1.png","width":342,"height":96,"caption":"TRAKECH PARTS"},"image":{"@id":"https:\/\/trakesh.com\/#\/schema\/logo\/image\/"},"sameAs":["https:\/\/web.facebook.com\/trakechparts\/?locale=fr_FR","https:\/\/www.instagram.com\/trakech_parts\/"]}]}},"_links":{"self":[{"href":"https:\/\/trakesh.com\/ar\/wp-json\/wp\/v2\/product\/4562","targetHints":{"allow":["GET"]}}],"collection":[{"href":"https:\/\/trakesh.com\/ar\/wp-json\/wp\/v2\/product"}],"about":[{"href":"https:\/\/trakesh.com\/ar\/wp-json\/wp\/v2\/types\/product"}],"replies":[{"embeddable":true,"href":"https:\/\/trakesh.com\/ar\/wp-json\/wp\/v2\/comments?post=4562"}],"wp:featuredmedia":[{"embeddable":true,"href":"https:\/\/trakesh.com\/ar\/wp-json\/wp\/v2\/media\/9633"}],"wp:attachment":[{"href":"https:\/\/trakesh.com\/ar\/wp-json\/wp\/v2\/media?parent=4562"}],"wp:term":[{"taxonomy":"product_brand","embeddable":true,"href":"https:\/\/trakesh.com\/ar\/wp-json\/wp\/v2\/product_brand?post=4562"},{"taxonomy":"product_cat","embeddable":true,"href":"https:\/\/trakesh.com\/ar\/wp-json\/wp\/v2\/product_cat?post=4562"},{"taxonomy":"product_tag","embeddable":true,"href":"https:\/\/trakesh.com\/ar\/wp-json\/wp\/v2\/product_tag?post=4562"}],"curies":[{"name":"wp","href":"https:\/\/api.w.org\/{rel}","templated":true}]}}