{"id":4612,"date":"2025-02-10T12:44:02","date_gmt":"2025-02-10T12:44:02","guid":{"rendered":"https:\/\/trakesh.com\/?post_type=product&#038;p=4612"},"modified":"2025-11-05T18:18:28","modified_gmt":"2025-11-05T17:18:28","slug":"valve-pression-man-0928400627","status":"publish","type":"product","link":"https:\/\/trakesh.com\/ar\/notre-boutique\/man\/valve-pression-man-0928400627\/","title":{"rendered":"R\u00e9f. : 0928400627"},"content":{"rendered":"<p><strong>Description :<\/strong><br data-start=\"1119\" data-end=\"1122\" \/><strong>La valve de pression BOSCH 0928400627 pour moteurs MAN est un composant cl\u00e9 du syst\u00e8me Common Rail. Elle r\u00e9gule en continu la pression de carburant dans la rampe, assurant une alimentation stable et pr\u00e9cise pour une combustion optimale. Sa conception robuste garantit fiabilit\u00e9, durabilit\u00e9 et performances maximales du moteur dans toutes les conditions.<\/strong><\/p>","protected":false},"excerpt":{"rendered":"<p><strong>Valve de r\u00e9gulation de pression de carburant<\/strong><\/p>\n<p data-start=\"158\" data-end=\"183\"><strong data-start=\"160\" data-end=\"181\">Compatible avec :<\/strong><\/p>\n<ul data-start=\"184\" data-end=\"375\">\n<li data-start=\"184\" data-end=\"257\">\n<p data-start=\"186\" data-end=\"257\">Moteurs <strong data-start=\"194\" data-end=\"201\">MAN<\/strong> \u00e9quip\u00e9s de syst\u00e8mes d\u2019injection <strong data-start=\"234\" data-end=\"255\">Common Rail BOSCH<\/strong><\/p>\n<\/li>\n<li data-start=\"258\" data-end=\"375\">\n<p data-start=\"260\" data-end=\"375\">Applications : camions, bus et v\u00e9hicules industriels \u00e9quip\u00e9s de moteurs diesel MAN (selon r\u00e9f\u00e9rence constructeur)<\/p>\n<\/li>\n<\/ul>\n<p data-start=\"377\" data-end=\"396\"><strong data-start=\"380\" data-end=\"394\">Fonction :<\/strong><\/p>\n<ul data-start=\"397\" data-end=\"627\">\n<li data-start=\"397\" data-end=\"463\">\n<p data-start=\"399\" data-end=\"463\">R\u00e9guler la <strong data-start=\"410\" data-end=\"435\">pression du carburant<\/strong> dans la rampe d\u2019injection<\/p>\n<\/li>\n<li data-start=\"464\" data-end=\"548\">\n<p data-start=\"466\" data-end=\"548\">Garantir un d\u00e9bit pr\u00e9cis et stable de carburant en fonction de la demande moteur<\/p>\n<\/li>\n<li data-start=\"549\" data-end=\"627\">\n<p data-start=\"551\" data-end=\"627\">Optimiser la combustion, la performance du moteur et r\u00e9duire les \u00e9missions<\/p>\n<\/li>\n<\/ul>\n<p data-start=\"629\" data-end=\"655\"><strong data-start=\"631\" data-end=\"653\">Caract\u00e9ristiques :<\/strong><\/p>\n<ul data-start=\"656\" data-end=\"960\">\n<li data-start=\"656\" data-end=\"681\">\n<p data-start=\"658\" data-end=\"681\">Fabricant : <strong data-start=\"670\" data-end=\"679\">BOSCH<\/strong><\/p>\n<\/li>\n<li data-start=\"682\" data-end=\"747\">\n<p data-start=\"684\" data-end=\"747\">Type : <strong data-start=\"691\" data-end=\"745\">\u00c9lectrovanne de r\u00e9gulation de pression (IMV \/ DRV)<\/strong><\/p>\n<\/li>\n<li data-start=\"748\" data-end=\"814\">\n<p data-start=\"750\" data-end=\"814\">Commande : \u00e9lectrique, pilot\u00e9e par le calculateur moteur (ECU)<\/p>\n<\/li>\n<li data-start=\"815\" data-end=\"898\">\n<p data-start=\"817\" data-end=\"898\">Mat\u00e9riaux : alliage m\u00e9tallique r\u00e9sistant \u00e0 la corrosion et aux hautes pressions<\/p>\n<\/li>\n<li data-start=\"899\" data-end=\"960\">\n<p data-start=\"901\" data-end=\"960\">Haute pr\u00e9cision et fiabilit\u00e9 dans des conditions extr\u00eames<\/p>\n<\/li>\n<\/ul>\n<p data-start=\"962\" data-end=\"1097\"><strong data-start=\"965\" data-end=\"983\">Installation :<\/strong><br data-start=\"983\" data-end=\"986\" \/>Montage direct sur la pompe haute pression, remplacement selon les instructions constructeur <strong data-start=\"1079\" data-end=\"1094\">BOSCH \/ MAN<\/strong>.<\/p>","protected":false},"featured_media":9630,"comment_status":"open","ping_status":"closed","template":"","meta":[],"product_brand":[84],"product_cat":[76],"product_tag":[96],"class_list":{"0":"post-4612","1":"product","2":"type-product","3":"status-publish","4":"has-post-thumbnail","6":"product_brand-bsch","7":"product_cat-man","8":"product_tag-gasoil","9":"pa_constructeur-man","10":"pa_modele-0928400627bs","11":"pa_typedepiece-moteur","13":"first","14":"instock","15":"sale","16":"shipping-taxable","17":"purchasable","18":"product-type-simple"},"yoast_head":"<!-- This site is optimized with the Yoast SEO plugin v25.5 - https:\/\/yoast.com\/wordpress\/plugins\/seo\/ -->\n<title>R\u00e9f. : 0928400627 - TRAKECH PARTS<\/title>\n<meta name=\"robots\" content=\"index, follow, max-snippet:-1, max-image-preview:large, max-video-preview:-1\" \/>\n<link rel=\"canonical\" href=\"https:\/\/trakesh.com\/ar\/notre-boutique\/man\/valve-pression-man-0928400627\/\" \/>\n<meta property=\"og:locale\" content=\"ar_AR\" \/>\n<meta property=\"og:type\" content=\"article\" \/>\n<meta property=\"og:title\" content=\"R\u00e9f. : 0928400627 - TRAKECH PARTS\" \/>\n<meta property=\"og:description\" content=\"Valve de r\u00e9gulation de pression de carburant Compatible avec :     Moteurs MAN \u00e9quip\u00e9s de syst\u00e8mes d\u2019injection Common Rail BOSCH    Applications : camions, bus et v\u00e9hicules industriels \u00e9quip\u00e9s de moteurs diesel MAN (selon r\u00e9f\u00e9rence constructeur)   Fonction :     R\u00e9guler la pression du carburant dans la rampe d\u2019injection    Garantir un d\u00e9bit pr\u00e9cis et stable de carburant en fonction de la demande moteur    Optimiser la combustion, la performance du moteur et r\u00e9duire les \u00e9missions   Caract\u00e9ristiques :     Fabricant : BOSCH    Type : \u00c9lectrovanne de r\u00e9gulation de pression (IMV \/ DRV)    Commande : \u00e9lectrique, pilot\u00e9e par le calculateur moteur (ECU)    Mat\u00e9riaux : alliage m\u00e9tallique r\u00e9sistant \u00e0 la corrosion et aux hautes pressions    Haute pr\u00e9cision et fiabilit\u00e9 dans des conditions extr\u00eames   Installation :Montage direct sur la pompe haute pression, remplacement selon les instructions constructeur BOSCH \/ MAN.\" \/>\n<meta property=\"og:url\" content=\"https:\/\/trakesh.com\/ar\/notre-boutique\/man\/valve-pression-man-0928400627\/\" \/>\n<meta property=\"og:site_name\" content=\"TRAKECH PARTS\" \/>\n<meta property=\"article:publisher\" content=\"https:\/\/web.facebook.com\/trakechparts\/?locale=fr_FR\" \/>\n<meta property=\"article:modified_time\" content=\"2025-11-05T17:18:28+00:00\" \/>\n<meta property=\"og:image\" content=\"https:\/\/trakesh.com\/wp-content\/uploads\/2025\/02\/MA-2025-11-05T181807.035.png\" \/>\n\t<meta property=\"og:image:width\" content=\"800\" \/>\n\t<meta property=\"og:image:height\" content=\"800\" \/>\n\t<meta property=\"og:image:type\" content=\"image\/png\" \/>\n<meta name=\"twitter:card\" content=\"summary_large_image\" \/>\n<meta name=\"twitter:label1\" content=\"\u0648\u0642\u062a \u0627\u0644\u0642\u0631\u0627\u0621\u0629 \u0627\u0644\u0645\u064f\u0642\u062f\u0651\u0631\" \/>\n\t<meta name=\"twitter:data1\" content=\"\u062f\u0642\u064a\u0642\u0629 \u0648\u0627\u062d\u062f\u0629\" \/>\n<script type=\"application\/ld+json\" class=\"yoast-schema-graph\">{\"@context\":\"https:\/\/schema.org\",\"@graph\":[{\"@type\":\"WebPage\",\"@id\":\"https:\/\/trakesh.com\/notre-boutique\/man\/valve-pression-man-0928400627\/\",\"url\":\"https:\/\/trakesh.com\/notre-boutique\/man\/valve-pression-man-0928400627\/\",\"name\":\"R\u00e9f. : 0928400627 - TRAKECH PARTS\",\"isPartOf\":{\"@id\":\"https:\/\/trakesh.com\/#website\"},\"primaryImageOfPage\":{\"@id\":\"https:\/\/trakesh.com\/notre-boutique\/man\/valve-pression-man-0928400627\/#primaryimage\"},\"image\":{\"@id\":\"https:\/\/trakesh.com\/notre-boutique\/man\/valve-pression-man-0928400627\/#primaryimage\"},\"thumbnailUrl\":\"https:\/\/trakesh.com\/wp-content\/uploads\/2025\/02\/MA-2025-11-05T181807.035.png\",\"datePublished\":\"2025-02-10T12:44:02+00:00\",\"dateModified\":\"2025-11-05T17:18:28+00:00\",\"breadcrumb\":{\"@id\":\"https:\/\/trakesh.com\/notre-boutique\/man\/valve-pression-man-0928400627\/#breadcrumb\"},\"inLanguage\":\"ar\",\"potentialAction\":[{\"@type\":\"ReadAction\",\"target\":[\"https:\/\/trakesh.com\/notre-boutique\/man\/valve-pression-man-0928400627\/\"]}]},{\"@type\":\"ImageObject\",\"inLanguage\":\"ar\",\"@id\":\"https:\/\/trakesh.com\/notre-boutique\/man\/valve-pression-man-0928400627\/#primaryimage\",\"url\":\"https:\/\/trakesh.com\/wp-content\/uploads\/2025\/02\/MA-2025-11-05T181807.035.png\",\"contentUrl\":\"https:\/\/trakesh.com\/wp-content\/uploads\/2025\/02\/MA-2025-11-05T181807.035.png\",\"width\":800,\"height\":800},{\"@type\":\"BreadcrumbList\",\"@id\":\"https:\/\/trakesh.com\/notre-boutique\/man\/valve-pression-man-0928400627\/#breadcrumb\",\"itemListElement\":[{\"@type\":\"ListItem\",\"position\":1,\"name\":\"Home\",\"item\":\"https:\/\/trakesh.com\/\"},{\"@type\":\"ListItem\",\"position\":2,\"name\":\"Notre Boutique\",\"item\":\"https:\/\/trakesh.com\/notre-boutique\/\"},{\"@type\":\"ListItem\",\"position\":3,\"name\":\"R\u00e9f. : 0928400627\"}]},{\"@type\":\"WebSite\",\"@id\":\"https:\/\/trakesh.com\/#website\",\"url\":\"https:\/\/trakesh.com\/\",\"name\":\"TRAKECH PARTS\",\"description\":\"Pi\u00e8ces de rechange pour camions MAN, moteurs CATERPILLAR et PERKINS \u2013 Maroc\",\"publisher\":{\"@id\":\"https:\/\/trakesh.com\/#organization\"},\"potentialAction\":[{\"@type\":\"SearchAction\",\"target\":{\"@type\":\"EntryPoint\",\"urlTemplate\":\"https:\/\/trakesh.com\/?s={search_term_string}\"},\"query-input\":{\"@type\":\"PropertyValueSpecification\",\"valueRequired\":true,\"valueName\":\"search_term_string\"}}],\"inLanguage\":\"ar\"},{\"@type\":\"Organization\",\"@id\":\"https:\/\/trakesh.com\/#organization\",\"name\":\"TRAKECH PARTS\",\"url\":\"https:\/\/trakesh.com\/\",\"logo\":{\"@type\":\"ImageObject\",\"inLanguage\":\"ar\",\"@id\":\"https:\/\/trakesh.com\/#\/schema\/logo\/image\/\",\"url\":\"https:\/\/trakesh.com\/wp-content\/uploads\/2025\/05\/cropped-cropped-cropped-cropped-cropped-cropped-cropped-trakesh-removebg-preview-1.png\",\"contentUrl\":\"https:\/\/trakesh.com\/wp-content\/uploads\/2025\/05\/cropped-cropped-cropped-cropped-cropped-cropped-cropped-trakesh-removebg-preview-1.png\",\"width\":342,\"height\":96,\"caption\":\"TRAKECH PARTS\"},\"image\":{\"@id\":\"https:\/\/trakesh.com\/#\/schema\/logo\/image\/\"},\"sameAs\":[\"https:\/\/web.facebook.com\/trakechparts\/?locale=fr_FR\",\"https:\/\/www.instagram.com\/trakech_parts\/\"]}]}<\/script>\n<!-- \/ Yoast SEO plugin. -->","yoast_head_json":{"title":"R\u00e9f. : 0928400627 - TRAKECH PARTS","robots":{"index":"index","follow":"follow","max-snippet":"max-snippet:-1","max-image-preview":"max-image-preview:large","max-video-preview":"max-video-preview:-1"},"canonical":"https:\/\/trakesh.com\/ar\/notre-boutique\/man\/valve-pression-man-0928400627\/","og_locale":"ar_AR","og_type":"article","og_title":"R\u00e9f. : 0928400627 - TRAKECH PARTS","og_description":"Valve de r\u00e9gulation de pression de carburant Compatible avec :     Moteurs MAN \u00e9quip\u00e9s de syst\u00e8mes d\u2019injection Common Rail BOSCH    Applications : camions, bus et v\u00e9hicules industriels \u00e9quip\u00e9s de moteurs diesel MAN (selon r\u00e9f\u00e9rence constructeur)   Fonction :     R\u00e9guler la pression du carburant dans la rampe d\u2019injection    Garantir un d\u00e9bit pr\u00e9cis et stable de carburant en fonction de la demande moteur    Optimiser la combustion, la performance du moteur et r\u00e9duire les \u00e9missions   Caract\u00e9ristiques :     Fabricant : BOSCH    Type : \u00c9lectrovanne de r\u00e9gulation de pression (IMV \/ DRV)    Commande : \u00e9lectrique, pilot\u00e9e par le calculateur moteur (ECU)    Mat\u00e9riaux : alliage m\u00e9tallique r\u00e9sistant \u00e0 la corrosion et aux hautes pressions    Haute pr\u00e9cision et fiabilit\u00e9 dans des conditions extr\u00eames   Installation :Montage direct sur la pompe haute pression, remplacement selon les instructions constructeur BOSCH \/ MAN.","og_url":"https:\/\/trakesh.com\/ar\/notre-boutique\/man\/valve-pression-man-0928400627\/","og_site_name":"TRAKECH PARTS","article_publisher":"https:\/\/web.facebook.com\/trakechparts\/?locale=fr_FR","article_modified_time":"2025-11-05T17:18:28+00:00","og_image":[{"width":800,"height":800,"url":"https:\/\/trakesh.com\/wp-content\/uploads\/2025\/02\/MA-2025-11-05T181807.035.png","type":"image\/png"}],"twitter_card":"summary_large_image","twitter_misc":{"\u0648\u0642\u062a \u0627\u0644\u0642\u0631\u0627\u0621\u0629 \u0627\u0644\u0645\u064f\u0642\u062f\u0651\u0631":"\u062f\u0642\u064a\u0642\u0629 \u0648\u0627\u062d\u062f\u0629"},"schema":{"@context":"https:\/\/schema.org","@graph":[{"@type":"WebPage","@id":"https:\/\/trakesh.com\/notre-boutique\/man\/valve-pression-man-0928400627\/","url":"https:\/\/trakesh.com\/notre-boutique\/man\/valve-pression-man-0928400627\/","name":"R\u00e9f. : 0928400627 - TRAKECH PARTS","isPartOf":{"@id":"https:\/\/trakesh.com\/#website"},"primaryImageOfPage":{"@id":"https:\/\/trakesh.com\/notre-boutique\/man\/valve-pression-man-0928400627\/#primaryimage"},"image":{"@id":"https:\/\/trakesh.com\/notre-boutique\/man\/valve-pression-man-0928400627\/#primaryimage"},"thumbnailUrl":"https:\/\/trakesh.com\/wp-content\/uploads\/2025\/02\/MA-2025-11-05T181807.035.png","datePublished":"2025-02-10T12:44:02+00:00","dateModified":"2025-11-05T17:18:28+00:00","breadcrumb":{"@id":"https:\/\/trakesh.com\/notre-boutique\/man\/valve-pression-man-0928400627\/#breadcrumb"},"inLanguage":"ar","potentialAction":[{"@type":"ReadAction","target":["https:\/\/trakesh.com\/notre-boutique\/man\/valve-pression-man-0928400627\/"]}]},{"@type":"ImageObject","inLanguage":"ar","@id":"https:\/\/trakesh.com\/notre-boutique\/man\/valve-pression-man-0928400627\/#primaryimage","url":"https:\/\/trakesh.com\/wp-content\/uploads\/2025\/02\/MA-2025-11-05T181807.035.png","contentUrl":"https:\/\/trakesh.com\/wp-content\/uploads\/2025\/02\/MA-2025-11-05T181807.035.png","width":800,"height":800},{"@type":"BreadcrumbList","@id":"https:\/\/trakesh.com\/notre-boutique\/man\/valve-pression-man-0928400627\/#breadcrumb","itemListElement":[{"@type":"ListItem","position":1,"name":"Home","item":"https:\/\/trakesh.com\/"},{"@type":"ListItem","position":2,"name":"Notre Boutique","item":"https:\/\/trakesh.com\/notre-boutique\/"},{"@type":"ListItem","position":3,"name":"R\u00e9f. : 0928400627"}]},{"@type":"WebSite","@id":"https:\/\/trakesh.com\/#website","url":"https:\/\/trakesh.com\/","name":"TRAKECH PARTS","description":"Pi\u00e8ces de rechange pour camions MAN, moteurs CATERPILLAR et PERKINS \u2013 Maroc","publisher":{"@id":"https:\/\/trakesh.com\/#organization"},"potentialAction":[{"@type":"SearchAction","target":{"@type":"EntryPoint","urlTemplate":"https:\/\/trakesh.com\/?s={search_term_string}"},"query-input":{"@type":"PropertyValueSpecification","valueRequired":true,"valueName":"search_term_string"}}],"inLanguage":"ar"},{"@type":"Organization","@id":"https:\/\/trakesh.com\/#organization","name":"TRAKECH PARTS","url":"https:\/\/trakesh.com\/","logo":{"@type":"ImageObject","inLanguage":"ar","@id":"https:\/\/trakesh.com\/#\/schema\/logo\/image\/","url":"https:\/\/trakesh.com\/wp-content\/uploads\/2025\/05\/cropped-cropped-cropped-cropped-cropped-cropped-cropped-trakesh-removebg-preview-1.png","contentUrl":"https:\/\/trakesh.com\/wp-content\/uploads\/2025\/05\/cropped-cropped-cropped-cropped-cropped-cropped-cropped-trakesh-removebg-preview-1.png","width":342,"height":96,"caption":"TRAKECH PARTS"},"image":{"@id":"https:\/\/trakesh.com\/#\/schema\/logo\/image\/"},"sameAs":["https:\/\/web.facebook.com\/trakechparts\/?locale=fr_FR","https:\/\/www.instagram.com\/trakech_parts\/"]}]}},"_links":{"self":[{"href":"https:\/\/trakesh.com\/ar\/wp-json\/wp\/v2\/product\/4612","targetHints":{"allow":["GET"]}}],"collection":[{"href":"https:\/\/trakesh.com\/ar\/wp-json\/wp\/v2\/product"}],"about":[{"href":"https:\/\/trakesh.com\/ar\/wp-json\/wp\/v2\/types\/product"}],"replies":[{"embeddable":true,"href":"https:\/\/trakesh.com\/ar\/wp-json\/wp\/v2\/comments?post=4612"}],"wp:featuredmedia":[{"embeddable":true,"href":"https:\/\/trakesh.com\/ar\/wp-json\/wp\/v2\/media\/9630"}],"wp:attachment":[{"href":"https:\/\/trakesh.com\/ar\/wp-json\/wp\/v2\/media?parent=4612"}],"wp:term":[{"taxonomy":"product_brand","embeddable":true,"href":"https:\/\/trakesh.com\/ar\/wp-json\/wp\/v2\/product_brand?post=4612"},{"taxonomy":"product_cat","embeddable":true,"href":"https:\/\/trakesh.com\/ar\/wp-json\/wp\/v2\/product_cat?post=4612"},{"taxonomy":"product_tag","embeddable":true,"href":"https:\/\/trakesh.com\/ar\/wp-json\/wp\/v2\/product_tag?post=4612"}],"curies":[{"name":"wp","href":"https:\/\/api.w.org\/{rel}","templated":true}]}}