{"id":4628,"date":"2025-02-11T09:56:23","date_gmt":"2025-02-11T09:56:23","guid":{"rendered":"https:\/\/trakesh.com\/?post_type=product&#038;p=4628"},"modified":"2025-11-05T18:09:50","modified_gmt":"2025-11-05T17:09:50","slug":"valve-pression-cummins-0928400712","status":"publish","type":"product","link":"https:\/\/trakesh.com\/ar\/notre-boutique\/cms\/valve-pression-cummins-0928400712\/","title":{"rendered":"R\u00e9f. : 0928400712"},"content":{"rendered":"<p data-start=\"1097\" data-end=\"1374\"><strong>Description :<\/strong><br data-start=\"1117\" data-end=\"1120\" \/><strong>La valve de pression BOSCH 0928400712 est un composant essentiel du syst\u00e8me d\u2019injection Common Rail sur moteurs CUMMINS. Elle assure une r\u00e9gulation pr\u00e9cise de la pression carburant afin de garantir performance, fiabilit\u00e9 et faible consommation.<\/strong><\/p>","protected":false},"excerpt":{"rendered":"<p><strong data-start=\"56\" data-end=\"109\">Valve de r\u00e9gulation de pression carburant<\/strong><\/p>\n<p data-start=\"140\" data-end=\"163\"><strong data-start=\"142\" data-end=\"161\">Compatibilit\u00e9 :<\/strong><\/p>\n<ul data-start=\"164\" data-end=\"312\">\n<li data-start=\"164\" data-end=\"220\">\n<p data-start=\"166\" data-end=\"220\">Moteurs <strong data-start=\"174\" data-end=\"185\">CUMMINS<\/strong> \u00e9quip\u00e9s d\u2019injection Common Rail.<\/p>\n<\/li>\n<li data-start=\"221\" data-end=\"312\">\n<p data-start=\"223\" data-end=\"312\">Utilis\u00e9e sur divers mod\u00e8les de camions et engins industriels avec motorisation Cummins.<\/p>\n<\/li>\n<\/ul>\n<p data-start=\"314\" data-end=\"333\"><strong data-start=\"317\" data-end=\"331\">Fonction :<\/strong><\/p>\n<ul data-start=\"334\" data-end=\"574\">\n<li data-start=\"334\" data-end=\"407\">\n<p data-start=\"336\" data-end=\"407\">R\u00e9guler la pression du carburant dans la rampe commune (Common Rail).<\/p>\n<\/li>\n<li data-start=\"408\" data-end=\"492\">\n<p data-start=\"410\" data-end=\"492\">Maintenir une pression stable pour assurer une injection pr\u00e9cise et performante.<\/p>\n<\/li>\n<li data-start=\"493\" data-end=\"574\">\n<p data-start=\"495\" data-end=\"574\">Contribuer \u00e0 l\u2019optimisation de la combustion et \u00e0 la r\u00e9duction des \u00e9missions.<\/p>\n<\/li>\n<\/ul>\n<p data-start=\"576\" data-end=\"602\"><strong data-start=\"578\" data-end=\"600\">Caract\u00e9ristiques :<\/strong><\/p>\n<ul data-start=\"603\" data-end=\"899\">\n<li data-start=\"603\" data-end=\"628\">\n<p data-start=\"605\" data-end=\"628\">Fabricant : <strong data-start=\"617\" data-end=\"626\">BOSCH<\/strong><\/p>\n<\/li>\n<li data-start=\"629\" data-end=\"713\">\n<p data-start=\"631\" data-end=\"713\">Type : <strong data-start=\"638\" data-end=\"711\">Valve de pression (Fuel Pressure Regulator \/ DRV \u2013 Dosierregelventil)<\/strong><\/p>\n<\/li>\n<li data-start=\"714\" data-end=\"761\">\n<p data-start=\"716\" data-end=\"761\">Montage direct sur la pompe haute pression.<\/p>\n<\/li>\n<li data-start=\"762\" data-end=\"838\">\n<p data-start=\"764\" data-end=\"838\">Commande \u00e9lectromagn\u00e9tique pour ajustement en temps r\u00e9el de la pression.<\/p>\n<\/li>\n<li data-start=\"839\" data-end=\"899\">\n<p data-start=\"841\" data-end=\"899\">Conception robuste pour supporter des pressions \u00e9lev\u00e9es.<\/p>\n<\/li>\n<\/ul>\n<p data-start=\"901\" data-end=\"924\"><strong data-start=\"904\" data-end=\"922\">Installation :<\/strong><\/p>\n<ul data-start=\"925\" data-end=\"1095\">\n<li data-start=\"925\" data-end=\"978\">\n<p data-start=\"927\" data-end=\"978\">Se monte sur la pompe \u00e0 carburant haute pression.<\/p>\n<\/li>\n<li data-start=\"979\" data-end=\"1020\">\n<p data-start=\"981\" data-end=\"1020\">V\u00e9rifier l\u2019\u00e9tanch\u00e9it\u00e9 des connexions.<\/p>\n<\/li>\n<li data-start=\"1021\" data-end=\"1095\">\n<p data-start=\"1023\" data-end=\"1095\">Reprogrammer\/effacer les d\u00e9fauts ECU si n\u00e9cessaire apr\u00e8s remplacement.<\/p>\n<\/li>\n<\/ul>","protected":false},"featured_media":9626,"comment_status":"open","ping_status":"closed","template":"","meta":[],"product_brand":[84],"product_cat":[56],"product_tag":[96],"class_list":{"0":"post-4628","1":"product","2":"type-product","3":"status-publish","4":"has-post-thumbnail","6":"product_brand-bsch","7":"product_cat-cms","8":"product_tag-gasoil","9":"pa_constructeur-cummins","10":"pa_modele-209","11":"pa_typedepiece-moteur","13":"first","14":"instock","15":"sale","16":"shipping-taxable","17":"purchasable","18":"product-type-simple"},"yoast_head":"<!-- This site is optimized with the Yoast SEO plugin v25.5 - https:\/\/yoast.com\/wordpress\/plugins\/seo\/ -->\n<title>R\u00e9f. : 0928400712 - TRAKECH PARTS<\/title>\n<meta name=\"robots\" content=\"index, follow, max-snippet:-1, max-image-preview:large, max-video-preview:-1\" \/>\n<link rel=\"canonical\" href=\"https:\/\/trakesh.com\/ar\/notre-boutique\/cms\/valve-pression-cummins-0928400712\/\" \/>\n<meta property=\"og:locale\" content=\"ar_AR\" \/>\n<meta property=\"og:type\" content=\"article\" \/>\n<meta property=\"og:title\" content=\"R\u00e9f. : 0928400712 - TRAKECH PARTS\" \/>\n<meta property=\"og:description\" content=\"Valve de r\u00e9gulation de pression carburant Compatibilit\u00e9 :     Moteurs CUMMINS \u00e9quip\u00e9s d\u2019injection Common Rail.    Utilis\u00e9e sur divers mod\u00e8les de camions et engins industriels avec motorisation Cummins.   Fonction :     R\u00e9guler la pression du carburant dans la rampe commune (Common Rail).    Maintenir une pression stable pour assurer une injection pr\u00e9cise et performante.    Contribuer \u00e0 l\u2019optimisation de la combustion et \u00e0 la r\u00e9duction des \u00e9missions.   Caract\u00e9ristiques :     Fabricant : BOSCH    Type : Valve de pression (Fuel Pressure Regulator \/ DRV \u2013 Dosierregelventil)    Montage direct sur la pompe haute pression.    Commande \u00e9lectromagn\u00e9tique pour ajustement en temps r\u00e9el de la pression.    Conception robuste pour supporter des pressions \u00e9lev\u00e9es.   Installation :     Se monte sur la pompe \u00e0 carburant haute pression.    V\u00e9rifier l\u2019\u00e9tanch\u00e9it\u00e9 des connexions.    Reprogrammer\/effacer les d\u00e9fauts ECU si n\u00e9cessaire apr\u00e8s remplacement.\" \/>\n<meta property=\"og:url\" content=\"https:\/\/trakesh.com\/ar\/notre-boutique\/cms\/valve-pression-cummins-0928400712\/\" \/>\n<meta property=\"og:site_name\" content=\"TRAKECH PARTS\" \/>\n<meta property=\"article:publisher\" content=\"https:\/\/web.facebook.com\/trakechparts\/?locale=fr_FR\" \/>\n<meta property=\"article:modified_time\" content=\"2025-11-05T17:09:50+00:00\" \/>\n<meta property=\"og:image\" content=\"https:\/\/trakesh.com\/wp-content\/uploads\/2025\/02\/MA-2025-11-05T180927.360.png\" \/>\n\t<meta property=\"og:image:width\" content=\"800\" \/>\n\t<meta property=\"og:image:height\" content=\"800\" \/>\n\t<meta property=\"og:image:type\" content=\"image\/png\" \/>\n<meta name=\"twitter:card\" content=\"summary_large_image\" \/>\n<meta name=\"twitter:label1\" content=\"\u0648\u0642\u062a \u0627\u0644\u0642\u0631\u0627\u0621\u0629 \u0627\u0644\u0645\u064f\u0642\u062f\u0651\u0631\" \/>\n\t<meta name=\"twitter:data1\" content=\"\u062f\u0642\u064a\u0642\u0629 \u0648\u0627\u062d\u062f\u0629\" \/>\n<script type=\"application\/ld+json\" class=\"yoast-schema-graph\">{\"@context\":\"https:\/\/schema.org\",\"@graph\":[{\"@type\":\"WebPage\",\"@id\":\"https:\/\/trakesh.com\/notre-boutique\/cms\/valve-pression-cummins-0928400712\/\",\"url\":\"https:\/\/trakesh.com\/notre-boutique\/cms\/valve-pression-cummins-0928400712\/\",\"name\":\"R\u00e9f. : 0928400712 - TRAKECH PARTS\",\"isPartOf\":{\"@id\":\"https:\/\/trakesh.com\/#website\"},\"primaryImageOfPage\":{\"@id\":\"https:\/\/trakesh.com\/notre-boutique\/cms\/valve-pression-cummins-0928400712\/#primaryimage\"},\"image\":{\"@id\":\"https:\/\/trakesh.com\/notre-boutique\/cms\/valve-pression-cummins-0928400712\/#primaryimage\"},\"thumbnailUrl\":\"https:\/\/trakesh.com\/wp-content\/uploads\/2025\/02\/MA-2025-11-05T180927.360.png\",\"datePublished\":\"2025-02-11T09:56:23+00:00\",\"dateModified\":\"2025-11-05T17:09:50+00:00\",\"breadcrumb\":{\"@id\":\"https:\/\/trakesh.com\/notre-boutique\/cms\/valve-pression-cummins-0928400712\/#breadcrumb\"},\"inLanguage\":\"ar\",\"potentialAction\":[{\"@type\":\"ReadAction\",\"target\":[\"https:\/\/trakesh.com\/notre-boutique\/cms\/valve-pression-cummins-0928400712\/\"]}]},{\"@type\":\"ImageObject\",\"inLanguage\":\"ar\",\"@id\":\"https:\/\/trakesh.com\/notre-boutique\/cms\/valve-pression-cummins-0928400712\/#primaryimage\",\"url\":\"https:\/\/trakesh.com\/wp-content\/uploads\/2025\/02\/MA-2025-11-05T180927.360.png\",\"contentUrl\":\"https:\/\/trakesh.com\/wp-content\/uploads\/2025\/02\/MA-2025-11-05T180927.360.png\",\"width\":800,\"height\":800},{\"@type\":\"BreadcrumbList\",\"@id\":\"https:\/\/trakesh.com\/notre-boutique\/cms\/valve-pression-cummins-0928400712\/#breadcrumb\",\"itemListElement\":[{\"@type\":\"ListItem\",\"position\":1,\"name\":\"Home\",\"item\":\"https:\/\/trakesh.com\/\"},{\"@type\":\"ListItem\",\"position\":2,\"name\":\"Notre Boutique\",\"item\":\"https:\/\/trakesh.com\/notre-boutique\/\"},{\"@type\":\"ListItem\",\"position\":3,\"name\":\"R\u00e9f. : 0928400712\"}]},{\"@type\":\"WebSite\",\"@id\":\"https:\/\/trakesh.com\/#website\",\"url\":\"https:\/\/trakesh.com\/\",\"name\":\"TRAKECH PARTS\",\"description\":\"Pi\u00e8ces de rechange pour camions MAN, moteurs CATERPILLAR et PERKINS \u2013 Maroc\",\"publisher\":{\"@id\":\"https:\/\/trakesh.com\/#organization\"},\"potentialAction\":[{\"@type\":\"SearchAction\",\"target\":{\"@type\":\"EntryPoint\",\"urlTemplate\":\"https:\/\/trakesh.com\/?s={search_term_string}\"},\"query-input\":{\"@type\":\"PropertyValueSpecification\",\"valueRequired\":true,\"valueName\":\"search_term_string\"}}],\"inLanguage\":\"ar\"},{\"@type\":\"Organization\",\"@id\":\"https:\/\/trakesh.com\/#organization\",\"name\":\"TRAKECH PARTS\",\"url\":\"https:\/\/trakesh.com\/\",\"logo\":{\"@type\":\"ImageObject\",\"inLanguage\":\"ar\",\"@id\":\"https:\/\/trakesh.com\/#\/schema\/logo\/image\/\",\"url\":\"https:\/\/trakesh.com\/wp-content\/uploads\/2025\/05\/cropped-cropped-cropped-cropped-cropped-cropped-cropped-trakesh-removebg-preview-1.png\",\"contentUrl\":\"https:\/\/trakesh.com\/wp-content\/uploads\/2025\/05\/cropped-cropped-cropped-cropped-cropped-cropped-cropped-trakesh-removebg-preview-1.png\",\"width\":342,\"height\":96,\"caption\":\"TRAKECH PARTS\"},\"image\":{\"@id\":\"https:\/\/trakesh.com\/#\/schema\/logo\/image\/\"},\"sameAs\":[\"https:\/\/web.facebook.com\/trakechparts\/?locale=fr_FR\",\"https:\/\/www.instagram.com\/trakech_parts\/\"]}]}<\/script>\n<!-- \/ Yoast SEO plugin. -->","yoast_head_json":{"title":"R\u00e9f. : 0928400712 - TRAKECH PARTS","robots":{"index":"index","follow":"follow","max-snippet":"max-snippet:-1","max-image-preview":"max-image-preview:large","max-video-preview":"max-video-preview:-1"},"canonical":"https:\/\/trakesh.com\/ar\/notre-boutique\/cms\/valve-pression-cummins-0928400712\/","og_locale":"ar_AR","og_type":"article","og_title":"R\u00e9f. : 0928400712 - TRAKECH PARTS","og_description":"Valve de r\u00e9gulation de pression carburant Compatibilit\u00e9 :     Moteurs CUMMINS \u00e9quip\u00e9s d\u2019injection Common Rail.    Utilis\u00e9e sur divers mod\u00e8les de camions et engins industriels avec motorisation Cummins.   Fonction :     R\u00e9guler la pression du carburant dans la rampe commune (Common Rail).    Maintenir une pression stable pour assurer une injection pr\u00e9cise et performante.    Contribuer \u00e0 l\u2019optimisation de la combustion et \u00e0 la r\u00e9duction des \u00e9missions.   Caract\u00e9ristiques :     Fabricant : BOSCH    Type : Valve de pression (Fuel Pressure Regulator \/ DRV \u2013 Dosierregelventil)    Montage direct sur la pompe haute pression.    Commande \u00e9lectromagn\u00e9tique pour ajustement en temps r\u00e9el de la pression.    Conception robuste pour supporter des pressions \u00e9lev\u00e9es.   Installation :     Se monte sur la pompe \u00e0 carburant haute pression.    V\u00e9rifier l\u2019\u00e9tanch\u00e9it\u00e9 des connexions.    Reprogrammer\/effacer les d\u00e9fauts ECU si n\u00e9cessaire apr\u00e8s remplacement.","og_url":"https:\/\/trakesh.com\/ar\/notre-boutique\/cms\/valve-pression-cummins-0928400712\/","og_site_name":"TRAKECH PARTS","article_publisher":"https:\/\/web.facebook.com\/trakechparts\/?locale=fr_FR","article_modified_time":"2025-11-05T17:09:50+00:00","og_image":[{"width":800,"height":800,"url":"https:\/\/trakesh.com\/wp-content\/uploads\/2025\/02\/MA-2025-11-05T180927.360.png","type":"image\/png"}],"twitter_card":"summary_large_image","twitter_misc":{"\u0648\u0642\u062a \u0627\u0644\u0642\u0631\u0627\u0621\u0629 \u0627\u0644\u0645\u064f\u0642\u062f\u0651\u0631":"\u062f\u0642\u064a\u0642\u0629 \u0648\u0627\u062d\u062f\u0629"},"schema":{"@context":"https:\/\/schema.org","@graph":[{"@type":"WebPage","@id":"https:\/\/trakesh.com\/notre-boutique\/cms\/valve-pression-cummins-0928400712\/","url":"https:\/\/trakesh.com\/notre-boutique\/cms\/valve-pression-cummins-0928400712\/","name":"R\u00e9f. : 0928400712 - TRAKECH PARTS","isPartOf":{"@id":"https:\/\/trakesh.com\/#website"},"primaryImageOfPage":{"@id":"https:\/\/trakesh.com\/notre-boutique\/cms\/valve-pression-cummins-0928400712\/#primaryimage"},"image":{"@id":"https:\/\/trakesh.com\/notre-boutique\/cms\/valve-pression-cummins-0928400712\/#primaryimage"},"thumbnailUrl":"https:\/\/trakesh.com\/wp-content\/uploads\/2025\/02\/MA-2025-11-05T180927.360.png","datePublished":"2025-02-11T09:56:23+00:00","dateModified":"2025-11-05T17:09:50+00:00","breadcrumb":{"@id":"https:\/\/trakesh.com\/notre-boutique\/cms\/valve-pression-cummins-0928400712\/#breadcrumb"},"inLanguage":"ar","potentialAction":[{"@type":"ReadAction","target":["https:\/\/trakesh.com\/notre-boutique\/cms\/valve-pression-cummins-0928400712\/"]}]},{"@type":"ImageObject","inLanguage":"ar","@id":"https:\/\/trakesh.com\/notre-boutique\/cms\/valve-pression-cummins-0928400712\/#primaryimage","url":"https:\/\/trakesh.com\/wp-content\/uploads\/2025\/02\/MA-2025-11-05T180927.360.png","contentUrl":"https:\/\/trakesh.com\/wp-content\/uploads\/2025\/02\/MA-2025-11-05T180927.360.png","width":800,"height":800},{"@type":"BreadcrumbList","@id":"https:\/\/trakesh.com\/notre-boutique\/cms\/valve-pression-cummins-0928400712\/#breadcrumb","itemListElement":[{"@type":"ListItem","position":1,"name":"Home","item":"https:\/\/trakesh.com\/"},{"@type":"ListItem","position":2,"name":"Notre Boutique","item":"https:\/\/trakesh.com\/notre-boutique\/"},{"@type":"ListItem","position":3,"name":"R\u00e9f. : 0928400712"}]},{"@type":"WebSite","@id":"https:\/\/trakesh.com\/#website","url":"https:\/\/trakesh.com\/","name":"TRAKECH PARTS","description":"Pi\u00e8ces de rechange pour camions MAN, moteurs CATERPILLAR et PERKINS \u2013 Maroc","publisher":{"@id":"https:\/\/trakesh.com\/#organization"},"potentialAction":[{"@type":"SearchAction","target":{"@type":"EntryPoint","urlTemplate":"https:\/\/trakesh.com\/?s={search_term_string}"},"query-input":{"@type":"PropertyValueSpecification","valueRequired":true,"valueName":"search_term_string"}}],"inLanguage":"ar"},{"@type":"Organization","@id":"https:\/\/trakesh.com\/#organization","name":"TRAKECH PARTS","url":"https:\/\/trakesh.com\/","logo":{"@type":"ImageObject","inLanguage":"ar","@id":"https:\/\/trakesh.com\/#\/schema\/logo\/image\/","url":"https:\/\/trakesh.com\/wp-content\/uploads\/2025\/05\/cropped-cropped-cropped-cropped-cropped-cropped-cropped-trakesh-removebg-preview-1.png","contentUrl":"https:\/\/trakesh.com\/wp-content\/uploads\/2025\/05\/cropped-cropped-cropped-cropped-cropped-cropped-cropped-trakesh-removebg-preview-1.png","width":342,"height":96,"caption":"TRAKECH PARTS"},"image":{"@id":"https:\/\/trakesh.com\/#\/schema\/logo\/image\/"},"sameAs":["https:\/\/web.facebook.com\/trakechparts\/?locale=fr_FR","https:\/\/www.instagram.com\/trakech_parts\/"]}]}},"_links":{"self":[{"href":"https:\/\/trakesh.com\/ar\/wp-json\/wp\/v2\/product\/4628","targetHints":{"allow":["GET"]}}],"collection":[{"href":"https:\/\/trakesh.com\/ar\/wp-json\/wp\/v2\/product"}],"about":[{"href":"https:\/\/trakesh.com\/ar\/wp-json\/wp\/v2\/types\/product"}],"replies":[{"embeddable":true,"href":"https:\/\/trakesh.com\/ar\/wp-json\/wp\/v2\/comments?post=4628"}],"wp:featuredmedia":[{"embeddable":true,"href":"https:\/\/trakesh.com\/ar\/wp-json\/wp\/v2\/media\/9626"}],"wp:attachment":[{"href":"https:\/\/trakesh.com\/ar\/wp-json\/wp\/v2\/media?parent=4628"}],"wp:term":[{"taxonomy":"product_brand","embeddable":true,"href":"https:\/\/trakesh.com\/ar\/wp-json\/wp\/v2\/product_brand?post=4628"},{"taxonomy":"product_cat","embeddable":true,"href":"https:\/\/trakesh.com\/ar\/wp-json\/wp\/v2\/product_cat?post=4628"},{"taxonomy":"product_tag","embeddable":true,"href":"https:\/\/trakesh.com\/ar\/wp-json\/wp\/v2\/product_tag?post=4628"}],"curies":[{"name":"wp","href":"https:\/\/api.w.org\/{rel}","templated":true}]}}