{"id":4649,"date":"2025-02-12T09:17:51","date_gmt":"2025-02-12T09:17:51","guid":{"rendered":"https:\/\/trakesh.com\/?post_type=product&#038;p=4649"},"modified":"2025-11-05T17:50:08","modified_gmt":"2025-11-05T16:50:08","slug":"servo-emb-scania-629683am","status":"publish","type":"product","link":"https:\/\/trakesh.com\/ar\/notre-boutique\/scania\/servo-emb-scania-629683am\/","title":{"rendered":"R\u00e9f. : 629683AM"},"content":{"rendered":"<p><strong>Description :<\/strong><br data-start=\"1066\" data-end=\"1069\" \/><strong>Le servo d\u2019embrayage pneumatique Kongsberg 629683AM, destin\u00e9 aux v\u00e9hicules SCANIA, permet un fonctionnement souple et fiable du syst\u00e8me d\u2019embrayage. En utilisant la pression d\u2019air, il r\u00e9duit l\u2019effort du conducteur et augmente la durabilit\u00e9 de la transmission, garantissant ainsi confort et s\u00e9curit\u00e9 pour les v\u00e9hicules de transport routier et longue distance.<\/strong><\/p>","protected":false},"excerpt":{"rendered":"<p><strong>Servo d\u2019embrayage pneumatique<\/strong><\/p>\n<p data-start=\"125\" data-end=\"148\"><strong data-start=\"127\" data-end=\"146\">Compatibilit\u00e9 :<\/strong><\/p>\n<ul data-start=\"149\" data-end=\"229\">\n<li data-start=\"149\" data-end=\"229\">\n<p data-start=\"151\" data-end=\"229\"><strong data-start=\"151\" data-end=\"161\">SCANIA<\/strong> (camions poids lourds, mod\u00e8les selon sp\u00e9cifications constructeur)<\/p>\n<\/li>\n<\/ul>\n<p data-start=\"231\" data-end=\"250\"><strong data-start=\"234\" data-end=\"248\">Fonction :<\/strong><\/p>\n<ul data-start=\"251\" data-end=\"462\">\n<li data-start=\"251\" data-end=\"314\">\n<p data-start=\"253\" data-end=\"314\">Assure l\u2019assistance pneumatique de la commande d\u2019embrayage.<\/p>\n<\/li>\n<li data-start=\"315\" data-end=\"366\">\n<p data-start=\"317\" data-end=\"366\">R\u00e9duit consid\u00e9rablement l\u2019effort sur la p\u00e9dale.<\/p>\n<\/li>\n<li data-start=\"367\" data-end=\"462\">\n<p data-start=\"369\" data-end=\"462\">Prot\u00e8ge la transmission contre les contraintes excessives lors des changements de vitesses.<\/p>\n<\/li>\n<\/ul>\n<p data-start=\"464\" data-end=\"490\"><strong data-start=\"466\" data-end=\"488\">Caract\u00e9ristiques :<\/strong><\/p>\n<ul data-start=\"491\" data-end=\"825\">\n<li data-start=\"491\" data-end=\"531\">\n<p data-start=\"493\" data-end=\"531\">Fabricant : <strong data-start=\"505\" data-end=\"529\">Kongsberg Automotive<\/strong><\/p>\n<\/li>\n<li data-start=\"532\" data-end=\"591\">\n<p data-start=\"534\" data-end=\"591\">Type : <strong data-start=\"541\" data-end=\"589\">Servo d\u2019embrayage pneumatique (Clutch Servo)<\/strong><\/p>\n<\/li>\n<li data-start=\"592\" data-end=\"666\">\n<p data-start=\"594\" data-end=\"666\">Corps en alliage m\u00e9tallique r\u00e9sistant aux pressions et aux vibrations.<\/p>\n<\/li>\n<li data-start=\"667\" data-end=\"743\">\n<p data-start=\"669\" data-end=\"743\">\u00c9l\u00e9ments internes con\u00e7us pour une longue dur\u00e9e de vie en usage intensif.<\/p>\n<\/li>\n<li data-start=\"744\" data-end=\"825\">\n<p data-start=\"746\" data-end=\"825\">Performance stable et fiable m\u00eame dans des conditions de conduite difficiles.<\/p>\n<\/li>\n<\/ul>\n<p data-start=\"827\" data-end=\"850\"><strong data-start=\"830\" data-end=\"848\">Installation :<\/strong><\/p>\n<ul data-start=\"851\" data-end=\"1044\">\n<li data-start=\"851\" data-end=\"906\">\n<p data-start=\"853\" data-end=\"906\">Remplacement direct, montage sp\u00e9cifique <strong data-start=\"893\" data-end=\"903\">SCANIA<\/strong>.<\/p>\n<\/li>\n<li data-start=\"907\" data-end=\"975\">\n<p data-start=\"909\" data-end=\"975\">Connexion au circuit d\u2019air comprim\u00e9 et au m\u00e9canisme d\u2019embrayage.<\/p>\n<\/li>\n<li data-start=\"976\" data-end=\"1044\">\n<p data-start=\"978\" data-end=\"1044\">V\u00e9rification et purge du syst\u00e8me apr\u00e8s installation obligatoire.<\/p>\n<\/li>\n<\/ul>","protected":false},"featured_media":9617,"comment_status":"open","ping_status":"closed","template":"","meta":[],"product_brand":[78],"product_cat":[72],"product_tag":[93,95],"class_list":{"0":"post-4649","1":"product","2":"type-product","3":"status-publish","4":"has-post-thumbnail","6":"product_brand-kgsb","7":"product_cat-scania","8":"product_tag-air","9":"product_tag-emb","10":"pa_constructeur-scania","11":"pa_modele-629277amkg","12":"pa_typedepiece-systeme-de-freinage","14":"first","15":"instock","16":"sale","17":"shipping-taxable","18":"purchasable","19":"product-type-simple"},"yoast_head":"<!-- This site is optimized with the Yoast SEO plugin v25.5 - https:\/\/yoast.com\/wordpress\/plugins\/seo\/ -->\n<title>R\u00e9f. : 629683AM - TRAKECH PARTS<\/title>\n<meta name=\"robots\" content=\"index, follow, max-snippet:-1, max-image-preview:large, max-video-preview:-1\" \/>\n<link rel=\"canonical\" href=\"https:\/\/trakesh.com\/ar\/notre-boutique\/scania\/servo-emb-scania-629683am\/\" \/>\n<meta property=\"og:locale\" content=\"ar_AR\" \/>\n<meta property=\"og:type\" content=\"article\" \/>\n<meta property=\"og:title\" content=\"R\u00e9f. : 629683AM - TRAKECH PARTS\" \/>\n<meta property=\"og:description\" content=\"Servo d\u2019embrayage pneumatique Compatibilit\u00e9 :     SCANIA (camions poids lourds, mod\u00e8les selon sp\u00e9cifications constructeur)   Fonction :     Assure l\u2019assistance pneumatique de la commande d\u2019embrayage.    R\u00e9duit consid\u00e9rablement l\u2019effort sur la p\u00e9dale.    Prot\u00e8ge la transmission contre les contraintes excessives lors des changements de vitesses.   Caract\u00e9ristiques :     Fabricant : Kongsberg Automotive    Type : Servo d\u2019embrayage pneumatique (Clutch Servo)    Corps en alliage m\u00e9tallique r\u00e9sistant aux pressions et aux vibrations.    \u00c9l\u00e9ments internes con\u00e7us pour une longue dur\u00e9e de vie en usage intensif.    Performance stable et fiable m\u00eame dans des conditions de conduite difficiles.   Installation :     Remplacement direct, montage sp\u00e9cifique SCANIA.    Connexion au circuit d\u2019air comprim\u00e9 et au m\u00e9canisme d\u2019embrayage.    V\u00e9rification et purge du syst\u00e8me apr\u00e8s installation obligatoire.\" \/>\n<meta property=\"og:url\" content=\"https:\/\/trakesh.com\/ar\/notre-boutique\/scania\/servo-emb-scania-629683am\/\" \/>\n<meta property=\"og:site_name\" content=\"TRAKECH PARTS\" \/>\n<meta property=\"article:publisher\" content=\"https:\/\/web.facebook.com\/trakechparts\/?locale=fr_FR\" \/>\n<meta property=\"article:modified_time\" content=\"2025-11-05T16:50:08+00:00\" \/>\n<meta property=\"og:image\" content=\"https:\/\/trakesh.com\/wp-content\/uploads\/2025\/02\/MA-2025-11-05T174933.606.png\" \/>\n\t<meta property=\"og:image:width\" content=\"800\" \/>\n\t<meta property=\"og:image:height\" content=\"800\" \/>\n\t<meta property=\"og:image:type\" content=\"image\/png\" \/>\n<meta name=\"twitter:card\" content=\"summary_large_image\" \/>\n<meta name=\"twitter:label1\" content=\"\u0648\u0642\u062a \u0627\u0644\u0642\u0631\u0627\u0621\u0629 \u0627\u0644\u0645\u064f\u0642\u062f\u0651\u0631\" \/>\n\t<meta name=\"twitter:data1\" content=\"\u062f\u0642\u064a\u0642\u0629 \u0648\u0627\u062d\u062f\u0629\" \/>\n<script type=\"application\/ld+json\" class=\"yoast-schema-graph\">{\"@context\":\"https:\/\/schema.org\",\"@graph\":[{\"@type\":\"WebPage\",\"@id\":\"https:\/\/trakesh.com\/notre-boutique\/scania\/servo-emb-scania-629683am\/\",\"url\":\"https:\/\/trakesh.com\/notre-boutique\/scania\/servo-emb-scania-629683am\/\",\"name\":\"R\u00e9f. : 629683AM - TRAKECH PARTS\",\"isPartOf\":{\"@id\":\"https:\/\/trakesh.com\/#website\"},\"primaryImageOfPage\":{\"@id\":\"https:\/\/trakesh.com\/notre-boutique\/scania\/servo-emb-scania-629683am\/#primaryimage\"},\"image\":{\"@id\":\"https:\/\/trakesh.com\/notre-boutique\/scania\/servo-emb-scania-629683am\/#primaryimage\"},\"thumbnailUrl\":\"https:\/\/trakesh.com\/wp-content\/uploads\/2025\/02\/MA-2025-11-05T174933.606.png\",\"datePublished\":\"2025-02-12T09:17:51+00:00\",\"dateModified\":\"2025-11-05T16:50:08+00:00\",\"breadcrumb\":{\"@id\":\"https:\/\/trakesh.com\/notre-boutique\/scania\/servo-emb-scania-629683am\/#breadcrumb\"},\"inLanguage\":\"ar\",\"potentialAction\":[{\"@type\":\"ReadAction\",\"target\":[\"https:\/\/trakesh.com\/notre-boutique\/scania\/servo-emb-scania-629683am\/\"]}]},{\"@type\":\"ImageObject\",\"inLanguage\":\"ar\",\"@id\":\"https:\/\/trakesh.com\/notre-boutique\/scania\/servo-emb-scania-629683am\/#primaryimage\",\"url\":\"https:\/\/trakesh.com\/wp-content\/uploads\/2025\/02\/MA-2025-11-05T174933.606.png\",\"contentUrl\":\"https:\/\/trakesh.com\/wp-content\/uploads\/2025\/02\/MA-2025-11-05T174933.606.png\",\"width\":800,\"height\":800},{\"@type\":\"BreadcrumbList\",\"@id\":\"https:\/\/trakesh.com\/notre-boutique\/scania\/servo-emb-scania-629683am\/#breadcrumb\",\"itemListElement\":[{\"@type\":\"ListItem\",\"position\":1,\"name\":\"Home\",\"item\":\"https:\/\/trakesh.com\/\"},{\"@type\":\"ListItem\",\"position\":2,\"name\":\"Notre Boutique\",\"item\":\"https:\/\/trakesh.com\/notre-boutique\/\"},{\"@type\":\"ListItem\",\"position\":3,\"name\":\"R\u00e9f. : 629683AM\"}]},{\"@type\":\"WebSite\",\"@id\":\"https:\/\/trakesh.com\/#website\",\"url\":\"https:\/\/trakesh.com\/\",\"name\":\"TRAKECH PARTS\",\"description\":\"Pi\u00e8ces de rechange pour camions MAN, moteurs CATERPILLAR et PERKINS \u2013 Maroc\",\"publisher\":{\"@id\":\"https:\/\/trakesh.com\/#organization\"},\"potentialAction\":[{\"@type\":\"SearchAction\",\"target\":{\"@type\":\"EntryPoint\",\"urlTemplate\":\"https:\/\/trakesh.com\/?s={search_term_string}\"},\"query-input\":{\"@type\":\"PropertyValueSpecification\",\"valueRequired\":true,\"valueName\":\"search_term_string\"}}],\"inLanguage\":\"ar\"},{\"@type\":\"Organization\",\"@id\":\"https:\/\/trakesh.com\/#organization\",\"name\":\"TRAKECH PARTS\",\"url\":\"https:\/\/trakesh.com\/\",\"logo\":{\"@type\":\"ImageObject\",\"inLanguage\":\"ar\",\"@id\":\"https:\/\/trakesh.com\/#\/schema\/logo\/image\/\",\"url\":\"https:\/\/trakesh.com\/wp-content\/uploads\/2025\/05\/cropped-cropped-cropped-cropped-cropped-cropped-cropped-trakesh-removebg-preview-1.png\",\"contentUrl\":\"https:\/\/trakesh.com\/wp-content\/uploads\/2025\/05\/cropped-cropped-cropped-cropped-cropped-cropped-cropped-trakesh-removebg-preview-1.png\",\"width\":342,\"height\":96,\"caption\":\"TRAKECH PARTS\"},\"image\":{\"@id\":\"https:\/\/trakesh.com\/#\/schema\/logo\/image\/\"},\"sameAs\":[\"https:\/\/web.facebook.com\/trakechparts\/?locale=fr_FR\",\"https:\/\/www.instagram.com\/trakech_parts\/\"]}]}<\/script>\n<!-- \/ Yoast SEO plugin. -->","yoast_head_json":{"title":"R\u00e9f. : 629683AM - TRAKECH PARTS","robots":{"index":"index","follow":"follow","max-snippet":"max-snippet:-1","max-image-preview":"max-image-preview:large","max-video-preview":"max-video-preview:-1"},"canonical":"https:\/\/trakesh.com\/ar\/notre-boutique\/scania\/servo-emb-scania-629683am\/","og_locale":"ar_AR","og_type":"article","og_title":"R\u00e9f. : 629683AM - TRAKECH PARTS","og_description":"Servo d\u2019embrayage pneumatique Compatibilit\u00e9 :     SCANIA (camions poids lourds, mod\u00e8les selon sp\u00e9cifications constructeur)   Fonction :     Assure l\u2019assistance pneumatique de la commande d\u2019embrayage.    R\u00e9duit consid\u00e9rablement l\u2019effort sur la p\u00e9dale.    Prot\u00e8ge la transmission contre les contraintes excessives lors des changements de vitesses.   Caract\u00e9ristiques :     Fabricant : Kongsberg Automotive    Type : Servo d\u2019embrayage pneumatique (Clutch Servo)    Corps en alliage m\u00e9tallique r\u00e9sistant aux pressions et aux vibrations.    \u00c9l\u00e9ments internes con\u00e7us pour une longue dur\u00e9e de vie en usage intensif.    Performance stable et fiable m\u00eame dans des conditions de conduite difficiles.   Installation :     Remplacement direct, montage sp\u00e9cifique SCANIA.    Connexion au circuit d\u2019air comprim\u00e9 et au m\u00e9canisme d\u2019embrayage.    V\u00e9rification et purge du syst\u00e8me apr\u00e8s installation obligatoire.","og_url":"https:\/\/trakesh.com\/ar\/notre-boutique\/scania\/servo-emb-scania-629683am\/","og_site_name":"TRAKECH PARTS","article_publisher":"https:\/\/web.facebook.com\/trakechparts\/?locale=fr_FR","article_modified_time":"2025-11-05T16:50:08+00:00","og_image":[{"width":800,"height":800,"url":"https:\/\/trakesh.com\/wp-content\/uploads\/2025\/02\/MA-2025-11-05T174933.606.png","type":"image\/png"}],"twitter_card":"summary_large_image","twitter_misc":{"\u0648\u0642\u062a \u0627\u0644\u0642\u0631\u0627\u0621\u0629 \u0627\u0644\u0645\u064f\u0642\u062f\u0651\u0631":"\u062f\u0642\u064a\u0642\u0629 \u0648\u0627\u062d\u062f\u0629"},"schema":{"@context":"https:\/\/schema.org","@graph":[{"@type":"WebPage","@id":"https:\/\/trakesh.com\/notre-boutique\/scania\/servo-emb-scania-629683am\/","url":"https:\/\/trakesh.com\/notre-boutique\/scania\/servo-emb-scania-629683am\/","name":"R\u00e9f. : 629683AM - TRAKECH PARTS","isPartOf":{"@id":"https:\/\/trakesh.com\/#website"},"primaryImageOfPage":{"@id":"https:\/\/trakesh.com\/notre-boutique\/scania\/servo-emb-scania-629683am\/#primaryimage"},"image":{"@id":"https:\/\/trakesh.com\/notre-boutique\/scania\/servo-emb-scania-629683am\/#primaryimage"},"thumbnailUrl":"https:\/\/trakesh.com\/wp-content\/uploads\/2025\/02\/MA-2025-11-05T174933.606.png","datePublished":"2025-02-12T09:17:51+00:00","dateModified":"2025-11-05T16:50:08+00:00","breadcrumb":{"@id":"https:\/\/trakesh.com\/notre-boutique\/scania\/servo-emb-scania-629683am\/#breadcrumb"},"inLanguage":"ar","potentialAction":[{"@type":"ReadAction","target":["https:\/\/trakesh.com\/notre-boutique\/scania\/servo-emb-scania-629683am\/"]}]},{"@type":"ImageObject","inLanguage":"ar","@id":"https:\/\/trakesh.com\/notre-boutique\/scania\/servo-emb-scania-629683am\/#primaryimage","url":"https:\/\/trakesh.com\/wp-content\/uploads\/2025\/02\/MA-2025-11-05T174933.606.png","contentUrl":"https:\/\/trakesh.com\/wp-content\/uploads\/2025\/02\/MA-2025-11-05T174933.606.png","width":800,"height":800},{"@type":"BreadcrumbList","@id":"https:\/\/trakesh.com\/notre-boutique\/scania\/servo-emb-scania-629683am\/#breadcrumb","itemListElement":[{"@type":"ListItem","position":1,"name":"Home","item":"https:\/\/trakesh.com\/"},{"@type":"ListItem","position":2,"name":"Notre Boutique","item":"https:\/\/trakesh.com\/notre-boutique\/"},{"@type":"ListItem","position":3,"name":"R\u00e9f. : 629683AM"}]},{"@type":"WebSite","@id":"https:\/\/trakesh.com\/#website","url":"https:\/\/trakesh.com\/","name":"TRAKECH PARTS","description":"Pi\u00e8ces de rechange pour camions MAN, moteurs CATERPILLAR et PERKINS \u2013 Maroc","publisher":{"@id":"https:\/\/trakesh.com\/#organization"},"potentialAction":[{"@type":"SearchAction","target":{"@type":"EntryPoint","urlTemplate":"https:\/\/trakesh.com\/?s={search_term_string}"},"query-input":{"@type":"PropertyValueSpecification","valueRequired":true,"valueName":"search_term_string"}}],"inLanguage":"ar"},{"@type":"Organization","@id":"https:\/\/trakesh.com\/#organization","name":"TRAKECH PARTS","url":"https:\/\/trakesh.com\/","logo":{"@type":"ImageObject","inLanguage":"ar","@id":"https:\/\/trakesh.com\/#\/schema\/logo\/image\/","url":"https:\/\/trakesh.com\/wp-content\/uploads\/2025\/05\/cropped-cropped-cropped-cropped-cropped-cropped-cropped-trakesh-removebg-preview-1.png","contentUrl":"https:\/\/trakesh.com\/wp-content\/uploads\/2025\/05\/cropped-cropped-cropped-cropped-cropped-cropped-cropped-trakesh-removebg-preview-1.png","width":342,"height":96,"caption":"TRAKECH PARTS"},"image":{"@id":"https:\/\/trakesh.com\/#\/schema\/logo\/image\/"},"sameAs":["https:\/\/web.facebook.com\/trakechparts\/?locale=fr_FR","https:\/\/www.instagram.com\/trakech_parts\/"]}]}},"_links":{"self":[{"href":"https:\/\/trakesh.com\/ar\/wp-json\/wp\/v2\/product\/4649","targetHints":{"allow":["GET"]}}],"collection":[{"href":"https:\/\/trakesh.com\/ar\/wp-json\/wp\/v2\/product"}],"about":[{"href":"https:\/\/trakesh.com\/ar\/wp-json\/wp\/v2\/types\/product"}],"replies":[{"embeddable":true,"href":"https:\/\/trakesh.com\/ar\/wp-json\/wp\/v2\/comments?post=4649"}],"wp:featuredmedia":[{"embeddable":true,"href":"https:\/\/trakesh.com\/ar\/wp-json\/wp\/v2\/media\/9617"}],"wp:attachment":[{"href":"https:\/\/trakesh.com\/ar\/wp-json\/wp\/v2\/media?parent=4649"}],"wp:term":[{"taxonomy":"product_brand","embeddable":true,"href":"https:\/\/trakesh.com\/ar\/wp-json\/wp\/v2\/product_brand?post=4649"},{"taxonomy":"product_cat","embeddable":true,"href":"https:\/\/trakesh.com\/ar\/wp-json\/wp\/v2\/product_cat?post=4649"},{"taxonomy":"product_tag","embeddable":true,"href":"https:\/\/trakesh.com\/ar\/wp-json\/wp\/v2\/product_tag?post=4649"}],"curies":[{"name":"wp","href":"https:\/\/api.w.org\/{rel}","templated":true}]}}