{"id":4654,"date":"2025-02-12T09:40:39","date_gmt":"2025-02-12T09:40:39","guid":{"rendered":"https:\/\/trakesh.com\/?post_type=product&#038;p=4654"},"modified":"2025-11-05T17:46:32","modified_gmt":"2025-11-05T16:46:32","slug":"servo-emb-volvo-e6-1000443286am","status":"publish","type":"product","link":"https:\/\/trakesh.com\/ar\/notre-boutique\/vlv\/servo-emb-volvo-e6-1000443286am\/","title":{"rendered":"R\u00e9f. : 1000443286AM"},"content":{"rendered":"<p><strong>Description :<\/strong><br data-start=\"1159\" data-end=\"1162\" \/><strong>Le servo d\u2019embrayage pneumatique Kongsberg 1000443286AM, destin\u00e9 aux v\u00e9hicules VOLVO, facilite l\u2019actionnement de l\u2019embrayage en r\u00e9duisant l\u2019effort n\u00e9cessaire du conducteur gr\u00e2ce \u00e0 l\u2019assistance pneumatique. Sa conception robuste garantit fiabilit\u00e9 et confort dans des conditions de conduite exigeantes.<\/strong><\/p>\n<p><strong><span class=\"mdc-list-item__content\"><span class=\"mat-mdc-list-item-unscoped-content mdc-list-item__primary-text\">\u00a0 \u00a0 \u00a0 \u00a0 \u00a0 \u00a0 \u00a0 \u00a0 \u00a0 \u00a0 \u00a0 \u00a0 \u00a0 \u00a0<\/span><\/span><\/strong><\/p>","protected":false},"excerpt":{"rendered":"<p><strong data-start=\"51\" data-end=\"96\">Servo d\u2019embrayage pneumatique<\/strong><\/p>\n<p data-start=\"129\" data-end=\"152\"><strong data-start=\"131\" data-end=\"150\">Compatibilit\u00e9 :<\/strong><\/p>\n<ul data-start=\"153\" data-end=\"224\">\n<li data-start=\"153\" data-end=\"224\">\n<p data-start=\"155\" data-end=\"224\"><strong data-start=\"155\" data-end=\"164\">VOLVO<\/strong> (camions poids lourds, selon sp\u00e9cifications constructeur)<\/p>\n<\/li>\n<\/ul>\n<p data-start=\"226\" data-end=\"245\"><strong data-start=\"229\" data-end=\"243\">Fonction :<\/strong><\/p>\n<ul data-start=\"246\" data-end=\"504\">\n<li data-start=\"246\" data-end=\"321\">\n<p data-start=\"248\" data-end=\"321\">Assister le conducteur lors de l\u2019actionnement de la p\u00e9dale d\u2019embrayage.<\/p>\n<\/li>\n<li data-start=\"322\" data-end=\"407\">\n<p data-start=\"324\" data-end=\"407\">Utilise la pression d\u2019air du syst\u00e8me pneumatique pour r\u00e9duire l\u2019effort m\u00e9canique.<\/p>\n<\/li>\n<li data-start=\"408\" data-end=\"504\">\n<p data-start=\"410\" data-end=\"504\">Am\u00e9liore le confort de conduite et prot\u00e8ge la bo\u00eete de vitesses contre une usure pr\u00e9matur\u00e9e.<\/p>\n<\/li>\n<\/ul>\n<p data-start=\"506\" data-end=\"532\"><strong data-start=\"508\" data-end=\"530\">Caract\u00e9ristiques :<\/strong><\/p>\n<ul data-start=\"533\" data-end=\"864\">\n<li data-start=\"533\" data-end=\"573\">\n<p data-start=\"535\" data-end=\"573\">Fabricant : <strong data-start=\"547\" data-end=\"571\">Kongsberg Automotive<\/strong><\/p>\n<\/li>\n<li data-start=\"574\" data-end=\"633\">\n<p data-start=\"576\" data-end=\"633\">Type : <strong data-start=\"583\" data-end=\"631\">Servo d\u2019embrayage pneumatique (Clutch Servo)<\/strong><\/p>\n<\/li>\n<li data-start=\"634\" data-end=\"691\">\n<p data-start=\"636\" data-end=\"691\">Corps robuste en alliage m\u00e9tallique haute r\u00e9sistance.<\/p>\n<\/li>\n<li data-start=\"692\" data-end=\"756\">\n<p data-start=\"694\" data-end=\"756\">Membrane interne con\u00e7ue pour supporter les fortes pressions.<\/p>\n<\/li>\n<li data-start=\"757\" data-end=\"864\">\n<p data-start=\"759\" data-end=\"864\">Longue dur\u00e9e de vie et fiabilit\u00e9 prouv\u00e9e en conditions intensives (transport routier, longue distance).<\/p>\n<\/li>\n<\/ul>\n<p data-start=\"866\" data-end=\"889\"><strong data-start=\"869\" data-end=\"887\">Installation :<\/strong><\/p>\n<ul data-start=\"890\" data-end=\"1137\">\n<li data-start=\"890\" data-end=\"985\">\n<p data-start=\"892\" data-end=\"985\">Remplacement direct \u2013 montage sur la cloche d\u2019embrayage selon les sp\u00e9cifications <strong data-start=\"973\" data-end=\"982\">VOLVO<\/strong>.<\/p>\n<\/li>\n<li data-start=\"986\" data-end=\"1064\">\n<p data-start=\"988\" data-end=\"1064\">Connexion au circuit d\u2019air comprim\u00e9 et au syst\u00e8me de commande d\u2019embrayage.<\/p>\n<\/li>\n<li data-start=\"1065\" data-end=\"1137\">\n<p data-start=\"1067\" data-end=\"1137\">V\u00e9rification de l\u2019\u00e9tanch\u00e9it\u00e9 et purge du syst\u00e8me apr\u00e8s installation.<\/p>\n<\/li>\n<\/ul>","protected":false},"featured_media":9616,"comment_status":"open","ping_status":"closed","template":"","meta":[],"product_brand":[78],"product_cat":[70],"product_tag":[93,95],"class_list":{"0":"post-4654","1":"product","2":"type-product","3":"status-publish","4":"has-post-thumbnail","6":"product_brand-kgsb","7":"product_cat-vlv","8":"product_tag-air","9":"product_tag-emb","10":"pa_constructeur-volvo","11":"pa_modele-1000443286amkg","12":"pa_typedepiece-systeme-de-freinage","14":"first","15":"instock","16":"sale","17":"shipping-taxable","18":"purchasable","19":"product-type-simple"},"yoast_head":"<!-- This site is optimized with the Yoast SEO plugin v25.5 - https:\/\/yoast.com\/wordpress\/plugins\/seo\/ -->\n<title>R\u00e9f. : 1000443286AM - TRAKECH PARTS<\/title>\n<meta name=\"robots\" content=\"index, follow, max-snippet:-1, max-image-preview:large, max-video-preview:-1\" \/>\n<link rel=\"canonical\" href=\"https:\/\/trakesh.com\/ar\/notre-boutique\/vlv\/servo-emb-volvo-e6-1000443286am\/\" \/>\n<meta property=\"og:locale\" content=\"ar_AR\" \/>\n<meta property=\"og:type\" content=\"article\" \/>\n<meta property=\"og:title\" content=\"R\u00e9f. : 1000443286AM - TRAKECH PARTS\" \/>\n<meta property=\"og:description\" content=\"Servo d\u2019embrayage pneumatique Compatibilit\u00e9 :     VOLVO (camions poids lourds, selon sp\u00e9cifications constructeur)   Fonction :     Assister le conducteur lors de l\u2019actionnement de la p\u00e9dale d\u2019embrayage.    Utilise la pression d\u2019air du syst\u00e8me pneumatique pour r\u00e9duire l\u2019effort m\u00e9canique.    Am\u00e9liore le confort de conduite et prot\u00e8ge la bo\u00eete de vitesses contre une usure pr\u00e9matur\u00e9e.   Caract\u00e9ristiques :     Fabricant : Kongsberg Automotive    Type : Servo d\u2019embrayage pneumatique (Clutch Servo)    Corps robuste en alliage m\u00e9tallique haute r\u00e9sistance.    Membrane interne con\u00e7ue pour supporter les fortes pressions.    Longue dur\u00e9e de vie et fiabilit\u00e9 prouv\u00e9e en conditions intensives (transport routier, longue distance).   Installation :     Remplacement direct \u2013 montage sur la cloche d\u2019embrayage selon les sp\u00e9cifications VOLVO.    Connexion au circuit d\u2019air comprim\u00e9 et au syst\u00e8me de commande d\u2019embrayage.    V\u00e9rification de l\u2019\u00e9tanch\u00e9it\u00e9 et purge du syst\u00e8me apr\u00e8s installation.\" \/>\n<meta property=\"og:url\" content=\"https:\/\/trakesh.com\/ar\/notre-boutique\/vlv\/servo-emb-volvo-e6-1000443286am\/\" \/>\n<meta property=\"og:site_name\" content=\"TRAKECH PARTS\" \/>\n<meta property=\"article:publisher\" content=\"https:\/\/web.facebook.com\/trakechparts\/?locale=fr_FR\" \/>\n<meta property=\"article:modified_time\" content=\"2025-11-05T16:46:32+00:00\" \/>\n<meta property=\"og:image\" content=\"https:\/\/trakesh.com\/wp-content\/uploads\/2025\/02\/MA-2025-11-05T174552.666.png\" \/>\n\t<meta property=\"og:image:width\" content=\"800\" \/>\n\t<meta property=\"og:image:height\" content=\"800\" \/>\n\t<meta property=\"og:image:type\" content=\"image\/png\" \/>\n<meta name=\"twitter:card\" content=\"summary_large_image\" \/>\n<meta name=\"twitter:label1\" content=\"\u0648\u0642\u062a \u0627\u0644\u0642\u0631\u0627\u0621\u0629 \u0627\u0644\u0645\u064f\u0642\u062f\u0651\u0631\" \/>\n\t<meta name=\"twitter:data1\" content=\"\u062f\u0642\u064a\u0642\u0629 \u0648\u0627\u062d\u062f\u0629\" \/>\n<script type=\"application\/ld+json\" class=\"yoast-schema-graph\">{\"@context\":\"https:\/\/schema.org\",\"@graph\":[{\"@type\":\"WebPage\",\"@id\":\"https:\/\/trakesh.com\/notre-boutique\/vlv\/servo-emb-volvo-e6-1000443286am\/\",\"url\":\"https:\/\/trakesh.com\/notre-boutique\/vlv\/servo-emb-volvo-e6-1000443286am\/\",\"name\":\"R\u00e9f. : 1000443286AM - TRAKECH PARTS\",\"isPartOf\":{\"@id\":\"https:\/\/trakesh.com\/#website\"},\"primaryImageOfPage\":{\"@id\":\"https:\/\/trakesh.com\/notre-boutique\/vlv\/servo-emb-volvo-e6-1000443286am\/#primaryimage\"},\"image\":{\"@id\":\"https:\/\/trakesh.com\/notre-boutique\/vlv\/servo-emb-volvo-e6-1000443286am\/#primaryimage\"},\"thumbnailUrl\":\"https:\/\/trakesh.com\/wp-content\/uploads\/2025\/02\/MA-2025-11-05T174552.666.png\",\"datePublished\":\"2025-02-12T09:40:39+00:00\",\"dateModified\":\"2025-11-05T16:46:32+00:00\",\"breadcrumb\":{\"@id\":\"https:\/\/trakesh.com\/notre-boutique\/vlv\/servo-emb-volvo-e6-1000443286am\/#breadcrumb\"},\"inLanguage\":\"ar\",\"potentialAction\":[{\"@type\":\"ReadAction\",\"target\":[\"https:\/\/trakesh.com\/notre-boutique\/vlv\/servo-emb-volvo-e6-1000443286am\/\"]}]},{\"@type\":\"ImageObject\",\"inLanguage\":\"ar\",\"@id\":\"https:\/\/trakesh.com\/notre-boutique\/vlv\/servo-emb-volvo-e6-1000443286am\/#primaryimage\",\"url\":\"https:\/\/trakesh.com\/wp-content\/uploads\/2025\/02\/MA-2025-11-05T174552.666.png\",\"contentUrl\":\"https:\/\/trakesh.com\/wp-content\/uploads\/2025\/02\/MA-2025-11-05T174552.666.png\",\"width\":800,\"height\":800},{\"@type\":\"BreadcrumbList\",\"@id\":\"https:\/\/trakesh.com\/notre-boutique\/vlv\/servo-emb-volvo-e6-1000443286am\/#breadcrumb\",\"itemListElement\":[{\"@type\":\"ListItem\",\"position\":1,\"name\":\"Home\",\"item\":\"https:\/\/trakesh.com\/\"},{\"@type\":\"ListItem\",\"position\":2,\"name\":\"Notre Boutique\",\"item\":\"https:\/\/trakesh.com\/notre-boutique\/\"},{\"@type\":\"ListItem\",\"position\":3,\"name\":\"R\u00e9f. : 1000443286AM\"}]},{\"@type\":\"WebSite\",\"@id\":\"https:\/\/trakesh.com\/#website\",\"url\":\"https:\/\/trakesh.com\/\",\"name\":\"TRAKECH PARTS\",\"description\":\"Pi\u00e8ces de rechange pour camions MAN, moteurs CATERPILLAR et PERKINS \u2013 Maroc\",\"publisher\":{\"@id\":\"https:\/\/trakesh.com\/#organization\"},\"potentialAction\":[{\"@type\":\"SearchAction\",\"target\":{\"@type\":\"EntryPoint\",\"urlTemplate\":\"https:\/\/trakesh.com\/?s={search_term_string}\"},\"query-input\":{\"@type\":\"PropertyValueSpecification\",\"valueRequired\":true,\"valueName\":\"search_term_string\"}}],\"inLanguage\":\"ar\"},{\"@type\":\"Organization\",\"@id\":\"https:\/\/trakesh.com\/#organization\",\"name\":\"TRAKECH PARTS\",\"url\":\"https:\/\/trakesh.com\/\",\"logo\":{\"@type\":\"ImageObject\",\"inLanguage\":\"ar\",\"@id\":\"https:\/\/trakesh.com\/#\/schema\/logo\/image\/\",\"url\":\"https:\/\/trakesh.com\/wp-content\/uploads\/2025\/05\/cropped-cropped-cropped-cropped-cropped-cropped-cropped-trakesh-removebg-preview-1.png\",\"contentUrl\":\"https:\/\/trakesh.com\/wp-content\/uploads\/2025\/05\/cropped-cropped-cropped-cropped-cropped-cropped-cropped-trakesh-removebg-preview-1.png\",\"width\":342,\"height\":96,\"caption\":\"TRAKECH PARTS\"},\"image\":{\"@id\":\"https:\/\/trakesh.com\/#\/schema\/logo\/image\/\"},\"sameAs\":[\"https:\/\/web.facebook.com\/trakechparts\/?locale=fr_FR\",\"https:\/\/www.instagram.com\/trakech_parts\/\"]}]}<\/script>\n<!-- \/ Yoast SEO plugin. -->","yoast_head_json":{"title":"R\u00e9f. : 1000443286AM - TRAKECH PARTS","robots":{"index":"index","follow":"follow","max-snippet":"max-snippet:-1","max-image-preview":"max-image-preview:large","max-video-preview":"max-video-preview:-1"},"canonical":"https:\/\/trakesh.com\/ar\/notre-boutique\/vlv\/servo-emb-volvo-e6-1000443286am\/","og_locale":"ar_AR","og_type":"article","og_title":"R\u00e9f. : 1000443286AM - TRAKECH PARTS","og_description":"Servo d\u2019embrayage pneumatique Compatibilit\u00e9 :     VOLVO (camions poids lourds, selon sp\u00e9cifications constructeur)   Fonction :     Assister le conducteur lors de l\u2019actionnement de la p\u00e9dale d\u2019embrayage.    Utilise la pression d\u2019air du syst\u00e8me pneumatique pour r\u00e9duire l\u2019effort m\u00e9canique.    Am\u00e9liore le confort de conduite et prot\u00e8ge la bo\u00eete de vitesses contre une usure pr\u00e9matur\u00e9e.   Caract\u00e9ristiques :     Fabricant : Kongsberg Automotive    Type : Servo d\u2019embrayage pneumatique (Clutch Servo)    Corps robuste en alliage m\u00e9tallique haute r\u00e9sistance.    Membrane interne con\u00e7ue pour supporter les fortes pressions.    Longue dur\u00e9e de vie et fiabilit\u00e9 prouv\u00e9e en conditions intensives (transport routier, longue distance).   Installation :     Remplacement direct \u2013 montage sur la cloche d\u2019embrayage selon les sp\u00e9cifications VOLVO.    Connexion au circuit d\u2019air comprim\u00e9 et au syst\u00e8me de commande d\u2019embrayage.    V\u00e9rification de l\u2019\u00e9tanch\u00e9it\u00e9 et purge du syst\u00e8me apr\u00e8s installation.","og_url":"https:\/\/trakesh.com\/ar\/notre-boutique\/vlv\/servo-emb-volvo-e6-1000443286am\/","og_site_name":"TRAKECH PARTS","article_publisher":"https:\/\/web.facebook.com\/trakechparts\/?locale=fr_FR","article_modified_time":"2025-11-05T16:46:32+00:00","og_image":[{"width":800,"height":800,"url":"https:\/\/trakesh.com\/wp-content\/uploads\/2025\/02\/MA-2025-11-05T174552.666.png","type":"image\/png"}],"twitter_card":"summary_large_image","twitter_misc":{"\u0648\u0642\u062a \u0627\u0644\u0642\u0631\u0627\u0621\u0629 \u0627\u0644\u0645\u064f\u0642\u062f\u0651\u0631":"\u062f\u0642\u064a\u0642\u0629 \u0648\u0627\u062d\u062f\u0629"},"schema":{"@context":"https:\/\/schema.org","@graph":[{"@type":"WebPage","@id":"https:\/\/trakesh.com\/notre-boutique\/vlv\/servo-emb-volvo-e6-1000443286am\/","url":"https:\/\/trakesh.com\/notre-boutique\/vlv\/servo-emb-volvo-e6-1000443286am\/","name":"R\u00e9f. : 1000443286AM - TRAKECH PARTS","isPartOf":{"@id":"https:\/\/trakesh.com\/#website"},"primaryImageOfPage":{"@id":"https:\/\/trakesh.com\/notre-boutique\/vlv\/servo-emb-volvo-e6-1000443286am\/#primaryimage"},"image":{"@id":"https:\/\/trakesh.com\/notre-boutique\/vlv\/servo-emb-volvo-e6-1000443286am\/#primaryimage"},"thumbnailUrl":"https:\/\/trakesh.com\/wp-content\/uploads\/2025\/02\/MA-2025-11-05T174552.666.png","datePublished":"2025-02-12T09:40:39+00:00","dateModified":"2025-11-05T16:46:32+00:00","breadcrumb":{"@id":"https:\/\/trakesh.com\/notre-boutique\/vlv\/servo-emb-volvo-e6-1000443286am\/#breadcrumb"},"inLanguage":"ar","potentialAction":[{"@type":"ReadAction","target":["https:\/\/trakesh.com\/notre-boutique\/vlv\/servo-emb-volvo-e6-1000443286am\/"]}]},{"@type":"ImageObject","inLanguage":"ar","@id":"https:\/\/trakesh.com\/notre-boutique\/vlv\/servo-emb-volvo-e6-1000443286am\/#primaryimage","url":"https:\/\/trakesh.com\/wp-content\/uploads\/2025\/02\/MA-2025-11-05T174552.666.png","contentUrl":"https:\/\/trakesh.com\/wp-content\/uploads\/2025\/02\/MA-2025-11-05T174552.666.png","width":800,"height":800},{"@type":"BreadcrumbList","@id":"https:\/\/trakesh.com\/notre-boutique\/vlv\/servo-emb-volvo-e6-1000443286am\/#breadcrumb","itemListElement":[{"@type":"ListItem","position":1,"name":"Home","item":"https:\/\/trakesh.com\/"},{"@type":"ListItem","position":2,"name":"Notre Boutique","item":"https:\/\/trakesh.com\/notre-boutique\/"},{"@type":"ListItem","position":3,"name":"R\u00e9f. : 1000443286AM"}]},{"@type":"WebSite","@id":"https:\/\/trakesh.com\/#website","url":"https:\/\/trakesh.com\/","name":"TRAKECH PARTS","description":"Pi\u00e8ces de rechange pour camions MAN, moteurs CATERPILLAR et PERKINS \u2013 Maroc","publisher":{"@id":"https:\/\/trakesh.com\/#organization"},"potentialAction":[{"@type":"SearchAction","target":{"@type":"EntryPoint","urlTemplate":"https:\/\/trakesh.com\/?s={search_term_string}"},"query-input":{"@type":"PropertyValueSpecification","valueRequired":true,"valueName":"search_term_string"}}],"inLanguage":"ar"},{"@type":"Organization","@id":"https:\/\/trakesh.com\/#organization","name":"TRAKECH PARTS","url":"https:\/\/trakesh.com\/","logo":{"@type":"ImageObject","inLanguage":"ar","@id":"https:\/\/trakesh.com\/#\/schema\/logo\/image\/","url":"https:\/\/trakesh.com\/wp-content\/uploads\/2025\/05\/cropped-cropped-cropped-cropped-cropped-cropped-cropped-trakesh-removebg-preview-1.png","contentUrl":"https:\/\/trakesh.com\/wp-content\/uploads\/2025\/05\/cropped-cropped-cropped-cropped-cropped-cropped-cropped-trakesh-removebg-preview-1.png","width":342,"height":96,"caption":"TRAKECH PARTS"},"image":{"@id":"https:\/\/trakesh.com\/#\/schema\/logo\/image\/"},"sameAs":["https:\/\/web.facebook.com\/trakechparts\/?locale=fr_FR","https:\/\/www.instagram.com\/trakech_parts\/"]}]}},"_links":{"self":[{"href":"https:\/\/trakesh.com\/ar\/wp-json\/wp\/v2\/product\/4654","targetHints":{"allow":["GET"]}}],"collection":[{"href":"https:\/\/trakesh.com\/ar\/wp-json\/wp\/v2\/product"}],"about":[{"href":"https:\/\/trakesh.com\/ar\/wp-json\/wp\/v2\/types\/product"}],"replies":[{"embeddable":true,"href":"https:\/\/trakesh.com\/ar\/wp-json\/wp\/v2\/comments?post=4654"}],"wp:featuredmedia":[{"embeddable":true,"href":"https:\/\/trakesh.com\/ar\/wp-json\/wp\/v2\/media\/9616"}],"wp:attachment":[{"href":"https:\/\/trakesh.com\/ar\/wp-json\/wp\/v2\/media?parent=4654"}],"wp:term":[{"taxonomy":"product_brand","embeddable":true,"href":"https:\/\/trakesh.com\/ar\/wp-json\/wp\/v2\/product_brand?post=4654"},{"taxonomy":"product_cat","embeddable":true,"href":"https:\/\/trakesh.com\/ar\/wp-json\/wp\/v2\/product_cat?post=4654"},{"taxonomy":"product_tag","embeddable":true,"href":"https:\/\/trakesh.com\/ar\/wp-json\/wp\/v2\/product_tag?post=4654"}],"curies":[{"name":"wp","href":"https:\/\/api.w.org\/{rel}","templated":true}]}}