{"id":4659,"date":"2025-02-12T09:51:40","date_gmt":"2025-02-12T09:51:40","guid":{"rendered":"https:\/\/trakesh.com\/?post_type=product&#038;p=4659"},"modified":"2025-11-05T16:57:59","modified_gmt":"2025-11-05T15:57:59","slug":"distributeur-air-std-16-9347140100","status":"publish","type":"product","link":"https:\/\/trakesh.com\/ar\/notre-boutique\/iveco\/distributeur-air-std-16-9347140100\/","title":{"rendered":"R\u00e9f. : 9347140100"},"content":{"rendered":"<p><strong>Description :<\/strong><br data-start=\"1196\" data-end=\"1199\" \/><strong>Le distributeur d\u2019air WABCO 9347140100 est con\u00e7u pour garantir une r\u00e9partition optimale de l\u2019air comprim\u00e9 dans les syst\u00e8mes de freinage pneumatiques des camions et bus multimarques. Sa conception robuste et pr\u00e9cise assure une performance stable et une s\u00e9curit\u00e9 maximale, m\u00eame dans des conditions d\u2019exploitation s\u00e9v\u00e8res.<\/strong><\/p>","protected":false},"excerpt":{"rendered":"<p><strong>Distributeur d\u2019air \u00ab\u00a0STD\u00a0\u00bb<\/strong><\/p>\n<p data-start=\"134\" data-end=\"157\"><strong data-start=\"136\" data-end=\"155\">Compatibilit\u00e9 :<\/strong><\/p>\n<ul data-start=\"158\" data-end=\"301\">\n<li data-start=\"158\" data-end=\"226\">\n<p data-start=\"160\" data-end=\"226\"><strong data-start=\"160\" data-end=\"224\">DAF \/ IVECO \/ MAN \/ MERCEDES-BENZ \/ RENAULT \/ SCANIA \/ VOLVO<\/strong><\/p>\n<\/li>\n<li data-start=\"227\" data-end=\"301\">\n<p data-start=\"229\" data-end=\"301\">Convient aux syst\u00e8mes de freinage pneumatiques de poids lourds et bus.<\/p>\n<\/li>\n<\/ul>\n<p data-start=\"303\" data-end=\"322\"><strong data-start=\"306\" data-end=\"320\">Fonction :<\/strong><\/p>\n<ul data-start=\"323\" data-end=\"543\">\n<li data-start=\"323\" data-end=\"390\">\n<p data-start=\"325\" data-end=\"390\">R\u00e9partir l\u2019air comprim\u00e9 entre les diff\u00e9rents circuits de frein.<\/p>\n<\/li>\n<li data-start=\"391\" data-end=\"463\">\n<p data-start=\"393\" data-end=\"463\">Assurer une <strong data-start=\"405\" data-end=\"432\">distribution \u00e9quilibr\u00e9e<\/strong> et s\u00e9curis\u00e9e de la pression.<\/p>\n<\/li>\n<li data-start=\"464\" data-end=\"543\">\n<p data-start=\"466\" data-end=\"543\">Isoler les sections en cas de fuite pour maintenir la s\u00e9curit\u00e9 du freinage.<\/p>\n<\/li>\n<\/ul>\n<p data-start=\"545\" data-end=\"571\"><strong data-start=\"547\" data-end=\"569\">Caract\u00e9ristiques :<\/strong><\/p>\n<ul data-start=\"572\" data-end=\"942\">\n<li data-start=\"572\" data-end=\"608\">\n<p data-start=\"574\" data-end=\"608\">Fabricant : <strong data-start=\"586\" data-end=\"606\">WABCO (ZF Group)<\/strong><\/p>\n<\/li>\n<li data-start=\"609\" data-end=\"680\">\n<p data-start=\"611\" data-end=\"680\">Type : <strong data-start=\"618\" data-end=\"678\">Distributeur d\u2019air (Air Distributor Valve \/ Relay Valve)<\/strong><\/p>\n<\/li>\n<li data-start=\"681\" data-end=\"757\">\n<p data-start=\"683\" data-end=\"757\">Corps en alliage m\u00e9tallique r\u00e9sistant aux contraintes et \u00e0 la corrosion.<\/p>\n<\/li>\n<li data-start=\"758\" data-end=\"834\">\n<p data-start=\"760\" data-end=\"834\">Conception de haute pr\u00e9cision garantissant une r\u00e9ponse rapide et fiable.<\/p>\n<\/li>\n<li data-start=\"835\" data-end=\"942\">\n<p data-start=\"837\" data-end=\"942\">Grande long\u00e9vit\u00e9, m\u00eame en conditions de service intensif (transport longue distance, v\u00e9hicules lourds).<\/p>\n<\/li>\n<\/ul>\n<p data-start=\"944\" data-end=\"967\"><strong data-start=\"947\" data-end=\"965\">Installation :<\/strong><\/p>\n<ul data-start=\"968\" data-end=\"1174\">\n<li data-start=\"968\" data-end=\"1026\">\n<p data-start=\"970\" data-end=\"1026\">Remplacement direct selon sp\u00e9cifications constructeur.<\/p>\n<\/li>\n<li data-start=\"1027\" data-end=\"1108\">\n<p data-start=\"1029\" data-end=\"1108\">Raccordement sur le circuit d\u2019air via les conduites pr\u00e9vues (entr\u00e9e\/sorties).<\/p>\n<\/li>\n<li data-start=\"1109\" data-end=\"1174\">\n<p data-start=\"1111\" data-end=\"1174\">V\u00e9rification de l\u2019\u00e9tanch\u00e9it\u00e9 et du bon r\u00e9glage apr\u00e8s montage.<\/p>\n<\/li>\n<\/ul>","protected":false},"featured_media":9608,"comment_status":"open","ping_status":"closed","template":"","meta":[],"product_brand":[77],"product_cat":[73,61,76,75,74,72,70],"product_tag":[93,100],"class_list":{"0":"post-4659","1":"product","2":"type-product","3":"status-publish","4":"has-post-thumbnail","6":"product_brand-wbc","7":"product_cat-daf","8":"product_cat-iveco","9":"product_cat-man","10":"product_cat-mrc","11":"product_cat-rvi","12":"product_cat-scania","13":"product_cat-vlv","14":"product_tag-air","15":"product_tag-app","16":"pa_constructeur-daf","17":"pa_constructeur-iveco","18":"pa_constructeur-man","19":"pa_constructeur-mercedes","20":"pa_constructeur-renault","21":"pa_modele-9347140100wb","22":"pa_typedepiece-systeme-de-freinage","24":"first","25":"instock","26":"sale","27":"shipping-taxable","28":"purchasable","29":"product-type-simple"},"yoast_head":"<!-- This site is optimized with the Yoast SEO plugin v25.5 - https:\/\/yoast.com\/wordpress\/plugins\/seo\/ -->\n<title>R\u00e9f. : 9347140100 - TRAKECH PARTS<\/title>\n<meta name=\"robots\" content=\"index, follow, max-snippet:-1, max-image-preview:large, max-video-preview:-1\" \/>\n<link rel=\"canonical\" href=\"https:\/\/trakesh.com\/ar\/notre-boutique\/iveco\/distributeur-air-std-16-9347140100\/\" \/>\n<meta property=\"og:locale\" content=\"ar_AR\" \/>\n<meta property=\"og:type\" content=\"article\" \/>\n<meta property=\"og:title\" content=\"R\u00e9f. : 9347140100 - TRAKECH PARTS\" \/>\n<meta property=\"og:description\" content=\"Distributeur d\u2019air &quot;STD&quot; Compatibilit\u00e9 :     DAF \/ IVECO \/ MAN \/ MERCEDES-BENZ \/ RENAULT \/ SCANIA \/ VOLVO    Convient aux syst\u00e8mes de freinage pneumatiques de poids lourds et bus.   Fonction :     R\u00e9partir l\u2019air comprim\u00e9 entre les diff\u00e9rents circuits de frein.    Assurer une distribution \u00e9quilibr\u00e9e et s\u00e9curis\u00e9e de la pression.    Isoler les sections en cas de fuite pour maintenir la s\u00e9curit\u00e9 du freinage.   Caract\u00e9ristiques :     Fabricant : WABCO (ZF Group)    Type : Distributeur d\u2019air (Air Distributor Valve \/ Relay Valve)    Corps en alliage m\u00e9tallique r\u00e9sistant aux contraintes et \u00e0 la corrosion.    Conception de haute pr\u00e9cision garantissant une r\u00e9ponse rapide et fiable.    Grande long\u00e9vit\u00e9, m\u00eame en conditions de service intensif (transport longue distance, v\u00e9hicules lourds).   Installation :     Remplacement direct selon sp\u00e9cifications constructeur.    Raccordement sur le circuit d\u2019air via les conduites pr\u00e9vues (entr\u00e9e\/sorties).    V\u00e9rification de l\u2019\u00e9tanch\u00e9it\u00e9 et du bon r\u00e9glage apr\u00e8s montage.\" \/>\n<meta property=\"og:url\" content=\"https:\/\/trakesh.com\/ar\/notre-boutique\/iveco\/distributeur-air-std-16-9347140100\/\" \/>\n<meta property=\"og:site_name\" content=\"TRAKECH PARTS\" \/>\n<meta property=\"article:publisher\" content=\"https:\/\/web.facebook.com\/trakechparts\/?locale=fr_FR\" \/>\n<meta property=\"article:modified_time\" content=\"2025-11-05T15:57:59+00:00\" \/>\n<meta property=\"og:image\" content=\"https:\/\/trakesh.com\/wp-content\/uploads\/2025\/02\/199.png\" \/>\n\t<meta property=\"og:image:width\" content=\"800\" \/>\n\t<meta property=\"og:image:height\" content=\"800\" \/>\n\t<meta property=\"og:image:type\" content=\"image\/png\" \/>\n<meta name=\"twitter:card\" content=\"summary_large_image\" \/>\n<meta name=\"twitter:label1\" content=\"\u0648\u0642\u062a \u0627\u0644\u0642\u0631\u0627\u0621\u0629 \u0627\u0644\u0645\u064f\u0642\u062f\u0651\u0631\" \/>\n\t<meta name=\"twitter:data1\" content=\"\u062f\u0642\u064a\u0642\u0629 \u0648\u0627\u062d\u062f\u0629\" \/>\n<script type=\"application\/ld+json\" class=\"yoast-schema-graph\">{\"@context\":\"https:\/\/schema.org\",\"@graph\":[{\"@type\":\"WebPage\",\"@id\":\"https:\/\/trakesh.com\/notre-boutique\/iveco\/distributeur-air-std-16-9347140100\/\",\"url\":\"https:\/\/trakesh.com\/notre-boutique\/iveco\/distributeur-air-std-16-9347140100\/\",\"name\":\"R\u00e9f. : 9347140100 - TRAKECH PARTS\",\"isPartOf\":{\"@id\":\"https:\/\/trakesh.com\/#website\"},\"primaryImageOfPage\":{\"@id\":\"https:\/\/trakesh.com\/notre-boutique\/iveco\/distributeur-air-std-16-9347140100\/#primaryimage\"},\"image\":{\"@id\":\"https:\/\/trakesh.com\/notre-boutique\/iveco\/distributeur-air-std-16-9347140100\/#primaryimage\"},\"thumbnailUrl\":\"https:\/\/trakesh.com\/wp-content\/uploads\/2025\/02\/199.png\",\"datePublished\":\"2025-02-12T09:51:40+00:00\",\"dateModified\":\"2025-11-05T15:57:59+00:00\",\"breadcrumb\":{\"@id\":\"https:\/\/trakesh.com\/notre-boutique\/iveco\/distributeur-air-std-16-9347140100\/#breadcrumb\"},\"inLanguage\":\"ar\",\"potentialAction\":[{\"@type\":\"ReadAction\",\"target\":[\"https:\/\/trakesh.com\/notre-boutique\/iveco\/distributeur-air-std-16-9347140100\/\"]}]},{\"@type\":\"ImageObject\",\"inLanguage\":\"ar\",\"@id\":\"https:\/\/trakesh.com\/notre-boutique\/iveco\/distributeur-air-std-16-9347140100\/#primaryimage\",\"url\":\"https:\/\/trakesh.com\/wp-content\/uploads\/2025\/02\/199.png\",\"contentUrl\":\"https:\/\/trakesh.com\/wp-content\/uploads\/2025\/02\/199.png\",\"width\":800,\"height\":800},{\"@type\":\"BreadcrumbList\",\"@id\":\"https:\/\/trakesh.com\/notre-boutique\/iveco\/distributeur-air-std-16-9347140100\/#breadcrumb\",\"itemListElement\":[{\"@type\":\"ListItem\",\"position\":1,\"name\":\"Home\",\"item\":\"https:\/\/trakesh.com\/\"},{\"@type\":\"ListItem\",\"position\":2,\"name\":\"Notre Boutique\",\"item\":\"https:\/\/trakesh.com\/notre-boutique\/\"},{\"@type\":\"ListItem\",\"position\":3,\"name\":\"R\u00e9f. : 9347140100\"}]},{\"@type\":\"WebSite\",\"@id\":\"https:\/\/trakesh.com\/#website\",\"url\":\"https:\/\/trakesh.com\/\",\"name\":\"TRAKECH PARTS\",\"description\":\"Pi\u00e8ces de rechange pour camions MAN, moteurs CATERPILLAR et PERKINS \u2013 Maroc\",\"publisher\":{\"@id\":\"https:\/\/trakesh.com\/#organization\"},\"potentialAction\":[{\"@type\":\"SearchAction\",\"target\":{\"@type\":\"EntryPoint\",\"urlTemplate\":\"https:\/\/trakesh.com\/?s={search_term_string}\"},\"query-input\":{\"@type\":\"PropertyValueSpecification\",\"valueRequired\":true,\"valueName\":\"search_term_string\"}}],\"inLanguage\":\"ar\"},{\"@type\":\"Organization\",\"@id\":\"https:\/\/trakesh.com\/#organization\",\"name\":\"TRAKECH PARTS\",\"url\":\"https:\/\/trakesh.com\/\",\"logo\":{\"@type\":\"ImageObject\",\"inLanguage\":\"ar\",\"@id\":\"https:\/\/trakesh.com\/#\/schema\/logo\/image\/\",\"url\":\"https:\/\/trakesh.com\/wp-content\/uploads\/2025\/05\/cropped-cropped-cropped-cropped-cropped-cropped-cropped-trakesh-removebg-preview-1.png\",\"contentUrl\":\"https:\/\/trakesh.com\/wp-content\/uploads\/2025\/05\/cropped-cropped-cropped-cropped-cropped-cropped-cropped-trakesh-removebg-preview-1.png\",\"width\":342,\"height\":96,\"caption\":\"TRAKECH PARTS\"},\"image\":{\"@id\":\"https:\/\/trakesh.com\/#\/schema\/logo\/image\/\"},\"sameAs\":[\"https:\/\/web.facebook.com\/trakechparts\/?locale=fr_FR\",\"https:\/\/www.instagram.com\/trakech_parts\/\"]}]}<\/script>\n<!-- \/ Yoast SEO plugin. -->","yoast_head_json":{"title":"R\u00e9f. : 9347140100 - TRAKECH PARTS","robots":{"index":"index","follow":"follow","max-snippet":"max-snippet:-1","max-image-preview":"max-image-preview:large","max-video-preview":"max-video-preview:-1"},"canonical":"https:\/\/trakesh.com\/ar\/notre-boutique\/iveco\/distributeur-air-std-16-9347140100\/","og_locale":"ar_AR","og_type":"article","og_title":"R\u00e9f. : 9347140100 - TRAKECH PARTS","og_description":"Distributeur d\u2019air \"STD\" Compatibilit\u00e9 :     DAF \/ IVECO \/ MAN \/ MERCEDES-BENZ \/ RENAULT \/ SCANIA \/ VOLVO    Convient aux syst\u00e8mes de freinage pneumatiques de poids lourds et bus.   Fonction :     R\u00e9partir l\u2019air comprim\u00e9 entre les diff\u00e9rents circuits de frein.    Assurer une distribution \u00e9quilibr\u00e9e et s\u00e9curis\u00e9e de la pression.    Isoler les sections en cas de fuite pour maintenir la s\u00e9curit\u00e9 du freinage.   Caract\u00e9ristiques :     Fabricant : WABCO (ZF Group)    Type : Distributeur d\u2019air (Air Distributor Valve \/ Relay Valve)    Corps en alliage m\u00e9tallique r\u00e9sistant aux contraintes et \u00e0 la corrosion.    Conception de haute pr\u00e9cision garantissant une r\u00e9ponse rapide et fiable.    Grande long\u00e9vit\u00e9, m\u00eame en conditions de service intensif (transport longue distance, v\u00e9hicules lourds).   Installation :     Remplacement direct selon sp\u00e9cifications constructeur.    Raccordement sur le circuit d\u2019air via les conduites pr\u00e9vues (entr\u00e9e\/sorties).    V\u00e9rification de l\u2019\u00e9tanch\u00e9it\u00e9 et du bon r\u00e9glage apr\u00e8s montage.","og_url":"https:\/\/trakesh.com\/ar\/notre-boutique\/iveco\/distributeur-air-std-16-9347140100\/","og_site_name":"TRAKECH PARTS","article_publisher":"https:\/\/web.facebook.com\/trakechparts\/?locale=fr_FR","article_modified_time":"2025-11-05T15:57:59+00:00","og_image":[{"width":800,"height":800,"url":"https:\/\/trakesh.com\/wp-content\/uploads\/2025\/02\/199.png","type":"image\/png"}],"twitter_card":"summary_large_image","twitter_misc":{"\u0648\u0642\u062a \u0627\u0644\u0642\u0631\u0627\u0621\u0629 \u0627\u0644\u0645\u064f\u0642\u062f\u0651\u0631":"\u062f\u0642\u064a\u0642\u0629 \u0648\u0627\u062d\u062f\u0629"},"schema":{"@context":"https:\/\/schema.org","@graph":[{"@type":"WebPage","@id":"https:\/\/trakesh.com\/notre-boutique\/iveco\/distributeur-air-std-16-9347140100\/","url":"https:\/\/trakesh.com\/notre-boutique\/iveco\/distributeur-air-std-16-9347140100\/","name":"R\u00e9f. : 9347140100 - TRAKECH PARTS","isPartOf":{"@id":"https:\/\/trakesh.com\/#website"},"primaryImageOfPage":{"@id":"https:\/\/trakesh.com\/notre-boutique\/iveco\/distributeur-air-std-16-9347140100\/#primaryimage"},"image":{"@id":"https:\/\/trakesh.com\/notre-boutique\/iveco\/distributeur-air-std-16-9347140100\/#primaryimage"},"thumbnailUrl":"https:\/\/trakesh.com\/wp-content\/uploads\/2025\/02\/199.png","datePublished":"2025-02-12T09:51:40+00:00","dateModified":"2025-11-05T15:57:59+00:00","breadcrumb":{"@id":"https:\/\/trakesh.com\/notre-boutique\/iveco\/distributeur-air-std-16-9347140100\/#breadcrumb"},"inLanguage":"ar","potentialAction":[{"@type":"ReadAction","target":["https:\/\/trakesh.com\/notre-boutique\/iveco\/distributeur-air-std-16-9347140100\/"]}]},{"@type":"ImageObject","inLanguage":"ar","@id":"https:\/\/trakesh.com\/notre-boutique\/iveco\/distributeur-air-std-16-9347140100\/#primaryimage","url":"https:\/\/trakesh.com\/wp-content\/uploads\/2025\/02\/199.png","contentUrl":"https:\/\/trakesh.com\/wp-content\/uploads\/2025\/02\/199.png","width":800,"height":800},{"@type":"BreadcrumbList","@id":"https:\/\/trakesh.com\/notre-boutique\/iveco\/distributeur-air-std-16-9347140100\/#breadcrumb","itemListElement":[{"@type":"ListItem","position":1,"name":"Home","item":"https:\/\/trakesh.com\/"},{"@type":"ListItem","position":2,"name":"Notre Boutique","item":"https:\/\/trakesh.com\/notre-boutique\/"},{"@type":"ListItem","position":3,"name":"R\u00e9f. : 9347140100"}]},{"@type":"WebSite","@id":"https:\/\/trakesh.com\/#website","url":"https:\/\/trakesh.com\/","name":"TRAKECH PARTS","description":"Pi\u00e8ces de rechange pour camions MAN, moteurs CATERPILLAR et PERKINS \u2013 Maroc","publisher":{"@id":"https:\/\/trakesh.com\/#organization"},"potentialAction":[{"@type":"SearchAction","target":{"@type":"EntryPoint","urlTemplate":"https:\/\/trakesh.com\/?s={search_term_string}"},"query-input":{"@type":"PropertyValueSpecification","valueRequired":true,"valueName":"search_term_string"}}],"inLanguage":"ar"},{"@type":"Organization","@id":"https:\/\/trakesh.com\/#organization","name":"TRAKECH PARTS","url":"https:\/\/trakesh.com\/","logo":{"@type":"ImageObject","inLanguage":"ar","@id":"https:\/\/trakesh.com\/#\/schema\/logo\/image\/","url":"https:\/\/trakesh.com\/wp-content\/uploads\/2025\/05\/cropped-cropped-cropped-cropped-cropped-cropped-cropped-trakesh-removebg-preview-1.png","contentUrl":"https:\/\/trakesh.com\/wp-content\/uploads\/2025\/05\/cropped-cropped-cropped-cropped-cropped-cropped-cropped-trakesh-removebg-preview-1.png","width":342,"height":96,"caption":"TRAKECH PARTS"},"image":{"@id":"https:\/\/trakesh.com\/#\/schema\/logo\/image\/"},"sameAs":["https:\/\/web.facebook.com\/trakechparts\/?locale=fr_FR","https:\/\/www.instagram.com\/trakech_parts\/"]}]}},"_links":{"self":[{"href":"https:\/\/trakesh.com\/ar\/wp-json\/wp\/v2\/product\/4659","targetHints":{"allow":["GET"]}}],"collection":[{"href":"https:\/\/trakesh.com\/ar\/wp-json\/wp\/v2\/product"}],"about":[{"href":"https:\/\/trakesh.com\/ar\/wp-json\/wp\/v2\/types\/product"}],"replies":[{"embeddable":true,"href":"https:\/\/trakesh.com\/ar\/wp-json\/wp\/v2\/comments?post=4659"}],"wp:featuredmedia":[{"embeddable":true,"href":"https:\/\/trakesh.com\/ar\/wp-json\/wp\/v2\/media\/9608"}],"wp:attachment":[{"href":"https:\/\/trakesh.com\/ar\/wp-json\/wp\/v2\/media?parent=4659"}],"wp:term":[{"taxonomy":"product_brand","embeddable":true,"href":"https:\/\/trakesh.com\/ar\/wp-json\/wp\/v2\/product_brand?post=4659"},{"taxonomy":"product_cat","embeddable":true,"href":"https:\/\/trakesh.com\/ar\/wp-json\/wp\/v2\/product_cat?post=4659"},{"taxonomy":"product_tag","embeddable":true,"href":"https:\/\/trakesh.com\/ar\/wp-json\/wp\/v2\/product_tag?post=4659"}],"curies":[{"name":"wp","href":"https:\/\/api.w.org\/{rel}","templated":true}]}}