{"id":4749,"date":"2025-02-15T22:17:10","date_gmt":"2025-02-15T22:17:10","guid":{"rendered":"https:\/\/trakesh.com\/?post_type=product&#038;p=4749"},"modified":"2025-11-05T16:38:52","modified_gmt":"2025-11-05T15:38:52","slug":"soupape-de-commande-wabco","status":"publish","type":"product","link":"https:\/\/trakesh.com\/ar\/notre-boutique\/scania\/soupape-de-commande-wabco\/","title":{"rendered":"R\u00e9f. : 4640060020"},"content":{"rendered":"<p><strong>Description :<\/strong><br data-start=\"1013\" data-end=\"1016\" \/><strong>La soupape de commande WABCO 464006002 est sp\u00e9cialement con\u00e7ue pour les syst\u00e8mes pneumatiques SCANIA. Elle assure la distribution et la r\u00e9gulation optimales de l\u2019air comprim\u00e9 dans le circuit de freinage, garantissant s\u00e9curit\u00e9 et fiabilit\u00e9. Sa conception robuste et ses composants de haute qualit\u00e9 permettent une longue dur\u00e9e de service et une performance constante dans toutes les conditions d\u2019utilisation.<\/strong><\/p>","protected":false},"excerpt":{"rendered":"<div class=\"flex max-w-full flex-col flex-grow\">\n<div class=\"min-h-8 text-message flex w-full flex-col items-end gap-2 whitespace-normal break-words text-start [.text-message+&amp;]:mt-5\" dir=\"auto\" data-message-author-role=\"assistant\" data-message-id=\"38f4d042-4d54-4481-b659-c4f841bdcf24\" data-message-model-slug=\"gpt-4o\">\n<div class=\"flex w-full flex-col gap-1 empty:hidden first:pt-[3px]\">\n<div class=\"markdown prose w-full break-words dark:prose-invert light\"><strong>Soupape de commande<\/strong><\/div>\n<\/div>\n<\/div>\n<\/div>\n<div class=\"mb-2 flex gap-3 empty:hidden -ml-2\">\n<div class=\"items-center justify-start rounded-xl p-1 flex\">\n<div class=\"flex items-center\">\n<p data-start=\"141\" data-end=\"162\"><strong data-start=\"143\" data-end=\"160\">Application :<\/strong><\/p>\n<ul data-start=\"163\" data-end=\"298\">\n<li data-start=\"163\" data-end=\"239\">\n<p data-start=\"165\" data-end=\"239\">V\u00e9hicules industriels <strong data-start=\"187\" data-end=\"197\">SCANIA<\/strong> \u00e9quip\u00e9s de syst\u00e8mes pneumatiques WABCO.<\/p>\n<\/li>\n<li data-start=\"240\" data-end=\"298\">\n<p data-start=\"242\" data-end=\"298\">Int\u00e9gr\u00e9e dans les circuits de freinage \u00e0 air comprim\u00e9.<\/p>\n<\/li>\n<\/ul>\n<p data-start=\"300\" data-end=\"319\"><strong data-start=\"303\" data-end=\"317\">Fonction :<\/strong><\/p>\n<ul data-start=\"320\" data-end=\"551\">\n<li data-start=\"320\" data-end=\"386\">\n<p data-start=\"322\" data-end=\"386\">Agit comme <strong data-start=\"333\" data-end=\"355\">organe de commande<\/strong> dans le syst\u00e8me de freinage.<\/p>\n<\/li>\n<li data-start=\"387\" data-end=\"458\">\n<p data-start=\"389\" data-end=\"458\">Distribue et r\u00e9gule la pression d\u2019air selon les besoins du circuit.<\/p>\n<\/li>\n<li data-start=\"459\" data-end=\"551\">\n<p data-start=\"461\" data-end=\"551\">Assure la transmission fiable de la commande du conducteur aux actionneurs pneumatiques.<\/p>\n<\/li>\n<\/ul>\n<p data-start=\"553\" data-end=\"579\"><strong data-start=\"555\" data-end=\"577\">Caract\u00e9ristiques :<\/strong><\/p>\n<ul data-start=\"580\" data-end=\"831\">\n<li data-start=\"580\" data-end=\"616\">\n<p data-start=\"582\" data-end=\"616\">Fabricant : <strong data-start=\"594\" data-end=\"614\">WABCO (ZF Group)<\/strong><\/p>\n<\/li>\n<li data-start=\"617\" data-end=\"656\">\n<p data-start=\"619\" data-end=\"656\">Corps robuste en alliage m\u00e9tallique<\/p>\n<\/li>\n<li data-start=\"657\" data-end=\"722\">\n<p data-start=\"659\" data-end=\"722\">Conception haute pr\u00e9cision garantissant une r\u00e9gulation stable<\/p>\n<\/li>\n<li data-start=\"723\" data-end=\"776\">\n<p data-start=\"725\" data-end=\"776\">Pression de service adapt\u00e9e aux normes <strong data-start=\"764\" data-end=\"774\">SCANIA<\/strong><\/p>\n<\/li>\n<li data-start=\"777\" data-end=\"831\">\n<p data-start=\"779\" data-end=\"831\">Durabilit\u00e9 \u00e9lev\u00e9e face aux contraintes de la route<\/p>\n<\/li>\n<\/ul>\n<p data-start=\"833\" data-end=\"856\"><strong data-start=\"836\" data-end=\"854\">Installation :<\/strong><\/p>\n<ul data-start=\"857\" data-end=\"991\">\n<li data-start=\"857\" data-end=\"925\">\n<p data-start=\"859\" data-end=\"925\">Remplacement direct selon les <strong data-start=\"889\" data-end=\"922\">sp\u00e9cifications SCANIA \/ WABCO<\/strong>.<\/p>\n<\/li>\n<li data-start=\"926\" data-end=\"991\">\n<p data-start=\"928\" data-end=\"991\">V\u00e9rifier l\u2019\u00e9tanch\u00e9it\u00e9 et le raccordement des conduites d\u2019air.<\/p>\n<\/li>\n<\/ul>\n<div class=\"flex\"><\/div>\n<p>&nbsp;<\/p>\n<div class=\"flex items-center pb-0\"><\/div>\n<\/div>\n<\/div>\n<\/div>","protected":false},"featured_media":9602,"comment_status":"open","ping_status":"closed","template":"","meta":[],"product_brand":[77],"product_cat":[72],"product_tag":[101],"class_list":{"0":"post-4749","1":"product","2":"type-product","3":"status-publish","4":"has-post-thumbnail","6":"product_brand-wbc","7":"product_cat-scania","8":"product_tag-wabco-soupape-freinpneumatique-camion-piecescamion-securiteroutiere-systemedefrein-accessoirescamion","9":"pa_constructeur-scania","10":"pa_modele-464006002wb","11":"pa_typedepiece-systemepneumatique","13":"first","14":"instock","15":"sale","16":"shipping-taxable","17":"purchasable","18":"product-type-simple"},"yoast_head":"<!-- This site is optimized with the Yoast SEO plugin v25.5 - https:\/\/yoast.com\/wordpress\/plugins\/seo\/ -->\n<title>R\u00e9f. : 4640060020 - TRAKECH PARTS<\/title>\n<meta name=\"robots\" content=\"index, follow, max-snippet:-1, max-image-preview:large, max-video-preview:-1\" \/>\n<link rel=\"canonical\" href=\"https:\/\/trakesh.com\/ar\/notre-boutique\/scania\/soupape-de-commande-wabco\/\" \/>\n<meta property=\"og:locale\" content=\"ar_AR\" \/>\n<meta property=\"og:type\" content=\"article\" \/>\n<meta property=\"og:title\" content=\"R\u00e9f. : 4640060020 - TRAKECH PARTS\" \/>\n<meta property=\"og:description\" content=\"Soupape de commande       Application :     V\u00e9hicules industriels SCANIA \u00e9quip\u00e9s de syst\u00e8mes pneumatiques WABCO.    Int\u00e9gr\u00e9e dans les circuits de freinage \u00e0 air comprim\u00e9.   Fonction :     Agit comme organe de commande dans le syst\u00e8me de freinage.    Distribue et r\u00e9gule la pression d\u2019air selon les besoins du circuit.    Assure la transmission fiable de la commande du conducteur aux actionneurs pneumatiques.   Caract\u00e9ristiques :     Fabricant : WABCO (ZF Group)    Corps robuste en alliage m\u00e9tallique    Conception haute pr\u00e9cision garantissant une r\u00e9gulation stable    Pression de service adapt\u00e9e aux normes SCANIA    Durabilit\u00e9 \u00e9lev\u00e9e face aux contraintes de la route   Installation :     Remplacement direct selon les sp\u00e9cifications SCANIA \/ WABCO.    V\u00e9rifier l\u2019\u00e9tanch\u00e9it\u00e9 et le raccordement des conduites d\u2019air.    &nbsp;\" \/>\n<meta property=\"og:url\" content=\"https:\/\/trakesh.com\/ar\/notre-boutique\/scania\/soupape-de-commande-wabco\/\" \/>\n<meta property=\"og:site_name\" content=\"TRAKECH PARTS\" \/>\n<meta property=\"article:publisher\" content=\"https:\/\/web.facebook.com\/trakechparts\/?locale=fr_FR\" \/>\n<meta property=\"article:modified_time\" content=\"2025-11-05T15:38:52+00:00\" \/>\n<meta property=\"og:image\" content=\"https:\/\/trakesh.com\/wp-content\/uploads\/2025\/02\/169.png\" \/>\n\t<meta property=\"og:image:width\" content=\"800\" \/>\n\t<meta property=\"og:image:height\" content=\"800\" \/>\n\t<meta property=\"og:image:type\" content=\"image\/png\" \/>\n<meta name=\"twitter:card\" content=\"summary_large_image\" \/>\n<meta name=\"twitter:label1\" content=\"\u0648\u0642\u062a \u0627\u0644\u0642\u0631\u0627\u0621\u0629 \u0627\u0644\u0645\u064f\u0642\u062f\u0651\u0631\" \/>\n\t<meta name=\"twitter:data1\" content=\"\u062f\u0642\u064a\u0642\u0629 \u0648\u0627\u062d\u062f\u0629\" \/>\n<script type=\"application\/ld+json\" class=\"yoast-schema-graph\">{\"@context\":\"https:\/\/schema.org\",\"@graph\":[{\"@type\":\"WebPage\",\"@id\":\"https:\/\/trakesh.com\/notre-boutique\/scania\/soupape-de-commande-wabco\/\",\"url\":\"https:\/\/trakesh.com\/notre-boutique\/scania\/soupape-de-commande-wabco\/\",\"name\":\"R\u00e9f. : 4640060020 - TRAKECH PARTS\",\"isPartOf\":{\"@id\":\"https:\/\/trakesh.com\/#website\"},\"primaryImageOfPage\":{\"@id\":\"https:\/\/trakesh.com\/notre-boutique\/scania\/soupape-de-commande-wabco\/#primaryimage\"},\"image\":{\"@id\":\"https:\/\/trakesh.com\/notre-boutique\/scania\/soupape-de-commande-wabco\/#primaryimage\"},\"thumbnailUrl\":\"https:\/\/trakesh.com\/wp-content\/uploads\/2025\/02\/169.png\",\"datePublished\":\"2025-02-15T22:17:10+00:00\",\"dateModified\":\"2025-11-05T15:38:52+00:00\",\"breadcrumb\":{\"@id\":\"https:\/\/trakesh.com\/notre-boutique\/scania\/soupape-de-commande-wabco\/#breadcrumb\"},\"inLanguage\":\"ar\",\"potentialAction\":[{\"@type\":\"ReadAction\",\"target\":[\"https:\/\/trakesh.com\/notre-boutique\/scania\/soupape-de-commande-wabco\/\"]}]},{\"@type\":\"ImageObject\",\"inLanguage\":\"ar\",\"@id\":\"https:\/\/trakesh.com\/notre-boutique\/scania\/soupape-de-commande-wabco\/#primaryimage\",\"url\":\"https:\/\/trakesh.com\/wp-content\/uploads\/2025\/02\/169.png\",\"contentUrl\":\"https:\/\/trakesh.com\/wp-content\/uploads\/2025\/02\/169.png\",\"width\":800,\"height\":800},{\"@type\":\"BreadcrumbList\",\"@id\":\"https:\/\/trakesh.com\/notre-boutique\/scania\/soupape-de-commande-wabco\/#breadcrumb\",\"itemListElement\":[{\"@type\":\"ListItem\",\"position\":1,\"name\":\"Home\",\"item\":\"https:\/\/trakesh.com\/\"},{\"@type\":\"ListItem\",\"position\":2,\"name\":\"Notre Boutique\",\"item\":\"https:\/\/trakesh.com\/notre-boutique\/\"},{\"@type\":\"ListItem\",\"position\":3,\"name\":\"R\u00e9f. : 4640060020\"}]},{\"@type\":\"WebSite\",\"@id\":\"https:\/\/trakesh.com\/#website\",\"url\":\"https:\/\/trakesh.com\/\",\"name\":\"TRAKECH PARTS\",\"description\":\"Pi\u00e8ces de rechange pour camions MAN, moteurs CATERPILLAR et PERKINS \u2013 Maroc\",\"publisher\":{\"@id\":\"https:\/\/trakesh.com\/#organization\"},\"potentialAction\":[{\"@type\":\"SearchAction\",\"target\":{\"@type\":\"EntryPoint\",\"urlTemplate\":\"https:\/\/trakesh.com\/?s={search_term_string}\"},\"query-input\":{\"@type\":\"PropertyValueSpecification\",\"valueRequired\":true,\"valueName\":\"search_term_string\"}}],\"inLanguage\":\"ar\"},{\"@type\":\"Organization\",\"@id\":\"https:\/\/trakesh.com\/#organization\",\"name\":\"TRAKECH PARTS\",\"url\":\"https:\/\/trakesh.com\/\",\"logo\":{\"@type\":\"ImageObject\",\"inLanguage\":\"ar\",\"@id\":\"https:\/\/trakesh.com\/#\/schema\/logo\/image\/\",\"url\":\"https:\/\/trakesh.com\/wp-content\/uploads\/2025\/05\/cropped-cropped-cropped-cropped-cropped-cropped-cropped-trakesh-removebg-preview-1.png\",\"contentUrl\":\"https:\/\/trakesh.com\/wp-content\/uploads\/2025\/05\/cropped-cropped-cropped-cropped-cropped-cropped-cropped-trakesh-removebg-preview-1.png\",\"width\":342,\"height\":96,\"caption\":\"TRAKECH PARTS\"},\"image\":{\"@id\":\"https:\/\/trakesh.com\/#\/schema\/logo\/image\/\"},\"sameAs\":[\"https:\/\/web.facebook.com\/trakechparts\/?locale=fr_FR\",\"https:\/\/www.instagram.com\/trakech_parts\/\"]}]}<\/script>\n<!-- \/ Yoast SEO plugin. -->","yoast_head_json":{"title":"R\u00e9f. : 4640060020 - TRAKECH PARTS","robots":{"index":"index","follow":"follow","max-snippet":"max-snippet:-1","max-image-preview":"max-image-preview:large","max-video-preview":"max-video-preview:-1"},"canonical":"https:\/\/trakesh.com\/ar\/notre-boutique\/scania\/soupape-de-commande-wabco\/","og_locale":"ar_AR","og_type":"article","og_title":"R\u00e9f. : 4640060020 - TRAKECH PARTS","og_description":"Soupape de commande       Application :     V\u00e9hicules industriels SCANIA \u00e9quip\u00e9s de syst\u00e8mes pneumatiques WABCO.    Int\u00e9gr\u00e9e dans les circuits de freinage \u00e0 air comprim\u00e9.   Fonction :     Agit comme organe de commande dans le syst\u00e8me de freinage.    Distribue et r\u00e9gule la pression d\u2019air selon les besoins du circuit.    Assure la transmission fiable de la commande du conducteur aux actionneurs pneumatiques.   Caract\u00e9ristiques :     Fabricant : WABCO (ZF Group)    Corps robuste en alliage m\u00e9tallique    Conception haute pr\u00e9cision garantissant une r\u00e9gulation stable    Pression de service adapt\u00e9e aux normes SCANIA    Durabilit\u00e9 \u00e9lev\u00e9e face aux contraintes de la route   Installation :     Remplacement direct selon les sp\u00e9cifications SCANIA \/ WABCO.    V\u00e9rifier l\u2019\u00e9tanch\u00e9it\u00e9 et le raccordement des conduites d\u2019air.    &nbsp;","og_url":"https:\/\/trakesh.com\/ar\/notre-boutique\/scania\/soupape-de-commande-wabco\/","og_site_name":"TRAKECH PARTS","article_publisher":"https:\/\/web.facebook.com\/trakechparts\/?locale=fr_FR","article_modified_time":"2025-11-05T15:38:52+00:00","og_image":[{"width":800,"height":800,"url":"https:\/\/trakesh.com\/wp-content\/uploads\/2025\/02\/169.png","type":"image\/png"}],"twitter_card":"summary_large_image","twitter_misc":{"\u0648\u0642\u062a \u0627\u0644\u0642\u0631\u0627\u0621\u0629 \u0627\u0644\u0645\u064f\u0642\u062f\u0651\u0631":"\u062f\u0642\u064a\u0642\u0629 \u0648\u0627\u062d\u062f\u0629"},"schema":{"@context":"https:\/\/schema.org","@graph":[{"@type":"WebPage","@id":"https:\/\/trakesh.com\/notre-boutique\/scania\/soupape-de-commande-wabco\/","url":"https:\/\/trakesh.com\/notre-boutique\/scania\/soupape-de-commande-wabco\/","name":"R\u00e9f. : 4640060020 - TRAKECH PARTS","isPartOf":{"@id":"https:\/\/trakesh.com\/#website"},"primaryImageOfPage":{"@id":"https:\/\/trakesh.com\/notre-boutique\/scania\/soupape-de-commande-wabco\/#primaryimage"},"image":{"@id":"https:\/\/trakesh.com\/notre-boutique\/scania\/soupape-de-commande-wabco\/#primaryimage"},"thumbnailUrl":"https:\/\/trakesh.com\/wp-content\/uploads\/2025\/02\/169.png","datePublished":"2025-02-15T22:17:10+00:00","dateModified":"2025-11-05T15:38:52+00:00","breadcrumb":{"@id":"https:\/\/trakesh.com\/notre-boutique\/scania\/soupape-de-commande-wabco\/#breadcrumb"},"inLanguage":"ar","potentialAction":[{"@type":"ReadAction","target":["https:\/\/trakesh.com\/notre-boutique\/scania\/soupape-de-commande-wabco\/"]}]},{"@type":"ImageObject","inLanguage":"ar","@id":"https:\/\/trakesh.com\/notre-boutique\/scania\/soupape-de-commande-wabco\/#primaryimage","url":"https:\/\/trakesh.com\/wp-content\/uploads\/2025\/02\/169.png","contentUrl":"https:\/\/trakesh.com\/wp-content\/uploads\/2025\/02\/169.png","width":800,"height":800},{"@type":"BreadcrumbList","@id":"https:\/\/trakesh.com\/notre-boutique\/scania\/soupape-de-commande-wabco\/#breadcrumb","itemListElement":[{"@type":"ListItem","position":1,"name":"Home","item":"https:\/\/trakesh.com\/"},{"@type":"ListItem","position":2,"name":"Notre Boutique","item":"https:\/\/trakesh.com\/notre-boutique\/"},{"@type":"ListItem","position":3,"name":"R\u00e9f. : 4640060020"}]},{"@type":"WebSite","@id":"https:\/\/trakesh.com\/#website","url":"https:\/\/trakesh.com\/","name":"TRAKECH PARTS","description":"Pi\u00e8ces de rechange pour camions MAN, moteurs CATERPILLAR et PERKINS \u2013 Maroc","publisher":{"@id":"https:\/\/trakesh.com\/#organization"},"potentialAction":[{"@type":"SearchAction","target":{"@type":"EntryPoint","urlTemplate":"https:\/\/trakesh.com\/?s={search_term_string}"},"query-input":{"@type":"PropertyValueSpecification","valueRequired":true,"valueName":"search_term_string"}}],"inLanguage":"ar"},{"@type":"Organization","@id":"https:\/\/trakesh.com\/#organization","name":"TRAKECH PARTS","url":"https:\/\/trakesh.com\/","logo":{"@type":"ImageObject","inLanguage":"ar","@id":"https:\/\/trakesh.com\/#\/schema\/logo\/image\/","url":"https:\/\/trakesh.com\/wp-content\/uploads\/2025\/05\/cropped-cropped-cropped-cropped-cropped-cropped-cropped-trakesh-removebg-preview-1.png","contentUrl":"https:\/\/trakesh.com\/wp-content\/uploads\/2025\/05\/cropped-cropped-cropped-cropped-cropped-cropped-cropped-trakesh-removebg-preview-1.png","width":342,"height":96,"caption":"TRAKECH PARTS"},"image":{"@id":"https:\/\/trakesh.com\/#\/schema\/logo\/image\/"},"sameAs":["https:\/\/web.facebook.com\/trakechparts\/?locale=fr_FR","https:\/\/www.instagram.com\/trakech_parts\/"]}]}},"_links":{"self":[{"href":"https:\/\/trakesh.com\/ar\/wp-json\/wp\/v2\/product\/4749","targetHints":{"allow":["GET"]}}],"collection":[{"href":"https:\/\/trakesh.com\/ar\/wp-json\/wp\/v2\/product"}],"about":[{"href":"https:\/\/trakesh.com\/ar\/wp-json\/wp\/v2\/types\/product"}],"replies":[{"embeddable":true,"href":"https:\/\/trakesh.com\/ar\/wp-json\/wp\/v2\/comments?post=4749"}],"wp:featuredmedia":[{"embeddable":true,"href":"https:\/\/trakesh.com\/ar\/wp-json\/wp\/v2\/media\/9602"}],"wp:attachment":[{"href":"https:\/\/trakesh.com\/ar\/wp-json\/wp\/v2\/media?parent=4749"}],"wp:term":[{"taxonomy":"product_brand","embeddable":true,"href":"https:\/\/trakesh.com\/ar\/wp-json\/wp\/v2\/product_brand?post=4749"},{"taxonomy":"product_cat","embeddable":true,"href":"https:\/\/trakesh.com\/ar\/wp-json\/wp\/v2\/product_cat?post=4749"},{"taxonomy":"product_tag","embeddable":true,"href":"https:\/\/trakesh.com\/ar\/wp-json\/wp\/v2\/product_tag?post=4749"}],"curies":[{"name":"wp","href":"https:\/\/api.w.org\/{rel}","templated":true}]}}