{"id":8508,"date":"2025-08-21T00:15:48","date_gmt":"2025-08-20T23:15:48","guid":{"rendered":"https:\/\/trakesh.com\/?post_type=product&#038;p=8508"},"modified":"2025-11-05T00:01:15","modified_gmt":"2025-11-04T23:01:15","slug":"ref-1000938236am","status":"publish","type":"product","link":"https:\/\/trakesh.com\/ar\/notre-boutique\/man\/ref-1000938236am\/","title":{"rendered":"R\u00e9f. : 1000938236AM"},"content":{"rendered":"<p data-start=\"973\" data-end=\"1405\"><strong>Description :<\/strong><br data-start=\"993\" data-end=\"996\" \/><strong>Le Clutch Servo pneumatique Kongsberg 1000938236AM, con\u00e7u pour les v\u00e9hicules MAN, assure une assistance fiable et performante de la commande d\u2019embrayage. Gr\u00e2ce \u00e0 son action pneumatique, il r\u00e9duit consid\u00e9rablement l\u2019effort du conducteur tout en pr\u00e9servant la dur\u00e9e de vie de l\u2019embrayage. Sa robustesse et sa pr\u00e9cision en font un choix id\u00e9al pour les applications intensives des v\u00e9hicules industriels MAN.<\/strong><\/p>","protected":false},"excerpt":{"rendered":"<p><strong>Clutch Servo pneumatique<\/strong><\/p>\n<p data-start=\"144\" data-end=\"169\"><strong data-start=\"146\" data-end=\"167\">Compatible avec :<\/strong><\/p>\n<ul data-start=\"170\" data-end=\"276\">\n<li data-start=\"170\" data-end=\"276\">\n<p data-start=\"172\" data-end=\"276\"><strong data-start=\"172\" data-end=\"194\">Camions et bus MAN<\/strong> (gammes \u00e9quip\u00e9es d\u2019embrayages pneumatiques, selon sp\u00e9cifications constructeur).<\/p>\n<\/li>\n<\/ul>\n<p data-start=\"278\" data-end=\"297\"><strong data-start=\"281\" data-end=\"295\">Fonction :<\/strong><\/p>\n<ul data-start=\"298\" data-end=\"486\">\n<li data-start=\"298\" data-end=\"358\">\n<p data-start=\"300\" data-end=\"358\">Assurer l\u2019assistance pneumatique du syst\u00e8me d\u2019embrayage.<\/p>\n<\/li>\n<li data-start=\"359\" data-end=\"405\">\n<p data-start=\"361\" data-end=\"405\">R\u00e9duire l\u2019effort n\u00e9cessaire sur la p\u00e9dale.<\/p>\n<\/li>\n<li data-start=\"406\" data-end=\"486\">\n<p data-start=\"408\" data-end=\"486\">Am\u00e9liorer le confort de conduite et prot\u00e9ger les composants de transmission.<\/p>\n<\/li>\n<\/ul>\n<p data-start=\"488\" data-end=\"514\"><strong data-start=\"490\" data-end=\"512\">Caract\u00e9ristiques :<\/strong><\/p>\n<ul data-start=\"515\" data-end=\"836\">\n<li data-start=\"515\" data-end=\"582\">\n<p data-start=\"517\" data-end=\"582\">Fabricant : <strong data-start=\"529\" data-end=\"553\">Kongsberg Automotive<\/strong> (fournisseur OEM reconnu).<\/p>\n<\/li>\n<li data-start=\"583\" data-end=\"626\">\n<p data-start=\"585\" data-end=\"626\">Type : <strong data-start=\"592\" data-end=\"623\">Servo-embrayage pneumatique<\/strong>.<\/p>\n<\/li>\n<li data-start=\"627\" data-end=\"688\">\n<p data-start=\"629\" data-end=\"688\">Corps robuste en alliage m\u00e9tallique trait\u00e9 anticorrosion.<\/p>\n<\/li>\n<li data-start=\"689\" data-end=\"757\">\n<p data-start=\"691\" data-end=\"757\">Conception haute pr\u00e9cision pour usage intensif sur poids lourds.<\/p>\n<\/li>\n<li data-start=\"758\" data-end=\"836\">\n<p data-start=\"760\" data-end=\"836\">Durabilit\u00e9 \u00e9lev\u00e9e gr\u00e2ce \u00e0 des mat\u00e9riaux r\u00e9sistants aux fortes contraintes.<\/p>\n<\/li>\n<\/ul>\n<p data-start=\"838\" data-end=\"861\"><strong data-start=\"841\" data-end=\"859\">Installation :<\/strong><\/p>\n<ul data-start=\"862\" data-end=\"971\">\n<li data-start=\"862\" data-end=\"908\">\n<p data-start=\"864\" data-end=\"908\">Remplacement direct de la pi\u00e8ce d\u2019origine.<\/p>\n<\/li>\n<li data-start=\"909\" data-end=\"971\">\n<p data-start=\"911\" data-end=\"971\">Montage conforme aux recommandations constructeur <strong data-start=\"961\" data-end=\"968\">MAN<\/strong>.<\/p>\n<\/li>\n<\/ul>","protected":false},"featured_media":9585,"comment_status":"open","ping_status":"closed","template":"","meta":[],"product_brand":[78],"product_cat":[76],"product_tag":[],"class_list":{"0":"post-8508","1":"product","2":"type-product","3":"status-publish","4":"has-post-thumbnail","6":"product_brand-kgsb","7":"product_cat-man","9":"first","10":"instock","11":"shipping-taxable","12":"product-type-simple"},"yoast_head":"<!-- This site is optimized with the Yoast SEO plugin v25.5 - https:\/\/yoast.com\/wordpress\/plugins\/seo\/ -->\n<title>R\u00e9f. : 1000938236AM - TRAKECH PARTS<\/title>\n<meta name=\"robots\" content=\"index, follow, max-snippet:-1, max-image-preview:large, max-video-preview:-1\" \/>\n<link rel=\"canonical\" href=\"https:\/\/trakesh.com\/ar\/notre-boutique\/man\/ref-1000938236am\/\" \/>\n<meta property=\"og:locale\" content=\"ar_AR\" \/>\n<meta property=\"og:type\" content=\"article\" \/>\n<meta property=\"og:title\" content=\"R\u00e9f. : 1000938236AM - TRAKECH PARTS\" \/>\n<meta property=\"og:description\" content=\"Clutch Servo pneumatique Compatible avec :     Camions et bus MAN (gammes \u00e9quip\u00e9es d\u2019embrayages pneumatiques, selon sp\u00e9cifications constructeur).   Fonction :     Assurer l\u2019assistance pneumatique du syst\u00e8me d\u2019embrayage.    R\u00e9duire l\u2019effort n\u00e9cessaire sur la p\u00e9dale.    Am\u00e9liorer le confort de conduite et prot\u00e9ger les composants de transmission.   Caract\u00e9ristiques :     Fabricant : Kongsberg Automotive (fournisseur OEM reconnu).    Type : Servo-embrayage pneumatique.    Corps robuste en alliage m\u00e9tallique trait\u00e9 anticorrosion.    Conception haute pr\u00e9cision pour usage intensif sur poids lourds.    Durabilit\u00e9 \u00e9lev\u00e9e gr\u00e2ce \u00e0 des mat\u00e9riaux r\u00e9sistants aux fortes contraintes.   Installation :     Remplacement direct de la pi\u00e8ce d\u2019origine.    Montage conforme aux recommandations constructeur MAN.\" \/>\n<meta property=\"og:url\" content=\"https:\/\/trakesh.com\/ar\/notre-boutique\/man\/ref-1000938236am\/\" \/>\n<meta property=\"og:site_name\" content=\"TRAKECH PARTS\" \/>\n<meta property=\"article:publisher\" content=\"https:\/\/web.facebook.com\/trakechparts\/?locale=fr_FR\" \/>\n<meta property=\"article:modified_time\" content=\"2025-11-04T23:01:15+00:00\" \/>\n<meta property=\"og:image\" content=\"https:\/\/trakesh.com\/wp-content\/uploads\/2025\/08\/MA-2025-11-05T000038.459.png\" \/>\n\t<meta property=\"og:image:width\" content=\"800\" \/>\n\t<meta property=\"og:image:height\" content=\"800\" \/>\n\t<meta property=\"og:image:type\" content=\"image\/png\" \/>\n<meta name=\"twitter:card\" content=\"summary_large_image\" \/>\n<meta name=\"twitter:label1\" content=\"\u0648\u0642\u062a \u0627\u0644\u0642\u0631\u0627\u0621\u0629 \u0627\u0644\u0645\u064f\u0642\u062f\u0651\u0631\" \/>\n\t<meta name=\"twitter:data1\" content=\"\u062f\u0642\u064a\u0642\u0629 \u0648\u0627\u062d\u062f\u0629\" \/>\n<script type=\"application\/ld+json\" class=\"yoast-schema-graph\">{\"@context\":\"https:\/\/schema.org\",\"@graph\":[{\"@type\":\"WebPage\",\"@id\":\"https:\/\/trakesh.com\/notre-boutique\/man\/ref-1000938236am\/\",\"url\":\"https:\/\/trakesh.com\/notre-boutique\/man\/ref-1000938236am\/\",\"name\":\"R\u00e9f. : 1000938236AM - TRAKECH PARTS\",\"isPartOf\":{\"@id\":\"https:\/\/trakesh.com\/#website\"},\"primaryImageOfPage\":{\"@id\":\"https:\/\/trakesh.com\/notre-boutique\/man\/ref-1000938236am\/#primaryimage\"},\"image\":{\"@id\":\"https:\/\/trakesh.com\/notre-boutique\/man\/ref-1000938236am\/#primaryimage\"},\"thumbnailUrl\":\"https:\/\/trakesh.com\/wp-content\/uploads\/2025\/08\/MA-2025-11-05T000038.459.png\",\"datePublished\":\"2025-08-20T23:15:48+00:00\",\"dateModified\":\"2025-11-04T23:01:15+00:00\",\"breadcrumb\":{\"@id\":\"https:\/\/trakesh.com\/notre-boutique\/man\/ref-1000938236am\/#breadcrumb\"},\"inLanguage\":\"ar\",\"potentialAction\":[{\"@type\":\"ReadAction\",\"target\":[\"https:\/\/trakesh.com\/notre-boutique\/man\/ref-1000938236am\/\"]}]},{\"@type\":\"ImageObject\",\"inLanguage\":\"ar\",\"@id\":\"https:\/\/trakesh.com\/notre-boutique\/man\/ref-1000938236am\/#primaryimage\",\"url\":\"https:\/\/trakesh.com\/wp-content\/uploads\/2025\/08\/MA-2025-11-05T000038.459.png\",\"contentUrl\":\"https:\/\/trakesh.com\/wp-content\/uploads\/2025\/08\/MA-2025-11-05T000038.459.png\",\"width\":800,\"height\":800},{\"@type\":\"BreadcrumbList\",\"@id\":\"https:\/\/trakesh.com\/notre-boutique\/man\/ref-1000938236am\/#breadcrumb\",\"itemListElement\":[{\"@type\":\"ListItem\",\"position\":1,\"name\":\"Home\",\"item\":\"https:\/\/trakesh.com\/\"},{\"@type\":\"ListItem\",\"position\":2,\"name\":\"Notre Boutique\",\"item\":\"https:\/\/trakesh.com\/notre-boutique\/\"},{\"@type\":\"ListItem\",\"position\":3,\"name\":\"R\u00e9f. : 1000938236AM\"}]},{\"@type\":\"WebSite\",\"@id\":\"https:\/\/trakesh.com\/#website\",\"url\":\"https:\/\/trakesh.com\/\",\"name\":\"TRAKECH PARTS\",\"description\":\"Pi\u00e8ces de rechange pour camions MAN, moteurs CATERPILLAR et PERKINS \u2013 Maroc\",\"publisher\":{\"@id\":\"https:\/\/trakesh.com\/#organization\"},\"potentialAction\":[{\"@type\":\"SearchAction\",\"target\":{\"@type\":\"EntryPoint\",\"urlTemplate\":\"https:\/\/trakesh.com\/?s={search_term_string}\"},\"query-input\":{\"@type\":\"PropertyValueSpecification\",\"valueRequired\":true,\"valueName\":\"search_term_string\"}}],\"inLanguage\":\"ar\"},{\"@type\":\"Organization\",\"@id\":\"https:\/\/trakesh.com\/#organization\",\"name\":\"TRAKECH PARTS\",\"url\":\"https:\/\/trakesh.com\/\",\"logo\":{\"@type\":\"ImageObject\",\"inLanguage\":\"ar\",\"@id\":\"https:\/\/trakesh.com\/#\/schema\/logo\/image\/\",\"url\":\"https:\/\/trakesh.com\/wp-content\/uploads\/2025\/05\/cropped-cropped-cropped-cropped-cropped-cropped-cropped-trakesh-removebg-preview-1.png\",\"contentUrl\":\"https:\/\/trakesh.com\/wp-content\/uploads\/2025\/05\/cropped-cropped-cropped-cropped-cropped-cropped-cropped-trakesh-removebg-preview-1.png\",\"width\":342,\"height\":96,\"caption\":\"TRAKECH PARTS\"},\"image\":{\"@id\":\"https:\/\/trakesh.com\/#\/schema\/logo\/image\/\"},\"sameAs\":[\"https:\/\/web.facebook.com\/trakechparts\/?locale=fr_FR\",\"https:\/\/www.instagram.com\/trakech_parts\/\"]}]}<\/script>\n<!-- \/ Yoast SEO plugin. -->","yoast_head_json":{"title":"R\u00e9f. : 1000938236AM - TRAKECH PARTS","robots":{"index":"index","follow":"follow","max-snippet":"max-snippet:-1","max-image-preview":"max-image-preview:large","max-video-preview":"max-video-preview:-1"},"canonical":"https:\/\/trakesh.com\/ar\/notre-boutique\/man\/ref-1000938236am\/","og_locale":"ar_AR","og_type":"article","og_title":"R\u00e9f. : 1000938236AM - TRAKECH PARTS","og_description":"Clutch Servo pneumatique Compatible avec :     Camions et bus MAN (gammes \u00e9quip\u00e9es d\u2019embrayages pneumatiques, selon sp\u00e9cifications constructeur).   Fonction :     Assurer l\u2019assistance pneumatique du syst\u00e8me d\u2019embrayage.    R\u00e9duire l\u2019effort n\u00e9cessaire sur la p\u00e9dale.    Am\u00e9liorer le confort de conduite et prot\u00e9ger les composants de transmission.   Caract\u00e9ristiques :     Fabricant : Kongsberg Automotive (fournisseur OEM reconnu).    Type : Servo-embrayage pneumatique.    Corps robuste en alliage m\u00e9tallique trait\u00e9 anticorrosion.    Conception haute pr\u00e9cision pour usage intensif sur poids lourds.    Durabilit\u00e9 \u00e9lev\u00e9e gr\u00e2ce \u00e0 des mat\u00e9riaux r\u00e9sistants aux fortes contraintes.   Installation :     Remplacement direct de la pi\u00e8ce d\u2019origine.    Montage conforme aux recommandations constructeur MAN.","og_url":"https:\/\/trakesh.com\/ar\/notre-boutique\/man\/ref-1000938236am\/","og_site_name":"TRAKECH PARTS","article_publisher":"https:\/\/web.facebook.com\/trakechparts\/?locale=fr_FR","article_modified_time":"2025-11-04T23:01:15+00:00","og_image":[{"width":800,"height":800,"url":"https:\/\/trakesh.com\/wp-content\/uploads\/2025\/08\/MA-2025-11-05T000038.459.png","type":"image\/png"}],"twitter_card":"summary_large_image","twitter_misc":{"\u0648\u0642\u062a \u0627\u0644\u0642\u0631\u0627\u0621\u0629 \u0627\u0644\u0645\u064f\u0642\u062f\u0651\u0631":"\u062f\u0642\u064a\u0642\u0629 \u0648\u0627\u062d\u062f\u0629"},"schema":{"@context":"https:\/\/schema.org","@graph":[{"@type":"WebPage","@id":"https:\/\/trakesh.com\/notre-boutique\/man\/ref-1000938236am\/","url":"https:\/\/trakesh.com\/notre-boutique\/man\/ref-1000938236am\/","name":"R\u00e9f. : 1000938236AM - TRAKECH PARTS","isPartOf":{"@id":"https:\/\/trakesh.com\/#website"},"primaryImageOfPage":{"@id":"https:\/\/trakesh.com\/notre-boutique\/man\/ref-1000938236am\/#primaryimage"},"image":{"@id":"https:\/\/trakesh.com\/notre-boutique\/man\/ref-1000938236am\/#primaryimage"},"thumbnailUrl":"https:\/\/trakesh.com\/wp-content\/uploads\/2025\/08\/MA-2025-11-05T000038.459.png","datePublished":"2025-08-20T23:15:48+00:00","dateModified":"2025-11-04T23:01:15+00:00","breadcrumb":{"@id":"https:\/\/trakesh.com\/notre-boutique\/man\/ref-1000938236am\/#breadcrumb"},"inLanguage":"ar","potentialAction":[{"@type":"ReadAction","target":["https:\/\/trakesh.com\/notre-boutique\/man\/ref-1000938236am\/"]}]},{"@type":"ImageObject","inLanguage":"ar","@id":"https:\/\/trakesh.com\/notre-boutique\/man\/ref-1000938236am\/#primaryimage","url":"https:\/\/trakesh.com\/wp-content\/uploads\/2025\/08\/MA-2025-11-05T000038.459.png","contentUrl":"https:\/\/trakesh.com\/wp-content\/uploads\/2025\/08\/MA-2025-11-05T000038.459.png","width":800,"height":800},{"@type":"BreadcrumbList","@id":"https:\/\/trakesh.com\/notre-boutique\/man\/ref-1000938236am\/#breadcrumb","itemListElement":[{"@type":"ListItem","position":1,"name":"Home","item":"https:\/\/trakesh.com\/"},{"@type":"ListItem","position":2,"name":"Notre Boutique","item":"https:\/\/trakesh.com\/notre-boutique\/"},{"@type":"ListItem","position":3,"name":"R\u00e9f. : 1000938236AM"}]},{"@type":"WebSite","@id":"https:\/\/trakesh.com\/#website","url":"https:\/\/trakesh.com\/","name":"TRAKECH PARTS","description":"Pi\u00e8ces de rechange pour camions MAN, moteurs CATERPILLAR et PERKINS \u2013 Maroc","publisher":{"@id":"https:\/\/trakesh.com\/#organization"},"potentialAction":[{"@type":"SearchAction","target":{"@type":"EntryPoint","urlTemplate":"https:\/\/trakesh.com\/?s={search_term_string}"},"query-input":{"@type":"PropertyValueSpecification","valueRequired":true,"valueName":"search_term_string"}}],"inLanguage":"ar"},{"@type":"Organization","@id":"https:\/\/trakesh.com\/#organization","name":"TRAKECH PARTS","url":"https:\/\/trakesh.com\/","logo":{"@type":"ImageObject","inLanguage":"ar","@id":"https:\/\/trakesh.com\/#\/schema\/logo\/image\/","url":"https:\/\/trakesh.com\/wp-content\/uploads\/2025\/05\/cropped-cropped-cropped-cropped-cropped-cropped-cropped-trakesh-removebg-preview-1.png","contentUrl":"https:\/\/trakesh.com\/wp-content\/uploads\/2025\/05\/cropped-cropped-cropped-cropped-cropped-cropped-cropped-trakesh-removebg-preview-1.png","width":342,"height":96,"caption":"TRAKECH PARTS"},"image":{"@id":"https:\/\/trakesh.com\/#\/schema\/logo\/image\/"},"sameAs":["https:\/\/web.facebook.com\/trakechparts\/?locale=fr_FR","https:\/\/www.instagram.com\/trakech_parts\/"]}]}},"_links":{"self":[{"href":"https:\/\/trakesh.com\/ar\/wp-json\/wp\/v2\/product\/8508","targetHints":{"allow":["GET"]}}],"collection":[{"href":"https:\/\/trakesh.com\/ar\/wp-json\/wp\/v2\/product"}],"about":[{"href":"https:\/\/trakesh.com\/ar\/wp-json\/wp\/v2\/types\/product"}],"replies":[{"embeddable":true,"href":"https:\/\/trakesh.com\/ar\/wp-json\/wp\/v2\/comments?post=8508"}],"wp:featuredmedia":[{"embeddable":true,"href":"https:\/\/trakesh.com\/ar\/wp-json\/wp\/v2\/media\/9585"}],"wp:attachment":[{"href":"https:\/\/trakesh.com\/ar\/wp-json\/wp\/v2\/media?parent=8508"}],"wp:term":[{"taxonomy":"product_brand","embeddable":true,"href":"https:\/\/trakesh.com\/ar\/wp-json\/wp\/v2\/product_brand?post=8508"},{"taxonomy":"product_cat","embeddable":true,"href":"https:\/\/trakesh.com\/ar\/wp-json\/wp\/v2\/product_cat?post=8508"},{"taxonomy":"product_tag","embeddable":true,"href":"https:\/\/trakesh.com\/ar\/wp-json\/wp\/v2\/product_tag?post=8508"}],"curies":[{"name":"wp","href":"https:\/\/api.w.org\/{rel}","templated":true}]}}