{"id":8510,"date":"2025-08-21T00:24:17","date_gmt":"2025-08-20T23:24:17","guid":{"rendered":"https:\/\/trakesh.com\/?post_type=product&#038;p=8510"},"modified":"2025-11-04T23:58:59","modified_gmt":"2025-11-04T22:58:59","slug":"ref-629300am","status":"publish","type":"product","link":"https:\/\/trakesh.com\/ar\/notre-boutique\/rvi\/ref-629300am\/","title":{"rendered":"R\u00e9f. : 629300AM"},"content":{"rendered":"<p><strong>Description :<\/strong><br data-start=\"1162\" data-end=\"1165\" \/><strong>Le Clutch Servo pneumatique Kongsberg 629300AM, destin\u00e9 aux v\u00e9hicules Renault Trucks, garantit un fonctionnement fiable et une conduite plus confortable. Gr\u00e2ce \u00e0 l\u2019utilisation de l\u2019air comprim\u00e9 du syst\u00e8me pneumatique, il r\u00e9duit significativement l\u2019effort \u00e0 la p\u00e9dale et assure une meilleure long\u00e9vit\u00e9 de l\u2019embrayage. Sa conception robuste et pr\u00e9cise en fait un choix s\u00fbr pour les flottes et les professionnels recherchant durabilit\u00e9 et performance.<\/strong><\/p>","protected":false},"excerpt":{"rendered":"<p><strong data-start=\"74\" data-end=\"124\">Clutch Servo pneumatique<\/strong><\/p>\n<p data-start=\"153\" data-end=\"178\"><strong data-start=\"155\" data-end=\"176\">Compatible avec :<\/strong><\/p>\n<ul data-start=\"179\" data-end=\"304\">\n<li data-start=\"179\" data-end=\"304\">\n<p data-start=\"181\" data-end=\"304\"><strong data-start=\"181\" data-end=\"199\">Renault Trucks<\/strong> (gammes poids lourds et utilitaires \u00e9quip\u00e9s d\u2019embrayages pneumatiques, selon r\u00e9f\u00e9rences constructeur).<\/p>\n<\/li>\n<\/ul>\n<p data-start=\"306\" data-end=\"325\"><strong data-start=\"309\" data-end=\"323\">Fonction :<\/strong><\/p>\n<ul data-start=\"326\" data-end=\"551\">\n<li data-start=\"326\" data-end=\"390\">\n<p data-start=\"328\" data-end=\"390\">Assurer l\u2019assistance pneumatique de la commande d\u2019embrayage.<\/p>\n<\/li>\n<li data-start=\"391\" data-end=\"443\">\n<p data-start=\"393\" data-end=\"443\">R\u00e9duire l\u2019effort \u00e0 la p\u00e9dale pour le conducteur.<\/p>\n<\/li>\n<li data-start=\"444\" data-end=\"551\">\n<p data-start=\"446\" data-end=\"551\">Am\u00e9liorer la pr\u00e9cision et la souplesse du d\u00e9brayage, tout en prot\u00e9geant l\u2019embrayage et la transmission.<\/p>\n<\/li>\n<\/ul>\n<p data-start=\"553\" data-end=\"579\"><strong data-start=\"555\" data-end=\"577\">Caract\u00e9ristiques :<\/strong><\/p>\n<ul data-start=\"580\" data-end=\"989\">\n<li data-start=\"580\" data-end=\"703\">\n<p data-start=\"582\" data-end=\"703\">Fabricant : <strong data-start=\"594\" data-end=\"618\">Kongsberg Automotive<\/strong> \u2013 \u00e9quipementier d\u2019origine pour les syst\u00e8mes d\u2019assistance d\u2019embrayage pneumatiques.<\/p>\n<\/li>\n<li data-start=\"704\" data-end=\"747\">\n<p data-start=\"706\" data-end=\"747\">Type : <strong data-start=\"713\" data-end=\"744\">Servo-embrayage pneumatique<\/strong>.<\/p>\n<\/li>\n<li data-start=\"748\" data-end=\"809\">\n<p data-start=\"750\" data-end=\"809\">Construction robuste en alliage m\u00e9tallique anticorrosion.<\/p>\n<\/li>\n<li data-start=\"810\" data-end=\"902\">\n<p data-start=\"812\" data-end=\"902\">Conception haute pr\u00e9cision, adapt\u00e9e aux fortes sollicitations des v\u00e9hicules industriels.<\/p>\n<\/li>\n<li data-start=\"903\" data-end=\"989\">\n<p data-start=\"905\" data-end=\"989\">Performance constante m\u00eame en conditions extr\u00eames (poids lourds, longue distance).<\/p>\n<\/li>\n<\/ul>\n<p data-start=\"991\" data-end=\"1014\"><strong data-start=\"994\" data-end=\"1012\">Installation :<\/strong><\/p>\n<ul data-start=\"1015\" data-end=\"1140\">\n<li data-start=\"1015\" data-end=\"1061\">\n<p data-start=\"1017\" data-end=\"1061\">Remplacement direct de la pi\u00e8ce d\u2019origine.<\/p>\n<\/li>\n<li data-start=\"1062\" data-end=\"1140\">\n<p data-start=\"1064\" data-end=\"1140\">Montage facile, conforme aux instructions constructeur <strong data-start=\"1119\" data-end=\"1137\">Renault Trucks<\/strong>.<\/p>\n<\/li>\n<\/ul>","protected":false},"featured_media":9584,"comment_status":"open","ping_status":"closed","template":"","meta":[],"product_brand":[78],"product_cat":[74],"product_tag":[],"class_list":{"0":"post-8510","1":"product","2":"type-product","3":"status-publish","4":"has-post-thumbnail","6":"product_brand-kgsb","7":"product_cat-rvi","9":"first","10":"instock","11":"shipping-taxable","12":"product-type-simple"},"yoast_head":"<!-- This site is optimized with the Yoast SEO plugin v25.5 - https:\/\/yoast.com\/wordpress\/plugins\/seo\/ -->\n<title>R\u00e9f. : 629300AM - TRAKECH PARTS<\/title>\n<meta name=\"robots\" content=\"index, follow, max-snippet:-1, max-image-preview:large, max-video-preview:-1\" \/>\n<link rel=\"canonical\" href=\"https:\/\/trakesh.com\/ar\/notre-boutique\/rvi\/ref-629300am\/\" \/>\n<meta property=\"og:locale\" content=\"ar_AR\" \/>\n<meta property=\"og:type\" content=\"article\" \/>\n<meta property=\"og:title\" content=\"R\u00e9f. : 629300AM - TRAKECH PARTS\" \/>\n<meta property=\"og:description\" content=\"Clutch Servo pneumatique Compatible avec :     Renault Trucks (gammes poids lourds et utilitaires \u00e9quip\u00e9s d\u2019embrayages pneumatiques, selon r\u00e9f\u00e9rences constructeur).   Fonction :     Assurer l\u2019assistance pneumatique de la commande d\u2019embrayage.    R\u00e9duire l\u2019effort \u00e0 la p\u00e9dale pour le conducteur.    Am\u00e9liorer la pr\u00e9cision et la souplesse du d\u00e9brayage, tout en prot\u00e9geant l\u2019embrayage et la transmission.   Caract\u00e9ristiques :     Fabricant : Kongsberg Automotive \u2013 \u00e9quipementier d\u2019origine pour les syst\u00e8mes d\u2019assistance d\u2019embrayage pneumatiques.    Type : Servo-embrayage pneumatique.    Construction robuste en alliage m\u00e9tallique anticorrosion.    Conception haute pr\u00e9cision, adapt\u00e9e aux fortes sollicitations des v\u00e9hicules industriels.    Performance constante m\u00eame en conditions extr\u00eames (poids lourds, longue distance).   Installation :     Remplacement direct de la pi\u00e8ce d\u2019origine.    Montage facile, conforme aux instructions constructeur Renault Trucks.\" \/>\n<meta property=\"og:url\" content=\"https:\/\/trakesh.com\/ar\/notre-boutique\/rvi\/ref-629300am\/\" \/>\n<meta property=\"og:site_name\" content=\"TRAKECH PARTS\" \/>\n<meta property=\"article:publisher\" content=\"https:\/\/web.facebook.com\/trakechparts\/?locale=fr_FR\" \/>\n<meta property=\"article:modified_time\" content=\"2025-11-04T22:58:59+00:00\" \/>\n<meta property=\"og:image\" content=\"https:\/\/trakesh.com\/wp-content\/uploads\/2025\/08\/MA-2025-11-04T235824.559.png\" \/>\n\t<meta property=\"og:image:width\" content=\"800\" \/>\n\t<meta property=\"og:image:height\" content=\"800\" \/>\n\t<meta property=\"og:image:type\" content=\"image\/png\" \/>\n<meta name=\"twitter:card\" content=\"summary_large_image\" \/>\n<meta name=\"twitter:label1\" content=\"\u0648\u0642\u062a \u0627\u0644\u0642\u0631\u0627\u0621\u0629 \u0627\u0644\u0645\u064f\u0642\u062f\u0651\u0631\" \/>\n\t<meta name=\"twitter:data1\" content=\"\u062f\u0642\u064a\u0642\u0629 \u0648\u0627\u062d\u062f\u0629\" \/>\n<script type=\"application\/ld+json\" class=\"yoast-schema-graph\">{\"@context\":\"https:\/\/schema.org\",\"@graph\":[{\"@type\":\"WebPage\",\"@id\":\"https:\/\/trakesh.com\/notre-boutique\/rvi\/ref-629300am\/\",\"url\":\"https:\/\/trakesh.com\/notre-boutique\/rvi\/ref-629300am\/\",\"name\":\"R\u00e9f. : 629300AM - TRAKECH PARTS\",\"isPartOf\":{\"@id\":\"https:\/\/trakesh.com\/#website\"},\"primaryImageOfPage\":{\"@id\":\"https:\/\/trakesh.com\/notre-boutique\/rvi\/ref-629300am\/#primaryimage\"},\"image\":{\"@id\":\"https:\/\/trakesh.com\/notre-boutique\/rvi\/ref-629300am\/#primaryimage\"},\"thumbnailUrl\":\"https:\/\/trakesh.com\/wp-content\/uploads\/2025\/08\/MA-2025-11-04T235824.559.png\",\"datePublished\":\"2025-08-20T23:24:17+00:00\",\"dateModified\":\"2025-11-04T22:58:59+00:00\",\"breadcrumb\":{\"@id\":\"https:\/\/trakesh.com\/notre-boutique\/rvi\/ref-629300am\/#breadcrumb\"},\"inLanguage\":\"ar\",\"potentialAction\":[{\"@type\":\"ReadAction\",\"target\":[\"https:\/\/trakesh.com\/notre-boutique\/rvi\/ref-629300am\/\"]}]},{\"@type\":\"ImageObject\",\"inLanguage\":\"ar\",\"@id\":\"https:\/\/trakesh.com\/notre-boutique\/rvi\/ref-629300am\/#primaryimage\",\"url\":\"https:\/\/trakesh.com\/wp-content\/uploads\/2025\/08\/MA-2025-11-04T235824.559.png\",\"contentUrl\":\"https:\/\/trakesh.com\/wp-content\/uploads\/2025\/08\/MA-2025-11-04T235824.559.png\",\"width\":800,\"height\":800},{\"@type\":\"BreadcrumbList\",\"@id\":\"https:\/\/trakesh.com\/notre-boutique\/rvi\/ref-629300am\/#breadcrumb\",\"itemListElement\":[{\"@type\":\"ListItem\",\"position\":1,\"name\":\"Home\",\"item\":\"https:\/\/trakesh.com\/\"},{\"@type\":\"ListItem\",\"position\":2,\"name\":\"Notre Boutique\",\"item\":\"https:\/\/trakesh.com\/notre-boutique\/\"},{\"@type\":\"ListItem\",\"position\":3,\"name\":\"R\u00e9f. : 629300AM\"}]},{\"@type\":\"WebSite\",\"@id\":\"https:\/\/trakesh.com\/#website\",\"url\":\"https:\/\/trakesh.com\/\",\"name\":\"TRAKECH PARTS\",\"description\":\"Pi\u00e8ces de rechange pour camions MAN, moteurs CATERPILLAR et PERKINS \u2013 Maroc\",\"publisher\":{\"@id\":\"https:\/\/trakesh.com\/#organization\"},\"potentialAction\":[{\"@type\":\"SearchAction\",\"target\":{\"@type\":\"EntryPoint\",\"urlTemplate\":\"https:\/\/trakesh.com\/?s={search_term_string}\"},\"query-input\":{\"@type\":\"PropertyValueSpecification\",\"valueRequired\":true,\"valueName\":\"search_term_string\"}}],\"inLanguage\":\"ar\"},{\"@type\":\"Organization\",\"@id\":\"https:\/\/trakesh.com\/#organization\",\"name\":\"TRAKECH PARTS\",\"url\":\"https:\/\/trakesh.com\/\",\"logo\":{\"@type\":\"ImageObject\",\"inLanguage\":\"ar\",\"@id\":\"https:\/\/trakesh.com\/#\/schema\/logo\/image\/\",\"url\":\"https:\/\/trakesh.com\/wp-content\/uploads\/2025\/05\/cropped-cropped-cropped-cropped-cropped-cropped-cropped-trakesh-removebg-preview-1.png\",\"contentUrl\":\"https:\/\/trakesh.com\/wp-content\/uploads\/2025\/05\/cropped-cropped-cropped-cropped-cropped-cropped-cropped-trakesh-removebg-preview-1.png\",\"width\":342,\"height\":96,\"caption\":\"TRAKECH PARTS\"},\"image\":{\"@id\":\"https:\/\/trakesh.com\/#\/schema\/logo\/image\/\"},\"sameAs\":[\"https:\/\/web.facebook.com\/trakechparts\/?locale=fr_FR\",\"https:\/\/www.instagram.com\/trakech_parts\/\"]}]}<\/script>\n<!-- \/ Yoast SEO plugin. -->","yoast_head_json":{"title":"R\u00e9f. : 629300AM - TRAKECH PARTS","robots":{"index":"index","follow":"follow","max-snippet":"max-snippet:-1","max-image-preview":"max-image-preview:large","max-video-preview":"max-video-preview:-1"},"canonical":"https:\/\/trakesh.com\/ar\/notre-boutique\/rvi\/ref-629300am\/","og_locale":"ar_AR","og_type":"article","og_title":"R\u00e9f. : 629300AM - TRAKECH PARTS","og_description":"Clutch Servo pneumatique Compatible avec :     Renault Trucks (gammes poids lourds et utilitaires \u00e9quip\u00e9s d\u2019embrayages pneumatiques, selon r\u00e9f\u00e9rences constructeur).   Fonction :     Assurer l\u2019assistance pneumatique de la commande d\u2019embrayage.    R\u00e9duire l\u2019effort \u00e0 la p\u00e9dale pour le conducteur.    Am\u00e9liorer la pr\u00e9cision et la souplesse du d\u00e9brayage, tout en prot\u00e9geant l\u2019embrayage et la transmission.   Caract\u00e9ristiques :     Fabricant : Kongsberg Automotive \u2013 \u00e9quipementier d\u2019origine pour les syst\u00e8mes d\u2019assistance d\u2019embrayage pneumatiques.    Type : Servo-embrayage pneumatique.    Construction robuste en alliage m\u00e9tallique anticorrosion.    Conception haute pr\u00e9cision, adapt\u00e9e aux fortes sollicitations des v\u00e9hicules industriels.    Performance constante m\u00eame en conditions extr\u00eames (poids lourds, longue distance).   Installation :     Remplacement direct de la pi\u00e8ce d\u2019origine.    Montage facile, conforme aux instructions constructeur Renault Trucks.","og_url":"https:\/\/trakesh.com\/ar\/notre-boutique\/rvi\/ref-629300am\/","og_site_name":"TRAKECH PARTS","article_publisher":"https:\/\/web.facebook.com\/trakechparts\/?locale=fr_FR","article_modified_time":"2025-11-04T22:58:59+00:00","og_image":[{"width":800,"height":800,"url":"https:\/\/trakesh.com\/wp-content\/uploads\/2025\/08\/MA-2025-11-04T235824.559.png","type":"image\/png"}],"twitter_card":"summary_large_image","twitter_misc":{"\u0648\u0642\u062a \u0627\u0644\u0642\u0631\u0627\u0621\u0629 \u0627\u0644\u0645\u064f\u0642\u062f\u0651\u0631":"\u062f\u0642\u064a\u0642\u0629 \u0648\u0627\u062d\u062f\u0629"},"schema":{"@context":"https:\/\/schema.org","@graph":[{"@type":"WebPage","@id":"https:\/\/trakesh.com\/notre-boutique\/rvi\/ref-629300am\/","url":"https:\/\/trakesh.com\/notre-boutique\/rvi\/ref-629300am\/","name":"R\u00e9f. : 629300AM - TRAKECH PARTS","isPartOf":{"@id":"https:\/\/trakesh.com\/#website"},"primaryImageOfPage":{"@id":"https:\/\/trakesh.com\/notre-boutique\/rvi\/ref-629300am\/#primaryimage"},"image":{"@id":"https:\/\/trakesh.com\/notre-boutique\/rvi\/ref-629300am\/#primaryimage"},"thumbnailUrl":"https:\/\/trakesh.com\/wp-content\/uploads\/2025\/08\/MA-2025-11-04T235824.559.png","datePublished":"2025-08-20T23:24:17+00:00","dateModified":"2025-11-04T22:58:59+00:00","breadcrumb":{"@id":"https:\/\/trakesh.com\/notre-boutique\/rvi\/ref-629300am\/#breadcrumb"},"inLanguage":"ar","potentialAction":[{"@type":"ReadAction","target":["https:\/\/trakesh.com\/notre-boutique\/rvi\/ref-629300am\/"]}]},{"@type":"ImageObject","inLanguage":"ar","@id":"https:\/\/trakesh.com\/notre-boutique\/rvi\/ref-629300am\/#primaryimage","url":"https:\/\/trakesh.com\/wp-content\/uploads\/2025\/08\/MA-2025-11-04T235824.559.png","contentUrl":"https:\/\/trakesh.com\/wp-content\/uploads\/2025\/08\/MA-2025-11-04T235824.559.png","width":800,"height":800},{"@type":"BreadcrumbList","@id":"https:\/\/trakesh.com\/notre-boutique\/rvi\/ref-629300am\/#breadcrumb","itemListElement":[{"@type":"ListItem","position":1,"name":"Home","item":"https:\/\/trakesh.com\/"},{"@type":"ListItem","position":2,"name":"Notre Boutique","item":"https:\/\/trakesh.com\/notre-boutique\/"},{"@type":"ListItem","position":3,"name":"R\u00e9f. : 629300AM"}]},{"@type":"WebSite","@id":"https:\/\/trakesh.com\/#website","url":"https:\/\/trakesh.com\/","name":"TRAKECH PARTS","description":"Pi\u00e8ces de rechange pour camions MAN, moteurs CATERPILLAR et PERKINS \u2013 Maroc","publisher":{"@id":"https:\/\/trakesh.com\/#organization"},"potentialAction":[{"@type":"SearchAction","target":{"@type":"EntryPoint","urlTemplate":"https:\/\/trakesh.com\/?s={search_term_string}"},"query-input":{"@type":"PropertyValueSpecification","valueRequired":true,"valueName":"search_term_string"}}],"inLanguage":"ar"},{"@type":"Organization","@id":"https:\/\/trakesh.com\/#organization","name":"TRAKECH PARTS","url":"https:\/\/trakesh.com\/","logo":{"@type":"ImageObject","inLanguage":"ar","@id":"https:\/\/trakesh.com\/#\/schema\/logo\/image\/","url":"https:\/\/trakesh.com\/wp-content\/uploads\/2025\/05\/cropped-cropped-cropped-cropped-cropped-cropped-cropped-trakesh-removebg-preview-1.png","contentUrl":"https:\/\/trakesh.com\/wp-content\/uploads\/2025\/05\/cropped-cropped-cropped-cropped-cropped-cropped-cropped-trakesh-removebg-preview-1.png","width":342,"height":96,"caption":"TRAKECH PARTS"},"image":{"@id":"https:\/\/trakesh.com\/#\/schema\/logo\/image\/"},"sameAs":["https:\/\/web.facebook.com\/trakechparts\/?locale=fr_FR","https:\/\/www.instagram.com\/trakech_parts\/"]}]}},"_links":{"self":[{"href":"https:\/\/trakesh.com\/ar\/wp-json\/wp\/v2\/product\/8510","targetHints":{"allow":["GET"]}}],"collection":[{"href":"https:\/\/trakesh.com\/ar\/wp-json\/wp\/v2\/product"}],"about":[{"href":"https:\/\/trakesh.com\/ar\/wp-json\/wp\/v2\/types\/product"}],"replies":[{"embeddable":true,"href":"https:\/\/trakesh.com\/ar\/wp-json\/wp\/v2\/comments?post=8510"}],"wp:featuredmedia":[{"embeddable":true,"href":"https:\/\/trakesh.com\/ar\/wp-json\/wp\/v2\/media\/9584"}],"wp:attachment":[{"href":"https:\/\/trakesh.com\/ar\/wp-json\/wp\/v2\/media?parent=8510"}],"wp:term":[{"taxonomy":"product_brand","embeddable":true,"href":"https:\/\/trakesh.com\/ar\/wp-json\/wp\/v2\/product_brand?post=8510"},{"taxonomy":"product_cat","embeddable":true,"href":"https:\/\/trakesh.com\/ar\/wp-json\/wp\/v2\/product_cat?post=8510"},{"taxonomy":"product_tag","embeddable":true,"href":"https:\/\/trakesh.com\/ar\/wp-json\/wp\/v2\/product_tag?post=8510"}],"curies":[{"name":"wp","href":"https:\/\/api.w.org\/{rel}","templated":true}]}}