{"id":8534,"date":"2025-08-21T14:56:36","date_gmt":"2025-08-21T13:56:36","guid":{"rendered":"https:\/\/trakesh.com\/?post_type=product&#038;p=8534"},"modified":"2025-11-04T23:46:07","modified_gmt":"2025-11-04T22:46:07","slug":"ref-81326556249","status":"publish","type":"product","link":"https:\/\/trakesh.com\/ar\/notre-boutique\/man\/ref-81326556249\/","title":{"rendered":"R\u00e9f. 81326556249"},"content":{"rendered":"<div>\n<div>\n<div>\n<p><strong>Description :<\/strong><\/p>\n<\/div>\n<div>\n<p><strong>C\u00e2ble de vitesse robuste con\u00e7u pour assurer une transmission pr\u00e9cise des signaux de vitesse entre la bo\u00eete de vitesses et le syst\u00e8me de gestion \u00e9lectronique du v\u00e9hicule. Id\u00e9al pour les camions MAN, ce c\u00e2ble garantit fiabilit\u00e9, durabilit\u00e9 et performance dans les conditions de conduite les plus exigeantes.<\/strong><\/p>\n<\/div>\n<\/div>\n<\/div>","protected":false},"excerpt":{"rendered":"<div>\n<div>\n<div>\n<p><strong>C\u00e2ble de vitesse \u2013 MAN kongsberg<\/strong><\/p>\n<h2 data-start=\"155\" data-end=\"188\">\u2705 Caract\u00e9ristiques principales<\/h2>\n<ul data-start=\"190\" data-end=\"467\">\n<li data-start=\"190\" data-end=\"215\">\n<p data-start=\"192\" data-end=\"215\"><strong data-start=\"192\" data-end=\"204\">Longueur<\/strong> : 3\u202f252 mm<\/p>\n<\/li>\n<li data-start=\"216\" data-end=\"285\">\n<p data-start=\"218\" data-end=\"285\"><strong data-start=\"218\" data-end=\"226\">Type<\/strong> : C\u00e2ble de commande de vitesses (gear shift control cable)<\/p>\n<\/li>\n<li data-start=\"286\" data-end=\"335\">\n<p data-start=\"288\" data-end=\"335\"><strong data-start=\"288\" data-end=\"305\">Compatibilit\u00e9<\/strong> : MAN TGA, TGS, TGX, TGM, TGL<\/p>\n<\/li>\n<li data-start=\"336\" data-end=\"428\">\n<p data-start=\"338\" data-end=\"363\"><strong data-start=\"338\" data-end=\"361\">R\u00e9f\u00e9rences crois\u00e9es<\/strong> :<\/p>\n<ul data-start=\"366\" data-end=\"428\">\n<li data-start=\"366\" data-end=\"398\">\n<p data-start=\"368\" data-end=\"398\">MAN : 81326556249, 81326556322<\/p>\n<\/li>\n<li data-start=\"401\" data-end=\"428\">\n<p data-start=\"403\" data-end=\"428\">Kongsberg : 23197603252AM<\/p>\n<\/li>\n<\/ul>\n<\/li>\n<li data-start=\"429\" data-end=\"467\">\n<p data-start=\"431\" data-end=\"467\"><strong data-start=\"431\" data-end=\"444\">Fabricant<\/strong> : Kongsberg Automotive<\/p>\n<\/li>\n<\/ul>\n<hr data-start=\"469\" data-end=\"472\" \/>\n<h2 data-start=\"474\" data-end=\"492\">\u2699\ufe0f Applications<\/h2>\n<p data-start=\"494\" data-end=\"648\">Ce c\u00e2ble est con\u00e7u pour les syst\u00e8mes de changement de vitesses manuels des camions MAN, facilitant la s\u00e9lection des rapports de mani\u00e8re pr\u00e9cise et fiable.<\/p>\n<hr data-start=\"650\" data-end=\"653\" \/>\n<h2 data-start=\"655\" data-end=\"687\">\ud83d\udee0\ufe0f Installation et entretien<\/h2>\n<ul data-start=\"689\" data-end=\"1017\">\n<li data-start=\"689\" data-end=\"822\">\n<p data-start=\"691\" data-end=\"822\"><strong data-start=\"691\" data-end=\"707\">Installation<\/strong> : Assurez-vous que le c\u00e2ble est correctement positionn\u00e9 et fix\u00e9 pour \u00e9viter toute tension excessive ou frottement.<\/p>\n<\/li>\n<li data-start=\"823\" data-end=\"1017\">\n<p data-start=\"825\" data-end=\"1017\"><strong data-start=\"825\" data-end=\"838\">Entretien<\/strong> : V\u00e9rifiez r\u00e9guli\u00e8rement l&rsquo;\u00e9tat du c\u00e2ble pour d\u00e9tecter toute usure ou dommage, et remplacez-le si n\u00e9cessaire pour maintenir des performances optimales du syst\u00e8me de transmission.<\/p>\n<\/li>\n<\/ul>\n<hr data-start=\"1019\" data-end=\"1022\" \/>\n<h2 data-start=\"1024\" data-end=\"1049\">\ud83d\udd04 R\u00e9f\u00e9rences crois\u00e9es<\/h2>\n<p data-start=\"1051\" data-end=\"1118\">Le c\u00e2ble 81326556249 est compatible avec les r\u00e9f\u00e9rences suivantes :<\/p>\n<ul data-start=\"1120\" data-end=\"1157\">\n<li data-start=\"1120\" data-end=\"1137\">\n<p data-start=\"1122\" data-end=\"1137\"><strong data-start=\"1122\" data-end=\"1137\">81326556322<\/strong><\/p>\n<\/li>\n<li data-start=\"1138\" data-end=\"1157\">\n<p data-start=\"1140\" data-end=\"1157\"><strong data-start=\"1140\" data-end=\"1157\">23197603252AM<\/strong><\/p>\n<\/li>\n<\/ul>\n<div>\n<div>\n<div>\n<div>\n<div>\n<div>\n<p>&nbsp;<\/p>\n<\/div>\n<\/div>\n<\/div>\n<\/div>\n<\/div>\n<\/div>\n<\/div>\n<\/div>\n<\/div>","protected":false},"featured_media":9577,"comment_status":"open","ping_status":"closed","template":"","meta":[],"product_brand":[78],"product_cat":[76],"product_tag":[],"class_list":{"0":"post-8534","1":"product","2":"type-product","3":"status-publish","4":"has-post-thumbnail","6":"product_brand-kgsb","7":"product_cat-man","9":"first","10":"instock","11":"shipping-taxable","12":"product-type-simple"},"yoast_head":"<!-- This site is optimized with the Yoast SEO plugin v25.5 - https:\/\/yoast.com\/wordpress\/plugins\/seo\/ -->\n<title>R\u00e9f. 81326556249 - TRAKECH PARTS<\/title>\n<meta name=\"robots\" content=\"index, follow, max-snippet:-1, max-image-preview:large, max-video-preview:-1\" \/>\n<link rel=\"canonical\" href=\"https:\/\/trakesh.com\/ar\/notre-boutique\/man\/ref-81326556249\/\" \/>\n<meta property=\"og:locale\" content=\"ar_AR\" \/>\n<meta property=\"og:type\" content=\"article\" \/>\n<meta property=\"og:title\" content=\"R\u00e9f. 81326556249 - TRAKECH PARTS\" \/>\n<meta property=\"og:description\" content=\"C\u00e2ble de vitesse \u2013 MAN kongsberg \u2705 Caract\u00e9ristiques principales    Longueur : 3\u202f252 mm    Type : C\u00e2ble de commande de vitesses (gear shift control cable)    Compatibilit\u00e9 : MAN TGA, TGS, TGX, TGM, TGL    R\u00e9f\u00e9rences crois\u00e9es :     MAN : 81326556249, 81326556322    Kongsberg : 23197603252AM      Fabricant : Kongsberg Automotive      \u2699\ufe0f Applications Ce c\u00e2ble est con\u00e7u pour les syst\u00e8mes de changement de vitesses manuels des camions MAN, facilitant la s\u00e9lection des rapports de mani\u00e8re pr\u00e9cise et fiable.     \ud83d\udee0\ufe0f Installation et entretien    Installation : Assurez-vous que le c\u00e2ble est correctement positionn\u00e9 et fix\u00e9 pour \u00e9viter toute tension excessive ou frottement.    Entretien : V\u00e9rifiez r\u00e9guli\u00e8rement l&#039;\u00e9tat du c\u00e2ble pour d\u00e9tecter toute usure ou dommage, et remplacez-le si n\u00e9cessaire pour maintenir des performances optimales du syst\u00e8me de transmission.      \ud83d\udd04 R\u00e9f\u00e9rences crois\u00e9es Le c\u00e2ble 81326556249 est compatible avec les r\u00e9f\u00e9rences suivantes :     81326556322    23197603252AM          &nbsp;\" \/>\n<meta property=\"og:url\" content=\"https:\/\/trakesh.com\/ar\/notre-boutique\/man\/ref-81326556249\/\" \/>\n<meta property=\"og:site_name\" content=\"TRAKECH PARTS\" \/>\n<meta property=\"article:publisher\" content=\"https:\/\/web.facebook.com\/trakechparts\/?locale=fr_FR\" \/>\n<meta property=\"article:modified_time\" content=\"2025-11-04T22:46:07+00:00\" \/>\n<meta property=\"og:image\" content=\"https:\/\/trakesh.com\/wp-content\/uploads\/2025\/08\/MA-2025-11-04T234528.565.png\" \/>\n\t<meta property=\"og:image:width\" content=\"800\" \/>\n\t<meta property=\"og:image:height\" content=\"800\" \/>\n\t<meta property=\"og:image:type\" content=\"image\/png\" \/>\n<meta name=\"twitter:card\" content=\"summary_large_image\" \/>\n<meta name=\"twitter:label1\" content=\"\u0648\u0642\u062a \u0627\u0644\u0642\u0631\u0627\u0621\u0629 \u0627\u0644\u0645\u064f\u0642\u062f\u0651\u0631\" \/>\n\t<meta name=\"twitter:data1\" content=\"\u062f\u0642\u064a\u0642\u0629 \u0648\u0627\u062d\u062f\u0629\" \/>\n<script type=\"application\/ld+json\" class=\"yoast-schema-graph\">{\"@context\":\"https:\/\/schema.org\",\"@graph\":[{\"@type\":\"WebPage\",\"@id\":\"https:\/\/trakesh.com\/notre-boutique\/man\/ref-81326556249\/\",\"url\":\"https:\/\/trakesh.com\/notre-boutique\/man\/ref-81326556249\/\",\"name\":\"R\u00e9f. 81326556249 - TRAKECH PARTS\",\"isPartOf\":{\"@id\":\"https:\/\/trakesh.com\/#website\"},\"primaryImageOfPage\":{\"@id\":\"https:\/\/trakesh.com\/notre-boutique\/man\/ref-81326556249\/#primaryimage\"},\"image\":{\"@id\":\"https:\/\/trakesh.com\/notre-boutique\/man\/ref-81326556249\/#primaryimage\"},\"thumbnailUrl\":\"https:\/\/trakesh.com\/wp-content\/uploads\/2025\/08\/MA-2025-11-04T234528.565.png\",\"datePublished\":\"2025-08-21T13:56:36+00:00\",\"dateModified\":\"2025-11-04T22:46:07+00:00\",\"breadcrumb\":{\"@id\":\"https:\/\/trakesh.com\/notre-boutique\/man\/ref-81326556249\/#breadcrumb\"},\"inLanguage\":\"ar\",\"potentialAction\":[{\"@type\":\"ReadAction\",\"target\":[\"https:\/\/trakesh.com\/notre-boutique\/man\/ref-81326556249\/\"]}]},{\"@type\":\"ImageObject\",\"inLanguage\":\"ar\",\"@id\":\"https:\/\/trakesh.com\/notre-boutique\/man\/ref-81326556249\/#primaryimage\",\"url\":\"https:\/\/trakesh.com\/wp-content\/uploads\/2025\/08\/MA-2025-11-04T234528.565.png\",\"contentUrl\":\"https:\/\/trakesh.com\/wp-content\/uploads\/2025\/08\/MA-2025-11-04T234528.565.png\",\"width\":800,\"height\":800},{\"@type\":\"BreadcrumbList\",\"@id\":\"https:\/\/trakesh.com\/notre-boutique\/man\/ref-81326556249\/#breadcrumb\",\"itemListElement\":[{\"@type\":\"ListItem\",\"position\":1,\"name\":\"Home\",\"item\":\"https:\/\/trakesh.com\/\"},{\"@type\":\"ListItem\",\"position\":2,\"name\":\"Notre Boutique\",\"item\":\"https:\/\/trakesh.com\/notre-boutique\/\"},{\"@type\":\"ListItem\",\"position\":3,\"name\":\"R\u00e9f. 81326556249\"}]},{\"@type\":\"WebSite\",\"@id\":\"https:\/\/trakesh.com\/#website\",\"url\":\"https:\/\/trakesh.com\/\",\"name\":\"TRAKECH PARTS\",\"description\":\"Pi\u00e8ces de rechange pour camions MAN, moteurs CATERPILLAR et PERKINS \u2013 Maroc\",\"publisher\":{\"@id\":\"https:\/\/trakesh.com\/#organization\"},\"potentialAction\":[{\"@type\":\"SearchAction\",\"target\":{\"@type\":\"EntryPoint\",\"urlTemplate\":\"https:\/\/trakesh.com\/?s={search_term_string}\"},\"query-input\":{\"@type\":\"PropertyValueSpecification\",\"valueRequired\":true,\"valueName\":\"search_term_string\"}}],\"inLanguage\":\"ar\"},{\"@type\":\"Organization\",\"@id\":\"https:\/\/trakesh.com\/#organization\",\"name\":\"TRAKECH PARTS\",\"url\":\"https:\/\/trakesh.com\/\",\"logo\":{\"@type\":\"ImageObject\",\"inLanguage\":\"ar\",\"@id\":\"https:\/\/trakesh.com\/#\/schema\/logo\/image\/\",\"url\":\"https:\/\/trakesh.com\/wp-content\/uploads\/2025\/05\/cropped-cropped-cropped-cropped-cropped-cropped-cropped-trakesh-removebg-preview-1.png\",\"contentUrl\":\"https:\/\/trakesh.com\/wp-content\/uploads\/2025\/05\/cropped-cropped-cropped-cropped-cropped-cropped-cropped-trakesh-removebg-preview-1.png\",\"width\":342,\"height\":96,\"caption\":\"TRAKECH PARTS\"},\"image\":{\"@id\":\"https:\/\/trakesh.com\/#\/schema\/logo\/image\/\"},\"sameAs\":[\"https:\/\/web.facebook.com\/trakechparts\/?locale=fr_FR\",\"https:\/\/www.instagram.com\/trakech_parts\/\"]}]}<\/script>\n<!-- \/ Yoast SEO plugin. -->","yoast_head_json":{"title":"R\u00e9f. 81326556249 - TRAKECH PARTS","robots":{"index":"index","follow":"follow","max-snippet":"max-snippet:-1","max-image-preview":"max-image-preview:large","max-video-preview":"max-video-preview:-1"},"canonical":"https:\/\/trakesh.com\/ar\/notre-boutique\/man\/ref-81326556249\/","og_locale":"ar_AR","og_type":"article","og_title":"R\u00e9f. 81326556249 - TRAKECH PARTS","og_description":"C\u00e2ble de vitesse \u2013 MAN kongsberg \u2705 Caract\u00e9ristiques principales    Longueur : 3\u202f252 mm    Type : C\u00e2ble de commande de vitesses (gear shift control cable)    Compatibilit\u00e9 : MAN TGA, TGS, TGX, TGM, TGL    R\u00e9f\u00e9rences crois\u00e9es :     MAN : 81326556249, 81326556322    Kongsberg : 23197603252AM      Fabricant : Kongsberg Automotive      \u2699\ufe0f Applications Ce c\u00e2ble est con\u00e7u pour les syst\u00e8mes de changement de vitesses manuels des camions MAN, facilitant la s\u00e9lection des rapports de mani\u00e8re pr\u00e9cise et fiable.     \ud83d\udee0\ufe0f Installation et entretien    Installation : Assurez-vous que le c\u00e2ble est correctement positionn\u00e9 et fix\u00e9 pour \u00e9viter toute tension excessive ou frottement.    Entretien : V\u00e9rifiez r\u00e9guli\u00e8rement l'\u00e9tat du c\u00e2ble pour d\u00e9tecter toute usure ou dommage, et remplacez-le si n\u00e9cessaire pour maintenir des performances optimales du syst\u00e8me de transmission.      \ud83d\udd04 R\u00e9f\u00e9rences crois\u00e9es Le c\u00e2ble 81326556249 est compatible avec les r\u00e9f\u00e9rences suivantes :     81326556322    23197603252AM          &nbsp;","og_url":"https:\/\/trakesh.com\/ar\/notre-boutique\/man\/ref-81326556249\/","og_site_name":"TRAKECH PARTS","article_publisher":"https:\/\/web.facebook.com\/trakechparts\/?locale=fr_FR","article_modified_time":"2025-11-04T22:46:07+00:00","og_image":[{"width":800,"height":800,"url":"https:\/\/trakesh.com\/wp-content\/uploads\/2025\/08\/MA-2025-11-04T234528.565.png","type":"image\/png"}],"twitter_card":"summary_large_image","twitter_misc":{"\u0648\u0642\u062a \u0627\u0644\u0642\u0631\u0627\u0621\u0629 \u0627\u0644\u0645\u064f\u0642\u062f\u0651\u0631":"\u062f\u0642\u064a\u0642\u0629 \u0648\u0627\u062d\u062f\u0629"},"schema":{"@context":"https:\/\/schema.org","@graph":[{"@type":"WebPage","@id":"https:\/\/trakesh.com\/notre-boutique\/man\/ref-81326556249\/","url":"https:\/\/trakesh.com\/notre-boutique\/man\/ref-81326556249\/","name":"R\u00e9f. 81326556249 - TRAKECH PARTS","isPartOf":{"@id":"https:\/\/trakesh.com\/#website"},"primaryImageOfPage":{"@id":"https:\/\/trakesh.com\/notre-boutique\/man\/ref-81326556249\/#primaryimage"},"image":{"@id":"https:\/\/trakesh.com\/notre-boutique\/man\/ref-81326556249\/#primaryimage"},"thumbnailUrl":"https:\/\/trakesh.com\/wp-content\/uploads\/2025\/08\/MA-2025-11-04T234528.565.png","datePublished":"2025-08-21T13:56:36+00:00","dateModified":"2025-11-04T22:46:07+00:00","breadcrumb":{"@id":"https:\/\/trakesh.com\/notre-boutique\/man\/ref-81326556249\/#breadcrumb"},"inLanguage":"ar","potentialAction":[{"@type":"ReadAction","target":["https:\/\/trakesh.com\/notre-boutique\/man\/ref-81326556249\/"]}]},{"@type":"ImageObject","inLanguage":"ar","@id":"https:\/\/trakesh.com\/notre-boutique\/man\/ref-81326556249\/#primaryimage","url":"https:\/\/trakesh.com\/wp-content\/uploads\/2025\/08\/MA-2025-11-04T234528.565.png","contentUrl":"https:\/\/trakesh.com\/wp-content\/uploads\/2025\/08\/MA-2025-11-04T234528.565.png","width":800,"height":800},{"@type":"BreadcrumbList","@id":"https:\/\/trakesh.com\/notre-boutique\/man\/ref-81326556249\/#breadcrumb","itemListElement":[{"@type":"ListItem","position":1,"name":"Home","item":"https:\/\/trakesh.com\/"},{"@type":"ListItem","position":2,"name":"Notre Boutique","item":"https:\/\/trakesh.com\/notre-boutique\/"},{"@type":"ListItem","position":3,"name":"R\u00e9f. 81326556249"}]},{"@type":"WebSite","@id":"https:\/\/trakesh.com\/#website","url":"https:\/\/trakesh.com\/","name":"TRAKECH PARTS","description":"Pi\u00e8ces de rechange pour camions MAN, moteurs CATERPILLAR et PERKINS \u2013 Maroc","publisher":{"@id":"https:\/\/trakesh.com\/#organization"},"potentialAction":[{"@type":"SearchAction","target":{"@type":"EntryPoint","urlTemplate":"https:\/\/trakesh.com\/?s={search_term_string}"},"query-input":{"@type":"PropertyValueSpecification","valueRequired":true,"valueName":"search_term_string"}}],"inLanguage":"ar"},{"@type":"Organization","@id":"https:\/\/trakesh.com\/#organization","name":"TRAKECH PARTS","url":"https:\/\/trakesh.com\/","logo":{"@type":"ImageObject","inLanguage":"ar","@id":"https:\/\/trakesh.com\/#\/schema\/logo\/image\/","url":"https:\/\/trakesh.com\/wp-content\/uploads\/2025\/05\/cropped-cropped-cropped-cropped-cropped-cropped-cropped-trakesh-removebg-preview-1.png","contentUrl":"https:\/\/trakesh.com\/wp-content\/uploads\/2025\/05\/cropped-cropped-cropped-cropped-cropped-cropped-cropped-trakesh-removebg-preview-1.png","width":342,"height":96,"caption":"TRAKECH PARTS"},"image":{"@id":"https:\/\/trakesh.com\/#\/schema\/logo\/image\/"},"sameAs":["https:\/\/web.facebook.com\/trakechparts\/?locale=fr_FR","https:\/\/www.instagram.com\/trakech_parts\/"]}]}},"_links":{"self":[{"href":"https:\/\/trakesh.com\/ar\/wp-json\/wp\/v2\/product\/8534","targetHints":{"allow":["GET"]}}],"collection":[{"href":"https:\/\/trakesh.com\/ar\/wp-json\/wp\/v2\/product"}],"about":[{"href":"https:\/\/trakesh.com\/ar\/wp-json\/wp\/v2\/types\/product"}],"replies":[{"embeddable":true,"href":"https:\/\/trakesh.com\/ar\/wp-json\/wp\/v2\/comments?post=8534"}],"wp:featuredmedia":[{"embeddable":true,"href":"https:\/\/trakesh.com\/ar\/wp-json\/wp\/v2\/media\/9577"}],"wp:attachment":[{"href":"https:\/\/trakesh.com\/ar\/wp-json\/wp\/v2\/media?parent=8534"}],"wp:term":[{"taxonomy":"product_brand","embeddable":true,"href":"https:\/\/trakesh.com\/ar\/wp-json\/wp\/v2\/product_brand?post=8534"},{"taxonomy":"product_cat","embeddable":true,"href":"https:\/\/trakesh.com\/ar\/wp-json\/wp\/v2\/product_cat?post=8534"},{"taxonomy":"product_tag","embeddable":true,"href":"https:\/\/trakesh.com\/ar\/wp-json\/wp\/v2\/product_tag?post=8534"}],"curies":[{"name":"wp","href":"https:\/\/api.w.org\/{rel}","templated":true}]}}