{"id":8553,"date":"2025-08-21T17:34:10","date_gmt":"2025-08-21T16:34:10","guid":{"rendered":"https:\/\/trakesh.com\/?post_type=product&#038;p=8553"},"modified":"2025-11-04T21:26:32","modified_gmt":"2025-11-04T20:26:32","slug":"ref-9325100090","status":"publish","type":"product","link":"https:\/\/trakesh.com\/ar\/notre-boutique\/man\/ref-9325100090\/","title":{"rendered":"R\u00e9f. : 9325100090"},"content":{"rendered":"<div>\n<div>\n<div>\n<p><strong>Description :<\/strong><\/p>\n<\/div>\n<div>\n<p><strong>D\u00e9shydrateur d\u2019air WABCO con\u00e7u pour \u00e9liminer efficacement l\u2019humidit\u00e9, l\u2019huile et les particules contenues dans l\u2019air comprim\u00e9. Il prot\u00e8ge les composants sensibles du syst\u00e8me de freinage contre la corrosion, le gel et l\u2019usure pr\u00e9matur\u00e9e. Assure une performance optimale, une fiabilit\u00e9 \u00e0 long terme et une s\u00e9curit\u00e9 renforc\u00e9e, particuli\u00e8rement dans des conditions climatiques exigeantes.<\/strong><\/p>\n<\/div>\n<\/div>\n<\/div>","protected":false},"excerpt":{"rendered":"<p><strong>D\u00e9shydrateur d\u2019air\u2013 WABCO<\/strong><\/p>\n<h2 data-start=\"159\" data-end=\"182\">\u2705 Description &amp; r\u00f4le<\/h2>\n<ul data-start=\"184\" data-end=\"900\">\n<li data-start=\"184\" data-end=\"351\">\n<p data-start=\"186\" data-end=\"351\">La pi\u00e8ce <strong data-start=\"195\" data-end=\"209\">9325100090<\/strong> est commercialis\u00e9e par WABCO comme <strong data-start=\"245\" data-end=\"287\">Electronic Air Processing Unit (E-APU)<\/strong> ou \u201cAir Dryer complet\u201d. Ce dispositif combine les fonctions de s\u00e9chage de l\u2019air comprim\u00e9 (\u00e9vacuation de l\u2019humidit\u00e9, des contaminants) et parfois des composants de r\u00e9gulation \/ traitement \u00e9lectroniques int\u00e9gr\u00e9s.<\/p>\n<\/li>\n<li data-start=\"581\" data-end=\"721\">\n<p data-start=\"583\" data-end=\"721\">Il est souvent utilis\u00e9 sur des camions <strong data-start=\"622\" data-end=\"632\">SCANIA<\/strong> (gammes P, G, R, T) parmi d\u2019autres applications. Le produit vendu sous cette r\u00e9f\u00e9rence est \u201cair dryer complete with valve\u201d (d\u00e9shydrateur complet avec vanne int\u00e9gr\u00e9e) selon les annonces.<\/p>\n<\/li>\n<\/ul>\n<hr data-start=\"902\" data-end=\"905\" \/>\n<h2 data-start=\"907\" data-end=\"957\">\u2699 Caract\u00e9ristiques principales &amp; compatibilit\u00e9s<\/h2>\n<p data-start=\"959\" data-end=\"1022\">Voici quelques donn\u00e9es techniques et aspects de compatibilit\u00e9 :<\/p>\n<div class=\"_tableContainer_1rjym_1\">\n<div class=\"group _tableWrapper_1rjym_13 flex w-fit flex-col-reverse\" tabindex=\"-1\">\n<table class=\"w-fit min-w-(--thread-content-width)\" data-start=\"1024\" data-end=\"1679\">\n<thead data-start=\"1024\" data-end=\"1053\">\n<tr data-start=\"1024\" data-end=\"1053\">\n<th data-start=\"1024\" data-end=\"1034\" data-col-size=\"sm\">\u00c9l\u00e9ment<\/th>\n<th data-start=\"1034\" data-end=\"1053\" data-col-size=\"md\">D\u00e9tail \/ valeur<\/th>\n<\/tr>\n<\/thead>\n<tbody data-start=\"1064\" data-end=\"1679\">\n<tr data-start=\"1064\" data-end=\"1100\">\n<td data-start=\"1064\" data-end=\"1071\" data-col-size=\"sm\">Type<\/td>\n<td data-start=\"1071\" data-end=\"1100\" data-col-size=\"md\">Air Dryer complet (E-APU)<\/td>\n<\/tr>\n<tr data-start=\"1101\" data-end=\"1248\">\n<td data-start=\"1101\" data-end=\"1130\" data-col-size=\"sm\">Pression de fonctionnement<\/td>\n<td data-start=\"1130\" data-end=\"1248\" data-col-size=\"md\">~ 8,4 bar dans certaines annonces pour ce mod\u00e8le (valeur typique du syst\u00e8me)<\/td>\n<\/tr>\n<tr data-start=\"1249\" data-end=\"1394\">\n<td data-start=\"1249\" data-end=\"1272\" data-col-size=\"sm\">Filetages \/ raccords<\/td>\n<td data-col-size=\"md\" data-start=\"1272\" data-end=\"1394\">Ex. M12\u00d71,5, M22\u00d71,5 dans certaines fiches produits pour les raccords de fluide.<\/td>\n<\/tr>\n<tr data-start=\"1395\" data-end=\"1560\">\n<td data-start=\"1395\" data-end=\"1433\" data-col-size=\"sm\">Compatibilit\u00e9 \/ r\u00e9f\u00e9rences crois\u00e9es<\/td>\n<td data-start=\"1433\" data-end=\"1560\" data-col-size=\"md\">Scania : 1474663, 1535829, 1753577, 1738295, 1928589, 2063357, 2148069, 2308777, etc.<\/td>\n<\/tr>\n<tr data-start=\"1561\" data-end=\"1679\">\n<td data-start=\"1561\" data-end=\"1588\" data-col-size=\"sm\">Application constructeur<\/td>\n<td data-start=\"1588\" data-end=\"1679\" data-col-size=\"md\">WABCO le classe dans son catalogue comme \u201cE-APU\u201d.<\/td>\n<\/tr>\n<\/tbody>\n<\/table>\n<\/div>\n<\/div>\n<hr data-start=\"1681\" data-end=\"1684\" \/>\n<h2 data-start=\"1686\" data-end=\"1736\">\ud83d\udd27 Installation \/ montage &amp; points de vigilance<\/h2>\n<p data-start=\"1738\" data-end=\"1793\">Voici les meilleures pratiques et points \u00e0 surveiller :<\/p>\n<ol data-start=\"1795\" data-end=\"3294\">\n<li data-start=\"1795\" data-end=\"2086\">\n<p data-start=\"1798\" data-end=\"1829\"><strong data-start=\"1798\" data-end=\"1827\">Emplacement &amp; orientation<\/strong><\/p>\n<ul data-start=\"1833\" data-end=\"2086\">\n<li data-start=\"1833\" data-end=\"1967\">\n<p data-start=\"1835\" data-end=\"1967\">Installer le d\u00e9shydrateur dans le syst\u00e8me d\u2019air comprim\u00e9, entre le compresseur et les circuits d\u2019air (freinage, suspension, etc.).<\/p>\n<\/li>\n<li data-start=\"1971\" data-end=\"2086\">\n<p data-start=\"1973\" data-end=\"2086\">V\u00e9rifier que tous les raccords sont bien orient\u00e9s pour minimiser les contraintes de flexion ou courbure du tuyau.<\/p>\n<\/li>\n<\/ul>\n<\/li>\n<li data-start=\"2088\" data-end=\"2382\">\n<p data-start=\"2091\" data-end=\"2118\"><strong data-start=\"2091\" data-end=\"2116\">Raccords pneumatiques<\/strong><\/p>\n<ul data-start=\"2122\" data-end=\"2382\">\n<li data-start=\"2122\" data-end=\"2230\">\n<p data-start=\"2124\" data-end=\"2230\">Utiliser les filetages recommand\u00e9s (M12\u00d71,5, M22\u00d71,5, etc.) selon les ports utilis\u00e9s dans votre syst\u00e8me.<\/p>\n<\/li>\n<li data-start=\"2234\" data-end=\"2295\">\n<p data-start=\"2236\" data-end=\"2295\">S\u2019assurer d\u2019une bonne \u00e9tanch\u00e9it\u00e9 (joints, collier, etc.).<\/p>\n<\/li>\n<li data-start=\"2299\" data-end=\"2382\">\n<p data-start=\"2301\" data-end=\"2382\">Nettoyer les conduites avant installation pour \u00e9viter l\u2019introduction d\u2019impuret\u00e9s.<\/p>\n<\/li>\n<\/ul>\n<\/li>\n<li data-start=\"2384\" data-end=\"2681\">\n<p data-start=\"2387\" data-end=\"2429\"><strong data-start=\"2387\" data-end=\"2427\">Vanne int\u00e9gr\u00e9e \/ composants internes<\/strong><\/p>\n<ul data-start=\"2433\" data-end=\"2681\">\n<li data-start=\"2433\" data-end=\"2566\">\n<p data-start=\"2435\" data-end=\"2566\">Comme il s\u2019agit d\u2019un \u201cair dryer complet avec vanne\u201d, la vanne doit \u00eatre correctement connect\u00e9e et le bo\u00eetier doit \u00eatre bien fix\u00e9.<\/p>\n<\/li>\n<li data-start=\"2570\" data-end=\"2681\">\n<p data-start=\"2572\" data-end=\"2681\">V\u00e9rifier que les composants internes (cartouche dessiccante, purge, clapets) sont compatibles et en bon \u00e9tat.<\/p>\n<\/li>\n<\/ul>\n<\/li>\n<li data-start=\"2683\" data-end=\"2979\">\n<p data-start=\"2686\" data-end=\"2711\"><strong data-start=\"2686\" data-end=\"2709\">Test &amp; v\u00e9rification<\/strong><\/p>\n<ul data-start=\"2715\" data-end=\"2979\">\n<li data-start=\"2715\" data-end=\"2801\">\n<p data-start=\"2717\" data-end=\"2801\">Appliquer la pression d\u2019air (ex. ~8 bar) et v\u00e9rifier l\u2019absence de fuite ou d\u00e9faut.<\/p>\n<\/li>\n<li data-start=\"2805\" data-end=\"2879\">\n<p data-start=\"2807\" data-end=\"2879\">Observer la purge automatique \/ manuelle de l\u2019humidit\u00e9 \/ condensation.<\/p>\n<\/li>\n<li data-start=\"2883\" data-end=\"2979\">\n<p data-start=\"2885\" data-end=\"2979\">S\u2019assurer que les circuits en aval re\u00e7oivent de l\u2019air sec (sans condensation ni vapeur d\u2019eau).<\/p>\n<\/li>\n<\/ul>\n<\/li>\n<li data-start=\"2981\" data-end=\"3294\">\n<p data-start=\"2984\" data-end=\"3016\"><strong data-start=\"2984\" data-end=\"3014\">Maintenance &amp; remplacement<\/strong><\/p>\n<ul data-start=\"3020\" data-end=\"3294\">\n<li data-start=\"3020\" data-end=\"3108\">\n<p data-start=\"3022\" data-end=\"3108\">Remplacer la cartouche dessiccante selon le plan de maintenance (usure, saturation).<\/p>\n<\/li>\n<li data-start=\"3112\" data-end=\"3180\">\n<p data-start=\"3114\" data-end=\"3180\">V\u00e9rifier r\u00e9guli\u00e8rement les joints, clapets, le bo\u00eetier de vanne.<\/p>\n<\/li>\n<li data-start=\"3184\" data-end=\"3294\">\n<p data-start=\"3186\" data-end=\"3294\">Si l\u2019humidit\u00e9 ou la contamination est \u00e9lev\u00e9e, v\u00e9rifier la qualit\u00e9 de l\u2019air (filtration) en amont du s\u00e9cheur.<\/p>\n<\/li>\n<\/ul>\n<\/li>\n<\/ol>\n<div>\n<div>\n<p>&nbsp;<\/p>\n<\/div>\n<div>\n<p>&nbsp;<\/p>\n<\/div>\n<\/div>","protected":false},"featured_media":9563,"comment_status":"open","ping_status":"closed","template":"","meta":[],"product_brand":[77],"product_cat":[76],"product_tag":[],"class_list":{"0":"post-8553","1":"product","2":"type-product","3":"status-publish","4":"has-post-thumbnail","6":"product_brand-wbc","7":"product_cat-man","9":"first","10":"instock","11":"shipping-taxable","12":"product-type-simple"},"yoast_head":"<!-- This site is optimized with the Yoast SEO plugin v25.5 - https:\/\/yoast.com\/wordpress\/plugins\/seo\/ -->\n<title>R\u00e9f. : 9325100090 - TRAKECH PARTS<\/title>\n<meta name=\"robots\" content=\"index, follow, max-snippet:-1, max-image-preview:large, max-video-preview:-1\" \/>\n<link rel=\"canonical\" href=\"https:\/\/trakesh.com\/ar\/notre-boutique\/man\/ref-9325100090\/\" \/>\n<meta property=\"og:locale\" content=\"ar_AR\" \/>\n<meta property=\"og:type\" content=\"article\" \/>\n<meta property=\"og:title\" content=\"R\u00e9f. : 9325100090 - TRAKECH PARTS\" \/>\n<meta property=\"og:description\" content=\"D\u00e9shydrateur d\u2019air\u2013 WABCO \u2705 Description &amp; r\u00f4le    La pi\u00e8ce 9325100090 est commercialis\u00e9e par WABCO comme Electronic Air Processing Unit (E-APU) ou \u201cAir Dryer complet\u201d. Ce dispositif combine les fonctions de s\u00e9chage de l\u2019air comprim\u00e9 (\u00e9vacuation de l\u2019humidit\u00e9, des contaminants) et parfois des composants de r\u00e9gulation \/ traitement \u00e9lectroniques int\u00e9gr\u00e9s.    Il est souvent utilis\u00e9 sur des camions SCANIA (gammes P, G, R, T) parmi d\u2019autres applications. Le produit vendu sous cette r\u00e9f\u00e9rence est \u201cair dryer complete with valve\u201d (d\u00e9shydrateur complet avec vanne int\u00e9gr\u00e9e) selon les annonces.      \u2699 Caract\u00e9ristiques principales &amp; compatibilit\u00e9s Voici quelques donn\u00e9es techniques et aspects de compatibilit\u00e9 :       \u00c9l\u00e9ment D\u00e9tail \/ valeur     Type Air Dryer complet (E-APU)   Pression de fonctionnement ~ 8,4 bar dans certaines annonces pour ce mod\u00e8le (valeur typique du syst\u00e8me)   Filetages \/ raccords Ex. M12\u00d71,5, M22\u00d71,5 dans certaines fiches produits pour les raccords de fluide.   Compatibilit\u00e9 \/ r\u00e9f\u00e9rences crois\u00e9es Scania : 1474663, 1535829, 1753577, 1738295, 1928589, 2063357, 2148069, 2308777, etc.   Application constructeur WABCO le classe dans son catalogue comme \u201cE-APU\u201d.         \ud83d\udd27 Installation \/ montage &amp; points de vigilance Voici les meilleures pratiques et points \u00e0 surveiller :     Emplacement &amp; orientation     Installer le d\u00e9shydrateur dans le syst\u00e8me d\u2019air comprim\u00e9, entre le compresseur et les circuits d\u2019air (freinage, suspension, etc.).    V\u00e9rifier que tous les raccords sont bien orient\u00e9s pour minimiser les contraintes de flexion ou courbure du tuyau.      Raccords pneumatiques     Utiliser les filetages recommand\u00e9s (M12\u00d71,5, M22\u00d71,5, etc.) selon les ports utilis\u00e9s dans votre syst\u00e8me.    S\u2019assurer d\u2019une bonne \u00e9tanch\u00e9it\u00e9 (joints, collier, etc.).    Nettoyer les conduites avant installation pour \u00e9viter l\u2019introduction d\u2019impuret\u00e9s.      Vanne int\u00e9gr\u00e9e \/ composants internes     Comme il s\u2019agit d\u2019un \u201cair dryer complet avec vanne\u201d, la vanne doit \u00eatre correctement connect\u00e9e et le bo\u00eetier doit \u00eatre bien fix\u00e9.    V\u00e9rifier que les composants internes (cartouche dessiccante, purge, clapets) sont compatibles et en bon \u00e9tat.      Test &amp; v\u00e9rification     Appliquer la pression d\u2019air (ex. ~8 bar) et v\u00e9rifier l\u2019absence de fuite ou d\u00e9faut.    Observer la purge automatique \/ manuelle de l\u2019humidit\u00e9 \/ condensation.    S\u2019assurer que les circuits en aval re\u00e7oivent de l\u2019air sec (sans condensation ni vapeur d\u2019eau).      Maintenance &amp; remplacement     Remplacer la cartouche dessiccante selon le plan de maintenance (usure, saturation).    V\u00e9rifier r\u00e9guli\u00e8rement les joints, clapets, le bo\u00eetier de vanne.    Si l\u2019humidit\u00e9 ou la contamination est \u00e9lev\u00e9e, v\u00e9rifier la qualit\u00e9 de l\u2019air (filtration) en amont du s\u00e9cheur.        &nbsp;     &nbsp;\" \/>\n<meta property=\"og:url\" content=\"https:\/\/trakesh.com\/ar\/notre-boutique\/man\/ref-9325100090\/\" \/>\n<meta property=\"og:site_name\" content=\"TRAKECH PARTS\" \/>\n<meta property=\"article:publisher\" content=\"https:\/\/web.facebook.com\/trakechparts\/?locale=fr_FR\" \/>\n<meta property=\"article:modified_time\" content=\"2025-11-04T20:26:32+00:00\" \/>\n<meta property=\"og:image\" content=\"https:\/\/trakesh.com\/wp-content\/uploads\/2025\/08\/MA-2025-11-04T212610.893.png\" \/>\n\t<meta property=\"og:image:width\" content=\"800\" \/>\n\t<meta property=\"og:image:height\" content=\"800\" \/>\n\t<meta property=\"og:image:type\" content=\"image\/png\" \/>\n<meta name=\"twitter:card\" content=\"summary_large_image\" \/>\n<meta name=\"twitter:label1\" content=\"\u0648\u0642\u062a \u0627\u0644\u0642\u0631\u0627\u0621\u0629 \u0627\u0644\u0645\u064f\u0642\u062f\u0651\u0631\" \/>\n\t<meta name=\"twitter:data1\" content=\"\u062f\u0642\u064a\u0642\u0629 \u0648\u0627\u062d\u062f\u0629\" \/>\n<script type=\"application\/ld+json\" class=\"yoast-schema-graph\">{\"@context\":\"https:\/\/schema.org\",\"@graph\":[{\"@type\":\"WebPage\",\"@id\":\"https:\/\/trakesh.com\/notre-boutique\/man\/ref-9325100090\/\",\"url\":\"https:\/\/trakesh.com\/notre-boutique\/man\/ref-9325100090\/\",\"name\":\"R\u00e9f. : 9325100090 - TRAKECH PARTS\",\"isPartOf\":{\"@id\":\"https:\/\/trakesh.com\/#website\"},\"primaryImageOfPage\":{\"@id\":\"https:\/\/trakesh.com\/notre-boutique\/man\/ref-9325100090\/#primaryimage\"},\"image\":{\"@id\":\"https:\/\/trakesh.com\/notre-boutique\/man\/ref-9325100090\/#primaryimage\"},\"thumbnailUrl\":\"https:\/\/trakesh.com\/wp-content\/uploads\/2025\/08\/MA-2025-11-04T212610.893.png\",\"datePublished\":\"2025-08-21T16:34:10+00:00\",\"dateModified\":\"2025-11-04T20:26:32+00:00\",\"breadcrumb\":{\"@id\":\"https:\/\/trakesh.com\/notre-boutique\/man\/ref-9325100090\/#breadcrumb\"},\"inLanguage\":\"ar\",\"potentialAction\":[{\"@type\":\"ReadAction\",\"target\":[\"https:\/\/trakesh.com\/notre-boutique\/man\/ref-9325100090\/\"]}]},{\"@type\":\"ImageObject\",\"inLanguage\":\"ar\",\"@id\":\"https:\/\/trakesh.com\/notre-boutique\/man\/ref-9325100090\/#primaryimage\",\"url\":\"https:\/\/trakesh.com\/wp-content\/uploads\/2025\/08\/MA-2025-11-04T212610.893.png\",\"contentUrl\":\"https:\/\/trakesh.com\/wp-content\/uploads\/2025\/08\/MA-2025-11-04T212610.893.png\",\"width\":800,\"height\":800},{\"@type\":\"BreadcrumbList\",\"@id\":\"https:\/\/trakesh.com\/notre-boutique\/man\/ref-9325100090\/#breadcrumb\",\"itemListElement\":[{\"@type\":\"ListItem\",\"position\":1,\"name\":\"Home\",\"item\":\"https:\/\/trakesh.com\/\"},{\"@type\":\"ListItem\",\"position\":2,\"name\":\"Notre Boutique\",\"item\":\"https:\/\/trakesh.com\/notre-boutique\/\"},{\"@type\":\"ListItem\",\"position\":3,\"name\":\"R\u00e9f. : 9325100090\"}]},{\"@type\":\"WebSite\",\"@id\":\"https:\/\/trakesh.com\/#website\",\"url\":\"https:\/\/trakesh.com\/\",\"name\":\"TRAKECH PARTS\",\"description\":\"Pi\u00e8ces de rechange pour camions MAN, moteurs CATERPILLAR et PERKINS \u2013 Maroc\",\"publisher\":{\"@id\":\"https:\/\/trakesh.com\/#organization\"},\"potentialAction\":[{\"@type\":\"SearchAction\",\"target\":{\"@type\":\"EntryPoint\",\"urlTemplate\":\"https:\/\/trakesh.com\/?s={search_term_string}\"},\"query-input\":{\"@type\":\"PropertyValueSpecification\",\"valueRequired\":true,\"valueName\":\"search_term_string\"}}],\"inLanguage\":\"ar\"},{\"@type\":\"Organization\",\"@id\":\"https:\/\/trakesh.com\/#organization\",\"name\":\"TRAKECH PARTS\",\"url\":\"https:\/\/trakesh.com\/\",\"logo\":{\"@type\":\"ImageObject\",\"inLanguage\":\"ar\",\"@id\":\"https:\/\/trakesh.com\/#\/schema\/logo\/image\/\",\"url\":\"https:\/\/trakesh.com\/wp-content\/uploads\/2025\/05\/cropped-cropped-cropped-cropped-cropped-cropped-cropped-trakesh-removebg-preview-1.png\",\"contentUrl\":\"https:\/\/trakesh.com\/wp-content\/uploads\/2025\/05\/cropped-cropped-cropped-cropped-cropped-cropped-cropped-trakesh-removebg-preview-1.png\",\"width\":342,\"height\":96,\"caption\":\"TRAKECH PARTS\"},\"image\":{\"@id\":\"https:\/\/trakesh.com\/#\/schema\/logo\/image\/\"},\"sameAs\":[\"https:\/\/web.facebook.com\/trakechparts\/?locale=fr_FR\",\"https:\/\/www.instagram.com\/trakech_parts\/\"]}]}<\/script>\n<!-- \/ Yoast SEO plugin. -->","yoast_head_json":{"title":"R\u00e9f. : 9325100090 - TRAKECH PARTS","robots":{"index":"index","follow":"follow","max-snippet":"max-snippet:-1","max-image-preview":"max-image-preview:large","max-video-preview":"max-video-preview:-1"},"canonical":"https:\/\/trakesh.com\/ar\/notre-boutique\/man\/ref-9325100090\/","og_locale":"ar_AR","og_type":"article","og_title":"R\u00e9f. : 9325100090 - TRAKECH PARTS","og_description":"D\u00e9shydrateur d\u2019air\u2013 WABCO \u2705 Description &amp; r\u00f4le    La pi\u00e8ce 9325100090 est commercialis\u00e9e par WABCO comme Electronic Air Processing Unit (E-APU) ou \u201cAir Dryer complet\u201d. Ce dispositif combine les fonctions de s\u00e9chage de l\u2019air comprim\u00e9 (\u00e9vacuation de l\u2019humidit\u00e9, des contaminants) et parfois des composants de r\u00e9gulation \/ traitement \u00e9lectroniques int\u00e9gr\u00e9s.    Il est souvent utilis\u00e9 sur des camions SCANIA (gammes P, G, R, T) parmi d\u2019autres applications. Le produit vendu sous cette r\u00e9f\u00e9rence est \u201cair dryer complete with valve\u201d (d\u00e9shydrateur complet avec vanne int\u00e9gr\u00e9e) selon les annonces.      \u2699 Caract\u00e9ristiques principales &amp; compatibilit\u00e9s Voici quelques donn\u00e9es techniques et aspects de compatibilit\u00e9 :       \u00c9l\u00e9ment D\u00e9tail \/ valeur     Type Air Dryer complet (E-APU)   Pression de fonctionnement ~ 8,4 bar dans certaines annonces pour ce mod\u00e8le (valeur typique du syst\u00e8me)   Filetages \/ raccords Ex. M12\u00d71,5, M22\u00d71,5 dans certaines fiches produits pour les raccords de fluide.   Compatibilit\u00e9 \/ r\u00e9f\u00e9rences crois\u00e9es Scania : 1474663, 1535829, 1753577, 1738295, 1928589, 2063357, 2148069, 2308777, etc.   Application constructeur WABCO le classe dans son catalogue comme \u201cE-APU\u201d.         \ud83d\udd27 Installation \/ montage &amp; points de vigilance Voici les meilleures pratiques et points \u00e0 surveiller :     Emplacement &amp; orientation     Installer le d\u00e9shydrateur dans le syst\u00e8me d\u2019air comprim\u00e9, entre le compresseur et les circuits d\u2019air (freinage, suspension, etc.).    V\u00e9rifier que tous les raccords sont bien orient\u00e9s pour minimiser les contraintes de flexion ou courbure du tuyau.      Raccords pneumatiques     Utiliser les filetages recommand\u00e9s (M12\u00d71,5, M22\u00d71,5, etc.) selon les ports utilis\u00e9s dans votre syst\u00e8me.    S\u2019assurer d\u2019une bonne \u00e9tanch\u00e9it\u00e9 (joints, collier, etc.).    Nettoyer les conduites avant installation pour \u00e9viter l\u2019introduction d\u2019impuret\u00e9s.      Vanne int\u00e9gr\u00e9e \/ composants internes     Comme il s\u2019agit d\u2019un \u201cair dryer complet avec vanne\u201d, la vanne doit \u00eatre correctement connect\u00e9e et le bo\u00eetier doit \u00eatre bien fix\u00e9.    V\u00e9rifier que les composants internes (cartouche dessiccante, purge, clapets) sont compatibles et en bon \u00e9tat.      Test &amp; v\u00e9rification     Appliquer la pression d\u2019air (ex. ~8 bar) et v\u00e9rifier l\u2019absence de fuite ou d\u00e9faut.    Observer la purge automatique \/ manuelle de l\u2019humidit\u00e9 \/ condensation.    S\u2019assurer que les circuits en aval re\u00e7oivent de l\u2019air sec (sans condensation ni vapeur d\u2019eau).      Maintenance &amp; remplacement     Remplacer la cartouche dessiccante selon le plan de maintenance (usure, saturation).    V\u00e9rifier r\u00e9guli\u00e8rement les joints, clapets, le bo\u00eetier de vanne.    Si l\u2019humidit\u00e9 ou la contamination est \u00e9lev\u00e9e, v\u00e9rifier la qualit\u00e9 de l\u2019air (filtration) en amont du s\u00e9cheur.        &nbsp;     &nbsp;","og_url":"https:\/\/trakesh.com\/ar\/notre-boutique\/man\/ref-9325100090\/","og_site_name":"TRAKECH PARTS","article_publisher":"https:\/\/web.facebook.com\/trakechparts\/?locale=fr_FR","article_modified_time":"2025-11-04T20:26:32+00:00","og_image":[{"width":800,"height":800,"url":"https:\/\/trakesh.com\/wp-content\/uploads\/2025\/08\/MA-2025-11-04T212610.893.png","type":"image\/png"}],"twitter_card":"summary_large_image","twitter_misc":{"\u0648\u0642\u062a \u0627\u0644\u0642\u0631\u0627\u0621\u0629 \u0627\u0644\u0645\u064f\u0642\u062f\u0651\u0631":"\u062f\u0642\u064a\u0642\u0629 \u0648\u0627\u062d\u062f\u0629"},"schema":{"@context":"https:\/\/schema.org","@graph":[{"@type":"WebPage","@id":"https:\/\/trakesh.com\/notre-boutique\/man\/ref-9325100090\/","url":"https:\/\/trakesh.com\/notre-boutique\/man\/ref-9325100090\/","name":"R\u00e9f. : 9325100090 - TRAKECH PARTS","isPartOf":{"@id":"https:\/\/trakesh.com\/#website"},"primaryImageOfPage":{"@id":"https:\/\/trakesh.com\/notre-boutique\/man\/ref-9325100090\/#primaryimage"},"image":{"@id":"https:\/\/trakesh.com\/notre-boutique\/man\/ref-9325100090\/#primaryimage"},"thumbnailUrl":"https:\/\/trakesh.com\/wp-content\/uploads\/2025\/08\/MA-2025-11-04T212610.893.png","datePublished":"2025-08-21T16:34:10+00:00","dateModified":"2025-11-04T20:26:32+00:00","breadcrumb":{"@id":"https:\/\/trakesh.com\/notre-boutique\/man\/ref-9325100090\/#breadcrumb"},"inLanguage":"ar","potentialAction":[{"@type":"ReadAction","target":["https:\/\/trakesh.com\/notre-boutique\/man\/ref-9325100090\/"]}]},{"@type":"ImageObject","inLanguage":"ar","@id":"https:\/\/trakesh.com\/notre-boutique\/man\/ref-9325100090\/#primaryimage","url":"https:\/\/trakesh.com\/wp-content\/uploads\/2025\/08\/MA-2025-11-04T212610.893.png","contentUrl":"https:\/\/trakesh.com\/wp-content\/uploads\/2025\/08\/MA-2025-11-04T212610.893.png","width":800,"height":800},{"@type":"BreadcrumbList","@id":"https:\/\/trakesh.com\/notre-boutique\/man\/ref-9325100090\/#breadcrumb","itemListElement":[{"@type":"ListItem","position":1,"name":"Home","item":"https:\/\/trakesh.com\/"},{"@type":"ListItem","position":2,"name":"Notre Boutique","item":"https:\/\/trakesh.com\/notre-boutique\/"},{"@type":"ListItem","position":3,"name":"R\u00e9f. : 9325100090"}]},{"@type":"WebSite","@id":"https:\/\/trakesh.com\/#website","url":"https:\/\/trakesh.com\/","name":"TRAKECH PARTS","description":"Pi\u00e8ces de rechange pour camions MAN, moteurs CATERPILLAR et PERKINS \u2013 Maroc","publisher":{"@id":"https:\/\/trakesh.com\/#organization"},"potentialAction":[{"@type":"SearchAction","target":{"@type":"EntryPoint","urlTemplate":"https:\/\/trakesh.com\/?s={search_term_string}"},"query-input":{"@type":"PropertyValueSpecification","valueRequired":true,"valueName":"search_term_string"}}],"inLanguage":"ar"},{"@type":"Organization","@id":"https:\/\/trakesh.com\/#organization","name":"TRAKECH PARTS","url":"https:\/\/trakesh.com\/","logo":{"@type":"ImageObject","inLanguage":"ar","@id":"https:\/\/trakesh.com\/#\/schema\/logo\/image\/","url":"https:\/\/trakesh.com\/wp-content\/uploads\/2025\/05\/cropped-cropped-cropped-cropped-cropped-cropped-cropped-trakesh-removebg-preview-1.png","contentUrl":"https:\/\/trakesh.com\/wp-content\/uploads\/2025\/05\/cropped-cropped-cropped-cropped-cropped-cropped-cropped-trakesh-removebg-preview-1.png","width":342,"height":96,"caption":"TRAKECH PARTS"},"image":{"@id":"https:\/\/trakesh.com\/#\/schema\/logo\/image\/"},"sameAs":["https:\/\/web.facebook.com\/trakechparts\/?locale=fr_FR","https:\/\/www.instagram.com\/trakech_parts\/"]}]}},"_links":{"self":[{"href":"https:\/\/trakesh.com\/ar\/wp-json\/wp\/v2\/product\/8553","targetHints":{"allow":["GET"]}}],"collection":[{"href":"https:\/\/trakesh.com\/ar\/wp-json\/wp\/v2\/product"}],"about":[{"href":"https:\/\/trakesh.com\/ar\/wp-json\/wp\/v2\/types\/product"}],"replies":[{"embeddable":true,"href":"https:\/\/trakesh.com\/ar\/wp-json\/wp\/v2\/comments?post=8553"}],"wp:featuredmedia":[{"embeddable":true,"href":"https:\/\/trakesh.com\/ar\/wp-json\/wp\/v2\/media\/9563"}],"wp:attachment":[{"href":"https:\/\/trakesh.com\/ar\/wp-json\/wp\/v2\/media?parent=8553"}],"wp:term":[{"taxonomy":"product_brand","embeddable":true,"href":"https:\/\/trakesh.com\/ar\/wp-json\/wp\/v2\/product_brand?post=8553"},{"taxonomy":"product_cat","embeddable":true,"href":"https:\/\/trakesh.com\/ar\/wp-json\/wp\/v2\/product_cat?post=8553"},{"taxonomy":"product_tag","embeddable":true,"href":"https:\/\/trakesh.com\/ar\/wp-json\/wp\/v2\/product_tag?post=8553"}],"curies":[{"name":"wp","href":"https:\/\/api.w.org\/{rel}","templated":true}]}}