{"id":8555,"date":"2025-08-21T18:06:55","date_gmt":"2025-08-21T17:06:55","guid":{"rendered":"https:\/\/trakesh.com\/?post_type=product&#038;p=8555"},"modified":"2025-11-04T21:20:05","modified_gmt":"2025-11-04T20:20:05","slug":"ref-21232945","status":"publish","type":"product","link":"https:\/\/trakesh.com\/ar\/notre-boutique\/vlv\/ref-21232945\/","title":{"rendered":"R\u00e9f. : 21232945"},"content":{"rendered":"<div>\n<div>\n<div>\n<p><strong>Description :<\/strong><\/p>\n<\/div>\n<div>\n<p><strong>Cylindre \u00e9metteur d\u2019embrayage VOLVO con\u00e7u pour garantir un fonctionnement fluide et pr\u00e9cis du syst\u00e8me d\u2019embrayage hydraulique. Il transforme la pression exerc\u00e9e par le conducteur sur la p\u00e9dale en pression hydraulique transmise au cylindre r\u00e9cepteur, permettant un changement de vitesse sans \u00e0-coups. Fabriqu\u00e9 selon les standards VOLVO pour assurer durabilit\u00e9, performance et s\u00e9curit\u00e9 maximale sur la route.<\/strong><\/p>\n<\/div>\n<\/div>\n<\/div>","protected":false},"excerpt":{"rendered":"<p><strong>Cylindre \u00e9metteur d\u2019embrayage \u2013 VOLVO<\/strong><\/p>\n<h2 data-start=\"142\" data-end=\"176\">\ud83d\udd0d Informations &amp; compatibilit\u00e9<\/h2>\n<ul data-start=\"178\" data-end=\"949\">\n<li data-start=\"178\" data-end=\"359\">\n<p data-start=\"180\" data-end=\"359\">La r\u00e9f\u00e9rence <strong data-start=\"193\" data-end=\"205\">21232945<\/strong> est bien mentionn\u00e9e comme <strong data-start=\"232\" data-end=\"258\">clutch master cylinder<\/strong> (cylindre ma\u00eetre \/ \u00e9metteur d\u2019embrayage) pour camions Volvo.Chez FEBI, cette pi\u00e8ce est indiqu\u00e9e pour les Volvo FH 400 \/ FH16 \/ FM mis en service \u00e0 partir de 2003.<\/p>\n<\/li>\n<li data-start=\"505\" data-end=\"670\">\n<p data-start=\"507\" data-end=\"670\">Sur Brake-Cylinder, il est pr\u00e9cis\u00e9 que ce cylindre (SY-4406) a un al\u00e9sage de <strong data-start=\"584\" data-end=\"594\">1 1\/8\u201d<\/strong> (\u2248 28,575 mm) et un filetage M10\u00d71.<\/p>\n<\/li>\n<li data-start=\"671\" data-end=\"785\">\n<p data-start=\"673\" data-end=\"785\">Le site AjmAutoParts indique qu\u2019il est utilis\u00e9 sur les mod\u00e8les Volvo FM. Sur IAP Engineering, le cylindre \u201cto suit Volvo\u201d mentionne les r\u00e9f\u00e9rences 21232945 et 21564394 pour les camions Volvo FH.<\/p>\n<\/li>\n<\/ul>\n<p data-start=\"951\" data-end=\"1082\">Donc, cette pi\u00e8ce est bien une version standard de cylindre d\u2019embrayage pour les gammes Volvo poids lourds, en particulier FH \/ FM.<\/p>\n<hr data-start=\"1084\" data-end=\"1087\" \/>\n<h2 data-start=\"1089\" data-end=\"1119\">\u2699 Fonction &amp; particularit\u00e9s<\/h2>\n<ul data-start=\"1121\" data-end=\"1640\">\n<li data-start=\"1121\" data-end=\"1415\">\n<p data-start=\"1123\" data-end=\"1415\">Comme tout cylindre \u00e9metteur d\u2019embrayage, sa fonction est de recevoir la pression hydraulique (ou fluide de commande) envoy\u00e9e par le ma\u00eetre-cylindre et de convertir cette pression en d\u00e9placement m\u00e9canique pour actionner le m\u00e9canisme d\u2019embrayage (fourche, but\u00e9e) afin de s\u00e9parer l\u2019embrayage.<\/p>\n<\/li>\n<li data-start=\"1416\" data-end=\"1640\">\n<p data-start=\"1418\" data-end=\"1640\">Le d\u00e9tail du <strong data-start=\"1431\" data-end=\"1453\">diam\u00e8tre \/ al\u00e9sage<\/strong> (1 1\/8&Prime;) et le type de filetage (M10\u00d71) sont des caract\u00e9ristiques importantes \u00e0 respecter pour garantir la compatibilit\u00e9 m\u00e9canique et hydraulique.<\/p>\n<\/li>\n<\/ul>\n<hr data-start=\"1642\" data-end=\"1645\" \/>\n<h2 data-start=\"1647\" data-end=\"1679\">\ud83d\udee0 Installation &amp; pr\u00e9cautions<\/h2>\n<p data-start=\"1681\" data-end=\"1745\">Voici les bonnes pratiques \/ points \u00e0 v\u00e9rifier pour le montage :<\/p>\n<ul data-start=\"1747\" data-end=\"2394\">\n<li data-start=\"1747\" data-end=\"1865\">\n<p data-start=\"1749\" data-end=\"1865\">V\u00e9rifier que le diam\u00e8tre, le filetage, la course de la tige du cylindre correspondent \u00e0 ceux de l\u2019ancien cylindre.<\/p>\n<\/li>\n<li data-start=\"1866\" data-end=\"1955\">\n<p data-start=\"1868\" data-end=\"1955\">Installer avec des joints neufs, s\u2019assurer de l\u2019\u00e9tanch\u00e9it\u00e9 aux raccords hydrauliques.<\/p>\n<\/li>\n<li data-start=\"1956\" data-end=\"2029\">\n<p data-start=\"1958\" data-end=\"2029\">Purger le circuit hydraulique apr\u00e8s installation pour \u00e9liminer l\u2019air.<\/p>\n<\/li>\n<li data-start=\"2030\" data-end=\"2170\">\n<p data-start=\"2032\" data-end=\"2170\">V\u00e9rifier le positionnement de la tige \/ poussoir pour qu\u2019il soit bien align\u00e9 avec le m\u00e9canisme d\u2019embrayage (sans contraintes lat\u00e9rales).<\/p>\n<\/li>\n<li data-start=\"2171\" data-end=\"2274\">\n<p data-start=\"2173\" data-end=\"2274\">Tester le fonctionnement de l\u2019embrayage (course, r\u00e9ponse) et s\u2019assurer qu\u2019il n\u2019y ait pas de fuites.<\/p>\n<\/li>\n<li data-start=\"2275\" data-end=\"2394\">\n<p data-start=\"2277\" data-end=\"2394\">Surveiller l\u2019usure des joints, la propret\u00e9 du fluide, les contraintes m\u00e9caniques (vibrations, chocs) sur le cylindre.<\/p>\n<\/li>\n<\/ul>\n<div>\n<div><\/div>\n<div>\n<p>&nbsp;<\/p>\n<\/div>\n<\/div>","protected":false},"featured_media":9562,"comment_status":"open","ping_status":"closed","template":"","meta":[],"product_brand":[278],"product_cat":[70],"product_tag":[],"class_list":{"0":"post-8555","1":"product","2":"type-product","3":"status-publish","4":"has-post-thumbnail","6":"product_brand-volvo","7":"product_cat-vlv","9":"first","10":"instock","11":"shipping-taxable","12":"product-type-simple"},"yoast_head":"<!-- This site is optimized with the Yoast SEO plugin v25.5 - https:\/\/yoast.com\/wordpress\/plugins\/seo\/ -->\n<title>R\u00e9f. : 21232945 - TRAKECH PARTS<\/title>\n<meta name=\"robots\" content=\"index, follow, max-snippet:-1, max-image-preview:large, max-video-preview:-1\" \/>\n<link rel=\"canonical\" href=\"https:\/\/trakesh.com\/ar\/notre-boutique\/vlv\/ref-21232945\/\" \/>\n<meta property=\"og:locale\" content=\"ar_AR\" \/>\n<meta property=\"og:type\" content=\"article\" \/>\n<meta property=\"og:title\" content=\"R\u00e9f. : 21232945 - TRAKECH PARTS\" \/>\n<meta property=\"og:description\" content=\"Cylindre \u00e9metteur d\u2019embrayage \u2013 VOLVO \ud83d\udd0d Informations &amp; compatibilit\u00e9    La r\u00e9f\u00e9rence 21232945 est bien mentionn\u00e9e comme clutch master cylinder (cylindre ma\u00eetre \/ \u00e9metteur d\u2019embrayage) pour camions Volvo.Chez FEBI, cette pi\u00e8ce est indiqu\u00e9e pour les Volvo FH 400 \/ FH16 \/ FM mis en service \u00e0 partir de 2003.    Sur Brake-Cylinder, il est pr\u00e9cis\u00e9 que ce cylindre (SY-4406) a un al\u00e9sage de 1 1\/8\u201d (\u2248 28,575 mm) et un filetage M10\u00d71.    Le site AjmAutoParts indique qu\u2019il est utilis\u00e9 sur les mod\u00e8les Volvo FM. Sur IAP Engineering, le cylindre \u201cto suit Volvo\u201d mentionne les r\u00e9f\u00e9rences 21232945 et 21564394 pour les camions Volvo FH.   Donc, cette pi\u00e8ce est bien une version standard de cylindre d\u2019embrayage pour les gammes Volvo poids lourds, en particulier FH \/ FM.     \u2699 Fonction &amp; particularit\u00e9s    Comme tout cylindre \u00e9metteur d\u2019embrayage, sa fonction est de recevoir la pression hydraulique (ou fluide de commande) envoy\u00e9e par le ma\u00eetre-cylindre et de convertir cette pression en d\u00e9placement m\u00e9canique pour actionner le m\u00e9canisme d\u2019embrayage (fourche, but\u00e9e) afin de s\u00e9parer l\u2019embrayage.    Le d\u00e9tail du diam\u00e8tre \/ al\u00e9sage (1 1\/8&quot;) et le type de filetage (M10\u00d71) sont des caract\u00e9ristiques importantes \u00e0 respecter pour garantir la compatibilit\u00e9 m\u00e9canique et hydraulique.      \ud83d\udee0 Installation &amp; pr\u00e9cautions Voici les bonnes pratiques \/ points \u00e0 v\u00e9rifier pour le montage :     V\u00e9rifier que le diam\u00e8tre, le filetage, la course de la tige du cylindre correspondent \u00e0 ceux de l\u2019ancien cylindre.    Installer avec des joints neufs, s\u2019assurer de l\u2019\u00e9tanch\u00e9it\u00e9 aux raccords hydrauliques.    Purger le circuit hydraulique apr\u00e8s installation pour \u00e9liminer l\u2019air.    V\u00e9rifier le positionnement de la tige \/ poussoir pour qu\u2019il soit bien align\u00e9 avec le m\u00e9canisme d\u2019embrayage (sans contraintes lat\u00e9rales).    Tester le fonctionnement de l\u2019embrayage (course, r\u00e9ponse) et s\u2019assurer qu\u2019il n\u2019y ait pas de fuites.    Surveiller l\u2019usure des joints, la propret\u00e9 du fluide, les contraintes m\u00e9caniques (vibrations, chocs) sur le cylindre.       &nbsp;\" \/>\n<meta property=\"og:url\" content=\"https:\/\/trakesh.com\/ar\/notre-boutique\/vlv\/ref-21232945\/\" \/>\n<meta property=\"og:site_name\" content=\"TRAKECH PARTS\" \/>\n<meta property=\"article:publisher\" content=\"https:\/\/web.facebook.com\/trakechparts\/?locale=fr_FR\" \/>\n<meta property=\"article:modified_time\" content=\"2025-11-04T20:20:05+00:00\" \/>\n<meta property=\"og:image\" content=\"https:\/\/trakesh.com\/wp-content\/uploads\/2025\/08\/MA-2025-11-04T211936.894.png\" \/>\n\t<meta property=\"og:image:width\" content=\"800\" \/>\n\t<meta property=\"og:image:height\" content=\"800\" \/>\n\t<meta property=\"og:image:type\" content=\"image\/png\" \/>\n<meta name=\"twitter:card\" content=\"summary_large_image\" \/>\n<meta name=\"twitter:label1\" content=\"\u0648\u0642\u062a \u0627\u0644\u0642\u0631\u0627\u0621\u0629 \u0627\u0644\u0645\u064f\u0642\u062f\u0651\u0631\" \/>\n\t<meta name=\"twitter:data1\" content=\"\u062f\u0642\u064a\u0642\u0629 \u0648\u0627\u062d\u062f\u0629\" \/>\n<script type=\"application\/ld+json\" class=\"yoast-schema-graph\">{\"@context\":\"https:\/\/schema.org\",\"@graph\":[{\"@type\":\"WebPage\",\"@id\":\"https:\/\/trakesh.com\/notre-boutique\/vlv\/ref-21232945\/\",\"url\":\"https:\/\/trakesh.com\/notre-boutique\/vlv\/ref-21232945\/\",\"name\":\"R\u00e9f. : 21232945 - TRAKECH PARTS\",\"isPartOf\":{\"@id\":\"https:\/\/trakesh.com\/#website\"},\"primaryImageOfPage\":{\"@id\":\"https:\/\/trakesh.com\/notre-boutique\/vlv\/ref-21232945\/#primaryimage\"},\"image\":{\"@id\":\"https:\/\/trakesh.com\/notre-boutique\/vlv\/ref-21232945\/#primaryimage\"},\"thumbnailUrl\":\"https:\/\/trakesh.com\/wp-content\/uploads\/2025\/08\/MA-2025-11-04T211936.894.png\",\"datePublished\":\"2025-08-21T17:06:55+00:00\",\"dateModified\":\"2025-11-04T20:20:05+00:00\",\"breadcrumb\":{\"@id\":\"https:\/\/trakesh.com\/notre-boutique\/vlv\/ref-21232945\/#breadcrumb\"},\"inLanguage\":\"ar\",\"potentialAction\":[{\"@type\":\"ReadAction\",\"target\":[\"https:\/\/trakesh.com\/notre-boutique\/vlv\/ref-21232945\/\"]}]},{\"@type\":\"ImageObject\",\"inLanguage\":\"ar\",\"@id\":\"https:\/\/trakesh.com\/notre-boutique\/vlv\/ref-21232945\/#primaryimage\",\"url\":\"https:\/\/trakesh.com\/wp-content\/uploads\/2025\/08\/MA-2025-11-04T211936.894.png\",\"contentUrl\":\"https:\/\/trakesh.com\/wp-content\/uploads\/2025\/08\/MA-2025-11-04T211936.894.png\",\"width\":800,\"height\":800},{\"@type\":\"BreadcrumbList\",\"@id\":\"https:\/\/trakesh.com\/notre-boutique\/vlv\/ref-21232945\/#breadcrumb\",\"itemListElement\":[{\"@type\":\"ListItem\",\"position\":1,\"name\":\"Home\",\"item\":\"https:\/\/trakesh.com\/\"},{\"@type\":\"ListItem\",\"position\":2,\"name\":\"Notre Boutique\",\"item\":\"https:\/\/trakesh.com\/notre-boutique\/\"},{\"@type\":\"ListItem\",\"position\":3,\"name\":\"R\u00e9f. : 21232945\"}]},{\"@type\":\"WebSite\",\"@id\":\"https:\/\/trakesh.com\/#website\",\"url\":\"https:\/\/trakesh.com\/\",\"name\":\"TRAKECH PARTS\",\"description\":\"Pi\u00e8ces de rechange pour camions MAN, moteurs CATERPILLAR et PERKINS \u2013 Maroc\",\"publisher\":{\"@id\":\"https:\/\/trakesh.com\/#organization\"},\"potentialAction\":[{\"@type\":\"SearchAction\",\"target\":{\"@type\":\"EntryPoint\",\"urlTemplate\":\"https:\/\/trakesh.com\/?s={search_term_string}\"},\"query-input\":{\"@type\":\"PropertyValueSpecification\",\"valueRequired\":true,\"valueName\":\"search_term_string\"}}],\"inLanguage\":\"ar\"},{\"@type\":\"Organization\",\"@id\":\"https:\/\/trakesh.com\/#organization\",\"name\":\"TRAKECH PARTS\",\"url\":\"https:\/\/trakesh.com\/\",\"logo\":{\"@type\":\"ImageObject\",\"inLanguage\":\"ar\",\"@id\":\"https:\/\/trakesh.com\/#\/schema\/logo\/image\/\",\"url\":\"https:\/\/trakesh.com\/wp-content\/uploads\/2025\/05\/cropped-cropped-cropped-cropped-cropped-cropped-cropped-trakesh-removebg-preview-1.png\",\"contentUrl\":\"https:\/\/trakesh.com\/wp-content\/uploads\/2025\/05\/cropped-cropped-cropped-cropped-cropped-cropped-cropped-trakesh-removebg-preview-1.png\",\"width\":342,\"height\":96,\"caption\":\"TRAKECH PARTS\"},\"image\":{\"@id\":\"https:\/\/trakesh.com\/#\/schema\/logo\/image\/\"},\"sameAs\":[\"https:\/\/web.facebook.com\/trakechparts\/?locale=fr_FR\",\"https:\/\/www.instagram.com\/trakech_parts\/\"]}]}<\/script>\n<!-- \/ Yoast SEO plugin. -->","yoast_head_json":{"title":"R\u00e9f. : 21232945 - TRAKECH PARTS","robots":{"index":"index","follow":"follow","max-snippet":"max-snippet:-1","max-image-preview":"max-image-preview:large","max-video-preview":"max-video-preview:-1"},"canonical":"https:\/\/trakesh.com\/ar\/notre-boutique\/vlv\/ref-21232945\/","og_locale":"ar_AR","og_type":"article","og_title":"R\u00e9f. : 21232945 - TRAKECH PARTS","og_description":"Cylindre \u00e9metteur d\u2019embrayage \u2013 VOLVO \ud83d\udd0d Informations &amp; compatibilit\u00e9    La r\u00e9f\u00e9rence 21232945 est bien mentionn\u00e9e comme clutch master cylinder (cylindre ma\u00eetre \/ \u00e9metteur d\u2019embrayage) pour camions Volvo.Chez FEBI, cette pi\u00e8ce est indiqu\u00e9e pour les Volvo FH 400 \/ FH16 \/ FM mis en service \u00e0 partir de 2003.    Sur Brake-Cylinder, il est pr\u00e9cis\u00e9 que ce cylindre (SY-4406) a un al\u00e9sage de 1 1\/8\u201d (\u2248 28,575 mm) et un filetage M10\u00d71.    Le site AjmAutoParts indique qu\u2019il est utilis\u00e9 sur les mod\u00e8les Volvo FM. Sur IAP Engineering, le cylindre \u201cto suit Volvo\u201d mentionne les r\u00e9f\u00e9rences 21232945 et 21564394 pour les camions Volvo FH.   Donc, cette pi\u00e8ce est bien une version standard de cylindre d\u2019embrayage pour les gammes Volvo poids lourds, en particulier FH \/ FM.     \u2699 Fonction &amp; particularit\u00e9s    Comme tout cylindre \u00e9metteur d\u2019embrayage, sa fonction est de recevoir la pression hydraulique (ou fluide de commande) envoy\u00e9e par le ma\u00eetre-cylindre et de convertir cette pression en d\u00e9placement m\u00e9canique pour actionner le m\u00e9canisme d\u2019embrayage (fourche, but\u00e9e) afin de s\u00e9parer l\u2019embrayage.    Le d\u00e9tail du diam\u00e8tre \/ al\u00e9sage (1 1\/8\") et le type de filetage (M10\u00d71) sont des caract\u00e9ristiques importantes \u00e0 respecter pour garantir la compatibilit\u00e9 m\u00e9canique et hydraulique.      \ud83d\udee0 Installation &amp; pr\u00e9cautions Voici les bonnes pratiques \/ points \u00e0 v\u00e9rifier pour le montage :     V\u00e9rifier que le diam\u00e8tre, le filetage, la course de la tige du cylindre correspondent \u00e0 ceux de l\u2019ancien cylindre.    Installer avec des joints neufs, s\u2019assurer de l\u2019\u00e9tanch\u00e9it\u00e9 aux raccords hydrauliques.    Purger le circuit hydraulique apr\u00e8s installation pour \u00e9liminer l\u2019air.    V\u00e9rifier le positionnement de la tige \/ poussoir pour qu\u2019il soit bien align\u00e9 avec le m\u00e9canisme d\u2019embrayage (sans contraintes lat\u00e9rales).    Tester le fonctionnement de l\u2019embrayage (course, r\u00e9ponse) et s\u2019assurer qu\u2019il n\u2019y ait pas de fuites.    Surveiller l\u2019usure des joints, la propret\u00e9 du fluide, les contraintes m\u00e9caniques (vibrations, chocs) sur le cylindre.       &nbsp;","og_url":"https:\/\/trakesh.com\/ar\/notre-boutique\/vlv\/ref-21232945\/","og_site_name":"TRAKECH PARTS","article_publisher":"https:\/\/web.facebook.com\/trakechparts\/?locale=fr_FR","article_modified_time":"2025-11-04T20:20:05+00:00","og_image":[{"width":800,"height":800,"url":"https:\/\/trakesh.com\/wp-content\/uploads\/2025\/08\/MA-2025-11-04T211936.894.png","type":"image\/png"}],"twitter_card":"summary_large_image","twitter_misc":{"\u0648\u0642\u062a \u0627\u0644\u0642\u0631\u0627\u0621\u0629 \u0627\u0644\u0645\u064f\u0642\u062f\u0651\u0631":"\u062f\u0642\u064a\u0642\u0629 \u0648\u0627\u062d\u062f\u0629"},"schema":{"@context":"https:\/\/schema.org","@graph":[{"@type":"WebPage","@id":"https:\/\/trakesh.com\/notre-boutique\/vlv\/ref-21232945\/","url":"https:\/\/trakesh.com\/notre-boutique\/vlv\/ref-21232945\/","name":"R\u00e9f. : 21232945 - TRAKECH PARTS","isPartOf":{"@id":"https:\/\/trakesh.com\/#website"},"primaryImageOfPage":{"@id":"https:\/\/trakesh.com\/notre-boutique\/vlv\/ref-21232945\/#primaryimage"},"image":{"@id":"https:\/\/trakesh.com\/notre-boutique\/vlv\/ref-21232945\/#primaryimage"},"thumbnailUrl":"https:\/\/trakesh.com\/wp-content\/uploads\/2025\/08\/MA-2025-11-04T211936.894.png","datePublished":"2025-08-21T17:06:55+00:00","dateModified":"2025-11-04T20:20:05+00:00","breadcrumb":{"@id":"https:\/\/trakesh.com\/notre-boutique\/vlv\/ref-21232945\/#breadcrumb"},"inLanguage":"ar","potentialAction":[{"@type":"ReadAction","target":["https:\/\/trakesh.com\/notre-boutique\/vlv\/ref-21232945\/"]}]},{"@type":"ImageObject","inLanguage":"ar","@id":"https:\/\/trakesh.com\/notre-boutique\/vlv\/ref-21232945\/#primaryimage","url":"https:\/\/trakesh.com\/wp-content\/uploads\/2025\/08\/MA-2025-11-04T211936.894.png","contentUrl":"https:\/\/trakesh.com\/wp-content\/uploads\/2025\/08\/MA-2025-11-04T211936.894.png","width":800,"height":800},{"@type":"BreadcrumbList","@id":"https:\/\/trakesh.com\/notre-boutique\/vlv\/ref-21232945\/#breadcrumb","itemListElement":[{"@type":"ListItem","position":1,"name":"Home","item":"https:\/\/trakesh.com\/"},{"@type":"ListItem","position":2,"name":"Notre Boutique","item":"https:\/\/trakesh.com\/notre-boutique\/"},{"@type":"ListItem","position":3,"name":"R\u00e9f. : 21232945"}]},{"@type":"WebSite","@id":"https:\/\/trakesh.com\/#website","url":"https:\/\/trakesh.com\/","name":"TRAKECH PARTS","description":"Pi\u00e8ces de rechange pour camions MAN, moteurs CATERPILLAR et PERKINS \u2013 Maroc","publisher":{"@id":"https:\/\/trakesh.com\/#organization"},"potentialAction":[{"@type":"SearchAction","target":{"@type":"EntryPoint","urlTemplate":"https:\/\/trakesh.com\/?s={search_term_string}"},"query-input":{"@type":"PropertyValueSpecification","valueRequired":true,"valueName":"search_term_string"}}],"inLanguage":"ar"},{"@type":"Organization","@id":"https:\/\/trakesh.com\/#organization","name":"TRAKECH PARTS","url":"https:\/\/trakesh.com\/","logo":{"@type":"ImageObject","inLanguage":"ar","@id":"https:\/\/trakesh.com\/#\/schema\/logo\/image\/","url":"https:\/\/trakesh.com\/wp-content\/uploads\/2025\/05\/cropped-cropped-cropped-cropped-cropped-cropped-cropped-trakesh-removebg-preview-1.png","contentUrl":"https:\/\/trakesh.com\/wp-content\/uploads\/2025\/05\/cropped-cropped-cropped-cropped-cropped-cropped-cropped-trakesh-removebg-preview-1.png","width":342,"height":96,"caption":"TRAKECH PARTS"},"image":{"@id":"https:\/\/trakesh.com\/#\/schema\/logo\/image\/"},"sameAs":["https:\/\/web.facebook.com\/trakechparts\/?locale=fr_FR","https:\/\/www.instagram.com\/trakech_parts\/"]}]}},"_links":{"self":[{"href":"https:\/\/trakesh.com\/ar\/wp-json\/wp\/v2\/product\/8555","targetHints":{"allow":["GET"]}}],"collection":[{"href":"https:\/\/trakesh.com\/ar\/wp-json\/wp\/v2\/product"}],"about":[{"href":"https:\/\/trakesh.com\/ar\/wp-json\/wp\/v2\/types\/product"}],"replies":[{"embeddable":true,"href":"https:\/\/trakesh.com\/ar\/wp-json\/wp\/v2\/comments?post=8555"}],"wp:featuredmedia":[{"embeddable":true,"href":"https:\/\/trakesh.com\/ar\/wp-json\/wp\/v2\/media\/9562"}],"wp:attachment":[{"href":"https:\/\/trakesh.com\/ar\/wp-json\/wp\/v2\/media?parent=8555"}],"wp:term":[{"taxonomy":"product_brand","embeddable":true,"href":"https:\/\/trakesh.com\/ar\/wp-json\/wp\/v2\/product_brand?post=8555"},{"taxonomy":"product_cat","embeddable":true,"href":"https:\/\/trakesh.com\/ar\/wp-json\/wp\/v2\/product_cat?post=8555"},{"taxonomy":"product_tag","embeddable":true,"href":"https:\/\/trakesh.com\/ar\/wp-json\/wp\/v2\/product_tag?post=8555"}],"curies":[{"name":"wp","href":"https:\/\/api.w.org\/{rel}","templated":true}]}}