{"id":8568,"date":"2025-08-21T18:50:30","date_gmt":"2025-08-21T17:50:30","guid":{"rendered":"https:\/\/trakesh.com\/?post_type=product&#038;p=8568"},"modified":"2025-11-04T17:18:53","modified_gmt":"2025-11-04T16:18:53","slug":"ref-ae4560","status":"publish","type":"product","link":"https:\/\/trakesh.com\/ar\/notre-boutique\/iveco\/ref-ae4560\/","title":{"rendered":"R\u00e9f. : AE4560"},"content":{"rendered":"<div>\n<div>\n<div>\n<p><strong>Description :<\/strong><\/p>\n<\/div>\n<div>\n<p><strong>La valve de protection KNORR-BREMSE AE4560 pour v\u00e9hicules IVECO est con\u00e7ue pour s\u00e9curiser le syst\u00e8me pneumatique en maintenant l\u2019int\u00e9grit\u00e9 des circuits en cas de d\u00e9faillance. Elle assure une r\u00e9partition fiable de l\u2019air comprim\u00e9 entre les diff\u00e9rents circuits (frein de service, frein de stationnement, suspension\u2026) tout en isolant ceux qui subissent une chute de pression. Conforme aux normes OEM, elle garantit performance, s\u00e9curit\u00e9 et durabilit\u00e9.<\/strong><\/p>\n<\/div>\n<\/div>\n<\/div>","protected":false},"excerpt":{"rendered":"<p><strong>Valve de protection\u00a0 \u2013 IVECO (KNORR-BREMSE)<\/strong><\/p>\n<div>\n<div>\u00a0\u2705 Fonction<\/div>\n<div>\n<ul data-start=\"122\" data-end=\"540\">\n<li data-start=\"122\" data-end=\"238\">\n<p data-start=\"124\" data-end=\"238\">Il s\u2019agit d\u2019une <strong data-start=\"140\" data-end=\"178\">vanne de protection multi\u2011circuits<\/strong> pour syst\u00e8mes pneumatiques, utilis\u00e9e sur v\u00e9hicules IVECO.<\/p>\n<\/li>\n<li data-start=\"239\" data-end=\"540\">\n<p data-start=\"241\" data-end=\"540\">Elle prot\u00e8ge et isole les circuits d\u2019air en cas de d\u00e9faillance d\u2019un circuit, garantissant ainsi la s\u00e9curit\u00e9 du syst\u00e8me de freinage et autres syst\u00e8mes pneumatiques.<\/p>\n<\/li>\n<\/ul>\n<hr data-start=\"542\" data-end=\"545\" \/>\n<h2 data-start=\"547\" data-end=\"580\">\u2699 Caract\u00e9ristiques principales<\/h2>\n<ul data-start=\"582\" data-end=\"927\">\n<li data-start=\"582\" data-end=\"635\">\n<p data-start=\"584\" data-end=\"635\"><strong data-start=\"584\" data-end=\"610\">Pression de limitation<\/strong> : environ <strong data-start=\"621\" data-end=\"632\">8,5 bar<\/strong>.<\/p>\n<\/li>\n<li data-start=\"636\" data-end=\"697\">\n<p data-start=\"638\" data-end=\"697\"><strong data-start=\"638\" data-end=\"672\">Pression d\u2019ouverture (by\u2011pass)<\/strong> : environ <strong data-start=\"683\" data-end=\"694\">7,5 bar<\/strong>.<\/p>\n<\/li>\n<li data-start=\"698\" data-end=\"765\">\n<p data-start=\"700\" data-end=\"765\"><strong data-start=\"700\" data-end=\"714\">Connexions<\/strong> : multiples ports, notamment M16\u00d71,5 et M22\u00d71,5.<\/p>\n<\/li>\n<li data-start=\"766\" data-end=\"844\">\n<p data-start=\"768\" data-end=\"844\"><strong data-start=\"768\" data-end=\"792\">Connexion \u00e9lectrique<\/strong> : prise bayonnette DIN 72585 A1\u20116 (selon mod\u00e8le).<\/p>\n<\/li>\n<li data-start=\"845\" data-end=\"927\">\n<p data-start=\"847\" data-end=\"927\"><strong data-start=\"847\" data-end=\"874\">R\u00e9f\u00e9rences \u00e9quivalentes<\/strong> : IVECO 42566889, Knorr\u2011Bremse AE4560, K048307N03.<\/p>\n<\/li>\n<\/ul>\n<hr data-start=\"929\" data-end=\"932\" \/>\n<h2 data-start=\"934\" data-end=\"948\">\u2714 Avantages<\/h2>\n<ul data-start=\"950\" data-end=\"1180\">\n<li data-start=\"950\" data-end=\"1008\">\n<p data-start=\"952\" data-end=\"1008\">Protection fiable des circuits pneumatiques multiples.<\/p>\n<\/li>\n<li data-start=\"1009\" data-end=\"1071\">\n<p data-start=\"1011\" data-end=\"1071\">Maintien de la s\u00e9curit\u00e9 m\u00eame en cas de panne d\u2019un circuit.<\/p>\n<\/li>\n<li data-start=\"1072\" data-end=\"1119\">\n<p data-start=\"1074\" data-end=\"1119\">Compatibilit\u00e9 OEM avec les v\u00e9hicules IVECO.<\/p>\n<\/li>\n<li data-start=\"1120\" data-end=\"1180\">\n<p data-start=\"1122\" data-end=\"1180\">Qualit\u00e9 Knorr\u2011Bremse assurant durabilit\u00e9 et performance.<\/p>\n<\/li>\n<\/ul>\n<\/div>\n<\/div>","protected":false},"featured_media":9548,"comment_status":"open","ping_status":"closed","template":"","meta":[],"product_brand":[79],"product_cat":[61],"product_tag":[],"class_list":{"0":"post-8568","1":"product","2":"type-product","3":"status-publish","4":"has-post-thumbnail","6":"product_brand-kr","7":"product_cat-iveco","9":"first","10":"instock","11":"shipping-taxable","12":"product-type-simple"},"yoast_head":"<!-- This site is optimized with the Yoast SEO plugin v25.5 - https:\/\/yoast.com\/wordpress\/plugins\/seo\/ -->\n<title>R\u00e9f. : AE4560 - TRAKECH PARTS<\/title>\n<meta name=\"robots\" content=\"index, follow, max-snippet:-1, max-image-preview:large, max-video-preview:-1\" \/>\n<link rel=\"canonical\" href=\"https:\/\/trakesh.com\/ar\/notre-boutique\/iveco\/ref-ae4560\/\" \/>\n<meta property=\"og:locale\" content=\"ar_AR\" \/>\n<meta property=\"og:type\" content=\"article\" \/>\n<meta property=\"og:title\" content=\"R\u00e9f. : AE4560 - TRAKECH PARTS\" \/>\n<meta property=\"og:description\" content=\"Valve de protection\u00a0 \u2013 IVECO (KNORR-BREMSE)  \u00a0\u2705 Fonction     Il s\u2019agit d\u2019une vanne de protection multi\u2011circuits pour syst\u00e8mes pneumatiques, utilis\u00e9e sur v\u00e9hicules IVECO.    Elle prot\u00e8ge et isole les circuits d\u2019air en cas de d\u00e9faillance d\u2019un circuit, garantissant ainsi la s\u00e9curit\u00e9 du syst\u00e8me de freinage et autres syst\u00e8mes pneumatiques.      \u2699 Caract\u00e9ristiques principales    Pression de limitation : environ 8,5 bar.    Pression d\u2019ouverture (by\u2011pass) : environ 7,5 bar.    Connexions : multiples ports, notamment M16\u00d71,5 et M22\u00d71,5.    Connexion \u00e9lectrique : prise bayonnette DIN 72585 A1\u20116 (selon mod\u00e8le).    R\u00e9f\u00e9rences \u00e9quivalentes : IVECO 42566889, Knorr\u2011Bremse AE4560, K048307N03.      \u2714 Avantages    Protection fiable des circuits pneumatiques multiples.    Maintien de la s\u00e9curit\u00e9 m\u00eame en cas de panne d\u2019un circuit.    Compatibilit\u00e9 OEM avec les v\u00e9hicules IVECO.    Qualit\u00e9 Knorr\u2011Bremse assurant durabilit\u00e9 et performance.\" \/>\n<meta property=\"og:url\" content=\"https:\/\/trakesh.com\/ar\/notre-boutique\/iveco\/ref-ae4560\/\" \/>\n<meta property=\"og:site_name\" content=\"TRAKECH PARTS\" \/>\n<meta property=\"article:publisher\" content=\"https:\/\/web.facebook.com\/trakechparts\/?locale=fr_FR\" \/>\n<meta property=\"article:modified_time\" content=\"2025-11-04T16:18:53+00:00\" \/>\n<meta property=\"og:image\" content=\"https:\/\/trakesh.com\/wp-content\/uploads\/2025\/08\/MA-2025-11-04T171239.319.png\" \/>\n\t<meta property=\"og:image:width\" content=\"800\" \/>\n\t<meta property=\"og:image:height\" content=\"800\" \/>\n\t<meta property=\"og:image:type\" content=\"image\/png\" \/>\n<meta name=\"twitter:card\" content=\"summary_large_image\" \/>\n<meta name=\"twitter:label1\" content=\"\u0648\u0642\u062a \u0627\u0644\u0642\u0631\u0627\u0621\u0629 \u0627\u0644\u0645\u064f\u0642\u062f\u0651\u0631\" \/>\n\t<meta name=\"twitter:data1\" content=\"\u062f\u0642\u064a\u0642\u0629 \u0648\u0627\u062d\u062f\u0629\" \/>\n<script type=\"application\/ld+json\" class=\"yoast-schema-graph\">{\"@context\":\"https:\/\/schema.org\",\"@graph\":[{\"@type\":\"WebPage\",\"@id\":\"https:\/\/trakesh.com\/notre-boutique\/iveco\/ref-ae4560\/\",\"url\":\"https:\/\/trakesh.com\/notre-boutique\/iveco\/ref-ae4560\/\",\"name\":\"R\u00e9f. : AE4560 - TRAKECH PARTS\",\"isPartOf\":{\"@id\":\"https:\/\/trakesh.com\/#website\"},\"primaryImageOfPage\":{\"@id\":\"https:\/\/trakesh.com\/notre-boutique\/iveco\/ref-ae4560\/#primaryimage\"},\"image\":{\"@id\":\"https:\/\/trakesh.com\/notre-boutique\/iveco\/ref-ae4560\/#primaryimage\"},\"thumbnailUrl\":\"https:\/\/trakesh.com\/wp-content\/uploads\/2025\/08\/MA-2025-11-04T171239.319.png\",\"datePublished\":\"2025-08-21T17:50:30+00:00\",\"dateModified\":\"2025-11-04T16:18:53+00:00\",\"breadcrumb\":{\"@id\":\"https:\/\/trakesh.com\/notre-boutique\/iveco\/ref-ae4560\/#breadcrumb\"},\"inLanguage\":\"ar\",\"potentialAction\":[{\"@type\":\"ReadAction\",\"target\":[\"https:\/\/trakesh.com\/notre-boutique\/iveco\/ref-ae4560\/\"]}]},{\"@type\":\"ImageObject\",\"inLanguage\":\"ar\",\"@id\":\"https:\/\/trakesh.com\/notre-boutique\/iveco\/ref-ae4560\/#primaryimage\",\"url\":\"https:\/\/trakesh.com\/wp-content\/uploads\/2025\/08\/MA-2025-11-04T171239.319.png\",\"contentUrl\":\"https:\/\/trakesh.com\/wp-content\/uploads\/2025\/08\/MA-2025-11-04T171239.319.png\",\"width\":800,\"height\":800},{\"@type\":\"BreadcrumbList\",\"@id\":\"https:\/\/trakesh.com\/notre-boutique\/iveco\/ref-ae4560\/#breadcrumb\",\"itemListElement\":[{\"@type\":\"ListItem\",\"position\":1,\"name\":\"Home\",\"item\":\"https:\/\/trakesh.com\/\"},{\"@type\":\"ListItem\",\"position\":2,\"name\":\"Notre Boutique\",\"item\":\"https:\/\/trakesh.com\/notre-boutique\/\"},{\"@type\":\"ListItem\",\"position\":3,\"name\":\"R\u00e9f. : AE4560\"}]},{\"@type\":\"WebSite\",\"@id\":\"https:\/\/trakesh.com\/#website\",\"url\":\"https:\/\/trakesh.com\/\",\"name\":\"TRAKECH PARTS\",\"description\":\"Pi\u00e8ces de rechange pour camions MAN, moteurs CATERPILLAR et PERKINS \u2013 Maroc\",\"publisher\":{\"@id\":\"https:\/\/trakesh.com\/#organization\"},\"potentialAction\":[{\"@type\":\"SearchAction\",\"target\":{\"@type\":\"EntryPoint\",\"urlTemplate\":\"https:\/\/trakesh.com\/?s={search_term_string}\"},\"query-input\":{\"@type\":\"PropertyValueSpecification\",\"valueRequired\":true,\"valueName\":\"search_term_string\"}}],\"inLanguage\":\"ar\"},{\"@type\":\"Organization\",\"@id\":\"https:\/\/trakesh.com\/#organization\",\"name\":\"TRAKECH PARTS\",\"url\":\"https:\/\/trakesh.com\/\",\"logo\":{\"@type\":\"ImageObject\",\"inLanguage\":\"ar\",\"@id\":\"https:\/\/trakesh.com\/#\/schema\/logo\/image\/\",\"url\":\"https:\/\/trakesh.com\/wp-content\/uploads\/2025\/05\/cropped-cropped-cropped-cropped-cropped-cropped-cropped-trakesh-removebg-preview-1.png\",\"contentUrl\":\"https:\/\/trakesh.com\/wp-content\/uploads\/2025\/05\/cropped-cropped-cropped-cropped-cropped-cropped-cropped-trakesh-removebg-preview-1.png\",\"width\":342,\"height\":96,\"caption\":\"TRAKECH PARTS\"},\"image\":{\"@id\":\"https:\/\/trakesh.com\/#\/schema\/logo\/image\/\"},\"sameAs\":[\"https:\/\/web.facebook.com\/trakechparts\/?locale=fr_FR\",\"https:\/\/www.instagram.com\/trakech_parts\/\"]}]}<\/script>\n<!-- \/ Yoast SEO plugin. -->","yoast_head_json":{"title":"R\u00e9f. : AE4560 - TRAKECH PARTS","robots":{"index":"index","follow":"follow","max-snippet":"max-snippet:-1","max-image-preview":"max-image-preview:large","max-video-preview":"max-video-preview:-1"},"canonical":"https:\/\/trakesh.com\/ar\/notre-boutique\/iveco\/ref-ae4560\/","og_locale":"ar_AR","og_type":"article","og_title":"R\u00e9f. : AE4560 - TRAKECH PARTS","og_description":"Valve de protection\u00a0 \u2013 IVECO (KNORR-BREMSE)  \u00a0\u2705 Fonction     Il s\u2019agit d\u2019une vanne de protection multi\u2011circuits pour syst\u00e8mes pneumatiques, utilis\u00e9e sur v\u00e9hicules IVECO.    Elle prot\u00e8ge et isole les circuits d\u2019air en cas de d\u00e9faillance d\u2019un circuit, garantissant ainsi la s\u00e9curit\u00e9 du syst\u00e8me de freinage et autres syst\u00e8mes pneumatiques.      \u2699 Caract\u00e9ristiques principales    Pression de limitation : environ 8,5 bar.    Pression d\u2019ouverture (by\u2011pass) : environ 7,5 bar.    Connexions : multiples ports, notamment M16\u00d71,5 et M22\u00d71,5.    Connexion \u00e9lectrique : prise bayonnette DIN 72585 A1\u20116 (selon mod\u00e8le).    R\u00e9f\u00e9rences \u00e9quivalentes : IVECO 42566889, Knorr\u2011Bremse AE4560, K048307N03.      \u2714 Avantages    Protection fiable des circuits pneumatiques multiples.    Maintien de la s\u00e9curit\u00e9 m\u00eame en cas de panne d\u2019un circuit.    Compatibilit\u00e9 OEM avec les v\u00e9hicules IVECO.    Qualit\u00e9 Knorr\u2011Bremse assurant durabilit\u00e9 et performance.","og_url":"https:\/\/trakesh.com\/ar\/notre-boutique\/iveco\/ref-ae4560\/","og_site_name":"TRAKECH PARTS","article_publisher":"https:\/\/web.facebook.com\/trakechparts\/?locale=fr_FR","article_modified_time":"2025-11-04T16:18:53+00:00","og_image":[{"width":800,"height":800,"url":"https:\/\/trakesh.com\/wp-content\/uploads\/2025\/08\/MA-2025-11-04T171239.319.png","type":"image\/png"}],"twitter_card":"summary_large_image","twitter_misc":{"\u0648\u0642\u062a \u0627\u0644\u0642\u0631\u0627\u0621\u0629 \u0627\u0644\u0645\u064f\u0642\u062f\u0651\u0631":"\u062f\u0642\u064a\u0642\u0629 \u0648\u0627\u062d\u062f\u0629"},"schema":{"@context":"https:\/\/schema.org","@graph":[{"@type":"WebPage","@id":"https:\/\/trakesh.com\/notre-boutique\/iveco\/ref-ae4560\/","url":"https:\/\/trakesh.com\/notre-boutique\/iveco\/ref-ae4560\/","name":"R\u00e9f. : AE4560 - TRAKECH PARTS","isPartOf":{"@id":"https:\/\/trakesh.com\/#website"},"primaryImageOfPage":{"@id":"https:\/\/trakesh.com\/notre-boutique\/iveco\/ref-ae4560\/#primaryimage"},"image":{"@id":"https:\/\/trakesh.com\/notre-boutique\/iveco\/ref-ae4560\/#primaryimage"},"thumbnailUrl":"https:\/\/trakesh.com\/wp-content\/uploads\/2025\/08\/MA-2025-11-04T171239.319.png","datePublished":"2025-08-21T17:50:30+00:00","dateModified":"2025-11-04T16:18:53+00:00","breadcrumb":{"@id":"https:\/\/trakesh.com\/notre-boutique\/iveco\/ref-ae4560\/#breadcrumb"},"inLanguage":"ar","potentialAction":[{"@type":"ReadAction","target":["https:\/\/trakesh.com\/notre-boutique\/iveco\/ref-ae4560\/"]}]},{"@type":"ImageObject","inLanguage":"ar","@id":"https:\/\/trakesh.com\/notre-boutique\/iveco\/ref-ae4560\/#primaryimage","url":"https:\/\/trakesh.com\/wp-content\/uploads\/2025\/08\/MA-2025-11-04T171239.319.png","contentUrl":"https:\/\/trakesh.com\/wp-content\/uploads\/2025\/08\/MA-2025-11-04T171239.319.png","width":800,"height":800},{"@type":"BreadcrumbList","@id":"https:\/\/trakesh.com\/notre-boutique\/iveco\/ref-ae4560\/#breadcrumb","itemListElement":[{"@type":"ListItem","position":1,"name":"Home","item":"https:\/\/trakesh.com\/"},{"@type":"ListItem","position":2,"name":"Notre Boutique","item":"https:\/\/trakesh.com\/notre-boutique\/"},{"@type":"ListItem","position":3,"name":"R\u00e9f. : AE4560"}]},{"@type":"WebSite","@id":"https:\/\/trakesh.com\/#website","url":"https:\/\/trakesh.com\/","name":"TRAKECH PARTS","description":"Pi\u00e8ces de rechange pour camions MAN, moteurs CATERPILLAR et PERKINS \u2013 Maroc","publisher":{"@id":"https:\/\/trakesh.com\/#organization"},"potentialAction":[{"@type":"SearchAction","target":{"@type":"EntryPoint","urlTemplate":"https:\/\/trakesh.com\/?s={search_term_string}"},"query-input":{"@type":"PropertyValueSpecification","valueRequired":true,"valueName":"search_term_string"}}],"inLanguage":"ar"},{"@type":"Organization","@id":"https:\/\/trakesh.com\/#organization","name":"TRAKECH PARTS","url":"https:\/\/trakesh.com\/","logo":{"@type":"ImageObject","inLanguage":"ar","@id":"https:\/\/trakesh.com\/#\/schema\/logo\/image\/","url":"https:\/\/trakesh.com\/wp-content\/uploads\/2025\/05\/cropped-cropped-cropped-cropped-cropped-cropped-cropped-trakesh-removebg-preview-1.png","contentUrl":"https:\/\/trakesh.com\/wp-content\/uploads\/2025\/05\/cropped-cropped-cropped-cropped-cropped-cropped-cropped-trakesh-removebg-preview-1.png","width":342,"height":96,"caption":"TRAKECH PARTS"},"image":{"@id":"https:\/\/trakesh.com\/#\/schema\/logo\/image\/"},"sameAs":["https:\/\/web.facebook.com\/trakechparts\/?locale=fr_FR","https:\/\/www.instagram.com\/trakech_parts\/"]}]}},"_links":{"self":[{"href":"https:\/\/trakesh.com\/ar\/wp-json\/wp\/v2\/product\/8568","targetHints":{"allow":["GET"]}}],"collection":[{"href":"https:\/\/trakesh.com\/ar\/wp-json\/wp\/v2\/product"}],"about":[{"href":"https:\/\/trakesh.com\/ar\/wp-json\/wp\/v2\/types\/product"}],"replies":[{"embeddable":true,"href":"https:\/\/trakesh.com\/ar\/wp-json\/wp\/v2\/comments?post=8568"}],"wp:featuredmedia":[{"embeddable":true,"href":"https:\/\/trakesh.com\/ar\/wp-json\/wp\/v2\/media\/9548"}],"wp:attachment":[{"href":"https:\/\/trakesh.com\/ar\/wp-json\/wp\/v2\/media?parent=8568"}],"wp:term":[{"taxonomy":"product_brand","embeddable":true,"href":"https:\/\/trakesh.com\/ar\/wp-json\/wp\/v2\/product_brand?post=8568"},{"taxonomy":"product_cat","embeddable":true,"href":"https:\/\/trakesh.com\/ar\/wp-json\/wp\/v2\/product_cat?post=8568"},{"taxonomy":"product_tag","embeddable":true,"href":"https:\/\/trakesh.com\/ar\/wp-json\/wp\/v2\/product_tag?post=8568"}],"curies":[{"name":"wp","href":"https:\/\/api.w.org\/{rel}","templated":true}]}}