{"id":8587,"date":"2025-08-21T19:34:06","date_gmt":"2025-08-21T18:34:06","guid":{"rendered":"https:\/\/trakesh.com\/?post_type=product&#038;p=8587"},"modified":"2025-11-04T16:35:51","modified_gmt":"2025-11-04T15:35:51","slug":"ref-415-394","status":"publish","type":"product","link":"https:\/\/trakesh.com\/ar\/notre-boutique\/cat\/ref-415-394\/","title":{"rendered":"R\u00e9f. : 415-394"},"content":{"rendered":"<div>\n<div>\n<div>\n<p><strong>Description :<\/strong><\/p>\n<\/div>\n<div>\n<p><strong>Le capteur de pression CATERPILLAR 415-394 est con\u00e7u pour assurer une lecture pr\u00e9cise et stable des pressions critiques afin de garantir un fonctionnement optimal des syst\u00e8mes moteur et hydrauliques. En transmettant ces informations au module de commande \u00e9lectronique, il contribue \u00e0 la pr\u00e9vention des d\u00e9faillances, \u00e0 l\u2019optimisation des performances et \u00e0 la prolongation de la dur\u00e9e de vie de l\u2019\u00e9quipement. Pi\u00e8ce d\u2019origine Caterpillar, fabriqu\u00e9e pour r\u00e9sister aux conditions de travail s\u00e9v\u00e8res, aux vibrations et aux temp\u00e9ratures extr\u00eames.<\/strong><\/p>\n<\/div>\n<\/div>\n<\/div>","protected":false},"excerpt":{"rendered":"<div>\n<div>\n<div>\n<p><strong>Capteur de pression \u2013 CATERPILLAR<\/strong><\/p>\n<p><strong>Compatibilit\u00e9 :<\/strong><br \/>\nUtilis\u00e9 sur divers \u00e9quipements Caterpillar (machines de chantier, engins hydrauliques, moteurs industriels).<\/p>\n<p><strong>Fonction :<\/strong><br \/>\nAssurer le suivi des pressions critiques, transmettre les donn\u00e9es au module de commande \u00e9lectronique (ECM) et prot\u00e9ger le moteur contre les dysfonctionnements li\u00e9s \u00e0 une mauvaise pression.<\/p>\n<p><strong>Application :<\/strong><br \/>\nEngins Caterpillar (pelles, chargeuses, bulldozers, moteurs industriels et groupes \u00e9lectrog\u00e8nes).<\/p>\n<p><strong>Installation :<\/strong><\/p>\n<ul>\n<li>D\u00e9brancher l\u2019ancien capteur<\/li>\n<li>Installer le capteur 415-394 en respectant le couple de serrage recommand\u00e9 par Caterpillar<\/li>\n<li>Rebrancher la connectique<\/li>\n<li>V\u00e9rifier l\u2019absence de fuites et recalibrer si n\u00e9cessaire<\/li>\n<\/ul>\n<div>\n<div>\n<div><\/div>\n<div>\n<p>&nbsp;<\/p>\n<\/div>\n<\/div>\n<\/div>\n<\/div>\n<\/div>\n<\/div>","protected":false},"featured_media":9529,"comment_status":"open","ping_status":"closed","template":"","meta":[],"product_brand":[98],"product_cat":[55],"product_tag":[],"class_list":{"0":"post-8587","1":"product","2":"type-product","3":"status-publish","4":"has-post-thumbnail","6":"product_brand-cat","7":"product_cat-cat","9":"first","10":"instock","11":"shipping-taxable","12":"product-type-simple"},"yoast_head":"<!-- This site is optimized with the Yoast SEO plugin v25.5 - https:\/\/yoast.com\/wordpress\/plugins\/seo\/ -->\n<title>R\u00e9f. : 415-394 - TRAKECH PARTS<\/title>\n<meta name=\"robots\" content=\"index, follow, max-snippet:-1, max-image-preview:large, max-video-preview:-1\" \/>\n<link rel=\"canonical\" href=\"https:\/\/trakesh.com\/ar\/notre-boutique\/cat\/ref-415-394\/\" \/>\n<meta property=\"og:locale\" content=\"ar_AR\" \/>\n<meta property=\"og:type\" content=\"article\" \/>\n<meta property=\"og:title\" content=\"R\u00e9f. : 415-394 - TRAKECH PARTS\" \/>\n<meta property=\"og:description\" content=\"Capteur de pression \u2013 CATERPILLAR  Compatibilit\u00e9 : Utilis\u00e9 sur divers \u00e9quipements Caterpillar (machines de chantier, engins hydrauliques, moteurs industriels).  Fonction : Assurer le suivi des pressions critiques, transmettre les donn\u00e9es au module de commande \u00e9lectronique (ECM) et prot\u00e9ger le moteur contre les dysfonctionnements li\u00e9s \u00e0 une mauvaise pression.  Application : Engins Caterpillar (pelles, chargeuses, bulldozers, moteurs industriels et groupes \u00e9lectrog\u00e8nes).  Installation :   D\u00e9brancher l\u2019ancien capteur  Installer le capteur 415-394 en respectant le couple de serrage recommand\u00e9 par Caterpillar  Rebrancher la connectique  V\u00e9rifier l\u2019absence de fuites et recalibrer si n\u00e9cessaire       &nbsp;\" \/>\n<meta property=\"og:url\" content=\"https:\/\/trakesh.com\/ar\/notre-boutique\/cat\/ref-415-394\/\" \/>\n<meta property=\"og:site_name\" content=\"TRAKECH PARTS\" \/>\n<meta property=\"article:publisher\" content=\"https:\/\/web.facebook.com\/trakechparts\/?locale=fr_FR\" \/>\n<meta property=\"article:modified_time\" content=\"2025-11-04T15:35:51+00:00\" \/>\n<meta property=\"og:image\" content=\"https:\/\/trakesh.com\/wp-content\/uploads\/2025\/08\/MA-2025-11-04T163527.496.png\" \/>\n\t<meta property=\"og:image:width\" content=\"800\" \/>\n\t<meta property=\"og:image:height\" content=\"800\" \/>\n\t<meta property=\"og:image:type\" content=\"image\/png\" \/>\n<meta name=\"twitter:card\" content=\"summary_large_image\" \/>\n<meta name=\"twitter:label1\" content=\"\u0648\u0642\u062a \u0627\u0644\u0642\u0631\u0627\u0621\u0629 \u0627\u0644\u0645\u064f\u0642\u062f\u0651\u0631\" \/>\n\t<meta name=\"twitter:data1\" content=\"\u062f\u0642\u064a\u0642\u0629 \u0648\u0627\u062d\u062f\u0629\" \/>\n<script type=\"application\/ld+json\" class=\"yoast-schema-graph\">{\"@context\":\"https:\/\/schema.org\",\"@graph\":[{\"@type\":\"WebPage\",\"@id\":\"https:\/\/trakesh.com\/notre-boutique\/cat\/ref-415-394\/\",\"url\":\"https:\/\/trakesh.com\/notre-boutique\/cat\/ref-415-394\/\",\"name\":\"R\u00e9f. : 415-394 - TRAKECH PARTS\",\"isPartOf\":{\"@id\":\"https:\/\/trakesh.com\/#website\"},\"primaryImageOfPage\":{\"@id\":\"https:\/\/trakesh.com\/notre-boutique\/cat\/ref-415-394\/#primaryimage\"},\"image\":{\"@id\":\"https:\/\/trakesh.com\/notre-boutique\/cat\/ref-415-394\/#primaryimage\"},\"thumbnailUrl\":\"https:\/\/trakesh.com\/wp-content\/uploads\/2025\/08\/MA-2025-11-04T163527.496.png\",\"datePublished\":\"2025-08-21T18:34:06+00:00\",\"dateModified\":\"2025-11-04T15:35:51+00:00\",\"breadcrumb\":{\"@id\":\"https:\/\/trakesh.com\/notre-boutique\/cat\/ref-415-394\/#breadcrumb\"},\"inLanguage\":\"ar\",\"potentialAction\":[{\"@type\":\"ReadAction\",\"target\":[\"https:\/\/trakesh.com\/notre-boutique\/cat\/ref-415-394\/\"]}]},{\"@type\":\"ImageObject\",\"inLanguage\":\"ar\",\"@id\":\"https:\/\/trakesh.com\/notre-boutique\/cat\/ref-415-394\/#primaryimage\",\"url\":\"https:\/\/trakesh.com\/wp-content\/uploads\/2025\/08\/MA-2025-11-04T163527.496.png\",\"contentUrl\":\"https:\/\/trakesh.com\/wp-content\/uploads\/2025\/08\/MA-2025-11-04T163527.496.png\",\"width\":800,\"height\":800},{\"@type\":\"BreadcrumbList\",\"@id\":\"https:\/\/trakesh.com\/notre-boutique\/cat\/ref-415-394\/#breadcrumb\",\"itemListElement\":[{\"@type\":\"ListItem\",\"position\":1,\"name\":\"Home\",\"item\":\"https:\/\/trakesh.com\/\"},{\"@type\":\"ListItem\",\"position\":2,\"name\":\"Notre Boutique\",\"item\":\"https:\/\/trakesh.com\/notre-boutique\/\"},{\"@type\":\"ListItem\",\"position\":3,\"name\":\"R\u00e9f. : 415-394\"}]},{\"@type\":\"WebSite\",\"@id\":\"https:\/\/trakesh.com\/#website\",\"url\":\"https:\/\/trakesh.com\/\",\"name\":\"TRAKECH PARTS\",\"description\":\"Pi\u00e8ces de rechange pour camions MAN, moteurs CATERPILLAR et PERKINS \u2013 Maroc\",\"publisher\":{\"@id\":\"https:\/\/trakesh.com\/#organization\"},\"potentialAction\":[{\"@type\":\"SearchAction\",\"target\":{\"@type\":\"EntryPoint\",\"urlTemplate\":\"https:\/\/trakesh.com\/?s={search_term_string}\"},\"query-input\":{\"@type\":\"PropertyValueSpecification\",\"valueRequired\":true,\"valueName\":\"search_term_string\"}}],\"inLanguage\":\"ar\"},{\"@type\":\"Organization\",\"@id\":\"https:\/\/trakesh.com\/#organization\",\"name\":\"TRAKECH PARTS\",\"url\":\"https:\/\/trakesh.com\/\",\"logo\":{\"@type\":\"ImageObject\",\"inLanguage\":\"ar\",\"@id\":\"https:\/\/trakesh.com\/#\/schema\/logo\/image\/\",\"url\":\"https:\/\/trakesh.com\/wp-content\/uploads\/2025\/05\/cropped-cropped-cropped-cropped-cropped-cropped-cropped-trakesh-removebg-preview-1.png\",\"contentUrl\":\"https:\/\/trakesh.com\/wp-content\/uploads\/2025\/05\/cropped-cropped-cropped-cropped-cropped-cropped-cropped-trakesh-removebg-preview-1.png\",\"width\":342,\"height\":96,\"caption\":\"TRAKECH PARTS\"},\"image\":{\"@id\":\"https:\/\/trakesh.com\/#\/schema\/logo\/image\/\"},\"sameAs\":[\"https:\/\/web.facebook.com\/trakechparts\/?locale=fr_FR\",\"https:\/\/www.instagram.com\/trakech_parts\/\"]}]}<\/script>\n<!-- \/ Yoast SEO plugin. -->","yoast_head_json":{"title":"R\u00e9f. : 415-394 - TRAKECH PARTS","robots":{"index":"index","follow":"follow","max-snippet":"max-snippet:-1","max-image-preview":"max-image-preview:large","max-video-preview":"max-video-preview:-1"},"canonical":"https:\/\/trakesh.com\/ar\/notre-boutique\/cat\/ref-415-394\/","og_locale":"ar_AR","og_type":"article","og_title":"R\u00e9f. : 415-394 - TRAKECH PARTS","og_description":"Capteur de pression \u2013 CATERPILLAR  Compatibilit\u00e9 : Utilis\u00e9 sur divers \u00e9quipements Caterpillar (machines de chantier, engins hydrauliques, moteurs industriels).  Fonction : Assurer le suivi des pressions critiques, transmettre les donn\u00e9es au module de commande \u00e9lectronique (ECM) et prot\u00e9ger le moteur contre les dysfonctionnements li\u00e9s \u00e0 une mauvaise pression.  Application : Engins Caterpillar (pelles, chargeuses, bulldozers, moteurs industriels et groupes \u00e9lectrog\u00e8nes).  Installation :   D\u00e9brancher l\u2019ancien capteur  Installer le capteur 415-394 en respectant le couple de serrage recommand\u00e9 par Caterpillar  Rebrancher la connectique  V\u00e9rifier l\u2019absence de fuites et recalibrer si n\u00e9cessaire       &nbsp;","og_url":"https:\/\/trakesh.com\/ar\/notre-boutique\/cat\/ref-415-394\/","og_site_name":"TRAKECH PARTS","article_publisher":"https:\/\/web.facebook.com\/trakechparts\/?locale=fr_FR","article_modified_time":"2025-11-04T15:35:51+00:00","og_image":[{"width":800,"height":800,"url":"https:\/\/trakesh.com\/wp-content\/uploads\/2025\/08\/MA-2025-11-04T163527.496.png","type":"image\/png"}],"twitter_card":"summary_large_image","twitter_misc":{"\u0648\u0642\u062a \u0627\u0644\u0642\u0631\u0627\u0621\u0629 \u0627\u0644\u0645\u064f\u0642\u062f\u0651\u0631":"\u062f\u0642\u064a\u0642\u0629 \u0648\u0627\u062d\u062f\u0629"},"schema":{"@context":"https:\/\/schema.org","@graph":[{"@type":"WebPage","@id":"https:\/\/trakesh.com\/notre-boutique\/cat\/ref-415-394\/","url":"https:\/\/trakesh.com\/notre-boutique\/cat\/ref-415-394\/","name":"R\u00e9f. : 415-394 - TRAKECH PARTS","isPartOf":{"@id":"https:\/\/trakesh.com\/#website"},"primaryImageOfPage":{"@id":"https:\/\/trakesh.com\/notre-boutique\/cat\/ref-415-394\/#primaryimage"},"image":{"@id":"https:\/\/trakesh.com\/notre-boutique\/cat\/ref-415-394\/#primaryimage"},"thumbnailUrl":"https:\/\/trakesh.com\/wp-content\/uploads\/2025\/08\/MA-2025-11-04T163527.496.png","datePublished":"2025-08-21T18:34:06+00:00","dateModified":"2025-11-04T15:35:51+00:00","breadcrumb":{"@id":"https:\/\/trakesh.com\/notre-boutique\/cat\/ref-415-394\/#breadcrumb"},"inLanguage":"ar","potentialAction":[{"@type":"ReadAction","target":["https:\/\/trakesh.com\/notre-boutique\/cat\/ref-415-394\/"]}]},{"@type":"ImageObject","inLanguage":"ar","@id":"https:\/\/trakesh.com\/notre-boutique\/cat\/ref-415-394\/#primaryimage","url":"https:\/\/trakesh.com\/wp-content\/uploads\/2025\/08\/MA-2025-11-04T163527.496.png","contentUrl":"https:\/\/trakesh.com\/wp-content\/uploads\/2025\/08\/MA-2025-11-04T163527.496.png","width":800,"height":800},{"@type":"BreadcrumbList","@id":"https:\/\/trakesh.com\/notre-boutique\/cat\/ref-415-394\/#breadcrumb","itemListElement":[{"@type":"ListItem","position":1,"name":"Home","item":"https:\/\/trakesh.com\/"},{"@type":"ListItem","position":2,"name":"Notre Boutique","item":"https:\/\/trakesh.com\/notre-boutique\/"},{"@type":"ListItem","position":3,"name":"R\u00e9f. : 415-394"}]},{"@type":"WebSite","@id":"https:\/\/trakesh.com\/#website","url":"https:\/\/trakesh.com\/","name":"TRAKECH PARTS","description":"Pi\u00e8ces de rechange pour camions MAN, moteurs CATERPILLAR et PERKINS \u2013 Maroc","publisher":{"@id":"https:\/\/trakesh.com\/#organization"},"potentialAction":[{"@type":"SearchAction","target":{"@type":"EntryPoint","urlTemplate":"https:\/\/trakesh.com\/?s={search_term_string}"},"query-input":{"@type":"PropertyValueSpecification","valueRequired":true,"valueName":"search_term_string"}}],"inLanguage":"ar"},{"@type":"Organization","@id":"https:\/\/trakesh.com\/#organization","name":"TRAKECH PARTS","url":"https:\/\/trakesh.com\/","logo":{"@type":"ImageObject","inLanguage":"ar","@id":"https:\/\/trakesh.com\/#\/schema\/logo\/image\/","url":"https:\/\/trakesh.com\/wp-content\/uploads\/2025\/05\/cropped-cropped-cropped-cropped-cropped-cropped-cropped-trakesh-removebg-preview-1.png","contentUrl":"https:\/\/trakesh.com\/wp-content\/uploads\/2025\/05\/cropped-cropped-cropped-cropped-cropped-cropped-cropped-trakesh-removebg-preview-1.png","width":342,"height":96,"caption":"TRAKECH PARTS"},"image":{"@id":"https:\/\/trakesh.com\/#\/schema\/logo\/image\/"},"sameAs":["https:\/\/web.facebook.com\/trakechparts\/?locale=fr_FR","https:\/\/www.instagram.com\/trakech_parts\/"]}]}},"_links":{"self":[{"href":"https:\/\/trakesh.com\/ar\/wp-json\/wp\/v2\/product\/8587","targetHints":{"allow":["GET"]}}],"collection":[{"href":"https:\/\/trakesh.com\/ar\/wp-json\/wp\/v2\/product"}],"about":[{"href":"https:\/\/trakesh.com\/ar\/wp-json\/wp\/v2\/types\/product"}],"replies":[{"embeddable":true,"href":"https:\/\/trakesh.com\/ar\/wp-json\/wp\/v2\/comments?post=8587"}],"wp:featuredmedia":[{"embeddable":true,"href":"https:\/\/trakesh.com\/ar\/wp-json\/wp\/v2\/media\/9529"}],"wp:attachment":[{"href":"https:\/\/trakesh.com\/ar\/wp-json\/wp\/v2\/media?parent=8587"}],"wp:term":[{"taxonomy":"product_brand","embeddable":true,"href":"https:\/\/trakesh.com\/ar\/wp-json\/wp\/v2\/product_brand?post=8587"},{"taxonomy":"product_cat","embeddable":true,"href":"https:\/\/trakesh.com\/ar\/wp-json\/wp\/v2\/product_cat?post=8587"},{"taxonomy":"product_tag","embeddable":true,"href":"https:\/\/trakesh.com\/ar\/wp-json\/wp\/v2\/product_tag?post=8587"}],"curies":[{"name":"wp","href":"https:\/\/api.w.org\/{rel}","templated":true}]}}