{"id":8591,"date":"2025-08-21T19:41:39","date_gmt":"2025-08-21T18:41:39","guid":{"rendered":"https:\/\/trakesh.com\/?post_type=product&#038;p=8591"},"modified":"2025-11-04T16:33:01","modified_gmt":"2025-11-04T15:33:01","slug":"ref-238-0120","status":"publish","type":"product","link":"https:\/\/trakesh.com\/ar\/notre-boutique\/cat\/ref-238-0120\/","title":{"rendered":"R\u00e9f. : 238-0120"},"content":{"rendered":"<div>\n<div>\n<div>\n<p><strong>Description :<\/strong><\/p>\n<\/div>\n<div>\n<p><strong>Le capteur de pression CATERPILLAR 238-0120 est con\u00e7u pour garantir des mesures pr\u00e9cises et stables des pressions critiques dans les syst\u00e8mes moteur et hydrauliques. En transmettant ces donn\u00e9es au module de commande \u00e9lectronique, il contribue \u00e0 optimiser les performances, \u00e0 pr\u00e9venir les pannes et \u00e0 prolonger la dur\u00e9e de vie de l\u2019\u00e9quipement. Pi\u00e8ce d\u2019origine Caterpillar, fabriqu\u00e9e pour r\u00e9sister aux environnements exigeants, aux fortes vibrations et aux temp\u00e9ratures extr\u00eames.<\/strong><\/p>\n<\/div>\n<\/div>\n<\/div>","protected":false},"excerpt":{"rendered":"<p><strong>Capteur de pression\u00a0 \u2013 CATERPILLAR<\/strong><\/p>\n<div>\n<div>\u00a0<strong data-start=\"589\" data-end=\"608\">Compatibilit\u00e9 :<\/strong><\/div>\n<div>\n<ul data-start=\"611\" data-end=\"1026\">\n<li data-start=\"611\" data-end=\"764\">\n<p data-start=\"613\" data-end=\"764\">Moteurs et composants Caterpillar n\u00e9cessitant un retour de vitesse (diff\u00e9rentiels, syst\u00e8mes de traction, etc.).<\/p>\n<\/li>\n<li data-start=\"765\" data-end=\"911\">\n<p data-start=\"767\" data-end=\"911\">Specifiquement list\u00e9 dans les catalogues Caterpillar comme \u201cActive Speed Sensor\u201d pour diverses machines.<\/p>\n<\/li>\n<li data-start=\"912\" data-end=\"1026\">\n<p data-start=\"914\" data-end=\"1026\">On le voit aussi dans des annonces pour machines \u00ab\u00a0Excavator 320D \/ C6.4\u00a0\u00bb<\/p>\n<\/li>\n<\/ul>\n<p data-start=\"1028\" data-end=\"1044\"><strong data-start=\"1028\" data-end=\"1042\">Fonction :<\/strong><\/p>\n<ul data-start=\"1045\" data-end=\"1317\">\n<li data-start=\"1045\" data-end=\"1107\">\n<p data-start=\"1047\" data-end=\"1107\">D\u00e9tecter la rotation d\u2019un arbre ou d\u2019un composant tournant<\/p>\n<\/li>\n<li data-start=\"1108\" data-end=\"1186\">\n<p data-start=\"1110\" data-end=\"1186\">G\u00e9n\u00e9rer un signal \u00e9lectrique proportionnel \u00e0 la vitesse (via l\u2019effet Hall)<\/p>\n<\/li>\n<li data-start=\"1187\" data-end=\"1317\">\n<p data-start=\"1189\" data-end=\"1317\">Fournir cette information \u00e0 l\u2019unit\u00e9 de contr\u00f4le (ECU) pour le calcul du couple, du moteur, ou de la gestion de la transmission<\/p>\n<\/li>\n<\/ul>\n<p data-start=\"1319\" data-end=\"1339\"><strong data-start=\"1319\" data-end=\"1337\">Applications :<\/strong><\/p>\n<ul data-start=\"1340\" data-end=\"1582\">\n<li data-start=\"1340\" data-end=\"1404\">\n<p data-start=\"1342\" data-end=\"1404\">Machines de construction Caterpillar (pelles, engins lourds)<\/p>\n<\/li>\n<li data-start=\"1405\" data-end=\"1487\">\n<p data-start=\"1407\" data-end=\"1487\">Syst\u00e8mes de traction n\u00e9cessitant la mesure de vitesse (diff\u00e9rentiels, essieux)<\/p>\n<\/li>\n<li data-start=\"1488\" data-end=\"1582\">\n<p data-start=\"1490\" data-end=\"1582\">Situations o\u00f9 le calcul de la vitesse est n\u00e9cessaire pour la gestion moteur ou la s\u00e9curit\u00e9<\/p>\n<\/li>\n<\/ul>\n<p data-start=\"1584\" data-end=\"1604\"><strong data-start=\"1584\" data-end=\"1602\">Installation :<\/strong><\/p>\n<ol data-start=\"1605\" data-end=\"2161\">\n<li data-start=\"1605\" data-end=\"1721\">\n<p data-start=\"1608\" data-end=\"1721\">Identifier le point de montage (g\u00e9n\u00e9ralement \u00e0 proximit\u00e9 de l\u2019organe tournant dont on veut mesurer la vitesse).<\/p>\n<\/li>\n<li data-start=\"1722\" data-end=\"1916\">\n<p data-start=\"1725\" data-end=\"1916\">Fixer le capteur dans son support, en respectant l\u2019orientation et l\u2019alignement pour que l\u2019\u00e9l\u00e9ment cible (baguette crant\u00e9e, denture) soit bien en face du capteur avec le bon \u00e9cart (air gap).<\/p>\n<\/li>\n<li data-start=\"1917\" data-end=\"1976\">\n<p data-start=\"1920\" data-end=\"1976\">Brancher la connexion \u00e9lectrique (prise \/ connecteur).<\/p>\n<\/li>\n<li data-start=\"1977\" data-end=\"2073\">\n<p data-start=\"1980\" data-end=\"2073\">V\u00e9rifier le signal sortant via l\u2019ECU ou un oscilloscope pour s\u2019assurer de la bonne lecture.<\/p>\n<\/li>\n<li data-start=\"2074\" data-end=\"2161\">\n<p data-start=\"2077\" data-end=\"2161\">Si n\u00e9cessaire, calibrer ou v\u00e9rifier les param\u00e8tres associ\u00e9s dans le syst\u00e8me (ECU).<\/p>\n<\/li>\n<\/ol>\n<\/div>\n<\/div>","protected":false},"featured_media":9527,"comment_status":"open","ping_status":"closed","template":"","meta":[],"product_brand":[98],"product_cat":[55],"product_tag":[],"class_list":{"0":"post-8591","1":"product","2":"type-product","3":"status-publish","4":"has-post-thumbnail","6":"product_brand-cat","7":"product_cat-cat","9":"first","10":"instock","11":"shipping-taxable","12":"product-type-simple"},"yoast_head":"<!-- This site is optimized with the Yoast SEO plugin v25.5 - https:\/\/yoast.com\/wordpress\/plugins\/seo\/ -->\n<title>R\u00e9f. : 238-0120 - TRAKECH PARTS<\/title>\n<meta name=\"robots\" content=\"index, follow, max-snippet:-1, max-image-preview:large, max-video-preview:-1\" \/>\n<link rel=\"canonical\" href=\"https:\/\/trakesh.com\/ar\/notre-boutique\/cat\/ref-238-0120\/\" \/>\n<meta property=\"og:locale\" content=\"ar_AR\" \/>\n<meta property=\"og:type\" content=\"article\" \/>\n<meta property=\"og:title\" content=\"R\u00e9f. : 238-0120 - TRAKECH PARTS\" \/>\n<meta property=\"og:description\" content=\"Capteur de pression\u00a0 \u2013 CATERPILLAR  \u00a0Compatibilit\u00e9 :     Moteurs et composants Caterpillar n\u00e9cessitant un retour de vitesse (diff\u00e9rentiels, syst\u00e8mes de traction, etc.).    Specifiquement list\u00e9 dans les catalogues Caterpillar comme \u201cActive Speed Sensor\u201d pour diverses machines.    On le voit aussi dans des annonces pour machines &quot;Excavator 320D \/ C6.4&quot;   Fonction :     D\u00e9tecter la rotation d\u2019un arbre ou d\u2019un composant tournant    G\u00e9n\u00e9rer un signal \u00e9lectrique proportionnel \u00e0 la vitesse (via l\u2019effet Hall)    Fournir cette information \u00e0 l\u2019unit\u00e9 de contr\u00f4le (ECU) pour le calcul du couple, du moteur, ou de la gestion de la transmission   Applications :     Machines de construction Caterpillar (pelles, engins lourds)    Syst\u00e8mes de traction n\u00e9cessitant la mesure de vitesse (diff\u00e9rentiels, essieux)    Situations o\u00f9 le calcul de la vitesse est n\u00e9cessaire pour la gestion moteur ou la s\u00e9curit\u00e9   Installation :     Identifier le point de montage (g\u00e9n\u00e9ralement \u00e0 proximit\u00e9 de l\u2019organe tournant dont on veut mesurer la vitesse).    Fixer le capteur dans son support, en respectant l\u2019orientation et l\u2019alignement pour que l\u2019\u00e9l\u00e9ment cible (baguette crant\u00e9e, denture) soit bien en face du capteur avec le bon \u00e9cart (air gap).    Brancher la connexion \u00e9lectrique (prise \/ connecteur).    V\u00e9rifier le signal sortant via l\u2019ECU ou un oscilloscope pour s\u2019assurer de la bonne lecture.    Si n\u00e9cessaire, calibrer ou v\u00e9rifier les param\u00e8tres associ\u00e9s dans le syst\u00e8me (ECU).\" \/>\n<meta property=\"og:url\" content=\"https:\/\/trakesh.com\/ar\/notre-boutique\/cat\/ref-238-0120\/\" \/>\n<meta property=\"og:site_name\" content=\"TRAKECH PARTS\" \/>\n<meta property=\"article:publisher\" content=\"https:\/\/web.facebook.com\/trakechparts\/?locale=fr_FR\" \/>\n<meta property=\"article:modified_time\" content=\"2025-11-04T15:33:01+00:00\" \/>\n<meta property=\"og:image\" content=\"https:\/\/trakesh.com\/wp-content\/uploads\/2025\/08\/MA-2025-11-04T163206.561.png\" \/>\n\t<meta property=\"og:image:width\" content=\"800\" \/>\n\t<meta property=\"og:image:height\" content=\"800\" \/>\n\t<meta property=\"og:image:type\" content=\"image\/png\" \/>\n<meta name=\"twitter:card\" content=\"summary_large_image\" \/>\n<meta name=\"twitter:label1\" content=\"\u0648\u0642\u062a \u0627\u0644\u0642\u0631\u0627\u0621\u0629 \u0627\u0644\u0645\u064f\u0642\u062f\u0651\u0631\" \/>\n\t<meta name=\"twitter:data1\" content=\"\u062f\u0642\u064a\u0642\u0629 \u0648\u0627\u062d\u062f\u0629\" \/>\n<script type=\"application\/ld+json\" class=\"yoast-schema-graph\">{\"@context\":\"https:\/\/schema.org\",\"@graph\":[{\"@type\":\"WebPage\",\"@id\":\"https:\/\/trakesh.com\/notre-boutique\/cat\/ref-238-0120\/\",\"url\":\"https:\/\/trakesh.com\/notre-boutique\/cat\/ref-238-0120\/\",\"name\":\"R\u00e9f. : 238-0120 - TRAKECH PARTS\",\"isPartOf\":{\"@id\":\"https:\/\/trakesh.com\/#website\"},\"primaryImageOfPage\":{\"@id\":\"https:\/\/trakesh.com\/notre-boutique\/cat\/ref-238-0120\/#primaryimage\"},\"image\":{\"@id\":\"https:\/\/trakesh.com\/notre-boutique\/cat\/ref-238-0120\/#primaryimage\"},\"thumbnailUrl\":\"https:\/\/trakesh.com\/wp-content\/uploads\/2025\/08\/MA-2025-11-04T163206.561.png\",\"datePublished\":\"2025-08-21T18:41:39+00:00\",\"dateModified\":\"2025-11-04T15:33:01+00:00\",\"breadcrumb\":{\"@id\":\"https:\/\/trakesh.com\/notre-boutique\/cat\/ref-238-0120\/#breadcrumb\"},\"inLanguage\":\"ar\",\"potentialAction\":[{\"@type\":\"ReadAction\",\"target\":[\"https:\/\/trakesh.com\/notre-boutique\/cat\/ref-238-0120\/\"]}]},{\"@type\":\"ImageObject\",\"inLanguage\":\"ar\",\"@id\":\"https:\/\/trakesh.com\/notre-boutique\/cat\/ref-238-0120\/#primaryimage\",\"url\":\"https:\/\/trakesh.com\/wp-content\/uploads\/2025\/08\/MA-2025-11-04T163206.561.png\",\"contentUrl\":\"https:\/\/trakesh.com\/wp-content\/uploads\/2025\/08\/MA-2025-11-04T163206.561.png\",\"width\":800,\"height\":800},{\"@type\":\"BreadcrumbList\",\"@id\":\"https:\/\/trakesh.com\/notre-boutique\/cat\/ref-238-0120\/#breadcrumb\",\"itemListElement\":[{\"@type\":\"ListItem\",\"position\":1,\"name\":\"Home\",\"item\":\"https:\/\/trakesh.com\/\"},{\"@type\":\"ListItem\",\"position\":2,\"name\":\"Notre Boutique\",\"item\":\"https:\/\/trakesh.com\/notre-boutique\/\"},{\"@type\":\"ListItem\",\"position\":3,\"name\":\"R\u00e9f. : 238-0120\"}]},{\"@type\":\"WebSite\",\"@id\":\"https:\/\/trakesh.com\/#website\",\"url\":\"https:\/\/trakesh.com\/\",\"name\":\"TRAKECH PARTS\",\"description\":\"Pi\u00e8ces de rechange pour camions MAN, moteurs CATERPILLAR et PERKINS \u2013 Maroc\",\"publisher\":{\"@id\":\"https:\/\/trakesh.com\/#organization\"},\"potentialAction\":[{\"@type\":\"SearchAction\",\"target\":{\"@type\":\"EntryPoint\",\"urlTemplate\":\"https:\/\/trakesh.com\/?s={search_term_string}\"},\"query-input\":{\"@type\":\"PropertyValueSpecification\",\"valueRequired\":true,\"valueName\":\"search_term_string\"}}],\"inLanguage\":\"ar\"},{\"@type\":\"Organization\",\"@id\":\"https:\/\/trakesh.com\/#organization\",\"name\":\"TRAKECH PARTS\",\"url\":\"https:\/\/trakesh.com\/\",\"logo\":{\"@type\":\"ImageObject\",\"inLanguage\":\"ar\",\"@id\":\"https:\/\/trakesh.com\/#\/schema\/logo\/image\/\",\"url\":\"https:\/\/trakesh.com\/wp-content\/uploads\/2025\/05\/cropped-cropped-cropped-cropped-cropped-cropped-cropped-trakesh-removebg-preview-1.png\",\"contentUrl\":\"https:\/\/trakesh.com\/wp-content\/uploads\/2025\/05\/cropped-cropped-cropped-cropped-cropped-cropped-cropped-trakesh-removebg-preview-1.png\",\"width\":342,\"height\":96,\"caption\":\"TRAKECH PARTS\"},\"image\":{\"@id\":\"https:\/\/trakesh.com\/#\/schema\/logo\/image\/\"},\"sameAs\":[\"https:\/\/web.facebook.com\/trakechparts\/?locale=fr_FR\",\"https:\/\/www.instagram.com\/trakech_parts\/\"]}]}<\/script>\n<!-- \/ Yoast SEO plugin. -->","yoast_head_json":{"title":"R\u00e9f. : 238-0120 - TRAKECH PARTS","robots":{"index":"index","follow":"follow","max-snippet":"max-snippet:-1","max-image-preview":"max-image-preview:large","max-video-preview":"max-video-preview:-1"},"canonical":"https:\/\/trakesh.com\/ar\/notre-boutique\/cat\/ref-238-0120\/","og_locale":"ar_AR","og_type":"article","og_title":"R\u00e9f. : 238-0120 - TRAKECH PARTS","og_description":"Capteur de pression\u00a0 \u2013 CATERPILLAR  \u00a0Compatibilit\u00e9 :     Moteurs et composants Caterpillar n\u00e9cessitant un retour de vitesse (diff\u00e9rentiels, syst\u00e8mes de traction, etc.).    Specifiquement list\u00e9 dans les catalogues Caterpillar comme \u201cActive Speed Sensor\u201d pour diverses machines.    On le voit aussi dans des annonces pour machines \"Excavator 320D \/ C6.4\"   Fonction :     D\u00e9tecter la rotation d\u2019un arbre ou d\u2019un composant tournant    G\u00e9n\u00e9rer un signal \u00e9lectrique proportionnel \u00e0 la vitesse (via l\u2019effet Hall)    Fournir cette information \u00e0 l\u2019unit\u00e9 de contr\u00f4le (ECU) pour le calcul du couple, du moteur, ou de la gestion de la transmission   Applications :     Machines de construction Caterpillar (pelles, engins lourds)    Syst\u00e8mes de traction n\u00e9cessitant la mesure de vitesse (diff\u00e9rentiels, essieux)    Situations o\u00f9 le calcul de la vitesse est n\u00e9cessaire pour la gestion moteur ou la s\u00e9curit\u00e9   Installation :     Identifier le point de montage (g\u00e9n\u00e9ralement \u00e0 proximit\u00e9 de l\u2019organe tournant dont on veut mesurer la vitesse).    Fixer le capteur dans son support, en respectant l\u2019orientation et l\u2019alignement pour que l\u2019\u00e9l\u00e9ment cible (baguette crant\u00e9e, denture) soit bien en face du capteur avec le bon \u00e9cart (air gap).    Brancher la connexion \u00e9lectrique (prise \/ connecteur).    V\u00e9rifier le signal sortant via l\u2019ECU ou un oscilloscope pour s\u2019assurer de la bonne lecture.    Si n\u00e9cessaire, calibrer ou v\u00e9rifier les param\u00e8tres associ\u00e9s dans le syst\u00e8me (ECU).","og_url":"https:\/\/trakesh.com\/ar\/notre-boutique\/cat\/ref-238-0120\/","og_site_name":"TRAKECH PARTS","article_publisher":"https:\/\/web.facebook.com\/trakechparts\/?locale=fr_FR","article_modified_time":"2025-11-04T15:33:01+00:00","og_image":[{"width":800,"height":800,"url":"https:\/\/trakesh.com\/wp-content\/uploads\/2025\/08\/MA-2025-11-04T163206.561.png","type":"image\/png"}],"twitter_card":"summary_large_image","twitter_misc":{"\u0648\u0642\u062a \u0627\u0644\u0642\u0631\u0627\u0621\u0629 \u0627\u0644\u0645\u064f\u0642\u062f\u0651\u0631":"\u062f\u0642\u064a\u0642\u0629 \u0648\u0627\u062d\u062f\u0629"},"schema":{"@context":"https:\/\/schema.org","@graph":[{"@type":"WebPage","@id":"https:\/\/trakesh.com\/notre-boutique\/cat\/ref-238-0120\/","url":"https:\/\/trakesh.com\/notre-boutique\/cat\/ref-238-0120\/","name":"R\u00e9f. : 238-0120 - TRAKECH PARTS","isPartOf":{"@id":"https:\/\/trakesh.com\/#website"},"primaryImageOfPage":{"@id":"https:\/\/trakesh.com\/notre-boutique\/cat\/ref-238-0120\/#primaryimage"},"image":{"@id":"https:\/\/trakesh.com\/notre-boutique\/cat\/ref-238-0120\/#primaryimage"},"thumbnailUrl":"https:\/\/trakesh.com\/wp-content\/uploads\/2025\/08\/MA-2025-11-04T163206.561.png","datePublished":"2025-08-21T18:41:39+00:00","dateModified":"2025-11-04T15:33:01+00:00","breadcrumb":{"@id":"https:\/\/trakesh.com\/notre-boutique\/cat\/ref-238-0120\/#breadcrumb"},"inLanguage":"ar","potentialAction":[{"@type":"ReadAction","target":["https:\/\/trakesh.com\/notre-boutique\/cat\/ref-238-0120\/"]}]},{"@type":"ImageObject","inLanguage":"ar","@id":"https:\/\/trakesh.com\/notre-boutique\/cat\/ref-238-0120\/#primaryimage","url":"https:\/\/trakesh.com\/wp-content\/uploads\/2025\/08\/MA-2025-11-04T163206.561.png","contentUrl":"https:\/\/trakesh.com\/wp-content\/uploads\/2025\/08\/MA-2025-11-04T163206.561.png","width":800,"height":800},{"@type":"BreadcrumbList","@id":"https:\/\/trakesh.com\/notre-boutique\/cat\/ref-238-0120\/#breadcrumb","itemListElement":[{"@type":"ListItem","position":1,"name":"Home","item":"https:\/\/trakesh.com\/"},{"@type":"ListItem","position":2,"name":"Notre Boutique","item":"https:\/\/trakesh.com\/notre-boutique\/"},{"@type":"ListItem","position":3,"name":"R\u00e9f. : 238-0120"}]},{"@type":"WebSite","@id":"https:\/\/trakesh.com\/#website","url":"https:\/\/trakesh.com\/","name":"TRAKECH PARTS","description":"Pi\u00e8ces de rechange pour camions MAN, moteurs CATERPILLAR et PERKINS \u2013 Maroc","publisher":{"@id":"https:\/\/trakesh.com\/#organization"},"potentialAction":[{"@type":"SearchAction","target":{"@type":"EntryPoint","urlTemplate":"https:\/\/trakesh.com\/?s={search_term_string}"},"query-input":{"@type":"PropertyValueSpecification","valueRequired":true,"valueName":"search_term_string"}}],"inLanguage":"ar"},{"@type":"Organization","@id":"https:\/\/trakesh.com\/#organization","name":"TRAKECH PARTS","url":"https:\/\/trakesh.com\/","logo":{"@type":"ImageObject","inLanguage":"ar","@id":"https:\/\/trakesh.com\/#\/schema\/logo\/image\/","url":"https:\/\/trakesh.com\/wp-content\/uploads\/2025\/05\/cropped-cropped-cropped-cropped-cropped-cropped-cropped-trakesh-removebg-preview-1.png","contentUrl":"https:\/\/trakesh.com\/wp-content\/uploads\/2025\/05\/cropped-cropped-cropped-cropped-cropped-cropped-cropped-trakesh-removebg-preview-1.png","width":342,"height":96,"caption":"TRAKECH PARTS"},"image":{"@id":"https:\/\/trakesh.com\/#\/schema\/logo\/image\/"},"sameAs":["https:\/\/web.facebook.com\/trakechparts\/?locale=fr_FR","https:\/\/www.instagram.com\/trakech_parts\/"]}]}},"_links":{"self":[{"href":"https:\/\/trakesh.com\/ar\/wp-json\/wp\/v2\/product\/8591","targetHints":{"allow":["GET"]}}],"collection":[{"href":"https:\/\/trakesh.com\/ar\/wp-json\/wp\/v2\/product"}],"about":[{"href":"https:\/\/trakesh.com\/ar\/wp-json\/wp\/v2\/types\/product"}],"replies":[{"embeddable":true,"href":"https:\/\/trakesh.com\/ar\/wp-json\/wp\/v2\/comments?post=8591"}],"wp:featuredmedia":[{"embeddable":true,"href":"https:\/\/trakesh.com\/ar\/wp-json\/wp\/v2\/media\/9527"}],"wp:attachment":[{"href":"https:\/\/trakesh.com\/ar\/wp-json\/wp\/v2\/media?parent=8591"}],"wp:term":[{"taxonomy":"product_brand","embeddable":true,"href":"https:\/\/trakesh.com\/ar\/wp-json\/wp\/v2\/product_brand?post=8591"},{"taxonomy":"product_cat","embeddable":true,"href":"https:\/\/trakesh.com\/ar\/wp-json\/wp\/v2\/product_cat?post=8591"},{"taxonomy":"product_tag","embeddable":true,"href":"https:\/\/trakesh.com\/ar\/wp-json\/wp\/v2\/product_tag?post=8591"}],"curies":[{"name":"wp","href":"https:\/\/api.w.org\/{rel}","templated":true}]}}