{"id":8593,"date":"2025-08-21T19:49:54","date_gmt":"2025-08-21T18:49:54","guid":{"rendered":"https:\/\/trakesh.com\/?post_type=product&#038;p=8593"},"modified":"2025-11-04T16:21:43","modified_gmt":"2025-11-04T15:21:43","slug":"ref-3e-6455","status":"publish","type":"product","link":"https:\/\/trakesh.com\/ar\/notre-boutique\/cat\/ref-3e-6455\/","title":{"rendered":"R\u00e9f. : 3E-6455"},"content":{"rendered":"<div>\n<div>\n<div>\n<p><strong>Description :<\/strong><\/p>\n<\/div>\n<div>\n<p><strong>Le capteur de pression CATERPILLAR 3E-6455 est con\u00e7u pour fournir des mesures pr\u00e9cises et fiables des pressions critiques afin de maintenir un fonctionnement optimal des syst\u00e8mes moteur et hydrauliques. Il contribue \u00e0 la pr\u00e9vention des d\u00e9faillances et \u00e0 l\u2019optimisation des performances en transmettant des donn\u00e9es en temps r\u00e9el au module de commande \u00e9lectronique. Pi\u00e8ce d\u2019origine Caterpillar, robuste et durable, fabriqu\u00e9e pour r\u00e9sister aux conditions de travail intensives, aux vibrations et aux temp\u00e9ratures extr\u00eames.<\/strong><\/p>\n<\/div>\n<\/div>\n<\/div>","protected":false},"excerpt":{"rendered":"<div>\n<div>\n<div>\n<p><strong>Capteur de pression\u00a0 \u2013 CATERPILLAR<\/strong><\/p>\n<p data-start=\"526\" data-end=\"547\"><strong data-start=\"526\" data-end=\"545\">Compatibilit\u00e9 :<\/strong><\/p>\n<ul data-start=\"548\" data-end=\"909\">\n<li data-start=\"548\" data-end=\"649\">\n<p data-start=\"550\" data-end=\"649\">Moteurs <strong data-start=\"558\" data-end=\"573\">Caterpillar<\/strong> : 3306, 3406, 3114, 3116, C-9, etc.<\/p>\n<\/li>\n<li data-start=\"650\" data-end=\"765\">\n<p data-start=\"652\" data-end=\"765\">Engins Caterpillar : pelles, chargeuses, excavatrices, machines mini\u00e8res.<\/p>\n<\/li>\n<li data-start=\"766\" data-end=\"909\">\n<p data-start=\"768\" data-end=\"909\">Certaines catalogues indiquent \u00e9galement pour des machines : 320B, 322C, 325B, 330C, 345B, 824G, etc.<\/p>\n<\/li>\n<\/ul>\n<p data-start=\"911\" data-end=\"927\"><strong data-start=\"911\" data-end=\"925\">Fonction :<\/strong><\/p>\n<ul data-start=\"928\" data-end=\"1188\">\n<li data-start=\"928\" data-end=\"967\">\n<p data-start=\"930\" data-end=\"967\">Mesurer la pression d\u2019huile moteur.<\/p>\n<\/li>\n<li data-start=\"968\" data-end=\"1072\">\n<p data-start=\"970\" data-end=\"1072\">Envoyer un signal (ou activer un avertisseur) en cas de pression trop basse pour prot\u00e9ger le moteur.<\/p>\n<\/li>\n<li data-start=\"1073\" data-end=\"1188\">\n<p data-start=\"1075\" data-end=\"1188\">Participer au syst\u00e8me de surveillance moteur afin de pr\u00e9venir les pannes dues \u00e0 une lubrification insuffisante.<\/p>\n<\/li>\n<\/ul>\n<p data-start=\"1190\" data-end=\"1210\"><strong data-start=\"1190\" data-end=\"1208\">Applications :<\/strong><\/p>\n<ul data-start=\"1211\" data-end=\"1459\">\n<li data-start=\"1211\" data-end=\"1286\">\n<p data-start=\"1213\" data-end=\"1286\">Camions, engins de chantier et machines \u00e9quip\u00e9s de moteurs Caterpillar.<\/p>\n<\/li>\n<li data-start=\"1287\" data-end=\"1379\">\n<p data-start=\"1289\" data-end=\"1379\">Syst\u00e8mes de surveillance moteur, tableau de bord, unit\u00e9s de commande \u00e9lectronique (ECU).<\/p>\n<\/li>\n<li data-start=\"1380\" data-end=\"1459\">\n<p data-start=\"1382\" data-end=\"1459\">Sc\u00e9narios exigeants o\u00f9 la pression d\u2019huile doit \u00eatre surveill\u00e9e en continu.<\/p>\n<\/li>\n<\/ul>\n<p data-start=\"1461\" data-end=\"1481\"><strong data-start=\"1461\" data-end=\"1479\">Installation :<\/strong><\/p>\n<ol data-start=\"1482\" data-end=\"2014\">\n<li data-start=\"1482\" data-end=\"1594\">\n<p data-start=\"1485\" data-end=\"1594\">Identifier l\u2019emplacement du capteur (filetage pr\u00e9vu sur le bloc moteur ou sur un point de montage d\u2019huile).<\/p>\n<\/li>\n<li data-start=\"1595\" data-end=\"1675\">\n<p data-start=\"1598\" data-end=\"1675\">D\u00e9visser l\u2019ancien capteur avec pr\u00e9caution (attention \u00e0 l\u2019huile r\u00e9siduelle).<\/p>\n<\/li>\n<li data-start=\"1676\" data-end=\"1741\">\n<p data-start=\"1679\" data-end=\"1741\">V\u00e9rifier le filetage et la pr\u00e9sence d\u2019un joint d\u2019\u00e9tanch\u00e9it\u00e9.<\/p>\n<\/li>\n<li data-start=\"1742\" data-end=\"1815\">\n<p data-start=\"1745\" data-end=\"1815\">Installer le capteur <strong data-start=\"1766\" data-end=\"1777\">3E-6455<\/strong> (serrer selon couple constructeur).<\/p>\n<\/li>\n<li data-start=\"1816\" data-end=\"1857\">\n<p data-start=\"1819\" data-end=\"1857\">Rebrancher le connecteur \u00e9lectrique.<\/p>\n<\/li>\n<li data-start=\"1858\" data-end=\"1927\">\n<p data-start=\"1861\" data-end=\"1927\">D\u00e9marrer le moteur et v\u00e9rifier la pr\u00e9sence d\u2019\u00e9ventuelles fuites.<\/p>\n<\/li>\n<li data-start=\"1928\" data-end=\"2014\">\n<p data-start=\"1931\" data-end=\"2014\">V\u00e9rifier que le tableau de bord \/ syst\u00e8me affiche la pression correcte sans d\u00e9faut.<\/p>\n<\/li>\n<\/ol>\n<hr data-start=\"2016\" data-end=\"2019\" \/>\n<h3 data-start=\"2021\" data-end=\"2076\">\ud83d\udccf Sp\u00e9cifications techniques (extraits disponibles)<\/h3>\n<ul data-start=\"2078\" data-end=\"2533\">\n<li data-start=\"2078\" data-end=\"2146\">\n<p data-start=\"2080\" data-end=\"2146\">Filetage : <strong data-start=\"2091\" data-end=\"2106\">1\/8\u2033-27 NPT<\/strong><\/p>\n<\/li>\n<li data-start=\"2147\" data-end=\"2231\">\n<p data-start=\"2149\" data-end=\"2231\">Plage de pression : environ <strong data-start=\"2177\" data-end=\"2191\">0 \u00e0 10 bar<\/strong><\/p>\n<\/li>\n<li data-start=\"2232\" data-end=\"2312\">\n<p data-start=\"2234\" data-end=\"2312\">Type de signal : analogique \/ r\u00e9sistif<\/p>\n<\/li>\n<li data-start=\"2313\" data-end=\"2405\">\n<p data-start=\"2315\" data-end=\"2405\">Connecteur : 2 broches ou 3 broches selon versions<\/p>\n<\/li>\n<li data-start=\"2406\" data-end=\"2533\">\n<p data-start=\"2408\" data-end=\"2533\">Temp\u00e9rature de fonctionnement : de \u221240 \u00b0C \u00e0 +125 \u00b0C (typique pour ce type de capteur)<\/p>\n<\/li>\n<\/ul>\n<div>\n<div>\n<div><\/div>\n<div>\n<p>&nbsp;<\/p>\n<\/div>\n<\/div>\n<\/div>\n<\/div>\n<\/div>\n<\/div>","protected":false},"featured_media":9526,"comment_status":"open","ping_status":"closed","template":"","meta":[],"product_brand":[98],"product_cat":[55],"product_tag":[],"class_list":{"0":"post-8593","1":"product","2":"type-product","3":"status-publish","4":"has-post-thumbnail","6":"product_brand-cat","7":"product_cat-cat","9":"first","10":"instock","11":"shipping-taxable","12":"product-type-simple"},"yoast_head":"<!-- This site is optimized with the Yoast SEO plugin v25.5 - https:\/\/yoast.com\/wordpress\/plugins\/seo\/ -->\n<title>R\u00e9f. : 3E-6455 - TRAKECH PARTS<\/title>\n<meta name=\"robots\" content=\"index, follow, max-snippet:-1, max-image-preview:large, max-video-preview:-1\" \/>\n<link rel=\"canonical\" href=\"https:\/\/trakesh.com\/ar\/notre-boutique\/cat\/ref-3e-6455\/\" \/>\n<meta property=\"og:locale\" content=\"ar_AR\" \/>\n<meta property=\"og:type\" content=\"article\" \/>\n<meta property=\"og:title\" content=\"R\u00e9f. : 3E-6455 - TRAKECH PARTS\" \/>\n<meta property=\"og:description\" content=\"Capteur de pression\u00a0 \u2013 CATERPILLAR Compatibilit\u00e9 :     Moteurs Caterpillar : 3306, 3406, 3114, 3116, C-9, etc.    Engins Caterpillar : pelles, chargeuses, excavatrices, machines mini\u00e8res.    Certaines catalogues indiquent \u00e9galement pour des machines : 320B, 322C, 325B, 330C, 345B, 824G, etc.   Fonction :     Mesurer la pression d\u2019huile moteur.    Envoyer un signal (ou activer un avertisseur) en cas de pression trop basse pour prot\u00e9ger le moteur.    Participer au syst\u00e8me de surveillance moteur afin de pr\u00e9venir les pannes dues \u00e0 une lubrification insuffisante.   Applications :     Camions, engins de chantier et machines \u00e9quip\u00e9s de moteurs Caterpillar.    Syst\u00e8mes de surveillance moteur, tableau de bord, unit\u00e9s de commande \u00e9lectronique (ECU).    Sc\u00e9narios exigeants o\u00f9 la pression d\u2019huile doit \u00eatre surveill\u00e9e en continu.   Installation :     Identifier l\u2019emplacement du capteur (filetage pr\u00e9vu sur le bloc moteur ou sur un point de montage d\u2019huile).    D\u00e9visser l\u2019ancien capteur avec pr\u00e9caution (attention \u00e0 l\u2019huile r\u00e9siduelle).    V\u00e9rifier le filetage et la pr\u00e9sence d\u2019un joint d\u2019\u00e9tanch\u00e9it\u00e9.    Installer le capteur 3E-6455 (serrer selon couple constructeur).    Rebrancher le connecteur \u00e9lectrique.    D\u00e9marrer le moteur et v\u00e9rifier la pr\u00e9sence d\u2019\u00e9ventuelles fuites.    V\u00e9rifier que le tableau de bord \/ syst\u00e8me affiche la pression correcte sans d\u00e9faut.      \ud83d\udccf Sp\u00e9cifications techniques (extraits disponibles)    Filetage : 1\/8\u2033-27 NPT    Plage de pression : environ 0 \u00e0 10 bar    Type de signal : analogique \/ r\u00e9sistif    Connecteur : 2 broches ou 3 broches selon versions    Temp\u00e9rature de fonctionnement : de \u221240 \u00b0C \u00e0 +125 \u00b0C (typique pour ce type de capteur)        &nbsp;\" \/>\n<meta property=\"og:url\" content=\"https:\/\/trakesh.com\/ar\/notre-boutique\/cat\/ref-3e-6455\/\" \/>\n<meta property=\"og:site_name\" content=\"TRAKECH PARTS\" \/>\n<meta property=\"article:publisher\" content=\"https:\/\/web.facebook.com\/trakechparts\/?locale=fr_FR\" \/>\n<meta property=\"article:modified_time\" content=\"2025-11-04T15:21:43+00:00\" \/>\n<meta property=\"og:image\" content=\"https:\/\/trakesh.com\/wp-content\/uploads\/2025\/08\/MA-2025-11-04T162119.120.png\" \/>\n\t<meta property=\"og:image:width\" content=\"800\" \/>\n\t<meta property=\"og:image:height\" content=\"800\" \/>\n\t<meta property=\"og:image:type\" content=\"image\/png\" \/>\n<meta name=\"twitter:card\" content=\"summary_large_image\" \/>\n<meta name=\"twitter:label1\" content=\"\u0648\u0642\u062a \u0627\u0644\u0642\u0631\u0627\u0621\u0629 \u0627\u0644\u0645\u064f\u0642\u062f\u0651\u0631\" \/>\n\t<meta name=\"twitter:data1\" content=\"\u062f\u0642\u064a\u0642\u0629 \u0648\u0627\u062d\u062f\u0629\" \/>\n<script type=\"application\/ld+json\" class=\"yoast-schema-graph\">{\"@context\":\"https:\/\/schema.org\",\"@graph\":[{\"@type\":\"WebPage\",\"@id\":\"https:\/\/trakesh.com\/notre-boutique\/cat\/ref-3e-6455\/\",\"url\":\"https:\/\/trakesh.com\/notre-boutique\/cat\/ref-3e-6455\/\",\"name\":\"R\u00e9f. : 3E-6455 - TRAKECH PARTS\",\"isPartOf\":{\"@id\":\"https:\/\/trakesh.com\/#website\"},\"primaryImageOfPage\":{\"@id\":\"https:\/\/trakesh.com\/notre-boutique\/cat\/ref-3e-6455\/#primaryimage\"},\"image\":{\"@id\":\"https:\/\/trakesh.com\/notre-boutique\/cat\/ref-3e-6455\/#primaryimage\"},\"thumbnailUrl\":\"https:\/\/trakesh.com\/wp-content\/uploads\/2025\/08\/MA-2025-11-04T162119.120.png\",\"datePublished\":\"2025-08-21T18:49:54+00:00\",\"dateModified\":\"2025-11-04T15:21:43+00:00\",\"breadcrumb\":{\"@id\":\"https:\/\/trakesh.com\/notre-boutique\/cat\/ref-3e-6455\/#breadcrumb\"},\"inLanguage\":\"ar\",\"potentialAction\":[{\"@type\":\"ReadAction\",\"target\":[\"https:\/\/trakesh.com\/notre-boutique\/cat\/ref-3e-6455\/\"]}]},{\"@type\":\"ImageObject\",\"inLanguage\":\"ar\",\"@id\":\"https:\/\/trakesh.com\/notre-boutique\/cat\/ref-3e-6455\/#primaryimage\",\"url\":\"https:\/\/trakesh.com\/wp-content\/uploads\/2025\/08\/MA-2025-11-04T162119.120.png\",\"contentUrl\":\"https:\/\/trakesh.com\/wp-content\/uploads\/2025\/08\/MA-2025-11-04T162119.120.png\",\"width\":800,\"height\":800},{\"@type\":\"BreadcrumbList\",\"@id\":\"https:\/\/trakesh.com\/notre-boutique\/cat\/ref-3e-6455\/#breadcrumb\",\"itemListElement\":[{\"@type\":\"ListItem\",\"position\":1,\"name\":\"Home\",\"item\":\"https:\/\/trakesh.com\/\"},{\"@type\":\"ListItem\",\"position\":2,\"name\":\"Notre Boutique\",\"item\":\"https:\/\/trakesh.com\/notre-boutique\/\"},{\"@type\":\"ListItem\",\"position\":3,\"name\":\"R\u00e9f. : 3E-6455\"}]},{\"@type\":\"WebSite\",\"@id\":\"https:\/\/trakesh.com\/#website\",\"url\":\"https:\/\/trakesh.com\/\",\"name\":\"TRAKECH PARTS\",\"description\":\"Pi\u00e8ces de rechange pour camions MAN, moteurs CATERPILLAR et PERKINS \u2013 Maroc\",\"publisher\":{\"@id\":\"https:\/\/trakesh.com\/#organization\"},\"potentialAction\":[{\"@type\":\"SearchAction\",\"target\":{\"@type\":\"EntryPoint\",\"urlTemplate\":\"https:\/\/trakesh.com\/?s={search_term_string}\"},\"query-input\":{\"@type\":\"PropertyValueSpecification\",\"valueRequired\":true,\"valueName\":\"search_term_string\"}}],\"inLanguage\":\"ar\"},{\"@type\":\"Organization\",\"@id\":\"https:\/\/trakesh.com\/#organization\",\"name\":\"TRAKECH PARTS\",\"url\":\"https:\/\/trakesh.com\/\",\"logo\":{\"@type\":\"ImageObject\",\"inLanguage\":\"ar\",\"@id\":\"https:\/\/trakesh.com\/#\/schema\/logo\/image\/\",\"url\":\"https:\/\/trakesh.com\/wp-content\/uploads\/2025\/05\/cropped-cropped-cropped-cropped-cropped-cropped-cropped-trakesh-removebg-preview-1.png\",\"contentUrl\":\"https:\/\/trakesh.com\/wp-content\/uploads\/2025\/05\/cropped-cropped-cropped-cropped-cropped-cropped-cropped-trakesh-removebg-preview-1.png\",\"width\":342,\"height\":96,\"caption\":\"TRAKECH PARTS\"},\"image\":{\"@id\":\"https:\/\/trakesh.com\/#\/schema\/logo\/image\/\"},\"sameAs\":[\"https:\/\/web.facebook.com\/trakechparts\/?locale=fr_FR\",\"https:\/\/www.instagram.com\/trakech_parts\/\"]}]}<\/script>\n<!-- \/ Yoast SEO plugin. -->","yoast_head_json":{"title":"R\u00e9f. : 3E-6455 - TRAKECH PARTS","robots":{"index":"index","follow":"follow","max-snippet":"max-snippet:-1","max-image-preview":"max-image-preview:large","max-video-preview":"max-video-preview:-1"},"canonical":"https:\/\/trakesh.com\/ar\/notre-boutique\/cat\/ref-3e-6455\/","og_locale":"ar_AR","og_type":"article","og_title":"R\u00e9f. : 3E-6455 - TRAKECH PARTS","og_description":"Capteur de pression\u00a0 \u2013 CATERPILLAR Compatibilit\u00e9 :     Moteurs Caterpillar : 3306, 3406, 3114, 3116, C-9, etc.    Engins Caterpillar : pelles, chargeuses, excavatrices, machines mini\u00e8res.    Certaines catalogues indiquent \u00e9galement pour des machines : 320B, 322C, 325B, 330C, 345B, 824G, etc.   Fonction :     Mesurer la pression d\u2019huile moteur.    Envoyer un signal (ou activer un avertisseur) en cas de pression trop basse pour prot\u00e9ger le moteur.    Participer au syst\u00e8me de surveillance moteur afin de pr\u00e9venir les pannes dues \u00e0 une lubrification insuffisante.   Applications :     Camions, engins de chantier et machines \u00e9quip\u00e9s de moteurs Caterpillar.    Syst\u00e8mes de surveillance moteur, tableau de bord, unit\u00e9s de commande \u00e9lectronique (ECU).    Sc\u00e9narios exigeants o\u00f9 la pression d\u2019huile doit \u00eatre surveill\u00e9e en continu.   Installation :     Identifier l\u2019emplacement du capteur (filetage pr\u00e9vu sur le bloc moteur ou sur un point de montage d\u2019huile).    D\u00e9visser l\u2019ancien capteur avec pr\u00e9caution (attention \u00e0 l\u2019huile r\u00e9siduelle).    V\u00e9rifier le filetage et la pr\u00e9sence d\u2019un joint d\u2019\u00e9tanch\u00e9it\u00e9.    Installer le capteur 3E-6455 (serrer selon couple constructeur).    Rebrancher le connecteur \u00e9lectrique.    D\u00e9marrer le moteur et v\u00e9rifier la pr\u00e9sence d\u2019\u00e9ventuelles fuites.    V\u00e9rifier que le tableau de bord \/ syst\u00e8me affiche la pression correcte sans d\u00e9faut.      \ud83d\udccf Sp\u00e9cifications techniques (extraits disponibles)    Filetage : 1\/8\u2033-27 NPT    Plage de pression : environ 0 \u00e0 10 bar    Type de signal : analogique \/ r\u00e9sistif    Connecteur : 2 broches ou 3 broches selon versions    Temp\u00e9rature de fonctionnement : de \u221240 \u00b0C \u00e0 +125 \u00b0C (typique pour ce type de capteur)        &nbsp;","og_url":"https:\/\/trakesh.com\/ar\/notre-boutique\/cat\/ref-3e-6455\/","og_site_name":"TRAKECH PARTS","article_publisher":"https:\/\/web.facebook.com\/trakechparts\/?locale=fr_FR","article_modified_time":"2025-11-04T15:21:43+00:00","og_image":[{"width":800,"height":800,"url":"https:\/\/trakesh.com\/wp-content\/uploads\/2025\/08\/MA-2025-11-04T162119.120.png","type":"image\/png"}],"twitter_card":"summary_large_image","twitter_misc":{"\u0648\u0642\u062a \u0627\u0644\u0642\u0631\u0627\u0621\u0629 \u0627\u0644\u0645\u064f\u0642\u062f\u0651\u0631":"\u062f\u0642\u064a\u0642\u0629 \u0648\u0627\u062d\u062f\u0629"},"schema":{"@context":"https:\/\/schema.org","@graph":[{"@type":"WebPage","@id":"https:\/\/trakesh.com\/notre-boutique\/cat\/ref-3e-6455\/","url":"https:\/\/trakesh.com\/notre-boutique\/cat\/ref-3e-6455\/","name":"R\u00e9f. : 3E-6455 - TRAKECH PARTS","isPartOf":{"@id":"https:\/\/trakesh.com\/#website"},"primaryImageOfPage":{"@id":"https:\/\/trakesh.com\/notre-boutique\/cat\/ref-3e-6455\/#primaryimage"},"image":{"@id":"https:\/\/trakesh.com\/notre-boutique\/cat\/ref-3e-6455\/#primaryimage"},"thumbnailUrl":"https:\/\/trakesh.com\/wp-content\/uploads\/2025\/08\/MA-2025-11-04T162119.120.png","datePublished":"2025-08-21T18:49:54+00:00","dateModified":"2025-11-04T15:21:43+00:00","breadcrumb":{"@id":"https:\/\/trakesh.com\/notre-boutique\/cat\/ref-3e-6455\/#breadcrumb"},"inLanguage":"ar","potentialAction":[{"@type":"ReadAction","target":["https:\/\/trakesh.com\/notre-boutique\/cat\/ref-3e-6455\/"]}]},{"@type":"ImageObject","inLanguage":"ar","@id":"https:\/\/trakesh.com\/notre-boutique\/cat\/ref-3e-6455\/#primaryimage","url":"https:\/\/trakesh.com\/wp-content\/uploads\/2025\/08\/MA-2025-11-04T162119.120.png","contentUrl":"https:\/\/trakesh.com\/wp-content\/uploads\/2025\/08\/MA-2025-11-04T162119.120.png","width":800,"height":800},{"@type":"BreadcrumbList","@id":"https:\/\/trakesh.com\/notre-boutique\/cat\/ref-3e-6455\/#breadcrumb","itemListElement":[{"@type":"ListItem","position":1,"name":"Home","item":"https:\/\/trakesh.com\/"},{"@type":"ListItem","position":2,"name":"Notre Boutique","item":"https:\/\/trakesh.com\/notre-boutique\/"},{"@type":"ListItem","position":3,"name":"R\u00e9f. : 3E-6455"}]},{"@type":"WebSite","@id":"https:\/\/trakesh.com\/#website","url":"https:\/\/trakesh.com\/","name":"TRAKECH PARTS","description":"Pi\u00e8ces de rechange pour camions MAN, moteurs CATERPILLAR et PERKINS \u2013 Maroc","publisher":{"@id":"https:\/\/trakesh.com\/#organization"},"potentialAction":[{"@type":"SearchAction","target":{"@type":"EntryPoint","urlTemplate":"https:\/\/trakesh.com\/?s={search_term_string}"},"query-input":{"@type":"PropertyValueSpecification","valueRequired":true,"valueName":"search_term_string"}}],"inLanguage":"ar"},{"@type":"Organization","@id":"https:\/\/trakesh.com\/#organization","name":"TRAKECH PARTS","url":"https:\/\/trakesh.com\/","logo":{"@type":"ImageObject","inLanguage":"ar","@id":"https:\/\/trakesh.com\/#\/schema\/logo\/image\/","url":"https:\/\/trakesh.com\/wp-content\/uploads\/2025\/05\/cropped-cropped-cropped-cropped-cropped-cropped-cropped-trakesh-removebg-preview-1.png","contentUrl":"https:\/\/trakesh.com\/wp-content\/uploads\/2025\/05\/cropped-cropped-cropped-cropped-cropped-cropped-cropped-trakesh-removebg-preview-1.png","width":342,"height":96,"caption":"TRAKECH PARTS"},"image":{"@id":"https:\/\/trakesh.com\/#\/schema\/logo\/image\/"},"sameAs":["https:\/\/web.facebook.com\/trakechparts\/?locale=fr_FR","https:\/\/www.instagram.com\/trakech_parts\/"]}]}},"_links":{"self":[{"href":"https:\/\/trakesh.com\/ar\/wp-json\/wp\/v2\/product\/8593","targetHints":{"allow":["GET"]}}],"collection":[{"href":"https:\/\/trakesh.com\/ar\/wp-json\/wp\/v2\/product"}],"about":[{"href":"https:\/\/trakesh.com\/ar\/wp-json\/wp\/v2\/types\/product"}],"replies":[{"embeddable":true,"href":"https:\/\/trakesh.com\/ar\/wp-json\/wp\/v2\/comments?post=8593"}],"wp:featuredmedia":[{"embeddable":true,"href":"https:\/\/trakesh.com\/ar\/wp-json\/wp\/v2\/media\/9526"}],"wp:attachment":[{"href":"https:\/\/trakesh.com\/ar\/wp-json\/wp\/v2\/media?parent=8593"}],"wp:term":[{"taxonomy":"product_brand","embeddable":true,"href":"https:\/\/trakesh.com\/ar\/wp-json\/wp\/v2\/product_brand?post=8593"},{"taxonomy":"product_cat","embeddable":true,"href":"https:\/\/trakesh.com\/ar\/wp-json\/wp\/v2\/product_cat?post=8593"},{"taxonomy":"product_tag","embeddable":true,"href":"https:\/\/trakesh.com\/ar\/wp-json\/wp\/v2\/product_tag?post=8593"}],"curies":[{"name":"wp","href":"https:\/\/api.w.org\/{rel}","templated":true}]}}