{"id":8597,"date":"2025-08-21T20:01:42","date_gmt":"2025-08-21T19:01:42","guid":{"rendered":"https:\/\/trakesh.com\/?post_type=product&#038;p=8597"},"modified":"2025-11-04T15:56:18","modified_gmt":"2025-11-04T14:56:18","slug":"ref-1878006129","status":"publish","type":"product","link":"https:\/\/trakesh.com\/ar\/notre-boutique\/vlv\/ref-1878006129\/","title":{"rendered":"R\u00e9f. : 1878006129"},"content":{"rendered":"<div>\n<div>\n<div>\n<p><strong>Description :<\/strong><\/p>\n<\/div>\n<div>\n<p><strong>Le disque d\u2019embrayage SACHS 1878006129 est con\u00e7u pour offrir une transmission de puissance optimale et un passage de vitesses fluide sur les v\u00e9hicules VOLVO. Fabriqu\u00e9 avec des garnitures haute performance et un syst\u00e8me d\u2019amortisseurs de couple int\u00e9gr\u00e9, il assure une excellente r\u00e9sistance \u00e0 l\u2019usure, une meilleure absorption des vibrations et une long\u00e9vit\u00e9 accrue. Pi\u00e8ce de qualit\u00e9 d\u2019origine SACHS, elle garantit performance et fiabilit\u00e9 du syst\u00e8me d\u2019embrayage.<\/strong><\/p>\n<\/div>\n<\/div>\n<\/div>","protected":false},"excerpt":{"rendered":"<div>\n<div>\n<div>\n<p><strong>Disque d\u2019embrayage\u00a0 \u2013 SACHS VOLVO<\/strong><\/p>\n<p data-start=\"416\" data-end=\"437\"><strong data-start=\"416\" data-end=\"435\">Compatibilit\u00e9 :<\/strong><\/p>\n<ul data-start=\"438\" data-end=\"679\">\n<li data-start=\"438\" data-end=\"532\">\n<p data-start=\"440\" data-end=\"532\">Principalement pour <strong data-start=\"460\" data-end=\"469\">VOLVO<\/strong> (mod\u00e8les FH, FM, etc.)<\/p>\n<\/li>\n<li data-start=\"533\" data-end=\"679\">\n<p data-start=\"535\" data-end=\"679\">\u00c9galement list\u00e9 pour <strong data-start=\"556\" data-end=\"599\">Renault Trucks (Magnum, Kerax, Premium)<\/strong> dans les listings d\u2019interchangeabilit\u00e9.<\/p>\n<\/li>\n<\/ul>\n<p data-start=\"681\" data-end=\"697\"><strong data-start=\"681\" data-end=\"695\">Fonction :<\/strong><\/p>\n<ul data-start=\"698\" data-end=\"949\">\n<li data-start=\"698\" data-end=\"775\">\n<p data-start=\"700\" data-end=\"775\">Transmettre le couple moteur \u00e0 la bo\u00eete de vitesses lorsqu\u2019il est engag\u00e9.<\/p>\n<\/li>\n<li data-start=\"776\" data-end=\"861\">\n<p data-start=\"778\" data-end=\"861\">Permettre un glissement ma\u00eetris\u00e9 pendant l\u2019enclenchement pour absorber les chocs.<\/p>\n<\/li>\n<li data-start=\"862\" data-end=\"949\">\n<p data-start=\"864\" data-end=\"949\">Assurer une friction adapt\u00e9e pour un fonctionnement durable du syst\u00e8me d\u2019embrayage.<\/p>\n<\/li>\n<\/ul>\n<p data-start=\"951\" data-end=\"971\"><strong data-start=\"951\" data-end=\"969\">Applications :<\/strong><\/p>\n<ul data-start=\"972\" data-end=\"1159\">\n<li data-start=\"972\" data-end=\"1049\">\n<p data-start=\"974\" data-end=\"1049\">Camions <strong data-start=\"982\" data-end=\"1003\">VOLVO FH, FM, FMX<\/strong>, etc.<\/p>\n<\/li>\n<li data-start=\"1050\" data-end=\"1159\">\n<p data-start=\"1052\" data-end=\"1159\">V\u00e9hicules lourds n\u00e9cessitant un disque de friction de ces caract\u00e9ristiques dans les syst\u00e8mes d\u2019embrayage.<\/p>\n<\/li>\n<\/ul>\n<p data-start=\"1161\" data-end=\"1181\"><strong data-start=\"1161\" data-end=\"1179\">Installation :<\/strong><\/p>\n<ol data-start=\"1182\" data-end=\"1634\">\n<li data-start=\"1182\" data-end=\"1251\">\n<p data-start=\"1185\" data-end=\"1251\">D\u00e9pose de la transmission pour acc\u00e9der au m\u00e9canisme d\u2019embrayage.<\/p>\n<\/li>\n<li data-start=\"1252\" data-end=\"1284\">\n<p data-start=\"1255\" data-end=\"1284\">Retrait de l\u2019ancien disque.<\/p>\n<\/li>\n<li data-start=\"1285\" data-end=\"1348\">\n<p data-start=\"1288\" data-end=\"1348\">V\u00e9rification de l\u2019\u00e9tat du volant moteur (plan\u00e9it\u00e9, usure).<\/p>\n<\/li>\n<li data-start=\"1349\" data-end=\"1455\">\n<p data-start=\"1352\" data-end=\"1455\">Positionnement du nouveau disque <strong data-start=\"1385\" data-end=\"1399\">1878006129<\/strong> sur l\u2019arbre primaire \u00e0 l\u2019aide d\u2019un outil de centrage.<\/p>\n<\/li>\n<li data-start=\"1456\" data-end=\"1538\">\n<p data-start=\"1459\" data-end=\"1538\">Remontage de la plaque de pression selon les couples constructeur pr\u00e9conis\u00e9s.<\/p>\n<\/li>\n<li data-start=\"1539\" data-end=\"1634\">\n<p data-start=\"1542\" data-end=\"1634\">Remontage de la transmission, v\u00e9rification de la commande d\u2019embrayage et test fonctionnel<\/p>\n<\/li>\n<\/ol>\n<div>\n<div>\n<div><\/div>\n<div>\n<p>&nbsp;<\/p>\n<\/div>\n<\/div>\n<\/div>\n<\/div>\n<\/div>\n<\/div>","protected":false},"featured_media":9524,"comment_status":"open","ping_status":"closed","template":"","meta":[],"product_brand":[82],"product_cat":[70],"product_tag":[],"class_list":{"0":"post-8597","1":"product","2":"type-product","3":"status-publish","4":"has-post-thumbnail","6":"product_brand-sch","7":"product_cat-vlv","9":"first","10":"instock","11":"shipping-taxable","12":"product-type-simple"},"yoast_head":"<!-- This site is optimized with the Yoast SEO plugin v25.5 - https:\/\/yoast.com\/wordpress\/plugins\/seo\/ -->\n<title>R\u00e9f. : 1878006129 - TRAKECH PARTS<\/title>\n<meta name=\"robots\" content=\"index, follow, max-snippet:-1, max-image-preview:large, max-video-preview:-1\" \/>\n<link rel=\"canonical\" href=\"https:\/\/trakesh.com\/ar\/notre-boutique\/vlv\/ref-1878006129\/\" \/>\n<meta property=\"og:locale\" content=\"ar_AR\" \/>\n<meta property=\"og:type\" content=\"article\" \/>\n<meta property=\"og:title\" content=\"R\u00e9f. : 1878006129 - TRAKECH PARTS\" \/>\n<meta property=\"og:description\" content=\"Disque d\u2019embrayage\u00a0 \u2013 SACHS VOLVO Compatibilit\u00e9 :     Principalement pour VOLVO (mod\u00e8les FH, FM, etc.)    \u00c9galement list\u00e9 pour Renault Trucks (Magnum, Kerax, Premium) dans les listings d\u2019interchangeabilit\u00e9.   Fonction :     Transmettre le couple moteur \u00e0 la bo\u00eete de vitesses lorsqu\u2019il est engag\u00e9.    Permettre un glissement ma\u00eetris\u00e9 pendant l\u2019enclenchement pour absorber les chocs.    Assurer une friction adapt\u00e9e pour un fonctionnement durable du syst\u00e8me d\u2019embrayage.   Applications :     Camions VOLVO FH, FM, FMX, etc.    V\u00e9hicules lourds n\u00e9cessitant un disque de friction de ces caract\u00e9ristiques dans les syst\u00e8mes d\u2019embrayage.   Installation :     D\u00e9pose de la transmission pour acc\u00e9der au m\u00e9canisme d\u2019embrayage.    Retrait de l\u2019ancien disque.    V\u00e9rification de l\u2019\u00e9tat du volant moteur (plan\u00e9it\u00e9, usure).    Positionnement du nouveau disque 1878006129 sur l\u2019arbre primaire \u00e0 l\u2019aide d\u2019un outil de centrage.    Remontage de la plaque de pression selon les couples constructeur pr\u00e9conis\u00e9s.    Remontage de la transmission, v\u00e9rification de la commande d\u2019embrayage et test fonctionnel        &nbsp;\" \/>\n<meta property=\"og:url\" content=\"https:\/\/trakesh.com\/ar\/notre-boutique\/vlv\/ref-1878006129\/\" \/>\n<meta property=\"og:site_name\" content=\"TRAKECH PARTS\" \/>\n<meta property=\"article:publisher\" content=\"https:\/\/web.facebook.com\/trakechparts\/?locale=fr_FR\" \/>\n<meta property=\"article:modified_time\" content=\"2025-11-04T14:56:18+00:00\" \/>\n<meta property=\"og:image\" content=\"https:\/\/trakesh.com\/wp-content\/uploads\/2025\/08\/MA-2025-11-04T155508.519.png\" \/>\n\t<meta property=\"og:image:width\" content=\"800\" \/>\n\t<meta property=\"og:image:height\" content=\"800\" \/>\n\t<meta property=\"og:image:type\" content=\"image\/png\" \/>\n<meta name=\"twitter:card\" content=\"summary_large_image\" \/>\n<meta name=\"twitter:label1\" content=\"\u0648\u0642\u062a \u0627\u0644\u0642\u0631\u0627\u0621\u0629 \u0627\u0644\u0645\u064f\u0642\u062f\u0651\u0631\" \/>\n\t<meta name=\"twitter:data1\" content=\"\u062f\u0642\u064a\u0642\u0629 \u0648\u0627\u062d\u062f\u0629\" \/>\n<script type=\"application\/ld+json\" class=\"yoast-schema-graph\">{\"@context\":\"https:\/\/schema.org\",\"@graph\":[{\"@type\":\"WebPage\",\"@id\":\"https:\/\/trakesh.com\/notre-boutique\/vlv\/ref-1878006129\/\",\"url\":\"https:\/\/trakesh.com\/notre-boutique\/vlv\/ref-1878006129\/\",\"name\":\"R\u00e9f. : 1878006129 - TRAKECH PARTS\",\"isPartOf\":{\"@id\":\"https:\/\/trakesh.com\/#website\"},\"primaryImageOfPage\":{\"@id\":\"https:\/\/trakesh.com\/notre-boutique\/vlv\/ref-1878006129\/#primaryimage\"},\"image\":{\"@id\":\"https:\/\/trakesh.com\/notre-boutique\/vlv\/ref-1878006129\/#primaryimage\"},\"thumbnailUrl\":\"https:\/\/trakesh.com\/wp-content\/uploads\/2025\/08\/MA-2025-11-04T155508.519.png\",\"datePublished\":\"2025-08-21T19:01:42+00:00\",\"dateModified\":\"2025-11-04T14:56:18+00:00\",\"breadcrumb\":{\"@id\":\"https:\/\/trakesh.com\/notre-boutique\/vlv\/ref-1878006129\/#breadcrumb\"},\"inLanguage\":\"ar\",\"potentialAction\":[{\"@type\":\"ReadAction\",\"target\":[\"https:\/\/trakesh.com\/notre-boutique\/vlv\/ref-1878006129\/\"]}]},{\"@type\":\"ImageObject\",\"inLanguage\":\"ar\",\"@id\":\"https:\/\/trakesh.com\/notre-boutique\/vlv\/ref-1878006129\/#primaryimage\",\"url\":\"https:\/\/trakesh.com\/wp-content\/uploads\/2025\/08\/MA-2025-11-04T155508.519.png\",\"contentUrl\":\"https:\/\/trakesh.com\/wp-content\/uploads\/2025\/08\/MA-2025-11-04T155508.519.png\",\"width\":800,\"height\":800},{\"@type\":\"BreadcrumbList\",\"@id\":\"https:\/\/trakesh.com\/notre-boutique\/vlv\/ref-1878006129\/#breadcrumb\",\"itemListElement\":[{\"@type\":\"ListItem\",\"position\":1,\"name\":\"Home\",\"item\":\"https:\/\/trakesh.com\/\"},{\"@type\":\"ListItem\",\"position\":2,\"name\":\"Notre Boutique\",\"item\":\"https:\/\/trakesh.com\/notre-boutique\/\"},{\"@type\":\"ListItem\",\"position\":3,\"name\":\"R\u00e9f. : 1878006129\"}]},{\"@type\":\"WebSite\",\"@id\":\"https:\/\/trakesh.com\/#website\",\"url\":\"https:\/\/trakesh.com\/\",\"name\":\"TRAKECH PARTS\",\"description\":\"Pi\u00e8ces de rechange pour camions MAN, moteurs CATERPILLAR et PERKINS \u2013 Maroc\",\"publisher\":{\"@id\":\"https:\/\/trakesh.com\/#organization\"},\"potentialAction\":[{\"@type\":\"SearchAction\",\"target\":{\"@type\":\"EntryPoint\",\"urlTemplate\":\"https:\/\/trakesh.com\/?s={search_term_string}\"},\"query-input\":{\"@type\":\"PropertyValueSpecification\",\"valueRequired\":true,\"valueName\":\"search_term_string\"}}],\"inLanguage\":\"ar\"},{\"@type\":\"Organization\",\"@id\":\"https:\/\/trakesh.com\/#organization\",\"name\":\"TRAKECH PARTS\",\"url\":\"https:\/\/trakesh.com\/\",\"logo\":{\"@type\":\"ImageObject\",\"inLanguage\":\"ar\",\"@id\":\"https:\/\/trakesh.com\/#\/schema\/logo\/image\/\",\"url\":\"https:\/\/trakesh.com\/wp-content\/uploads\/2025\/05\/cropped-cropped-cropped-cropped-cropped-cropped-cropped-trakesh-removebg-preview-1.png\",\"contentUrl\":\"https:\/\/trakesh.com\/wp-content\/uploads\/2025\/05\/cropped-cropped-cropped-cropped-cropped-cropped-cropped-trakesh-removebg-preview-1.png\",\"width\":342,\"height\":96,\"caption\":\"TRAKECH PARTS\"},\"image\":{\"@id\":\"https:\/\/trakesh.com\/#\/schema\/logo\/image\/\"},\"sameAs\":[\"https:\/\/web.facebook.com\/trakechparts\/?locale=fr_FR\",\"https:\/\/www.instagram.com\/trakech_parts\/\"]}]}<\/script>\n<!-- \/ Yoast SEO plugin. -->","yoast_head_json":{"title":"R\u00e9f. : 1878006129 - TRAKECH PARTS","robots":{"index":"index","follow":"follow","max-snippet":"max-snippet:-1","max-image-preview":"max-image-preview:large","max-video-preview":"max-video-preview:-1"},"canonical":"https:\/\/trakesh.com\/ar\/notre-boutique\/vlv\/ref-1878006129\/","og_locale":"ar_AR","og_type":"article","og_title":"R\u00e9f. : 1878006129 - TRAKECH PARTS","og_description":"Disque d\u2019embrayage\u00a0 \u2013 SACHS VOLVO Compatibilit\u00e9 :     Principalement pour VOLVO (mod\u00e8les FH, FM, etc.)    \u00c9galement list\u00e9 pour Renault Trucks (Magnum, Kerax, Premium) dans les listings d\u2019interchangeabilit\u00e9.   Fonction :     Transmettre le couple moteur \u00e0 la bo\u00eete de vitesses lorsqu\u2019il est engag\u00e9.    Permettre un glissement ma\u00eetris\u00e9 pendant l\u2019enclenchement pour absorber les chocs.    Assurer une friction adapt\u00e9e pour un fonctionnement durable du syst\u00e8me d\u2019embrayage.   Applications :     Camions VOLVO FH, FM, FMX, etc.    V\u00e9hicules lourds n\u00e9cessitant un disque de friction de ces caract\u00e9ristiques dans les syst\u00e8mes d\u2019embrayage.   Installation :     D\u00e9pose de la transmission pour acc\u00e9der au m\u00e9canisme d\u2019embrayage.    Retrait de l\u2019ancien disque.    V\u00e9rification de l\u2019\u00e9tat du volant moteur (plan\u00e9it\u00e9, usure).    Positionnement du nouveau disque 1878006129 sur l\u2019arbre primaire \u00e0 l\u2019aide d\u2019un outil de centrage.    Remontage de la plaque de pression selon les couples constructeur pr\u00e9conis\u00e9s.    Remontage de la transmission, v\u00e9rification de la commande d\u2019embrayage et test fonctionnel        &nbsp;","og_url":"https:\/\/trakesh.com\/ar\/notre-boutique\/vlv\/ref-1878006129\/","og_site_name":"TRAKECH PARTS","article_publisher":"https:\/\/web.facebook.com\/trakechparts\/?locale=fr_FR","article_modified_time":"2025-11-04T14:56:18+00:00","og_image":[{"width":800,"height":800,"url":"https:\/\/trakesh.com\/wp-content\/uploads\/2025\/08\/MA-2025-11-04T155508.519.png","type":"image\/png"}],"twitter_card":"summary_large_image","twitter_misc":{"\u0648\u0642\u062a \u0627\u0644\u0642\u0631\u0627\u0621\u0629 \u0627\u0644\u0645\u064f\u0642\u062f\u0651\u0631":"\u062f\u0642\u064a\u0642\u0629 \u0648\u0627\u062d\u062f\u0629"},"schema":{"@context":"https:\/\/schema.org","@graph":[{"@type":"WebPage","@id":"https:\/\/trakesh.com\/notre-boutique\/vlv\/ref-1878006129\/","url":"https:\/\/trakesh.com\/notre-boutique\/vlv\/ref-1878006129\/","name":"R\u00e9f. : 1878006129 - TRAKECH PARTS","isPartOf":{"@id":"https:\/\/trakesh.com\/#website"},"primaryImageOfPage":{"@id":"https:\/\/trakesh.com\/notre-boutique\/vlv\/ref-1878006129\/#primaryimage"},"image":{"@id":"https:\/\/trakesh.com\/notre-boutique\/vlv\/ref-1878006129\/#primaryimage"},"thumbnailUrl":"https:\/\/trakesh.com\/wp-content\/uploads\/2025\/08\/MA-2025-11-04T155508.519.png","datePublished":"2025-08-21T19:01:42+00:00","dateModified":"2025-11-04T14:56:18+00:00","breadcrumb":{"@id":"https:\/\/trakesh.com\/notre-boutique\/vlv\/ref-1878006129\/#breadcrumb"},"inLanguage":"ar","potentialAction":[{"@type":"ReadAction","target":["https:\/\/trakesh.com\/notre-boutique\/vlv\/ref-1878006129\/"]}]},{"@type":"ImageObject","inLanguage":"ar","@id":"https:\/\/trakesh.com\/notre-boutique\/vlv\/ref-1878006129\/#primaryimage","url":"https:\/\/trakesh.com\/wp-content\/uploads\/2025\/08\/MA-2025-11-04T155508.519.png","contentUrl":"https:\/\/trakesh.com\/wp-content\/uploads\/2025\/08\/MA-2025-11-04T155508.519.png","width":800,"height":800},{"@type":"BreadcrumbList","@id":"https:\/\/trakesh.com\/notre-boutique\/vlv\/ref-1878006129\/#breadcrumb","itemListElement":[{"@type":"ListItem","position":1,"name":"Home","item":"https:\/\/trakesh.com\/"},{"@type":"ListItem","position":2,"name":"Notre Boutique","item":"https:\/\/trakesh.com\/notre-boutique\/"},{"@type":"ListItem","position":3,"name":"R\u00e9f. : 1878006129"}]},{"@type":"WebSite","@id":"https:\/\/trakesh.com\/#website","url":"https:\/\/trakesh.com\/","name":"TRAKECH PARTS","description":"Pi\u00e8ces de rechange pour camions MAN, moteurs CATERPILLAR et PERKINS \u2013 Maroc","publisher":{"@id":"https:\/\/trakesh.com\/#organization"},"potentialAction":[{"@type":"SearchAction","target":{"@type":"EntryPoint","urlTemplate":"https:\/\/trakesh.com\/?s={search_term_string}"},"query-input":{"@type":"PropertyValueSpecification","valueRequired":true,"valueName":"search_term_string"}}],"inLanguage":"ar"},{"@type":"Organization","@id":"https:\/\/trakesh.com\/#organization","name":"TRAKECH PARTS","url":"https:\/\/trakesh.com\/","logo":{"@type":"ImageObject","inLanguage":"ar","@id":"https:\/\/trakesh.com\/#\/schema\/logo\/image\/","url":"https:\/\/trakesh.com\/wp-content\/uploads\/2025\/05\/cropped-cropped-cropped-cropped-cropped-cropped-cropped-trakesh-removebg-preview-1.png","contentUrl":"https:\/\/trakesh.com\/wp-content\/uploads\/2025\/05\/cropped-cropped-cropped-cropped-cropped-cropped-cropped-trakesh-removebg-preview-1.png","width":342,"height":96,"caption":"TRAKECH PARTS"},"image":{"@id":"https:\/\/trakesh.com\/#\/schema\/logo\/image\/"},"sameAs":["https:\/\/web.facebook.com\/trakechparts\/?locale=fr_FR","https:\/\/www.instagram.com\/trakech_parts\/"]}]}},"_links":{"self":[{"href":"https:\/\/trakesh.com\/ar\/wp-json\/wp\/v2\/product\/8597","targetHints":{"allow":["GET"]}}],"collection":[{"href":"https:\/\/trakesh.com\/ar\/wp-json\/wp\/v2\/product"}],"about":[{"href":"https:\/\/trakesh.com\/ar\/wp-json\/wp\/v2\/types\/product"}],"replies":[{"embeddable":true,"href":"https:\/\/trakesh.com\/ar\/wp-json\/wp\/v2\/comments?post=8597"}],"wp:featuredmedia":[{"embeddable":true,"href":"https:\/\/trakesh.com\/ar\/wp-json\/wp\/v2\/media\/9524"}],"wp:attachment":[{"href":"https:\/\/trakesh.com\/ar\/wp-json\/wp\/v2\/media?parent=8597"}],"wp:term":[{"taxonomy":"product_brand","embeddable":true,"href":"https:\/\/trakesh.com\/ar\/wp-json\/wp\/v2\/product_brand?post=8597"},{"taxonomy":"product_cat","embeddable":true,"href":"https:\/\/trakesh.com\/ar\/wp-json\/wp\/v2\/product_cat?post=8597"},{"taxonomy":"product_tag","embeddable":true,"href":"https:\/\/trakesh.com\/ar\/wp-json\/wp\/v2\/product_tag?post=8597"}],"curies":[{"name":"wp","href":"https:\/\/api.w.org\/{rel}","templated":true}]}}