{"id":8607,"date":"2025-08-21T20:27:17","date_gmt":"2025-08-21T19:27:17","guid":{"rendered":"https:\/\/trakesh.com\/?post_type=product&#038;p=8607"},"modified":"2025-11-04T15:35:40","modified_gmt":"2025-11-04T14:35:40","slug":"ref-3482001310","status":"publish","type":"product","link":"https:\/\/trakesh.com\/ar\/notre-boutique\/vlv\/ref-3482001310\/","title":{"rendered":"R\u00e9f. : 3482001310"},"content":{"rendered":"<div>\n<div>\n<div>\n<p><strong>Description :<\/strong><\/p>\n<\/div>\n<div>\n<p><strong>Le disque d\u2019embrayage SACHS 3482001310 est sp\u00e9cialement d\u00e9velopp\u00e9 pour les v\u00e9hicules VOLVO \u00e0 transmission automatique. Gr\u00e2ce \u00e0 ses garnitures renforc\u00e9es et \u00e0 son \u00e9quilibrage pr\u00e9cis, il offre une excellente absorption des vibrations, une grande r\u00e9sistance \u00e0 la chaleur et \u00e0 l\u2019usure, ainsi qu\u2019un engagement progressif et silencieux. Pi\u00e8ce d\u2019origine SACHS, con\u00e7ue pour garantir fiabilit\u00e9, confort de conduite et durabilit\u00e9 dans les applications poids lourds.<\/strong><\/p>\n<\/div>\n<\/div>\n<\/div>","protected":false},"excerpt":{"rendered":"<p><strong>Disque d\u2019embrayage \u2013 SACHS VOLVO (Bo\u00eete automatique)<\/strong><\/p>\n<div>\n<div><strong data-start=\"435\" data-end=\"454\">Compatibilit\u00e9 :<\/strong><\/div>\n<div>\n<ul data-start=\"457\" data-end=\"696\">\n<li data-start=\"457\" data-end=\"589\">\n<p data-start=\"459\" data-end=\"589\">V\u00e9hicules <strong data-start=\"469\" data-end=\"478\">Volvo<\/strong> \u00e9quip\u00e9s du syst\u00e8me d\u2019embrayage \u00ab I-Shift \u00bb et d\u2019autres mod\u00e8les lourds. \u00c9galement list\u00e9e pour MACK, UD, Renault selon certaines sources.<\/p>\n<\/li>\n<\/ul>\n<p data-start=\"698\" data-end=\"714\"><strong data-start=\"698\" data-end=\"712\">Fonction :<\/strong><\/p>\n<ul data-start=\"715\" data-end=\"1010\">\n<li data-start=\"715\" data-end=\"830\">\n<p data-start=\"717\" data-end=\"830\">Presser le disque d\u2019embrayage contre le volant moteur pour transmettre le couple moteur \u00e0 la bo\u00eete de vitesses.<\/p>\n<\/li>\n<li data-start=\"831\" data-end=\"913\">\n<p data-start=\"833\" data-end=\"913\">Lib\u00e9rer la pression pour d\u00e9sengager l\u2019embrayage lors du changement de vitesse.<\/p>\n<\/li>\n<li data-start=\"914\" data-end=\"1010\">\n<p data-start=\"916\" data-end=\"1010\">Maintenir la force de contact n\u00e9cessaire pour un glissement minimis\u00e9 et une usure contr\u00f4l\u00e9e.<\/p>\n<\/li>\n<\/ul>\n<p data-start=\"1012\" data-end=\"1032\"><strong data-start=\"1012\" data-end=\"1030\">Applications :<\/strong><\/p>\n<ul data-start=\"1033\" data-end=\"1258\">\n<li data-start=\"1033\" data-end=\"1153\">\n<p data-start=\"1035\" data-end=\"1153\">Camions lourds Volvo (FM, FH, FMX) avec bo\u00eete automatique \/ bo\u00eetes robotis\u00e9es.<\/p>\n<\/li>\n<li data-start=\"1154\" data-end=\"1258\">\n<p data-start=\"1156\" data-end=\"1258\">Mod\u00e8les Volvo I-Shift \u00e0 partir de 2017+ selon catalogue SACHS.<\/p>\n<\/li>\n<\/ul>\n<p data-start=\"1260\" data-end=\"1280\"><strong data-start=\"1260\" data-end=\"1278\">Installation :<\/strong><\/p>\n<ol data-start=\"1281\" data-end=\"1787\">\n<li data-start=\"1281\" data-end=\"1337\">\n<p data-start=\"1284\" data-end=\"1337\">D\u00e9poser la transmission pour acc\u00e9der \u00e0 l\u2019embrayage.<\/p>\n<\/li>\n<li data-start=\"1338\" data-end=\"1416\">\n<p data-start=\"1341\" data-end=\"1416\">Retirer l\u2019ancienne plaque de pression en maintenant l\u2019embrayage comprim\u00e9.<\/p>\n<\/li>\n<li data-start=\"1417\" data-end=\"1492\">\n<p data-start=\"1420\" data-end=\"1492\">Nettoyer le volant moteur et s\u2019assurer qu\u2019il est plat et sans d\u00e9fauts.<\/p>\n<\/li>\n<li data-start=\"1493\" data-end=\"1619\">\n<p data-start=\"1496\" data-end=\"1619\">Monter la nouvelle plaque SACHS 3482001310 en respectant le sens de montage et en utilisant les vis neuves si n\u00e9cessaire.<\/p>\n<\/li>\n<li data-start=\"1620\" data-end=\"1680\">\n<p data-start=\"1623\" data-end=\"1680\">Serrer aux couples prescrits par le constructeur Volvo.<\/p>\n<\/li>\n<li data-start=\"1681\" data-end=\"1787\">\n<p data-start=\"1684\" data-end=\"1787\">Reposer la bo\u00eete, calibrer l\u2019embrayage selon les instructions constructeur, tester le fonctionnement.<\/p>\n<\/li>\n<\/ol>\n<\/div>\n<\/div>","protected":false},"featured_media":9519,"comment_status":"open","ping_status":"closed","template":"","meta":[],"product_brand":[82],"product_cat":[70],"product_tag":[],"class_list":{"0":"post-8607","1":"product","2":"type-product","3":"status-publish","4":"has-post-thumbnail","6":"product_brand-sch","7":"product_cat-vlv","9":"first","10":"instock","11":"shipping-taxable","12":"product-type-simple"},"yoast_head":"<!-- This site is optimized with the Yoast SEO plugin v25.5 - https:\/\/yoast.com\/wordpress\/plugins\/seo\/ -->\n<title>R\u00e9f. : 3482001310 - TRAKECH PARTS<\/title>\n<meta name=\"robots\" content=\"index, follow, max-snippet:-1, max-image-preview:large, max-video-preview:-1\" \/>\n<link rel=\"canonical\" href=\"https:\/\/trakesh.com\/ar\/notre-boutique\/vlv\/ref-3482001310\/\" \/>\n<meta property=\"og:locale\" content=\"ar_AR\" \/>\n<meta property=\"og:type\" content=\"article\" \/>\n<meta property=\"og:title\" content=\"R\u00e9f. : 3482001310 - TRAKECH PARTS\" \/>\n<meta property=\"og:description\" content=\"Disque d\u2019embrayage \u2013 SACHS VOLVO (Bo\u00eete automatique)  Compatibilit\u00e9 :     V\u00e9hicules Volvo \u00e9quip\u00e9s du syst\u00e8me d\u2019embrayage \u00ab I-Shift \u00bb et d\u2019autres mod\u00e8les lourds. \u00c9galement list\u00e9e pour MACK, UD, Renault selon certaines sources.   Fonction :     Presser le disque d\u2019embrayage contre le volant moteur pour transmettre le couple moteur \u00e0 la bo\u00eete de vitesses.    Lib\u00e9rer la pression pour d\u00e9sengager l\u2019embrayage lors du changement de vitesse.    Maintenir la force de contact n\u00e9cessaire pour un glissement minimis\u00e9 et une usure contr\u00f4l\u00e9e.   Applications :     Camions lourds Volvo (FM, FH, FMX) avec bo\u00eete automatique \/ bo\u00eetes robotis\u00e9es.    Mod\u00e8les Volvo I-Shift \u00e0 partir de 2017+ selon catalogue SACHS.   Installation :     D\u00e9poser la transmission pour acc\u00e9der \u00e0 l\u2019embrayage.    Retirer l\u2019ancienne plaque de pression en maintenant l\u2019embrayage comprim\u00e9.    Nettoyer le volant moteur et s\u2019assurer qu\u2019il est plat et sans d\u00e9fauts.    Monter la nouvelle plaque SACHS 3482001310 en respectant le sens de montage et en utilisant les vis neuves si n\u00e9cessaire.    Serrer aux couples prescrits par le constructeur Volvo.    Reposer la bo\u00eete, calibrer l\u2019embrayage selon les instructions constructeur, tester le fonctionnement.\" \/>\n<meta property=\"og:url\" content=\"https:\/\/trakesh.com\/ar\/notre-boutique\/vlv\/ref-3482001310\/\" \/>\n<meta property=\"og:site_name\" content=\"TRAKECH PARTS\" \/>\n<meta property=\"article:publisher\" content=\"https:\/\/web.facebook.com\/trakechparts\/?locale=fr_FR\" \/>\n<meta property=\"article:modified_time\" content=\"2025-11-04T14:35:40+00:00\" \/>\n<meta property=\"og:image\" content=\"https:\/\/trakesh.com\/wp-content\/uploads\/2025\/08\/MA-2025-11-04T153515.852.png\" \/>\n\t<meta property=\"og:image:width\" content=\"800\" \/>\n\t<meta property=\"og:image:height\" content=\"800\" \/>\n\t<meta property=\"og:image:type\" content=\"image\/png\" \/>\n<meta name=\"twitter:card\" content=\"summary_large_image\" \/>\n<meta name=\"twitter:label1\" content=\"\u0648\u0642\u062a \u0627\u0644\u0642\u0631\u0627\u0621\u0629 \u0627\u0644\u0645\u064f\u0642\u062f\u0651\u0631\" \/>\n\t<meta name=\"twitter:data1\" content=\"\u062f\u0642\u064a\u0642\u0629 \u0648\u0627\u062d\u062f\u0629\" \/>\n<script type=\"application\/ld+json\" class=\"yoast-schema-graph\">{\"@context\":\"https:\/\/schema.org\",\"@graph\":[{\"@type\":\"WebPage\",\"@id\":\"https:\/\/trakesh.com\/notre-boutique\/vlv\/ref-3482001310\/\",\"url\":\"https:\/\/trakesh.com\/notre-boutique\/vlv\/ref-3482001310\/\",\"name\":\"R\u00e9f. : 3482001310 - TRAKECH PARTS\",\"isPartOf\":{\"@id\":\"https:\/\/trakesh.com\/#website\"},\"primaryImageOfPage\":{\"@id\":\"https:\/\/trakesh.com\/notre-boutique\/vlv\/ref-3482001310\/#primaryimage\"},\"image\":{\"@id\":\"https:\/\/trakesh.com\/notre-boutique\/vlv\/ref-3482001310\/#primaryimage\"},\"thumbnailUrl\":\"https:\/\/trakesh.com\/wp-content\/uploads\/2025\/08\/MA-2025-11-04T153515.852.png\",\"datePublished\":\"2025-08-21T19:27:17+00:00\",\"dateModified\":\"2025-11-04T14:35:40+00:00\",\"breadcrumb\":{\"@id\":\"https:\/\/trakesh.com\/notre-boutique\/vlv\/ref-3482001310\/#breadcrumb\"},\"inLanguage\":\"ar\",\"potentialAction\":[{\"@type\":\"ReadAction\",\"target\":[\"https:\/\/trakesh.com\/notre-boutique\/vlv\/ref-3482001310\/\"]}]},{\"@type\":\"ImageObject\",\"inLanguage\":\"ar\",\"@id\":\"https:\/\/trakesh.com\/notre-boutique\/vlv\/ref-3482001310\/#primaryimage\",\"url\":\"https:\/\/trakesh.com\/wp-content\/uploads\/2025\/08\/MA-2025-11-04T153515.852.png\",\"contentUrl\":\"https:\/\/trakesh.com\/wp-content\/uploads\/2025\/08\/MA-2025-11-04T153515.852.png\",\"width\":800,\"height\":800},{\"@type\":\"BreadcrumbList\",\"@id\":\"https:\/\/trakesh.com\/notre-boutique\/vlv\/ref-3482001310\/#breadcrumb\",\"itemListElement\":[{\"@type\":\"ListItem\",\"position\":1,\"name\":\"Home\",\"item\":\"https:\/\/trakesh.com\/\"},{\"@type\":\"ListItem\",\"position\":2,\"name\":\"Notre Boutique\",\"item\":\"https:\/\/trakesh.com\/notre-boutique\/\"},{\"@type\":\"ListItem\",\"position\":3,\"name\":\"R\u00e9f. : 3482001310\"}]},{\"@type\":\"WebSite\",\"@id\":\"https:\/\/trakesh.com\/#website\",\"url\":\"https:\/\/trakesh.com\/\",\"name\":\"TRAKECH PARTS\",\"description\":\"Pi\u00e8ces de rechange pour camions MAN, moteurs CATERPILLAR et PERKINS \u2013 Maroc\",\"publisher\":{\"@id\":\"https:\/\/trakesh.com\/#organization\"},\"potentialAction\":[{\"@type\":\"SearchAction\",\"target\":{\"@type\":\"EntryPoint\",\"urlTemplate\":\"https:\/\/trakesh.com\/?s={search_term_string}\"},\"query-input\":{\"@type\":\"PropertyValueSpecification\",\"valueRequired\":true,\"valueName\":\"search_term_string\"}}],\"inLanguage\":\"ar\"},{\"@type\":\"Organization\",\"@id\":\"https:\/\/trakesh.com\/#organization\",\"name\":\"TRAKECH PARTS\",\"url\":\"https:\/\/trakesh.com\/\",\"logo\":{\"@type\":\"ImageObject\",\"inLanguage\":\"ar\",\"@id\":\"https:\/\/trakesh.com\/#\/schema\/logo\/image\/\",\"url\":\"https:\/\/trakesh.com\/wp-content\/uploads\/2025\/05\/cropped-cropped-cropped-cropped-cropped-cropped-cropped-trakesh-removebg-preview-1.png\",\"contentUrl\":\"https:\/\/trakesh.com\/wp-content\/uploads\/2025\/05\/cropped-cropped-cropped-cropped-cropped-cropped-cropped-trakesh-removebg-preview-1.png\",\"width\":342,\"height\":96,\"caption\":\"TRAKECH PARTS\"},\"image\":{\"@id\":\"https:\/\/trakesh.com\/#\/schema\/logo\/image\/\"},\"sameAs\":[\"https:\/\/web.facebook.com\/trakechparts\/?locale=fr_FR\",\"https:\/\/www.instagram.com\/trakech_parts\/\"]}]}<\/script>\n<!-- \/ Yoast SEO plugin. -->","yoast_head_json":{"title":"R\u00e9f. : 3482001310 - TRAKECH PARTS","robots":{"index":"index","follow":"follow","max-snippet":"max-snippet:-1","max-image-preview":"max-image-preview:large","max-video-preview":"max-video-preview:-1"},"canonical":"https:\/\/trakesh.com\/ar\/notre-boutique\/vlv\/ref-3482001310\/","og_locale":"ar_AR","og_type":"article","og_title":"R\u00e9f. : 3482001310 - TRAKECH PARTS","og_description":"Disque d\u2019embrayage \u2013 SACHS VOLVO (Bo\u00eete automatique)  Compatibilit\u00e9 :     V\u00e9hicules Volvo \u00e9quip\u00e9s du syst\u00e8me d\u2019embrayage \u00ab I-Shift \u00bb et d\u2019autres mod\u00e8les lourds. \u00c9galement list\u00e9e pour MACK, UD, Renault selon certaines sources.   Fonction :     Presser le disque d\u2019embrayage contre le volant moteur pour transmettre le couple moteur \u00e0 la bo\u00eete de vitesses.    Lib\u00e9rer la pression pour d\u00e9sengager l\u2019embrayage lors du changement de vitesse.    Maintenir la force de contact n\u00e9cessaire pour un glissement minimis\u00e9 et une usure contr\u00f4l\u00e9e.   Applications :     Camions lourds Volvo (FM, FH, FMX) avec bo\u00eete automatique \/ bo\u00eetes robotis\u00e9es.    Mod\u00e8les Volvo I-Shift \u00e0 partir de 2017+ selon catalogue SACHS.   Installation :     D\u00e9poser la transmission pour acc\u00e9der \u00e0 l\u2019embrayage.    Retirer l\u2019ancienne plaque de pression en maintenant l\u2019embrayage comprim\u00e9.    Nettoyer le volant moteur et s\u2019assurer qu\u2019il est plat et sans d\u00e9fauts.    Monter la nouvelle plaque SACHS 3482001310 en respectant le sens de montage et en utilisant les vis neuves si n\u00e9cessaire.    Serrer aux couples prescrits par le constructeur Volvo.    Reposer la bo\u00eete, calibrer l\u2019embrayage selon les instructions constructeur, tester le fonctionnement.","og_url":"https:\/\/trakesh.com\/ar\/notre-boutique\/vlv\/ref-3482001310\/","og_site_name":"TRAKECH PARTS","article_publisher":"https:\/\/web.facebook.com\/trakechparts\/?locale=fr_FR","article_modified_time":"2025-11-04T14:35:40+00:00","og_image":[{"width":800,"height":800,"url":"https:\/\/trakesh.com\/wp-content\/uploads\/2025\/08\/MA-2025-11-04T153515.852.png","type":"image\/png"}],"twitter_card":"summary_large_image","twitter_misc":{"\u0648\u0642\u062a \u0627\u0644\u0642\u0631\u0627\u0621\u0629 \u0627\u0644\u0645\u064f\u0642\u062f\u0651\u0631":"\u062f\u0642\u064a\u0642\u0629 \u0648\u0627\u062d\u062f\u0629"},"schema":{"@context":"https:\/\/schema.org","@graph":[{"@type":"WebPage","@id":"https:\/\/trakesh.com\/notre-boutique\/vlv\/ref-3482001310\/","url":"https:\/\/trakesh.com\/notre-boutique\/vlv\/ref-3482001310\/","name":"R\u00e9f. : 3482001310 - TRAKECH PARTS","isPartOf":{"@id":"https:\/\/trakesh.com\/#website"},"primaryImageOfPage":{"@id":"https:\/\/trakesh.com\/notre-boutique\/vlv\/ref-3482001310\/#primaryimage"},"image":{"@id":"https:\/\/trakesh.com\/notre-boutique\/vlv\/ref-3482001310\/#primaryimage"},"thumbnailUrl":"https:\/\/trakesh.com\/wp-content\/uploads\/2025\/08\/MA-2025-11-04T153515.852.png","datePublished":"2025-08-21T19:27:17+00:00","dateModified":"2025-11-04T14:35:40+00:00","breadcrumb":{"@id":"https:\/\/trakesh.com\/notre-boutique\/vlv\/ref-3482001310\/#breadcrumb"},"inLanguage":"ar","potentialAction":[{"@type":"ReadAction","target":["https:\/\/trakesh.com\/notre-boutique\/vlv\/ref-3482001310\/"]}]},{"@type":"ImageObject","inLanguage":"ar","@id":"https:\/\/trakesh.com\/notre-boutique\/vlv\/ref-3482001310\/#primaryimage","url":"https:\/\/trakesh.com\/wp-content\/uploads\/2025\/08\/MA-2025-11-04T153515.852.png","contentUrl":"https:\/\/trakesh.com\/wp-content\/uploads\/2025\/08\/MA-2025-11-04T153515.852.png","width":800,"height":800},{"@type":"BreadcrumbList","@id":"https:\/\/trakesh.com\/notre-boutique\/vlv\/ref-3482001310\/#breadcrumb","itemListElement":[{"@type":"ListItem","position":1,"name":"Home","item":"https:\/\/trakesh.com\/"},{"@type":"ListItem","position":2,"name":"Notre Boutique","item":"https:\/\/trakesh.com\/notre-boutique\/"},{"@type":"ListItem","position":3,"name":"R\u00e9f. : 3482001310"}]},{"@type":"WebSite","@id":"https:\/\/trakesh.com\/#website","url":"https:\/\/trakesh.com\/","name":"TRAKECH PARTS","description":"Pi\u00e8ces de rechange pour camions MAN, moteurs CATERPILLAR et PERKINS \u2013 Maroc","publisher":{"@id":"https:\/\/trakesh.com\/#organization"},"potentialAction":[{"@type":"SearchAction","target":{"@type":"EntryPoint","urlTemplate":"https:\/\/trakesh.com\/?s={search_term_string}"},"query-input":{"@type":"PropertyValueSpecification","valueRequired":true,"valueName":"search_term_string"}}],"inLanguage":"ar"},{"@type":"Organization","@id":"https:\/\/trakesh.com\/#organization","name":"TRAKECH PARTS","url":"https:\/\/trakesh.com\/","logo":{"@type":"ImageObject","inLanguage":"ar","@id":"https:\/\/trakesh.com\/#\/schema\/logo\/image\/","url":"https:\/\/trakesh.com\/wp-content\/uploads\/2025\/05\/cropped-cropped-cropped-cropped-cropped-cropped-cropped-trakesh-removebg-preview-1.png","contentUrl":"https:\/\/trakesh.com\/wp-content\/uploads\/2025\/05\/cropped-cropped-cropped-cropped-cropped-cropped-cropped-trakesh-removebg-preview-1.png","width":342,"height":96,"caption":"TRAKECH PARTS"},"image":{"@id":"https:\/\/trakesh.com\/#\/schema\/logo\/image\/"},"sameAs":["https:\/\/web.facebook.com\/trakechparts\/?locale=fr_FR","https:\/\/www.instagram.com\/trakech_parts\/"]}]}},"_links":{"self":[{"href":"https:\/\/trakesh.com\/ar\/wp-json\/wp\/v2\/product\/8607","targetHints":{"allow":["GET"]}}],"collection":[{"href":"https:\/\/trakesh.com\/ar\/wp-json\/wp\/v2\/product"}],"about":[{"href":"https:\/\/trakesh.com\/ar\/wp-json\/wp\/v2\/types\/product"}],"replies":[{"embeddable":true,"href":"https:\/\/trakesh.com\/ar\/wp-json\/wp\/v2\/comments?post=8607"}],"wp:featuredmedia":[{"embeddable":true,"href":"https:\/\/trakesh.com\/ar\/wp-json\/wp\/v2\/media\/9519"}],"wp:attachment":[{"href":"https:\/\/trakesh.com\/ar\/wp-json\/wp\/v2\/media?parent=8607"}],"wp:term":[{"taxonomy":"product_brand","embeddable":true,"href":"https:\/\/trakesh.com\/ar\/wp-json\/wp\/v2\/product_brand?post=8607"},{"taxonomy":"product_cat","embeddable":true,"href":"https:\/\/trakesh.com\/ar\/wp-json\/wp\/v2\/product_cat?post=8607"},{"taxonomy":"product_tag","embeddable":true,"href":"https:\/\/trakesh.com\/ar\/wp-json\/wp\/v2\/product_tag?post=8607"}],"curies":[{"name":"wp","href":"https:\/\/api.w.org\/{rel}","templated":true}]}}