{"id":8641,"date":"2025-08-22T23:25:44","date_gmt":"2025-08-22T22:25:44","guid":{"rendered":"https:\/\/trakesh.com\/?post_type=product&#038;p=8641"},"modified":"2025-11-03T17:37:36","modified_gmt":"2025-11-03T16:37:36","slug":"4224258m1","status":"publish","type":"product","link":"https:\/\/trakesh.com\/ar\/notre-boutique\/perkins\/4224258m1\/","title":{"rendered":"R\u00e9f. : 4224258M1"},"content":{"rendered":"<p><strong data-start=\"1063\" data-end=\"1080\">Description :<\/strong><br data-start=\"1080\" data-end=\"1083\" \/><strong>Le joint de plaque PERKINS 4224258M1 assure une \u00e9tanch\u00e9it\u00e9 fiable entre les composants du moteur. Con\u00e7u pour r\u00e9sister aux contraintes thermiques et m\u00e9caniques, il prot\u00e8ge contre les fuites et garantit la durabilit\u00e9 et la performance du moteur. Indispensable pour la maintenance, la r\u00e9paration ou la remise en \u00e9tat des moteurs PERKINS.<\/strong><\/p>","protected":false},"excerpt":{"rendered":"<p><strong data-start=\"82\" data-end=\"111\">Joint de plaque \u2013 PERKINS<\/strong><\/p>\n<p data-start=\"141\" data-end=\"166\"><strong data-start=\"143\" data-end=\"164\">Compatible avec :<\/strong><\/p>\n<ul data-start=\"167\" data-end=\"290\">\n<li data-start=\"167\" data-end=\"290\">\n<p data-start=\"169\" data-end=\"290\">Moteurs <strong data-start=\"177\" data-end=\"188\">PERKINS<\/strong> (applications agricoles, industrielles, BTP et groupes \u00e9lectrog\u00e8nes, selon r\u00e9f\u00e9rence constructeur).<\/p>\n<\/li>\n<\/ul>\n<p data-start=\"292\" data-end=\"311\"><strong data-start=\"295\" data-end=\"309\">Fonction :<\/strong><\/p>\n<ul data-start=\"312\" data-end=\"545\">\n<li data-start=\"312\" data-end=\"411\">\n<p data-start=\"314\" data-end=\"411\">Assurer l\u2019\u00e9tanch\u00e9it\u00e9 entre la plaque moteur et le bloc ou entre diff\u00e9rents composants du moteur<\/p>\n<\/li>\n<li data-start=\"412\" data-end=\"491\">\n<p data-start=\"414\" data-end=\"491\">Pr\u00e9venir les fuites d\u2019huile, de liquide de refroidissement ou de combustion<\/p>\n<\/li>\n<li data-start=\"492\" data-end=\"545\">\n<p data-start=\"494\" data-end=\"545\">Garantir la performance et la fiabilit\u00e9 du moteur<\/p>\n<\/li>\n<\/ul>\n<p data-start=\"547\" data-end=\"573\"><strong data-start=\"549\" data-end=\"571\">Caract\u00e9ristiques :<\/strong><\/p>\n<ul data-start=\"574\" data-end=\"875\">\n<li data-start=\"574\" data-end=\"626\">\n<p data-start=\"576\" data-end=\"626\">Type : <strong data-start=\"583\" data-end=\"624\">Joint de plaque (Plate Gasket \/ Seal)<\/strong><\/p>\n<\/li>\n<li data-start=\"627\" data-end=\"723\">\n<p data-start=\"629\" data-end=\"723\">Mat\u00e9riaux : composites ou m\u00e9talliques haute r\u00e9sistance aux temp\u00e9ratures et pressions \u00e9lev\u00e9es<\/p>\n<\/li>\n<li data-start=\"724\" data-end=\"792\">\n<p data-start=\"726\" data-end=\"792\">Conception robuste et pr\u00e9cise conforme aux standards <strong data-start=\"779\" data-end=\"790\">PERKINS<\/strong><\/p>\n<\/li>\n<li data-start=\"793\" data-end=\"875\">\n<p data-start=\"795\" data-end=\"875\">R\u00e9sistant \u00e0 l\u2019usure et aux contraintes m\u00e9caniques pour une durabilit\u00e9 optimale<\/p>\n<\/li>\n<\/ul>\n<p data-start=\"877\" data-end=\"1058\"><strong data-start=\"880\" data-end=\"898\">Installation :<\/strong><br data-start=\"898\" data-end=\"901\" \/>Montage direct en remplacement de la pi\u00e8ce d\u2019origine. Suivre les instructions constructeur pour garantir une \u00e9tanch\u00e9it\u00e9 parfaite et une fixation s\u00e9curis\u00e9e.<\/p>","protected":false},"featured_media":9504,"comment_status":"open","ping_status":"closed","template":"","meta":[],"product_brand":[282],"product_cat":[283],"product_tag":[],"class_list":{"0":"post-8641","1":"product","2":"type-product","3":"status-publish","4":"has-post-thumbnail","6":"product_brand-perkins","7":"product_cat-perkins","9":"first","10":"instock","11":"shipping-taxable","12":"product-type-simple"},"yoast_head":"<!-- This site is optimized with the Yoast SEO plugin v25.5 - https:\/\/yoast.com\/wordpress\/plugins\/seo\/ -->\n<title>R\u00e9f. : 4224258M1 - TRAKECH PARTS<\/title>\n<meta name=\"robots\" content=\"index, follow, max-snippet:-1, max-image-preview:large, max-video-preview:-1\" \/>\n<link rel=\"canonical\" href=\"https:\/\/trakesh.com\/ar\/notre-boutique\/perkins\/4224258m1\/\" \/>\n<meta property=\"og:locale\" content=\"ar_AR\" \/>\n<meta property=\"og:type\" content=\"article\" \/>\n<meta property=\"og:title\" content=\"R\u00e9f. : 4224258M1 - TRAKECH PARTS\" \/>\n<meta property=\"og:description\" content=\"Joint de plaque \u2013 PERKINS Compatible avec :     Moteurs PERKINS (applications agricoles, industrielles, BTP et groupes \u00e9lectrog\u00e8nes, selon r\u00e9f\u00e9rence constructeur).   Fonction :     Assurer l\u2019\u00e9tanch\u00e9it\u00e9 entre la plaque moteur et le bloc ou entre diff\u00e9rents composants du moteur    Pr\u00e9venir les fuites d\u2019huile, de liquide de refroidissement ou de combustion    Garantir la performance et la fiabilit\u00e9 du moteur   Caract\u00e9ristiques :     Type : Joint de plaque (Plate Gasket \/ Seal)    Mat\u00e9riaux : composites ou m\u00e9talliques haute r\u00e9sistance aux temp\u00e9ratures et pressions \u00e9lev\u00e9es    Conception robuste et pr\u00e9cise conforme aux standards PERKINS    R\u00e9sistant \u00e0 l\u2019usure et aux contraintes m\u00e9caniques pour une durabilit\u00e9 optimale   Installation :Montage direct en remplacement de la pi\u00e8ce d\u2019origine. Suivre les instructions constructeur pour garantir une \u00e9tanch\u00e9it\u00e9 parfaite et une fixation s\u00e9curis\u00e9e.\" \/>\n<meta property=\"og:url\" content=\"https:\/\/trakesh.com\/ar\/notre-boutique\/perkins\/4224258m1\/\" \/>\n<meta property=\"og:site_name\" content=\"TRAKECH PARTS\" \/>\n<meta property=\"article:publisher\" content=\"https:\/\/web.facebook.com\/trakechparts\/?locale=fr_FR\" \/>\n<meta property=\"article:modified_time\" content=\"2025-11-03T16:37:36+00:00\" \/>\n<meta property=\"og:image\" content=\"https:\/\/trakesh.com\/wp-content\/uploads\/2025\/08\/MA-2025-11-03T173717.951.png\" \/>\n\t<meta property=\"og:image:width\" content=\"800\" \/>\n\t<meta property=\"og:image:height\" content=\"800\" \/>\n\t<meta property=\"og:image:type\" content=\"image\/png\" \/>\n<meta name=\"twitter:card\" content=\"summary_large_image\" \/>\n<meta name=\"twitter:label1\" content=\"\u0648\u0642\u062a \u0627\u0644\u0642\u0631\u0627\u0621\u0629 \u0627\u0644\u0645\u064f\u0642\u062f\u0651\u0631\" \/>\n\t<meta name=\"twitter:data1\" content=\"\u062f\u0642\u064a\u0642\u0629 \u0648\u0627\u062d\u062f\u0629\" \/>\n<script type=\"application\/ld+json\" class=\"yoast-schema-graph\">{\"@context\":\"https:\/\/schema.org\",\"@graph\":[{\"@type\":\"WebPage\",\"@id\":\"https:\/\/trakesh.com\/notre-boutique\/perkins\/4224258m1\/\",\"url\":\"https:\/\/trakesh.com\/notre-boutique\/perkins\/4224258m1\/\",\"name\":\"R\u00e9f. : 4224258M1 - TRAKECH PARTS\",\"isPartOf\":{\"@id\":\"https:\/\/trakesh.com\/#website\"},\"primaryImageOfPage\":{\"@id\":\"https:\/\/trakesh.com\/notre-boutique\/perkins\/4224258m1\/#primaryimage\"},\"image\":{\"@id\":\"https:\/\/trakesh.com\/notre-boutique\/perkins\/4224258m1\/#primaryimage\"},\"thumbnailUrl\":\"https:\/\/trakesh.com\/wp-content\/uploads\/2025\/08\/MA-2025-11-03T173717.951.png\",\"datePublished\":\"2025-08-22T22:25:44+00:00\",\"dateModified\":\"2025-11-03T16:37:36+00:00\",\"breadcrumb\":{\"@id\":\"https:\/\/trakesh.com\/notre-boutique\/perkins\/4224258m1\/#breadcrumb\"},\"inLanguage\":\"ar\",\"potentialAction\":[{\"@type\":\"ReadAction\",\"target\":[\"https:\/\/trakesh.com\/notre-boutique\/perkins\/4224258m1\/\"]}]},{\"@type\":\"ImageObject\",\"inLanguage\":\"ar\",\"@id\":\"https:\/\/trakesh.com\/notre-boutique\/perkins\/4224258m1\/#primaryimage\",\"url\":\"https:\/\/trakesh.com\/wp-content\/uploads\/2025\/08\/MA-2025-11-03T173717.951.png\",\"contentUrl\":\"https:\/\/trakesh.com\/wp-content\/uploads\/2025\/08\/MA-2025-11-03T173717.951.png\",\"width\":800,\"height\":800},{\"@type\":\"BreadcrumbList\",\"@id\":\"https:\/\/trakesh.com\/notre-boutique\/perkins\/4224258m1\/#breadcrumb\",\"itemListElement\":[{\"@type\":\"ListItem\",\"position\":1,\"name\":\"Home\",\"item\":\"https:\/\/trakesh.com\/\"},{\"@type\":\"ListItem\",\"position\":2,\"name\":\"Notre Boutique\",\"item\":\"https:\/\/trakesh.com\/notre-boutique\/\"},{\"@type\":\"ListItem\",\"position\":3,\"name\":\"R\u00e9f. : 4224258M1\"}]},{\"@type\":\"WebSite\",\"@id\":\"https:\/\/trakesh.com\/#website\",\"url\":\"https:\/\/trakesh.com\/\",\"name\":\"TRAKECH PARTS\",\"description\":\"Pi\u00e8ces de rechange pour camions MAN, moteurs CATERPILLAR et PERKINS \u2013 Maroc\",\"publisher\":{\"@id\":\"https:\/\/trakesh.com\/#organization\"},\"potentialAction\":[{\"@type\":\"SearchAction\",\"target\":{\"@type\":\"EntryPoint\",\"urlTemplate\":\"https:\/\/trakesh.com\/?s={search_term_string}\"},\"query-input\":{\"@type\":\"PropertyValueSpecification\",\"valueRequired\":true,\"valueName\":\"search_term_string\"}}],\"inLanguage\":\"ar\"},{\"@type\":\"Organization\",\"@id\":\"https:\/\/trakesh.com\/#organization\",\"name\":\"TRAKECH PARTS\",\"url\":\"https:\/\/trakesh.com\/\",\"logo\":{\"@type\":\"ImageObject\",\"inLanguage\":\"ar\",\"@id\":\"https:\/\/trakesh.com\/#\/schema\/logo\/image\/\",\"url\":\"https:\/\/trakesh.com\/wp-content\/uploads\/2025\/05\/cropped-cropped-cropped-cropped-cropped-cropped-cropped-trakesh-removebg-preview-1.png\",\"contentUrl\":\"https:\/\/trakesh.com\/wp-content\/uploads\/2025\/05\/cropped-cropped-cropped-cropped-cropped-cropped-cropped-trakesh-removebg-preview-1.png\",\"width\":342,\"height\":96,\"caption\":\"TRAKECH PARTS\"},\"image\":{\"@id\":\"https:\/\/trakesh.com\/#\/schema\/logo\/image\/\"},\"sameAs\":[\"https:\/\/web.facebook.com\/trakechparts\/?locale=fr_FR\",\"https:\/\/www.instagram.com\/trakech_parts\/\"]}]}<\/script>\n<!-- \/ Yoast SEO plugin. -->","yoast_head_json":{"title":"R\u00e9f. : 4224258M1 - TRAKECH PARTS","robots":{"index":"index","follow":"follow","max-snippet":"max-snippet:-1","max-image-preview":"max-image-preview:large","max-video-preview":"max-video-preview:-1"},"canonical":"https:\/\/trakesh.com\/ar\/notre-boutique\/perkins\/4224258m1\/","og_locale":"ar_AR","og_type":"article","og_title":"R\u00e9f. : 4224258M1 - TRAKECH PARTS","og_description":"Joint de plaque \u2013 PERKINS Compatible avec :     Moteurs PERKINS (applications agricoles, industrielles, BTP et groupes \u00e9lectrog\u00e8nes, selon r\u00e9f\u00e9rence constructeur).   Fonction :     Assurer l\u2019\u00e9tanch\u00e9it\u00e9 entre la plaque moteur et le bloc ou entre diff\u00e9rents composants du moteur    Pr\u00e9venir les fuites d\u2019huile, de liquide de refroidissement ou de combustion    Garantir la performance et la fiabilit\u00e9 du moteur   Caract\u00e9ristiques :     Type : Joint de plaque (Plate Gasket \/ Seal)    Mat\u00e9riaux : composites ou m\u00e9talliques haute r\u00e9sistance aux temp\u00e9ratures et pressions \u00e9lev\u00e9es    Conception robuste et pr\u00e9cise conforme aux standards PERKINS    R\u00e9sistant \u00e0 l\u2019usure et aux contraintes m\u00e9caniques pour une durabilit\u00e9 optimale   Installation :Montage direct en remplacement de la pi\u00e8ce d\u2019origine. Suivre les instructions constructeur pour garantir une \u00e9tanch\u00e9it\u00e9 parfaite et une fixation s\u00e9curis\u00e9e.","og_url":"https:\/\/trakesh.com\/ar\/notre-boutique\/perkins\/4224258m1\/","og_site_name":"TRAKECH PARTS","article_publisher":"https:\/\/web.facebook.com\/trakechparts\/?locale=fr_FR","article_modified_time":"2025-11-03T16:37:36+00:00","og_image":[{"width":800,"height":800,"url":"https:\/\/trakesh.com\/wp-content\/uploads\/2025\/08\/MA-2025-11-03T173717.951.png","type":"image\/png"}],"twitter_card":"summary_large_image","twitter_misc":{"\u0648\u0642\u062a \u0627\u0644\u0642\u0631\u0627\u0621\u0629 \u0627\u0644\u0645\u064f\u0642\u062f\u0651\u0631":"\u062f\u0642\u064a\u0642\u0629 \u0648\u0627\u062d\u062f\u0629"},"schema":{"@context":"https:\/\/schema.org","@graph":[{"@type":"WebPage","@id":"https:\/\/trakesh.com\/notre-boutique\/perkins\/4224258m1\/","url":"https:\/\/trakesh.com\/notre-boutique\/perkins\/4224258m1\/","name":"R\u00e9f. : 4224258M1 - TRAKECH PARTS","isPartOf":{"@id":"https:\/\/trakesh.com\/#website"},"primaryImageOfPage":{"@id":"https:\/\/trakesh.com\/notre-boutique\/perkins\/4224258m1\/#primaryimage"},"image":{"@id":"https:\/\/trakesh.com\/notre-boutique\/perkins\/4224258m1\/#primaryimage"},"thumbnailUrl":"https:\/\/trakesh.com\/wp-content\/uploads\/2025\/08\/MA-2025-11-03T173717.951.png","datePublished":"2025-08-22T22:25:44+00:00","dateModified":"2025-11-03T16:37:36+00:00","breadcrumb":{"@id":"https:\/\/trakesh.com\/notre-boutique\/perkins\/4224258m1\/#breadcrumb"},"inLanguage":"ar","potentialAction":[{"@type":"ReadAction","target":["https:\/\/trakesh.com\/notre-boutique\/perkins\/4224258m1\/"]}]},{"@type":"ImageObject","inLanguage":"ar","@id":"https:\/\/trakesh.com\/notre-boutique\/perkins\/4224258m1\/#primaryimage","url":"https:\/\/trakesh.com\/wp-content\/uploads\/2025\/08\/MA-2025-11-03T173717.951.png","contentUrl":"https:\/\/trakesh.com\/wp-content\/uploads\/2025\/08\/MA-2025-11-03T173717.951.png","width":800,"height":800},{"@type":"BreadcrumbList","@id":"https:\/\/trakesh.com\/notre-boutique\/perkins\/4224258m1\/#breadcrumb","itemListElement":[{"@type":"ListItem","position":1,"name":"Home","item":"https:\/\/trakesh.com\/"},{"@type":"ListItem","position":2,"name":"Notre Boutique","item":"https:\/\/trakesh.com\/notre-boutique\/"},{"@type":"ListItem","position":3,"name":"R\u00e9f. : 4224258M1"}]},{"@type":"WebSite","@id":"https:\/\/trakesh.com\/#website","url":"https:\/\/trakesh.com\/","name":"TRAKECH PARTS","description":"Pi\u00e8ces de rechange pour camions MAN, moteurs CATERPILLAR et PERKINS \u2013 Maroc","publisher":{"@id":"https:\/\/trakesh.com\/#organization"},"potentialAction":[{"@type":"SearchAction","target":{"@type":"EntryPoint","urlTemplate":"https:\/\/trakesh.com\/?s={search_term_string}"},"query-input":{"@type":"PropertyValueSpecification","valueRequired":true,"valueName":"search_term_string"}}],"inLanguage":"ar"},{"@type":"Organization","@id":"https:\/\/trakesh.com\/#organization","name":"TRAKECH PARTS","url":"https:\/\/trakesh.com\/","logo":{"@type":"ImageObject","inLanguage":"ar","@id":"https:\/\/trakesh.com\/#\/schema\/logo\/image\/","url":"https:\/\/trakesh.com\/wp-content\/uploads\/2025\/05\/cropped-cropped-cropped-cropped-cropped-cropped-cropped-trakesh-removebg-preview-1.png","contentUrl":"https:\/\/trakesh.com\/wp-content\/uploads\/2025\/05\/cropped-cropped-cropped-cropped-cropped-cropped-cropped-trakesh-removebg-preview-1.png","width":342,"height":96,"caption":"TRAKECH PARTS"},"image":{"@id":"https:\/\/trakesh.com\/#\/schema\/logo\/image\/"},"sameAs":["https:\/\/web.facebook.com\/trakechparts\/?locale=fr_FR","https:\/\/www.instagram.com\/trakech_parts\/"]}]}},"_links":{"self":[{"href":"https:\/\/trakesh.com\/ar\/wp-json\/wp\/v2\/product\/8641","targetHints":{"allow":["GET"]}}],"collection":[{"href":"https:\/\/trakesh.com\/ar\/wp-json\/wp\/v2\/product"}],"about":[{"href":"https:\/\/trakesh.com\/ar\/wp-json\/wp\/v2\/types\/product"}],"replies":[{"embeddable":true,"href":"https:\/\/trakesh.com\/ar\/wp-json\/wp\/v2\/comments?post=8641"}],"wp:featuredmedia":[{"embeddable":true,"href":"https:\/\/trakesh.com\/ar\/wp-json\/wp\/v2\/media\/9504"}],"wp:attachment":[{"href":"https:\/\/trakesh.com\/ar\/wp-json\/wp\/v2\/media?parent=8641"}],"wp:term":[{"taxonomy":"product_brand","embeddable":true,"href":"https:\/\/trakesh.com\/ar\/wp-json\/wp\/v2\/product_brand?post=8641"},{"taxonomy":"product_cat","embeddable":true,"href":"https:\/\/trakesh.com\/ar\/wp-json\/wp\/v2\/product_cat?post=8641"},{"taxonomy":"product_tag","embeddable":true,"href":"https:\/\/trakesh.com\/ar\/wp-json\/wp\/v2\/product_tag?post=8641"}],"curies":[{"name":"wp","href":"https:\/\/api.w.org\/{rel}","templated":true}]}}