{"id":8655,"date":"2025-08-22T23:40:32","date_gmt":"2025-08-22T22:40:32","guid":{"rendered":"https:\/\/trakesh.com\/?post_type=product&#038;p=8655"},"modified":"2025-11-03T17:26:24","modified_gmt":"2025-11-03T16:26:24","slug":"u5lb1310","status":"publish","type":"product","link":"https:\/\/trakesh.com\/ar\/notre-boutique\/perkins\/u5lb1310\/","title":{"rendered":"R\u00e9f. : U5LB1310"},"content":{"rendered":"<p data-start=\"1220\" data-end=\"1570\"><strong data-start=\"1223\" data-end=\"1240\">Description :<\/strong><br data-start=\"1240\" data-end=\"1243\" \/><strong>La pochette de joints PERKINS U5LB1310 est essentielle pour restaurer la performance et la fiabilit\u00e9 d\u2019un moteur PERKINS. Elle assure une \u00e9tanch\u00e9it\u00e9 parfaite et une protection contre les fuites d\u2019huile et de liquide de refroidissement, garantissant ainsi une dur\u00e9e de vie prolong\u00e9e du moteur et un fonctionnement optimal.<\/strong><\/p>","protected":false},"excerpt":{"rendered":"<p><strong>Pochette de joints moteur \u2013 PERKINS<\/strong><\/p>\n<p data-start=\"141\" data-end=\"166\"><strong data-start=\"143\" data-end=\"164\">Compatible avec :<\/strong><\/p>\n<ul data-start=\"167\" data-end=\"290\">\n<li data-start=\"167\" data-end=\"290\">\n<p data-start=\"169\" data-end=\"290\">Moteurs <strong data-start=\"177\" data-end=\"188\">PERKINS<\/strong> (applications agricoles, industrielles, BTP et groupes \u00e9lectrog\u00e8nes, selon r\u00e9f\u00e9rence constructeur).<\/p>\n<\/li>\n<\/ul>\n<p data-start=\"292\" data-end=\"311\"><strong data-start=\"295\" data-end=\"309\">Fonction :<\/strong><\/p>\n<ul data-start=\"312\" data-end=\"585\">\n<li data-start=\"312\" data-end=\"390\">\n<p data-start=\"314\" data-end=\"390\">Fournir tous les joints n\u00e9cessaires pour la r\u00e9fection compl\u00e8te d\u2019un moteur<\/p>\n<\/li>\n<li data-start=\"391\" data-end=\"499\">\n<p data-start=\"393\" data-end=\"499\">Garantir l\u2019\u00e9tanch\u00e9it\u00e9 entre culasse, bloc moteur, carter, conduits d\u2019huile et liquide de refroidissement<\/p>\n<\/li>\n<li data-start=\"500\" data-end=\"585\">\n<p data-start=\"502\" data-end=\"585\">Assurer la performance et la durabilit\u00e9 du moteur apr\u00e8s maintenance ou r\u00e9paration<\/p>\n<\/li>\n<\/ul>\n<p data-start=\"587\" data-end=\"613\"><strong data-start=\"589\" data-end=\"611\">Caract\u00e9ristiques :<\/strong><\/p>\n<ul data-start=\"614\" data-end=\"1023\">\n<li data-start=\"614\" data-end=\"668\">\n<p data-start=\"616\" data-end=\"668\">Kit complet de joints moteur (<strong data-start=\"646\" data-end=\"665\">Full Gasket Set<\/strong>)<\/p>\n<\/li>\n<li data-start=\"669\" data-end=\"822\">\n<p data-start=\"671\" data-end=\"822\">Contient : joint de culasse, joints de carter, joints d\u2019admission et d\u2019\u00e9chappement, joints toriques, bagues d\u2019\u00e9tanch\u00e9it\u00e9, et autres joints essentiels<\/p>\n<\/li>\n<li data-start=\"823\" data-end=\"933\">\n<p data-start=\"825\" data-end=\"933\">Mat\u00e9riaux haute qualit\u00e9 (composite, m\u00e9tal, caoutchouc) r\u00e9sistants aux contraintes thermiques et m\u00e9caniques<\/p>\n<\/li>\n<li data-start=\"934\" data-end=\"1023\">\n<p data-start=\"936\" data-end=\"1023\">Conception d\u2019origine <strong data-start=\"957\" data-end=\"968\">PERKINS<\/strong> pour un ajustement pr\u00e9cis et une longue dur\u00e9e de vie<\/p>\n<\/li>\n<\/ul>\n<p data-start=\"1025\" data-end=\"1218\"><strong data-start=\"1028\" data-end=\"1046\">Installation :<\/strong><br data-start=\"1046\" data-end=\"1049\" \/>Montage lors d\u2019une r\u00e9vision moteur compl\u00e8te ou d\u2019une r\u00e9paration majeure. Respecter les recommandations et couples de serrage constructeur pour une \u00e9tanch\u00e9it\u00e9 optimale.<\/p>","protected":false},"featured_media":9498,"comment_status":"open","ping_status":"closed","template":"","meta":[],"product_brand":[282],"product_cat":[283],"product_tag":[],"class_list":{"0":"post-8655","1":"product","2":"type-product","3":"status-publish","4":"has-post-thumbnail","6":"product_brand-perkins","7":"product_cat-perkins","9":"first","10":"instock","11":"shipping-taxable","12":"product-type-simple"},"yoast_head":"<!-- This site is optimized with the Yoast SEO plugin v25.5 - https:\/\/yoast.com\/wordpress\/plugins\/seo\/ -->\n<title>R\u00e9f. : U5LB1310 - TRAKECH PARTS<\/title>\n<meta name=\"robots\" content=\"index, follow, max-snippet:-1, max-image-preview:large, max-video-preview:-1\" \/>\n<link rel=\"canonical\" href=\"https:\/\/trakesh.com\/ar\/notre-boutique\/perkins\/u5lb1310\/\" \/>\n<meta property=\"og:locale\" content=\"ar_AR\" \/>\n<meta property=\"og:type\" content=\"article\" \/>\n<meta property=\"og:title\" content=\"R\u00e9f. : U5LB1310 - TRAKECH PARTS\" \/>\n<meta property=\"og:description\" content=\"Pochette de joints moteur \u2013 PERKINS Compatible avec :     Moteurs PERKINS (applications agricoles, industrielles, BTP et groupes \u00e9lectrog\u00e8nes, selon r\u00e9f\u00e9rence constructeur).   Fonction :     Fournir tous les joints n\u00e9cessaires pour la r\u00e9fection compl\u00e8te d\u2019un moteur    Garantir l\u2019\u00e9tanch\u00e9it\u00e9 entre culasse, bloc moteur, carter, conduits d\u2019huile et liquide de refroidissement    Assurer la performance et la durabilit\u00e9 du moteur apr\u00e8s maintenance ou r\u00e9paration   Caract\u00e9ristiques :     Kit complet de joints moteur (Full Gasket Set)    Contient : joint de culasse, joints de carter, joints d\u2019admission et d\u2019\u00e9chappement, joints toriques, bagues d\u2019\u00e9tanch\u00e9it\u00e9, et autres joints essentiels    Mat\u00e9riaux haute qualit\u00e9 (composite, m\u00e9tal, caoutchouc) r\u00e9sistants aux contraintes thermiques et m\u00e9caniques    Conception d\u2019origine PERKINS pour un ajustement pr\u00e9cis et une longue dur\u00e9e de vie   Installation :Montage lors d\u2019une r\u00e9vision moteur compl\u00e8te ou d\u2019une r\u00e9paration majeure. Respecter les recommandations et couples de serrage constructeur pour une \u00e9tanch\u00e9it\u00e9 optimale.\" \/>\n<meta property=\"og:url\" content=\"https:\/\/trakesh.com\/ar\/notre-boutique\/perkins\/u5lb1310\/\" \/>\n<meta property=\"og:site_name\" content=\"TRAKECH PARTS\" \/>\n<meta property=\"article:publisher\" content=\"https:\/\/web.facebook.com\/trakechparts\/?locale=fr_FR\" \/>\n<meta property=\"article:modified_time\" content=\"2025-11-03T16:26:24+00:00\" \/>\n<meta property=\"og:image\" content=\"https:\/\/trakesh.com\/wp-content\/uploads\/2025\/08\/MA-2025-11-03T172607.837.png\" \/>\n\t<meta property=\"og:image:width\" content=\"800\" \/>\n\t<meta property=\"og:image:height\" content=\"800\" \/>\n\t<meta property=\"og:image:type\" content=\"image\/png\" \/>\n<meta name=\"twitter:card\" content=\"summary_large_image\" \/>\n<meta name=\"twitter:label1\" content=\"\u0648\u0642\u062a \u0627\u0644\u0642\u0631\u0627\u0621\u0629 \u0627\u0644\u0645\u064f\u0642\u062f\u0651\u0631\" \/>\n\t<meta name=\"twitter:data1\" content=\"\u062f\u0642\u064a\u0642\u0629 \u0648\u0627\u062d\u062f\u0629\" \/>\n<script type=\"application\/ld+json\" class=\"yoast-schema-graph\">{\"@context\":\"https:\/\/schema.org\",\"@graph\":[{\"@type\":\"WebPage\",\"@id\":\"https:\/\/trakesh.com\/notre-boutique\/perkins\/u5lb1310\/\",\"url\":\"https:\/\/trakesh.com\/notre-boutique\/perkins\/u5lb1310\/\",\"name\":\"R\u00e9f. : U5LB1310 - TRAKECH PARTS\",\"isPartOf\":{\"@id\":\"https:\/\/trakesh.com\/#website\"},\"primaryImageOfPage\":{\"@id\":\"https:\/\/trakesh.com\/notre-boutique\/perkins\/u5lb1310\/#primaryimage\"},\"image\":{\"@id\":\"https:\/\/trakesh.com\/notre-boutique\/perkins\/u5lb1310\/#primaryimage\"},\"thumbnailUrl\":\"https:\/\/trakesh.com\/wp-content\/uploads\/2025\/08\/MA-2025-11-03T172607.837.png\",\"datePublished\":\"2025-08-22T22:40:32+00:00\",\"dateModified\":\"2025-11-03T16:26:24+00:00\",\"breadcrumb\":{\"@id\":\"https:\/\/trakesh.com\/notre-boutique\/perkins\/u5lb1310\/#breadcrumb\"},\"inLanguage\":\"ar\",\"potentialAction\":[{\"@type\":\"ReadAction\",\"target\":[\"https:\/\/trakesh.com\/notre-boutique\/perkins\/u5lb1310\/\"]}]},{\"@type\":\"ImageObject\",\"inLanguage\":\"ar\",\"@id\":\"https:\/\/trakesh.com\/notre-boutique\/perkins\/u5lb1310\/#primaryimage\",\"url\":\"https:\/\/trakesh.com\/wp-content\/uploads\/2025\/08\/MA-2025-11-03T172607.837.png\",\"contentUrl\":\"https:\/\/trakesh.com\/wp-content\/uploads\/2025\/08\/MA-2025-11-03T172607.837.png\",\"width\":800,\"height\":800},{\"@type\":\"BreadcrumbList\",\"@id\":\"https:\/\/trakesh.com\/notre-boutique\/perkins\/u5lb1310\/#breadcrumb\",\"itemListElement\":[{\"@type\":\"ListItem\",\"position\":1,\"name\":\"Home\",\"item\":\"https:\/\/trakesh.com\/\"},{\"@type\":\"ListItem\",\"position\":2,\"name\":\"Notre Boutique\",\"item\":\"https:\/\/trakesh.com\/notre-boutique\/\"},{\"@type\":\"ListItem\",\"position\":3,\"name\":\"R\u00e9f. : U5LB1310\"}]},{\"@type\":\"WebSite\",\"@id\":\"https:\/\/trakesh.com\/#website\",\"url\":\"https:\/\/trakesh.com\/\",\"name\":\"TRAKECH PARTS\",\"description\":\"Pi\u00e8ces de rechange pour camions MAN, moteurs CATERPILLAR et PERKINS \u2013 Maroc\",\"publisher\":{\"@id\":\"https:\/\/trakesh.com\/#organization\"},\"potentialAction\":[{\"@type\":\"SearchAction\",\"target\":{\"@type\":\"EntryPoint\",\"urlTemplate\":\"https:\/\/trakesh.com\/?s={search_term_string}\"},\"query-input\":{\"@type\":\"PropertyValueSpecification\",\"valueRequired\":true,\"valueName\":\"search_term_string\"}}],\"inLanguage\":\"ar\"},{\"@type\":\"Organization\",\"@id\":\"https:\/\/trakesh.com\/#organization\",\"name\":\"TRAKECH PARTS\",\"url\":\"https:\/\/trakesh.com\/\",\"logo\":{\"@type\":\"ImageObject\",\"inLanguage\":\"ar\",\"@id\":\"https:\/\/trakesh.com\/#\/schema\/logo\/image\/\",\"url\":\"https:\/\/trakesh.com\/wp-content\/uploads\/2025\/05\/cropped-cropped-cropped-cropped-cropped-cropped-cropped-trakesh-removebg-preview-1.png\",\"contentUrl\":\"https:\/\/trakesh.com\/wp-content\/uploads\/2025\/05\/cropped-cropped-cropped-cropped-cropped-cropped-cropped-trakesh-removebg-preview-1.png\",\"width\":342,\"height\":96,\"caption\":\"TRAKECH PARTS\"},\"image\":{\"@id\":\"https:\/\/trakesh.com\/#\/schema\/logo\/image\/\"},\"sameAs\":[\"https:\/\/web.facebook.com\/trakechparts\/?locale=fr_FR\",\"https:\/\/www.instagram.com\/trakech_parts\/\"]}]}<\/script>\n<!-- \/ Yoast SEO plugin. -->","yoast_head_json":{"title":"R\u00e9f. : U5LB1310 - TRAKECH PARTS","robots":{"index":"index","follow":"follow","max-snippet":"max-snippet:-1","max-image-preview":"max-image-preview:large","max-video-preview":"max-video-preview:-1"},"canonical":"https:\/\/trakesh.com\/ar\/notre-boutique\/perkins\/u5lb1310\/","og_locale":"ar_AR","og_type":"article","og_title":"R\u00e9f. : U5LB1310 - TRAKECH PARTS","og_description":"Pochette de joints moteur \u2013 PERKINS Compatible avec :     Moteurs PERKINS (applications agricoles, industrielles, BTP et groupes \u00e9lectrog\u00e8nes, selon r\u00e9f\u00e9rence constructeur).   Fonction :     Fournir tous les joints n\u00e9cessaires pour la r\u00e9fection compl\u00e8te d\u2019un moteur    Garantir l\u2019\u00e9tanch\u00e9it\u00e9 entre culasse, bloc moteur, carter, conduits d\u2019huile et liquide de refroidissement    Assurer la performance et la durabilit\u00e9 du moteur apr\u00e8s maintenance ou r\u00e9paration   Caract\u00e9ristiques :     Kit complet de joints moteur (Full Gasket Set)    Contient : joint de culasse, joints de carter, joints d\u2019admission et d\u2019\u00e9chappement, joints toriques, bagues d\u2019\u00e9tanch\u00e9it\u00e9, et autres joints essentiels    Mat\u00e9riaux haute qualit\u00e9 (composite, m\u00e9tal, caoutchouc) r\u00e9sistants aux contraintes thermiques et m\u00e9caniques    Conception d\u2019origine PERKINS pour un ajustement pr\u00e9cis et une longue dur\u00e9e de vie   Installation :Montage lors d\u2019une r\u00e9vision moteur compl\u00e8te ou d\u2019une r\u00e9paration majeure. Respecter les recommandations et couples de serrage constructeur pour une \u00e9tanch\u00e9it\u00e9 optimale.","og_url":"https:\/\/trakesh.com\/ar\/notre-boutique\/perkins\/u5lb1310\/","og_site_name":"TRAKECH PARTS","article_publisher":"https:\/\/web.facebook.com\/trakechparts\/?locale=fr_FR","article_modified_time":"2025-11-03T16:26:24+00:00","og_image":[{"width":800,"height":800,"url":"https:\/\/trakesh.com\/wp-content\/uploads\/2025\/08\/MA-2025-11-03T172607.837.png","type":"image\/png"}],"twitter_card":"summary_large_image","twitter_misc":{"\u0648\u0642\u062a \u0627\u0644\u0642\u0631\u0627\u0621\u0629 \u0627\u0644\u0645\u064f\u0642\u062f\u0651\u0631":"\u062f\u0642\u064a\u0642\u0629 \u0648\u0627\u062d\u062f\u0629"},"schema":{"@context":"https:\/\/schema.org","@graph":[{"@type":"WebPage","@id":"https:\/\/trakesh.com\/notre-boutique\/perkins\/u5lb1310\/","url":"https:\/\/trakesh.com\/notre-boutique\/perkins\/u5lb1310\/","name":"R\u00e9f. : U5LB1310 - TRAKECH PARTS","isPartOf":{"@id":"https:\/\/trakesh.com\/#website"},"primaryImageOfPage":{"@id":"https:\/\/trakesh.com\/notre-boutique\/perkins\/u5lb1310\/#primaryimage"},"image":{"@id":"https:\/\/trakesh.com\/notre-boutique\/perkins\/u5lb1310\/#primaryimage"},"thumbnailUrl":"https:\/\/trakesh.com\/wp-content\/uploads\/2025\/08\/MA-2025-11-03T172607.837.png","datePublished":"2025-08-22T22:40:32+00:00","dateModified":"2025-11-03T16:26:24+00:00","breadcrumb":{"@id":"https:\/\/trakesh.com\/notre-boutique\/perkins\/u5lb1310\/#breadcrumb"},"inLanguage":"ar","potentialAction":[{"@type":"ReadAction","target":["https:\/\/trakesh.com\/notre-boutique\/perkins\/u5lb1310\/"]}]},{"@type":"ImageObject","inLanguage":"ar","@id":"https:\/\/trakesh.com\/notre-boutique\/perkins\/u5lb1310\/#primaryimage","url":"https:\/\/trakesh.com\/wp-content\/uploads\/2025\/08\/MA-2025-11-03T172607.837.png","contentUrl":"https:\/\/trakesh.com\/wp-content\/uploads\/2025\/08\/MA-2025-11-03T172607.837.png","width":800,"height":800},{"@type":"BreadcrumbList","@id":"https:\/\/trakesh.com\/notre-boutique\/perkins\/u5lb1310\/#breadcrumb","itemListElement":[{"@type":"ListItem","position":1,"name":"Home","item":"https:\/\/trakesh.com\/"},{"@type":"ListItem","position":2,"name":"Notre Boutique","item":"https:\/\/trakesh.com\/notre-boutique\/"},{"@type":"ListItem","position":3,"name":"R\u00e9f. : U5LB1310"}]},{"@type":"WebSite","@id":"https:\/\/trakesh.com\/#website","url":"https:\/\/trakesh.com\/","name":"TRAKECH PARTS","description":"Pi\u00e8ces de rechange pour camions MAN, moteurs CATERPILLAR et PERKINS \u2013 Maroc","publisher":{"@id":"https:\/\/trakesh.com\/#organization"},"potentialAction":[{"@type":"SearchAction","target":{"@type":"EntryPoint","urlTemplate":"https:\/\/trakesh.com\/?s={search_term_string}"},"query-input":{"@type":"PropertyValueSpecification","valueRequired":true,"valueName":"search_term_string"}}],"inLanguage":"ar"},{"@type":"Organization","@id":"https:\/\/trakesh.com\/#organization","name":"TRAKECH PARTS","url":"https:\/\/trakesh.com\/","logo":{"@type":"ImageObject","inLanguage":"ar","@id":"https:\/\/trakesh.com\/#\/schema\/logo\/image\/","url":"https:\/\/trakesh.com\/wp-content\/uploads\/2025\/05\/cropped-cropped-cropped-cropped-cropped-cropped-cropped-trakesh-removebg-preview-1.png","contentUrl":"https:\/\/trakesh.com\/wp-content\/uploads\/2025\/05\/cropped-cropped-cropped-cropped-cropped-cropped-cropped-trakesh-removebg-preview-1.png","width":342,"height":96,"caption":"TRAKECH PARTS"},"image":{"@id":"https:\/\/trakesh.com\/#\/schema\/logo\/image\/"},"sameAs":["https:\/\/web.facebook.com\/trakechparts\/?locale=fr_FR","https:\/\/www.instagram.com\/trakech_parts\/"]}]}},"_links":{"self":[{"href":"https:\/\/trakesh.com\/ar\/wp-json\/wp\/v2\/product\/8655","targetHints":{"allow":["GET"]}}],"collection":[{"href":"https:\/\/trakesh.com\/ar\/wp-json\/wp\/v2\/product"}],"about":[{"href":"https:\/\/trakesh.com\/ar\/wp-json\/wp\/v2\/types\/product"}],"replies":[{"embeddable":true,"href":"https:\/\/trakesh.com\/ar\/wp-json\/wp\/v2\/comments?post=8655"}],"wp:featuredmedia":[{"embeddable":true,"href":"https:\/\/trakesh.com\/ar\/wp-json\/wp\/v2\/media\/9498"}],"wp:attachment":[{"href":"https:\/\/trakesh.com\/ar\/wp-json\/wp\/v2\/media?parent=8655"}],"wp:term":[{"taxonomy":"product_brand","embeddable":true,"href":"https:\/\/trakesh.com\/ar\/wp-json\/wp\/v2\/product_brand?post=8655"},{"taxonomy":"product_cat","embeddable":true,"href":"https:\/\/trakesh.com\/ar\/wp-json\/wp\/v2\/product_cat?post=8655"},{"taxonomy":"product_tag","embeddable":true,"href":"https:\/\/trakesh.com\/ar\/wp-json\/wp\/v2\/product_tag?post=8655"}],"curies":[{"name":"wp","href":"https:\/\/api.w.org\/{rel}","templated":true}]}}