{"id":8657,"date":"2025-08-22T23:42:40","date_gmt":"2025-08-22T22:42:40","guid":{"rendered":"https:\/\/trakesh.com\/?post_type=product&#038;p=8657"},"modified":"2025-11-03T17:24:57","modified_gmt":"2025-11-03T16:24:57","slug":"u5lb0016","status":"publish","type":"product","link":"https:\/\/trakesh.com\/ar\/notre-boutique\/perkins\/u5lb0016\/","title":{"rendered":"R\u00e9f. : U5LB0016"},"content":{"rendered":"<p data-start=\"1239\" data-end=\"1606\"><strong data-start=\"1242\" data-end=\"1259\">Description :<\/strong><br data-start=\"1259\" data-end=\"1262\" \/><strong>La pochette de joints PERKINS U5LB0016 est indispensable pour toute remise en \u00e9tat moteur. Con\u00e7ue avec des mat\u00e9riaux robustes et pr\u00e9cis, elle garantit une \u00e9tanch\u00e9it\u00e9 parfaite et une fiabilit\u00e9 durable. C\u2019est la solution id\u00e9ale pour restaurer les performances d\u2019origine de votre moteur PERKINS apr\u00e8s une usure ou une d\u00e9faillance des joints.<\/strong><\/p>","protected":false},"excerpt":{"rendered":"<p><strong>Pochette de joints moteur \u2013 PERKINS<\/strong><\/p>\n<p data-start=\"141\" data-end=\"166\"><strong data-start=\"143\" data-end=\"164\">Compatible avec :<\/strong><\/p>\n<ul data-start=\"167\" data-end=\"303\">\n<li data-start=\"167\" data-end=\"303\">\n<p data-start=\"169\" data-end=\"303\">Moteurs <strong data-start=\"177\" data-end=\"188\">PERKINS<\/strong> (applications agricoles, industrielles, BTP, groupes \u00e9lectrog\u00e8nes \u2013 selon mod\u00e8les indiqu\u00e9s par le constructeur).<\/p>\n<\/li>\n<\/ul>\n<p data-start=\"305\" data-end=\"324\"><strong data-start=\"308\" data-end=\"322\">Fonction :<\/strong><\/p>\n<ul data-start=\"325\" data-end=\"615\">\n<li data-start=\"325\" data-end=\"400\">\n<p data-start=\"327\" data-end=\"400\">Regrouper tous les joints n\u00e9cessaires \u00e0 la r\u00e9fection compl\u00e8te du moteur<\/p>\n<\/li>\n<li data-start=\"401\" data-end=\"546\">\n<p data-start=\"403\" data-end=\"546\">Assurer l\u2019\u00e9tanch\u00e9it\u00e9 parfaite entre les diff\u00e9rentes parties (culasse, bloc moteur, carter, conduits d\u2019huile et de liquide de refroidissement)<\/p>\n<\/li>\n<li data-start=\"547\" data-end=\"615\">\n<p data-start=\"549\" data-end=\"615\">Garantir la performance et la fiabilit\u00e9 du moteur apr\u00e8s r\u00e9vision<\/p>\n<\/li>\n<\/ul>\n<p data-start=\"617\" data-end=\"643\"><strong data-start=\"619\" data-end=\"641\">Caract\u00e9ristiques :<\/strong><\/p>\n<ul data-start=\"644\" data-end=\"1019\">\n<li data-start=\"644\" data-end=\"698\">\n<p data-start=\"646\" data-end=\"698\">Kit complet de joints moteur (<strong data-start=\"676\" data-end=\"695\">Full Gasket Set<\/strong>)<\/p>\n<\/li>\n<li data-start=\"699\" data-end=\"822\">\n<p data-start=\"701\" data-end=\"822\">Inclut : joint de culasse, joints de carter, joints d\u2019admission et d\u2019\u00e9chappement, joints toriques, bagues d\u2019\u00e9tanch\u00e9it\u00e9\u2026<\/p>\n<\/li>\n<li data-start=\"823\" data-end=\"933\">\n<p data-start=\"825\" data-end=\"933\">Mat\u00e9riaux haute r\u00e9sistance (composite, m\u00e9tal, caoutchouc) adapt\u00e9s aux contraintes thermiques et m\u00e9caniques<\/p>\n<\/li>\n<li data-start=\"934\" data-end=\"1019\">\n<p data-start=\"936\" data-end=\"1019\">Pi\u00e8ce d\u2019origine <strong data-start=\"952\" data-end=\"963\">PERKINS<\/strong> pour un ajustement parfait et une durabilit\u00e9 optimale<\/p>\n<\/li>\n<\/ul>\n<p data-start=\"1021\" data-end=\"1237\"><strong data-start=\"1024\" data-end=\"1042\">Installation :<\/strong><br data-start=\"1042\" data-end=\"1045\" \/>Utilisation lors d\u2019une r\u00e9vision moteur compl\u00e8te ou d\u2019une r\u00e9paration lourde. Suivre les recommandations de montage et les couples de serrage constructeur pour assurer une \u00e9tanch\u00e9it\u00e9 optimale.<\/p>","protected":false},"featured_media":9497,"comment_status":"open","ping_status":"closed","template":"","meta":[],"product_brand":[282],"product_cat":[283],"product_tag":[],"class_list":{"0":"post-8657","1":"product","2":"type-product","3":"status-publish","4":"has-post-thumbnail","6":"product_brand-perkins","7":"product_cat-perkins","9":"first","10":"instock","11":"shipping-taxable","12":"product-type-simple"},"yoast_head":"<!-- This site is optimized with the Yoast SEO plugin v25.5 - https:\/\/yoast.com\/wordpress\/plugins\/seo\/ -->\n<title>R\u00e9f. : U5LB0016 - TRAKECH PARTS<\/title>\n<meta name=\"robots\" content=\"index, follow, max-snippet:-1, max-image-preview:large, max-video-preview:-1\" \/>\n<link rel=\"canonical\" href=\"https:\/\/trakesh.com\/ar\/notre-boutique\/perkins\/u5lb0016\/\" \/>\n<meta property=\"og:locale\" content=\"ar_AR\" \/>\n<meta property=\"og:type\" content=\"article\" \/>\n<meta property=\"og:title\" content=\"R\u00e9f. : U5LB0016 - TRAKECH PARTS\" \/>\n<meta property=\"og:description\" content=\"Pochette de joints moteur \u2013 PERKINS Compatible avec :     Moteurs PERKINS (applications agricoles, industrielles, BTP, groupes \u00e9lectrog\u00e8nes \u2013 selon mod\u00e8les indiqu\u00e9s par le constructeur).   Fonction :     Regrouper tous les joints n\u00e9cessaires \u00e0 la r\u00e9fection compl\u00e8te du moteur    Assurer l\u2019\u00e9tanch\u00e9it\u00e9 parfaite entre les diff\u00e9rentes parties (culasse, bloc moteur, carter, conduits d\u2019huile et de liquide de refroidissement)    Garantir la performance et la fiabilit\u00e9 du moteur apr\u00e8s r\u00e9vision   Caract\u00e9ristiques :     Kit complet de joints moteur (Full Gasket Set)    Inclut : joint de culasse, joints de carter, joints d\u2019admission et d\u2019\u00e9chappement, joints toriques, bagues d\u2019\u00e9tanch\u00e9it\u00e9\u2026    Mat\u00e9riaux haute r\u00e9sistance (composite, m\u00e9tal, caoutchouc) adapt\u00e9s aux contraintes thermiques et m\u00e9caniques    Pi\u00e8ce d\u2019origine PERKINS pour un ajustement parfait et une durabilit\u00e9 optimale   Installation :Utilisation lors d\u2019une r\u00e9vision moteur compl\u00e8te ou d\u2019une r\u00e9paration lourde. Suivre les recommandations de montage et les couples de serrage constructeur pour assurer une \u00e9tanch\u00e9it\u00e9 optimale.\" \/>\n<meta property=\"og:url\" content=\"https:\/\/trakesh.com\/ar\/notre-boutique\/perkins\/u5lb0016\/\" \/>\n<meta property=\"og:site_name\" content=\"TRAKECH PARTS\" \/>\n<meta property=\"article:publisher\" content=\"https:\/\/web.facebook.com\/trakechparts\/?locale=fr_FR\" \/>\n<meta property=\"article:modified_time\" content=\"2025-11-03T16:24:57+00:00\" \/>\n<meta property=\"og:image\" content=\"https:\/\/trakesh.com\/wp-content\/uploads\/2025\/08\/MA-2025-11-03T172439.205.png\" \/>\n\t<meta property=\"og:image:width\" content=\"800\" \/>\n\t<meta property=\"og:image:height\" content=\"800\" \/>\n\t<meta property=\"og:image:type\" content=\"image\/png\" \/>\n<meta name=\"twitter:card\" content=\"summary_large_image\" \/>\n<meta name=\"twitter:label1\" content=\"\u0648\u0642\u062a \u0627\u0644\u0642\u0631\u0627\u0621\u0629 \u0627\u0644\u0645\u064f\u0642\u062f\u0651\u0631\" \/>\n\t<meta name=\"twitter:data1\" content=\"\u062f\u0642\u064a\u0642\u0629 \u0648\u0627\u062d\u062f\u0629\" \/>\n<script type=\"application\/ld+json\" class=\"yoast-schema-graph\">{\"@context\":\"https:\/\/schema.org\",\"@graph\":[{\"@type\":\"WebPage\",\"@id\":\"https:\/\/trakesh.com\/notre-boutique\/perkins\/u5lb0016\/\",\"url\":\"https:\/\/trakesh.com\/notre-boutique\/perkins\/u5lb0016\/\",\"name\":\"R\u00e9f. : U5LB0016 - TRAKECH PARTS\",\"isPartOf\":{\"@id\":\"https:\/\/trakesh.com\/#website\"},\"primaryImageOfPage\":{\"@id\":\"https:\/\/trakesh.com\/notre-boutique\/perkins\/u5lb0016\/#primaryimage\"},\"image\":{\"@id\":\"https:\/\/trakesh.com\/notre-boutique\/perkins\/u5lb0016\/#primaryimage\"},\"thumbnailUrl\":\"https:\/\/trakesh.com\/wp-content\/uploads\/2025\/08\/MA-2025-11-03T172439.205.png\",\"datePublished\":\"2025-08-22T22:42:40+00:00\",\"dateModified\":\"2025-11-03T16:24:57+00:00\",\"breadcrumb\":{\"@id\":\"https:\/\/trakesh.com\/notre-boutique\/perkins\/u5lb0016\/#breadcrumb\"},\"inLanguage\":\"ar\",\"potentialAction\":[{\"@type\":\"ReadAction\",\"target\":[\"https:\/\/trakesh.com\/notre-boutique\/perkins\/u5lb0016\/\"]}]},{\"@type\":\"ImageObject\",\"inLanguage\":\"ar\",\"@id\":\"https:\/\/trakesh.com\/notre-boutique\/perkins\/u5lb0016\/#primaryimage\",\"url\":\"https:\/\/trakesh.com\/wp-content\/uploads\/2025\/08\/MA-2025-11-03T172439.205.png\",\"contentUrl\":\"https:\/\/trakesh.com\/wp-content\/uploads\/2025\/08\/MA-2025-11-03T172439.205.png\",\"width\":800,\"height\":800},{\"@type\":\"BreadcrumbList\",\"@id\":\"https:\/\/trakesh.com\/notre-boutique\/perkins\/u5lb0016\/#breadcrumb\",\"itemListElement\":[{\"@type\":\"ListItem\",\"position\":1,\"name\":\"Home\",\"item\":\"https:\/\/trakesh.com\/\"},{\"@type\":\"ListItem\",\"position\":2,\"name\":\"Notre Boutique\",\"item\":\"https:\/\/trakesh.com\/notre-boutique\/\"},{\"@type\":\"ListItem\",\"position\":3,\"name\":\"R\u00e9f. : U5LB0016\"}]},{\"@type\":\"WebSite\",\"@id\":\"https:\/\/trakesh.com\/#website\",\"url\":\"https:\/\/trakesh.com\/\",\"name\":\"TRAKECH PARTS\",\"description\":\"Pi\u00e8ces de rechange pour camions MAN, moteurs CATERPILLAR et PERKINS \u2013 Maroc\",\"publisher\":{\"@id\":\"https:\/\/trakesh.com\/#organization\"},\"potentialAction\":[{\"@type\":\"SearchAction\",\"target\":{\"@type\":\"EntryPoint\",\"urlTemplate\":\"https:\/\/trakesh.com\/?s={search_term_string}\"},\"query-input\":{\"@type\":\"PropertyValueSpecification\",\"valueRequired\":true,\"valueName\":\"search_term_string\"}}],\"inLanguage\":\"ar\"},{\"@type\":\"Organization\",\"@id\":\"https:\/\/trakesh.com\/#organization\",\"name\":\"TRAKECH PARTS\",\"url\":\"https:\/\/trakesh.com\/\",\"logo\":{\"@type\":\"ImageObject\",\"inLanguage\":\"ar\",\"@id\":\"https:\/\/trakesh.com\/#\/schema\/logo\/image\/\",\"url\":\"https:\/\/trakesh.com\/wp-content\/uploads\/2025\/05\/cropped-cropped-cropped-cropped-cropped-cropped-cropped-trakesh-removebg-preview-1.png\",\"contentUrl\":\"https:\/\/trakesh.com\/wp-content\/uploads\/2025\/05\/cropped-cropped-cropped-cropped-cropped-cropped-cropped-trakesh-removebg-preview-1.png\",\"width\":342,\"height\":96,\"caption\":\"TRAKECH PARTS\"},\"image\":{\"@id\":\"https:\/\/trakesh.com\/#\/schema\/logo\/image\/\"},\"sameAs\":[\"https:\/\/web.facebook.com\/trakechparts\/?locale=fr_FR\",\"https:\/\/www.instagram.com\/trakech_parts\/\"]}]}<\/script>\n<!-- \/ Yoast SEO plugin. -->","yoast_head_json":{"title":"R\u00e9f. : U5LB0016 - TRAKECH PARTS","robots":{"index":"index","follow":"follow","max-snippet":"max-snippet:-1","max-image-preview":"max-image-preview:large","max-video-preview":"max-video-preview:-1"},"canonical":"https:\/\/trakesh.com\/ar\/notre-boutique\/perkins\/u5lb0016\/","og_locale":"ar_AR","og_type":"article","og_title":"R\u00e9f. : U5LB0016 - TRAKECH PARTS","og_description":"Pochette de joints moteur \u2013 PERKINS Compatible avec :     Moteurs PERKINS (applications agricoles, industrielles, BTP, groupes \u00e9lectrog\u00e8nes \u2013 selon mod\u00e8les indiqu\u00e9s par le constructeur).   Fonction :     Regrouper tous les joints n\u00e9cessaires \u00e0 la r\u00e9fection compl\u00e8te du moteur    Assurer l\u2019\u00e9tanch\u00e9it\u00e9 parfaite entre les diff\u00e9rentes parties (culasse, bloc moteur, carter, conduits d\u2019huile et de liquide de refroidissement)    Garantir la performance et la fiabilit\u00e9 du moteur apr\u00e8s r\u00e9vision   Caract\u00e9ristiques :     Kit complet de joints moteur (Full Gasket Set)    Inclut : joint de culasse, joints de carter, joints d\u2019admission et d\u2019\u00e9chappement, joints toriques, bagues d\u2019\u00e9tanch\u00e9it\u00e9\u2026    Mat\u00e9riaux haute r\u00e9sistance (composite, m\u00e9tal, caoutchouc) adapt\u00e9s aux contraintes thermiques et m\u00e9caniques    Pi\u00e8ce d\u2019origine PERKINS pour un ajustement parfait et une durabilit\u00e9 optimale   Installation :Utilisation lors d\u2019une r\u00e9vision moteur compl\u00e8te ou d\u2019une r\u00e9paration lourde. Suivre les recommandations de montage et les couples de serrage constructeur pour assurer une \u00e9tanch\u00e9it\u00e9 optimale.","og_url":"https:\/\/trakesh.com\/ar\/notre-boutique\/perkins\/u5lb0016\/","og_site_name":"TRAKECH PARTS","article_publisher":"https:\/\/web.facebook.com\/trakechparts\/?locale=fr_FR","article_modified_time":"2025-11-03T16:24:57+00:00","og_image":[{"width":800,"height":800,"url":"https:\/\/trakesh.com\/wp-content\/uploads\/2025\/08\/MA-2025-11-03T172439.205.png","type":"image\/png"}],"twitter_card":"summary_large_image","twitter_misc":{"\u0648\u0642\u062a \u0627\u0644\u0642\u0631\u0627\u0621\u0629 \u0627\u0644\u0645\u064f\u0642\u062f\u0651\u0631":"\u062f\u0642\u064a\u0642\u0629 \u0648\u0627\u062d\u062f\u0629"},"schema":{"@context":"https:\/\/schema.org","@graph":[{"@type":"WebPage","@id":"https:\/\/trakesh.com\/notre-boutique\/perkins\/u5lb0016\/","url":"https:\/\/trakesh.com\/notre-boutique\/perkins\/u5lb0016\/","name":"R\u00e9f. : U5LB0016 - TRAKECH PARTS","isPartOf":{"@id":"https:\/\/trakesh.com\/#website"},"primaryImageOfPage":{"@id":"https:\/\/trakesh.com\/notre-boutique\/perkins\/u5lb0016\/#primaryimage"},"image":{"@id":"https:\/\/trakesh.com\/notre-boutique\/perkins\/u5lb0016\/#primaryimage"},"thumbnailUrl":"https:\/\/trakesh.com\/wp-content\/uploads\/2025\/08\/MA-2025-11-03T172439.205.png","datePublished":"2025-08-22T22:42:40+00:00","dateModified":"2025-11-03T16:24:57+00:00","breadcrumb":{"@id":"https:\/\/trakesh.com\/notre-boutique\/perkins\/u5lb0016\/#breadcrumb"},"inLanguage":"ar","potentialAction":[{"@type":"ReadAction","target":["https:\/\/trakesh.com\/notre-boutique\/perkins\/u5lb0016\/"]}]},{"@type":"ImageObject","inLanguage":"ar","@id":"https:\/\/trakesh.com\/notre-boutique\/perkins\/u5lb0016\/#primaryimage","url":"https:\/\/trakesh.com\/wp-content\/uploads\/2025\/08\/MA-2025-11-03T172439.205.png","contentUrl":"https:\/\/trakesh.com\/wp-content\/uploads\/2025\/08\/MA-2025-11-03T172439.205.png","width":800,"height":800},{"@type":"BreadcrumbList","@id":"https:\/\/trakesh.com\/notre-boutique\/perkins\/u5lb0016\/#breadcrumb","itemListElement":[{"@type":"ListItem","position":1,"name":"Home","item":"https:\/\/trakesh.com\/"},{"@type":"ListItem","position":2,"name":"Notre Boutique","item":"https:\/\/trakesh.com\/notre-boutique\/"},{"@type":"ListItem","position":3,"name":"R\u00e9f. : U5LB0016"}]},{"@type":"WebSite","@id":"https:\/\/trakesh.com\/#website","url":"https:\/\/trakesh.com\/","name":"TRAKECH PARTS","description":"Pi\u00e8ces de rechange pour camions MAN, moteurs CATERPILLAR et PERKINS \u2013 Maroc","publisher":{"@id":"https:\/\/trakesh.com\/#organization"},"potentialAction":[{"@type":"SearchAction","target":{"@type":"EntryPoint","urlTemplate":"https:\/\/trakesh.com\/?s={search_term_string}"},"query-input":{"@type":"PropertyValueSpecification","valueRequired":true,"valueName":"search_term_string"}}],"inLanguage":"ar"},{"@type":"Organization","@id":"https:\/\/trakesh.com\/#organization","name":"TRAKECH PARTS","url":"https:\/\/trakesh.com\/","logo":{"@type":"ImageObject","inLanguage":"ar","@id":"https:\/\/trakesh.com\/#\/schema\/logo\/image\/","url":"https:\/\/trakesh.com\/wp-content\/uploads\/2025\/05\/cropped-cropped-cropped-cropped-cropped-cropped-cropped-trakesh-removebg-preview-1.png","contentUrl":"https:\/\/trakesh.com\/wp-content\/uploads\/2025\/05\/cropped-cropped-cropped-cropped-cropped-cropped-cropped-trakesh-removebg-preview-1.png","width":342,"height":96,"caption":"TRAKECH PARTS"},"image":{"@id":"https:\/\/trakesh.com\/#\/schema\/logo\/image\/"},"sameAs":["https:\/\/web.facebook.com\/trakechparts\/?locale=fr_FR","https:\/\/www.instagram.com\/trakech_parts\/"]}]}},"_links":{"self":[{"href":"https:\/\/trakesh.com\/ar\/wp-json\/wp\/v2\/product\/8657","targetHints":{"allow":["GET"]}}],"collection":[{"href":"https:\/\/trakesh.com\/ar\/wp-json\/wp\/v2\/product"}],"about":[{"href":"https:\/\/trakesh.com\/ar\/wp-json\/wp\/v2\/types\/product"}],"replies":[{"embeddable":true,"href":"https:\/\/trakesh.com\/ar\/wp-json\/wp\/v2\/comments?post=8657"}],"wp:featuredmedia":[{"embeddable":true,"href":"https:\/\/trakesh.com\/ar\/wp-json\/wp\/v2\/media\/9497"}],"wp:attachment":[{"href":"https:\/\/trakesh.com\/ar\/wp-json\/wp\/v2\/media?parent=8657"}],"wp:term":[{"taxonomy":"product_brand","embeddable":true,"href":"https:\/\/trakesh.com\/ar\/wp-json\/wp\/v2\/product_brand?post=8657"},{"taxonomy":"product_cat","embeddable":true,"href":"https:\/\/trakesh.com\/ar\/wp-json\/wp\/v2\/product_cat?post=8657"},{"taxonomy":"product_tag","embeddable":true,"href":"https:\/\/trakesh.com\/ar\/wp-json\/wp\/v2\/product_tag?post=8657"}],"curies":[{"name":"wp","href":"https:\/\/api.w.org\/{rel}","templated":true}]}}