{"id":8659,"date":"2025-08-22T23:44:35","date_gmt":"2025-08-22T22:44:35","guid":{"rendered":"https:\/\/trakesh.com\/?post_type=product&#038;p=8659"},"modified":"2025-11-03T17:23:02","modified_gmt":"2025-11-03T16:23:02","slug":"2418f701","status":"publish","type":"product","link":"https:\/\/trakesh.com\/ar\/notre-boutique\/perkins\/2418f701\/","title":{"rendered":"R\u00e9f. : 2418F701"},"content":{"rendered":"<p><strong data-start=\"1049\" data-end=\"1066\">Description :<\/strong><br data-start=\"1066\" data-end=\"1069\" \/><strong>L\u2019arr\u00eat d\u2019huile PERKINS 2418F701 est une pi\u00e8ce cl\u00e9 du syst\u00e8me de lubrification. Con\u00e7u pour r\u00e9sister aux contraintes m\u00e9caniques et thermiques, il assure le maintien de la pression d\u2019huile et la protection du moteur contre les risques de d\u00e9faillance li\u00e9s \u00e0 une mauvaise circulation de l\u2019huile. Indispensable lors des op\u00e9rations de maintenance et de r\u00e9paration pour garantir performance, fiabilit\u00e9 et long\u00e9vit\u00e9 du moteur PERKINS.<\/strong><\/p>","protected":false},"excerpt":{"rendered":"<p><strong>Arr\u00eat d\u2019huile \u2013 PERKINS<\/strong><\/p>\n<p data-start=\"129\" data-end=\"154\"><strong data-start=\"131\" data-end=\"152\">Compatible avec :<\/strong><\/p>\n<ul data-start=\"155\" data-end=\"315\">\n<li data-start=\"155\" data-end=\"315\">\n<p data-start=\"157\" data-end=\"315\">Moteurs <strong data-start=\"165\" data-end=\"176\">PERKINS<\/strong> (applications industrielles, agricoles, BTP et groupes \u00e9lectrog\u00e8nes \u2013 v\u00e9rifier la correspondance exacte avec le num\u00e9ro de s\u00e9rie moteur).<\/p>\n<\/li>\n<\/ul>\n<p data-start=\"317\" data-end=\"336\"><strong data-start=\"320\" data-end=\"334\">Fonction :<\/strong><\/p>\n<ul data-start=\"337\" data-end=\"610\">\n<li data-start=\"337\" data-end=\"408\">\n<p data-start=\"339\" data-end=\"408\">R\u00e9guler et bloquer le flux d\u2019huile dans certaines parties du moteur<\/p>\n<\/li>\n<li data-start=\"409\" data-end=\"483\">\n<p data-start=\"411\" data-end=\"483\">Maintenir une pression d\u2019huile stable dans le circuit de lubrification<\/p>\n<\/li>\n<li data-start=\"484\" data-end=\"610\">\n<p data-start=\"486\" data-end=\"610\">Prot\u00e9ger les organes internes (pistons, segments, vilebrequin, arbre \u00e0 cames, etc.) en assurant une lubrification optimale<\/p>\n<\/li>\n<\/ul>\n<p data-start=\"612\" data-end=\"638\"><strong data-start=\"614\" data-end=\"636\">Caract\u00e9ristiques :<\/strong><\/p>\n<ul data-start=\"639\" data-end=\"864\">\n<li data-start=\"639\" data-end=\"699\">\n<p data-start=\"641\" data-end=\"699\">Type : <strong data-start=\"648\" data-end=\"697\">Valve \/ clapet arr\u00eat d\u2019huile (Oil Stop Valve)<\/strong><\/p>\n<\/li>\n<li data-start=\"700\" data-end=\"766\">\n<p data-start=\"702\" data-end=\"766\">Mat\u00e9riaux r\u00e9sistants \u00e0 la pression et aux temp\u00e9ratures \u00e9lev\u00e9es<\/p>\n<\/li>\n<li data-start=\"767\" data-end=\"820\">\n<p data-start=\"769\" data-end=\"820\">Conception robuste assurant une grande durabilit\u00e9<\/p>\n<\/li>\n<li data-start=\"821\" data-end=\"864\">\n<p data-start=\"823\" data-end=\"864\">Conforme aux sp\u00e9cifications <strong data-start=\"851\" data-end=\"862\">PERKINS<\/strong><\/p>\n<\/li>\n<\/ul>\n<p data-start=\"866\" data-end=\"1044\"><strong data-start=\"869\" data-end=\"887\">Installation :<\/strong><br data-start=\"887\" data-end=\"890\" \/>Montage direct en remplacement de la pi\u00e8ce d\u2019origine \u2013 suivre les pr\u00e9conisations constructeur pour garantir une \u00e9tanch\u00e9it\u00e9 et un fonctionnement optimal.<\/p>","protected":false},"featured_media":9493,"comment_status":"open","ping_status":"closed","template":"","meta":[],"product_brand":[282],"product_cat":[283],"product_tag":[],"class_list":{"0":"post-8659","1":"product","2":"type-product","3":"status-publish","4":"has-post-thumbnail","6":"product_brand-perkins","7":"product_cat-perkins","9":"first","10":"instock","11":"shipping-taxable","12":"product-type-simple"},"yoast_head":"<!-- This site is optimized with the Yoast SEO plugin v25.5 - https:\/\/yoast.com\/wordpress\/plugins\/seo\/ -->\n<title>R\u00e9f. : 2418F701 - TRAKECH PARTS<\/title>\n<meta name=\"robots\" content=\"index, follow, max-snippet:-1, max-image-preview:large, max-video-preview:-1\" \/>\n<link rel=\"canonical\" href=\"https:\/\/trakesh.com\/ar\/notre-boutique\/perkins\/2418f701\/\" \/>\n<meta property=\"og:locale\" content=\"ar_AR\" \/>\n<meta property=\"og:type\" content=\"article\" \/>\n<meta property=\"og:title\" content=\"R\u00e9f. : 2418F701 - TRAKECH PARTS\" \/>\n<meta property=\"og:description\" content=\"Arr\u00eat d\u2019huile \u2013 PERKINS Compatible avec :     Moteurs PERKINS (applications industrielles, agricoles, BTP et groupes \u00e9lectrog\u00e8nes \u2013 v\u00e9rifier la correspondance exacte avec le num\u00e9ro de s\u00e9rie moteur).   Fonction :     R\u00e9guler et bloquer le flux d\u2019huile dans certaines parties du moteur    Maintenir une pression d\u2019huile stable dans le circuit de lubrification    Prot\u00e9ger les organes internes (pistons, segments, vilebrequin, arbre \u00e0 cames, etc.) en assurant une lubrification optimale   Caract\u00e9ristiques :     Type : Valve \/ clapet arr\u00eat d\u2019huile (Oil Stop Valve)    Mat\u00e9riaux r\u00e9sistants \u00e0 la pression et aux temp\u00e9ratures \u00e9lev\u00e9es    Conception robuste assurant une grande durabilit\u00e9    Conforme aux sp\u00e9cifications PERKINS   Installation :Montage direct en remplacement de la pi\u00e8ce d\u2019origine \u2013 suivre les pr\u00e9conisations constructeur pour garantir une \u00e9tanch\u00e9it\u00e9 et un fonctionnement optimal.\" \/>\n<meta property=\"og:url\" content=\"https:\/\/trakesh.com\/ar\/notre-boutique\/perkins\/2418f701\/\" \/>\n<meta property=\"og:site_name\" content=\"TRAKECH PARTS\" \/>\n<meta property=\"article:publisher\" content=\"https:\/\/web.facebook.com\/trakechparts\/?locale=fr_FR\" \/>\n<meta property=\"article:modified_time\" content=\"2025-11-03T16:23:02+00:00\" \/>\n<meta property=\"og:image\" content=\"https:\/\/trakesh.com\/wp-content\/uploads\/2025\/08\/MA-2025-11-03T171336.749.png\" \/>\n\t<meta property=\"og:image:width\" content=\"800\" \/>\n\t<meta property=\"og:image:height\" content=\"800\" \/>\n\t<meta property=\"og:image:type\" content=\"image\/png\" \/>\n<meta name=\"twitter:card\" content=\"summary_large_image\" \/>\n<meta name=\"twitter:label1\" content=\"\u0648\u0642\u062a \u0627\u0644\u0642\u0631\u0627\u0621\u0629 \u0627\u0644\u0645\u064f\u0642\u062f\u0651\u0631\" \/>\n\t<meta name=\"twitter:data1\" content=\"\u062f\u0642\u064a\u0642\u0629 \u0648\u0627\u062d\u062f\u0629\" \/>\n<script type=\"application\/ld+json\" class=\"yoast-schema-graph\">{\"@context\":\"https:\/\/schema.org\",\"@graph\":[{\"@type\":\"WebPage\",\"@id\":\"https:\/\/trakesh.com\/notre-boutique\/perkins\/2418f701\/\",\"url\":\"https:\/\/trakesh.com\/notre-boutique\/perkins\/2418f701\/\",\"name\":\"R\u00e9f. : 2418F701 - TRAKECH PARTS\",\"isPartOf\":{\"@id\":\"https:\/\/trakesh.com\/#website\"},\"primaryImageOfPage\":{\"@id\":\"https:\/\/trakesh.com\/notre-boutique\/perkins\/2418f701\/#primaryimage\"},\"image\":{\"@id\":\"https:\/\/trakesh.com\/notre-boutique\/perkins\/2418f701\/#primaryimage\"},\"thumbnailUrl\":\"https:\/\/trakesh.com\/wp-content\/uploads\/2025\/08\/MA-2025-11-03T171336.749.png\",\"datePublished\":\"2025-08-22T22:44:35+00:00\",\"dateModified\":\"2025-11-03T16:23:02+00:00\",\"breadcrumb\":{\"@id\":\"https:\/\/trakesh.com\/notre-boutique\/perkins\/2418f701\/#breadcrumb\"},\"inLanguage\":\"ar\",\"potentialAction\":[{\"@type\":\"ReadAction\",\"target\":[\"https:\/\/trakesh.com\/notre-boutique\/perkins\/2418f701\/\"]}]},{\"@type\":\"ImageObject\",\"inLanguage\":\"ar\",\"@id\":\"https:\/\/trakesh.com\/notre-boutique\/perkins\/2418f701\/#primaryimage\",\"url\":\"https:\/\/trakesh.com\/wp-content\/uploads\/2025\/08\/MA-2025-11-03T171336.749.png\",\"contentUrl\":\"https:\/\/trakesh.com\/wp-content\/uploads\/2025\/08\/MA-2025-11-03T171336.749.png\",\"width\":800,\"height\":800},{\"@type\":\"BreadcrumbList\",\"@id\":\"https:\/\/trakesh.com\/notre-boutique\/perkins\/2418f701\/#breadcrumb\",\"itemListElement\":[{\"@type\":\"ListItem\",\"position\":1,\"name\":\"Home\",\"item\":\"https:\/\/trakesh.com\/\"},{\"@type\":\"ListItem\",\"position\":2,\"name\":\"Notre Boutique\",\"item\":\"https:\/\/trakesh.com\/notre-boutique\/\"},{\"@type\":\"ListItem\",\"position\":3,\"name\":\"R\u00e9f. : 2418F701\"}]},{\"@type\":\"WebSite\",\"@id\":\"https:\/\/trakesh.com\/#website\",\"url\":\"https:\/\/trakesh.com\/\",\"name\":\"TRAKECH PARTS\",\"description\":\"Pi\u00e8ces de rechange pour camions MAN, moteurs CATERPILLAR et PERKINS \u2013 Maroc\",\"publisher\":{\"@id\":\"https:\/\/trakesh.com\/#organization\"},\"potentialAction\":[{\"@type\":\"SearchAction\",\"target\":{\"@type\":\"EntryPoint\",\"urlTemplate\":\"https:\/\/trakesh.com\/?s={search_term_string}\"},\"query-input\":{\"@type\":\"PropertyValueSpecification\",\"valueRequired\":true,\"valueName\":\"search_term_string\"}}],\"inLanguage\":\"ar\"},{\"@type\":\"Organization\",\"@id\":\"https:\/\/trakesh.com\/#organization\",\"name\":\"TRAKECH PARTS\",\"url\":\"https:\/\/trakesh.com\/\",\"logo\":{\"@type\":\"ImageObject\",\"inLanguage\":\"ar\",\"@id\":\"https:\/\/trakesh.com\/#\/schema\/logo\/image\/\",\"url\":\"https:\/\/trakesh.com\/wp-content\/uploads\/2025\/05\/cropped-cropped-cropped-cropped-cropped-cropped-cropped-trakesh-removebg-preview-1.png\",\"contentUrl\":\"https:\/\/trakesh.com\/wp-content\/uploads\/2025\/05\/cropped-cropped-cropped-cropped-cropped-cropped-cropped-trakesh-removebg-preview-1.png\",\"width\":342,\"height\":96,\"caption\":\"TRAKECH PARTS\"},\"image\":{\"@id\":\"https:\/\/trakesh.com\/#\/schema\/logo\/image\/\"},\"sameAs\":[\"https:\/\/web.facebook.com\/trakechparts\/?locale=fr_FR\",\"https:\/\/www.instagram.com\/trakech_parts\/\"]}]}<\/script>\n<!-- \/ Yoast SEO plugin. -->","yoast_head_json":{"title":"R\u00e9f. : 2418F701 - TRAKECH PARTS","robots":{"index":"index","follow":"follow","max-snippet":"max-snippet:-1","max-image-preview":"max-image-preview:large","max-video-preview":"max-video-preview:-1"},"canonical":"https:\/\/trakesh.com\/ar\/notre-boutique\/perkins\/2418f701\/","og_locale":"ar_AR","og_type":"article","og_title":"R\u00e9f. : 2418F701 - TRAKECH PARTS","og_description":"Arr\u00eat d\u2019huile \u2013 PERKINS Compatible avec :     Moteurs PERKINS (applications industrielles, agricoles, BTP et groupes \u00e9lectrog\u00e8nes \u2013 v\u00e9rifier la correspondance exacte avec le num\u00e9ro de s\u00e9rie moteur).   Fonction :     R\u00e9guler et bloquer le flux d\u2019huile dans certaines parties du moteur    Maintenir une pression d\u2019huile stable dans le circuit de lubrification    Prot\u00e9ger les organes internes (pistons, segments, vilebrequin, arbre \u00e0 cames, etc.) en assurant une lubrification optimale   Caract\u00e9ristiques :     Type : Valve \/ clapet arr\u00eat d\u2019huile (Oil Stop Valve)    Mat\u00e9riaux r\u00e9sistants \u00e0 la pression et aux temp\u00e9ratures \u00e9lev\u00e9es    Conception robuste assurant une grande durabilit\u00e9    Conforme aux sp\u00e9cifications PERKINS   Installation :Montage direct en remplacement de la pi\u00e8ce d\u2019origine \u2013 suivre les pr\u00e9conisations constructeur pour garantir une \u00e9tanch\u00e9it\u00e9 et un fonctionnement optimal.","og_url":"https:\/\/trakesh.com\/ar\/notre-boutique\/perkins\/2418f701\/","og_site_name":"TRAKECH PARTS","article_publisher":"https:\/\/web.facebook.com\/trakechparts\/?locale=fr_FR","article_modified_time":"2025-11-03T16:23:02+00:00","og_image":[{"width":800,"height":800,"url":"https:\/\/trakesh.com\/wp-content\/uploads\/2025\/08\/MA-2025-11-03T171336.749.png","type":"image\/png"}],"twitter_card":"summary_large_image","twitter_misc":{"\u0648\u0642\u062a \u0627\u0644\u0642\u0631\u0627\u0621\u0629 \u0627\u0644\u0645\u064f\u0642\u062f\u0651\u0631":"\u062f\u0642\u064a\u0642\u0629 \u0648\u0627\u062d\u062f\u0629"},"schema":{"@context":"https:\/\/schema.org","@graph":[{"@type":"WebPage","@id":"https:\/\/trakesh.com\/notre-boutique\/perkins\/2418f701\/","url":"https:\/\/trakesh.com\/notre-boutique\/perkins\/2418f701\/","name":"R\u00e9f. : 2418F701 - TRAKECH PARTS","isPartOf":{"@id":"https:\/\/trakesh.com\/#website"},"primaryImageOfPage":{"@id":"https:\/\/trakesh.com\/notre-boutique\/perkins\/2418f701\/#primaryimage"},"image":{"@id":"https:\/\/trakesh.com\/notre-boutique\/perkins\/2418f701\/#primaryimage"},"thumbnailUrl":"https:\/\/trakesh.com\/wp-content\/uploads\/2025\/08\/MA-2025-11-03T171336.749.png","datePublished":"2025-08-22T22:44:35+00:00","dateModified":"2025-11-03T16:23:02+00:00","breadcrumb":{"@id":"https:\/\/trakesh.com\/notre-boutique\/perkins\/2418f701\/#breadcrumb"},"inLanguage":"ar","potentialAction":[{"@type":"ReadAction","target":["https:\/\/trakesh.com\/notre-boutique\/perkins\/2418f701\/"]}]},{"@type":"ImageObject","inLanguage":"ar","@id":"https:\/\/trakesh.com\/notre-boutique\/perkins\/2418f701\/#primaryimage","url":"https:\/\/trakesh.com\/wp-content\/uploads\/2025\/08\/MA-2025-11-03T171336.749.png","contentUrl":"https:\/\/trakesh.com\/wp-content\/uploads\/2025\/08\/MA-2025-11-03T171336.749.png","width":800,"height":800},{"@type":"BreadcrumbList","@id":"https:\/\/trakesh.com\/notre-boutique\/perkins\/2418f701\/#breadcrumb","itemListElement":[{"@type":"ListItem","position":1,"name":"Home","item":"https:\/\/trakesh.com\/"},{"@type":"ListItem","position":2,"name":"Notre Boutique","item":"https:\/\/trakesh.com\/notre-boutique\/"},{"@type":"ListItem","position":3,"name":"R\u00e9f. : 2418F701"}]},{"@type":"WebSite","@id":"https:\/\/trakesh.com\/#website","url":"https:\/\/trakesh.com\/","name":"TRAKECH PARTS","description":"Pi\u00e8ces de rechange pour camions MAN, moteurs CATERPILLAR et PERKINS \u2013 Maroc","publisher":{"@id":"https:\/\/trakesh.com\/#organization"},"potentialAction":[{"@type":"SearchAction","target":{"@type":"EntryPoint","urlTemplate":"https:\/\/trakesh.com\/?s={search_term_string}"},"query-input":{"@type":"PropertyValueSpecification","valueRequired":true,"valueName":"search_term_string"}}],"inLanguage":"ar"},{"@type":"Organization","@id":"https:\/\/trakesh.com\/#organization","name":"TRAKECH PARTS","url":"https:\/\/trakesh.com\/","logo":{"@type":"ImageObject","inLanguage":"ar","@id":"https:\/\/trakesh.com\/#\/schema\/logo\/image\/","url":"https:\/\/trakesh.com\/wp-content\/uploads\/2025\/05\/cropped-cropped-cropped-cropped-cropped-cropped-cropped-trakesh-removebg-preview-1.png","contentUrl":"https:\/\/trakesh.com\/wp-content\/uploads\/2025\/05\/cropped-cropped-cropped-cropped-cropped-cropped-cropped-trakesh-removebg-preview-1.png","width":342,"height":96,"caption":"TRAKECH PARTS"},"image":{"@id":"https:\/\/trakesh.com\/#\/schema\/logo\/image\/"},"sameAs":["https:\/\/web.facebook.com\/trakechparts\/?locale=fr_FR","https:\/\/www.instagram.com\/trakech_parts\/"]}]}},"_links":{"self":[{"href":"https:\/\/trakesh.com\/ar\/wp-json\/wp\/v2\/product\/8659","targetHints":{"allow":["GET"]}}],"collection":[{"href":"https:\/\/trakesh.com\/ar\/wp-json\/wp\/v2\/product"}],"about":[{"href":"https:\/\/trakesh.com\/ar\/wp-json\/wp\/v2\/types\/product"}],"replies":[{"embeddable":true,"href":"https:\/\/trakesh.com\/ar\/wp-json\/wp\/v2\/comments?post=8659"}],"wp:featuredmedia":[{"embeddable":true,"href":"https:\/\/trakesh.com\/ar\/wp-json\/wp\/v2\/media\/9493"}],"wp:attachment":[{"href":"https:\/\/trakesh.com\/ar\/wp-json\/wp\/v2\/media?parent=8659"}],"wp:term":[{"taxonomy":"product_brand","embeddable":true,"href":"https:\/\/trakesh.com\/ar\/wp-json\/wp\/v2\/product_brand?post=8659"},{"taxonomy":"product_cat","embeddable":true,"href":"https:\/\/trakesh.com\/ar\/wp-json\/wp\/v2\/product_cat?post=8659"},{"taxonomy":"product_tag","embeddable":true,"href":"https:\/\/trakesh.com\/ar\/wp-json\/wp\/v2\/product_tag?post=8659"}],"curies":[{"name":"wp","href":"https:\/\/api.w.org\/{rel}","templated":true}]}}