{"id":8661,"date":"2025-08-22T23:46:54","date_gmt":"2025-08-22T22:46:54","guid":{"rendered":"https:\/\/trakesh.com\/?post_type=product&#038;p=8661"},"modified":"2025-11-03T17:22:15","modified_gmt":"2025-11-03T16:22:15","slug":"3681e037","status":"publish","type":"product","link":"https:\/\/trakesh.com\/ar\/notre-boutique\/perkins\/3681e037\/","title":{"rendered":"R\u00e9f. : 3681E037"},"content":{"rendered":"<p><strong data-start=\"1132\" data-end=\"1149\">Description :<\/strong><br data-start=\"1149\" data-end=\"1152\" \/><strong>Le joint de culasse PERKINS 3681E037 est sp\u00e9cialement con\u00e7u pour assurer une \u00e9tanch\u00e9it\u00e9 durable entre la culasse et le bloc moteur. Gr\u00e2ce \u00e0 sa conception robuste et \u00e0 ses mat\u00e9riaux r\u00e9sistants, il prot\u00e8ge efficacement le moteur contre les pertes de compression et les fuites de fluides, garantissant une performance stable et une longue dur\u00e9e de vie du moteur.<\/strong><\/p>","protected":false},"excerpt":{"rendered":"<p><strong>Joint de culasse \u2013 PERKINS<\/strong><\/p>\n<p data-start=\"141\" data-end=\"166\"><strong data-start=\"143\" data-end=\"164\">Compatible avec :<\/strong><\/p>\n<ul data-start=\"167\" data-end=\"316\">\n<li data-start=\"167\" data-end=\"316\">\n<p data-start=\"169\" data-end=\"316\">Moteurs <strong data-start=\"177\" data-end=\"188\">PERKINS<\/strong> (selon mod\u00e8les indiqu\u00e9s par le constructeur, utilis\u00e9s en applications agricoles, industrielles, BTP et groupes \u00e9lectrog\u00e8nes).<\/p>\n<\/li>\n<\/ul>\n<p data-start=\"318\" data-end=\"337\"><strong data-start=\"321\" data-end=\"335\">Fonction :<\/strong><\/p>\n<ul data-start=\"338\" data-end=\"628\">\n<li data-start=\"338\" data-end=\"407\">\n<p data-start=\"340\" data-end=\"407\">Garantir l\u2019\u00e9tanch\u00e9it\u00e9 parfaite entre la culasse et le bloc moteur<\/p>\n<\/li>\n<li data-start=\"408\" data-end=\"464\">\n<p data-start=\"410\" data-end=\"464\">Maintenir la compression optimale dans les cylindres<\/p>\n<\/li>\n<li data-start=\"465\" data-end=\"557\">\n<p data-start=\"467\" data-end=\"557\">\u00c9viter les fuites de liquide de refroidissement et d\u2019huile vers la chambre de combustion<\/p>\n<\/li>\n<li data-start=\"558\" data-end=\"628\">\n<p data-start=\"560\" data-end=\"628\">Assurer la performance et la fiabilit\u00e9 du moteur sur le long terme<\/p>\n<\/li>\n<\/ul>\n<p data-start=\"630\" data-end=\"656\"><strong data-start=\"632\" data-end=\"654\">Caract\u00e9ristiques :<\/strong><\/p>\n<ul data-start=\"657\" data-end=\"929\">\n<li data-start=\"657\" data-end=\"711\">\n<p data-start=\"659\" data-end=\"711\">Type : <strong data-start=\"666\" data-end=\"709\">Joint de culasse (Cylinder Head Gasket)<\/strong><\/p>\n<\/li>\n<li data-start=\"712\" data-end=\"782\">\n<p data-start=\"714\" data-end=\"782\">Conception en multicouches m\u00e9talliques\/composites haute r\u00e9sistance<\/p>\n<\/li>\n<li data-start=\"783\" data-end=\"845\">\n<p data-start=\"785\" data-end=\"845\">R\u00e9sistance aux hautes temp\u00e9ratures et aux fortes pressions<\/p>\n<\/li>\n<li data-start=\"846\" data-end=\"929\">\n<p data-start=\"848\" data-end=\"929\">Pi\u00e8ce conforme aux standards de qualit\u00e9 <strong data-start=\"888\" data-end=\"899\">PERKINS<\/strong> pour une long\u00e9vit\u00e9 optimale<\/p>\n<\/li>\n<\/ul>\n<p data-start=\"931\" data-end=\"1127\"><strong data-start=\"934\" data-end=\"952\">Installation :<\/strong><br data-start=\"952\" data-end=\"955\" \/>Montage direct en remplacement de la pi\u00e8ce d\u2019origine. Respect strict des couples de serrage et de la s\u00e9quence de serrage constructeur pour garantir une \u00e9tanch\u00e9it\u00e9 totale.<\/p>","protected":false},"featured_media":9496,"comment_status":"open","ping_status":"closed","template":"","meta":[],"product_brand":[282],"product_cat":[283],"product_tag":[],"class_list":{"0":"post-8661","1":"product","2":"type-product","3":"status-publish","4":"has-post-thumbnail","6":"product_brand-perkins","7":"product_cat-perkins","9":"first","10":"instock","11":"shipping-taxable","12":"product-type-simple"},"yoast_head":"<!-- This site is optimized with the Yoast SEO plugin v25.5 - https:\/\/yoast.com\/wordpress\/plugins\/seo\/ -->\n<title>R\u00e9f. : 3681E037 - TRAKECH PARTS<\/title>\n<meta name=\"robots\" content=\"index, follow, max-snippet:-1, max-image-preview:large, max-video-preview:-1\" \/>\n<link rel=\"canonical\" href=\"https:\/\/trakesh.com\/ar\/notre-boutique\/perkins\/3681e037\/\" \/>\n<meta property=\"og:locale\" content=\"ar_AR\" \/>\n<meta property=\"og:type\" content=\"article\" \/>\n<meta property=\"og:title\" content=\"R\u00e9f. : 3681E037 - TRAKECH PARTS\" \/>\n<meta property=\"og:description\" content=\"Joint de culasse \u2013 PERKINS Compatible avec :     Moteurs PERKINS (selon mod\u00e8les indiqu\u00e9s par le constructeur, utilis\u00e9s en applications agricoles, industrielles, BTP et groupes \u00e9lectrog\u00e8nes).   Fonction :     Garantir l\u2019\u00e9tanch\u00e9it\u00e9 parfaite entre la culasse et le bloc moteur    Maintenir la compression optimale dans les cylindres    \u00c9viter les fuites de liquide de refroidissement et d\u2019huile vers la chambre de combustion    Assurer la performance et la fiabilit\u00e9 du moteur sur le long terme   Caract\u00e9ristiques :     Type : Joint de culasse (Cylinder Head Gasket)    Conception en multicouches m\u00e9talliques\/composites haute r\u00e9sistance    R\u00e9sistance aux hautes temp\u00e9ratures et aux fortes pressions    Pi\u00e8ce conforme aux standards de qualit\u00e9 PERKINS pour une long\u00e9vit\u00e9 optimale   Installation :Montage direct en remplacement de la pi\u00e8ce d\u2019origine. Respect strict des couples de serrage et de la s\u00e9quence de serrage constructeur pour garantir une \u00e9tanch\u00e9it\u00e9 totale.\" \/>\n<meta property=\"og:url\" content=\"https:\/\/trakesh.com\/ar\/notre-boutique\/perkins\/3681e037\/\" \/>\n<meta property=\"og:site_name\" content=\"TRAKECH PARTS\" \/>\n<meta property=\"article:publisher\" content=\"https:\/\/web.facebook.com\/trakechparts\/?locale=fr_FR\" \/>\n<meta property=\"article:modified_time\" content=\"2025-11-03T16:22:15+00:00\" \/>\n<meta property=\"og:image\" content=\"https:\/\/trakesh.com\/wp-content\/uploads\/2025\/08\/MA-2025-11-03T172153.833.png\" \/>\n\t<meta property=\"og:image:width\" content=\"800\" \/>\n\t<meta property=\"og:image:height\" content=\"800\" \/>\n\t<meta property=\"og:image:type\" content=\"image\/png\" \/>\n<meta name=\"twitter:card\" content=\"summary_large_image\" \/>\n<meta name=\"twitter:label1\" content=\"\u0648\u0642\u062a \u0627\u0644\u0642\u0631\u0627\u0621\u0629 \u0627\u0644\u0645\u064f\u0642\u062f\u0651\u0631\" \/>\n\t<meta name=\"twitter:data1\" content=\"\u062f\u0642\u064a\u0642\u0629 \u0648\u0627\u062d\u062f\u0629\" \/>\n<script type=\"application\/ld+json\" class=\"yoast-schema-graph\">{\"@context\":\"https:\/\/schema.org\",\"@graph\":[{\"@type\":\"WebPage\",\"@id\":\"https:\/\/trakesh.com\/notre-boutique\/perkins\/3681e037\/\",\"url\":\"https:\/\/trakesh.com\/notre-boutique\/perkins\/3681e037\/\",\"name\":\"R\u00e9f. : 3681E037 - TRAKECH PARTS\",\"isPartOf\":{\"@id\":\"https:\/\/trakesh.com\/#website\"},\"primaryImageOfPage\":{\"@id\":\"https:\/\/trakesh.com\/notre-boutique\/perkins\/3681e037\/#primaryimage\"},\"image\":{\"@id\":\"https:\/\/trakesh.com\/notre-boutique\/perkins\/3681e037\/#primaryimage\"},\"thumbnailUrl\":\"https:\/\/trakesh.com\/wp-content\/uploads\/2025\/08\/MA-2025-11-03T172153.833.png\",\"datePublished\":\"2025-08-22T22:46:54+00:00\",\"dateModified\":\"2025-11-03T16:22:15+00:00\",\"breadcrumb\":{\"@id\":\"https:\/\/trakesh.com\/notre-boutique\/perkins\/3681e037\/#breadcrumb\"},\"inLanguage\":\"ar\",\"potentialAction\":[{\"@type\":\"ReadAction\",\"target\":[\"https:\/\/trakesh.com\/notre-boutique\/perkins\/3681e037\/\"]}]},{\"@type\":\"ImageObject\",\"inLanguage\":\"ar\",\"@id\":\"https:\/\/trakesh.com\/notre-boutique\/perkins\/3681e037\/#primaryimage\",\"url\":\"https:\/\/trakesh.com\/wp-content\/uploads\/2025\/08\/MA-2025-11-03T172153.833.png\",\"contentUrl\":\"https:\/\/trakesh.com\/wp-content\/uploads\/2025\/08\/MA-2025-11-03T172153.833.png\",\"width\":800,\"height\":800},{\"@type\":\"BreadcrumbList\",\"@id\":\"https:\/\/trakesh.com\/notre-boutique\/perkins\/3681e037\/#breadcrumb\",\"itemListElement\":[{\"@type\":\"ListItem\",\"position\":1,\"name\":\"Home\",\"item\":\"https:\/\/trakesh.com\/\"},{\"@type\":\"ListItem\",\"position\":2,\"name\":\"Notre Boutique\",\"item\":\"https:\/\/trakesh.com\/notre-boutique\/\"},{\"@type\":\"ListItem\",\"position\":3,\"name\":\"R\u00e9f. : 3681E037\"}]},{\"@type\":\"WebSite\",\"@id\":\"https:\/\/trakesh.com\/#website\",\"url\":\"https:\/\/trakesh.com\/\",\"name\":\"TRAKECH PARTS\",\"description\":\"Pi\u00e8ces de rechange pour camions MAN, moteurs CATERPILLAR et PERKINS \u2013 Maroc\",\"publisher\":{\"@id\":\"https:\/\/trakesh.com\/#organization\"},\"potentialAction\":[{\"@type\":\"SearchAction\",\"target\":{\"@type\":\"EntryPoint\",\"urlTemplate\":\"https:\/\/trakesh.com\/?s={search_term_string}\"},\"query-input\":{\"@type\":\"PropertyValueSpecification\",\"valueRequired\":true,\"valueName\":\"search_term_string\"}}],\"inLanguage\":\"ar\"},{\"@type\":\"Organization\",\"@id\":\"https:\/\/trakesh.com\/#organization\",\"name\":\"TRAKECH PARTS\",\"url\":\"https:\/\/trakesh.com\/\",\"logo\":{\"@type\":\"ImageObject\",\"inLanguage\":\"ar\",\"@id\":\"https:\/\/trakesh.com\/#\/schema\/logo\/image\/\",\"url\":\"https:\/\/trakesh.com\/wp-content\/uploads\/2025\/05\/cropped-cropped-cropped-cropped-cropped-cropped-cropped-trakesh-removebg-preview-1.png\",\"contentUrl\":\"https:\/\/trakesh.com\/wp-content\/uploads\/2025\/05\/cropped-cropped-cropped-cropped-cropped-cropped-cropped-trakesh-removebg-preview-1.png\",\"width\":342,\"height\":96,\"caption\":\"TRAKECH PARTS\"},\"image\":{\"@id\":\"https:\/\/trakesh.com\/#\/schema\/logo\/image\/\"},\"sameAs\":[\"https:\/\/web.facebook.com\/trakechparts\/?locale=fr_FR\",\"https:\/\/www.instagram.com\/trakech_parts\/\"]}]}<\/script>\n<!-- \/ Yoast SEO plugin. -->","yoast_head_json":{"title":"R\u00e9f. : 3681E037 - TRAKECH PARTS","robots":{"index":"index","follow":"follow","max-snippet":"max-snippet:-1","max-image-preview":"max-image-preview:large","max-video-preview":"max-video-preview:-1"},"canonical":"https:\/\/trakesh.com\/ar\/notre-boutique\/perkins\/3681e037\/","og_locale":"ar_AR","og_type":"article","og_title":"R\u00e9f. : 3681E037 - TRAKECH PARTS","og_description":"Joint de culasse \u2013 PERKINS Compatible avec :     Moteurs PERKINS (selon mod\u00e8les indiqu\u00e9s par le constructeur, utilis\u00e9s en applications agricoles, industrielles, BTP et groupes \u00e9lectrog\u00e8nes).   Fonction :     Garantir l\u2019\u00e9tanch\u00e9it\u00e9 parfaite entre la culasse et le bloc moteur    Maintenir la compression optimale dans les cylindres    \u00c9viter les fuites de liquide de refroidissement et d\u2019huile vers la chambre de combustion    Assurer la performance et la fiabilit\u00e9 du moteur sur le long terme   Caract\u00e9ristiques :     Type : Joint de culasse (Cylinder Head Gasket)    Conception en multicouches m\u00e9talliques\/composites haute r\u00e9sistance    R\u00e9sistance aux hautes temp\u00e9ratures et aux fortes pressions    Pi\u00e8ce conforme aux standards de qualit\u00e9 PERKINS pour une long\u00e9vit\u00e9 optimale   Installation :Montage direct en remplacement de la pi\u00e8ce d\u2019origine. Respect strict des couples de serrage et de la s\u00e9quence de serrage constructeur pour garantir une \u00e9tanch\u00e9it\u00e9 totale.","og_url":"https:\/\/trakesh.com\/ar\/notre-boutique\/perkins\/3681e037\/","og_site_name":"TRAKECH PARTS","article_publisher":"https:\/\/web.facebook.com\/trakechparts\/?locale=fr_FR","article_modified_time":"2025-11-03T16:22:15+00:00","og_image":[{"width":800,"height":800,"url":"https:\/\/trakesh.com\/wp-content\/uploads\/2025\/08\/MA-2025-11-03T172153.833.png","type":"image\/png"}],"twitter_card":"summary_large_image","twitter_misc":{"\u0648\u0642\u062a \u0627\u0644\u0642\u0631\u0627\u0621\u0629 \u0627\u0644\u0645\u064f\u0642\u062f\u0651\u0631":"\u062f\u0642\u064a\u0642\u0629 \u0648\u0627\u062d\u062f\u0629"},"schema":{"@context":"https:\/\/schema.org","@graph":[{"@type":"WebPage","@id":"https:\/\/trakesh.com\/notre-boutique\/perkins\/3681e037\/","url":"https:\/\/trakesh.com\/notre-boutique\/perkins\/3681e037\/","name":"R\u00e9f. : 3681E037 - TRAKECH PARTS","isPartOf":{"@id":"https:\/\/trakesh.com\/#website"},"primaryImageOfPage":{"@id":"https:\/\/trakesh.com\/notre-boutique\/perkins\/3681e037\/#primaryimage"},"image":{"@id":"https:\/\/trakesh.com\/notre-boutique\/perkins\/3681e037\/#primaryimage"},"thumbnailUrl":"https:\/\/trakesh.com\/wp-content\/uploads\/2025\/08\/MA-2025-11-03T172153.833.png","datePublished":"2025-08-22T22:46:54+00:00","dateModified":"2025-11-03T16:22:15+00:00","breadcrumb":{"@id":"https:\/\/trakesh.com\/notre-boutique\/perkins\/3681e037\/#breadcrumb"},"inLanguage":"ar","potentialAction":[{"@type":"ReadAction","target":["https:\/\/trakesh.com\/notre-boutique\/perkins\/3681e037\/"]}]},{"@type":"ImageObject","inLanguage":"ar","@id":"https:\/\/trakesh.com\/notre-boutique\/perkins\/3681e037\/#primaryimage","url":"https:\/\/trakesh.com\/wp-content\/uploads\/2025\/08\/MA-2025-11-03T172153.833.png","contentUrl":"https:\/\/trakesh.com\/wp-content\/uploads\/2025\/08\/MA-2025-11-03T172153.833.png","width":800,"height":800},{"@type":"BreadcrumbList","@id":"https:\/\/trakesh.com\/notre-boutique\/perkins\/3681e037\/#breadcrumb","itemListElement":[{"@type":"ListItem","position":1,"name":"Home","item":"https:\/\/trakesh.com\/"},{"@type":"ListItem","position":2,"name":"Notre Boutique","item":"https:\/\/trakesh.com\/notre-boutique\/"},{"@type":"ListItem","position":3,"name":"R\u00e9f. : 3681E037"}]},{"@type":"WebSite","@id":"https:\/\/trakesh.com\/#website","url":"https:\/\/trakesh.com\/","name":"TRAKECH PARTS","description":"Pi\u00e8ces de rechange pour camions MAN, moteurs CATERPILLAR et PERKINS \u2013 Maroc","publisher":{"@id":"https:\/\/trakesh.com\/#organization"},"potentialAction":[{"@type":"SearchAction","target":{"@type":"EntryPoint","urlTemplate":"https:\/\/trakesh.com\/?s={search_term_string}"},"query-input":{"@type":"PropertyValueSpecification","valueRequired":true,"valueName":"search_term_string"}}],"inLanguage":"ar"},{"@type":"Organization","@id":"https:\/\/trakesh.com\/#organization","name":"TRAKECH PARTS","url":"https:\/\/trakesh.com\/","logo":{"@type":"ImageObject","inLanguage":"ar","@id":"https:\/\/trakesh.com\/#\/schema\/logo\/image\/","url":"https:\/\/trakesh.com\/wp-content\/uploads\/2025\/05\/cropped-cropped-cropped-cropped-cropped-cropped-cropped-trakesh-removebg-preview-1.png","contentUrl":"https:\/\/trakesh.com\/wp-content\/uploads\/2025\/05\/cropped-cropped-cropped-cropped-cropped-cropped-cropped-trakesh-removebg-preview-1.png","width":342,"height":96,"caption":"TRAKECH PARTS"},"image":{"@id":"https:\/\/trakesh.com\/#\/schema\/logo\/image\/"},"sameAs":["https:\/\/web.facebook.com\/trakechparts\/?locale=fr_FR","https:\/\/www.instagram.com\/trakech_parts\/"]}]}},"_links":{"self":[{"href":"https:\/\/trakesh.com\/ar\/wp-json\/wp\/v2\/product\/8661","targetHints":{"allow":["GET"]}}],"collection":[{"href":"https:\/\/trakesh.com\/ar\/wp-json\/wp\/v2\/product"}],"about":[{"href":"https:\/\/trakesh.com\/ar\/wp-json\/wp\/v2\/types\/product"}],"replies":[{"embeddable":true,"href":"https:\/\/trakesh.com\/ar\/wp-json\/wp\/v2\/comments?post=8661"}],"wp:featuredmedia":[{"embeddable":true,"href":"https:\/\/trakesh.com\/ar\/wp-json\/wp\/v2\/media\/9496"}],"wp:attachment":[{"href":"https:\/\/trakesh.com\/ar\/wp-json\/wp\/v2\/media?parent=8661"}],"wp:term":[{"taxonomy":"product_brand","embeddable":true,"href":"https:\/\/trakesh.com\/ar\/wp-json\/wp\/v2\/product_brand?post=8661"},{"taxonomy":"product_cat","embeddable":true,"href":"https:\/\/trakesh.com\/ar\/wp-json\/wp\/v2\/product_cat?post=8661"},{"taxonomy":"product_tag","embeddable":true,"href":"https:\/\/trakesh.com\/ar\/wp-json\/wp\/v2\/product_tag?post=8661"}],"curies":[{"name":"wp","href":"https:\/\/api.w.org\/{rel}","templated":true}]}}