{"id":8665,"date":"2025-08-22T23:52:57","date_gmt":"2025-08-22T22:52:57","guid":{"rendered":"https:\/\/trakesh.com\/?post_type=product&#038;p=8665"},"modified":"2025-11-03T17:15:58","modified_gmt":"2025-11-03T16:15:58","slug":"3681e021","status":"publish","type":"product","link":"https:\/\/trakesh.com\/ar\/notre-boutique\/perkins\/3681e021\/","title":{"rendered":"R\u00e9f. : 3681E021"},"content":{"rendered":"<p><strong data-start=\"1045\" data-end=\"1062\">Description :<\/strong><br data-start=\"1062\" data-end=\"1065\" \/><strong>Le joint de culasse PERKINS 3681E021 est con\u00e7u pour garantir une \u00e9tanch\u00e9it\u00e9 optimale dans les moteurs diesel PERKINS. Sa fabrication en mat\u00e9riaux robustes lui permet de r\u00e9sister aux conditions extr\u00eames de temp\u00e9rature et de pression, assurant ainsi performance, s\u00e9curit\u00e9 et durabilit\u00e9 du moteur.<\/strong><\/p>","protected":false},"excerpt":{"rendered":"<p><strong data-start=\"82\" data-end=\"112\">Joint de culasse \u2013 PERKINS<\/strong><\/p>\n<p data-start=\"141\" data-end=\"166\"><strong data-start=\"143\" data-end=\"164\">Compatible avec :<\/strong><\/p>\n<ul data-start=\"167\" data-end=\"292\">\n<li data-start=\"167\" data-end=\"292\">\n<p data-start=\"169\" data-end=\"292\">Moteurs <strong data-start=\"177\" data-end=\"188\">PERKINS<\/strong> (selon r\u00e9f\u00e9rence constructeur et applications : agricoles, industrielles, BTP, groupes \u00e9lectrog\u00e8nes).<\/p>\n<\/li>\n<\/ul>\n<p data-start=\"294\" data-end=\"381\"><strong data-start=\"297\" data-end=\"311\">Fonction :<\/strong><br data-start=\"311\" data-end=\"314\" \/>Assurer l\u2019\u00e9tanch\u00e9it\u00e9 entre la culasse et le bloc moteur afin de :<\/p>\n<ul data-start=\"382\" data-end=\"585\">\n<li data-start=\"382\" data-end=\"429\">\n<p data-start=\"384\" data-end=\"429\">Maintenir la compression dans les cylindres<\/p>\n<\/li>\n<li data-start=\"430\" data-end=\"524\">\n<p data-start=\"432\" data-end=\"524\">Emp\u00eacher les fuites de liquide de refroidissement et d\u2019huile dans la chambre de combustion<\/p>\n<\/li>\n<li data-start=\"525\" data-end=\"585\">\n<p data-start=\"527\" data-end=\"585\">Garantir le bon fonctionnement du moteur et sa long\u00e9vit\u00e9<\/p>\n<\/li>\n<\/ul>\n<p data-start=\"587\" data-end=\"613\"><strong data-start=\"589\" data-end=\"611\">Caract\u00e9ristiques :<\/strong><\/p>\n<ul data-start=\"614\" data-end=\"895\">\n<li data-start=\"614\" data-end=\"668\">\n<p data-start=\"616\" data-end=\"668\">Type : <strong data-start=\"623\" data-end=\"666\">Joint de culasse (Cylinder Head Gasket)<\/strong><\/p>\n<\/li>\n<li data-start=\"669\" data-end=\"740\">\n<p data-start=\"671\" data-end=\"740\">Mat\u00e9riaux : multicouches m\u00e9talliques et composites haute r\u00e9sistance<\/p>\n<\/li>\n<li data-start=\"741\" data-end=\"798\">\n<p data-start=\"743\" data-end=\"798\">R\u00e9sistant aux hautes temp\u00e9ratures et fortes pressions<\/p>\n<\/li>\n<li data-start=\"799\" data-end=\"895\">\n<p data-start=\"801\" data-end=\"895\">Conception conforme aux sp\u00e9cifications <strong data-start=\"840\" data-end=\"851\">PERKINS<\/strong> pour une parfaite \u00e9tanch\u00e9it\u00e9 et fiabilit\u00e9<\/p>\n<\/li>\n<\/ul>\n<p data-start=\"897\" data-end=\"1040\"><strong data-start=\"900\" data-end=\"918\">Installation :<\/strong><br data-start=\"918\" data-end=\"921\" \/>Remplacement direct \u2013 \u00e0 monter entre la culasse et le bloc moteur, en respectant les couples de serrage constructeur.<\/p>","protected":false},"featured_media":9494,"comment_status":"open","ping_status":"closed","template":"","meta":[],"product_brand":[282],"product_cat":[283],"product_tag":[],"class_list":{"0":"post-8665","1":"product","2":"type-product","3":"status-publish","4":"has-post-thumbnail","6":"product_brand-perkins","7":"product_cat-perkins","9":"first","10":"instock","11":"shipping-taxable","12":"product-type-simple"},"yoast_head":"<!-- This site is optimized with the Yoast SEO plugin v25.5 - https:\/\/yoast.com\/wordpress\/plugins\/seo\/ -->\n<title>R\u00e9f. : 3681E021 - TRAKECH PARTS<\/title>\n<meta name=\"robots\" content=\"index, follow, max-snippet:-1, max-image-preview:large, max-video-preview:-1\" \/>\n<link rel=\"canonical\" href=\"https:\/\/trakesh.com\/ar\/notre-boutique\/perkins\/3681e021\/\" \/>\n<meta property=\"og:locale\" content=\"ar_AR\" \/>\n<meta property=\"og:type\" content=\"article\" \/>\n<meta property=\"og:title\" content=\"R\u00e9f. : 3681E021 - TRAKECH PARTS\" \/>\n<meta property=\"og:description\" content=\"Joint de culasse \u2013 PERKINS Compatible avec :     Moteurs PERKINS (selon r\u00e9f\u00e9rence constructeur et applications : agricoles, industrielles, BTP, groupes \u00e9lectrog\u00e8nes).   Fonction :Assurer l\u2019\u00e9tanch\u00e9it\u00e9 entre la culasse et le bloc moteur afin de :     Maintenir la compression dans les cylindres    Emp\u00eacher les fuites de liquide de refroidissement et d\u2019huile dans la chambre de combustion    Garantir le bon fonctionnement du moteur et sa long\u00e9vit\u00e9   Caract\u00e9ristiques :     Type : Joint de culasse (Cylinder Head Gasket)    Mat\u00e9riaux : multicouches m\u00e9talliques et composites haute r\u00e9sistance    R\u00e9sistant aux hautes temp\u00e9ratures et fortes pressions    Conception conforme aux sp\u00e9cifications PERKINS pour une parfaite \u00e9tanch\u00e9it\u00e9 et fiabilit\u00e9   Installation :Remplacement direct \u2013 \u00e0 monter entre la culasse et le bloc moteur, en respectant les couples de serrage constructeur.\" \/>\n<meta property=\"og:url\" content=\"https:\/\/trakesh.com\/ar\/notre-boutique\/perkins\/3681e021\/\" \/>\n<meta property=\"og:site_name\" content=\"TRAKECH PARTS\" \/>\n<meta property=\"article:publisher\" content=\"https:\/\/web.facebook.com\/trakechparts\/?locale=fr_FR\" \/>\n<meta property=\"article:modified_time\" content=\"2025-11-03T16:15:58+00:00\" \/>\n<meta property=\"og:image\" content=\"https:\/\/trakesh.com\/wp-content\/uploads\/2025\/08\/MA-2025-11-03T171531.919.png\" \/>\n\t<meta property=\"og:image:width\" content=\"800\" \/>\n\t<meta property=\"og:image:height\" content=\"800\" \/>\n\t<meta property=\"og:image:type\" content=\"image\/png\" \/>\n<meta name=\"twitter:card\" content=\"summary_large_image\" \/>\n<meta name=\"twitter:label1\" content=\"\u0648\u0642\u062a \u0627\u0644\u0642\u0631\u0627\u0621\u0629 \u0627\u0644\u0645\u064f\u0642\u062f\u0651\u0631\" \/>\n\t<meta name=\"twitter:data1\" content=\"\u062f\u0642\u064a\u0642\u0629 \u0648\u0627\u062d\u062f\u0629\" \/>\n<script type=\"application\/ld+json\" class=\"yoast-schema-graph\">{\"@context\":\"https:\/\/schema.org\",\"@graph\":[{\"@type\":\"WebPage\",\"@id\":\"https:\/\/trakesh.com\/notre-boutique\/perkins\/3681e021\/\",\"url\":\"https:\/\/trakesh.com\/notre-boutique\/perkins\/3681e021\/\",\"name\":\"R\u00e9f. : 3681E021 - TRAKECH PARTS\",\"isPartOf\":{\"@id\":\"https:\/\/trakesh.com\/#website\"},\"primaryImageOfPage\":{\"@id\":\"https:\/\/trakesh.com\/notre-boutique\/perkins\/3681e021\/#primaryimage\"},\"image\":{\"@id\":\"https:\/\/trakesh.com\/notre-boutique\/perkins\/3681e021\/#primaryimage\"},\"thumbnailUrl\":\"https:\/\/trakesh.com\/wp-content\/uploads\/2025\/08\/MA-2025-11-03T171531.919.png\",\"datePublished\":\"2025-08-22T22:52:57+00:00\",\"dateModified\":\"2025-11-03T16:15:58+00:00\",\"breadcrumb\":{\"@id\":\"https:\/\/trakesh.com\/notre-boutique\/perkins\/3681e021\/#breadcrumb\"},\"inLanguage\":\"ar\",\"potentialAction\":[{\"@type\":\"ReadAction\",\"target\":[\"https:\/\/trakesh.com\/notre-boutique\/perkins\/3681e021\/\"]}]},{\"@type\":\"ImageObject\",\"inLanguage\":\"ar\",\"@id\":\"https:\/\/trakesh.com\/notre-boutique\/perkins\/3681e021\/#primaryimage\",\"url\":\"https:\/\/trakesh.com\/wp-content\/uploads\/2025\/08\/MA-2025-11-03T171531.919.png\",\"contentUrl\":\"https:\/\/trakesh.com\/wp-content\/uploads\/2025\/08\/MA-2025-11-03T171531.919.png\",\"width\":800,\"height\":800},{\"@type\":\"BreadcrumbList\",\"@id\":\"https:\/\/trakesh.com\/notre-boutique\/perkins\/3681e021\/#breadcrumb\",\"itemListElement\":[{\"@type\":\"ListItem\",\"position\":1,\"name\":\"Home\",\"item\":\"https:\/\/trakesh.com\/\"},{\"@type\":\"ListItem\",\"position\":2,\"name\":\"Notre Boutique\",\"item\":\"https:\/\/trakesh.com\/notre-boutique\/\"},{\"@type\":\"ListItem\",\"position\":3,\"name\":\"R\u00e9f. : 3681E021\"}]},{\"@type\":\"WebSite\",\"@id\":\"https:\/\/trakesh.com\/#website\",\"url\":\"https:\/\/trakesh.com\/\",\"name\":\"TRAKECH PARTS\",\"description\":\"Pi\u00e8ces de rechange pour camions MAN, moteurs CATERPILLAR et PERKINS \u2013 Maroc\",\"publisher\":{\"@id\":\"https:\/\/trakesh.com\/#organization\"},\"potentialAction\":[{\"@type\":\"SearchAction\",\"target\":{\"@type\":\"EntryPoint\",\"urlTemplate\":\"https:\/\/trakesh.com\/?s={search_term_string}\"},\"query-input\":{\"@type\":\"PropertyValueSpecification\",\"valueRequired\":true,\"valueName\":\"search_term_string\"}}],\"inLanguage\":\"ar\"},{\"@type\":\"Organization\",\"@id\":\"https:\/\/trakesh.com\/#organization\",\"name\":\"TRAKECH PARTS\",\"url\":\"https:\/\/trakesh.com\/\",\"logo\":{\"@type\":\"ImageObject\",\"inLanguage\":\"ar\",\"@id\":\"https:\/\/trakesh.com\/#\/schema\/logo\/image\/\",\"url\":\"https:\/\/trakesh.com\/wp-content\/uploads\/2025\/05\/cropped-cropped-cropped-cropped-cropped-cropped-cropped-trakesh-removebg-preview-1.png\",\"contentUrl\":\"https:\/\/trakesh.com\/wp-content\/uploads\/2025\/05\/cropped-cropped-cropped-cropped-cropped-cropped-cropped-trakesh-removebg-preview-1.png\",\"width\":342,\"height\":96,\"caption\":\"TRAKECH PARTS\"},\"image\":{\"@id\":\"https:\/\/trakesh.com\/#\/schema\/logo\/image\/\"},\"sameAs\":[\"https:\/\/web.facebook.com\/trakechparts\/?locale=fr_FR\",\"https:\/\/www.instagram.com\/trakech_parts\/\"]}]}<\/script>\n<!-- \/ Yoast SEO plugin. -->","yoast_head_json":{"title":"R\u00e9f. : 3681E021 - TRAKECH PARTS","robots":{"index":"index","follow":"follow","max-snippet":"max-snippet:-1","max-image-preview":"max-image-preview:large","max-video-preview":"max-video-preview:-1"},"canonical":"https:\/\/trakesh.com\/ar\/notre-boutique\/perkins\/3681e021\/","og_locale":"ar_AR","og_type":"article","og_title":"R\u00e9f. : 3681E021 - TRAKECH PARTS","og_description":"Joint de culasse \u2013 PERKINS Compatible avec :     Moteurs PERKINS (selon r\u00e9f\u00e9rence constructeur et applications : agricoles, industrielles, BTP, groupes \u00e9lectrog\u00e8nes).   Fonction :Assurer l\u2019\u00e9tanch\u00e9it\u00e9 entre la culasse et le bloc moteur afin de :     Maintenir la compression dans les cylindres    Emp\u00eacher les fuites de liquide de refroidissement et d\u2019huile dans la chambre de combustion    Garantir le bon fonctionnement du moteur et sa long\u00e9vit\u00e9   Caract\u00e9ristiques :     Type : Joint de culasse (Cylinder Head Gasket)    Mat\u00e9riaux : multicouches m\u00e9talliques et composites haute r\u00e9sistance    R\u00e9sistant aux hautes temp\u00e9ratures et fortes pressions    Conception conforme aux sp\u00e9cifications PERKINS pour une parfaite \u00e9tanch\u00e9it\u00e9 et fiabilit\u00e9   Installation :Remplacement direct \u2013 \u00e0 monter entre la culasse et le bloc moteur, en respectant les couples de serrage constructeur.","og_url":"https:\/\/trakesh.com\/ar\/notre-boutique\/perkins\/3681e021\/","og_site_name":"TRAKECH PARTS","article_publisher":"https:\/\/web.facebook.com\/trakechparts\/?locale=fr_FR","article_modified_time":"2025-11-03T16:15:58+00:00","og_image":[{"width":800,"height":800,"url":"https:\/\/trakesh.com\/wp-content\/uploads\/2025\/08\/MA-2025-11-03T171531.919.png","type":"image\/png"}],"twitter_card":"summary_large_image","twitter_misc":{"\u0648\u0642\u062a \u0627\u0644\u0642\u0631\u0627\u0621\u0629 \u0627\u0644\u0645\u064f\u0642\u062f\u0651\u0631":"\u062f\u0642\u064a\u0642\u0629 \u0648\u0627\u062d\u062f\u0629"},"schema":{"@context":"https:\/\/schema.org","@graph":[{"@type":"WebPage","@id":"https:\/\/trakesh.com\/notre-boutique\/perkins\/3681e021\/","url":"https:\/\/trakesh.com\/notre-boutique\/perkins\/3681e021\/","name":"R\u00e9f. : 3681E021 - TRAKECH PARTS","isPartOf":{"@id":"https:\/\/trakesh.com\/#website"},"primaryImageOfPage":{"@id":"https:\/\/trakesh.com\/notre-boutique\/perkins\/3681e021\/#primaryimage"},"image":{"@id":"https:\/\/trakesh.com\/notre-boutique\/perkins\/3681e021\/#primaryimage"},"thumbnailUrl":"https:\/\/trakesh.com\/wp-content\/uploads\/2025\/08\/MA-2025-11-03T171531.919.png","datePublished":"2025-08-22T22:52:57+00:00","dateModified":"2025-11-03T16:15:58+00:00","breadcrumb":{"@id":"https:\/\/trakesh.com\/notre-boutique\/perkins\/3681e021\/#breadcrumb"},"inLanguage":"ar","potentialAction":[{"@type":"ReadAction","target":["https:\/\/trakesh.com\/notre-boutique\/perkins\/3681e021\/"]}]},{"@type":"ImageObject","inLanguage":"ar","@id":"https:\/\/trakesh.com\/notre-boutique\/perkins\/3681e021\/#primaryimage","url":"https:\/\/trakesh.com\/wp-content\/uploads\/2025\/08\/MA-2025-11-03T171531.919.png","contentUrl":"https:\/\/trakesh.com\/wp-content\/uploads\/2025\/08\/MA-2025-11-03T171531.919.png","width":800,"height":800},{"@type":"BreadcrumbList","@id":"https:\/\/trakesh.com\/notre-boutique\/perkins\/3681e021\/#breadcrumb","itemListElement":[{"@type":"ListItem","position":1,"name":"Home","item":"https:\/\/trakesh.com\/"},{"@type":"ListItem","position":2,"name":"Notre Boutique","item":"https:\/\/trakesh.com\/notre-boutique\/"},{"@type":"ListItem","position":3,"name":"R\u00e9f. : 3681E021"}]},{"@type":"WebSite","@id":"https:\/\/trakesh.com\/#website","url":"https:\/\/trakesh.com\/","name":"TRAKECH PARTS","description":"Pi\u00e8ces de rechange pour camions MAN, moteurs CATERPILLAR et PERKINS \u2013 Maroc","publisher":{"@id":"https:\/\/trakesh.com\/#organization"},"potentialAction":[{"@type":"SearchAction","target":{"@type":"EntryPoint","urlTemplate":"https:\/\/trakesh.com\/?s={search_term_string}"},"query-input":{"@type":"PropertyValueSpecification","valueRequired":true,"valueName":"search_term_string"}}],"inLanguage":"ar"},{"@type":"Organization","@id":"https:\/\/trakesh.com\/#organization","name":"TRAKECH PARTS","url":"https:\/\/trakesh.com\/","logo":{"@type":"ImageObject","inLanguage":"ar","@id":"https:\/\/trakesh.com\/#\/schema\/logo\/image\/","url":"https:\/\/trakesh.com\/wp-content\/uploads\/2025\/05\/cropped-cropped-cropped-cropped-cropped-cropped-cropped-trakesh-removebg-preview-1.png","contentUrl":"https:\/\/trakesh.com\/wp-content\/uploads\/2025\/05\/cropped-cropped-cropped-cropped-cropped-cropped-cropped-trakesh-removebg-preview-1.png","width":342,"height":96,"caption":"TRAKECH PARTS"},"image":{"@id":"https:\/\/trakesh.com\/#\/schema\/logo\/image\/"},"sameAs":["https:\/\/web.facebook.com\/trakechparts\/?locale=fr_FR","https:\/\/www.instagram.com\/trakech_parts\/"]}]}},"_links":{"self":[{"href":"https:\/\/trakesh.com\/ar\/wp-json\/wp\/v2\/product\/8665","targetHints":{"allow":["GET"]}}],"collection":[{"href":"https:\/\/trakesh.com\/ar\/wp-json\/wp\/v2\/product"}],"about":[{"href":"https:\/\/trakesh.com\/ar\/wp-json\/wp\/v2\/types\/product"}],"replies":[{"embeddable":true,"href":"https:\/\/trakesh.com\/ar\/wp-json\/wp\/v2\/comments?post=8665"}],"wp:featuredmedia":[{"embeddable":true,"href":"https:\/\/trakesh.com\/ar\/wp-json\/wp\/v2\/media\/9494"}],"wp:attachment":[{"href":"https:\/\/trakesh.com\/ar\/wp-json\/wp\/v2\/media?parent=8665"}],"wp:term":[{"taxonomy":"product_brand","embeddable":true,"href":"https:\/\/trakesh.com\/ar\/wp-json\/wp\/v2\/product_brand?post=8665"},{"taxonomy":"product_cat","embeddable":true,"href":"https:\/\/trakesh.com\/ar\/wp-json\/wp\/v2\/product_cat?post=8665"},{"taxonomy":"product_tag","embeddable":true,"href":"https:\/\/trakesh.com\/ar\/wp-json\/wp\/v2\/product_tag?post=8665"}],"curies":[{"name":"wp","href":"https:\/\/api.w.org\/{rel}","templated":true}]}}