{"id":8668,"date":"2025-08-22T23:54:54","date_gmt":"2025-08-22T22:54:54","guid":{"rendered":"https:\/\/trakesh.com\/?post_type=product&#038;p=8668"},"modified":"2025-11-03T17:14:07","modified_gmt":"2025-11-03T16:14:07","slug":"2418f705","status":"publish","type":"product","link":"https:\/\/trakesh.com\/ar\/notre-boutique\/perkins\/2418f705\/","title":{"rendered":"R\u00e9f. : 2418F705"},"content":{"rendered":"<p><strong data-start=\"1029\" data-end=\"1046\">Description :<\/strong><br data-start=\"1046\" data-end=\"1049\" \/><strong>L\u2019arr\u00eat d\u2019huile PERKINS 2418F705 assure un contr\u00f4le optimal du flux et de la pression d\u2019huile dans les moteurs diesel PERKINS. Con\u00e7u pour r\u00e9sister aux contraintes m\u00e9caniques et thermiques, il garantit la s\u00e9curit\u00e9, la fiabilit\u00e9 et la long\u00e9vit\u00e9 du syst\u00e8me de lubrification. Id\u00e9al pour les op\u00e9rations de maintenance et de r\u00e9paration des moteurs PERKINS.<\/strong><\/p>","protected":false},"excerpt":{"rendered":"<p><strong>Arr\u00eat d\u2019huile \u2013 PERKINS<\/strong><\/p>\n<p data-start=\"129\" data-end=\"154\"><strong data-start=\"131\" data-end=\"152\">Compatible avec :<\/strong><\/p>\n<ul data-start=\"155\" data-end=\"272\">\n<li data-start=\"155\" data-end=\"272\">\n<p data-start=\"157\" data-end=\"272\">Moteurs <strong data-start=\"165\" data-end=\"176\">PERKINS<\/strong> (selon mod\u00e8les constructeurs, applications agricoles, industrielles et groupes \u00e9lectrog\u00e8nes).<\/p>\n<\/li>\n<\/ul>\n<p data-start=\"274\" data-end=\"525\"><strong data-start=\"277\" data-end=\"291\">Fonction :<\/strong><br data-start=\"291\" data-end=\"294\" \/>\u00c9l\u00e9ment essentiel du syst\u00e8me de lubrification, l\u2019arr\u00eat d\u2019huile permet de contr\u00f4ler et de bloquer le retour d\u2019huile, garantissant une bonne pression dans le circuit et une lubrification constante des composants internes du moteur.<\/p>\n<p data-start=\"527\" data-end=\"553\"><strong data-start=\"529\" data-end=\"551\">Caract\u00e9ristiques :<\/strong><\/p>\n<ul data-start=\"554\" data-end=\"840\">\n<li data-start=\"554\" data-end=\"613\">\n<p data-start=\"556\" data-end=\"613\">Type : <strong data-start=\"563\" data-end=\"611\">Arr\u00eat d\u2019huile (Oil Stop \/ Oil Cut-off Valve)<\/strong><\/p>\n<\/li>\n<li data-start=\"614\" data-end=\"699\">\n<p data-start=\"616\" data-end=\"699\">Conception robuste et durable adapt\u00e9e aux conditions de fonctionnement intensives<\/p>\n<\/li>\n<li data-start=\"700\" data-end=\"770\">\n<p data-start=\"702\" data-end=\"770\">R\u00e9sistant \u00e0 la corrosion, \u00e0 la pression et aux hautes temp\u00e9ratures<\/p>\n<\/li>\n<li data-start=\"771\" data-end=\"840\">\n<p data-start=\"773\" data-end=\"840\">Conforme aux normes <strong data-start=\"793\" data-end=\"804\">PERKINS<\/strong> assurant fiabilit\u00e9 et performance<\/p>\n<\/li>\n<\/ul>\n<p data-start=\"842\" data-end=\"1024\"><strong data-start=\"845\" data-end=\"863\">Installation :<\/strong><br data-start=\"863\" data-end=\"866\" \/>Montage direct en remplacement de la pi\u00e8ce d\u2019origine. V\u00e9rifier la compatibilit\u00e9 moteur et respecter les instructions du constructeur lors de l\u2019installation.<\/p>","protected":false},"featured_media":9493,"comment_status":"open","ping_status":"closed","template":"","meta":[],"product_brand":[282],"product_cat":[283],"product_tag":[],"class_list":{"0":"post-8668","1":"product","2":"type-product","3":"status-publish","4":"has-post-thumbnail","6":"product_brand-perkins","7":"product_cat-perkins","9":"first","10":"instock","11":"shipping-taxable","12":"product-type-simple"},"yoast_head":"<!-- This site is optimized with the Yoast SEO plugin v25.5 - https:\/\/yoast.com\/wordpress\/plugins\/seo\/ -->\n<title>R\u00e9f. : 2418F705 - TRAKECH PARTS<\/title>\n<meta name=\"robots\" content=\"index, follow, max-snippet:-1, max-image-preview:large, max-video-preview:-1\" \/>\n<link rel=\"canonical\" href=\"https:\/\/trakesh.com\/ar\/notre-boutique\/perkins\/2418f705\/\" \/>\n<meta property=\"og:locale\" content=\"ar_AR\" \/>\n<meta property=\"og:type\" content=\"article\" \/>\n<meta property=\"og:title\" content=\"R\u00e9f. : 2418F705 - TRAKECH PARTS\" \/>\n<meta property=\"og:description\" content=\"Arr\u00eat d\u2019huile \u2013 PERKINS Compatible avec :     Moteurs PERKINS (selon mod\u00e8les constructeurs, applications agricoles, industrielles et groupes \u00e9lectrog\u00e8nes).   Fonction :\u00c9l\u00e9ment essentiel du syst\u00e8me de lubrification, l\u2019arr\u00eat d\u2019huile permet de contr\u00f4ler et de bloquer le retour d\u2019huile, garantissant une bonne pression dans le circuit et une lubrification constante des composants internes du moteur. Caract\u00e9ristiques :     Type : Arr\u00eat d\u2019huile (Oil Stop \/ Oil Cut-off Valve)    Conception robuste et durable adapt\u00e9e aux conditions de fonctionnement intensives    R\u00e9sistant \u00e0 la corrosion, \u00e0 la pression et aux hautes temp\u00e9ratures    Conforme aux normes PERKINS assurant fiabilit\u00e9 et performance   Installation :Montage direct en remplacement de la pi\u00e8ce d\u2019origine. V\u00e9rifier la compatibilit\u00e9 moteur et respecter les instructions du constructeur lors de l\u2019installation.\" \/>\n<meta property=\"og:url\" content=\"https:\/\/trakesh.com\/ar\/notre-boutique\/perkins\/2418f705\/\" \/>\n<meta property=\"og:site_name\" content=\"TRAKECH PARTS\" \/>\n<meta property=\"article:publisher\" content=\"https:\/\/web.facebook.com\/trakechparts\/?locale=fr_FR\" \/>\n<meta property=\"article:modified_time\" content=\"2025-11-03T16:14:07+00:00\" \/>\n<meta property=\"og:image\" content=\"https:\/\/trakesh.com\/wp-content\/uploads\/2025\/08\/MA-2025-11-03T171336.749.png\" \/>\n\t<meta property=\"og:image:width\" content=\"800\" \/>\n\t<meta property=\"og:image:height\" content=\"800\" \/>\n\t<meta property=\"og:image:type\" content=\"image\/png\" \/>\n<meta name=\"twitter:card\" content=\"summary_large_image\" \/>\n<meta name=\"twitter:label1\" content=\"\u0648\u0642\u062a \u0627\u0644\u0642\u0631\u0627\u0621\u0629 \u0627\u0644\u0645\u064f\u0642\u062f\u0651\u0631\" \/>\n\t<meta name=\"twitter:data1\" content=\"\u062f\u0642\u064a\u0642\u0629 \u0648\u0627\u062d\u062f\u0629\" \/>\n<script type=\"application\/ld+json\" class=\"yoast-schema-graph\">{\"@context\":\"https:\/\/schema.org\",\"@graph\":[{\"@type\":\"WebPage\",\"@id\":\"https:\/\/trakesh.com\/notre-boutique\/perkins\/2418f705\/\",\"url\":\"https:\/\/trakesh.com\/notre-boutique\/perkins\/2418f705\/\",\"name\":\"R\u00e9f. : 2418F705 - TRAKECH PARTS\",\"isPartOf\":{\"@id\":\"https:\/\/trakesh.com\/#website\"},\"primaryImageOfPage\":{\"@id\":\"https:\/\/trakesh.com\/notre-boutique\/perkins\/2418f705\/#primaryimage\"},\"image\":{\"@id\":\"https:\/\/trakesh.com\/notre-boutique\/perkins\/2418f705\/#primaryimage\"},\"thumbnailUrl\":\"https:\/\/trakesh.com\/wp-content\/uploads\/2025\/08\/MA-2025-11-03T171336.749.png\",\"datePublished\":\"2025-08-22T22:54:54+00:00\",\"dateModified\":\"2025-11-03T16:14:07+00:00\",\"breadcrumb\":{\"@id\":\"https:\/\/trakesh.com\/notre-boutique\/perkins\/2418f705\/#breadcrumb\"},\"inLanguage\":\"ar\",\"potentialAction\":[{\"@type\":\"ReadAction\",\"target\":[\"https:\/\/trakesh.com\/notre-boutique\/perkins\/2418f705\/\"]}]},{\"@type\":\"ImageObject\",\"inLanguage\":\"ar\",\"@id\":\"https:\/\/trakesh.com\/notre-boutique\/perkins\/2418f705\/#primaryimage\",\"url\":\"https:\/\/trakesh.com\/wp-content\/uploads\/2025\/08\/MA-2025-11-03T171336.749.png\",\"contentUrl\":\"https:\/\/trakesh.com\/wp-content\/uploads\/2025\/08\/MA-2025-11-03T171336.749.png\",\"width\":800,\"height\":800},{\"@type\":\"BreadcrumbList\",\"@id\":\"https:\/\/trakesh.com\/notre-boutique\/perkins\/2418f705\/#breadcrumb\",\"itemListElement\":[{\"@type\":\"ListItem\",\"position\":1,\"name\":\"Home\",\"item\":\"https:\/\/trakesh.com\/\"},{\"@type\":\"ListItem\",\"position\":2,\"name\":\"Notre Boutique\",\"item\":\"https:\/\/trakesh.com\/notre-boutique\/\"},{\"@type\":\"ListItem\",\"position\":3,\"name\":\"R\u00e9f. : 2418F705\"}]},{\"@type\":\"WebSite\",\"@id\":\"https:\/\/trakesh.com\/#website\",\"url\":\"https:\/\/trakesh.com\/\",\"name\":\"TRAKECH PARTS\",\"description\":\"Pi\u00e8ces de rechange pour camions MAN, moteurs CATERPILLAR et PERKINS \u2013 Maroc\",\"publisher\":{\"@id\":\"https:\/\/trakesh.com\/#organization\"},\"potentialAction\":[{\"@type\":\"SearchAction\",\"target\":{\"@type\":\"EntryPoint\",\"urlTemplate\":\"https:\/\/trakesh.com\/?s={search_term_string}\"},\"query-input\":{\"@type\":\"PropertyValueSpecification\",\"valueRequired\":true,\"valueName\":\"search_term_string\"}}],\"inLanguage\":\"ar\"},{\"@type\":\"Organization\",\"@id\":\"https:\/\/trakesh.com\/#organization\",\"name\":\"TRAKECH PARTS\",\"url\":\"https:\/\/trakesh.com\/\",\"logo\":{\"@type\":\"ImageObject\",\"inLanguage\":\"ar\",\"@id\":\"https:\/\/trakesh.com\/#\/schema\/logo\/image\/\",\"url\":\"https:\/\/trakesh.com\/wp-content\/uploads\/2025\/05\/cropped-cropped-cropped-cropped-cropped-cropped-cropped-trakesh-removebg-preview-1.png\",\"contentUrl\":\"https:\/\/trakesh.com\/wp-content\/uploads\/2025\/05\/cropped-cropped-cropped-cropped-cropped-cropped-cropped-trakesh-removebg-preview-1.png\",\"width\":342,\"height\":96,\"caption\":\"TRAKECH PARTS\"},\"image\":{\"@id\":\"https:\/\/trakesh.com\/#\/schema\/logo\/image\/\"},\"sameAs\":[\"https:\/\/web.facebook.com\/trakechparts\/?locale=fr_FR\",\"https:\/\/www.instagram.com\/trakech_parts\/\"]}]}<\/script>\n<!-- \/ Yoast SEO plugin. -->","yoast_head_json":{"title":"R\u00e9f. : 2418F705 - TRAKECH PARTS","robots":{"index":"index","follow":"follow","max-snippet":"max-snippet:-1","max-image-preview":"max-image-preview:large","max-video-preview":"max-video-preview:-1"},"canonical":"https:\/\/trakesh.com\/ar\/notre-boutique\/perkins\/2418f705\/","og_locale":"ar_AR","og_type":"article","og_title":"R\u00e9f. : 2418F705 - TRAKECH PARTS","og_description":"Arr\u00eat d\u2019huile \u2013 PERKINS Compatible avec :     Moteurs PERKINS (selon mod\u00e8les constructeurs, applications agricoles, industrielles et groupes \u00e9lectrog\u00e8nes).   Fonction :\u00c9l\u00e9ment essentiel du syst\u00e8me de lubrification, l\u2019arr\u00eat d\u2019huile permet de contr\u00f4ler et de bloquer le retour d\u2019huile, garantissant une bonne pression dans le circuit et une lubrification constante des composants internes du moteur. Caract\u00e9ristiques :     Type : Arr\u00eat d\u2019huile (Oil Stop \/ Oil Cut-off Valve)    Conception robuste et durable adapt\u00e9e aux conditions de fonctionnement intensives    R\u00e9sistant \u00e0 la corrosion, \u00e0 la pression et aux hautes temp\u00e9ratures    Conforme aux normes PERKINS assurant fiabilit\u00e9 et performance   Installation :Montage direct en remplacement de la pi\u00e8ce d\u2019origine. V\u00e9rifier la compatibilit\u00e9 moteur et respecter les instructions du constructeur lors de l\u2019installation.","og_url":"https:\/\/trakesh.com\/ar\/notre-boutique\/perkins\/2418f705\/","og_site_name":"TRAKECH PARTS","article_publisher":"https:\/\/web.facebook.com\/trakechparts\/?locale=fr_FR","article_modified_time":"2025-11-03T16:14:07+00:00","og_image":[{"width":800,"height":800,"url":"https:\/\/trakesh.com\/wp-content\/uploads\/2025\/08\/MA-2025-11-03T171336.749.png","type":"image\/png"}],"twitter_card":"summary_large_image","twitter_misc":{"\u0648\u0642\u062a \u0627\u0644\u0642\u0631\u0627\u0621\u0629 \u0627\u0644\u0645\u064f\u0642\u062f\u0651\u0631":"\u062f\u0642\u064a\u0642\u0629 \u0648\u0627\u062d\u062f\u0629"},"schema":{"@context":"https:\/\/schema.org","@graph":[{"@type":"WebPage","@id":"https:\/\/trakesh.com\/notre-boutique\/perkins\/2418f705\/","url":"https:\/\/trakesh.com\/notre-boutique\/perkins\/2418f705\/","name":"R\u00e9f. : 2418F705 - TRAKECH PARTS","isPartOf":{"@id":"https:\/\/trakesh.com\/#website"},"primaryImageOfPage":{"@id":"https:\/\/trakesh.com\/notre-boutique\/perkins\/2418f705\/#primaryimage"},"image":{"@id":"https:\/\/trakesh.com\/notre-boutique\/perkins\/2418f705\/#primaryimage"},"thumbnailUrl":"https:\/\/trakesh.com\/wp-content\/uploads\/2025\/08\/MA-2025-11-03T171336.749.png","datePublished":"2025-08-22T22:54:54+00:00","dateModified":"2025-11-03T16:14:07+00:00","breadcrumb":{"@id":"https:\/\/trakesh.com\/notre-boutique\/perkins\/2418f705\/#breadcrumb"},"inLanguage":"ar","potentialAction":[{"@type":"ReadAction","target":["https:\/\/trakesh.com\/notre-boutique\/perkins\/2418f705\/"]}]},{"@type":"ImageObject","inLanguage":"ar","@id":"https:\/\/trakesh.com\/notre-boutique\/perkins\/2418f705\/#primaryimage","url":"https:\/\/trakesh.com\/wp-content\/uploads\/2025\/08\/MA-2025-11-03T171336.749.png","contentUrl":"https:\/\/trakesh.com\/wp-content\/uploads\/2025\/08\/MA-2025-11-03T171336.749.png","width":800,"height":800},{"@type":"BreadcrumbList","@id":"https:\/\/trakesh.com\/notre-boutique\/perkins\/2418f705\/#breadcrumb","itemListElement":[{"@type":"ListItem","position":1,"name":"Home","item":"https:\/\/trakesh.com\/"},{"@type":"ListItem","position":2,"name":"Notre Boutique","item":"https:\/\/trakesh.com\/notre-boutique\/"},{"@type":"ListItem","position":3,"name":"R\u00e9f. : 2418F705"}]},{"@type":"WebSite","@id":"https:\/\/trakesh.com\/#website","url":"https:\/\/trakesh.com\/","name":"TRAKECH PARTS","description":"Pi\u00e8ces de rechange pour camions MAN, moteurs CATERPILLAR et PERKINS \u2013 Maroc","publisher":{"@id":"https:\/\/trakesh.com\/#organization"},"potentialAction":[{"@type":"SearchAction","target":{"@type":"EntryPoint","urlTemplate":"https:\/\/trakesh.com\/?s={search_term_string}"},"query-input":{"@type":"PropertyValueSpecification","valueRequired":true,"valueName":"search_term_string"}}],"inLanguage":"ar"},{"@type":"Organization","@id":"https:\/\/trakesh.com\/#organization","name":"TRAKECH PARTS","url":"https:\/\/trakesh.com\/","logo":{"@type":"ImageObject","inLanguage":"ar","@id":"https:\/\/trakesh.com\/#\/schema\/logo\/image\/","url":"https:\/\/trakesh.com\/wp-content\/uploads\/2025\/05\/cropped-cropped-cropped-cropped-cropped-cropped-cropped-trakesh-removebg-preview-1.png","contentUrl":"https:\/\/trakesh.com\/wp-content\/uploads\/2025\/05\/cropped-cropped-cropped-cropped-cropped-cropped-cropped-trakesh-removebg-preview-1.png","width":342,"height":96,"caption":"TRAKECH PARTS"},"image":{"@id":"https:\/\/trakesh.com\/#\/schema\/logo\/image\/"},"sameAs":["https:\/\/web.facebook.com\/trakechparts\/?locale=fr_FR","https:\/\/www.instagram.com\/trakech_parts\/"]}]}},"_links":{"self":[{"href":"https:\/\/trakesh.com\/ar\/wp-json\/wp\/v2\/product\/8668","targetHints":{"allow":["GET"]}}],"collection":[{"href":"https:\/\/trakesh.com\/ar\/wp-json\/wp\/v2\/product"}],"about":[{"href":"https:\/\/trakesh.com\/ar\/wp-json\/wp\/v2\/types\/product"}],"replies":[{"embeddable":true,"href":"https:\/\/trakesh.com\/ar\/wp-json\/wp\/v2\/comments?post=8668"}],"wp:featuredmedia":[{"embeddable":true,"href":"https:\/\/trakesh.com\/ar\/wp-json\/wp\/v2\/media\/9493"}],"wp:attachment":[{"href":"https:\/\/trakesh.com\/ar\/wp-json\/wp\/v2\/media?parent=8668"}],"wp:term":[{"taxonomy":"product_brand","embeddable":true,"href":"https:\/\/trakesh.com\/ar\/wp-json\/wp\/v2\/product_brand?post=8668"},{"taxonomy":"product_cat","embeddable":true,"href":"https:\/\/trakesh.com\/ar\/wp-json\/wp\/v2\/product_cat?post=8668"},{"taxonomy":"product_tag","embeddable":true,"href":"https:\/\/trakesh.com\/ar\/wp-json\/wp\/v2\/product_tag?post=8668"}],"curies":[{"name":"wp","href":"https:\/\/api.w.org\/{rel}","templated":true}]}}