{"id":8670,"date":"2025-08-22T23:57:00","date_gmt":"2025-08-22T22:57:00","guid":{"rendered":"https:\/\/trakesh.com\/?post_type=product&#038;p=8670"},"modified":"2025-11-03T17:12:02","modified_gmt":"2025-11-03T16:12:02","slug":"2418f437","status":"publish","type":"product","link":"https:\/\/trakesh.com\/ar\/notre-boutique\/perkins\/2418f437\/","title":{"rendered":"R\u00e9f. : 2418F437"},"content":{"rendered":"<p><strong data-start=\"977\" data-end=\"994\">Description :<\/strong><br data-start=\"994\" data-end=\"997\" \/><strong>La pi\u00e8ce PERKINS 2418F437 \u2013 Arr\u00eat d\u2019huile est con\u00e7ue pour assurer un contr\u00f4le fiable du flux d\u2019huile moteur dans les moteurs diesel PERKINS. Gr\u00e2ce \u00e0 sa fabrication en mat\u00e9riaux r\u00e9sistants, elle offre une \u00e9tanch\u00e9it\u00e9 optimale, prot\u00e8ge le moteur contre les fuites et pr\u00e9serve la bonne pression d\u2019huile pour une performance durable.<\/strong><\/p>","protected":false},"excerpt":{"rendered":"<p><strong>Arr\u00eat d\u2019huile \u2013 PERKINS<\/strong><\/p>\n<p data-start=\"148\" data-end=\"173\"><strong data-start=\"150\" data-end=\"171\">Compatible avec :<\/strong><\/p>\n<ul data-start=\"174\" data-end=\"297\">\n<li data-start=\"174\" data-end=\"297\">\n<p data-start=\"176\" data-end=\"297\">Moteurs <strong data-start=\"184\" data-end=\"195\">PERKINS<\/strong> (applications industrielles, agricoles, BTP et groupes \u00e9lectrog\u00e8nes, selon r\u00e9f\u00e9rence constructeur).<\/p>\n<\/li>\n<\/ul>\n<p data-start=\"299\" data-end=\"478\"><strong data-start=\"302\" data-end=\"316\">Fonction :<\/strong><br data-start=\"316\" data-end=\"319\" \/>Assurer l\u2019arr\u00eat et la r\u00e9gulation du flux d\u2019huile moteur, maintenir la bonne pression de lubrification et \u00e9viter tout retour ou fuite d\u2019huile dans le circuit.<\/p>\n<p data-start=\"480\" data-end=\"506\"><strong data-start=\"482\" data-end=\"504\">Caract\u00e9ristiques :<\/strong><\/p>\n<ul data-start=\"507\" data-end=\"804\">\n<li data-start=\"507\" data-end=\"566\">\n<p data-start=\"509\" data-end=\"566\">Type : <strong data-start=\"516\" data-end=\"564\">Arr\u00eat d\u2019huile (Oil Stop \/ Oil Cut-off Valve)<\/strong><\/p>\n<\/li>\n<li data-start=\"567\" data-end=\"636\">\n<p data-start=\"569\" data-end=\"636\">Conception robuste et durable, conforme aux standards <strong data-start=\"623\" data-end=\"634\">PERKINS<\/strong><\/p>\n<\/li>\n<li data-start=\"637\" data-end=\"710\">\n<p data-start=\"639\" data-end=\"710\">R\u00e9sistance \u00e9lev\u00e9e \u00e0 la pression et aux temp\u00e9ratures de fonctionnement<\/p>\n<\/li>\n<li data-start=\"711\" data-end=\"804\">\n<p data-start=\"713\" data-end=\"804\">Garantit la protection et la long\u00e9vit\u00e9 du moteur en maintenant une lubrification efficace<\/p>\n<\/li>\n<\/ul>\n<p data-start=\"806\" data-end=\"972\"><strong data-start=\"809\" data-end=\"827\">Installation :<\/strong><br data-start=\"827\" data-end=\"830\" \/>Montage simple et direct, remplacement selon les instructions constructeur. V\u00e9rifier l\u2019\u00e9tanch\u00e9it\u00e9 et la compatibilit\u00e9 avant mise en service.<\/p>","protected":false},"featured_media":9492,"comment_status":"open","ping_status":"closed","template":"","meta":[],"product_brand":[282],"product_cat":[283],"product_tag":[],"class_list":{"0":"post-8670","1":"product","2":"type-product","3":"status-publish","4":"has-post-thumbnail","6":"product_brand-perkins","7":"product_cat-perkins","9":"first","10":"instock","11":"shipping-taxable","12":"product-type-simple"},"yoast_head":"<!-- This site is optimized with the Yoast SEO plugin v25.5 - https:\/\/yoast.com\/wordpress\/plugins\/seo\/ -->\n<title>R\u00e9f. : 2418F437 - TRAKECH PARTS<\/title>\n<meta name=\"robots\" content=\"index, follow, max-snippet:-1, max-image-preview:large, max-video-preview:-1\" \/>\n<link rel=\"canonical\" href=\"https:\/\/trakesh.com\/ar\/notre-boutique\/perkins\/2418f437\/\" \/>\n<meta property=\"og:locale\" content=\"ar_AR\" \/>\n<meta property=\"og:type\" content=\"article\" \/>\n<meta property=\"og:title\" content=\"R\u00e9f. : 2418F437 - TRAKECH PARTS\" \/>\n<meta property=\"og:description\" content=\"Arr\u00eat d\u2019huile \u2013 PERKINS Compatible avec :     Moteurs PERKINS (applications industrielles, agricoles, BTP et groupes \u00e9lectrog\u00e8nes, selon r\u00e9f\u00e9rence constructeur).   Fonction :Assurer l\u2019arr\u00eat et la r\u00e9gulation du flux d\u2019huile moteur, maintenir la bonne pression de lubrification et \u00e9viter tout retour ou fuite d\u2019huile dans le circuit. Caract\u00e9ristiques :     Type : Arr\u00eat d\u2019huile (Oil Stop \/ Oil Cut-off Valve)    Conception robuste et durable, conforme aux standards PERKINS    R\u00e9sistance \u00e9lev\u00e9e \u00e0 la pression et aux temp\u00e9ratures de fonctionnement    Garantit la protection et la long\u00e9vit\u00e9 du moteur en maintenant une lubrification efficace   Installation :Montage simple et direct, remplacement selon les instructions constructeur. V\u00e9rifier l\u2019\u00e9tanch\u00e9it\u00e9 et la compatibilit\u00e9 avant mise en service.\" \/>\n<meta property=\"og:url\" content=\"https:\/\/trakesh.com\/ar\/notre-boutique\/perkins\/2418f437\/\" \/>\n<meta property=\"og:site_name\" content=\"TRAKECH PARTS\" \/>\n<meta property=\"article:publisher\" content=\"https:\/\/web.facebook.com\/trakechparts\/?locale=fr_FR\" \/>\n<meta property=\"article:modified_time\" content=\"2025-11-03T16:12:02+00:00\" \/>\n<meta property=\"og:image\" content=\"https:\/\/trakesh.com\/wp-content\/uploads\/2025\/08\/MA-2025-11-03T171136.707.png\" \/>\n\t<meta property=\"og:image:width\" content=\"800\" \/>\n\t<meta property=\"og:image:height\" content=\"800\" \/>\n\t<meta property=\"og:image:type\" content=\"image\/png\" \/>\n<meta name=\"twitter:card\" content=\"summary_large_image\" \/>\n<meta name=\"twitter:label1\" content=\"\u0648\u0642\u062a \u0627\u0644\u0642\u0631\u0627\u0621\u0629 \u0627\u0644\u0645\u064f\u0642\u062f\u0651\u0631\" \/>\n\t<meta name=\"twitter:data1\" content=\"\u062f\u0642\u064a\u0642\u0629 \u0648\u0627\u062d\u062f\u0629\" \/>\n<script type=\"application\/ld+json\" class=\"yoast-schema-graph\">{\"@context\":\"https:\/\/schema.org\",\"@graph\":[{\"@type\":\"WebPage\",\"@id\":\"https:\/\/trakesh.com\/notre-boutique\/perkins\/2418f437\/\",\"url\":\"https:\/\/trakesh.com\/notre-boutique\/perkins\/2418f437\/\",\"name\":\"R\u00e9f. : 2418F437 - TRAKECH PARTS\",\"isPartOf\":{\"@id\":\"https:\/\/trakesh.com\/#website\"},\"primaryImageOfPage\":{\"@id\":\"https:\/\/trakesh.com\/notre-boutique\/perkins\/2418f437\/#primaryimage\"},\"image\":{\"@id\":\"https:\/\/trakesh.com\/notre-boutique\/perkins\/2418f437\/#primaryimage\"},\"thumbnailUrl\":\"https:\/\/trakesh.com\/wp-content\/uploads\/2025\/08\/MA-2025-11-03T171136.707.png\",\"datePublished\":\"2025-08-22T22:57:00+00:00\",\"dateModified\":\"2025-11-03T16:12:02+00:00\",\"breadcrumb\":{\"@id\":\"https:\/\/trakesh.com\/notre-boutique\/perkins\/2418f437\/#breadcrumb\"},\"inLanguage\":\"ar\",\"potentialAction\":[{\"@type\":\"ReadAction\",\"target\":[\"https:\/\/trakesh.com\/notre-boutique\/perkins\/2418f437\/\"]}]},{\"@type\":\"ImageObject\",\"inLanguage\":\"ar\",\"@id\":\"https:\/\/trakesh.com\/notre-boutique\/perkins\/2418f437\/#primaryimage\",\"url\":\"https:\/\/trakesh.com\/wp-content\/uploads\/2025\/08\/MA-2025-11-03T171136.707.png\",\"contentUrl\":\"https:\/\/trakesh.com\/wp-content\/uploads\/2025\/08\/MA-2025-11-03T171136.707.png\",\"width\":800,\"height\":800},{\"@type\":\"BreadcrumbList\",\"@id\":\"https:\/\/trakesh.com\/notre-boutique\/perkins\/2418f437\/#breadcrumb\",\"itemListElement\":[{\"@type\":\"ListItem\",\"position\":1,\"name\":\"Home\",\"item\":\"https:\/\/trakesh.com\/\"},{\"@type\":\"ListItem\",\"position\":2,\"name\":\"Notre Boutique\",\"item\":\"https:\/\/trakesh.com\/notre-boutique\/\"},{\"@type\":\"ListItem\",\"position\":3,\"name\":\"R\u00e9f. : 2418F437\"}]},{\"@type\":\"WebSite\",\"@id\":\"https:\/\/trakesh.com\/#website\",\"url\":\"https:\/\/trakesh.com\/\",\"name\":\"TRAKECH PARTS\",\"description\":\"Pi\u00e8ces de rechange pour camions MAN, moteurs CATERPILLAR et PERKINS \u2013 Maroc\",\"publisher\":{\"@id\":\"https:\/\/trakesh.com\/#organization\"},\"potentialAction\":[{\"@type\":\"SearchAction\",\"target\":{\"@type\":\"EntryPoint\",\"urlTemplate\":\"https:\/\/trakesh.com\/?s={search_term_string}\"},\"query-input\":{\"@type\":\"PropertyValueSpecification\",\"valueRequired\":true,\"valueName\":\"search_term_string\"}}],\"inLanguage\":\"ar\"},{\"@type\":\"Organization\",\"@id\":\"https:\/\/trakesh.com\/#organization\",\"name\":\"TRAKECH PARTS\",\"url\":\"https:\/\/trakesh.com\/\",\"logo\":{\"@type\":\"ImageObject\",\"inLanguage\":\"ar\",\"@id\":\"https:\/\/trakesh.com\/#\/schema\/logo\/image\/\",\"url\":\"https:\/\/trakesh.com\/wp-content\/uploads\/2025\/05\/cropped-cropped-cropped-cropped-cropped-cropped-cropped-trakesh-removebg-preview-1.png\",\"contentUrl\":\"https:\/\/trakesh.com\/wp-content\/uploads\/2025\/05\/cropped-cropped-cropped-cropped-cropped-cropped-cropped-trakesh-removebg-preview-1.png\",\"width\":342,\"height\":96,\"caption\":\"TRAKECH PARTS\"},\"image\":{\"@id\":\"https:\/\/trakesh.com\/#\/schema\/logo\/image\/\"},\"sameAs\":[\"https:\/\/web.facebook.com\/trakechparts\/?locale=fr_FR\",\"https:\/\/www.instagram.com\/trakech_parts\/\"]}]}<\/script>\n<!-- \/ Yoast SEO plugin. -->","yoast_head_json":{"title":"R\u00e9f. : 2418F437 - TRAKECH PARTS","robots":{"index":"index","follow":"follow","max-snippet":"max-snippet:-1","max-image-preview":"max-image-preview:large","max-video-preview":"max-video-preview:-1"},"canonical":"https:\/\/trakesh.com\/ar\/notre-boutique\/perkins\/2418f437\/","og_locale":"ar_AR","og_type":"article","og_title":"R\u00e9f. : 2418F437 - TRAKECH PARTS","og_description":"Arr\u00eat d\u2019huile \u2013 PERKINS Compatible avec :     Moteurs PERKINS (applications industrielles, agricoles, BTP et groupes \u00e9lectrog\u00e8nes, selon r\u00e9f\u00e9rence constructeur).   Fonction :Assurer l\u2019arr\u00eat et la r\u00e9gulation du flux d\u2019huile moteur, maintenir la bonne pression de lubrification et \u00e9viter tout retour ou fuite d\u2019huile dans le circuit. Caract\u00e9ristiques :     Type : Arr\u00eat d\u2019huile (Oil Stop \/ Oil Cut-off Valve)    Conception robuste et durable, conforme aux standards PERKINS    R\u00e9sistance \u00e9lev\u00e9e \u00e0 la pression et aux temp\u00e9ratures de fonctionnement    Garantit la protection et la long\u00e9vit\u00e9 du moteur en maintenant une lubrification efficace   Installation :Montage simple et direct, remplacement selon les instructions constructeur. V\u00e9rifier l\u2019\u00e9tanch\u00e9it\u00e9 et la compatibilit\u00e9 avant mise en service.","og_url":"https:\/\/trakesh.com\/ar\/notre-boutique\/perkins\/2418f437\/","og_site_name":"TRAKECH PARTS","article_publisher":"https:\/\/web.facebook.com\/trakechparts\/?locale=fr_FR","article_modified_time":"2025-11-03T16:12:02+00:00","og_image":[{"width":800,"height":800,"url":"https:\/\/trakesh.com\/wp-content\/uploads\/2025\/08\/MA-2025-11-03T171136.707.png","type":"image\/png"}],"twitter_card":"summary_large_image","twitter_misc":{"\u0648\u0642\u062a \u0627\u0644\u0642\u0631\u0627\u0621\u0629 \u0627\u0644\u0645\u064f\u0642\u062f\u0651\u0631":"\u062f\u0642\u064a\u0642\u0629 \u0648\u0627\u062d\u062f\u0629"},"schema":{"@context":"https:\/\/schema.org","@graph":[{"@type":"WebPage","@id":"https:\/\/trakesh.com\/notre-boutique\/perkins\/2418f437\/","url":"https:\/\/trakesh.com\/notre-boutique\/perkins\/2418f437\/","name":"R\u00e9f. : 2418F437 - TRAKECH PARTS","isPartOf":{"@id":"https:\/\/trakesh.com\/#website"},"primaryImageOfPage":{"@id":"https:\/\/trakesh.com\/notre-boutique\/perkins\/2418f437\/#primaryimage"},"image":{"@id":"https:\/\/trakesh.com\/notre-boutique\/perkins\/2418f437\/#primaryimage"},"thumbnailUrl":"https:\/\/trakesh.com\/wp-content\/uploads\/2025\/08\/MA-2025-11-03T171136.707.png","datePublished":"2025-08-22T22:57:00+00:00","dateModified":"2025-11-03T16:12:02+00:00","breadcrumb":{"@id":"https:\/\/trakesh.com\/notre-boutique\/perkins\/2418f437\/#breadcrumb"},"inLanguage":"ar","potentialAction":[{"@type":"ReadAction","target":["https:\/\/trakesh.com\/notre-boutique\/perkins\/2418f437\/"]}]},{"@type":"ImageObject","inLanguage":"ar","@id":"https:\/\/trakesh.com\/notre-boutique\/perkins\/2418f437\/#primaryimage","url":"https:\/\/trakesh.com\/wp-content\/uploads\/2025\/08\/MA-2025-11-03T171136.707.png","contentUrl":"https:\/\/trakesh.com\/wp-content\/uploads\/2025\/08\/MA-2025-11-03T171136.707.png","width":800,"height":800},{"@type":"BreadcrumbList","@id":"https:\/\/trakesh.com\/notre-boutique\/perkins\/2418f437\/#breadcrumb","itemListElement":[{"@type":"ListItem","position":1,"name":"Home","item":"https:\/\/trakesh.com\/"},{"@type":"ListItem","position":2,"name":"Notre Boutique","item":"https:\/\/trakesh.com\/notre-boutique\/"},{"@type":"ListItem","position":3,"name":"R\u00e9f. : 2418F437"}]},{"@type":"WebSite","@id":"https:\/\/trakesh.com\/#website","url":"https:\/\/trakesh.com\/","name":"TRAKECH PARTS","description":"Pi\u00e8ces de rechange pour camions MAN, moteurs CATERPILLAR et PERKINS \u2013 Maroc","publisher":{"@id":"https:\/\/trakesh.com\/#organization"},"potentialAction":[{"@type":"SearchAction","target":{"@type":"EntryPoint","urlTemplate":"https:\/\/trakesh.com\/?s={search_term_string}"},"query-input":{"@type":"PropertyValueSpecification","valueRequired":true,"valueName":"search_term_string"}}],"inLanguage":"ar"},{"@type":"Organization","@id":"https:\/\/trakesh.com\/#organization","name":"TRAKECH PARTS","url":"https:\/\/trakesh.com\/","logo":{"@type":"ImageObject","inLanguage":"ar","@id":"https:\/\/trakesh.com\/#\/schema\/logo\/image\/","url":"https:\/\/trakesh.com\/wp-content\/uploads\/2025\/05\/cropped-cropped-cropped-cropped-cropped-cropped-cropped-trakesh-removebg-preview-1.png","contentUrl":"https:\/\/trakesh.com\/wp-content\/uploads\/2025\/05\/cropped-cropped-cropped-cropped-cropped-cropped-cropped-trakesh-removebg-preview-1.png","width":342,"height":96,"caption":"TRAKECH PARTS"},"image":{"@id":"https:\/\/trakesh.com\/#\/schema\/logo\/image\/"},"sameAs":["https:\/\/web.facebook.com\/trakechparts\/?locale=fr_FR","https:\/\/www.instagram.com\/trakech_parts\/"]}]}},"_links":{"self":[{"href":"https:\/\/trakesh.com\/ar\/wp-json\/wp\/v2\/product\/8670","targetHints":{"allow":["GET"]}}],"collection":[{"href":"https:\/\/trakesh.com\/ar\/wp-json\/wp\/v2\/product"}],"about":[{"href":"https:\/\/trakesh.com\/ar\/wp-json\/wp\/v2\/types\/product"}],"replies":[{"embeddable":true,"href":"https:\/\/trakesh.com\/ar\/wp-json\/wp\/v2\/comments?post=8670"}],"wp:featuredmedia":[{"embeddable":true,"href":"https:\/\/trakesh.com\/ar\/wp-json\/wp\/v2\/media\/9492"}],"wp:attachment":[{"href":"https:\/\/trakesh.com\/ar\/wp-json\/wp\/v2\/media?parent=8670"}],"wp:term":[{"taxonomy":"product_brand","embeddable":true,"href":"https:\/\/trakesh.com\/ar\/wp-json\/wp\/v2\/product_brand?post=8670"},{"taxonomy":"product_cat","embeddable":true,"href":"https:\/\/trakesh.com\/ar\/wp-json\/wp\/v2\/product_cat?post=8670"},{"taxonomy":"product_tag","embeddable":true,"href":"https:\/\/trakesh.com\/ar\/wp-json\/wp\/v2\/product_tag?post=8670"}],"curies":[{"name":"wp","href":"https:\/\/api.w.org\/{rel}","templated":true}]}}