{"id":8672,"date":"2025-08-22T23:59:05","date_gmt":"2025-08-22T22:59:05","guid":{"rendered":"https:\/\/trakesh.com\/?post_type=product&#038;p=8672"},"modified":"2025-11-03T17:10:16","modified_gmt":"2025-11-03T16:10:16","slug":"2418f475","status":"publish","type":"product","link":"https:\/\/trakesh.com\/ar\/notre-boutique\/perkins\/2418f475\/","title":{"rendered":"R\u00e9f. : 2418F475"},"content":{"rendered":"<p><strong data-start=\"953\" data-end=\"970\">Description :<\/strong><br data-start=\"970\" data-end=\"973\" \/><strong>La pi\u00e8ce PERKINS 2418F475 \u2013 Arr\u00eat d\u2019huile assure le maintien d\u2019une bonne pression et circulation de l\u2019huile moteur dans les moteurs diesel PERKINS. Con\u00e7ue avec des mat\u00e9riaux robustes et r\u00e9sistants aux conditions de fonctionnement extr\u00eames, elle garantit fiabilit\u00e9, performance et long\u00e9vit\u00e9 du moteur<\/strong><\/p>","protected":false},"excerpt":{"rendered":"<p><strong>Arr\u00eat d\u2019huile \u2013 PERKINS<\/strong><\/p>\n<p data-start=\"129\" data-end=\"154\"><strong data-start=\"131\" data-end=\"152\">Compatible avec :<\/strong><\/p>\n<ul data-start=\"155\" data-end=\"273\">\n<li data-start=\"155\" data-end=\"273\">\n<p data-start=\"157\" data-end=\"273\">Moteurs <strong data-start=\"165\" data-end=\"176\">PERKINS<\/strong> (selon r\u00e9f\u00e9rence constructeur, applications industrielles, agricoles et groupes \u00e9lectrog\u00e8nes).<\/p>\n<\/li>\n<\/ul>\n<p data-start=\"275\" data-end=\"505\"><strong data-start=\"278\" data-end=\"292\">Fonction :<\/strong><br data-start=\"292\" data-end=\"295\" \/>\u00c9l\u00e9ment du syst\u00e8me de lubrification, l\u2019arr\u00eat d\u2019huile permet de r\u00e9guler et de contr\u00f4ler la circulation de l\u2019huile moteur, \u00e9vitant les retours ind\u00e9sirables et assurant une lubrification optimale des composants.<\/p>\n<p data-start=\"507\" data-end=\"533\"><strong data-start=\"509\" data-end=\"531\">Caract\u00e9ristiques :<\/strong><\/p>\n<ul data-start=\"534\" data-end=\"823\">\n<li data-start=\"534\" data-end=\"573\">\n<p data-start=\"536\" data-end=\"573\">Type : <strong data-start=\"543\" data-end=\"571\">Arr\u00eat d\u2019huile \/ Oil Stop<\/strong><\/p>\n<\/li>\n<li data-start=\"574\" data-end=\"667\">\n<p data-start=\"576\" data-end=\"667\">Mat\u00e9riaux : alliage m\u00e9tallique et composants r\u00e9sistants \u00e0 la pression et \u00e0 la temp\u00e9rature<\/p>\n<\/li>\n<li data-start=\"668\" data-end=\"751\">\n<p data-start=\"670\" data-end=\"751\">Conception conforme aux sp\u00e9cifications <strong data-start=\"709\" data-end=\"720\">PERKINS<\/strong> pour une parfaite \u00e9tanch\u00e9it\u00e9<\/p>\n<\/li>\n<li data-start=\"752\" data-end=\"823\">\n<p data-start=\"754\" data-end=\"823\">Prot\u00e8ge le moteur contre les fuites et la perte de pression d\u2019huile<\/p>\n<\/li>\n<\/ul>\n<p data-start=\"825\" data-end=\"948\"><strong data-start=\"828\" data-end=\"846\">Installation :<\/strong><br data-start=\"846\" data-end=\"849\" \/>Remplacement direct \u2013 montage simple en respectant les sp\u00e9cifications et tol\u00e9rances constructeur.<\/p>","protected":false},"featured_media":9491,"comment_status":"open","ping_status":"closed","template":"","meta":[],"product_brand":[282],"product_cat":[283],"product_tag":[],"class_list":{"0":"post-8672","1":"product","2":"type-product","3":"status-publish","4":"has-post-thumbnail","6":"product_brand-perkins","7":"product_cat-perkins","9":"first","10":"instock","11":"shipping-taxable","12":"product-type-simple"},"yoast_head":"<!-- This site is optimized with the Yoast SEO plugin v25.5 - https:\/\/yoast.com\/wordpress\/plugins\/seo\/ -->\n<title>R\u00e9f. : 2418F475 - TRAKECH PARTS<\/title>\n<meta name=\"robots\" content=\"index, follow, max-snippet:-1, max-image-preview:large, max-video-preview:-1\" \/>\n<link rel=\"canonical\" href=\"https:\/\/trakesh.com\/ar\/notre-boutique\/perkins\/2418f475\/\" \/>\n<meta property=\"og:locale\" content=\"ar_AR\" \/>\n<meta property=\"og:type\" content=\"article\" \/>\n<meta property=\"og:title\" content=\"R\u00e9f. : 2418F475 - TRAKECH PARTS\" \/>\n<meta property=\"og:description\" content=\"Arr\u00eat d\u2019huile \u2013 PERKINS Compatible avec :     Moteurs PERKINS (selon r\u00e9f\u00e9rence constructeur, applications industrielles, agricoles et groupes \u00e9lectrog\u00e8nes).   Fonction :\u00c9l\u00e9ment du syst\u00e8me de lubrification, l\u2019arr\u00eat d\u2019huile permet de r\u00e9guler et de contr\u00f4ler la circulation de l\u2019huile moteur, \u00e9vitant les retours ind\u00e9sirables et assurant une lubrification optimale des composants. Caract\u00e9ristiques :     Type : Arr\u00eat d\u2019huile \/ Oil Stop    Mat\u00e9riaux : alliage m\u00e9tallique et composants r\u00e9sistants \u00e0 la pression et \u00e0 la temp\u00e9rature    Conception conforme aux sp\u00e9cifications PERKINS pour une parfaite \u00e9tanch\u00e9it\u00e9    Prot\u00e8ge le moteur contre les fuites et la perte de pression d\u2019huile   Installation :Remplacement direct \u2013 montage simple en respectant les sp\u00e9cifications et tol\u00e9rances constructeur.\" \/>\n<meta property=\"og:url\" content=\"https:\/\/trakesh.com\/ar\/notre-boutique\/perkins\/2418f475\/\" \/>\n<meta property=\"og:site_name\" content=\"TRAKECH PARTS\" \/>\n<meta property=\"article:publisher\" content=\"https:\/\/web.facebook.com\/trakechparts\/?locale=fr_FR\" \/>\n<meta property=\"article:modified_time\" content=\"2025-11-03T16:10:16+00:00\" \/>\n<meta property=\"og:image\" content=\"https:\/\/trakesh.com\/wp-content\/uploads\/2025\/08\/MA-2025-11-03T170952.322.png\" \/>\n\t<meta property=\"og:image:width\" content=\"800\" \/>\n\t<meta property=\"og:image:height\" content=\"800\" \/>\n\t<meta property=\"og:image:type\" content=\"image\/png\" \/>\n<meta name=\"twitter:card\" content=\"summary_large_image\" \/>\n<meta name=\"twitter:label1\" content=\"\u0648\u0642\u062a \u0627\u0644\u0642\u0631\u0627\u0621\u0629 \u0627\u0644\u0645\u064f\u0642\u062f\u0651\u0631\" \/>\n\t<meta name=\"twitter:data1\" content=\"\u062f\u0642\u064a\u0642\u0629 \u0648\u0627\u062d\u062f\u0629\" \/>\n<script type=\"application\/ld+json\" class=\"yoast-schema-graph\">{\"@context\":\"https:\/\/schema.org\",\"@graph\":[{\"@type\":\"WebPage\",\"@id\":\"https:\/\/trakesh.com\/notre-boutique\/perkins\/2418f475\/\",\"url\":\"https:\/\/trakesh.com\/notre-boutique\/perkins\/2418f475\/\",\"name\":\"R\u00e9f. : 2418F475 - TRAKECH PARTS\",\"isPartOf\":{\"@id\":\"https:\/\/trakesh.com\/#website\"},\"primaryImageOfPage\":{\"@id\":\"https:\/\/trakesh.com\/notre-boutique\/perkins\/2418f475\/#primaryimage\"},\"image\":{\"@id\":\"https:\/\/trakesh.com\/notre-boutique\/perkins\/2418f475\/#primaryimage\"},\"thumbnailUrl\":\"https:\/\/trakesh.com\/wp-content\/uploads\/2025\/08\/MA-2025-11-03T170952.322.png\",\"datePublished\":\"2025-08-22T22:59:05+00:00\",\"dateModified\":\"2025-11-03T16:10:16+00:00\",\"breadcrumb\":{\"@id\":\"https:\/\/trakesh.com\/notre-boutique\/perkins\/2418f475\/#breadcrumb\"},\"inLanguage\":\"ar\",\"potentialAction\":[{\"@type\":\"ReadAction\",\"target\":[\"https:\/\/trakesh.com\/notre-boutique\/perkins\/2418f475\/\"]}]},{\"@type\":\"ImageObject\",\"inLanguage\":\"ar\",\"@id\":\"https:\/\/trakesh.com\/notre-boutique\/perkins\/2418f475\/#primaryimage\",\"url\":\"https:\/\/trakesh.com\/wp-content\/uploads\/2025\/08\/MA-2025-11-03T170952.322.png\",\"contentUrl\":\"https:\/\/trakesh.com\/wp-content\/uploads\/2025\/08\/MA-2025-11-03T170952.322.png\",\"width\":800,\"height\":800},{\"@type\":\"BreadcrumbList\",\"@id\":\"https:\/\/trakesh.com\/notre-boutique\/perkins\/2418f475\/#breadcrumb\",\"itemListElement\":[{\"@type\":\"ListItem\",\"position\":1,\"name\":\"Home\",\"item\":\"https:\/\/trakesh.com\/\"},{\"@type\":\"ListItem\",\"position\":2,\"name\":\"Notre Boutique\",\"item\":\"https:\/\/trakesh.com\/notre-boutique\/\"},{\"@type\":\"ListItem\",\"position\":3,\"name\":\"R\u00e9f. : 2418F475\"}]},{\"@type\":\"WebSite\",\"@id\":\"https:\/\/trakesh.com\/#website\",\"url\":\"https:\/\/trakesh.com\/\",\"name\":\"TRAKECH PARTS\",\"description\":\"Pi\u00e8ces de rechange pour camions MAN, moteurs CATERPILLAR et PERKINS \u2013 Maroc\",\"publisher\":{\"@id\":\"https:\/\/trakesh.com\/#organization\"},\"potentialAction\":[{\"@type\":\"SearchAction\",\"target\":{\"@type\":\"EntryPoint\",\"urlTemplate\":\"https:\/\/trakesh.com\/?s={search_term_string}\"},\"query-input\":{\"@type\":\"PropertyValueSpecification\",\"valueRequired\":true,\"valueName\":\"search_term_string\"}}],\"inLanguage\":\"ar\"},{\"@type\":\"Organization\",\"@id\":\"https:\/\/trakesh.com\/#organization\",\"name\":\"TRAKECH PARTS\",\"url\":\"https:\/\/trakesh.com\/\",\"logo\":{\"@type\":\"ImageObject\",\"inLanguage\":\"ar\",\"@id\":\"https:\/\/trakesh.com\/#\/schema\/logo\/image\/\",\"url\":\"https:\/\/trakesh.com\/wp-content\/uploads\/2025\/05\/cropped-cropped-cropped-cropped-cropped-cropped-cropped-trakesh-removebg-preview-1.png\",\"contentUrl\":\"https:\/\/trakesh.com\/wp-content\/uploads\/2025\/05\/cropped-cropped-cropped-cropped-cropped-cropped-cropped-trakesh-removebg-preview-1.png\",\"width\":342,\"height\":96,\"caption\":\"TRAKECH PARTS\"},\"image\":{\"@id\":\"https:\/\/trakesh.com\/#\/schema\/logo\/image\/\"},\"sameAs\":[\"https:\/\/web.facebook.com\/trakechparts\/?locale=fr_FR\",\"https:\/\/www.instagram.com\/trakech_parts\/\"]}]}<\/script>\n<!-- \/ Yoast SEO plugin. -->","yoast_head_json":{"title":"R\u00e9f. : 2418F475 - TRAKECH PARTS","robots":{"index":"index","follow":"follow","max-snippet":"max-snippet:-1","max-image-preview":"max-image-preview:large","max-video-preview":"max-video-preview:-1"},"canonical":"https:\/\/trakesh.com\/ar\/notre-boutique\/perkins\/2418f475\/","og_locale":"ar_AR","og_type":"article","og_title":"R\u00e9f. : 2418F475 - TRAKECH PARTS","og_description":"Arr\u00eat d\u2019huile \u2013 PERKINS Compatible avec :     Moteurs PERKINS (selon r\u00e9f\u00e9rence constructeur, applications industrielles, agricoles et groupes \u00e9lectrog\u00e8nes).   Fonction :\u00c9l\u00e9ment du syst\u00e8me de lubrification, l\u2019arr\u00eat d\u2019huile permet de r\u00e9guler et de contr\u00f4ler la circulation de l\u2019huile moteur, \u00e9vitant les retours ind\u00e9sirables et assurant une lubrification optimale des composants. Caract\u00e9ristiques :     Type : Arr\u00eat d\u2019huile \/ Oil Stop    Mat\u00e9riaux : alliage m\u00e9tallique et composants r\u00e9sistants \u00e0 la pression et \u00e0 la temp\u00e9rature    Conception conforme aux sp\u00e9cifications PERKINS pour une parfaite \u00e9tanch\u00e9it\u00e9    Prot\u00e8ge le moteur contre les fuites et la perte de pression d\u2019huile   Installation :Remplacement direct \u2013 montage simple en respectant les sp\u00e9cifications et tol\u00e9rances constructeur.","og_url":"https:\/\/trakesh.com\/ar\/notre-boutique\/perkins\/2418f475\/","og_site_name":"TRAKECH PARTS","article_publisher":"https:\/\/web.facebook.com\/trakechparts\/?locale=fr_FR","article_modified_time":"2025-11-03T16:10:16+00:00","og_image":[{"width":800,"height":800,"url":"https:\/\/trakesh.com\/wp-content\/uploads\/2025\/08\/MA-2025-11-03T170952.322.png","type":"image\/png"}],"twitter_card":"summary_large_image","twitter_misc":{"\u0648\u0642\u062a \u0627\u0644\u0642\u0631\u0627\u0621\u0629 \u0627\u0644\u0645\u064f\u0642\u062f\u0651\u0631":"\u062f\u0642\u064a\u0642\u0629 \u0648\u0627\u062d\u062f\u0629"},"schema":{"@context":"https:\/\/schema.org","@graph":[{"@type":"WebPage","@id":"https:\/\/trakesh.com\/notre-boutique\/perkins\/2418f475\/","url":"https:\/\/trakesh.com\/notre-boutique\/perkins\/2418f475\/","name":"R\u00e9f. : 2418F475 - TRAKECH PARTS","isPartOf":{"@id":"https:\/\/trakesh.com\/#website"},"primaryImageOfPage":{"@id":"https:\/\/trakesh.com\/notre-boutique\/perkins\/2418f475\/#primaryimage"},"image":{"@id":"https:\/\/trakesh.com\/notre-boutique\/perkins\/2418f475\/#primaryimage"},"thumbnailUrl":"https:\/\/trakesh.com\/wp-content\/uploads\/2025\/08\/MA-2025-11-03T170952.322.png","datePublished":"2025-08-22T22:59:05+00:00","dateModified":"2025-11-03T16:10:16+00:00","breadcrumb":{"@id":"https:\/\/trakesh.com\/notre-boutique\/perkins\/2418f475\/#breadcrumb"},"inLanguage":"ar","potentialAction":[{"@type":"ReadAction","target":["https:\/\/trakesh.com\/notre-boutique\/perkins\/2418f475\/"]}]},{"@type":"ImageObject","inLanguage":"ar","@id":"https:\/\/trakesh.com\/notre-boutique\/perkins\/2418f475\/#primaryimage","url":"https:\/\/trakesh.com\/wp-content\/uploads\/2025\/08\/MA-2025-11-03T170952.322.png","contentUrl":"https:\/\/trakesh.com\/wp-content\/uploads\/2025\/08\/MA-2025-11-03T170952.322.png","width":800,"height":800},{"@type":"BreadcrumbList","@id":"https:\/\/trakesh.com\/notre-boutique\/perkins\/2418f475\/#breadcrumb","itemListElement":[{"@type":"ListItem","position":1,"name":"Home","item":"https:\/\/trakesh.com\/"},{"@type":"ListItem","position":2,"name":"Notre Boutique","item":"https:\/\/trakesh.com\/notre-boutique\/"},{"@type":"ListItem","position":3,"name":"R\u00e9f. : 2418F475"}]},{"@type":"WebSite","@id":"https:\/\/trakesh.com\/#website","url":"https:\/\/trakesh.com\/","name":"TRAKECH PARTS","description":"Pi\u00e8ces de rechange pour camions MAN, moteurs CATERPILLAR et PERKINS \u2013 Maroc","publisher":{"@id":"https:\/\/trakesh.com\/#organization"},"potentialAction":[{"@type":"SearchAction","target":{"@type":"EntryPoint","urlTemplate":"https:\/\/trakesh.com\/?s={search_term_string}"},"query-input":{"@type":"PropertyValueSpecification","valueRequired":true,"valueName":"search_term_string"}}],"inLanguage":"ar"},{"@type":"Organization","@id":"https:\/\/trakesh.com\/#organization","name":"TRAKECH PARTS","url":"https:\/\/trakesh.com\/","logo":{"@type":"ImageObject","inLanguage":"ar","@id":"https:\/\/trakesh.com\/#\/schema\/logo\/image\/","url":"https:\/\/trakesh.com\/wp-content\/uploads\/2025\/05\/cropped-cropped-cropped-cropped-cropped-cropped-cropped-trakesh-removebg-preview-1.png","contentUrl":"https:\/\/trakesh.com\/wp-content\/uploads\/2025\/05\/cropped-cropped-cropped-cropped-cropped-cropped-cropped-trakesh-removebg-preview-1.png","width":342,"height":96,"caption":"TRAKECH PARTS"},"image":{"@id":"https:\/\/trakesh.com\/#\/schema\/logo\/image\/"},"sameAs":["https:\/\/web.facebook.com\/trakechparts\/?locale=fr_FR","https:\/\/www.instagram.com\/trakech_parts\/"]}]}},"_links":{"self":[{"href":"https:\/\/trakesh.com\/ar\/wp-json\/wp\/v2\/product\/8672","targetHints":{"allow":["GET"]}}],"collection":[{"href":"https:\/\/trakesh.com\/ar\/wp-json\/wp\/v2\/product"}],"about":[{"href":"https:\/\/trakesh.com\/ar\/wp-json\/wp\/v2\/types\/product"}],"replies":[{"embeddable":true,"href":"https:\/\/trakesh.com\/ar\/wp-json\/wp\/v2\/comments?post=8672"}],"wp:featuredmedia":[{"embeddable":true,"href":"https:\/\/trakesh.com\/ar\/wp-json\/wp\/v2\/media\/9491"}],"wp:attachment":[{"href":"https:\/\/trakesh.com\/ar\/wp-json\/wp\/v2\/media?parent=8672"}],"wp:term":[{"taxonomy":"product_brand","embeddable":true,"href":"https:\/\/trakesh.com\/ar\/wp-json\/wp\/v2\/product_brand?post=8672"},{"taxonomy":"product_cat","embeddable":true,"href":"https:\/\/trakesh.com\/ar\/wp-json\/wp\/v2\/product_cat?post=8672"},{"taxonomy":"product_tag","embeddable":true,"href":"https:\/\/trakesh.com\/ar\/wp-json\/wp\/v2\/product_tag?post=8672"}],"curies":[{"name":"wp","href":"https:\/\/api.w.org\/{rel}","templated":true}]}}