{"id":8674,"date":"2025-08-23T00:03:57","date_gmt":"2025-08-22T23:03:57","guid":{"rendered":"https:\/\/trakesh.com\/?post_type=product&#038;p=8674"},"modified":"2025-11-03T17:08:39","modified_gmt":"2025-11-03T16:08:39","slug":"3135x061","status":"publish","type":"product","link":"https:\/\/trakesh.com\/ar\/notre-boutique\/perkins\/3135x061\/","title":{"rendered":"R\u00e9f. : 3135X061"},"content":{"rendered":"<p><strong data-start=\"1045\" data-end=\"1062\">Description :<\/strong><br data-start=\"1062\" data-end=\"1065\" \/><strong>La chemise de cylindre PERKINS 3135X061 (\u00d8100 mm) est con\u00e7ue pour offrir une durabilit\u00e9 et une performance maximale aux moteurs diesel PERKINS. Sa fabrication en fonte r\u00e9sistante assure une excellente protection contre l\u2019usure, une bonne dissipation de la chaleur et une \u00e9tanch\u00e9it\u00e9 parfaite de la chambre de combustion. Id\u00e9ale pour la r\u00e9vision et la maintenance des moteurs PERKINS.<\/strong><\/p>","protected":false},"excerpt":{"rendered":"<p><strong>Chemise de cylindre \u2013 PERKINS<\/strong><\/p>\n<p data-start=\"144\" data-end=\"169\"><strong data-start=\"146\" data-end=\"167\">Compatible avec :<\/strong><\/p>\n<ul data-start=\"170\" data-end=\"326\">\n<li data-start=\"170\" data-end=\"226\">\n<p data-start=\"172\" data-end=\"226\">Moteurs <strong data-start=\"180\" data-end=\"191\">PERKINS<\/strong> \u00e9quip\u00e9s de chemises \u00d8 <strong data-start=\"214\" data-end=\"224\">100 mm<\/strong><\/p>\n<\/li>\n<li data-start=\"227\" data-end=\"326\">\n<p data-start=\"229\" data-end=\"326\">Applications : agricoles, industrielles et groupes \u00e9lectrog\u00e8nes (selon r\u00e9f\u00e9rence constructeur).<\/p>\n<\/li>\n<\/ul>\n<p data-start=\"328\" data-end=\"519\"><strong data-start=\"331\" data-end=\"345\">Fonction :<\/strong><br data-start=\"345\" data-end=\"348\" \/>Offrir une surface de frottement optimale au piston et segments, maintenir l\u2019\u00e9tanch\u00e9it\u00e9 de la chambre de combustion et prot\u00e9ger le bloc moteur contre l\u2019usure pr\u00e9matur\u00e9e.<\/p>\n<p data-start=\"521\" data-end=\"547\"><strong data-start=\"523\" data-end=\"545\">Caract\u00e9ristiques :<\/strong><\/p>\n<ul data-start=\"548\" data-end=\"837\">\n<li data-start=\"548\" data-end=\"583\">\n<p data-start=\"550\" data-end=\"583\">Diam\u00e8tre int\u00e9rieur : <strong data-start=\"571\" data-end=\"581\">100 mm<\/strong><\/p>\n<\/li>\n<li data-start=\"584\" data-end=\"646\">\n<p data-start=\"586\" data-end=\"646\">Type : <strong data-start=\"593\" data-end=\"644\">Chemise de cylindre (CHEUMISE \/ CYLINDER LINER)<\/strong><\/p>\n<\/li>\n<li data-start=\"647\" data-end=\"691\">\n<p data-start=\"649\" data-end=\"691\">Mat\u00e9riau : fonte alli\u00e9e haute r\u00e9sistance<\/p>\n<\/li>\n<li data-start=\"692\" data-end=\"777\">\n<p data-start=\"694\" data-end=\"777\">Conception certifi\u00e9e <strong data-start=\"715\" data-end=\"726\">PERKINS<\/strong>, assurant pr\u00e9cision dimensionnelle et robustesse<\/p>\n<\/li>\n<li data-start=\"778\" data-end=\"837\">\n<p data-start=\"780\" data-end=\"837\">Excellente dissipation thermique et long\u00e9vit\u00e9 du moteur<\/p>\n<\/li>\n<\/ul>\n<p data-start=\"839\" data-end=\"1040\"><strong data-start=\"842\" data-end=\"860\">Installation :<\/strong><br data-start=\"860\" data-end=\"863\" \/>Montage direct dans le bloc moteur PERKINS compatible \u2013 \u00e0 assembler avec piston, segments et joints adapt\u00e9s. Respecter les consignes constructeur pour l\u2019ajustement et la pose.<\/p>","protected":false},"featured_media":9490,"comment_status":"open","ping_status":"closed","template":"","meta":[],"product_brand":[282],"product_cat":[283],"product_tag":[],"class_list":{"0":"post-8674","1":"product","2":"type-product","3":"status-publish","4":"has-post-thumbnail","6":"product_brand-perkins","7":"product_cat-perkins","9":"first","10":"instock","11":"shipping-taxable","12":"product-type-simple"},"yoast_head":"<!-- This site is optimized with the Yoast SEO plugin v25.5 - https:\/\/yoast.com\/wordpress\/plugins\/seo\/ -->\n<title>R\u00e9f. : 3135X061 - TRAKECH PARTS<\/title>\n<meta name=\"robots\" content=\"index, follow, max-snippet:-1, max-image-preview:large, max-video-preview:-1\" \/>\n<link rel=\"canonical\" href=\"https:\/\/trakesh.com\/ar\/notre-boutique\/perkins\/3135x061\/\" \/>\n<meta property=\"og:locale\" content=\"ar_AR\" \/>\n<meta property=\"og:type\" content=\"article\" \/>\n<meta property=\"og:title\" content=\"R\u00e9f. : 3135X061 - TRAKECH PARTS\" \/>\n<meta property=\"og:description\" content=\"Chemise de cylindre \u2013 PERKINS Compatible avec :     Moteurs PERKINS \u00e9quip\u00e9s de chemises \u00d8 100 mm    Applications : agricoles, industrielles et groupes \u00e9lectrog\u00e8nes (selon r\u00e9f\u00e9rence constructeur).   Fonction :Offrir une surface de frottement optimale au piston et segments, maintenir l\u2019\u00e9tanch\u00e9it\u00e9 de la chambre de combustion et prot\u00e9ger le bloc moteur contre l\u2019usure pr\u00e9matur\u00e9e. Caract\u00e9ristiques :     Diam\u00e8tre int\u00e9rieur : 100 mm    Type : Chemise de cylindre (CHEUMISE \/ CYLINDER LINER)    Mat\u00e9riau : fonte alli\u00e9e haute r\u00e9sistance    Conception certifi\u00e9e PERKINS, assurant pr\u00e9cision dimensionnelle et robustesse    Excellente dissipation thermique et long\u00e9vit\u00e9 du moteur   Installation :Montage direct dans le bloc moteur PERKINS compatible \u2013 \u00e0 assembler avec piston, segments et joints adapt\u00e9s. Respecter les consignes constructeur pour l\u2019ajustement et la pose.\" \/>\n<meta property=\"og:url\" content=\"https:\/\/trakesh.com\/ar\/notre-boutique\/perkins\/3135x061\/\" \/>\n<meta property=\"og:site_name\" content=\"TRAKECH PARTS\" \/>\n<meta property=\"article:publisher\" content=\"https:\/\/web.facebook.com\/trakechparts\/?locale=fr_FR\" \/>\n<meta property=\"article:modified_time\" content=\"2025-11-03T16:08:39+00:00\" \/>\n<meta property=\"og:image\" content=\"https:\/\/trakesh.com\/wp-content\/uploads\/2025\/08\/MA-2025-11-03T170709.237.png\" \/>\n\t<meta property=\"og:image:width\" content=\"800\" \/>\n\t<meta property=\"og:image:height\" content=\"800\" \/>\n\t<meta property=\"og:image:type\" content=\"image\/png\" \/>\n<meta name=\"twitter:card\" content=\"summary_large_image\" \/>\n<meta name=\"twitter:label1\" content=\"\u0648\u0642\u062a \u0627\u0644\u0642\u0631\u0627\u0621\u0629 \u0627\u0644\u0645\u064f\u0642\u062f\u0651\u0631\" \/>\n\t<meta name=\"twitter:data1\" content=\"\u062f\u0642\u064a\u0642\u0629 \u0648\u0627\u062d\u062f\u0629\" \/>\n<script type=\"application\/ld+json\" class=\"yoast-schema-graph\">{\"@context\":\"https:\/\/schema.org\",\"@graph\":[{\"@type\":\"WebPage\",\"@id\":\"https:\/\/trakesh.com\/notre-boutique\/perkins\/3135x061\/\",\"url\":\"https:\/\/trakesh.com\/notre-boutique\/perkins\/3135x061\/\",\"name\":\"R\u00e9f. : 3135X061 - TRAKECH PARTS\",\"isPartOf\":{\"@id\":\"https:\/\/trakesh.com\/#website\"},\"primaryImageOfPage\":{\"@id\":\"https:\/\/trakesh.com\/notre-boutique\/perkins\/3135x061\/#primaryimage\"},\"image\":{\"@id\":\"https:\/\/trakesh.com\/notre-boutique\/perkins\/3135x061\/#primaryimage\"},\"thumbnailUrl\":\"https:\/\/trakesh.com\/wp-content\/uploads\/2025\/08\/MA-2025-11-03T170709.237.png\",\"datePublished\":\"2025-08-22T23:03:57+00:00\",\"dateModified\":\"2025-11-03T16:08:39+00:00\",\"breadcrumb\":{\"@id\":\"https:\/\/trakesh.com\/notre-boutique\/perkins\/3135x061\/#breadcrumb\"},\"inLanguage\":\"ar\",\"potentialAction\":[{\"@type\":\"ReadAction\",\"target\":[\"https:\/\/trakesh.com\/notre-boutique\/perkins\/3135x061\/\"]}]},{\"@type\":\"ImageObject\",\"inLanguage\":\"ar\",\"@id\":\"https:\/\/trakesh.com\/notre-boutique\/perkins\/3135x061\/#primaryimage\",\"url\":\"https:\/\/trakesh.com\/wp-content\/uploads\/2025\/08\/MA-2025-11-03T170709.237.png\",\"contentUrl\":\"https:\/\/trakesh.com\/wp-content\/uploads\/2025\/08\/MA-2025-11-03T170709.237.png\",\"width\":800,\"height\":800},{\"@type\":\"BreadcrumbList\",\"@id\":\"https:\/\/trakesh.com\/notre-boutique\/perkins\/3135x061\/#breadcrumb\",\"itemListElement\":[{\"@type\":\"ListItem\",\"position\":1,\"name\":\"Home\",\"item\":\"https:\/\/trakesh.com\/\"},{\"@type\":\"ListItem\",\"position\":2,\"name\":\"Notre Boutique\",\"item\":\"https:\/\/trakesh.com\/notre-boutique\/\"},{\"@type\":\"ListItem\",\"position\":3,\"name\":\"R\u00e9f. : 3135X061\"}]},{\"@type\":\"WebSite\",\"@id\":\"https:\/\/trakesh.com\/#website\",\"url\":\"https:\/\/trakesh.com\/\",\"name\":\"TRAKECH PARTS\",\"description\":\"Pi\u00e8ces de rechange pour camions MAN, moteurs CATERPILLAR et PERKINS \u2013 Maroc\",\"publisher\":{\"@id\":\"https:\/\/trakesh.com\/#organization\"},\"potentialAction\":[{\"@type\":\"SearchAction\",\"target\":{\"@type\":\"EntryPoint\",\"urlTemplate\":\"https:\/\/trakesh.com\/?s={search_term_string}\"},\"query-input\":{\"@type\":\"PropertyValueSpecification\",\"valueRequired\":true,\"valueName\":\"search_term_string\"}}],\"inLanguage\":\"ar\"},{\"@type\":\"Organization\",\"@id\":\"https:\/\/trakesh.com\/#organization\",\"name\":\"TRAKECH PARTS\",\"url\":\"https:\/\/trakesh.com\/\",\"logo\":{\"@type\":\"ImageObject\",\"inLanguage\":\"ar\",\"@id\":\"https:\/\/trakesh.com\/#\/schema\/logo\/image\/\",\"url\":\"https:\/\/trakesh.com\/wp-content\/uploads\/2025\/05\/cropped-cropped-cropped-cropped-cropped-cropped-cropped-trakesh-removebg-preview-1.png\",\"contentUrl\":\"https:\/\/trakesh.com\/wp-content\/uploads\/2025\/05\/cropped-cropped-cropped-cropped-cropped-cropped-cropped-trakesh-removebg-preview-1.png\",\"width\":342,\"height\":96,\"caption\":\"TRAKECH PARTS\"},\"image\":{\"@id\":\"https:\/\/trakesh.com\/#\/schema\/logo\/image\/\"},\"sameAs\":[\"https:\/\/web.facebook.com\/trakechparts\/?locale=fr_FR\",\"https:\/\/www.instagram.com\/trakech_parts\/\"]}]}<\/script>\n<!-- \/ Yoast SEO plugin. -->","yoast_head_json":{"title":"R\u00e9f. : 3135X061 - TRAKECH PARTS","robots":{"index":"index","follow":"follow","max-snippet":"max-snippet:-1","max-image-preview":"max-image-preview:large","max-video-preview":"max-video-preview:-1"},"canonical":"https:\/\/trakesh.com\/ar\/notre-boutique\/perkins\/3135x061\/","og_locale":"ar_AR","og_type":"article","og_title":"R\u00e9f. : 3135X061 - TRAKECH PARTS","og_description":"Chemise de cylindre \u2013 PERKINS Compatible avec :     Moteurs PERKINS \u00e9quip\u00e9s de chemises \u00d8 100 mm    Applications : agricoles, industrielles et groupes \u00e9lectrog\u00e8nes (selon r\u00e9f\u00e9rence constructeur).   Fonction :Offrir une surface de frottement optimale au piston et segments, maintenir l\u2019\u00e9tanch\u00e9it\u00e9 de la chambre de combustion et prot\u00e9ger le bloc moteur contre l\u2019usure pr\u00e9matur\u00e9e. Caract\u00e9ristiques :     Diam\u00e8tre int\u00e9rieur : 100 mm    Type : Chemise de cylindre (CHEUMISE \/ CYLINDER LINER)    Mat\u00e9riau : fonte alli\u00e9e haute r\u00e9sistance    Conception certifi\u00e9e PERKINS, assurant pr\u00e9cision dimensionnelle et robustesse    Excellente dissipation thermique et long\u00e9vit\u00e9 du moteur   Installation :Montage direct dans le bloc moteur PERKINS compatible \u2013 \u00e0 assembler avec piston, segments et joints adapt\u00e9s. Respecter les consignes constructeur pour l\u2019ajustement et la pose.","og_url":"https:\/\/trakesh.com\/ar\/notre-boutique\/perkins\/3135x061\/","og_site_name":"TRAKECH PARTS","article_publisher":"https:\/\/web.facebook.com\/trakechparts\/?locale=fr_FR","article_modified_time":"2025-11-03T16:08:39+00:00","og_image":[{"width":800,"height":800,"url":"https:\/\/trakesh.com\/wp-content\/uploads\/2025\/08\/MA-2025-11-03T170709.237.png","type":"image\/png"}],"twitter_card":"summary_large_image","twitter_misc":{"\u0648\u0642\u062a \u0627\u0644\u0642\u0631\u0627\u0621\u0629 \u0627\u0644\u0645\u064f\u0642\u062f\u0651\u0631":"\u062f\u0642\u064a\u0642\u0629 \u0648\u0627\u062d\u062f\u0629"},"schema":{"@context":"https:\/\/schema.org","@graph":[{"@type":"WebPage","@id":"https:\/\/trakesh.com\/notre-boutique\/perkins\/3135x061\/","url":"https:\/\/trakesh.com\/notre-boutique\/perkins\/3135x061\/","name":"R\u00e9f. : 3135X061 - TRAKECH PARTS","isPartOf":{"@id":"https:\/\/trakesh.com\/#website"},"primaryImageOfPage":{"@id":"https:\/\/trakesh.com\/notre-boutique\/perkins\/3135x061\/#primaryimage"},"image":{"@id":"https:\/\/trakesh.com\/notre-boutique\/perkins\/3135x061\/#primaryimage"},"thumbnailUrl":"https:\/\/trakesh.com\/wp-content\/uploads\/2025\/08\/MA-2025-11-03T170709.237.png","datePublished":"2025-08-22T23:03:57+00:00","dateModified":"2025-11-03T16:08:39+00:00","breadcrumb":{"@id":"https:\/\/trakesh.com\/notre-boutique\/perkins\/3135x061\/#breadcrumb"},"inLanguage":"ar","potentialAction":[{"@type":"ReadAction","target":["https:\/\/trakesh.com\/notre-boutique\/perkins\/3135x061\/"]}]},{"@type":"ImageObject","inLanguage":"ar","@id":"https:\/\/trakesh.com\/notre-boutique\/perkins\/3135x061\/#primaryimage","url":"https:\/\/trakesh.com\/wp-content\/uploads\/2025\/08\/MA-2025-11-03T170709.237.png","contentUrl":"https:\/\/trakesh.com\/wp-content\/uploads\/2025\/08\/MA-2025-11-03T170709.237.png","width":800,"height":800},{"@type":"BreadcrumbList","@id":"https:\/\/trakesh.com\/notre-boutique\/perkins\/3135x061\/#breadcrumb","itemListElement":[{"@type":"ListItem","position":1,"name":"Home","item":"https:\/\/trakesh.com\/"},{"@type":"ListItem","position":2,"name":"Notre Boutique","item":"https:\/\/trakesh.com\/notre-boutique\/"},{"@type":"ListItem","position":3,"name":"R\u00e9f. : 3135X061"}]},{"@type":"WebSite","@id":"https:\/\/trakesh.com\/#website","url":"https:\/\/trakesh.com\/","name":"TRAKECH PARTS","description":"Pi\u00e8ces de rechange pour camions MAN, moteurs CATERPILLAR et PERKINS \u2013 Maroc","publisher":{"@id":"https:\/\/trakesh.com\/#organization"},"potentialAction":[{"@type":"SearchAction","target":{"@type":"EntryPoint","urlTemplate":"https:\/\/trakesh.com\/?s={search_term_string}"},"query-input":{"@type":"PropertyValueSpecification","valueRequired":true,"valueName":"search_term_string"}}],"inLanguage":"ar"},{"@type":"Organization","@id":"https:\/\/trakesh.com\/#organization","name":"TRAKECH PARTS","url":"https:\/\/trakesh.com\/","logo":{"@type":"ImageObject","inLanguage":"ar","@id":"https:\/\/trakesh.com\/#\/schema\/logo\/image\/","url":"https:\/\/trakesh.com\/wp-content\/uploads\/2025\/05\/cropped-cropped-cropped-cropped-cropped-cropped-cropped-trakesh-removebg-preview-1.png","contentUrl":"https:\/\/trakesh.com\/wp-content\/uploads\/2025\/05\/cropped-cropped-cropped-cropped-cropped-cropped-cropped-trakesh-removebg-preview-1.png","width":342,"height":96,"caption":"TRAKECH PARTS"},"image":{"@id":"https:\/\/trakesh.com\/#\/schema\/logo\/image\/"},"sameAs":["https:\/\/web.facebook.com\/trakechparts\/?locale=fr_FR","https:\/\/www.instagram.com\/trakech_parts\/"]}]}},"_links":{"self":[{"href":"https:\/\/trakesh.com\/ar\/wp-json\/wp\/v2\/product\/8674","targetHints":{"allow":["GET"]}}],"collection":[{"href":"https:\/\/trakesh.com\/ar\/wp-json\/wp\/v2\/product"}],"about":[{"href":"https:\/\/trakesh.com\/ar\/wp-json\/wp\/v2\/types\/product"}],"replies":[{"embeddable":true,"href":"https:\/\/trakesh.com\/ar\/wp-json\/wp\/v2\/comments?post=8674"}],"wp:featuredmedia":[{"embeddable":true,"href":"https:\/\/trakesh.com\/ar\/wp-json\/wp\/v2\/media\/9490"}],"wp:attachment":[{"href":"https:\/\/trakesh.com\/ar\/wp-json\/wp\/v2\/media?parent=8674"}],"wp:term":[{"taxonomy":"product_brand","embeddable":true,"href":"https:\/\/trakesh.com\/ar\/wp-json\/wp\/v2\/product_brand?post=8674"},{"taxonomy":"product_cat","embeddable":true,"href":"https:\/\/trakesh.com\/ar\/wp-json\/wp\/v2\/product_cat?post=8674"},{"taxonomy":"product_tag","embeddable":true,"href":"https:\/\/trakesh.com\/ar\/wp-json\/wp\/v2\/product_tag?post=8674"}],"curies":[{"name":"wp","href":"https:\/\/api.w.org\/{rel}","templated":true}]}}