{"id":8676,"date":"2025-08-23T00:04:58","date_gmt":"2025-08-22T23:04:58","guid":{"rendered":"https:\/\/trakesh.com\/?post_type=product&#038;p=8676"},"modified":"2025-11-03T17:07:32","modified_gmt":"2025-11-03T16:07:32","slug":"276-7677","status":"publish","type":"product","link":"https:\/\/trakesh.com\/ar\/notre-boutique\/perkins\/276-7677\/","title":{"rendered":"R\u00e9f. : 276-7677"},"content":{"rendered":"<p data-start=\"1124\" data-end=\"1515\"><strong data-start=\"1127\" data-end=\"1144\">Description :<\/strong><br data-start=\"1144\" data-end=\"1147\" \/><strong>La chemise de cylindre PERKINS 276-7677 (\u00d8105 mm) offre une surface de travail robuste et pr\u00e9cise pour les pistons des moteurs diesel PERKINS. Fabriqu\u00e9e en fonte de haute qualit\u00e9, elle garantit r\u00e9sistance \u00e0 l\u2019usure, dissipation thermique efficace et performance durable du moteur. Id\u00e9ale pour la maintenance, la r\u00e9vision et la remise en \u00e9tat des moteurs PERKINS.<\/strong><\/p>","protected":false},"excerpt":{"rendered":"<p><strong data-start=\"92\" data-end=\"125\">Chemise de cylindre \u2013 PERKINS<\/strong><\/p>\n<p data-start=\"154\" data-end=\"179\"><strong data-start=\"156\" data-end=\"177\">Compatible avec :<\/strong><\/p>\n<ul data-start=\"180\" data-end=\"332\">\n<li data-start=\"180\" data-end=\"236\">\n<p data-start=\"182\" data-end=\"236\">Moteurs <strong data-start=\"190\" data-end=\"201\">PERKINS<\/strong> \u00e9quip\u00e9s de chemises \u00d8 <strong data-start=\"224\" data-end=\"234\">105 mm<\/strong><\/p>\n<\/li>\n<li data-start=\"237\" data-end=\"332\">\n<p data-start=\"239\" data-end=\"332\">Applications agricoles, industrielles et groupes \u00e9lectrog\u00e8nes selon r\u00e9f\u00e9rence constructeur.<\/p>\n<\/li>\n<\/ul>\n<p data-start=\"334\" data-end=\"522\"><strong data-start=\"337\" data-end=\"351\">Fonction :<\/strong><br data-start=\"351\" data-end=\"354\" \/>Assurer la surface de frottement optimale pour le piston et les segments, garantir l\u2019\u00e9tanch\u00e9it\u00e9 de la chambre de combustion et prot\u00e9ger le bloc moteur contre l\u2019usure.<\/p>\n<p data-start=\"524\" data-end=\"550\"><strong data-start=\"526\" data-end=\"548\">Caract\u00e9ristiques :<\/strong><\/p>\n<ul data-start=\"551\" data-end=\"885\">\n<li data-start=\"551\" data-end=\"586\">\n<p data-start=\"553\" data-end=\"586\">Diam\u00e8tre int\u00e9rieur : <strong data-start=\"574\" data-end=\"584\">105 mm<\/strong><\/p>\n<\/li>\n<li data-start=\"587\" data-end=\"649\">\n<p data-start=\"589\" data-end=\"649\">Type : <strong data-start=\"596\" data-end=\"647\">Chemise de cylindre (CHEUMISE \/ CYLINDER LINER)<\/strong><\/p>\n<\/li>\n<li data-start=\"650\" data-end=\"732\">\n<p data-start=\"652\" data-end=\"732\">Mat\u00e9riau : fonte alli\u00e9e de haute qualit\u00e9, r\u00e9sistante \u00e0 l\u2019usure et \u00e0 la chaleur<\/p>\n<\/li>\n<li data-start=\"733\" data-end=\"787\">\n<p data-start=\"735\" data-end=\"787\">Conception conforme aux sp\u00e9cifications <strong data-start=\"774\" data-end=\"785\">PERKINS<\/strong><\/p>\n<\/li>\n<li data-start=\"788\" data-end=\"885\">\n<p data-start=\"790\" data-end=\"885\">Assure une longue dur\u00e9e de vie du moteur gr\u00e2ce \u00e0 sa robustesse et sa pr\u00e9cision dimensionnelle<\/p>\n<\/li>\n<\/ul>\n<p data-start=\"887\" data-end=\"1122\"><strong data-start=\"890\" data-end=\"908\">Installation :<\/strong><br data-start=\"908\" data-end=\"911\" \/>Montage direct sur moteurs PERKINS compatibles \u2013 n\u00e9cessite une installation avec segments et pistons adapt\u00e9s. Respecter les tol\u00e9rances et instructions constructeur pour garantir la performance et la long\u00e9vit\u00e9.<\/p>","protected":false},"featured_media":9490,"comment_status":"open","ping_status":"closed","template":"","meta":[],"product_brand":[282],"product_cat":[283],"product_tag":[],"class_list":{"0":"post-8676","1":"product","2":"type-product","3":"status-publish","4":"has-post-thumbnail","6":"product_brand-perkins","7":"product_cat-perkins","9":"first","10":"instock","11":"shipping-taxable","12":"product-type-simple"},"yoast_head":"<!-- This site is optimized with the Yoast SEO plugin v25.5 - https:\/\/yoast.com\/wordpress\/plugins\/seo\/ -->\n<title>R\u00e9f. : 276-7677 - TRAKECH PARTS<\/title>\n<meta name=\"robots\" content=\"index, follow, max-snippet:-1, max-image-preview:large, max-video-preview:-1\" \/>\n<link rel=\"canonical\" href=\"https:\/\/trakesh.com\/ar\/notre-boutique\/perkins\/276-7677\/\" \/>\n<meta property=\"og:locale\" content=\"ar_AR\" \/>\n<meta property=\"og:type\" content=\"article\" \/>\n<meta property=\"og:title\" content=\"R\u00e9f. : 276-7677 - TRAKECH PARTS\" \/>\n<meta property=\"og:description\" content=\"Chemise de cylindre \u2013 PERKINS Compatible avec :     Moteurs PERKINS \u00e9quip\u00e9s de chemises \u00d8 105 mm    Applications agricoles, industrielles et groupes \u00e9lectrog\u00e8nes selon r\u00e9f\u00e9rence constructeur.   Fonction :Assurer la surface de frottement optimale pour le piston et les segments, garantir l\u2019\u00e9tanch\u00e9it\u00e9 de la chambre de combustion et prot\u00e9ger le bloc moteur contre l\u2019usure. Caract\u00e9ristiques :     Diam\u00e8tre int\u00e9rieur : 105 mm    Type : Chemise de cylindre (CHEUMISE \/ CYLINDER LINER)    Mat\u00e9riau : fonte alli\u00e9e de haute qualit\u00e9, r\u00e9sistante \u00e0 l\u2019usure et \u00e0 la chaleur    Conception conforme aux sp\u00e9cifications PERKINS    Assure une longue dur\u00e9e de vie du moteur gr\u00e2ce \u00e0 sa robustesse et sa pr\u00e9cision dimensionnelle   Installation :Montage direct sur moteurs PERKINS compatibles \u2013 n\u00e9cessite une installation avec segments et pistons adapt\u00e9s. Respecter les tol\u00e9rances et instructions constructeur pour garantir la performance et la long\u00e9vit\u00e9.\" \/>\n<meta property=\"og:url\" content=\"https:\/\/trakesh.com\/ar\/notre-boutique\/perkins\/276-7677\/\" \/>\n<meta property=\"og:site_name\" content=\"TRAKECH PARTS\" \/>\n<meta property=\"article:publisher\" content=\"https:\/\/web.facebook.com\/trakechparts\/?locale=fr_FR\" \/>\n<meta property=\"article:modified_time\" content=\"2025-11-03T16:07:32+00:00\" \/>\n<meta property=\"og:image\" content=\"https:\/\/trakesh.com\/wp-content\/uploads\/2025\/08\/MA-2025-11-03T170709.237.png\" \/>\n\t<meta property=\"og:image:width\" content=\"800\" \/>\n\t<meta property=\"og:image:height\" content=\"800\" \/>\n\t<meta property=\"og:image:type\" content=\"image\/png\" \/>\n<meta name=\"twitter:card\" content=\"summary_large_image\" \/>\n<meta name=\"twitter:label1\" content=\"\u0648\u0642\u062a \u0627\u0644\u0642\u0631\u0627\u0621\u0629 \u0627\u0644\u0645\u064f\u0642\u062f\u0651\u0631\" \/>\n\t<meta name=\"twitter:data1\" content=\"\u062f\u0642\u064a\u0642\u0629 \u0648\u0627\u062d\u062f\u0629\" \/>\n<script type=\"application\/ld+json\" class=\"yoast-schema-graph\">{\"@context\":\"https:\/\/schema.org\",\"@graph\":[{\"@type\":\"WebPage\",\"@id\":\"https:\/\/trakesh.com\/notre-boutique\/perkins\/276-7677\/\",\"url\":\"https:\/\/trakesh.com\/notre-boutique\/perkins\/276-7677\/\",\"name\":\"R\u00e9f. : 276-7677 - TRAKECH PARTS\",\"isPartOf\":{\"@id\":\"https:\/\/trakesh.com\/#website\"},\"primaryImageOfPage\":{\"@id\":\"https:\/\/trakesh.com\/notre-boutique\/perkins\/276-7677\/#primaryimage\"},\"image\":{\"@id\":\"https:\/\/trakesh.com\/notre-boutique\/perkins\/276-7677\/#primaryimage\"},\"thumbnailUrl\":\"https:\/\/trakesh.com\/wp-content\/uploads\/2025\/08\/MA-2025-11-03T170709.237.png\",\"datePublished\":\"2025-08-22T23:04:58+00:00\",\"dateModified\":\"2025-11-03T16:07:32+00:00\",\"breadcrumb\":{\"@id\":\"https:\/\/trakesh.com\/notre-boutique\/perkins\/276-7677\/#breadcrumb\"},\"inLanguage\":\"ar\",\"potentialAction\":[{\"@type\":\"ReadAction\",\"target\":[\"https:\/\/trakesh.com\/notre-boutique\/perkins\/276-7677\/\"]}]},{\"@type\":\"ImageObject\",\"inLanguage\":\"ar\",\"@id\":\"https:\/\/trakesh.com\/notre-boutique\/perkins\/276-7677\/#primaryimage\",\"url\":\"https:\/\/trakesh.com\/wp-content\/uploads\/2025\/08\/MA-2025-11-03T170709.237.png\",\"contentUrl\":\"https:\/\/trakesh.com\/wp-content\/uploads\/2025\/08\/MA-2025-11-03T170709.237.png\",\"width\":800,\"height\":800},{\"@type\":\"BreadcrumbList\",\"@id\":\"https:\/\/trakesh.com\/notre-boutique\/perkins\/276-7677\/#breadcrumb\",\"itemListElement\":[{\"@type\":\"ListItem\",\"position\":1,\"name\":\"Home\",\"item\":\"https:\/\/trakesh.com\/\"},{\"@type\":\"ListItem\",\"position\":2,\"name\":\"Notre Boutique\",\"item\":\"https:\/\/trakesh.com\/notre-boutique\/\"},{\"@type\":\"ListItem\",\"position\":3,\"name\":\"R\u00e9f. : 276-7677\"}]},{\"@type\":\"WebSite\",\"@id\":\"https:\/\/trakesh.com\/#website\",\"url\":\"https:\/\/trakesh.com\/\",\"name\":\"TRAKECH PARTS\",\"description\":\"Pi\u00e8ces de rechange pour camions MAN, moteurs CATERPILLAR et PERKINS \u2013 Maroc\",\"publisher\":{\"@id\":\"https:\/\/trakesh.com\/#organization\"},\"potentialAction\":[{\"@type\":\"SearchAction\",\"target\":{\"@type\":\"EntryPoint\",\"urlTemplate\":\"https:\/\/trakesh.com\/?s={search_term_string}\"},\"query-input\":{\"@type\":\"PropertyValueSpecification\",\"valueRequired\":true,\"valueName\":\"search_term_string\"}}],\"inLanguage\":\"ar\"},{\"@type\":\"Organization\",\"@id\":\"https:\/\/trakesh.com\/#organization\",\"name\":\"TRAKECH PARTS\",\"url\":\"https:\/\/trakesh.com\/\",\"logo\":{\"@type\":\"ImageObject\",\"inLanguage\":\"ar\",\"@id\":\"https:\/\/trakesh.com\/#\/schema\/logo\/image\/\",\"url\":\"https:\/\/trakesh.com\/wp-content\/uploads\/2025\/05\/cropped-cropped-cropped-cropped-cropped-cropped-cropped-trakesh-removebg-preview-1.png\",\"contentUrl\":\"https:\/\/trakesh.com\/wp-content\/uploads\/2025\/05\/cropped-cropped-cropped-cropped-cropped-cropped-cropped-trakesh-removebg-preview-1.png\",\"width\":342,\"height\":96,\"caption\":\"TRAKECH PARTS\"},\"image\":{\"@id\":\"https:\/\/trakesh.com\/#\/schema\/logo\/image\/\"},\"sameAs\":[\"https:\/\/web.facebook.com\/trakechparts\/?locale=fr_FR\",\"https:\/\/www.instagram.com\/trakech_parts\/\"]}]}<\/script>\n<!-- \/ Yoast SEO plugin. -->","yoast_head_json":{"title":"R\u00e9f. : 276-7677 - TRAKECH PARTS","robots":{"index":"index","follow":"follow","max-snippet":"max-snippet:-1","max-image-preview":"max-image-preview:large","max-video-preview":"max-video-preview:-1"},"canonical":"https:\/\/trakesh.com\/ar\/notre-boutique\/perkins\/276-7677\/","og_locale":"ar_AR","og_type":"article","og_title":"R\u00e9f. : 276-7677 - TRAKECH PARTS","og_description":"Chemise de cylindre \u2013 PERKINS Compatible avec :     Moteurs PERKINS \u00e9quip\u00e9s de chemises \u00d8 105 mm    Applications agricoles, industrielles et groupes \u00e9lectrog\u00e8nes selon r\u00e9f\u00e9rence constructeur.   Fonction :Assurer la surface de frottement optimale pour le piston et les segments, garantir l\u2019\u00e9tanch\u00e9it\u00e9 de la chambre de combustion et prot\u00e9ger le bloc moteur contre l\u2019usure. Caract\u00e9ristiques :     Diam\u00e8tre int\u00e9rieur : 105 mm    Type : Chemise de cylindre (CHEUMISE \/ CYLINDER LINER)    Mat\u00e9riau : fonte alli\u00e9e de haute qualit\u00e9, r\u00e9sistante \u00e0 l\u2019usure et \u00e0 la chaleur    Conception conforme aux sp\u00e9cifications PERKINS    Assure une longue dur\u00e9e de vie du moteur gr\u00e2ce \u00e0 sa robustesse et sa pr\u00e9cision dimensionnelle   Installation :Montage direct sur moteurs PERKINS compatibles \u2013 n\u00e9cessite une installation avec segments et pistons adapt\u00e9s. Respecter les tol\u00e9rances et instructions constructeur pour garantir la performance et la long\u00e9vit\u00e9.","og_url":"https:\/\/trakesh.com\/ar\/notre-boutique\/perkins\/276-7677\/","og_site_name":"TRAKECH PARTS","article_publisher":"https:\/\/web.facebook.com\/trakechparts\/?locale=fr_FR","article_modified_time":"2025-11-03T16:07:32+00:00","og_image":[{"width":800,"height":800,"url":"https:\/\/trakesh.com\/wp-content\/uploads\/2025\/08\/MA-2025-11-03T170709.237.png","type":"image\/png"}],"twitter_card":"summary_large_image","twitter_misc":{"\u0648\u0642\u062a \u0627\u0644\u0642\u0631\u0627\u0621\u0629 \u0627\u0644\u0645\u064f\u0642\u062f\u0651\u0631":"\u062f\u0642\u064a\u0642\u0629 \u0648\u0627\u062d\u062f\u0629"},"schema":{"@context":"https:\/\/schema.org","@graph":[{"@type":"WebPage","@id":"https:\/\/trakesh.com\/notre-boutique\/perkins\/276-7677\/","url":"https:\/\/trakesh.com\/notre-boutique\/perkins\/276-7677\/","name":"R\u00e9f. : 276-7677 - TRAKECH PARTS","isPartOf":{"@id":"https:\/\/trakesh.com\/#website"},"primaryImageOfPage":{"@id":"https:\/\/trakesh.com\/notre-boutique\/perkins\/276-7677\/#primaryimage"},"image":{"@id":"https:\/\/trakesh.com\/notre-boutique\/perkins\/276-7677\/#primaryimage"},"thumbnailUrl":"https:\/\/trakesh.com\/wp-content\/uploads\/2025\/08\/MA-2025-11-03T170709.237.png","datePublished":"2025-08-22T23:04:58+00:00","dateModified":"2025-11-03T16:07:32+00:00","breadcrumb":{"@id":"https:\/\/trakesh.com\/notre-boutique\/perkins\/276-7677\/#breadcrumb"},"inLanguage":"ar","potentialAction":[{"@type":"ReadAction","target":["https:\/\/trakesh.com\/notre-boutique\/perkins\/276-7677\/"]}]},{"@type":"ImageObject","inLanguage":"ar","@id":"https:\/\/trakesh.com\/notre-boutique\/perkins\/276-7677\/#primaryimage","url":"https:\/\/trakesh.com\/wp-content\/uploads\/2025\/08\/MA-2025-11-03T170709.237.png","contentUrl":"https:\/\/trakesh.com\/wp-content\/uploads\/2025\/08\/MA-2025-11-03T170709.237.png","width":800,"height":800},{"@type":"BreadcrumbList","@id":"https:\/\/trakesh.com\/notre-boutique\/perkins\/276-7677\/#breadcrumb","itemListElement":[{"@type":"ListItem","position":1,"name":"Home","item":"https:\/\/trakesh.com\/"},{"@type":"ListItem","position":2,"name":"Notre Boutique","item":"https:\/\/trakesh.com\/notre-boutique\/"},{"@type":"ListItem","position":3,"name":"R\u00e9f. : 276-7677"}]},{"@type":"WebSite","@id":"https:\/\/trakesh.com\/#website","url":"https:\/\/trakesh.com\/","name":"TRAKECH PARTS","description":"Pi\u00e8ces de rechange pour camions MAN, moteurs CATERPILLAR et PERKINS \u2013 Maroc","publisher":{"@id":"https:\/\/trakesh.com\/#organization"},"potentialAction":[{"@type":"SearchAction","target":{"@type":"EntryPoint","urlTemplate":"https:\/\/trakesh.com\/?s={search_term_string}"},"query-input":{"@type":"PropertyValueSpecification","valueRequired":true,"valueName":"search_term_string"}}],"inLanguage":"ar"},{"@type":"Organization","@id":"https:\/\/trakesh.com\/#organization","name":"TRAKECH PARTS","url":"https:\/\/trakesh.com\/","logo":{"@type":"ImageObject","inLanguage":"ar","@id":"https:\/\/trakesh.com\/#\/schema\/logo\/image\/","url":"https:\/\/trakesh.com\/wp-content\/uploads\/2025\/05\/cropped-cropped-cropped-cropped-cropped-cropped-cropped-trakesh-removebg-preview-1.png","contentUrl":"https:\/\/trakesh.com\/wp-content\/uploads\/2025\/05\/cropped-cropped-cropped-cropped-cropped-cropped-cropped-trakesh-removebg-preview-1.png","width":342,"height":96,"caption":"TRAKECH PARTS"},"image":{"@id":"https:\/\/trakesh.com\/#\/schema\/logo\/image\/"},"sameAs":["https:\/\/web.facebook.com\/trakechparts\/?locale=fr_FR","https:\/\/www.instagram.com\/trakech_parts\/"]}]}},"_links":{"self":[{"href":"https:\/\/trakesh.com\/ar\/wp-json\/wp\/v2\/product\/8676","targetHints":{"allow":["GET"]}}],"collection":[{"href":"https:\/\/trakesh.com\/ar\/wp-json\/wp\/v2\/product"}],"about":[{"href":"https:\/\/trakesh.com\/ar\/wp-json\/wp\/v2\/types\/product"}],"replies":[{"embeddable":true,"href":"https:\/\/trakesh.com\/ar\/wp-json\/wp\/v2\/comments?post=8676"}],"wp:featuredmedia":[{"embeddable":true,"href":"https:\/\/trakesh.com\/ar\/wp-json\/wp\/v2\/media\/9490"}],"wp:attachment":[{"href":"https:\/\/trakesh.com\/ar\/wp-json\/wp\/v2\/media?parent=8676"}],"wp:term":[{"taxonomy":"product_brand","embeddable":true,"href":"https:\/\/trakesh.com\/ar\/wp-json\/wp\/v2\/product_brand?post=8676"},{"taxonomy":"product_cat","embeddable":true,"href":"https:\/\/trakesh.com\/ar\/wp-json\/wp\/v2\/product_cat?post=8676"},{"taxonomy":"product_tag","embeddable":true,"href":"https:\/\/trakesh.com\/ar\/wp-json\/wp\/v2\/product_tag?post=8676"}],"curies":[{"name":"wp","href":"https:\/\/api.w.org\/{rel}","templated":true}]}}