{"id":8679,"date":"2025-08-23T00:08:14","date_gmt":"2025-08-22T23:08:14","guid":{"rendered":"https:\/\/trakesh.com\/?post_type=product&#038;p=8679"},"modified":"2025-11-03T17:03:53","modified_gmt":"2025-11-03T16:03:53","slug":"u5lp0058","status":"publish","type":"product","link":"https:\/\/trakesh.com\/ar\/notre-boutique\/perkins\/u5lp0058\/","title":{"rendered":"R\u00e9f. : U5LP0058"},"content":{"rendered":"<p data-start=\"969\" data-end=\"1384\"><strong data-start=\"972\" data-end=\"989\">Description :<\/strong><br data-start=\"989\" data-end=\"992\" \/><strong>Le piston PERKINS U5LP0058 (\u00d8103 mm, type N) assure une excellente compression et une transmission efficace de la puissance dans les moteurs diesel PERKINS. Fabriqu\u00e9 en alliage robuste, il garantit durabilit\u00e9, r\u00e9sistance \u00e0 l\u2019usure et performance optimale m\u00eame dans des conditions de fonctionnement intensives. Id\u00e9al pour la maintenance et le remplacement de pistons sur moteurs PERKINS.<\/strong><\/p>","protected":false},"excerpt":{"rendered":"<p><strong data-start=\"82\" data-end=\"109\">Piston moteur \u2013 PERKINS<\/strong><\/p>\n<p data-start=\"138\" data-end=\"163\"><strong data-start=\"140\" data-end=\"161\">Compatible avec :<\/strong><\/p>\n<ul data-start=\"164\" data-end=\"315\">\n<li data-start=\"164\" data-end=\"219\">\n<p data-start=\"166\" data-end=\"219\">Moteurs <strong data-start=\"174\" data-end=\"185\">PERKINS<\/strong> \u00e9quip\u00e9s de pistons \u00d8 <strong data-start=\"207\" data-end=\"217\">103 mm<\/strong><\/p>\n<\/li>\n<li data-start=\"220\" data-end=\"315\">\n<p data-start=\"222\" data-end=\"315\">Applications industrielles, agricoles et groupes \u00e9lectrog\u00e8nes selon r\u00e9f\u00e9rence constructeur.<\/p>\n<\/li>\n<\/ul>\n<p data-start=\"317\" data-end=\"498\"><strong data-start=\"320\" data-end=\"334\">Fonction :<\/strong><br data-start=\"334\" data-end=\"337\" \/>Convertir l\u2019\u00e9nergie de la combustion en mouvement m\u00e9canique tout en assurant une compression optimale et une \u00e9tanch\u00e9it\u00e9 parfaite dans la chambre de combustion.<\/p>\n<p data-start=\"500\" data-end=\"526\"><strong data-start=\"502\" data-end=\"524\">Caract\u00e9ristiques :<\/strong><\/p>\n<ul data-start=\"527\" data-end=\"824\">\n<li data-start=\"527\" data-end=\"559\">\n<p data-start=\"529\" data-end=\"559\">Diam\u00e8tre piston : <strong data-start=\"547\" data-end=\"557\">103 mm<\/strong><\/p>\n<\/li>\n<li data-start=\"560\" data-end=\"617\">\n<p data-start=\"562\" data-end=\"617\">Type : <strong data-start=\"569\" data-end=\"593\">Piston nu (N PISTON)<\/strong>, sans segments ni axe<\/p>\n<\/li>\n<li data-start=\"618\" data-end=\"669\">\n<p data-start=\"620\" data-end=\"669\">Mat\u00e9riau : alliage d\u2019aluminium haute r\u00e9sistance<\/p>\n<\/li>\n<li data-start=\"670\" data-end=\"759\">\n<p data-start=\"672\" data-end=\"759\">Conception certifi\u00e9e <strong data-start=\"693\" data-end=\"704\">PERKINS<\/strong>, r\u00e9sistante aux contraintes thermiques et m\u00e9caniques<\/p>\n<\/li>\n<li data-start=\"760\" data-end=\"824\">\n<p data-start=\"762\" data-end=\"824\">Compatible avec segments et axe adapt\u00e9s pour montage complet<\/p>\n<\/li>\n<\/ul>\n<p data-start=\"826\" data-end=\"967\"><strong data-start=\"829\" data-end=\"847\">Installation :<\/strong><br data-start=\"847\" data-end=\"850\" \/>Montage direct sur moteurs PERKINS compatibles \u2013 assembler avec segments et axe selon recommandations constructeur.<\/p>","protected":false},"featured_media":9488,"comment_status":"open","ping_status":"closed","template":"","meta":[],"product_brand":[282],"product_cat":[283],"product_tag":[],"class_list":{"0":"post-8679","1":"product","2":"type-product","3":"status-publish","4":"has-post-thumbnail","6":"product_brand-perkins","7":"product_cat-perkins","9":"first","10":"instock","11":"shipping-taxable","12":"product-type-simple"},"yoast_head":"<!-- This site is optimized with the Yoast SEO plugin v25.5 - https:\/\/yoast.com\/wordpress\/plugins\/seo\/ -->\n<title>R\u00e9f. : U5LP0058 - TRAKECH PARTS<\/title>\n<meta name=\"robots\" content=\"index, follow, max-snippet:-1, max-image-preview:large, max-video-preview:-1\" \/>\n<link rel=\"canonical\" href=\"https:\/\/trakesh.com\/ar\/notre-boutique\/perkins\/u5lp0058\/\" \/>\n<meta property=\"og:locale\" content=\"ar_AR\" \/>\n<meta property=\"og:type\" content=\"article\" \/>\n<meta property=\"og:title\" content=\"R\u00e9f. : U5LP0058 - TRAKECH PARTS\" \/>\n<meta property=\"og:description\" content=\"Piston moteur \u2013 PERKINS Compatible avec :     Moteurs PERKINS \u00e9quip\u00e9s de pistons \u00d8 103 mm    Applications industrielles, agricoles et groupes \u00e9lectrog\u00e8nes selon r\u00e9f\u00e9rence constructeur.   Fonction :Convertir l\u2019\u00e9nergie de la combustion en mouvement m\u00e9canique tout en assurant une compression optimale et une \u00e9tanch\u00e9it\u00e9 parfaite dans la chambre de combustion. Caract\u00e9ristiques :     Diam\u00e8tre piston : 103 mm    Type : Piston nu (N PISTON), sans segments ni axe    Mat\u00e9riau : alliage d\u2019aluminium haute r\u00e9sistance    Conception certifi\u00e9e PERKINS, r\u00e9sistante aux contraintes thermiques et m\u00e9caniques    Compatible avec segments et axe adapt\u00e9s pour montage complet   Installation :Montage direct sur moteurs PERKINS compatibles \u2013 assembler avec segments et axe selon recommandations constructeur.\" \/>\n<meta property=\"og:url\" content=\"https:\/\/trakesh.com\/ar\/notre-boutique\/perkins\/u5lp0058\/\" \/>\n<meta property=\"og:site_name\" content=\"TRAKECH PARTS\" \/>\n<meta property=\"article:publisher\" content=\"https:\/\/web.facebook.com\/trakechparts\/?locale=fr_FR\" \/>\n<meta property=\"article:modified_time\" content=\"2025-11-03T16:03:53+00:00\" \/>\n<meta property=\"og:image\" content=\"https:\/\/trakesh.com\/wp-content\/uploads\/2025\/08\/MA-2025-11-03T170332.036.png\" \/>\n\t<meta property=\"og:image:width\" content=\"800\" \/>\n\t<meta property=\"og:image:height\" content=\"800\" \/>\n\t<meta property=\"og:image:type\" content=\"image\/png\" \/>\n<meta name=\"twitter:card\" content=\"summary_large_image\" \/>\n<meta name=\"twitter:label1\" content=\"\u0648\u0642\u062a \u0627\u0644\u0642\u0631\u0627\u0621\u0629 \u0627\u0644\u0645\u064f\u0642\u062f\u0651\u0631\" \/>\n\t<meta name=\"twitter:data1\" content=\"\u062f\u0642\u064a\u0642\u0629 \u0648\u0627\u062d\u062f\u0629\" \/>\n<script type=\"application\/ld+json\" class=\"yoast-schema-graph\">{\"@context\":\"https:\/\/schema.org\",\"@graph\":[{\"@type\":\"WebPage\",\"@id\":\"https:\/\/trakesh.com\/notre-boutique\/perkins\/u5lp0058\/\",\"url\":\"https:\/\/trakesh.com\/notre-boutique\/perkins\/u5lp0058\/\",\"name\":\"R\u00e9f. : U5LP0058 - TRAKECH PARTS\",\"isPartOf\":{\"@id\":\"https:\/\/trakesh.com\/#website\"},\"primaryImageOfPage\":{\"@id\":\"https:\/\/trakesh.com\/notre-boutique\/perkins\/u5lp0058\/#primaryimage\"},\"image\":{\"@id\":\"https:\/\/trakesh.com\/notre-boutique\/perkins\/u5lp0058\/#primaryimage\"},\"thumbnailUrl\":\"https:\/\/trakesh.com\/wp-content\/uploads\/2025\/08\/MA-2025-11-03T170332.036.png\",\"datePublished\":\"2025-08-22T23:08:14+00:00\",\"dateModified\":\"2025-11-03T16:03:53+00:00\",\"breadcrumb\":{\"@id\":\"https:\/\/trakesh.com\/notre-boutique\/perkins\/u5lp0058\/#breadcrumb\"},\"inLanguage\":\"ar\",\"potentialAction\":[{\"@type\":\"ReadAction\",\"target\":[\"https:\/\/trakesh.com\/notre-boutique\/perkins\/u5lp0058\/\"]}]},{\"@type\":\"ImageObject\",\"inLanguage\":\"ar\",\"@id\":\"https:\/\/trakesh.com\/notre-boutique\/perkins\/u5lp0058\/#primaryimage\",\"url\":\"https:\/\/trakesh.com\/wp-content\/uploads\/2025\/08\/MA-2025-11-03T170332.036.png\",\"contentUrl\":\"https:\/\/trakesh.com\/wp-content\/uploads\/2025\/08\/MA-2025-11-03T170332.036.png\",\"width\":800,\"height\":800},{\"@type\":\"BreadcrumbList\",\"@id\":\"https:\/\/trakesh.com\/notre-boutique\/perkins\/u5lp0058\/#breadcrumb\",\"itemListElement\":[{\"@type\":\"ListItem\",\"position\":1,\"name\":\"Home\",\"item\":\"https:\/\/trakesh.com\/\"},{\"@type\":\"ListItem\",\"position\":2,\"name\":\"Notre Boutique\",\"item\":\"https:\/\/trakesh.com\/notre-boutique\/\"},{\"@type\":\"ListItem\",\"position\":3,\"name\":\"R\u00e9f. : U5LP0058\"}]},{\"@type\":\"WebSite\",\"@id\":\"https:\/\/trakesh.com\/#website\",\"url\":\"https:\/\/trakesh.com\/\",\"name\":\"TRAKECH PARTS\",\"description\":\"Pi\u00e8ces de rechange pour camions MAN, moteurs CATERPILLAR et PERKINS \u2013 Maroc\",\"publisher\":{\"@id\":\"https:\/\/trakesh.com\/#organization\"},\"potentialAction\":[{\"@type\":\"SearchAction\",\"target\":{\"@type\":\"EntryPoint\",\"urlTemplate\":\"https:\/\/trakesh.com\/?s={search_term_string}\"},\"query-input\":{\"@type\":\"PropertyValueSpecification\",\"valueRequired\":true,\"valueName\":\"search_term_string\"}}],\"inLanguage\":\"ar\"},{\"@type\":\"Organization\",\"@id\":\"https:\/\/trakesh.com\/#organization\",\"name\":\"TRAKECH PARTS\",\"url\":\"https:\/\/trakesh.com\/\",\"logo\":{\"@type\":\"ImageObject\",\"inLanguage\":\"ar\",\"@id\":\"https:\/\/trakesh.com\/#\/schema\/logo\/image\/\",\"url\":\"https:\/\/trakesh.com\/wp-content\/uploads\/2025\/05\/cropped-cropped-cropped-cropped-cropped-cropped-cropped-trakesh-removebg-preview-1.png\",\"contentUrl\":\"https:\/\/trakesh.com\/wp-content\/uploads\/2025\/05\/cropped-cropped-cropped-cropped-cropped-cropped-cropped-trakesh-removebg-preview-1.png\",\"width\":342,\"height\":96,\"caption\":\"TRAKECH PARTS\"},\"image\":{\"@id\":\"https:\/\/trakesh.com\/#\/schema\/logo\/image\/\"},\"sameAs\":[\"https:\/\/web.facebook.com\/trakechparts\/?locale=fr_FR\",\"https:\/\/www.instagram.com\/trakech_parts\/\"]}]}<\/script>\n<!-- \/ Yoast SEO plugin. -->","yoast_head_json":{"title":"R\u00e9f. : U5LP0058 - TRAKECH PARTS","robots":{"index":"index","follow":"follow","max-snippet":"max-snippet:-1","max-image-preview":"max-image-preview:large","max-video-preview":"max-video-preview:-1"},"canonical":"https:\/\/trakesh.com\/ar\/notre-boutique\/perkins\/u5lp0058\/","og_locale":"ar_AR","og_type":"article","og_title":"R\u00e9f. : U5LP0058 - TRAKECH PARTS","og_description":"Piston moteur \u2013 PERKINS Compatible avec :     Moteurs PERKINS \u00e9quip\u00e9s de pistons \u00d8 103 mm    Applications industrielles, agricoles et groupes \u00e9lectrog\u00e8nes selon r\u00e9f\u00e9rence constructeur.   Fonction :Convertir l\u2019\u00e9nergie de la combustion en mouvement m\u00e9canique tout en assurant une compression optimale et une \u00e9tanch\u00e9it\u00e9 parfaite dans la chambre de combustion. Caract\u00e9ristiques :     Diam\u00e8tre piston : 103 mm    Type : Piston nu (N PISTON), sans segments ni axe    Mat\u00e9riau : alliage d\u2019aluminium haute r\u00e9sistance    Conception certifi\u00e9e PERKINS, r\u00e9sistante aux contraintes thermiques et m\u00e9caniques    Compatible avec segments et axe adapt\u00e9s pour montage complet   Installation :Montage direct sur moteurs PERKINS compatibles \u2013 assembler avec segments et axe selon recommandations constructeur.","og_url":"https:\/\/trakesh.com\/ar\/notre-boutique\/perkins\/u5lp0058\/","og_site_name":"TRAKECH PARTS","article_publisher":"https:\/\/web.facebook.com\/trakechparts\/?locale=fr_FR","article_modified_time":"2025-11-03T16:03:53+00:00","og_image":[{"width":800,"height":800,"url":"https:\/\/trakesh.com\/wp-content\/uploads\/2025\/08\/MA-2025-11-03T170332.036.png","type":"image\/png"}],"twitter_card":"summary_large_image","twitter_misc":{"\u0648\u0642\u062a \u0627\u0644\u0642\u0631\u0627\u0621\u0629 \u0627\u0644\u0645\u064f\u0642\u062f\u0651\u0631":"\u062f\u0642\u064a\u0642\u0629 \u0648\u0627\u062d\u062f\u0629"},"schema":{"@context":"https:\/\/schema.org","@graph":[{"@type":"WebPage","@id":"https:\/\/trakesh.com\/notre-boutique\/perkins\/u5lp0058\/","url":"https:\/\/trakesh.com\/notre-boutique\/perkins\/u5lp0058\/","name":"R\u00e9f. : U5LP0058 - TRAKECH PARTS","isPartOf":{"@id":"https:\/\/trakesh.com\/#website"},"primaryImageOfPage":{"@id":"https:\/\/trakesh.com\/notre-boutique\/perkins\/u5lp0058\/#primaryimage"},"image":{"@id":"https:\/\/trakesh.com\/notre-boutique\/perkins\/u5lp0058\/#primaryimage"},"thumbnailUrl":"https:\/\/trakesh.com\/wp-content\/uploads\/2025\/08\/MA-2025-11-03T170332.036.png","datePublished":"2025-08-22T23:08:14+00:00","dateModified":"2025-11-03T16:03:53+00:00","breadcrumb":{"@id":"https:\/\/trakesh.com\/notre-boutique\/perkins\/u5lp0058\/#breadcrumb"},"inLanguage":"ar","potentialAction":[{"@type":"ReadAction","target":["https:\/\/trakesh.com\/notre-boutique\/perkins\/u5lp0058\/"]}]},{"@type":"ImageObject","inLanguage":"ar","@id":"https:\/\/trakesh.com\/notre-boutique\/perkins\/u5lp0058\/#primaryimage","url":"https:\/\/trakesh.com\/wp-content\/uploads\/2025\/08\/MA-2025-11-03T170332.036.png","contentUrl":"https:\/\/trakesh.com\/wp-content\/uploads\/2025\/08\/MA-2025-11-03T170332.036.png","width":800,"height":800},{"@type":"BreadcrumbList","@id":"https:\/\/trakesh.com\/notre-boutique\/perkins\/u5lp0058\/#breadcrumb","itemListElement":[{"@type":"ListItem","position":1,"name":"Home","item":"https:\/\/trakesh.com\/"},{"@type":"ListItem","position":2,"name":"Notre Boutique","item":"https:\/\/trakesh.com\/notre-boutique\/"},{"@type":"ListItem","position":3,"name":"R\u00e9f. : U5LP0058"}]},{"@type":"WebSite","@id":"https:\/\/trakesh.com\/#website","url":"https:\/\/trakesh.com\/","name":"TRAKECH PARTS","description":"Pi\u00e8ces de rechange pour camions MAN, moteurs CATERPILLAR et PERKINS \u2013 Maroc","publisher":{"@id":"https:\/\/trakesh.com\/#organization"},"potentialAction":[{"@type":"SearchAction","target":{"@type":"EntryPoint","urlTemplate":"https:\/\/trakesh.com\/?s={search_term_string}"},"query-input":{"@type":"PropertyValueSpecification","valueRequired":true,"valueName":"search_term_string"}}],"inLanguage":"ar"},{"@type":"Organization","@id":"https:\/\/trakesh.com\/#organization","name":"TRAKECH PARTS","url":"https:\/\/trakesh.com\/","logo":{"@type":"ImageObject","inLanguage":"ar","@id":"https:\/\/trakesh.com\/#\/schema\/logo\/image\/","url":"https:\/\/trakesh.com\/wp-content\/uploads\/2025\/05\/cropped-cropped-cropped-cropped-cropped-cropped-cropped-trakesh-removebg-preview-1.png","contentUrl":"https:\/\/trakesh.com\/wp-content\/uploads\/2025\/05\/cropped-cropped-cropped-cropped-cropped-cropped-cropped-trakesh-removebg-preview-1.png","width":342,"height":96,"caption":"TRAKECH PARTS"},"image":{"@id":"https:\/\/trakesh.com\/#\/schema\/logo\/image\/"},"sameAs":["https:\/\/web.facebook.com\/trakechparts\/?locale=fr_FR","https:\/\/www.instagram.com\/trakech_parts\/"]}]}},"_links":{"self":[{"href":"https:\/\/trakesh.com\/ar\/wp-json\/wp\/v2\/product\/8679","targetHints":{"allow":["GET"]}}],"collection":[{"href":"https:\/\/trakesh.com\/ar\/wp-json\/wp\/v2\/product"}],"about":[{"href":"https:\/\/trakesh.com\/ar\/wp-json\/wp\/v2\/types\/product"}],"replies":[{"embeddable":true,"href":"https:\/\/trakesh.com\/ar\/wp-json\/wp\/v2\/comments?post=8679"}],"wp:featuredmedia":[{"embeddable":true,"href":"https:\/\/trakesh.com\/ar\/wp-json\/wp\/v2\/media\/9488"}],"wp:attachment":[{"href":"https:\/\/trakesh.com\/ar\/wp-json\/wp\/v2\/media?parent=8679"}],"wp:term":[{"taxonomy":"product_brand","embeddable":true,"href":"https:\/\/trakesh.com\/ar\/wp-json\/wp\/v2\/product_brand?post=8679"},{"taxonomy":"product_cat","embeddable":true,"href":"https:\/\/trakesh.com\/ar\/wp-json\/wp\/v2\/product_cat?post=8679"},{"taxonomy":"product_tag","embeddable":true,"href":"https:\/\/trakesh.com\/ar\/wp-json\/wp\/v2\/product_tag?post=8679"}],"curies":[{"name":"wp","href":"https:\/\/api.w.org\/{rel}","templated":true}]}}