{"id":8685,"date":"2025-08-23T00:12:57","date_gmt":"2025-08-22T23:12:57","guid":{"rendered":"https:\/\/trakesh.com\/?post_type=product&#038;p=8685"},"modified":"2025-11-03T16:57:07","modified_gmt":"2025-11-03T15:57:07","slug":"3135j186","status":"publish","type":"product","link":"https:\/\/trakesh.com\/ar\/notre-boutique\/perkins\/3135j186\/","title":{"rendered":"R\u00e9f. : 3135J186"},"content":{"rendered":"<p data-start=\"972\" data-end=\"1388\"><strong data-start=\"975\" data-end=\"992\">Description :<\/strong><br data-start=\"992\" data-end=\"995\" \/><strong>Le piston PERKINS 3135J186 (\u00d8100 mm, axe 40 mm) offre une compression fiable et une excellente transmission de puissance pour les moteurs diesel PERKINS. Sa conception en alliage robuste garantit durabilit\u00e9, r\u00e9sistance \u00e0 l\u2019usure et performance stable, m\u00eame dans des conditions de fonctionnement exigeantes. Id\u00e9al pour la maintenance, la remise en \u00e9tat ou le remplacement de pistons us\u00e9s.<\/strong><\/p>","protected":false},"excerpt":{"rendered":"<p><strong>Piston moteur \u2013 PERKINS<\/strong><\/p>\n<p data-start=\"138\" data-end=\"163\"><strong data-start=\"140\" data-end=\"161\">Compatible avec :<\/strong><\/p>\n<ul data-start=\"164\" data-end=\"315\">\n<li data-start=\"164\" data-end=\"219\">\n<p data-start=\"166\" data-end=\"219\">Moteurs <strong data-start=\"174\" data-end=\"185\">PERKINS<\/strong> \u00e9quip\u00e9s de pistons \u00d8 <strong data-start=\"207\" data-end=\"217\">100 mm<\/strong><\/p>\n<\/li>\n<li data-start=\"220\" data-end=\"315\">\n<p data-start=\"222\" data-end=\"315\">Applications industrielles, agricoles et groupes \u00e9lectrog\u00e8nes selon r\u00e9f\u00e9rence constructeur.<\/p>\n<\/li>\n<\/ul>\n<p data-start=\"317\" data-end=\"487\"><strong data-start=\"320\" data-end=\"334\">Fonction :<\/strong><br data-start=\"334\" data-end=\"337\" \/>Convertir l\u2019\u00e9nergie de la combustion en mouvement m\u00e9canique tout en assurant l\u2019\u00e9tanch\u00e9it\u00e9 et une compression optimale dans la chambre de combustion.<\/p>\n<p data-start=\"489\" data-end=\"515\"><strong data-start=\"491\" data-end=\"513\">Caract\u00e9ristiques :<\/strong><\/p>\n<ul data-start=\"516\" data-end=\"830\">\n<li data-start=\"516\" data-end=\"548\">\n<p data-start=\"518\" data-end=\"548\">Diam\u00e8tre piston : <strong data-start=\"536\" data-end=\"546\">100 mm<\/strong><\/p>\n<\/li>\n<li data-start=\"549\" data-end=\"594\">\n<p data-start=\"551\" data-end=\"594\">Type : <strong data-start=\"558\" data-end=\"592\">Piston avec axe \u00d840 mm (AX 40)<\/strong><\/p>\n<\/li>\n<li data-start=\"595\" data-end=\"646\">\n<p data-start=\"597\" data-end=\"646\">Mat\u00e9riau : alliage d\u2019aluminium haute r\u00e9sistance<\/p>\n<\/li>\n<li data-start=\"647\" data-end=\"694\">\n<p data-start=\"649\" data-end=\"694\">Fabrication conforme aux normes <strong data-start=\"681\" data-end=\"692\">PERKINS<\/strong><\/p>\n<\/li>\n<li data-start=\"695\" data-end=\"758\">\n<p data-start=\"697\" data-end=\"758\">R\u00e9sistant aux hautes temp\u00e9ratures et contraintes m\u00e9caniques<\/p>\n<\/li>\n<li data-start=\"759\" data-end=\"830\">\n<p data-start=\"761\" data-end=\"830\">Compatible avec segments et axe correspondants pour montage complet<\/p>\n<\/li>\n<\/ul>\n<p data-start=\"832\" data-end=\"970\"><strong data-start=\"835\" data-end=\"853\">Installation :<\/strong><br data-start=\"853\" data-end=\"856\" \/>Montage direct sur moteurs PERKINS compatibles \u2013 suivre l\u2019orientation et assembler avec segments et axe adapt\u00e9s.<\/p>","protected":false},"featured_media":9485,"comment_status":"open","ping_status":"closed","template":"","meta":[],"product_brand":[282],"product_cat":[283],"product_tag":[],"class_list":{"0":"post-8685","1":"product","2":"type-product","3":"status-publish","4":"has-post-thumbnail","6":"product_brand-perkins","7":"product_cat-perkins","9":"first","10":"instock","11":"shipping-taxable","12":"product-type-simple"},"yoast_head":"<!-- This site is optimized with the Yoast SEO plugin v25.5 - https:\/\/yoast.com\/wordpress\/plugins\/seo\/ -->\n<title>R\u00e9f. : 3135J186 - TRAKECH PARTS<\/title>\n<meta name=\"robots\" content=\"index, follow, max-snippet:-1, max-image-preview:large, max-video-preview:-1\" \/>\n<link rel=\"canonical\" href=\"https:\/\/trakesh.com\/ar\/notre-boutique\/perkins\/3135j186\/\" \/>\n<meta property=\"og:locale\" content=\"ar_AR\" \/>\n<meta property=\"og:type\" content=\"article\" \/>\n<meta property=\"og:title\" content=\"R\u00e9f. : 3135J186 - TRAKECH PARTS\" \/>\n<meta property=\"og:description\" content=\"Piston moteur \u2013 PERKINS Compatible avec :     Moteurs PERKINS \u00e9quip\u00e9s de pistons \u00d8 100 mm    Applications industrielles, agricoles et groupes \u00e9lectrog\u00e8nes selon r\u00e9f\u00e9rence constructeur.   Fonction :Convertir l\u2019\u00e9nergie de la combustion en mouvement m\u00e9canique tout en assurant l\u2019\u00e9tanch\u00e9it\u00e9 et une compression optimale dans la chambre de combustion. Caract\u00e9ristiques :     Diam\u00e8tre piston : 100 mm    Type : Piston avec axe \u00d840 mm (AX 40)    Mat\u00e9riau : alliage d\u2019aluminium haute r\u00e9sistance    Fabrication conforme aux normes PERKINS    R\u00e9sistant aux hautes temp\u00e9ratures et contraintes m\u00e9caniques    Compatible avec segments et axe correspondants pour montage complet   Installation :Montage direct sur moteurs PERKINS compatibles \u2013 suivre l\u2019orientation et assembler avec segments et axe adapt\u00e9s.\" \/>\n<meta property=\"og:url\" content=\"https:\/\/trakesh.com\/ar\/notre-boutique\/perkins\/3135j186\/\" \/>\n<meta property=\"og:site_name\" content=\"TRAKECH PARTS\" \/>\n<meta property=\"article:publisher\" content=\"https:\/\/web.facebook.com\/trakechparts\/?locale=fr_FR\" \/>\n<meta property=\"article:modified_time\" content=\"2025-11-03T15:57:07+00:00\" \/>\n<meta property=\"og:image\" content=\"https:\/\/trakesh.com\/wp-content\/uploads\/2025\/08\/MA-2025-11-03T165642.065.png\" \/>\n\t<meta property=\"og:image:width\" content=\"800\" \/>\n\t<meta property=\"og:image:height\" content=\"800\" \/>\n\t<meta property=\"og:image:type\" content=\"image\/png\" \/>\n<meta name=\"twitter:card\" content=\"summary_large_image\" \/>\n<meta name=\"twitter:label1\" content=\"\u0648\u0642\u062a \u0627\u0644\u0642\u0631\u0627\u0621\u0629 \u0627\u0644\u0645\u064f\u0642\u062f\u0651\u0631\" \/>\n\t<meta name=\"twitter:data1\" content=\"\u062f\u0642\u064a\u0642\u0629 \u0648\u0627\u062d\u062f\u0629\" \/>\n<script type=\"application\/ld+json\" class=\"yoast-schema-graph\">{\"@context\":\"https:\/\/schema.org\",\"@graph\":[{\"@type\":\"WebPage\",\"@id\":\"https:\/\/trakesh.com\/notre-boutique\/perkins\/3135j186\/\",\"url\":\"https:\/\/trakesh.com\/notre-boutique\/perkins\/3135j186\/\",\"name\":\"R\u00e9f. : 3135J186 - TRAKECH PARTS\",\"isPartOf\":{\"@id\":\"https:\/\/trakesh.com\/#website\"},\"primaryImageOfPage\":{\"@id\":\"https:\/\/trakesh.com\/notre-boutique\/perkins\/3135j186\/#primaryimage\"},\"image\":{\"@id\":\"https:\/\/trakesh.com\/notre-boutique\/perkins\/3135j186\/#primaryimage\"},\"thumbnailUrl\":\"https:\/\/trakesh.com\/wp-content\/uploads\/2025\/08\/MA-2025-11-03T165642.065.png\",\"datePublished\":\"2025-08-22T23:12:57+00:00\",\"dateModified\":\"2025-11-03T15:57:07+00:00\",\"breadcrumb\":{\"@id\":\"https:\/\/trakesh.com\/notre-boutique\/perkins\/3135j186\/#breadcrumb\"},\"inLanguage\":\"ar\",\"potentialAction\":[{\"@type\":\"ReadAction\",\"target\":[\"https:\/\/trakesh.com\/notre-boutique\/perkins\/3135j186\/\"]}]},{\"@type\":\"ImageObject\",\"inLanguage\":\"ar\",\"@id\":\"https:\/\/trakesh.com\/notre-boutique\/perkins\/3135j186\/#primaryimage\",\"url\":\"https:\/\/trakesh.com\/wp-content\/uploads\/2025\/08\/MA-2025-11-03T165642.065.png\",\"contentUrl\":\"https:\/\/trakesh.com\/wp-content\/uploads\/2025\/08\/MA-2025-11-03T165642.065.png\",\"width\":800,\"height\":800},{\"@type\":\"BreadcrumbList\",\"@id\":\"https:\/\/trakesh.com\/notre-boutique\/perkins\/3135j186\/#breadcrumb\",\"itemListElement\":[{\"@type\":\"ListItem\",\"position\":1,\"name\":\"Home\",\"item\":\"https:\/\/trakesh.com\/\"},{\"@type\":\"ListItem\",\"position\":2,\"name\":\"Notre Boutique\",\"item\":\"https:\/\/trakesh.com\/notre-boutique\/\"},{\"@type\":\"ListItem\",\"position\":3,\"name\":\"R\u00e9f. : 3135J186\"}]},{\"@type\":\"WebSite\",\"@id\":\"https:\/\/trakesh.com\/#website\",\"url\":\"https:\/\/trakesh.com\/\",\"name\":\"TRAKECH PARTS\",\"description\":\"Pi\u00e8ces de rechange pour camions MAN, moteurs CATERPILLAR et PERKINS \u2013 Maroc\",\"publisher\":{\"@id\":\"https:\/\/trakesh.com\/#organization\"},\"potentialAction\":[{\"@type\":\"SearchAction\",\"target\":{\"@type\":\"EntryPoint\",\"urlTemplate\":\"https:\/\/trakesh.com\/?s={search_term_string}\"},\"query-input\":{\"@type\":\"PropertyValueSpecification\",\"valueRequired\":true,\"valueName\":\"search_term_string\"}}],\"inLanguage\":\"ar\"},{\"@type\":\"Organization\",\"@id\":\"https:\/\/trakesh.com\/#organization\",\"name\":\"TRAKECH PARTS\",\"url\":\"https:\/\/trakesh.com\/\",\"logo\":{\"@type\":\"ImageObject\",\"inLanguage\":\"ar\",\"@id\":\"https:\/\/trakesh.com\/#\/schema\/logo\/image\/\",\"url\":\"https:\/\/trakesh.com\/wp-content\/uploads\/2025\/05\/cropped-cropped-cropped-cropped-cropped-cropped-cropped-trakesh-removebg-preview-1.png\",\"contentUrl\":\"https:\/\/trakesh.com\/wp-content\/uploads\/2025\/05\/cropped-cropped-cropped-cropped-cropped-cropped-cropped-trakesh-removebg-preview-1.png\",\"width\":342,\"height\":96,\"caption\":\"TRAKECH PARTS\"},\"image\":{\"@id\":\"https:\/\/trakesh.com\/#\/schema\/logo\/image\/\"},\"sameAs\":[\"https:\/\/web.facebook.com\/trakechparts\/?locale=fr_FR\",\"https:\/\/www.instagram.com\/trakech_parts\/\"]}]}<\/script>\n<!-- \/ Yoast SEO plugin. -->","yoast_head_json":{"title":"R\u00e9f. : 3135J186 - TRAKECH PARTS","robots":{"index":"index","follow":"follow","max-snippet":"max-snippet:-1","max-image-preview":"max-image-preview:large","max-video-preview":"max-video-preview:-1"},"canonical":"https:\/\/trakesh.com\/ar\/notre-boutique\/perkins\/3135j186\/","og_locale":"ar_AR","og_type":"article","og_title":"R\u00e9f. : 3135J186 - TRAKECH PARTS","og_description":"Piston moteur \u2013 PERKINS Compatible avec :     Moteurs PERKINS \u00e9quip\u00e9s de pistons \u00d8 100 mm    Applications industrielles, agricoles et groupes \u00e9lectrog\u00e8nes selon r\u00e9f\u00e9rence constructeur.   Fonction :Convertir l\u2019\u00e9nergie de la combustion en mouvement m\u00e9canique tout en assurant l\u2019\u00e9tanch\u00e9it\u00e9 et une compression optimale dans la chambre de combustion. Caract\u00e9ristiques :     Diam\u00e8tre piston : 100 mm    Type : Piston avec axe \u00d840 mm (AX 40)    Mat\u00e9riau : alliage d\u2019aluminium haute r\u00e9sistance    Fabrication conforme aux normes PERKINS    R\u00e9sistant aux hautes temp\u00e9ratures et contraintes m\u00e9caniques    Compatible avec segments et axe correspondants pour montage complet   Installation :Montage direct sur moteurs PERKINS compatibles \u2013 suivre l\u2019orientation et assembler avec segments et axe adapt\u00e9s.","og_url":"https:\/\/trakesh.com\/ar\/notre-boutique\/perkins\/3135j186\/","og_site_name":"TRAKECH PARTS","article_publisher":"https:\/\/web.facebook.com\/trakechparts\/?locale=fr_FR","article_modified_time":"2025-11-03T15:57:07+00:00","og_image":[{"width":800,"height":800,"url":"https:\/\/trakesh.com\/wp-content\/uploads\/2025\/08\/MA-2025-11-03T165642.065.png","type":"image\/png"}],"twitter_card":"summary_large_image","twitter_misc":{"\u0648\u0642\u062a \u0627\u0644\u0642\u0631\u0627\u0621\u0629 \u0627\u0644\u0645\u064f\u0642\u062f\u0651\u0631":"\u062f\u0642\u064a\u0642\u0629 \u0648\u0627\u062d\u062f\u0629"},"schema":{"@context":"https:\/\/schema.org","@graph":[{"@type":"WebPage","@id":"https:\/\/trakesh.com\/notre-boutique\/perkins\/3135j186\/","url":"https:\/\/trakesh.com\/notre-boutique\/perkins\/3135j186\/","name":"R\u00e9f. : 3135J186 - TRAKECH PARTS","isPartOf":{"@id":"https:\/\/trakesh.com\/#website"},"primaryImageOfPage":{"@id":"https:\/\/trakesh.com\/notre-boutique\/perkins\/3135j186\/#primaryimage"},"image":{"@id":"https:\/\/trakesh.com\/notre-boutique\/perkins\/3135j186\/#primaryimage"},"thumbnailUrl":"https:\/\/trakesh.com\/wp-content\/uploads\/2025\/08\/MA-2025-11-03T165642.065.png","datePublished":"2025-08-22T23:12:57+00:00","dateModified":"2025-11-03T15:57:07+00:00","breadcrumb":{"@id":"https:\/\/trakesh.com\/notre-boutique\/perkins\/3135j186\/#breadcrumb"},"inLanguage":"ar","potentialAction":[{"@type":"ReadAction","target":["https:\/\/trakesh.com\/notre-boutique\/perkins\/3135j186\/"]}]},{"@type":"ImageObject","inLanguage":"ar","@id":"https:\/\/trakesh.com\/notre-boutique\/perkins\/3135j186\/#primaryimage","url":"https:\/\/trakesh.com\/wp-content\/uploads\/2025\/08\/MA-2025-11-03T165642.065.png","contentUrl":"https:\/\/trakesh.com\/wp-content\/uploads\/2025\/08\/MA-2025-11-03T165642.065.png","width":800,"height":800},{"@type":"BreadcrumbList","@id":"https:\/\/trakesh.com\/notre-boutique\/perkins\/3135j186\/#breadcrumb","itemListElement":[{"@type":"ListItem","position":1,"name":"Home","item":"https:\/\/trakesh.com\/"},{"@type":"ListItem","position":2,"name":"Notre Boutique","item":"https:\/\/trakesh.com\/notre-boutique\/"},{"@type":"ListItem","position":3,"name":"R\u00e9f. : 3135J186"}]},{"@type":"WebSite","@id":"https:\/\/trakesh.com\/#website","url":"https:\/\/trakesh.com\/","name":"TRAKECH PARTS","description":"Pi\u00e8ces de rechange pour camions MAN, moteurs CATERPILLAR et PERKINS \u2013 Maroc","publisher":{"@id":"https:\/\/trakesh.com\/#organization"},"potentialAction":[{"@type":"SearchAction","target":{"@type":"EntryPoint","urlTemplate":"https:\/\/trakesh.com\/?s={search_term_string}"},"query-input":{"@type":"PropertyValueSpecification","valueRequired":true,"valueName":"search_term_string"}}],"inLanguage":"ar"},{"@type":"Organization","@id":"https:\/\/trakesh.com\/#organization","name":"TRAKECH PARTS","url":"https:\/\/trakesh.com\/","logo":{"@type":"ImageObject","inLanguage":"ar","@id":"https:\/\/trakesh.com\/#\/schema\/logo\/image\/","url":"https:\/\/trakesh.com\/wp-content\/uploads\/2025\/05\/cropped-cropped-cropped-cropped-cropped-cropped-cropped-trakesh-removebg-preview-1.png","contentUrl":"https:\/\/trakesh.com\/wp-content\/uploads\/2025\/05\/cropped-cropped-cropped-cropped-cropped-cropped-cropped-trakesh-removebg-preview-1.png","width":342,"height":96,"caption":"TRAKECH PARTS"},"image":{"@id":"https:\/\/trakesh.com\/#\/schema\/logo\/image\/"},"sameAs":["https:\/\/web.facebook.com\/trakechparts\/?locale=fr_FR","https:\/\/www.instagram.com\/trakech_parts\/"]}]}},"_links":{"self":[{"href":"https:\/\/trakesh.com\/ar\/wp-json\/wp\/v2\/product\/8685","targetHints":{"allow":["GET"]}}],"collection":[{"href":"https:\/\/trakesh.com\/ar\/wp-json\/wp\/v2\/product"}],"about":[{"href":"https:\/\/trakesh.com\/ar\/wp-json\/wp\/v2\/types\/product"}],"replies":[{"embeddable":true,"href":"https:\/\/trakesh.com\/ar\/wp-json\/wp\/v2\/comments?post=8685"}],"wp:featuredmedia":[{"embeddable":true,"href":"https:\/\/trakesh.com\/ar\/wp-json\/wp\/v2\/media\/9485"}],"wp:attachment":[{"href":"https:\/\/trakesh.com\/ar\/wp-json\/wp\/v2\/media?parent=8685"}],"wp:term":[{"taxonomy":"product_brand","embeddable":true,"href":"https:\/\/trakesh.com\/ar\/wp-json\/wp\/v2\/product_brand?post=8685"},{"taxonomy":"product_cat","embeddable":true,"href":"https:\/\/trakesh.com\/ar\/wp-json\/wp\/v2\/product_cat?post=8685"},{"taxonomy":"product_tag","embeddable":true,"href":"https:\/\/trakesh.com\/ar\/wp-json\/wp\/v2\/product_tag?post=8685"}],"curies":[{"name":"wp","href":"https:\/\/api.w.org\/{rel}","templated":true}]}}