{"id":8697,"date":"2025-08-23T15:19:27","date_gmt":"2025-08-23T14:19:27","guid":{"rendered":"https:\/\/trakesh.com\/?post_type=product&#038;p=8697"},"modified":"2025-11-03T16:10:55","modified_gmt":"2025-11-03T15:10:55","slug":"4181a019","status":"publish","type":"product","link":"https:\/\/trakesh.com\/ar\/notre-boutique\/perkins\/4181a019\/","title":{"rendered":"R\u00e9f. : 4181A019"},"content":{"rendered":"<p data-start=\"955\" data-end=\"1403\"><strong data-start=\"958\" data-end=\"975\">Description :<\/strong><br data-start=\"975\" data-end=\"978\" \/><strong>Le jeu de segments PERKINS 4181A019 est sp\u00e9cialement con\u00e7u pour garantir une \u00e9tanch\u00e9it\u00e9 parfaite et une compression optimale des moteurs \u00d8100 mm. Sa conception robuste et ses mat\u00e9riaux de qualit\u00e9 r\u00e9duisent l\u2019usure, limitent la consommation d\u2019huile et prolongent la dur\u00e9e de vie du moteur. Solution id\u00e9ale pour maintenir les moteurs PERKINS en parfait \u00e9tat de fonctionnement, aussi bien en premi\u00e8re monte qu\u2019en rechange.<\/strong><\/p>","protected":false},"excerpt":{"rendered":"<p><strong>Jeu de segments de piston \u2013 PERKINS<\/strong><\/p>\n<p data-start=\"150\" data-end=\"175\"><strong data-start=\"152\" data-end=\"173\">Compatible avec :<\/strong><\/p>\n<ul data-start=\"176\" data-end=\"320\">\n<li data-start=\"176\" data-end=\"231\">\n<p data-start=\"178\" data-end=\"231\">Moteurs <strong data-start=\"186\" data-end=\"197\">PERKINS<\/strong> \u00e9quip\u00e9s de pistons \u00d8 <strong data-start=\"219\" data-end=\"229\">100 mm<\/strong><\/p>\n<\/li>\n<li data-start=\"232\" data-end=\"320\">\n<p data-start=\"234\" data-end=\"320\">Applications selon sp\u00e9cifications constructeur (pi\u00e8ce d\u2019origine \/ rechange PERKINS).<\/p>\n<\/li>\n<\/ul>\n<p data-start=\"322\" data-end=\"505\"><strong data-start=\"325\" data-end=\"339\">Fonction :<\/strong><br data-start=\"339\" data-end=\"342\" \/>Assurer l\u2019\u00e9tanch\u00e9it\u00e9 entre piston et chemise, maintenir la compression et r\u00e9guler la consommation d\u2019huile pour garantir la performance et la long\u00e9vit\u00e9 du moteur.<\/p>\n<p data-start=\"507\" data-end=\"533\"><strong data-start=\"509\" data-end=\"531\">Caract\u00e9ristiques :<\/strong><\/p>\n<ul data-start=\"534\" data-end=\"822\">\n<li data-start=\"534\" data-end=\"566\">\n<p data-start=\"536\" data-end=\"566\">Diam\u00e8tre piston : <strong data-start=\"554\" data-end=\"564\">100 mm<\/strong><\/p>\n<\/li>\n<li data-start=\"567\" data-end=\"611\">\n<p data-start=\"569\" data-end=\"611\">Largeurs segments : <strong data-start=\"589\" data-end=\"609\">2,5 \u2013 2,5 \u2013 4 mm<\/strong><\/p>\n<\/li>\n<li data-start=\"612\" data-end=\"679\">\n<p data-start=\"614\" data-end=\"679\">Jeu complet : segments de compression + segment racleur d\u2019huile<\/p>\n<\/li>\n<li data-start=\"680\" data-end=\"748\">\n<p data-start=\"682\" data-end=\"748\">Mat\u00e9riaux haute r\u00e9sistance aux temp\u00e9ratures et pressions \u00e9lev\u00e9es<\/p>\n<\/li>\n<li data-start=\"749\" data-end=\"822\">\n<p data-start=\"751\" data-end=\"822\">Fabrication certifi\u00e9e <strong data-start=\"773\" data-end=\"784\">PERKINS<\/strong>, gage de fiabilit\u00e9 et de durabilit\u00e9<\/p>\n<\/li>\n<\/ul>\n<p data-start=\"824\" data-end=\"953\"><strong data-start=\"827\" data-end=\"845\">Installation :<\/strong><br data-start=\"845\" data-end=\"848\" \/>Montage direct sur piston \u00d8100 mm \u2013 respecter l\u2019orientation des segments et les consignes constructeur.<\/p>","protected":false},"featured_media":9481,"comment_status":"open","ping_status":"closed","template":"","meta":[],"product_brand":[282],"product_cat":[283],"product_tag":[],"class_list":{"0":"post-8697","1":"product","2":"type-product","3":"status-publish","4":"has-post-thumbnail","6":"product_brand-perkins","7":"product_cat-perkins","9":"first","10":"instock","11":"shipping-taxable","12":"product-type-simple"},"yoast_head":"<!-- This site is optimized with the Yoast SEO plugin v25.5 - https:\/\/yoast.com\/wordpress\/plugins\/seo\/ -->\n<title>R\u00e9f. : 4181A019 - TRAKECH PARTS<\/title>\n<meta name=\"robots\" content=\"index, follow, max-snippet:-1, max-image-preview:large, max-video-preview:-1\" \/>\n<link rel=\"canonical\" href=\"https:\/\/trakesh.com\/ar\/notre-boutique\/perkins\/4181a019\/\" \/>\n<meta property=\"og:locale\" content=\"ar_AR\" \/>\n<meta property=\"og:type\" content=\"article\" \/>\n<meta property=\"og:title\" content=\"R\u00e9f. : 4181A019 - TRAKECH PARTS\" \/>\n<meta property=\"og:description\" content=\"Jeu de segments de piston \u2013 PERKINS Compatible avec :     Moteurs PERKINS \u00e9quip\u00e9s de pistons \u00d8 100 mm    Applications selon sp\u00e9cifications constructeur (pi\u00e8ce d\u2019origine \/ rechange PERKINS).   Fonction :Assurer l\u2019\u00e9tanch\u00e9it\u00e9 entre piston et chemise, maintenir la compression et r\u00e9guler la consommation d\u2019huile pour garantir la performance et la long\u00e9vit\u00e9 du moteur. Caract\u00e9ristiques :     Diam\u00e8tre piston : 100 mm    Largeurs segments : 2,5 \u2013 2,5 \u2013 4 mm    Jeu complet : segments de compression + segment racleur d\u2019huile    Mat\u00e9riaux haute r\u00e9sistance aux temp\u00e9ratures et pressions \u00e9lev\u00e9es    Fabrication certifi\u00e9e PERKINS, gage de fiabilit\u00e9 et de durabilit\u00e9   Installation :Montage direct sur piston \u00d8100 mm \u2013 respecter l\u2019orientation des segments et les consignes constructeur.\" \/>\n<meta property=\"og:url\" content=\"https:\/\/trakesh.com\/ar\/notre-boutique\/perkins\/4181a019\/\" \/>\n<meta property=\"og:site_name\" content=\"TRAKECH PARTS\" \/>\n<meta property=\"article:publisher\" content=\"https:\/\/web.facebook.com\/trakechparts\/?locale=fr_FR\" \/>\n<meta property=\"article:modified_time\" content=\"2025-11-03T15:10:55+00:00\" \/>\n<meta property=\"og:image\" content=\"https:\/\/trakesh.com\/wp-content\/uploads\/2025\/08\/MA-2025-11-02T195007.579.png\" \/>\n\t<meta property=\"og:image:width\" content=\"800\" \/>\n\t<meta property=\"og:image:height\" content=\"800\" \/>\n\t<meta property=\"og:image:type\" content=\"image\/png\" \/>\n<meta name=\"twitter:card\" content=\"summary_large_image\" \/>\n<meta name=\"twitter:label1\" content=\"\u0648\u0642\u062a \u0627\u0644\u0642\u0631\u0627\u0621\u0629 \u0627\u0644\u0645\u064f\u0642\u062f\u0651\u0631\" \/>\n\t<meta name=\"twitter:data1\" content=\"\u062f\u0642\u064a\u0642\u0629 \u0648\u0627\u062d\u062f\u0629\" \/>\n<script type=\"application\/ld+json\" class=\"yoast-schema-graph\">{\"@context\":\"https:\/\/schema.org\",\"@graph\":[{\"@type\":\"WebPage\",\"@id\":\"https:\/\/trakesh.com\/notre-boutique\/perkins\/4181a019\/\",\"url\":\"https:\/\/trakesh.com\/notre-boutique\/perkins\/4181a019\/\",\"name\":\"R\u00e9f. : 4181A019 - TRAKECH PARTS\",\"isPartOf\":{\"@id\":\"https:\/\/trakesh.com\/#website\"},\"primaryImageOfPage\":{\"@id\":\"https:\/\/trakesh.com\/notre-boutique\/perkins\/4181a019\/#primaryimage\"},\"image\":{\"@id\":\"https:\/\/trakesh.com\/notre-boutique\/perkins\/4181a019\/#primaryimage\"},\"thumbnailUrl\":\"https:\/\/trakesh.com\/wp-content\/uploads\/2025\/08\/MA-2025-11-02T195007.579.png\",\"datePublished\":\"2025-08-23T14:19:27+00:00\",\"dateModified\":\"2025-11-03T15:10:55+00:00\",\"breadcrumb\":{\"@id\":\"https:\/\/trakesh.com\/notre-boutique\/perkins\/4181a019\/#breadcrumb\"},\"inLanguage\":\"ar\",\"potentialAction\":[{\"@type\":\"ReadAction\",\"target\":[\"https:\/\/trakesh.com\/notre-boutique\/perkins\/4181a019\/\"]}]},{\"@type\":\"ImageObject\",\"inLanguage\":\"ar\",\"@id\":\"https:\/\/trakesh.com\/notre-boutique\/perkins\/4181a019\/#primaryimage\",\"url\":\"https:\/\/trakesh.com\/wp-content\/uploads\/2025\/08\/MA-2025-11-02T195007.579.png\",\"contentUrl\":\"https:\/\/trakesh.com\/wp-content\/uploads\/2025\/08\/MA-2025-11-02T195007.579.png\",\"width\":800,\"height\":800},{\"@type\":\"BreadcrumbList\",\"@id\":\"https:\/\/trakesh.com\/notre-boutique\/perkins\/4181a019\/#breadcrumb\",\"itemListElement\":[{\"@type\":\"ListItem\",\"position\":1,\"name\":\"Home\",\"item\":\"https:\/\/trakesh.com\/\"},{\"@type\":\"ListItem\",\"position\":2,\"name\":\"Notre Boutique\",\"item\":\"https:\/\/trakesh.com\/notre-boutique\/\"},{\"@type\":\"ListItem\",\"position\":3,\"name\":\"R\u00e9f. : 4181A019\"}]},{\"@type\":\"WebSite\",\"@id\":\"https:\/\/trakesh.com\/#website\",\"url\":\"https:\/\/trakesh.com\/\",\"name\":\"TRAKECH PARTS\",\"description\":\"Pi\u00e8ces de rechange pour camions MAN, moteurs CATERPILLAR et PERKINS \u2013 Maroc\",\"publisher\":{\"@id\":\"https:\/\/trakesh.com\/#organization\"},\"potentialAction\":[{\"@type\":\"SearchAction\",\"target\":{\"@type\":\"EntryPoint\",\"urlTemplate\":\"https:\/\/trakesh.com\/?s={search_term_string}\"},\"query-input\":{\"@type\":\"PropertyValueSpecification\",\"valueRequired\":true,\"valueName\":\"search_term_string\"}}],\"inLanguage\":\"ar\"},{\"@type\":\"Organization\",\"@id\":\"https:\/\/trakesh.com\/#organization\",\"name\":\"TRAKECH PARTS\",\"url\":\"https:\/\/trakesh.com\/\",\"logo\":{\"@type\":\"ImageObject\",\"inLanguage\":\"ar\",\"@id\":\"https:\/\/trakesh.com\/#\/schema\/logo\/image\/\",\"url\":\"https:\/\/trakesh.com\/wp-content\/uploads\/2025\/05\/cropped-cropped-cropped-cropped-cropped-cropped-cropped-trakesh-removebg-preview-1.png\",\"contentUrl\":\"https:\/\/trakesh.com\/wp-content\/uploads\/2025\/05\/cropped-cropped-cropped-cropped-cropped-cropped-cropped-trakesh-removebg-preview-1.png\",\"width\":342,\"height\":96,\"caption\":\"TRAKECH PARTS\"},\"image\":{\"@id\":\"https:\/\/trakesh.com\/#\/schema\/logo\/image\/\"},\"sameAs\":[\"https:\/\/web.facebook.com\/trakechparts\/?locale=fr_FR\",\"https:\/\/www.instagram.com\/trakech_parts\/\"]}]}<\/script>\n<!-- \/ Yoast SEO plugin. -->","yoast_head_json":{"title":"R\u00e9f. : 4181A019 - TRAKECH PARTS","robots":{"index":"index","follow":"follow","max-snippet":"max-snippet:-1","max-image-preview":"max-image-preview:large","max-video-preview":"max-video-preview:-1"},"canonical":"https:\/\/trakesh.com\/ar\/notre-boutique\/perkins\/4181a019\/","og_locale":"ar_AR","og_type":"article","og_title":"R\u00e9f. : 4181A019 - TRAKECH PARTS","og_description":"Jeu de segments de piston \u2013 PERKINS Compatible avec :     Moteurs PERKINS \u00e9quip\u00e9s de pistons \u00d8 100 mm    Applications selon sp\u00e9cifications constructeur (pi\u00e8ce d\u2019origine \/ rechange PERKINS).   Fonction :Assurer l\u2019\u00e9tanch\u00e9it\u00e9 entre piston et chemise, maintenir la compression et r\u00e9guler la consommation d\u2019huile pour garantir la performance et la long\u00e9vit\u00e9 du moteur. Caract\u00e9ristiques :     Diam\u00e8tre piston : 100 mm    Largeurs segments : 2,5 \u2013 2,5 \u2013 4 mm    Jeu complet : segments de compression + segment racleur d\u2019huile    Mat\u00e9riaux haute r\u00e9sistance aux temp\u00e9ratures et pressions \u00e9lev\u00e9es    Fabrication certifi\u00e9e PERKINS, gage de fiabilit\u00e9 et de durabilit\u00e9   Installation :Montage direct sur piston \u00d8100 mm \u2013 respecter l\u2019orientation des segments et les consignes constructeur.","og_url":"https:\/\/trakesh.com\/ar\/notre-boutique\/perkins\/4181a019\/","og_site_name":"TRAKECH PARTS","article_publisher":"https:\/\/web.facebook.com\/trakechparts\/?locale=fr_FR","article_modified_time":"2025-11-03T15:10:55+00:00","og_image":[{"width":800,"height":800,"url":"https:\/\/trakesh.com\/wp-content\/uploads\/2025\/08\/MA-2025-11-02T195007.579.png","type":"image\/png"}],"twitter_card":"summary_large_image","twitter_misc":{"\u0648\u0642\u062a \u0627\u0644\u0642\u0631\u0627\u0621\u0629 \u0627\u0644\u0645\u064f\u0642\u062f\u0651\u0631":"\u062f\u0642\u064a\u0642\u0629 \u0648\u0627\u062d\u062f\u0629"},"schema":{"@context":"https:\/\/schema.org","@graph":[{"@type":"WebPage","@id":"https:\/\/trakesh.com\/notre-boutique\/perkins\/4181a019\/","url":"https:\/\/trakesh.com\/notre-boutique\/perkins\/4181a019\/","name":"R\u00e9f. : 4181A019 - TRAKECH PARTS","isPartOf":{"@id":"https:\/\/trakesh.com\/#website"},"primaryImageOfPage":{"@id":"https:\/\/trakesh.com\/notre-boutique\/perkins\/4181a019\/#primaryimage"},"image":{"@id":"https:\/\/trakesh.com\/notre-boutique\/perkins\/4181a019\/#primaryimage"},"thumbnailUrl":"https:\/\/trakesh.com\/wp-content\/uploads\/2025\/08\/MA-2025-11-02T195007.579.png","datePublished":"2025-08-23T14:19:27+00:00","dateModified":"2025-11-03T15:10:55+00:00","breadcrumb":{"@id":"https:\/\/trakesh.com\/notre-boutique\/perkins\/4181a019\/#breadcrumb"},"inLanguage":"ar","potentialAction":[{"@type":"ReadAction","target":["https:\/\/trakesh.com\/notre-boutique\/perkins\/4181a019\/"]}]},{"@type":"ImageObject","inLanguage":"ar","@id":"https:\/\/trakesh.com\/notre-boutique\/perkins\/4181a019\/#primaryimage","url":"https:\/\/trakesh.com\/wp-content\/uploads\/2025\/08\/MA-2025-11-02T195007.579.png","contentUrl":"https:\/\/trakesh.com\/wp-content\/uploads\/2025\/08\/MA-2025-11-02T195007.579.png","width":800,"height":800},{"@type":"BreadcrumbList","@id":"https:\/\/trakesh.com\/notre-boutique\/perkins\/4181a019\/#breadcrumb","itemListElement":[{"@type":"ListItem","position":1,"name":"Home","item":"https:\/\/trakesh.com\/"},{"@type":"ListItem","position":2,"name":"Notre Boutique","item":"https:\/\/trakesh.com\/notre-boutique\/"},{"@type":"ListItem","position":3,"name":"R\u00e9f. : 4181A019"}]},{"@type":"WebSite","@id":"https:\/\/trakesh.com\/#website","url":"https:\/\/trakesh.com\/","name":"TRAKECH PARTS","description":"Pi\u00e8ces de rechange pour camions MAN, moteurs CATERPILLAR et PERKINS \u2013 Maroc","publisher":{"@id":"https:\/\/trakesh.com\/#organization"},"potentialAction":[{"@type":"SearchAction","target":{"@type":"EntryPoint","urlTemplate":"https:\/\/trakesh.com\/?s={search_term_string}"},"query-input":{"@type":"PropertyValueSpecification","valueRequired":true,"valueName":"search_term_string"}}],"inLanguage":"ar"},{"@type":"Organization","@id":"https:\/\/trakesh.com\/#organization","name":"TRAKECH PARTS","url":"https:\/\/trakesh.com\/","logo":{"@type":"ImageObject","inLanguage":"ar","@id":"https:\/\/trakesh.com\/#\/schema\/logo\/image\/","url":"https:\/\/trakesh.com\/wp-content\/uploads\/2025\/05\/cropped-cropped-cropped-cropped-cropped-cropped-cropped-trakesh-removebg-preview-1.png","contentUrl":"https:\/\/trakesh.com\/wp-content\/uploads\/2025\/05\/cropped-cropped-cropped-cropped-cropped-cropped-cropped-trakesh-removebg-preview-1.png","width":342,"height":96,"caption":"TRAKECH PARTS"},"image":{"@id":"https:\/\/trakesh.com\/#\/schema\/logo\/image\/"},"sameAs":["https:\/\/web.facebook.com\/trakechparts\/?locale=fr_FR","https:\/\/www.instagram.com\/trakech_parts\/"]}]}},"_links":{"self":[{"href":"https:\/\/trakesh.com\/ar\/wp-json\/wp\/v2\/product\/8697","targetHints":{"allow":["GET"]}}],"collection":[{"href":"https:\/\/trakesh.com\/ar\/wp-json\/wp\/v2\/product"}],"about":[{"href":"https:\/\/trakesh.com\/ar\/wp-json\/wp\/v2\/types\/product"}],"replies":[{"embeddable":true,"href":"https:\/\/trakesh.com\/ar\/wp-json\/wp\/v2\/comments?post=8697"}],"wp:featuredmedia":[{"embeddable":true,"href":"https:\/\/trakesh.com\/ar\/wp-json\/wp\/v2\/media\/9481"}],"wp:attachment":[{"href":"https:\/\/trakesh.com\/ar\/wp-json\/wp\/v2\/media?parent=8697"}],"wp:term":[{"taxonomy":"product_brand","embeddable":true,"href":"https:\/\/trakesh.com\/ar\/wp-json\/wp\/v2\/product_brand?post=8697"},{"taxonomy":"product_cat","embeddable":true,"href":"https:\/\/trakesh.com\/ar\/wp-json\/wp\/v2\/product_cat?post=8697"},{"taxonomy":"product_tag","embeddable":true,"href":"https:\/\/trakesh.com\/ar\/wp-json\/wp\/v2\/product_tag?post=8697"}],"curies":[{"name":"wp","href":"https:\/\/api.w.org\/{rel}","templated":true}]}}