{"id":8698,"date":"2025-08-23T15:21:46","date_gmt":"2025-08-23T14:21:46","guid":{"rendered":"https:\/\/trakesh.com\/?post_type=product&#038;p=8698"},"modified":"2025-11-03T16:09:55","modified_gmt":"2025-11-03T15:09:55","slug":"uprk0002","status":"publish","type":"product","link":"https:\/\/trakesh.com\/ar\/notre-boutique\/perkins\/uprk0002\/","title":{"rendered":"R\u00e9f. : UPRK0002"},"content":{"rendered":"<p><strong data-start=\"941\" data-end=\"958\">Description :<\/strong><br data-start=\"958\" data-end=\"961\" \/><strong>Le jeu de segments PERKINS UPRK0002 est con\u00e7u pour offrir une \u00e9tanch\u00e9it\u00e9 maximale et une compression efficace, tout en r\u00e9duisant la consommation d\u2019huile. Gr\u00e2ce \u00e0 sa conception pr\u00e9cise et \u00e0 ses mat\u00e9riaux de qualit\u00e9, il assure une performance moteur stable, une protection contre l\u2019usure et une durabilit\u00e9 optimale. Solution id\u00e9ale pour maintenir les moteurs PERKINS en parfait \u00e9tat de fonctionnement.<\/strong><\/p>","protected":false},"excerpt":{"rendered":"<p><strong>Jeu de segments de piston \u2013 PERKINS<\/strong><\/p>\n<p data-start=\"141\" data-end=\"166\"><strong data-start=\"143\" data-end=\"164\">Compatible avec :<\/strong><\/p>\n<ul data-start=\"167\" data-end=\"308\">\n<li data-start=\"167\" data-end=\"222\">\n<p data-start=\"169\" data-end=\"222\">Moteurs <strong data-start=\"177\" data-end=\"188\">PERKINS<\/strong> \u00e9quip\u00e9s de pistons \u00d8 <strong data-start=\"210\" data-end=\"220\">105 mm<\/strong><\/p>\n<\/li>\n<li data-start=\"223\" data-end=\"308\">\n<p data-start=\"225\" data-end=\"308\">Applications selon r\u00e9f\u00e9rences constructeur (pi\u00e8ce de rechange certifi\u00e9e PERKINS).<\/p>\n<\/li>\n<\/ul>\n<p data-start=\"310\" data-end=\"457\"><strong data-start=\"313\" data-end=\"327\">Fonction :<\/strong><br data-start=\"327\" data-end=\"330\" \/>Garantir l\u2019\u00e9tanch\u00e9it\u00e9 entre le piston et la chemise, maintenir une compression optimale et contr\u00f4ler la consommation d\u2019huile.<\/p>\n<p data-start=\"459\" data-end=\"485\"><strong data-start=\"461\" data-end=\"483\">Caract\u00e9ristiques :<\/strong><\/p>\n<ul data-start=\"486\" data-end=\"802\">\n<li data-start=\"486\" data-end=\"518\">\n<p data-start=\"488\" data-end=\"518\">Diam\u00e8tre piston : <strong data-start=\"506\" data-end=\"516\">105 mm<\/strong><\/p>\n<\/li>\n<li data-start=\"519\" data-end=\"565\">\n<p data-start=\"521\" data-end=\"565\">Largeurs segments : <strong data-start=\"541\" data-end=\"563\">3,5 \u2013 2,5 \u2013 3,5 mm<\/strong><\/p>\n<\/li>\n<li data-start=\"566\" data-end=\"633\">\n<p data-start=\"568\" data-end=\"633\">Jeu complet : segments de compression + segment racleur d\u2019huile<\/p>\n<\/li>\n<li data-start=\"634\" data-end=\"707\">\n<p data-start=\"636\" data-end=\"707\">Mat\u00e9riaux robustes et r\u00e9sistants aux hautes temp\u00e9ratures et pressions<\/p>\n<\/li>\n<li data-start=\"708\" data-end=\"802\">\n<p data-start=\"710\" data-end=\"802\">Fabrication conforme aux standards <strong data-start=\"745\" data-end=\"756\">PERKINS<\/strong> pour une fiabilit\u00e9 et une long\u00e9vit\u00e9 accrues<\/p>\n<\/li>\n<\/ul>\n<p data-start=\"804\" data-end=\"936\"><strong data-start=\"807\" data-end=\"825\">Installation :<\/strong><br data-start=\"825\" data-end=\"828\" \/>Montage direct sur piston \u00d8105 mm \u2013 suivre l\u2019orientation des segments et les recommandations constructeur.<\/p>","protected":false},"featured_media":9481,"comment_status":"open","ping_status":"closed","template":"","meta":[],"product_brand":[282],"product_cat":[283],"product_tag":[],"class_list":{"0":"post-8698","1":"product","2":"type-product","3":"status-publish","4":"has-post-thumbnail","6":"product_brand-perkins","7":"product_cat-perkins","9":"first","10":"instock","11":"shipping-taxable","12":"product-type-simple"},"yoast_head":"<!-- This site is optimized with the Yoast SEO plugin v25.5 - https:\/\/yoast.com\/wordpress\/plugins\/seo\/ -->\n<title>R\u00e9f. : UPRK0002 - TRAKECH PARTS<\/title>\n<meta name=\"robots\" content=\"index, follow, max-snippet:-1, max-image-preview:large, max-video-preview:-1\" \/>\n<link rel=\"canonical\" href=\"https:\/\/trakesh.com\/ar\/notre-boutique\/perkins\/uprk0002\/\" \/>\n<meta property=\"og:locale\" content=\"ar_AR\" \/>\n<meta property=\"og:type\" content=\"article\" \/>\n<meta property=\"og:title\" content=\"R\u00e9f. : UPRK0002 - TRAKECH PARTS\" \/>\n<meta property=\"og:description\" content=\"Jeu de segments de piston \u2013 PERKINS Compatible avec :     Moteurs PERKINS \u00e9quip\u00e9s de pistons \u00d8 105 mm    Applications selon r\u00e9f\u00e9rences constructeur (pi\u00e8ce de rechange certifi\u00e9e PERKINS).   Fonction :Garantir l\u2019\u00e9tanch\u00e9it\u00e9 entre le piston et la chemise, maintenir une compression optimale et contr\u00f4ler la consommation d\u2019huile. Caract\u00e9ristiques :     Diam\u00e8tre piston : 105 mm    Largeurs segments : 3,5 \u2013 2,5 \u2013 3,5 mm    Jeu complet : segments de compression + segment racleur d\u2019huile    Mat\u00e9riaux robustes et r\u00e9sistants aux hautes temp\u00e9ratures et pressions    Fabrication conforme aux standards PERKINS pour une fiabilit\u00e9 et une long\u00e9vit\u00e9 accrues   Installation :Montage direct sur piston \u00d8105 mm \u2013 suivre l\u2019orientation des segments et les recommandations constructeur.\" \/>\n<meta property=\"og:url\" content=\"https:\/\/trakesh.com\/ar\/notre-boutique\/perkins\/uprk0002\/\" \/>\n<meta property=\"og:site_name\" content=\"TRAKECH PARTS\" \/>\n<meta property=\"article:publisher\" content=\"https:\/\/web.facebook.com\/trakechparts\/?locale=fr_FR\" \/>\n<meta property=\"article:modified_time\" content=\"2025-11-03T15:09:55+00:00\" \/>\n<meta property=\"og:image\" content=\"https:\/\/trakesh.com\/wp-content\/uploads\/2025\/08\/MA-2025-11-02T195007.579.png\" \/>\n\t<meta property=\"og:image:width\" content=\"800\" \/>\n\t<meta property=\"og:image:height\" content=\"800\" \/>\n\t<meta property=\"og:image:type\" content=\"image\/png\" \/>\n<meta name=\"twitter:card\" content=\"summary_large_image\" \/>\n<meta name=\"twitter:label1\" content=\"\u0648\u0642\u062a \u0627\u0644\u0642\u0631\u0627\u0621\u0629 \u0627\u0644\u0645\u064f\u0642\u062f\u0651\u0631\" \/>\n\t<meta name=\"twitter:data1\" content=\"\u062f\u0642\u064a\u0642\u0629 \u0648\u0627\u062d\u062f\u0629\" \/>\n<script type=\"application\/ld+json\" class=\"yoast-schema-graph\">{\"@context\":\"https:\/\/schema.org\",\"@graph\":[{\"@type\":\"WebPage\",\"@id\":\"https:\/\/trakesh.com\/notre-boutique\/perkins\/uprk0002\/\",\"url\":\"https:\/\/trakesh.com\/notre-boutique\/perkins\/uprk0002\/\",\"name\":\"R\u00e9f. : UPRK0002 - TRAKECH PARTS\",\"isPartOf\":{\"@id\":\"https:\/\/trakesh.com\/#website\"},\"primaryImageOfPage\":{\"@id\":\"https:\/\/trakesh.com\/notre-boutique\/perkins\/uprk0002\/#primaryimage\"},\"image\":{\"@id\":\"https:\/\/trakesh.com\/notre-boutique\/perkins\/uprk0002\/#primaryimage\"},\"thumbnailUrl\":\"https:\/\/trakesh.com\/wp-content\/uploads\/2025\/08\/MA-2025-11-02T195007.579.png\",\"datePublished\":\"2025-08-23T14:21:46+00:00\",\"dateModified\":\"2025-11-03T15:09:55+00:00\",\"breadcrumb\":{\"@id\":\"https:\/\/trakesh.com\/notre-boutique\/perkins\/uprk0002\/#breadcrumb\"},\"inLanguage\":\"ar\",\"potentialAction\":[{\"@type\":\"ReadAction\",\"target\":[\"https:\/\/trakesh.com\/notre-boutique\/perkins\/uprk0002\/\"]}]},{\"@type\":\"ImageObject\",\"inLanguage\":\"ar\",\"@id\":\"https:\/\/trakesh.com\/notre-boutique\/perkins\/uprk0002\/#primaryimage\",\"url\":\"https:\/\/trakesh.com\/wp-content\/uploads\/2025\/08\/MA-2025-11-02T195007.579.png\",\"contentUrl\":\"https:\/\/trakesh.com\/wp-content\/uploads\/2025\/08\/MA-2025-11-02T195007.579.png\",\"width\":800,\"height\":800},{\"@type\":\"BreadcrumbList\",\"@id\":\"https:\/\/trakesh.com\/notre-boutique\/perkins\/uprk0002\/#breadcrumb\",\"itemListElement\":[{\"@type\":\"ListItem\",\"position\":1,\"name\":\"Home\",\"item\":\"https:\/\/trakesh.com\/\"},{\"@type\":\"ListItem\",\"position\":2,\"name\":\"Notre Boutique\",\"item\":\"https:\/\/trakesh.com\/notre-boutique\/\"},{\"@type\":\"ListItem\",\"position\":3,\"name\":\"R\u00e9f. : UPRK0002\"}]},{\"@type\":\"WebSite\",\"@id\":\"https:\/\/trakesh.com\/#website\",\"url\":\"https:\/\/trakesh.com\/\",\"name\":\"TRAKECH PARTS\",\"description\":\"Pi\u00e8ces de rechange pour camions MAN, moteurs CATERPILLAR et PERKINS \u2013 Maroc\",\"publisher\":{\"@id\":\"https:\/\/trakesh.com\/#organization\"},\"potentialAction\":[{\"@type\":\"SearchAction\",\"target\":{\"@type\":\"EntryPoint\",\"urlTemplate\":\"https:\/\/trakesh.com\/?s={search_term_string}\"},\"query-input\":{\"@type\":\"PropertyValueSpecification\",\"valueRequired\":true,\"valueName\":\"search_term_string\"}}],\"inLanguage\":\"ar\"},{\"@type\":\"Organization\",\"@id\":\"https:\/\/trakesh.com\/#organization\",\"name\":\"TRAKECH PARTS\",\"url\":\"https:\/\/trakesh.com\/\",\"logo\":{\"@type\":\"ImageObject\",\"inLanguage\":\"ar\",\"@id\":\"https:\/\/trakesh.com\/#\/schema\/logo\/image\/\",\"url\":\"https:\/\/trakesh.com\/wp-content\/uploads\/2025\/05\/cropped-cropped-cropped-cropped-cropped-cropped-cropped-trakesh-removebg-preview-1.png\",\"contentUrl\":\"https:\/\/trakesh.com\/wp-content\/uploads\/2025\/05\/cropped-cropped-cropped-cropped-cropped-cropped-cropped-trakesh-removebg-preview-1.png\",\"width\":342,\"height\":96,\"caption\":\"TRAKECH PARTS\"},\"image\":{\"@id\":\"https:\/\/trakesh.com\/#\/schema\/logo\/image\/\"},\"sameAs\":[\"https:\/\/web.facebook.com\/trakechparts\/?locale=fr_FR\",\"https:\/\/www.instagram.com\/trakech_parts\/\"]}]}<\/script>\n<!-- \/ Yoast SEO plugin. -->","yoast_head_json":{"title":"R\u00e9f. : UPRK0002 - TRAKECH PARTS","robots":{"index":"index","follow":"follow","max-snippet":"max-snippet:-1","max-image-preview":"max-image-preview:large","max-video-preview":"max-video-preview:-1"},"canonical":"https:\/\/trakesh.com\/ar\/notre-boutique\/perkins\/uprk0002\/","og_locale":"ar_AR","og_type":"article","og_title":"R\u00e9f. : UPRK0002 - TRAKECH PARTS","og_description":"Jeu de segments de piston \u2013 PERKINS Compatible avec :     Moteurs PERKINS \u00e9quip\u00e9s de pistons \u00d8 105 mm    Applications selon r\u00e9f\u00e9rences constructeur (pi\u00e8ce de rechange certifi\u00e9e PERKINS).   Fonction :Garantir l\u2019\u00e9tanch\u00e9it\u00e9 entre le piston et la chemise, maintenir une compression optimale et contr\u00f4ler la consommation d\u2019huile. Caract\u00e9ristiques :     Diam\u00e8tre piston : 105 mm    Largeurs segments : 3,5 \u2013 2,5 \u2013 3,5 mm    Jeu complet : segments de compression + segment racleur d\u2019huile    Mat\u00e9riaux robustes et r\u00e9sistants aux hautes temp\u00e9ratures et pressions    Fabrication conforme aux standards PERKINS pour une fiabilit\u00e9 et une long\u00e9vit\u00e9 accrues   Installation :Montage direct sur piston \u00d8105 mm \u2013 suivre l\u2019orientation des segments et les recommandations constructeur.","og_url":"https:\/\/trakesh.com\/ar\/notre-boutique\/perkins\/uprk0002\/","og_site_name":"TRAKECH PARTS","article_publisher":"https:\/\/web.facebook.com\/trakechparts\/?locale=fr_FR","article_modified_time":"2025-11-03T15:09:55+00:00","og_image":[{"width":800,"height":800,"url":"https:\/\/trakesh.com\/wp-content\/uploads\/2025\/08\/MA-2025-11-02T195007.579.png","type":"image\/png"}],"twitter_card":"summary_large_image","twitter_misc":{"\u0648\u0642\u062a \u0627\u0644\u0642\u0631\u0627\u0621\u0629 \u0627\u0644\u0645\u064f\u0642\u062f\u0651\u0631":"\u062f\u0642\u064a\u0642\u0629 \u0648\u0627\u062d\u062f\u0629"},"schema":{"@context":"https:\/\/schema.org","@graph":[{"@type":"WebPage","@id":"https:\/\/trakesh.com\/notre-boutique\/perkins\/uprk0002\/","url":"https:\/\/trakesh.com\/notre-boutique\/perkins\/uprk0002\/","name":"R\u00e9f. : UPRK0002 - TRAKECH PARTS","isPartOf":{"@id":"https:\/\/trakesh.com\/#website"},"primaryImageOfPage":{"@id":"https:\/\/trakesh.com\/notre-boutique\/perkins\/uprk0002\/#primaryimage"},"image":{"@id":"https:\/\/trakesh.com\/notre-boutique\/perkins\/uprk0002\/#primaryimage"},"thumbnailUrl":"https:\/\/trakesh.com\/wp-content\/uploads\/2025\/08\/MA-2025-11-02T195007.579.png","datePublished":"2025-08-23T14:21:46+00:00","dateModified":"2025-11-03T15:09:55+00:00","breadcrumb":{"@id":"https:\/\/trakesh.com\/notre-boutique\/perkins\/uprk0002\/#breadcrumb"},"inLanguage":"ar","potentialAction":[{"@type":"ReadAction","target":["https:\/\/trakesh.com\/notre-boutique\/perkins\/uprk0002\/"]}]},{"@type":"ImageObject","inLanguage":"ar","@id":"https:\/\/trakesh.com\/notre-boutique\/perkins\/uprk0002\/#primaryimage","url":"https:\/\/trakesh.com\/wp-content\/uploads\/2025\/08\/MA-2025-11-02T195007.579.png","contentUrl":"https:\/\/trakesh.com\/wp-content\/uploads\/2025\/08\/MA-2025-11-02T195007.579.png","width":800,"height":800},{"@type":"BreadcrumbList","@id":"https:\/\/trakesh.com\/notre-boutique\/perkins\/uprk0002\/#breadcrumb","itemListElement":[{"@type":"ListItem","position":1,"name":"Home","item":"https:\/\/trakesh.com\/"},{"@type":"ListItem","position":2,"name":"Notre Boutique","item":"https:\/\/trakesh.com\/notre-boutique\/"},{"@type":"ListItem","position":3,"name":"R\u00e9f. : UPRK0002"}]},{"@type":"WebSite","@id":"https:\/\/trakesh.com\/#website","url":"https:\/\/trakesh.com\/","name":"TRAKECH PARTS","description":"Pi\u00e8ces de rechange pour camions MAN, moteurs CATERPILLAR et PERKINS \u2013 Maroc","publisher":{"@id":"https:\/\/trakesh.com\/#organization"},"potentialAction":[{"@type":"SearchAction","target":{"@type":"EntryPoint","urlTemplate":"https:\/\/trakesh.com\/?s={search_term_string}"},"query-input":{"@type":"PropertyValueSpecification","valueRequired":true,"valueName":"search_term_string"}}],"inLanguage":"ar"},{"@type":"Organization","@id":"https:\/\/trakesh.com\/#organization","name":"TRAKECH PARTS","url":"https:\/\/trakesh.com\/","logo":{"@type":"ImageObject","inLanguage":"ar","@id":"https:\/\/trakesh.com\/#\/schema\/logo\/image\/","url":"https:\/\/trakesh.com\/wp-content\/uploads\/2025\/05\/cropped-cropped-cropped-cropped-cropped-cropped-cropped-trakesh-removebg-preview-1.png","contentUrl":"https:\/\/trakesh.com\/wp-content\/uploads\/2025\/05\/cropped-cropped-cropped-cropped-cropped-cropped-cropped-trakesh-removebg-preview-1.png","width":342,"height":96,"caption":"TRAKECH PARTS"},"image":{"@id":"https:\/\/trakesh.com\/#\/schema\/logo\/image\/"},"sameAs":["https:\/\/web.facebook.com\/trakechparts\/?locale=fr_FR","https:\/\/www.instagram.com\/trakech_parts\/"]}]}},"_links":{"self":[{"href":"https:\/\/trakesh.com\/ar\/wp-json\/wp\/v2\/product\/8698","targetHints":{"allow":["GET"]}}],"collection":[{"href":"https:\/\/trakesh.com\/ar\/wp-json\/wp\/v2\/product"}],"about":[{"href":"https:\/\/trakesh.com\/ar\/wp-json\/wp\/v2\/types\/product"}],"replies":[{"embeddable":true,"href":"https:\/\/trakesh.com\/ar\/wp-json\/wp\/v2\/comments?post=8698"}],"wp:featuredmedia":[{"embeddable":true,"href":"https:\/\/trakesh.com\/ar\/wp-json\/wp\/v2\/media\/9481"}],"wp:attachment":[{"href":"https:\/\/trakesh.com\/ar\/wp-json\/wp\/v2\/media?parent=8698"}],"wp:term":[{"taxonomy":"product_brand","embeddable":true,"href":"https:\/\/trakesh.com\/ar\/wp-json\/wp\/v2\/product_brand?post=8698"},{"taxonomy":"product_cat","embeddable":true,"href":"https:\/\/trakesh.com\/ar\/wp-json\/wp\/v2\/product_cat?post=8698"},{"taxonomy":"product_tag","embeddable":true,"href":"https:\/\/trakesh.com\/ar\/wp-json\/wp\/v2\/product_tag?post=8698"}],"curies":[{"name":"wp","href":"https:\/\/api.w.org\/{rel}","templated":true}]}}