{"id":8699,"date":"2025-08-23T15:22:50","date_gmt":"2025-08-23T14:22:50","guid":{"rendered":"https:\/\/trakesh.com\/?post_type=product&#038;p=8699"},"modified":"2025-11-03T16:08:56","modified_gmt":"2025-11-03T15:08:56","slug":"uprk0003","status":"publish","type":"product","link":"https:\/\/trakesh.com\/ar\/notre-boutique\/perkins\/uprk0003\/","title":{"rendered":"R\u00e9f. : UPRK0003"},"content":{"rendered":"<p data-start=\"958\" data-end=\"1413\"><strong data-start=\"961\" data-end=\"978\">Description :<\/strong><br data-start=\"978\" data-end=\"981\" \/><strong>Le jeu de segments PERKINS UPRK0003 est con\u00e7u pour offrir une \u00e9tanch\u00e9it\u00e9 parfaite, une excellente compression et une consommation d\u2019huile ma\u00eetris\u00e9e. Fabriqu\u00e9s avec des mat\u00e9riaux robustes et test\u00e9s selon les normes strictes de PERKINS, ces segments garantissent une performance moteur stable, une r\u00e9duction de l\u2019usure et une dur\u00e9e de vie prolong\u00e9e. Solution id\u00e9ale pour maintenir votre moteur en parfait \u00e9tat de fonctionnement.<\/strong><\/p>","protected":false},"excerpt":{"rendered":"<p><strong>Jeu de segments de piston \u2013 PERKINS<\/strong><\/p>\n<p data-start=\"141\" data-end=\"166\"><strong data-start=\"143\" data-end=\"164\">Compatible avec :<\/strong><\/p>\n<ul data-start=\"167\" data-end=\"308\">\n<li data-start=\"167\" data-end=\"222\">\n<p data-start=\"169\" data-end=\"222\">Moteurs <strong data-start=\"177\" data-end=\"188\">PERKINS<\/strong> \u00e9quip\u00e9s de pistons \u00d8 <strong data-start=\"210\" data-end=\"220\">105 mm<\/strong><\/p>\n<\/li>\n<li data-start=\"223\" data-end=\"308\">\n<p data-start=\"225\" data-end=\"308\">Applications selon r\u00e9f\u00e9rences constructeur (pi\u00e8ce de rechange certifi\u00e9e PERKINS).<\/p>\n<\/li>\n<li data-start=\"223\" data-end=\"308\"><strong data-start=\"313\" data-end=\"327\">Fonction :<\/strong><br data-start=\"327\" data-end=\"330\" \/>Assurer l\u2019\u00e9tanch\u00e9it\u00e9 entre le piston et la chemise, maintenir une compression optimale et r\u00e9guler la consommation d\u2019huile pour garantir performance et long\u00e9vit\u00e9 du moteur.<\/li>\n<li data-start=\"223\" data-end=\"308\">\n<p data-start=\"505\" data-end=\"531\"><strong data-start=\"507\" data-end=\"529\">Caract\u00e9ristiques :<\/strong><\/p>\n<ul data-start=\"532\" data-end=\"828\">\n<li data-start=\"532\" data-end=\"564\">\n<p data-start=\"534\" data-end=\"564\">Diam\u00e8tre piston : <strong data-start=\"552\" data-end=\"562\">105 mm<\/strong><\/p>\n<\/li>\n<li data-start=\"565\" data-end=\"611\">\n<p data-start=\"567\" data-end=\"611\">Largeurs segments : <strong data-start=\"587\" data-end=\"609\">2,5 \u2013 2,5 \u2013 3,5 mm<\/strong><\/p>\n<\/li>\n<li data-start=\"612\" data-end=\"680\">\n<p data-start=\"614\" data-end=\"680\">Jeu standard : segments de compression + segment racleur d\u2019huile<\/p>\n<\/li>\n<li data-start=\"681\" data-end=\"750\">\n<p data-start=\"683\" data-end=\"750\">Mat\u00e9riaux haute r\u00e9sistance aux temp\u00e9ratures et pressions extr\u00eames<\/p>\n<\/li>\n<li data-start=\"751\" data-end=\"828\">\n<p data-start=\"753\" data-end=\"828\">Conception conforme aux standards <strong data-start=\"787\" data-end=\"798\">PERKINS<\/strong> pour une fiabilit\u00e9 maximale<\/p>\n<\/li>\n<li data-start=\"751\" data-end=\"828\"><strong data-start=\"833\" data-end=\"851\">Installation :<\/strong><br data-start=\"851\" data-end=\"854\" \/>Montage direct sur piston \u00d8105 mm \u2013 respecter le sens de montage et les sp\u00e9cifications constructeur.<\/li>\n<\/ul>\n<\/li>\n<\/ul>","protected":false},"featured_media":9481,"comment_status":"open","ping_status":"closed","template":"","meta":[],"product_brand":[282],"product_cat":[283],"product_tag":[],"class_list":{"0":"post-8699","1":"product","2":"type-product","3":"status-publish","4":"has-post-thumbnail","6":"product_brand-perkins","7":"product_cat-perkins","9":"first","10":"instock","11":"shipping-taxable","12":"product-type-simple"},"yoast_head":"<!-- This site is optimized with the Yoast SEO plugin v25.5 - https:\/\/yoast.com\/wordpress\/plugins\/seo\/ -->\n<title>R\u00e9f. : UPRK0003 - TRAKECH PARTS<\/title>\n<meta name=\"robots\" content=\"index, follow, max-snippet:-1, max-image-preview:large, max-video-preview:-1\" \/>\n<link rel=\"canonical\" href=\"https:\/\/trakesh.com\/ar\/notre-boutique\/perkins\/uprk0003\/\" \/>\n<meta property=\"og:locale\" content=\"ar_AR\" \/>\n<meta property=\"og:type\" content=\"article\" \/>\n<meta property=\"og:title\" content=\"R\u00e9f. : UPRK0003 - TRAKECH PARTS\" \/>\n<meta property=\"og:description\" content=\"Jeu de segments de piston \u2013 PERKINS Compatible avec :     Moteurs PERKINS \u00e9quip\u00e9s de pistons \u00d8 105 mm    Applications selon r\u00e9f\u00e9rences constructeur (pi\u00e8ce de rechange certifi\u00e9e PERKINS).   Fonction :Assurer l\u2019\u00e9tanch\u00e9it\u00e9 entre le piston et la chemise, maintenir une compression optimale et r\u00e9guler la consommation d\u2019huile pour garantir performance et long\u00e9vit\u00e9 du moteur.   Caract\u00e9ristiques :     Diam\u00e8tre piston : 105 mm    Largeurs segments : 2,5 \u2013 2,5 \u2013 3,5 mm    Jeu standard : segments de compression + segment racleur d\u2019huile    Mat\u00e9riaux haute r\u00e9sistance aux temp\u00e9ratures et pressions extr\u00eames    Conception conforme aux standards PERKINS pour une fiabilit\u00e9 maximale   Installation :Montage direct sur piston \u00d8105 mm \u2013 respecter le sens de montage et les sp\u00e9cifications constructeur.\" \/>\n<meta property=\"og:url\" content=\"https:\/\/trakesh.com\/ar\/notre-boutique\/perkins\/uprk0003\/\" \/>\n<meta property=\"og:site_name\" content=\"TRAKECH PARTS\" \/>\n<meta property=\"article:publisher\" content=\"https:\/\/web.facebook.com\/trakechparts\/?locale=fr_FR\" \/>\n<meta property=\"article:modified_time\" content=\"2025-11-03T15:08:56+00:00\" \/>\n<meta property=\"og:image\" content=\"https:\/\/trakesh.com\/wp-content\/uploads\/2025\/08\/MA-2025-11-02T195007.579.png\" \/>\n\t<meta property=\"og:image:width\" content=\"800\" \/>\n\t<meta property=\"og:image:height\" content=\"800\" \/>\n\t<meta property=\"og:image:type\" content=\"image\/png\" \/>\n<meta name=\"twitter:card\" content=\"summary_large_image\" \/>\n<meta name=\"twitter:label1\" content=\"\u0648\u0642\u062a \u0627\u0644\u0642\u0631\u0627\u0621\u0629 \u0627\u0644\u0645\u064f\u0642\u062f\u0651\u0631\" \/>\n\t<meta name=\"twitter:data1\" content=\"\u062f\u0642\u064a\u0642\u0629 \u0648\u0627\u062d\u062f\u0629\" \/>\n<script type=\"application\/ld+json\" class=\"yoast-schema-graph\">{\"@context\":\"https:\/\/schema.org\",\"@graph\":[{\"@type\":\"WebPage\",\"@id\":\"https:\/\/trakesh.com\/notre-boutique\/perkins\/uprk0003\/\",\"url\":\"https:\/\/trakesh.com\/notre-boutique\/perkins\/uprk0003\/\",\"name\":\"R\u00e9f. : UPRK0003 - TRAKECH PARTS\",\"isPartOf\":{\"@id\":\"https:\/\/trakesh.com\/#website\"},\"primaryImageOfPage\":{\"@id\":\"https:\/\/trakesh.com\/notre-boutique\/perkins\/uprk0003\/#primaryimage\"},\"image\":{\"@id\":\"https:\/\/trakesh.com\/notre-boutique\/perkins\/uprk0003\/#primaryimage\"},\"thumbnailUrl\":\"https:\/\/trakesh.com\/wp-content\/uploads\/2025\/08\/MA-2025-11-02T195007.579.png\",\"datePublished\":\"2025-08-23T14:22:50+00:00\",\"dateModified\":\"2025-11-03T15:08:56+00:00\",\"breadcrumb\":{\"@id\":\"https:\/\/trakesh.com\/notre-boutique\/perkins\/uprk0003\/#breadcrumb\"},\"inLanguage\":\"ar\",\"potentialAction\":[{\"@type\":\"ReadAction\",\"target\":[\"https:\/\/trakesh.com\/notre-boutique\/perkins\/uprk0003\/\"]}]},{\"@type\":\"ImageObject\",\"inLanguage\":\"ar\",\"@id\":\"https:\/\/trakesh.com\/notre-boutique\/perkins\/uprk0003\/#primaryimage\",\"url\":\"https:\/\/trakesh.com\/wp-content\/uploads\/2025\/08\/MA-2025-11-02T195007.579.png\",\"contentUrl\":\"https:\/\/trakesh.com\/wp-content\/uploads\/2025\/08\/MA-2025-11-02T195007.579.png\",\"width\":800,\"height\":800},{\"@type\":\"BreadcrumbList\",\"@id\":\"https:\/\/trakesh.com\/notre-boutique\/perkins\/uprk0003\/#breadcrumb\",\"itemListElement\":[{\"@type\":\"ListItem\",\"position\":1,\"name\":\"Home\",\"item\":\"https:\/\/trakesh.com\/\"},{\"@type\":\"ListItem\",\"position\":2,\"name\":\"Notre Boutique\",\"item\":\"https:\/\/trakesh.com\/notre-boutique\/\"},{\"@type\":\"ListItem\",\"position\":3,\"name\":\"R\u00e9f. : UPRK0003\"}]},{\"@type\":\"WebSite\",\"@id\":\"https:\/\/trakesh.com\/#website\",\"url\":\"https:\/\/trakesh.com\/\",\"name\":\"TRAKECH PARTS\",\"description\":\"Pi\u00e8ces de rechange pour camions MAN, moteurs CATERPILLAR et PERKINS \u2013 Maroc\",\"publisher\":{\"@id\":\"https:\/\/trakesh.com\/#organization\"},\"potentialAction\":[{\"@type\":\"SearchAction\",\"target\":{\"@type\":\"EntryPoint\",\"urlTemplate\":\"https:\/\/trakesh.com\/?s={search_term_string}\"},\"query-input\":{\"@type\":\"PropertyValueSpecification\",\"valueRequired\":true,\"valueName\":\"search_term_string\"}}],\"inLanguage\":\"ar\"},{\"@type\":\"Organization\",\"@id\":\"https:\/\/trakesh.com\/#organization\",\"name\":\"TRAKECH PARTS\",\"url\":\"https:\/\/trakesh.com\/\",\"logo\":{\"@type\":\"ImageObject\",\"inLanguage\":\"ar\",\"@id\":\"https:\/\/trakesh.com\/#\/schema\/logo\/image\/\",\"url\":\"https:\/\/trakesh.com\/wp-content\/uploads\/2025\/05\/cropped-cropped-cropped-cropped-cropped-cropped-cropped-trakesh-removebg-preview-1.png\",\"contentUrl\":\"https:\/\/trakesh.com\/wp-content\/uploads\/2025\/05\/cropped-cropped-cropped-cropped-cropped-cropped-cropped-trakesh-removebg-preview-1.png\",\"width\":342,\"height\":96,\"caption\":\"TRAKECH PARTS\"},\"image\":{\"@id\":\"https:\/\/trakesh.com\/#\/schema\/logo\/image\/\"},\"sameAs\":[\"https:\/\/web.facebook.com\/trakechparts\/?locale=fr_FR\",\"https:\/\/www.instagram.com\/trakech_parts\/\"]}]}<\/script>\n<!-- \/ Yoast SEO plugin. -->","yoast_head_json":{"title":"R\u00e9f. : UPRK0003 - TRAKECH PARTS","robots":{"index":"index","follow":"follow","max-snippet":"max-snippet:-1","max-image-preview":"max-image-preview:large","max-video-preview":"max-video-preview:-1"},"canonical":"https:\/\/trakesh.com\/ar\/notre-boutique\/perkins\/uprk0003\/","og_locale":"ar_AR","og_type":"article","og_title":"R\u00e9f. : UPRK0003 - TRAKECH PARTS","og_description":"Jeu de segments de piston \u2013 PERKINS Compatible avec :     Moteurs PERKINS \u00e9quip\u00e9s de pistons \u00d8 105 mm    Applications selon r\u00e9f\u00e9rences constructeur (pi\u00e8ce de rechange certifi\u00e9e PERKINS).   Fonction :Assurer l\u2019\u00e9tanch\u00e9it\u00e9 entre le piston et la chemise, maintenir une compression optimale et r\u00e9guler la consommation d\u2019huile pour garantir performance et long\u00e9vit\u00e9 du moteur.   Caract\u00e9ristiques :     Diam\u00e8tre piston : 105 mm    Largeurs segments : 2,5 \u2013 2,5 \u2013 3,5 mm    Jeu standard : segments de compression + segment racleur d\u2019huile    Mat\u00e9riaux haute r\u00e9sistance aux temp\u00e9ratures et pressions extr\u00eames    Conception conforme aux standards PERKINS pour une fiabilit\u00e9 maximale   Installation :Montage direct sur piston \u00d8105 mm \u2013 respecter le sens de montage et les sp\u00e9cifications constructeur.","og_url":"https:\/\/trakesh.com\/ar\/notre-boutique\/perkins\/uprk0003\/","og_site_name":"TRAKECH PARTS","article_publisher":"https:\/\/web.facebook.com\/trakechparts\/?locale=fr_FR","article_modified_time":"2025-11-03T15:08:56+00:00","og_image":[{"width":800,"height":800,"url":"https:\/\/trakesh.com\/wp-content\/uploads\/2025\/08\/MA-2025-11-02T195007.579.png","type":"image\/png"}],"twitter_card":"summary_large_image","twitter_misc":{"\u0648\u0642\u062a \u0627\u0644\u0642\u0631\u0627\u0621\u0629 \u0627\u0644\u0645\u064f\u0642\u062f\u0651\u0631":"\u062f\u0642\u064a\u0642\u0629 \u0648\u0627\u062d\u062f\u0629"},"schema":{"@context":"https:\/\/schema.org","@graph":[{"@type":"WebPage","@id":"https:\/\/trakesh.com\/notre-boutique\/perkins\/uprk0003\/","url":"https:\/\/trakesh.com\/notre-boutique\/perkins\/uprk0003\/","name":"R\u00e9f. : UPRK0003 - TRAKECH PARTS","isPartOf":{"@id":"https:\/\/trakesh.com\/#website"},"primaryImageOfPage":{"@id":"https:\/\/trakesh.com\/notre-boutique\/perkins\/uprk0003\/#primaryimage"},"image":{"@id":"https:\/\/trakesh.com\/notre-boutique\/perkins\/uprk0003\/#primaryimage"},"thumbnailUrl":"https:\/\/trakesh.com\/wp-content\/uploads\/2025\/08\/MA-2025-11-02T195007.579.png","datePublished":"2025-08-23T14:22:50+00:00","dateModified":"2025-11-03T15:08:56+00:00","breadcrumb":{"@id":"https:\/\/trakesh.com\/notre-boutique\/perkins\/uprk0003\/#breadcrumb"},"inLanguage":"ar","potentialAction":[{"@type":"ReadAction","target":["https:\/\/trakesh.com\/notre-boutique\/perkins\/uprk0003\/"]}]},{"@type":"ImageObject","inLanguage":"ar","@id":"https:\/\/trakesh.com\/notre-boutique\/perkins\/uprk0003\/#primaryimage","url":"https:\/\/trakesh.com\/wp-content\/uploads\/2025\/08\/MA-2025-11-02T195007.579.png","contentUrl":"https:\/\/trakesh.com\/wp-content\/uploads\/2025\/08\/MA-2025-11-02T195007.579.png","width":800,"height":800},{"@type":"BreadcrumbList","@id":"https:\/\/trakesh.com\/notre-boutique\/perkins\/uprk0003\/#breadcrumb","itemListElement":[{"@type":"ListItem","position":1,"name":"Home","item":"https:\/\/trakesh.com\/"},{"@type":"ListItem","position":2,"name":"Notre Boutique","item":"https:\/\/trakesh.com\/notre-boutique\/"},{"@type":"ListItem","position":3,"name":"R\u00e9f. : UPRK0003"}]},{"@type":"WebSite","@id":"https:\/\/trakesh.com\/#website","url":"https:\/\/trakesh.com\/","name":"TRAKECH PARTS","description":"Pi\u00e8ces de rechange pour camions MAN, moteurs CATERPILLAR et PERKINS \u2013 Maroc","publisher":{"@id":"https:\/\/trakesh.com\/#organization"},"potentialAction":[{"@type":"SearchAction","target":{"@type":"EntryPoint","urlTemplate":"https:\/\/trakesh.com\/?s={search_term_string}"},"query-input":{"@type":"PropertyValueSpecification","valueRequired":true,"valueName":"search_term_string"}}],"inLanguage":"ar"},{"@type":"Organization","@id":"https:\/\/trakesh.com\/#organization","name":"TRAKECH PARTS","url":"https:\/\/trakesh.com\/","logo":{"@type":"ImageObject","inLanguage":"ar","@id":"https:\/\/trakesh.com\/#\/schema\/logo\/image\/","url":"https:\/\/trakesh.com\/wp-content\/uploads\/2025\/05\/cropped-cropped-cropped-cropped-cropped-cropped-cropped-trakesh-removebg-preview-1.png","contentUrl":"https:\/\/trakesh.com\/wp-content\/uploads\/2025\/05\/cropped-cropped-cropped-cropped-cropped-cropped-cropped-trakesh-removebg-preview-1.png","width":342,"height":96,"caption":"TRAKECH PARTS"},"image":{"@id":"https:\/\/trakesh.com\/#\/schema\/logo\/image\/"},"sameAs":["https:\/\/web.facebook.com\/trakechparts\/?locale=fr_FR","https:\/\/www.instagram.com\/trakech_parts\/"]}]}},"_links":{"self":[{"href":"https:\/\/trakesh.com\/ar\/wp-json\/wp\/v2\/product\/8699","targetHints":{"allow":["GET"]}}],"collection":[{"href":"https:\/\/trakesh.com\/ar\/wp-json\/wp\/v2\/product"}],"about":[{"href":"https:\/\/trakesh.com\/ar\/wp-json\/wp\/v2\/types\/product"}],"replies":[{"embeddable":true,"href":"https:\/\/trakesh.com\/ar\/wp-json\/wp\/v2\/comments?post=8699"}],"wp:featuredmedia":[{"embeddable":true,"href":"https:\/\/trakesh.com\/ar\/wp-json\/wp\/v2\/media\/9481"}],"wp:attachment":[{"href":"https:\/\/trakesh.com\/ar\/wp-json\/wp\/v2\/media?parent=8699"}],"wp:term":[{"taxonomy":"product_brand","embeddable":true,"href":"https:\/\/trakesh.com\/ar\/wp-json\/wp\/v2\/product_brand?post=8699"},{"taxonomy":"product_cat","embeddable":true,"href":"https:\/\/trakesh.com\/ar\/wp-json\/wp\/v2\/product_cat?post=8699"},{"taxonomy":"product_tag","embeddable":true,"href":"https:\/\/trakesh.com\/ar\/wp-json\/wp\/v2\/product_tag?post=8699"}],"curies":[{"name":"wp","href":"https:\/\/api.w.org\/{rel}","templated":true}]}}