{"id":8700,"date":"2025-08-23T15:23:52","date_gmt":"2025-08-23T14:23:52","guid":{"rendered":"https:\/\/trakesh.com\/?post_type=product&#038;p=8700"},"modified":"2025-11-03T16:08:05","modified_gmt":"2025-11-03T15:08:05","slug":"uprk0005","status":"publish","type":"product","link":"https:\/\/trakesh.com\/ar\/notre-boutique\/perkins\/uprk0005\/","title":{"rendered":"R\u00e9f. : UPRK0005"},"content":{"rendered":"<p><strong data-start=\"955\" data-end=\"972\">Description :<\/strong><br data-start=\"972\" data-end=\"975\" \/><strong>Le jeu de segments PERKINS UPRK0005 assure une parfaite \u00e9tanch\u00e9it\u00e9 et une compression fiable pour les moteurs \u00e9quip\u00e9s de pistons \u00d8105 mm. Gr\u00e2ce \u00e0 leur conception pr\u00e9cise et leurs mat\u00e9riaux de haute qualit\u00e9, ces segments r\u00e9duisent l\u2019usure, optimisent la performance et garantissent une longue dur\u00e9e de vie au moteur. Produit original PERKINS, gage de fiabilit\u00e9 et de performance.<\/strong><\/p>","protected":false},"excerpt":{"rendered":"<p><strong>Jeu de segments de piston \u2013 PERKINS<\/strong><\/p>\n<p data-start=\"150\" data-end=\"175\"><strong data-start=\"152\" data-end=\"173\">Compatible avec :<\/strong><\/p>\n<ul data-start=\"176\" data-end=\"309\">\n<li data-start=\"176\" data-end=\"231\">\n<p data-start=\"178\" data-end=\"231\">Moteurs <strong data-start=\"186\" data-end=\"197\">PERKINS<\/strong> \u00e9quip\u00e9s de pistons \u00d8 <strong data-start=\"219\" data-end=\"229\">105 mm<\/strong><\/p>\n<\/li>\n<li data-start=\"232\" data-end=\"309\">\n<p data-start=\"234\" data-end=\"309\">Applications selon r\u00e9f\u00e9rences constructeur (pi\u00e8ce de rechange certifi\u00e9e).<\/p>\n<\/li>\n<li data-start=\"232\" data-end=\"309\"><strong data-start=\"314\" data-end=\"328\">Fonction :<\/strong><br data-start=\"328\" data-end=\"331\" \/>Assurer l\u2019\u00e9tanch\u00e9it\u00e9 entre le piston et le cylindre, maintenir une compression maximale et r\u00e9guler la consommation d\u2019huile.<\/li>\n<li data-start=\"232\" data-end=\"309\">\n<p data-start=\"458\" data-end=\"484\"><strong data-start=\"460\" data-end=\"482\">Caract\u00e9ristiques :<\/strong><\/p>\n<ul data-start=\"485\" data-end=\"821\">\n<li data-start=\"485\" data-end=\"517\">\n<p data-start=\"487\" data-end=\"517\">Diam\u00e8tre piston : <strong data-start=\"505\" data-end=\"515\">105 mm<\/strong><\/p>\n<\/li>\n<li data-start=\"518\" data-end=\"560\">\n<p data-start=\"520\" data-end=\"560\">Largeurs segments : <strong data-start=\"540\" data-end=\"558\">3 \u2013 2,5 \u2013 3 mm<\/strong><\/p>\n<\/li>\n<li data-start=\"561\" data-end=\"629\">\n<p data-start=\"563\" data-end=\"629\">Jeu standard : segments de compression + segment racleur d\u2019huile<\/p>\n<\/li>\n<li data-start=\"630\" data-end=\"736\">\n<p data-start=\"632\" data-end=\"736\">Fabrication conforme aux normes <strong data-start=\"664\" data-end=\"675\">PERKINS<\/strong>, mat\u00e9riaux r\u00e9sistants aux hautes temp\u00e9ratures et pressions<\/p>\n<\/li>\n<li data-start=\"737\" data-end=\"821\">\n<p data-start=\"739\" data-end=\"821\">Con\u00e7us pour prolonger la dur\u00e9e de vie du moteur et garantir un rendement optimal<\/p>\n<\/li>\n<li data-start=\"737\" data-end=\"821\"><strong data-start=\"826\" data-end=\"844\">Installation :<\/strong><br data-start=\"844\" data-end=\"847\" \/>Montage direct sur piston compatible \u2013 respecter le sens de pose et les recommandations constructeur.<\/li>\n<\/ul>\n<\/li>\n<\/ul>","protected":false},"featured_media":9481,"comment_status":"open","ping_status":"closed","template":"","meta":[],"product_brand":[282],"product_cat":[283],"product_tag":[],"class_list":{"0":"post-8700","1":"product","2":"type-product","3":"status-publish","4":"has-post-thumbnail","6":"product_brand-perkins","7":"product_cat-perkins","9":"first","10":"instock","11":"shipping-taxable","12":"product-type-simple"},"yoast_head":"<!-- This site is optimized with the Yoast SEO plugin v25.5 - https:\/\/yoast.com\/wordpress\/plugins\/seo\/ -->\n<title>R\u00e9f. : UPRK0005 - TRAKECH PARTS<\/title>\n<meta name=\"robots\" content=\"index, follow, max-snippet:-1, max-image-preview:large, max-video-preview:-1\" \/>\n<link rel=\"canonical\" href=\"https:\/\/trakesh.com\/ar\/notre-boutique\/perkins\/uprk0005\/\" \/>\n<meta property=\"og:locale\" content=\"ar_AR\" \/>\n<meta property=\"og:type\" content=\"article\" \/>\n<meta property=\"og:title\" content=\"R\u00e9f. : UPRK0005 - TRAKECH PARTS\" \/>\n<meta property=\"og:description\" content=\"Jeu de segments de piston \u2013 PERKINS Compatible avec :     Moteurs PERKINS \u00e9quip\u00e9s de pistons \u00d8 105 mm    Applications selon r\u00e9f\u00e9rences constructeur (pi\u00e8ce de rechange certifi\u00e9e).   Fonction :Assurer l\u2019\u00e9tanch\u00e9it\u00e9 entre le piston et le cylindre, maintenir une compression maximale et r\u00e9guler la consommation d\u2019huile.   Caract\u00e9ristiques :     Diam\u00e8tre piston : 105 mm    Largeurs segments : 3 \u2013 2,5 \u2013 3 mm    Jeu standard : segments de compression + segment racleur d\u2019huile    Fabrication conforme aux normes PERKINS, mat\u00e9riaux r\u00e9sistants aux hautes temp\u00e9ratures et pressions    Con\u00e7us pour prolonger la dur\u00e9e de vie du moteur et garantir un rendement optimal   Installation :Montage direct sur piston compatible \u2013 respecter le sens de pose et les recommandations constructeur.\" \/>\n<meta property=\"og:url\" content=\"https:\/\/trakesh.com\/ar\/notre-boutique\/perkins\/uprk0005\/\" \/>\n<meta property=\"og:site_name\" content=\"TRAKECH PARTS\" \/>\n<meta property=\"article:publisher\" content=\"https:\/\/web.facebook.com\/trakechparts\/?locale=fr_FR\" \/>\n<meta property=\"article:modified_time\" content=\"2025-11-03T15:08:05+00:00\" \/>\n<meta property=\"og:image\" content=\"https:\/\/trakesh.com\/wp-content\/uploads\/2025\/08\/MA-2025-11-02T195007.579.png\" \/>\n\t<meta property=\"og:image:width\" content=\"800\" \/>\n\t<meta property=\"og:image:height\" content=\"800\" \/>\n\t<meta property=\"og:image:type\" content=\"image\/png\" \/>\n<meta name=\"twitter:card\" content=\"summary_large_image\" \/>\n<meta name=\"twitter:label1\" content=\"\u0648\u0642\u062a \u0627\u0644\u0642\u0631\u0627\u0621\u0629 \u0627\u0644\u0645\u064f\u0642\u062f\u0651\u0631\" \/>\n\t<meta name=\"twitter:data1\" content=\"\u062f\u0642\u064a\u0642\u0629 \u0648\u0627\u062d\u062f\u0629\" \/>\n<script type=\"application\/ld+json\" class=\"yoast-schema-graph\">{\"@context\":\"https:\/\/schema.org\",\"@graph\":[{\"@type\":\"WebPage\",\"@id\":\"https:\/\/trakesh.com\/notre-boutique\/perkins\/uprk0005\/\",\"url\":\"https:\/\/trakesh.com\/notre-boutique\/perkins\/uprk0005\/\",\"name\":\"R\u00e9f. : UPRK0005 - TRAKECH PARTS\",\"isPartOf\":{\"@id\":\"https:\/\/trakesh.com\/#website\"},\"primaryImageOfPage\":{\"@id\":\"https:\/\/trakesh.com\/notre-boutique\/perkins\/uprk0005\/#primaryimage\"},\"image\":{\"@id\":\"https:\/\/trakesh.com\/notre-boutique\/perkins\/uprk0005\/#primaryimage\"},\"thumbnailUrl\":\"https:\/\/trakesh.com\/wp-content\/uploads\/2025\/08\/MA-2025-11-02T195007.579.png\",\"datePublished\":\"2025-08-23T14:23:52+00:00\",\"dateModified\":\"2025-11-03T15:08:05+00:00\",\"breadcrumb\":{\"@id\":\"https:\/\/trakesh.com\/notre-boutique\/perkins\/uprk0005\/#breadcrumb\"},\"inLanguage\":\"ar\",\"potentialAction\":[{\"@type\":\"ReadAction\",\"target\":[\"https:\/\/trakesh.com\/notre-boutique\/perkins\/uprk0005\/\"]}]},{\"@type\":\"ImageObject\",\"inLanguage\":\"ar\",\"@id\":\"https:\/\/trakesh.com\/notre-boutique\/perkins\/uprk0005\/#primaryimage\",\"url\":\"https:\/\/trakesh.com\/wp-content\/uploads\/2025\/08\/MA-2025-11-02T195007.579.png\",\"contentUrl\":\"https:\/\/trakesh.com\/wp-content\/uploads\/2025\/08\/MA-2025-11-02T195007.579.png\",\"width\":800,\"height\":800},{\"@type\":\"BreadcrumbList\",\"@id\":\"https:\/\/trakesh.com\/notre-boutique\/perkins\/uprk0005\/#breadcrumb\",\"itemListElement\":[{\"@type\":\"ListItem\",\"position\":1,\"name\":\"Home\",\"item\":\"https:\/\/trakesh.com\/\"},{\"@type\":\"ListItem\",\"position\":2,\"name\":\"Notre Boutique\",\"item\":\"https:\/\/trakesh.com\/notre-boutique\/\"},{\"@type\":\"ListItem\",\"position\":3,\"name\":\"R\u00e9f. : UPRK0005\"}]},{\"@type\":\"WebSite\",\"@id\":\"https:\/\/trakesh.com\/#website\",\"url\":\"https:\/\/trakesh.com\/\",\"name\":\"TRAKECH PARTS\",\"description\":\"Pi\u00e8ces de rechange pour camions MAN, moteurs CATERPILLAR et PERKINS \u2013 Maroc\",\"publisher\":{\"@id\":\"https:\/\/trakesh.com\/#organization\"},\"potentialAction\":[{\"@type\":\"SearchAction\",\"target\":{\"@type\":\"EntryPoint\",\"urlTemplate\":\"https:\/\/trakesh.com\/?s={search_term_string}\"},\"query-input\":{\"@type\":\"PropertyValueSpecification\",\"valueRequired\":true,\"valueName\":\"search_term_string\"}}],\"inLanguage\":\"ar\"},{\"@type\":\"Organization\",\"@id\":\"https:\/\/trakesh.com\/#organization\",\"name\":\"TRAKECH PARTS\",\"url\":\"https:\/\/trakesh.com\/\",\"logo\":{\"@type\":\"ImageObject\",\"inLanguage\":\"ar\",\"@id\":\"https:\/\/trakesh.com\/#\/schema\/logo\/image\/\",\"url\":\"https:\/\/trakesh.com\/wp-content\/uploads\/2025\/05\/cropped-cropped-cropped-cropped-cropped-cropped-cropped-trakesh-removebg-preview-1.png\",\"contentUrl\":\"https:\/\/trakesh.com\/wp-content\/uploads\/2025\/05\/cropped-cropped-cropped-cropped-cropped-cropped-cropped-trakesh-removebg-preview-1.png\",\"width\":342,\"height\":96,\"caption\":\"TRAKECH PARTS\"},\"image\":{\"@id\":\"https:\/\/trakesh.com\/#\/schema\/logo\/image\/\"},\"sameAs\":[\"https:\/\/web.facebook.com\/trakechparts\/?locale=fr_FR\",\"https:\/\/www.instagram.com\/trakech_parts\/\"]}]}<\/script>\n<!-- \/ Yoast SEO plugin. -->","yoast_head_json":{"title":"R\u00e9f. : UPRK0005 - TRAKECH PARTS","robots":{"index":"index","follow":"follow","max-snippet":"max-snippet:-1","max-image-preview":"max-image-preview:large","max-video-preview":"max-video-preview:-1"},"canonical":"https:\/\/trakesh.com\/ar\/notre-boutique\/perkins\/uprk0005\/","og_locale":"ar_AR","og_type":"article","og_title":"R\u00e9f. : UPRK0005 - TRAKECH PARTS","og_description":"Jeu de segments de piston \u2013 PERKINS Compatible avec :     Moteurs PERKINS \u00e9quip\u00e9s de pistons \u00d8 105 mm    Applications selon r\u00e9f\u00e9rences constructeur (pi\u00e8ce de rechange certifi\u00e9e).   Fonction :Assurer l\u2019\u00e9tanch\u00e9it\u00e9 entre le piston et le cylindre, maintenir une compression maximale et r\u00e9guler la consommation d\u2019huile.   Caract\u00e9ristiques :     Diam\u00e8tre piston : 105 mm    Largeurs segments : 3 \u2013 2,5 \u2013 3 mm    Jeu standard : segments de compression + segment racleur d\u2019huile    Fabrication conforme aux normes PERKINS, mat\u00e9riaux r\u00e9sistants aux hautes temp\u00e9ratures et pressions    Con\u00e7us pour prolonger la dur\u00e9e de vie du moteur et garantir un rendement optimal   Installation :Montage direct sur piston compatible \u2013 respecter le sens de pose et les recommandations constructeur.","og_url":"https:\/\/trakesh.com\/ar\/notre-boutique\/perkins\/uprk0005\/","og_site_name":"TRAKECH PARTS","article_publisher":"https:\/\/web.facebook.com\/trakechparts\/?locale=fr_FR","article_modified_time":"2025-11-03T15:08:05+00:00","og_image":[{"width":800,"height":800,"url":"https:\/\/trakesh.com\/wp-content\/uploads\/2025\/08\/MA-2025-11-02T195007.579.png","type":"image\/png"}],"twitter_card":"summary_large_image","twitter_misc":{"\u0648\u0642\u062a \u0627\u0644\u0642\u0631\u0627\u0621\u0629 \u0627\u0644\u0645\u064f\u0642\u062f\u0651\u0631":"\u062f\u0642\u064a\u0642\u0629 \u0648\u0627\u062d\u062f\u0629"},"schema":{"@context":"https:\/\/schema.org","@graph":[{"@type":"WebPage","@id":"https:\/\/trakesh.com\/notre-boutique\/perkins\/uprk0005\/","url":"https:\/\/trakesh.com\/notre-boutique\/perkins\/uprk0005\/","name":"R\u00e9f. : UPRK0005 - TRAKECH PARTS","isPartOf":{"@id":"https:\/\/trakesh.com\/#website"},"primaryImageOfPage":{"@id":"https:\/\/trakesh.com\/notre-boutique\/perkins\/uprk0005\/#primaryimage"},"image":{"@id":"https:\/\/trakesh.com\/notre-boutique\/perkins\/uprk0005\/#primaryimage"},"thumbnailUrl":"https:\/\/trakesh.com\/wp-content\/uploads\/2025\/08\/MA-2025-11-02T195007.579.png","datePublished":"2025-08-23T14:23:52+00:00","dateModified":"2025-11-03T15:08:05+00:00","breadcrumb":{"@id":"https:\/\/trakesh.com\/notre-boutique\/perkins\/uprk0005\/#breadcrumb"},"inLanguage":"ar","potentialAction":[{"@type":"ReadAction","target":["https:\/\/trakesh.com\/notre-boutique\/perkins\/uprk0005\/"]}]},{"@type":"ImageObject","inLanguage":"ar","@id":"https:\/\/trakesh.com\/notre-boutique\/perkins\/uprk0005\/#primaryimage","url":"https:\/\/trakesh.com\/wp-content\/uploads\/2025\/08\/MA-2025-11-02T195007.579.png","contentUrl":"https:\/\/trakesh.com\/wp-content\/uploads\/2025\/08\/MA-2025-11-02T195007.579.png","width":800,"height":800},{"@type":"BreadcrumbList","@id":"https:\/\/trakesh.com\/notre-boutique\/perkins\/uprk0005\/#breadcrumb","itemListElement":[{"@type":"ListItem","position":1,"name":"Home","item":"https:\/\/trakesh.com\/"},{"@type":"ListItem","position":2,"name":"Notre Boutique","item":"https:\/\/trakesh.com\/notre-boutique\/"},{"@type":"ListItem","position":3,"name":"R\u00e9f. : UPRK0005"}]},{"@type":"WebSite","@id":"https:\/\/trakesh.com\/#website","url":"https:\/\/trakesh.com\/","name":"TRAKECH PARTS","description":"Pi\u00e8ces de rechange pour camions MAN, moteurs CATERPILLAR et PERKINS \u2013 Maroc","publisher":{"@id":"https:\/\/trakesh.com\/#organization"},"potentialAction":[{"@type":"SearchAction","target":{"@type":"EntryPoint","urlTemplate":"https:\/\/trakesh.com\/?s={search_term_string}"},"query-input":{"@type":"PropertyValueSpecification","valueRequired":true,"valueName":"search_term_string"}}],"inLanguage":"ar"},{"@type":"Organization","@id":"https:\/\/trakesh.com\/#organization","name":"TRAKECH PARTS","url":"https:\/\/trakesh.com\/","logo":{"@type":"ImageObject","inLanguage":"ar","@id":"https:\/\/trakesh.com\/#\/schema\/logo\/image\/","url":"https:\/\/trakesh.com\/wp-content\/uploads\/2025\/05\/cropped-cropped-cropped-cropped-cropped-cropped-cropped-trakesh-removebg-preview-1.png","contentUrl":"https:\/\/trakesh.com\/wp-content\/uploads\/2025\/05\/cropped-cropped-cropped-cropped-cropped-cropped-cropped-trakesh-removebg-preview-1.png","width":342,"height":96,"caption":"TRAKECH PARTS"},"image":{"@id":"https:\/\/trakesh.com\/#\/schema\/logo\/image\/"},"sameAs":["https:\/\/web.facebook.com\/trakechparts\/?locale=fr_FR","https:\/\/www.instagram.com\/trakech_parts\/"]}]}},"_links":{"self":[{"href":"https:\/\/trakesh.com\/ar\/wp-json\/wp\/v2\/product\/8700","targetHints":{"allow":["GET"]}}],"collection":[{"href":"https:\/\/trakesh.com\/ar\/wp-json\/wp\/v2\/product"}],"about":[{"href":"https:\/\/trakesh.com\/ar\/wp-json\/wp\/v2\/types\/product"}],"replies":[{"embeddable":true,"href":"https:\/\/trakesh.com\/ar\/wp-json\/wp\/v2\/comments?post=8700"}],"wp:featuredmedia":[{"embeddable":true,"href":"https:\/\/trakesh.com\/ar\/wp-json\/wp\/v2\/media\/9481"}],"wp:attachment":[{"href":"https:\/\/trakesh.com\/ar\/wp-json\/wp\/v2\/media?parent=8700"}],"wp:term":[{"taxonomy":"product_brand","embeddable":true,"href":"https:\/\/trakesh.com\/ar\/wp-json\/wp\/v2\/product_brand?post=8700"},{"taxonomy":"product_cat","embeddable":true,"href":"https:\/\/trakesh.com\/ar\/wp-json\/wp\/v2\/product_cat?post=8700"},{"taxonomy":"product_tag","embeddable":true,"href":"https:\/\/trakesh.com\/ar\/wp-json\/wp\/v2\/product_tag?post=8700"}],"curies":[{"name":"wp","href":"https:\/\/api.w.org\/{rel}","templated":true}]}}