{"id":8702,"date":"2025-08-23T15:47:48","date_gmt":"2025-08-23T14:47:48","guid":{"rendered":"https:\/\/trakesh.com\/?post_type=product&#038;p=8702"},"modified":"2025-11-02T19:48:16","modified_gmt":"2025-11-02T18:48:16","slug":"04330n0","status":"publish","type":"product","link":"https:\/\/trakesh.com\/ar\/notre-boutique\/perkins\/04330n0\/","title":{"rendered":"R\u00e9f. : 04330N0"},"content":{"rendered":"<p data-start=\"1077\" data-end=\"1535\"><strong>Description :<\/strong><br data-start=\"1097\" data-end=\"1100\" \/><strong>Le jeu de segments MAHLE 04330N0 offre une \u00e9tanch\u00e9it\u00e9 parfaite et une performance optimale pour les moteurs \u00e9quip\u00e9s de pistons \u00d8101,05 mm. Gr\u00e2ce \u00e0 leur conception pr\u00e9cise et \u00e0 la qualit\u00e9 des mat\u00e9riaux utilis\u00e9s, ces segments assurent une excellente tenue de compression, r\u00e9duisent la consommation d\u2019huile et prolongent la dur\u00e9e de vie du moteur. Produit d\u2019origine MAHLE, reconnu pour sa fiabilit\u00e9 en premi\u00e8re monte et en rechange.<\/strong><\/p>","protected":false},"excerpt":{"rendered":"<p><strong>Jeu de segments de piston \u2013 MAHLE<\/strong><\/p>\n<p data-start=\"176\" data-end=\"201\"><strong data-start=\"178\" data-end=\"199\">Compatible avec :<\/strong><\/p>\n<ul data-start=\"202\" data-end=\"338\">\n<li data-start=\"202\" data-end=\"249\">\n<p data-start=\"204\" data-end=\"249\">Moteurs utilisant un piston \u00d8 <strong data-start=\"234\" data-end=\"247\">101,05 mm<\/strong><\/p>\n<\/li>\n<li data-start=\"250\" data-end=\"338\">\n<p data-start=\"252\" data-end=\"338\">Applications selon sp\u00e9cifications constructeur (MAHLE \u2013 premi\u00e8re monte et rechange).<\/p>\n<\/li>\n<li data-start=\"250\" data-end=\"338\"><strong data-start=\"343\" data-end=\"357\">Fonction :<\/strong><br data-start=\"357\" data-end=\"360\" \/>Assurer l\u2019\u00e9tanch\u00e9it\u00e9 entre le piston et la chemise de cylindre, contr\u00f4ler la consommation d\u2019huile et optimiser la compression. Les segments garantissent un fonctionnement efficace du moteur et une longue dur\u00e9e de vie.<\/li>\n<li data-start=\"250\" data-end=\"338\">\n<p data-start=\"581\" data-end=\"607\"><strong data-start=\"583\" data-end=\"605\">Caract\u00e9ristiques :<\/strong><\/p>\n<ul data-start=\"608\" data-end=\"941\">\n<li data-start=\"608\" data-end=\"644\">\n<p data-start=\"610\" data-end=\"644\">Diam\u00e8tre nominal : <strong data-start=\"629\" data-end=\"642\">101,05 mm<\/strong><\/p>\n<\/li>\n<li data-start=\"645\" data-end=\"705\">\n<p data-start=\"647\" data-end=\"705\">Largeurs des segments : <strong data-start=\"671\" data-end=\"703\">2,38 \u2013 2,38 \u2013 2,38 \u2013 6,35 mm<\/strong><\/p>\n<\/li>\n<li data-start=\"706\" data-end=\"788\">\n<p data-start=\"708\" data-end=\"788\">Configuration standard : 3 segments de compression + 1 segment racleur d\u2019huile<\/p>\n<\/li>\n<li data-start=\"789\" data-end=\"854\">\n<p data-start=\"791\" data-end=\"854\">Fabrication MAHLE : acier et fonte alli\u00e9e de haute r\u00e9sistance<\/p>\n<\/li>\n<li data-start=\"855\" data-end=\"941\">\n<p data-start=\"857\" data-end=\"941\">Con\u00e7us pour r\u00e9sister aux temp\u00e9ratures \u00e9lev\u00e9es et aux fortes contraintes m\u00e9caniques<\/p>\n<\/li>\n<li data-start=\"855\" data-end=\"941\"><strong data-start=\"946\" data-end=\"964\">Installation :<\/strong><br data-start=\"964\" data-end=\"967\" \/>Montage direct sur piston compatible \u2013 suivre le sens de pose et les recommandations constructeur (MAHLE).<\/li>\n<\/ul>\n<\/li>\n<\/ul>","protected":false},"featured_media":9480,"comment_status":"open","ping_status":"closed","template":"","meta":[],"product_brand":[89],"product_cat":[283],"product_tag":[],"class_list":{"0":"post-8702","1":"product","2":"type-product","3":"status-publish","4":"has-post-thumbnail","6":"product_brand-mhl","7":"product_cat-perkins","9":"first","10":"instock","11":"shipping-taxable","12":"product-type-simple"},"yoast_head":"<!-- This site is optimized with the Yoast SEO plugin v25.5 - https:\/\/yoast.com\/wordpress\/plugins\/seo\/ -->\n<title>R\u00e9f. : 04330N0 - TRAKECH PARTS<\/title>\n<meta name=\"description\" content=\"Jeu de segments de piston \u2013 MAHLE Installation :Montage direct sur piston compatible \u2013 suivre le sens de pose et les recommandations constructeur (MAHLE).\" \/>\n<meta name=\"robots\" content=\"index, follow, max-snippet:-1, max-image-preview:large, max-video-preview:-1\" \/>\n<link rel=\"canonical\" href=\"https:\/\/trakesh.com\/ar\/notre-boutique\/perkins\/04330n0\/\" \/>\n<meta property=\"og:locale\" content=\"ar_AR\" \/>\n<meta property=\"og:type\" content=\"article\" \/>\n<meta property=\"og:title\" content=\"R\u00e9f. : 04330N0 - TRAKECH PARTS\" \/>\n<meta property=\"og:description\" content=\"Jeu de segments de piston \u2013 MAHLE Installation :Montage direct sur piston compatible \u2013 suivre le sens de pose et les recommandations constructeur (MAHLE).\" \/>\n<meta property=\"og:url\" content=\"https:\/\/trakesh.com\/ar\/notre-boutique\/perkins\/04330n0\/\" \/>\n<meta property=\"og:site_name\" content=\"TRAKECH PARTS\" \/>\n<meta property=\"article:publisher\" content=\"https:\/\/web.facebook.com\/trakechparts\/?locale=fr_FR\" \/>\n<meta property=\"article:modified_time\" content=\"2025-11-02T18:48:16+00:00\" \/>\n<meta property=\"og:image\" content=\"https:\/\/trakesh.com\/wp-content\/uploads\/2025\/08\/MA-2025-11-02T194727.033.png\" \/>\n\t<meta property=\"og:image:width\" content=\"800\" \/>\n\t<meta property=\"og:image:height\" content=\"800\" \/>\n\t<meta property=\"og:image:type\" content=\"image\/png\" \/>\n<meta name=\"twitter:card\" content=\"summary_large_image\" \/>\n<meta name=\"twitter:label1\" content=\"\u0648\u0642\u062a \u0627\u0644\u0642\u0631\u0627\u0621\u0629 \u0627\u0644\u0645\u064f\u0642\u062f\u0651\u0631\" \/>\n\t<meta name=\"twitter:data1\" content=\"\u062f\u0642\u064a\u0642\u0629 \u0648\u0627\u062d\u062f\u0629\" \/>\n<script type=\"application\/ld+json\" class=\"yoast-schema-graph\">{\"@context\":\"https:\/\/schema.org\",\"@graph\":[{\"@type\":\"WebPage\",\"@id\":\"https:\/\/trakesh.com\/notre-boutique\/perkins\/04330n0\/\",\"url\":\"https:\/\/trakesh.com\/notre-boutique\/perkins\/04330n0\/\",\"name\":\"R\u00e9f. : 04330N0 - TRAKECH PARTS\",\"isPartOf\":{\"@id\":\"https:\/\/trakesh.com\/#website\"},\"primaryImageOfPage\":{\"@id\":\"https:\/\/trakesh.com\/notre-boutique\/perkins\/04330n0\/#primaryimage\"},\"image\":{\"@id\":\"https:\/\/trakesh.com\/notre-boutique\/perkins\/04330n0\/#primaryimage\"},\"thumbnailUrl\":\"https:\/\/trakesh.com\/wp-content\/uploads\/2025\/08\/MA-2025-11-02T194727.033.png\",\"datePublished\":\"2025-08-23T14:47:48+00:00\",\"dateModified\":\"2025-11-02T18:48:16+00:00\",\"description\":\"Jeu de segments de piston \u2013 MAHLE Installation :Montage direct sur piston compatible \u2013 suivre le sens de pose et les recommandations constructeur (MAHLE).\",\"breadcrumb\":{\"@id\":\"https:\/\/trakesh.com\/notre-boutique\/perkins\/04330n0\/#breadcrumb\"},\"inLanguage\":\"ar\",\"potentialAction\":[{\"@type\":\"ReadAction\",\"target\":[\"https:\/\/trakesh.com\/notre-boutique\/perkins\/04330n0\/\"]}]},{\"@type\":\"ImageObject\",\"inLanguage\":\"ar\",\"@id\":\"https:\/\/trakesh.com\/notre-boutique\/perkins\/04330n0\/#primaryimage\",\"url\":\"https:\/\/trakesh.com\/wp-content\/uploads\/2025\/08\/MA-2025-11-02T194727.033.png\",\"contentUrl\":\"https:\/\/trakesh.com\/wp-content\/uploads\/2025\/08\/MA-2025-11-02T194727.033.png\",\"width\":800,\"height\":800},{\"@type\":\"BreadcrumbList\",\"@id\":\"https:\/\/trakesh.com\/notre-boutique\/perkins\/04330n0\/#breadcrumb\",\"itemListElement\":[{\"@type\":\"ListItem\",\"position\":1,\"name\":\"Home\",\"item\":\"https:\/\/trakesh.com\/\"},{\"@type\":\"ListItem\",\"position\":2,\"name\":\"Notre Boutique\",\"item\":\"https:\/\/trakesh.com\/notre-boutique\/\"},{\"@type\":\"ListItem\",\"position\":3,\"name\":\"R\u00e9f. : 04330N0\"}]},{\"@type\":\"WebSite\",\"@id\":\"https:\/\/trakesh.com\/#website\",\"url\":\"https:\/\/trakesh.com\/\",\"name\":\"TRAKECH PARTS\",\"description\":\"Pi\u00e8ces de rechange pour camions MAN, moteurs CATERPILLAR et PERKINS \u2013 Maroc\",\"publisher\":{\"@id\":\"https:\/\/trakesh.com\/#organization\"},\"potentialAction\":[{\"@type\":\"SearchAction\",\"target\":{\"@type\":\"EntryPoint\",\"urlTemplate\":\"https:\/\/trakesh.com\/?s={search_term_string}\"},\"query-input\":{\"@type\":\"PropertyValueSpecification\",\"valueRequired\":true,\"valueName\":\"search_term_string\"}}],\"inLanguage\":\"ar\"},{\"@type\":\"Organization\",\"@id\":\"https:\/\/trakesh.com\/#organization\",\"name\":\"TRAKECH PARTS\",\"url\":\"https:\/\/trakesh.com\/\",\"logo\":{\"@type\":\"ImageObject\",\"inLanguage\":\"ar\",\"@id\":\"https:\/\/trakesh.com\/#\/schema\/logo\/image\/\",\"url\":\"https:\/\/trakesh.com\/wp-content\/uploads\/2025\/05\/cropped-cropped-cropped-cropped-cropped-cropped-cropped-trakesh-removebg-preview-1.png\",\"contentUrl\":\"https:\/\/trakesh.com\/wp-content\/uploads\/2025\/05\/cropped-cropped-cropped-cropped-cropped-cropped-cropped-trakesh-removebg-preview-1.png\",\"width\":342,\"height\":96,\"caption\":\"TRAKECH PARTS\"},\"image\":{\"@id\":\"https:\/\/trakesh.com\/#\/schema\/logo\/image\/\"},\"sameAs\":[\"https:\/\/web.facebook.com\/trakechparts\/?locale=fr_FR\",\"https:\/\/www.instagram.com\/trakech_parts\/\"]}]}<\/script>\n<!-- \/ Yoast SEO plugin. -->","yoast_head_json":{"title":"R\u00e9f. : 04330N0 - TRAKECH PARTS","description":"Jeu de segments de piston \u2013 MAHLE Installation :Montage direct sur piston compatible \u2013 suivre le sens de pose et les recommandations constructeur (MAHLE).","robots":{"index":"index","follow":"follow","max-snippet":"max-snippet:-1","max-image-preview":"max-image-preview:large","max-video-preview":"max-video-preview:-1"},"canonical":"https:\/\/trakesh.com\/ar\/notre-boutique\/perkins\/04330n0\/","og_locale":"ar_AR","og_type":"article","og_title":"R\u00e9f. : 04330N0 - TRAKECH PARTS","og_description":"Jeu de segments de piston \u2013 MAHLE Installation :Montage direct sur piston compatible \u2013 suivre le sens de pose et les recommandations constructeur (MAHLE).","og_url":"https:\/\/trakesh.com\/ar\/notre-boutique\/perkins\/04330n0\/","og_site_name":"TRAKECH PARTS","article_publisher":"https:\/\/web.facebook.com\/trakechparts\/?locale=fr_FR","article_modified_time":"2025-11-02T18:48:16+00:00","og_image":[{"width":800,"height":800,"url":"https:\/\/trakesh.com\/wp-content\/uploads\/2025\/08\/MA-2025-11-02T194727.033.png","type":"image\/png"}],"twitter_card":"summary_large_image","twitter_misc":{"\u0648\u0642\u062a \u0627\u0644\u0642\u0631\u0627\u0621\u0629 \u0627\u0644\u0645\u064f\u0642\u062f\u0651\u0631":"\u062f\u0642\u064a\u0642\u0629 \u0648\u0627\u062d\u062f\u0629"},"schema":{"@context":"https:\/\/schema.org","@graph":[{"@type":"WebPage","@id":"https:\/\/trakesh.com\/notre-boutique\/perkins\/04330n0\/","url":"https:\/\/trakesh.com\/notre-boutique\/perkins\/04330n0\/","name":"R\u00e9f. : 04330N0 - TRAKECH PARTS","isPartOf":{"@id":"https:\/\/trakesh.com\/#website"},"primaryImageOfPage":{"@id":"https:\/\/trakesh.com\/notre-boutique\/perkins\/04330n0\/#primaryimage"},"image":{"@id":"https:\/\/trakesh.com\/notre-boutique\/perkins\/04330n0\/#primaryimage"},"thumbnailUrl":"https:\/\/trakesh.com\/wp-content\/uploads\/2025\/08\/MA-2025-11-02T194727.033.png","datePublished":"2025-08-23T14:47:48+00:00","dateModified":"2025-11-02T18:48:16+00:00","description":"Jeu de segments de piston \u2013 MAHLE Installation :Montage direct sur piston compatible \u2013 suivre le sens de pose et les recommandations constructeur (MAHLE).","breadcrumb":{"@id":"https:\/\/trakesh.com\/notre-boutique\/perkins\/04330n0\/#breadcrumb"},"inLanguage":"ar","potentialAction":[{"@type":"ReadAction","target":["https:\/\/trakesh.com\/notre-boutique\/perkins\/04330n0\/"]}]},{"@type":"ImageObject","inLanguage":"ar","@id":"https:\/\/trakesh.com\/notre-boutique\/perkins\/04330n0\/#primaryimage","url":"https:\/\/trakesh.com\/wp-content\/uploads\/2025\/08\/MA-2025-11-02T194727.033.png","contentUrl":"https:\/\/trakesh.com\/wp-content\/uploads\/2025\/08\/MA-2025-11-02T194727.033.png","width":800,"height":800},{"@type":"BreadcrumbList","@id":"https:\/\/trakesh.com\/notre-boutique\/perkins\/04330n0\/#breadcrumb","itemListElement":[{"@type":"ListItem","position":1,"name":"Home","item":"https:\/\/trakesh.com\/"},{"@type":"ListItem","position":2,"name":"Notre Boutique","item":"https:\/\/trakesh.com\/notre-boutique\/"},{"@type":"ListItem","position":3,"name":"R\u00e9f. : 04330N0"}]},{"@type":"WebSite","@id":"https:\/\/trakesh.com\/#website","url":"https:\/\/trakesh.com\/","name":"TRAKECH PARTS","description":"Pi\u00e8ces de rechange pour camions MAN, moteurs CATERPILLAR et PERKINS \u2013 Maroc","publisher":{"@id":"https:\/\/trakesh.com\/#organization"},"potentialAction":[{"@type":"SearchAction","target":{"@type":"EntryPoint","urlTemplate":"https:\/\/trakesh.com\/?s={search_term_string}"},"query-input":{"@type":"PropertyValueSpecification","valueRequired":true,"valueName":"search_term_string"}}],"inLanguage":"ar"},{"@type":"Organization","@id":"https:\/\/trakesh.com\/#organization","name":"TRAKECH PARTS","url":"https:\/\/trakesh.com\/","logo":{"@type":"ImageObject","inLanguage":"ar","@id":"https:\/\/trakesh.com\/#\/schema\/logo\/image\/","url":"https:\/\/trakesh.com\/wp-content\/uploads\/2025\/05\/cropped-cropped-cropped-cropped-cropped-cropped-cropped-trakesh-removebg-preview-1.png","contentUrl":"https:\/\/trakesh.com\/wp-content\/uploads\/2025\/05\/cropped-cropped-cropped-cropped-cropped-cropped-cropped-trakesh-removebg-preview-1.png","width":342,"height":96,"caption":"TRAKECH PARTS"},"image":{"@id":"https:\/\/trakesh.com\/#\/schema\/logo\/image\/"},"sameAs":["https:\/\/web.facebook.com\/trakechparts\/?locale=fr_FR","https:\/\/www.instagram.com\/trakech_parts\/"]}]}},"_links":{"self":[{"href":"https:\/\/trakesh.com\/ar\/wp-json\/wp\/v2\/product\/8702","targetHints":{"allow":["GET"]}}],"collection":[{"href":"https:\/\/trakesh.com\/ar\/wp-json\/wp\/v2\/product"}],"about":[{"href":"https:\/\/trakesh.com\/ar\/wp-json\/wp\/v2\/types\/product"}],"replies":[{"embeddable":true,"href":"https:\/\/trakesh.com\/ar\/wp-json\/wp\/v2\/comments?post=8702"}],"wp:featuredmedia":[{"embeddable":true,"href":"https:\/\/trakesh.com\/ar\/wp-json\/wp\/v2\/media\/9480"}],"wp:attachment":[{"href":"https:\/\/trakesh.com\/ar\/wp-json\/wp\/v2\/media?parent=8702"}],"wp:term":[{"taxonomy":"product_brand","embeddable":true,"href":"https:\/\/trakesh.com\/ar\/wp-json\/wp\/v2\/product_brand?post=8702"},{"taxonomy":"product_cat","embeddable":true,"href":"https:\/\/trakesh.com\/ar\/wp-json\/wp\/v2\/product_cat?post=8702"},{"taxonomy":"product_tag","embeddable":true,"href":"https:\/\/trakesh.com\/ar\/wp-json\/wp\/v2\/product_tag?post=8702"}],"curies":[{"name":"wp","href":"https:\/\/api.w.org\/{rel}","templated":true}]}}