{"id":8808,"date":"2025-08-28T18:05:11","date_gmt":"2025-08-28T17:05:11","guid":{"rendered":"https:\/\/trakesh.com\/?post_type=product&#038;p=8808"},"modified":"2025-11-02T19:45:41","modified_gmt":"2025-11-02T18:45:41","slug":"ref-627946am","status":"publish","type":"product","link":"https:\/\/trakesh.com\/ar\/notre-boutique\/scania\/ref-627946am\/","title":{"rendered":"R\u00e9f. : 627946AM"},"content":{"rendered":"<p><strong>Description :<\/strong><br data-start=\"962\" data-end=\"965\" \/><strong>Le servo embrayage pneumatique Kongsberg 627946AM est une pi\u00e8ce essentielle pour les camions SCANIA, garantissant un d\u00e9brayage souple et fiable, r\u00e9duisant l\u2019usure et am\u00e9liorant l\u2019ergonomie de conduite dans les applications de transport longue distance ou chantier.<\/strong><\/p>","protected":false},"excerpt":{"rendered":"<p><strong>Clutch Servo pneumatique \u2013 Kongsberg<\/strong><\/p>\n<p data-start=\"145\" data-end=\"168\"><strong data-start=\"147\" data-end=\"166\">Compatibilit\u00e9 :<\/strong><\/p>\n<ul data-start=\"169\" data-end=\"296\">\n<li data-start=\"169\" data-end=\"210\">\n<p data-start=\"171\" data-end=\"210\">Con\u00e7u pour camions et bus <strong data-start=\"197\" data-end=\"207\">SCANIA<\/strong>.<\/p>\n<\/li>\n<li data-start=\"211\" data-end=\"296\">\n<p data-start=\"213\" data-end=\"296\">Syst\u00e8me d\u2019assistance d\u2019embrayage pneumatique mont\u00e9 sur les transmissions lourdes.<\/p>\n<\/li>\n<\/ul>\n<p data-start=\"298\" data-end=\"317\"><strong data-start=\"301\" data-end=\"315\">Fonction :<\/strong><\/p>\n<ul data-start=\"318\" data-end=\"512\">\n<li data-start=\"318\" data-end=\"375\">\n<p data-start=\"320\" data-end=\"375\">R\u00e9duit l\u2019effort n\u00e9cessaire \u00e0 la commande d\u2019embrayage.<\/p>\n<\/li>\n<li data-start=\"376\" data-end=\"441\">\n<p data-start=\"378\" data-end=\"441\">Am\u00e9liore la pr\u00e9cision et la rapidit\u00e9 de passage des vitesses.<\/p>\n<\/li>\n<li data-start=\"442\" data-end=\"512\">\n<p data-start=\"444\" data-end=\"512\">Augmente le confort de conduite et la dur\u00e9e de vie de l\u2019embrayage.<\/p>\n<\/li>\n<\/ul>\n<p data-start=\"514\" data-end=\"551\"><strong data-start=\"516\" data-end=\"549\">Caract\u00e9ristiques techniques :<\/strong><\/p>\n<ul data-start=\"552\" data-end=\"721\">\n<li data-start=\"552\" data-end=\"592\">\n<p data-start=\"554\" data-end=\"592\">Fabricant : <strong data-start=\"566\" data-end=\"590\">Kongsberg Automotive<\/strong><\/p>\n<\/li>\n<li data-start=\"593\" data-end=\"621\">\n<p data-start=\"595\" data-end=\"621\">R\u00e9f\u00e9rence : <strong data-start=\"607\" data-end=\"619\">627946AM<\/strong><\/p>\n<\/li>\n<li data-start=\"622\" data-end=\"666\">\n<p data-start=\"624\" data-end=\"666\">Type : <strong data-start=\"631\" data-end=\"664\">Servo d\u2019embrayage pneumatique<\/strong><\/p>\n<\/li>\n<li data-start=\"667\" data-end=\"721\">\n<p data-start=\"669\" data-end=\"721\">Montage : Direct sur v\u00e9hicules SCANIA compatibles.<\/p>\n<\/li>\n<\/ul>\n<p data-start=\"723\" data-end=\"746\"><strong data-start=\"726\" data-end=\"744\">Installation :<\/strong><\/p>\n<ul data-start=\"747\" data-end=\"940\">\n<li data-start=\"747\" data-end=\"799\">\n<p data-start=\"749\" data-end=\"799\">Remplacement en lieu et place de l\u2019ancien servo.<\/p>\n<\/li>\n<li data-start=\"800\" data-end=\"865\">\n<p data-start=\"802\" data-end=\"865\">V\u00e9rification des raccords pneumatiques et \u00e9tanch\u00e9it\u00e9 \u00e0 l\u2019air.<\/p>\n<\/li>\n<li data-start=\"866\" data-end=\"940\">\n<p data-start=\"868\" data-end=\"940\">Purge du syst\u00e8me si n\u00e9cessaire pour assurer un fonctionnement optimal.<\/p>\n<\/li>\n<\/ul>","protected":false},"featured_media":9479,"comment_status":"open","ping_status":"closed","template":"","meta":[],"product_brand":[78],"product_cat":[72],"product_tag":[],"class_list":{"0":"post-8808","1":"product","2":"type-product","3":"status-publish","4":"has-post-thumbnail","6":"product_brand-kgsb","7":"product_cat-scania","9":"first","10":"instock","11":"shipping-taxable","12":"product-type-simple"},"yoast_head":"<!-- This site is optimized with the Yoast SEO plugin v25.5 - https:\/\/yoast.com\/wordpress\/plugins\/seo\/ -->\n<title>R\u00e9f. : 627946AM - TRAKECH PARTS<\/title>\n<meta name=\"robots\" content=\"index, follow, max-snippet:-1, max-image-preview:large, max-video-preview:-1\" \/>\n<link rel=\"canonical\" href=\"https:\/\/trakesh.com\/ar\/notre-boutique\/scania\/ref-627946am\/\" \/>\n<meta property=\"og:locale\" content=\"ar_AR\" \/>\n<meta property=\"og:type\" content=\"article\" \/>\n<meta property=\"og:title\" content=\"R\u00e9f. : 627946AM - TRAKECH PARTS\" \/>\n<meta property=\"og:description\" content=\"Clutch Servo pneumatique \u2013 Kongsberg Compatibilit\u00e9 :     Con\u00e7u pour camions et bus SCANIA.    Syst\u00e8me d\u2019assistance d\u2019embrayage pneumatique mont\u00e9 sur les transmissions lourdes.   Fonction :     R\u00e9duit l\u2019effort n\u00e9cessaire \u00e0 la commande d\u2019embrayage.    Am\u00e9liore la pr\u00e9cision et la rapidit\u00e9 de passage des vitesses.    Augmente le confort de conduite et la dur\u00e9e de vie de l\u2019embrayage.   Caract\u00e9ristiques techniques :     Fabricant : Kongsberg Automotive    R\u00e9f\u00e9rence : 627946AM    Type : Servo d\u2019embrayage pneumatique    Montage : Direct sur v\u00e9hicules SCANIA compatibles.   Installation :     Remplacement en lieu et place de l\u2019ancien servo.    V\u00e9rification des raccords pneumatiques et \u00e9tanch\u00e9it\u00e9 \u00e0 l\u2019air.    Purge du syst\u00e8me si n\u00e9cessaire pour assurer un fonctionnement optimal.\" \/>\n<meta property=\"og:url\" content=\"https:\/\/trakesh.com\/ar\/notre-boutique\/scania\/ref-627946am\/\" \/>\n<meta property=\"og:site_name\" content=\"TRAKECH PARTS\" \/>\n<meta property=\"article:publisher\" content=\"https:\/\/web.facebook.com\/trakechparts\/?locale=fr_FR\" \/>\n<meta property=\"article:modified_time\" content=\"2025-11-02T18:45:41+00:00\" \/>\n<meta property=\"og:image\" content=\"https:\/\/trakesh.com\/wp-content\/uploads\/2025\/08\/MA-2025-11-02T194448.849.png\" \/>\n\t<meta property=\"og:image:width\" content=\"800\" \/>\n\t<meta property=\"og:image:height\" content=\"800\" \/>\n\t<meta property=\"og:image:type\" content=\"image\/png\" \/>\n<meta name=\"twitter:card\" content=\"summary_large_image\" \/>\n<meta name=\"twitter:label1\" content=\"\u0648\u0642\u062a \u0627\u0644\u0642\u0631\u0627\u0621\u0629 \u0627\u0644\u0645\u064f\u0642\u062f\u0651\u0631\" \/>\n\t<meta name=\"twitter:data1\" content=\"\u062f\u0642\u064a\u0642\u0629 \u0648\u0627\u062d\u062f\u0629\" \/>\n<script type=\"application\/ld+json\" class=\"yoast-schema-graph\">{\"@context\":\"https:\/\/schema.org\",\"@graph\":[{\"@type\":\"WebPage\",\"@id\":\"https:\/\/trakesh.com\/notre-boutique\/scania\/ref-627946am\/\",\"url\":\"https:\/\/trakesh.com\/notre-boutique\/scania\/ref-627946am\/\",\"name\":\"R\u00e9f. : 627946AM - TRAKECH PARTS\",\"isPartOf\":{\"@id\":\"https:\/\/trakesh.com\/#website\"},\"primaryImageOfPage\":{\"@id\":\"https:\/\/trakesh.com\/notre-boutique\/scania\/ref-627946am\/#primaryimage\"},\"image\":{\"@id\":\"https:\/\/trakesh.com\/notre-boutique\/scania\/ref-627946am\/#primaryimage\"},\"thumbnailUrl\":\"https:\/\/trakesh.com\/wp-content\/uploads\/2025\/08\/MA-2025-11-02T194448.849.png\",\"datePublished\":\"2025-08-28T17:05:11+00:00\",\"dateModified\":\"2025-11-02T18:45:41+00:00\",\"breadcrumb\":{\"@id\":\"https:\/\/trakesh.com\/notre-boutique\/scania\/ref-627946am\/#breadcrumb\"},\"inLanguage\":\"ar\",\"potentialAction\":[{\"@type\":\"ReadAction\",\"target\":[\"https:\/\/trakesh.com\/notre-boutique\/scania\/ref-627946am\/\"]}]},{\"@type\":\"ImageObject\",\"inLanguage\":\"ar\",\"@id\":\"https:\/\/trakesh.com\/notre-boutique\/scania\/ref-627946am\/#primaryimage\",\"url\":\"https:\/\/trakesh.com\/wp-content\/uploads\/2025\/08\/MA-2025-11-02T194448.849.png\",\"contentUrl\":\"https:\/\/trakesh.com\/wp-content\/uploads\/2025\/08\/MA-2025-11-02T194448.849.png\",\"width\":800,\"height\":800},{\"@type\":\"BreadcrumbList\",\"@id\":\"https:\/\/trakesh.com\/notre-boutique\/scania\/ref-627946am\/#breadcrumb\",\"itemListElement\":[{\"@type\":\"ListItem\",\"position\":1,\"name\":\"Home\",\"item\":\"https:\/\/trakesh.com\/\"},{\"@type\":\"ListItem\",\"position\":2,\"name\":\"Notre Boutique\",\"item\":\"https:\/\/trakesh.com\/notre-boutique\/\"},{\"@type\":\"ListItem\",\"position\":3,\"name\":\"R\u00e9f. : 627946AM\"}]},{\"@type\":\"WebSite\",\"@id\":\"https:\/\/trakesh.com\/#website\",\"url\":\"https:\/\/trakesh.com\/\",\"name\":\"TRAKECH PARTS\",\"description\":\"Pi\u00e8ces de rechange pour camions MAN, moteurs CATERPILLAR et PERKINS \u2013 Maroc\",\"publisher\":{\"@id\":\"https:\/\/trakesh.com\/#organization\"},\"potentialAction\":[{\"@type\":\"SearchAction\",\"target\":{\"@type\":\"EntryPoint\",\"urlTemplate\":\"https:\/\/trakesh.com\/?s={search_term_string}\"},\"query-input\":{\"@type\":\"PropertyValueSpecification\",\"valueRequired\":true,\"valueName\":\"search_term_string\"}}],\"inLanguage\":\"ar\"},{\"@type\":\"Organization\",\"@id\":\"https:\/\/trakesh.com\/#organization\",\"name\":\"TRAKECH PARTS\",\"url\":\"https:\/\/trakesh.com\/\",\"logo\":{\"@type\":\"ImageObject\",\"inLanguage\":\"ar\",\"@id\":\"https:\/\/trakesh.com\/#\/schema\/logo\/image\/\",\"url\":\"https:\/\/trakesh.com\/wp-content\/uploads\/2025\/05\/cropped-cropped-cropped-cropped-cropped-cropped-cropped-trakesh-removebg-preview-1.png\",\"contentUrl\":\"https:\/\/trakesh.com\/wp-content\/uploads\/2025\/05\/cropped-cropped-cropped-cropped-cropped-cropped-cropped-trakesh-removebg-preview-1.png\",\"width\":342,\"height\":96,\"caption\":\"TRAKECH PARTS\"},\"image\":{\"@id\":\"https:\/\/trakesh.com\/#\/schema\/logo\/image\/\"},\"sameAs\":[\"https:\/\/web.facebook.com\/trakechparts\/?locale=fr_FR\",\"https:\/\/www.instagram.com\/trakech_parts\/\"]}]}<\/script>\n<!-- \/ Yoast SEO plugin. -->","yoast_head_json":{"title":"R\u00e9f. : 627946AM - TRAKECH PARTS","robots":{"index":"index","follow":"follow","max-snippet":"max-snippet:-1","max-image-preview":"max-image-preview:large","max-video-preview":"max-video-preview:-1"},"canonical":"https:\/\/trakesh.com\/ar\/notre-boutique\/scania\/ref-627946am\/","og_locale":"ar_AR","og_type":"article","og_title":"R\u00e9f. : 627946AM - TRAKECH PARTS","og_description":"Clutch Servo pneumatique \u2013 Kongsberg Compatibilit\u00e9 :     Con\u00e7u pour camions et bus SCANIA.    Syst\u00e8me d\u2019assistance d\u2019embrayage pneumatique mont\u00e9 sur les transmissions lourdes.   Fonction :     R\u00e9duit l\u2019effort n\u00e9cessaire \u00e0 la commande d\u2019embrayage.    Am\u00e9liore la pr\u00e9cision et la rapidit\u00e9 de passage des vitesses.    Augmente le confort de conduite et la dur\u00e9e de vie de l\u2019embrayage.   Caract\u00e9ristiques techniques :     Fabricant : Kongsberg Automotive    R\u00e9f\u00e9rence : 627946AM    Type : Servo d\u2019embrayage pneumatique    Montage : Direct sur v\u00e9hicules SCANIA compatibles.   Installation :     Remplacement en lieu et place de l\u2019ancien servo.    V\u00e9rification des raccords pneumatiques et \u00e9tanch\u00e9it\u00e9 \u00e0 l\u2019air.    Purge du syst\u00e8me si n\u00e9cessaire pour assurer un fonctionnement optimal.","og_url":"https:\/\/trakesh.com\/ar\/notre-boutique\/scania\/ref-627946am\/","og_site_name":"TRAKECH PARTS","article_publisher":"https:\/\/web.facebook.com\/trakechparts\/?locale=fr_FR","article_modified_time":"2025-11-02T18:45:41+00:00","og_image":[{"width":800,"height":800,"url":"https:\/\/trakesh.com\/wp-content\/uploads\/2025\/08\/MA-2025-11-02T194448.849.png","type":"image\/png"}],"twitter_card":"summary_large_image","twitter_misc":{"\u0648\u0642\u062a \u0627\u0644\u0642\u0631\u0627\u0621\u0629 \u0627\u0644\u0645\u064f\u0642\u062f\u0651\u0631":"\u062f\u0642\u064a\u0642\u0629 \u0648\u0627\u062d\u062f\u0629"},"schema":{"@context":"https:\/\/schema.org","@graph":[{"@type":"WebPage","@id":"https:\/\/trakesh.com\/notre-boutique\/scania\/ref-627946am\/","url":"https:\/\/trakesh.com\/notre-boutique\/scania\/ref-627946am\/","name":"R\u00e9f. : 627946AM - TRAKECH PARTS","isPartOf":{"@id":"https:\/\/trakesh.com\/#website"},"primaryImageOfPage":{"@id":"https:\/\/trakesh.com\/notre-boutique\/scania\/ref-627946am\/#primaryimage"},"image":{"@id":"https:\/\/trakesh.com\/notre-boutique\/scania\/ref-627946am\/#primaryimage"},"thumbnailUrl":"https:\/\/trakesh.com\/wp-content\/uploads\/2025\/08\/MA-2025-11-02T194448.849.png","datePublished":"2025-08-28T17:05:11+00:00","dateModified":"2025-11-02T18:45:41+00:00","breadcrumb":{"@id":"https:\/\/trakesh.com\/notre-boutique\/scania\/ref-627946am\/#breadcrumb"},"inLanguage":"ar","potentialAction":[{"@type":"ReadAction","target":["https:\/\/trakesh.com\/notre-boutique\/scania\/ref-627946am\/"]}]},{"@type":"ImageObject","inLanguage":"ar","@id":"https:\/\/trakesh.com\/notre-boutique\/scania\/ref-627946am\/#primaryimage","url":"https:\/\/trakesh.com\/wp-content\/uploads\/2025\/08\/MA-2025-11-02T194448.849.png","contentUrl":"https:\/\/trakesh.com\/wp-content\/uploads\/2025\/08\/MA-2025-11-02T194448.849.png","width":800,"height":800},{"@type":"BreadcrumbList","@id":"https:\/\/trakesh.com\/notre-boutique\/scania\/ref-627946am\/#breadcrumb","itemListElement":[{"@type":"ListItem","position":1,"name":"Home","item":"https:\/\/trakesh.com\/"},{"@type":"ListItem","position":2,"name":"Notre Boutique","item":"https:\/\/trakesh.com\/notre-boutique\/"},{"@type":"ListItem","position":3,"name":"R\u00e9f. : 627946AM"}]},{"@type":"WebSite","@id":"https:\/\/trakesh.com\/#website","url":"https:\/\/trakesh.com\/","name":"TRAKECH PARTS","description":"Pi\u00e8ces de rechange pour camions MAN, moteurs CATERPILLAR et PERKINS \u2013 Maroc","publisher":{"@id":"https:\/\/trakesh.com\/#organization"},"potentialAction":[{"@type":"SearchAction","target":{"@type":"EntryPoint","urlTemplate":"https:\/\/trakesh.com\/?s={search_term_string}"},"query-input":{"@type":"PropertyValueSpecification","valueRequired":true,"valueName":"search_term_string"}}],"inLanguage":"ar"},{"@type":"Organization","@id":"https:\/\/trakesh.com\/#organization","name":"TRAKECH PARTS","url":"https:\/\/trakesh.com\/","logo":{"@type":"ImageObject","inLanguage":"ar","@id":"https:\/\/trakesh.com\/#\/schema\/logo\/image\/","url":"https:\/\/trakesh.com\/wp-content\/uploads\/2025\/05\/cropped-cropped-cropped-cropped-cropped-cropped-cropped-trakesh-removebg-preview-1.png","contentUrl":"https:\/\/trakesh.com\/wp-content\/uploads\/2025\/05\/cropped-cropped-cropped-cropped-cropped-cropped-cropped-trakesh-removebg-preview-1.png","width":342,"height":96,"caption":"TRAKECH PARTS"},"image":{"@id":"https:\/\/trakesh.com\/#\/schema\/logo\/image\/"},"sameAs":["https:\/\/web.facebook.com\/trakechparts\/?locale=fr_FR","https:\/\/www.instagram.com\/trakech_parts\/"]}]}},"_links":{"self":[{"href":"https:\/\/trakesh.com\/ar\/wp-json\/wp\/v2\/product\/8808","targetHints":{"allow":["GET"]}}],"collection":[{"href":"https:\/\/trakesh.com\/ar\/wp-json\/wp\/v2\/product"}],"about":[{"href":"https:\/\/trakesh.com\/ar\/wp-json\/wp\/v2\/types\/product"}],"replies":[{"embeddable":true,"href":"https:\/\/trakesh.com\/ar\/wp-json\/wp\/v2\/comments?post=8808"}],"wp:featuredmedia":[{"embeddable":true,"href":"https:\/\/trakesh.com\/ar\/wp-json\/wp\/v2\/media\/9479"}],"wp:attachment":[{"href":"https:\/\/trakesh.com\/ar\/wp-json\/wp\/v2\/media?parent=8808"}],"wp:term":[{"taxonomy":"product_brand","embeddable":true,"href":"https:\/\/trakesh.com\/ar\/wp-json\/wp\/v2\/product_brand?post=8808"},{"taxonomy":"product_cat","embeddable":true,"href":"https:\/\/trakesh.com\/ar\/wp-json\/wp\/v2\/product_cat?post=8808"},{"taxonomy":"product_tag","embeddable":true,"href":"https:\/\/trakesh.com\/ar\/wp-json\/wp\/v2\/product_tag?post=8808"}],"curies":[{"name":"wp","href":"https:\/\/api.w.org\/{rel}","templated":true}]}}