{"id":8810,"date":"2025-08-30T21:23:27","date_gmt":"2025-08-30T20:23:27","guid":{"rendered":"https:\/\/trakesh.com\/?post_type=product&#038;p=8810"},"modified":"2025-11-02T18:27:59","modified_gmt":"2025-11-02T17:27:59","slug":"ref-4640061000","status":"publish","type":"product","link":"https:\/\/trakesh.com\/ar\/notre-boutique\/scania\/ref-4640061000\/","title":{"rendered":"R\u00e9f. : 4640061000"},"content":{"rendered":"<p data-start=\"965\" data-end=\"1238\"><strong>Description :<\/strong><br data-start=\"985\" data-end=\"988\" \/><strong>La soupape de commande WABCO 4640061000 est sp\u00e9cialement con\u00e7ue pour les v\u00e9hicules SCANIA. Elle garantit une r\u00e9gulation stable de l\u2019air comprim\u00e9, assurant un freinage progressif, fiable et conforme aux standards de s\u00e9curit\u00e9 les plus \u00e9lev\u00e9s.<\/strong><\/p>","protected":false},"excerpt":{"rendered":"<p><strong data-start=\"51\" data-end=\"82\">Soupape de commande \u2013 WABCO<\/strong><\/p>\n<p data-start=\"143\" data-end=\"166\"><strong data-start=\"145\" data-end=\"164\">Compatibilit\u00e9 :<\/strong><\/p>\n<ul data-start=\"167\" data-end=\"333\">\n<li data-start=\"167\" data-end=\"247\">\n<p data-start=\"169\" data-end=\"247\">Con\u00e7ue pour syst\u00e8mes de freinage <strong data-start=\"202\" data-end=\"212\">SCANIA<\/strong> \u00e9quip\u00e9s de composants <strong data-start=\"235\" data-end=\"244\">WABCO<\/strong>.<\/p>\n<\/li>\n<li data-start=\"248\" data-end=\"333\">\n<p data-start=\"250\" data-end=\"333\">Adapt\u00e9e aux poids lourds et bus n\u00e9cessitant un contr\u00f4le pr\u00e9cis de l\u2019air comprim\u00e9.<\/p>\n<\/li>\n<\/ul>\n<p data-start=\"335\" data-end=\"354\"><strong data-start=\"338\" data-end=\"352\">Fonction :<\/strong><\/p>\n<ul data-start=\"355\" data-end=\"550\">\n<li data-start=\"355\" data-end=\"412\">\n<p data-start=\"357\" data-end=\"412\">R\u00e9gule la pression d\u2019air dans le circuit pneumatique.<\/p>\n<\/li>\n<li data-start=\"413\" data-end=\"478\">\n<p data-start=\"415\" data-end=\"478\">Assure la commande et la distribution fiable pour les freins.<\/p>\n<\/li>\n<li data-start=\"479\" data-end=\"550\">\n<p data-start=\"481\" data-end=\"550\">Contribue \u00e0 la s\u00e9curit\u00e9 et \u00e0 la performance du syst\u00e8me de freinage.<\/p>\n<\/li>\n<\/ul>\n<p data-start=\"552\" data-end=\"589\"><strong data-start=\"554\" data-end=\"587\">Caract\u00e9ristiques techniques :<\/strong><\/p>\n<ul data-start=\"590\" data-end=\"747\">\n<li data-start=\"590\" data-end=\"615\">\n<p data-start=\"592\" data-end=\"615\">Fabricant : <strong data-start=\"604\" data-end=\"613\">WABCO<\/strong><\/p>\n<\/li>\n<li data-start=\"616\" data-end=\"646\">\n<p data-start=\"618\" data-end=\"646\">R\u00e9f\u00e9rence : <strong data-start=\"630\" data-end=\"644\">4640061000<\/strong><\/p>\n<\/li>\n<li data-start=\"647\" data-end=\"701\">\n<p data-start=\"649\" data-end=\"701\">Type : <strong data-start=\"656\" data-end=\"699\">Soupape de commande \/ Valve de contr\u00f4le<\/strong><\/p>\n<\/li>\n<li data-start=\"702\" data-end=\"747\">\n<p data-start=\"704\" data-end=\"747\">Usage : Gestion du circuit d\u2019air comprim\u00e9<\/p>\n<\/li>\n<\/ul>\n<p data-start=\"749\" data-end=\"772\"><strong data-start=\"752\" data-end=\"770\">Installation :<\/strong><\/p>\n<ul data-start=\"773\" data-end=\"963\">\n<li data-start=\"773\" data-end=\"829\">\n<p data-start=\"775\" data-end=\"829\">Remplacement direct de la pi\u00e8ce us\u00e9e ou d\u00e9fectueuse.<\/p>\n<\/li>\n<li data-start=\"830\" data-end=\"889\">\n<p data-start=\"832\" data-end=\"889\">V\u00e9rification des connexions pneumatiques et \u00e9tanch\u00e9it\u00e9.<\/p>\n<\/li>\n<li data-start=\"890\" data-end=\"963\">\n<p data-start=\"892\" data-end=\"963\">Test du syst\u00e8me apr\u00e8s montage pour assurer un fonctionnement optimal.<\/p>\n<\/li>\n<\/ul>","protected":false},"featured_media":9474,"comment_status":"open","ping_status":"closed","template":"","meta":[],"product_brand":[77],"product_cat":[72],"product_tag":[],"class_list":{"0":"post-8810","1":"product","2":"type-product","3":"status-publish","4":"has-post-thumbnail","6":"product_brand-wbc","7":"product_cat-scania","9":"first","10":"instock","11":"shipping-taxable","12":"product-type-simple"},"yoast_head":"<!-- This site is optimized with the Yoast SEO plugin v25.5 - https:\/\/yoast.com\/wordpress\/plugins\/seo\/ -->\n<title>R\u00e9f. : 4640061000 - TRAKECH PARTS<\/title>\n<meta name=\"robots\" content=\"index, follow, max-snippet:-1, max-image-preview:large, max-video-preview:-1\" \/>\n<link rel=\"canonical\" href=\"https:\/\/trakesh.com\/ar\/notre-boutique\/scania\/ref-4640061000\/\" \/>\n<meta property=\"og:locale\" content=\"ar_AR\" \/>\n<meta property=\"og:type\" content=\"article\" \/>\n<meta property=\"og:title\" content=\"R\u00e9f. : 4640061000 - TRAKECH PARTS\" \/>\n<meta property=\"og:description\" content=\"Soupape de commande \u2013 WABCO Compatibilit\u00e9 :     Con\u00e7ue pour syst\u00e8mes de freinage SCANIA \u00e9quip\u00e9s de composants WABCO.    Adapt\u00e9e aux poids lourds et bus n\u00e9cessitant un contr\u00f4le pr\u00e9cis de l\u2019air comprim\u00e9.   Fonction :     R\u00e9gule la pression d\u2019air dans le circuit pneumatique.    Assure la commande et la distribution fiable pour les freins.    Contribue \u00e0 la s\u00e9curit\u00e9 et \u00e0 la performance du syst\u00e8me de freinage.   Caract\u00e9ristiques techniques :     Fabricant : WABCO    R\u00e9f\u00e9rence : 4640061000    Type : Soupape de commande \/ Valve de contr\u00f4le    Usage : Gestion du circuit d\u2019air comprim\u00e9   Installation :     Remplacement direct de la pi\u00e8ce us\u00e9e ou d\u00e9fectueuse.    V\u00e9rification des connexions pneumatiques et \u00e9tanch\u00e9it\u00e9.    Test du syst\u00e8me apr\u00e8s montage pour assurer un fonctionnement optimal.\" \/>\n<meta property=\"og:url\" content=\"https:\/\/trakesh.com\/ar\/notre-boutique\/scania\/ref-4640061000\/\" \/>\n<meta property=\"og:site_name\" content=\"TRAKECH PARTS\" \/>\n<meta property=\"article:publisher\" content=\"https:\/\/web.facebook.com\/trakechparts\/?locale=fr_FR\" \/>\n<meta property=\"article:modified_time\" content=\"2025-11-02T17:27:59+00:00\" \/>\n<meta property=\"og:image\" content=\"https:\/\/trakesh.com\/wp-content\/uploads\/2025\/08\/34.png\" \/>\n\t<meta property=\"og:image:width\" content=\"800\" \/>\n\t<meta property=\"og:image:height\" content=\"800\" \/>\n\t<meta property=\"og:image:type\" content=\"image\/png\" \/>\n<meta name=\"twitter:card\" content=\"summary_large_image\" \/>\n<meta name=\"twitter:label1\" content=\"\u0648\u0642\u062a \u0627\u0644\u0642\u0631\u0627\u0621\u0629 \u0627\u0644\u0645\u064f\u0642\u062f\u0651\u0631\" \/>\n\t<meta name=\"twitter:data1\" content=\"\u062f\u0642\u064a\u0642\u0629 \u0648\u0627\u062d\u062f\u0629\" \/>\n<script type=\"application\/ld+json\" class=\"yoast-schema-graph\">{\"@context\":\"https:\/\/schema.org\",\"@graph\":[{\"@type\":\"WebPage\",\"@id\":\"https:\/\/trakesh.com\/notre-boutique\/scania\/ref-4640061000\/\",\"url\":\"https:\/\/trakesh.com\/notre-boutique\/scania\/ref-4640061000\/\",\"name\":\"R\u00e9f. : 4640061000 - TRAKECH PARTS\",\"isPartOf\":{\"@id\":\"https:\/\/trakesh.com\/#website\"},\"primaryImageOfPage\":{\"@id\":\"https:\/\/trakesh.com\/notre-boutique\/scania\/ref-4640061000\/#primaryimage\"},\"image\":{\"@id\":\"https:\/\/trakesh.com\/notre-boutique\/scania\/ref-4640061000\/#primaryimage\"},\"thumbnailUrl\":\"https:\/\/trakesh.com\/wp-content\/uploads\/2025\/08\/34.png\",\"datePublished\":\"2025-08-30T20:23:27+00:00\",\"dateModified\":\"2025-11-02T17:27:59+00:00\",\"breadcrumb\":{\"@id\":\"https:\/\/trakesh.com\/notre-boutique\/scania\/ref-4640061000\/#breadcrumb\"},\"inLanguage\":\"ar\",\"potentialAction\":[{\"@type\":\"ReadAction\",\"target\":[\"https:\/\/trakesh.com\/notre-boutique\/scania\/ref-4640061000\/\"]}]},{\"@type\":\"ImageObject\",\"inLanguage\":\"ar\",\"@id\":\"https:\/\/trakesh.com\/notre-boutique\/scania\/ref-4640061000\/#primaryimage\",\"url\":\"https:\/\/trakesh.com\/wp-content\/uploads\/2025\/08\/34.png\",\"contentUrl\":\"https:\/\/trakesh.com\/wp-content\/uploads\/2025\/08\/34.png\",\"width\":800,\"height\":800},{\"@type\":\"BreadcrumbList\",\"@id\":\"https:\/\/trakesh.com\/notre-boutique\/scania\/ref-4640061000\/#breadcrumb\",\"itemListElement\":[{\"@type\":\"ListItem\",\"position\":1,\"name\":\"Home\",\"item\":\"https:\/\/trakesh.com\/\"},{\"@type\":\"ListItem\",\"position\":2,\"name\":\"Notre Boutique\",\"item\":\"https:\/\/trakesh.com\/notre-boutique\/\"},{\"@type\":\"ListItem\",\"position\":3,\"name\":\"R\u00e9f. : 4640061000\"}]},{\"@type\":\"WebSite\",\"@id\":\"https:\/\/trakesh.com\/#website\",\"url\":\"https:\/\/trakesh.com\/\",\"name\":\"TRAKECH PARTS\",\"description\":\"Pi\u00e8ces de rechange pour camions MAN, moteurs CATERPILLAR et PERKINS \u2013 Maroc\",\"publisher\":{\"@id\":\"https:\/\/trakesh.com\/#organization\"},\"potentialAction\":[{\"@type\":\"SearchAction\",\"target\":{\"@type\":\"EntryPoint\",\"urlTemplate\":\"https:\/\/trakesh.com\/?s={search_term_string}\"},\"query-input\":{\"@type\":\"PropertyValueSpecification\",\"valueRequired\":true,\"valueName\":\"search_term_string\"}}],\"inLanguage\":\"ar\"},{\"@type\":\"Organization\",\"@id\":\"https:\/\/trakesh.com\/#organization\",\"name\":\"TRAKECH PARTS\",\"url\":\"https:\/\/trakesh.com\/\",\"logo\":{\"@type\":\"ImageObject\",\"inLanguage\":\"ar\",\"@id\":\"https:\/\/trakesh.com\/#\/schema\/logo\/image\/\",\"url\":\"https:\/\/trakesh.com\/wp-content\/uploads\/2025\/05\/cropped-cropped-cropped-cropped-cropped-cropped-cropped-trakesh-removebg-preview-1.png\",\"contentUrl\":\"https:\/\/trakesh.com\/wp-content\/uploads\/2025\/05\/cropped-cropped-cropped-cropped-cropped-cropped-cropped-trakesh-removebg-preview-1.png\",\"width\":342,\"height\":96,\"caption\":\"TRAKECH PARTS\"},\"image\":{\"@id\":\"https:\/\/trakesh.com\/#\/schema\/logo\/image\/\"},\"sameAs\":[\"https:\/\/web.facebook.com\/trakechparts\/?locale=fr_FR\",\"https:\/\/www.instagram.com\/trakech_parts\/\"]}]}<\/script>\n<!-- \/ Yoast SEO plugin. -->","yoast_head_json":{"title":"R\u00e9f. : 4640061000 - TRAKECH PARTS","robots":{"index":"index","follow":"follow","max-snippet":"max-snippet:-1","max-image-preview":"max-image-preview:large","max-video-preview":"max-video-preview:-1"},"canonical":"https:\/\/trakesh.com\/ar\/notre-boutique\/scania\/ref-4640061000\/","og_locale":"ar_AR","og_type":"article","og_title":"R\u00e9f. : 4640061000 - TRAKECH PARTS","og_description":"Soupape de commande \u2013 WABCO Compatibilit\u00e9 :     Con\u00e7ue pour syst\u00e8mes de freinage SCANIA \u00e9quip\u00e9s de composants WABCO.    Adapt\u00e9e aux poids lourds et bus n\u00e9cessitant un contr\u00f4le pr\u00e9cis de l\u2019air comprim\u00e9.   Fonction :     R\u00e9gule la pression d\u2019air dans le circuit pneumatique.    Assure la commande et la distribution fiable pour les freins.    Contribue \u00e0 la s\u00e9curit\u00e9 et \u00e0 la performance du syst\u00e8me de freinage.   Caract\u00e9ristiques techniques :     Fabricant : WABCO    R\u00e9f\u00e9rence : 4640061000    Type : Soupape de commande \/ Valve de contr\u00f4le    Usage : Gestion du circuit d\u2019air comprim\u00e9   Installation :     Remplacement direct de la pi\u00e8ce us\u00e9e ou d\u00e9fectueuse.    V\u00e9rification des connexions pneumatiques et \u00e9tanch\u00e9it\u00e9.    Test du syst\u00e8me apr\u00e8s montage pour assurer un fonctionnement optimal.","og_url":"https:\/\/trakesh.com\/ar\/notre-boutique\/scania\/ref-4640061000\/","og_site_name":"TRAKECH PARTS","article_publisher":"https:\/\/web.facebook.com\/trakechparts\/?locale=fr_FR","article_modified_time":"2025-11-02T17:27:59+00:00","og_image":[{"width":800,"height":800,"url":"https:\/\/trakesh.com\/wp-content\/uploads\/2025\/08\/34.png","type":"image\/png"}],"twitter_card":"summary_large_image","twitter_misc":{"\u0648\u0642\u062a \u0627\u0644\u0642\u0631\u0627\u0621\u0629 \u0627\u0644\u0645\u064f\u0642\u062f\u0651\u0631":"\u062f\u0642\u064a\u0642\u0629 \u0648\u0627\u062d\u062f\u0629"},"schema":{"@context":"https:\/\/schema.org","@graph":[{"@type":"WebPage","@id":"https:\/\/trakesh.com\/notre-boutique\/scania\/ref-4640061000\/","url":"https:\/\/trakesh.com\/notre-boutique\/scania\/ref-4640061000\/","name":"R\u00e9f. : 4640061000 - TRAKECH PARTS","isPartOf":{"@id":"https:\/\/trakesh.com\/#website"},"primaryImageOfPage":{"@id":"https:\/\/trakesh.com\/notre-boutique\/scania\/ref-4640061000\/#primaryimage"},"image":{"@id":"https:\/\/trakesh.com\/notre-boutique\/scania\/ref-4640061000\/#primaryimage"},"thumbnailUrl":"https:\/\/trakesh.com\/wp-content\/uploads\/2025\/08\/34.png","datePublished":"2025-08-30T20:23:27+00:00","dateModified":"2025-11-02T17:27:59+00:00","breadcrumb":{"@id":"https:\/\/trakesh.com\/notre-boutique\/scania\/ref-4640061000\/#breadcrumb"},"inLanguage":"ar","potentialAction":[{"@type":"ReadAction","target":["https:\/\/trakesh.com\/notre-boutique\/scania\/ref-4640061000\/"]}]},{"@type":"ImageObject","inLanguage":"ar","@id":"https:\/\/trakesh.com\/notre-boutique\/scania\/ref-4640061000\/#primaryimage","url":"https:\/\/trakesh.com\/wp-content\/uploads\/2025\/08\/34.png","contentUrl":"https:\/\/trakesh.com\/wp-content\/uploads\/2025\/08\/34.png","width":800,"height":800},{"@type":"BreadcrumbList","@id":"https:\/\/trakesh.com\/notre-boutique\/scania\/ref-4640061000\/#breadcrumb","itemListElement":[{"@type":"ListItem","position":1,"name":"Home","item":"https:\/\/trakesh.com\/"},{"@type":"ListItem","position":2,"name":"Notre Boutique","item":"https:\/\/trakesh.com\/notre-boutique\/"},{"@type":"ListItem","position":3,"name":"R\u00e9f. : 4640061000"}]},{"@type":"WebSite","@id":"https:\/\/trakesh.com\/#website","url":"https:\/\/trakesh.com\/","name":"TRAKECH PARTS","description":"Pi\u00e8ces de rechange pour camions MAN, moteurs CATERPILLAR et PERKINS \u2013 Maroc","publisher":{"@id":"https:\/\/trakesh.com\/#organization"},"potentialAction":[{"@type":"SearchAction","target":{"@type":"EntryPoint","urlTemplate":"https:\/\/trakesh.com\/?s={search_term_string}"},"query-input":{"@type":"PropertyValueSpecification","valueRequired":true,"valueName":"search_term_string"}}],"inLanguage":"ar"},{"@type":"Organization","@id":"https:\/\/trakesh.com\/#organization","name":"TRAKECH PARTS","url":"https:\/\/trakesh.com\/","logo":{"@type":"ImageObject","inLanguage":"ar","@id":"https:\/\/trakesh.com\/#\/schema\/logo\/image\/","url":"https:\/\/trakesh.com\/wp-content\/uploads\/2025\/05\/cropped-cropped-cropped-cropped-cropped-cropped-cropped-trakesh-removebg-preview-1.png","contentUrl":"https:\/\/trakesh.com\/wp-content\/uploads\/2025\/05\/cropped-cropped-cropped-cropped-cropped-cropped-cropped-trakesh-removebg-preview-1.png","width":342,"height":96,"caption":"TRAKECH PARTS"},"image":{"@id":"https:\/\/trakesh.com\/#\/schema\/logo\/image\/"},"sameAs":["https:\/\/web.facebook.com\/trakechparts\/?locale=fr_FR","https:\/\/www.instagram.com\/trakech_parts\/"]}]}},"_links":{"self":[{"href":"https:\/\/trakesh.com\/ar\/wp-json\/wp\/v2\/product\/8810","targetHints":{"allow":["GET"]}}],"collection":[{"href":"https:\/\/trakesh.com\/ar\/wp-json\/wp\/v2\/product"}],"about":[{"href":"https:\/\/trakesh.com\/ar\/wp-json\/wp\/v2\/types\/product"}],"replies":[{"embeddable":true,"href":"https:\/\/trakesh.com\/ar\/wp-json\/wp\/v2\/comments?post=8810"}],"wp:featuredmedia":[{"embeddable":true,"href":"https:\/\/trakesh.com\/ar\/wp-json\/wp\/v2\/media\/9474"}],"wp:attachment":[{"href":"https:\/\/trakesh.com\/ar\/wp-json\/wp\/v2\/media?parent=8810"}],"wp:term":[{"taxonomy":"product_brand","embeddable":true,"href":"https:\/\/trakesh.com\/ar\/wp-json\/wp\/v2\/product_brand?post=8810"},{"taxonomy":"product_cat","embeddable":true,"href":"https:\/\/trakesh.com\/ar\/wp-json\/wp\/v2\/product_cat?post=8810"},{"taxonomy":"product_tag","embeddable":true,"href":"https:\/\/trakesh.com\/ar\/wp-json\/wp\/v2\/product_tag?post=8810"}],"curies":[{"name":"wp","href":"https:\/\/api.w.org\/{rel}","templated":true}]}}