{"id":8822,"date":"2025-08-31T19:02:42","date_gmt":"2025-08-31T18:02:42","guid":{"rendered":"https:\/\/trakesh.com\/?post_type=product&#038;p=8822"},"modified":"2025-11-02T17:54:13","modified_gmt":"2025-11-02T16:54:13","slug":"ref-51055040107","status":"publish","type":"product","link":"https:\/\/trakesh.com\/ar\/notre-boutique\/man\/ref-51055040107\/","title":{"rendered":"REF : 51055040107"},"content":{"rendered":"<p><strong>Description : Filtre \u00e0 carburant d\u2019origine MAN, con\u00e7u pour assurer une filtration optimale du gasoil.<\/strong><\/p>","protected":false},"excerpt":{"rendered":"<p><strong>Filtre \u00e0 gasoil\u00a0<\/strong><\/p>\n<p data-start=\"357\" data-end=\"381\"><strong data-start=\"360\" data-end=\"377\">Compatibilit\u00e9<\/strong> :<\/p>\n<ul data-start=\"382\" data-end=\"477\">\n<li data-start=\"382\" data-end=\"422\">\n<p data-start=\"384\" data-end=\"422\">Camions MAN (gammes TGX, TGS, TGA \u2026)<\/p>\n<\/li>\n<li data-start=\"423\" data-end=\"477\">\n<p data-start=\"425\" data-end=\"477\">Certains bus MAN \u00e9quip\u00e9s des moteurs MAN D20 \/ D26<\/p>\n<\/li>\n<\/ul>\n<p data-start=\"479\" data-end=\"498\">\ud83d\udd39 <strong data-start=\"482\" data-end=\"494\">Fonction<\/strong> :<\/p>\n<ul data-start=\"499\" data-end=\"734\">\n<li data-start=\"499\" data-end=\"584\">\n<p data-start=\"501\" data-end=\"584\">Filtration des impuret\u00e9s, particules et traces d\u2019eau contenues dans le carburant.<\/p>\n<\/li>\n<li data-start=\"585\" data-end=\"668\">\n<p data-start=\"587\" data-end=\"668\">Protection de la pompe d\u2019injection et des injecteurs contre l\u2019usure pr\u00e9matur\u00e9e.<\/p>\n<\/li>\n<li data-start=\"669\" data-end=\"734\">\n<p data-start=\"671\" data-end=\"734\">Am\u00e9lioration de la performance et de la durabilit\u00e9 du moteur.<\/p>\n<\/li>\n<\/ul>\n<p data-start=\"736\" data-end=\"759\">\ud83d\udd39 <strong data-start=\"739\" data-end=\"755\">Applications<\/strong> :<\/p>\n<ul data-start=\"760\" data-end=\"939\">\n<li data-start=\"760\" data-end=\"848\">\n<p data-start=\"762\" data-end=\"848\">Utilis\u00e9 dans les syst\u00e8mes d\u2019alimentation en carburant des v\u00e9hicules industriels MAN.<\/p>\n<\/li>\n<li data-start=\"849\" data-end=\"939\">\n<p data-start=\"851\" data-end=\"939\">Principalement destin\u00e9 aux poids lourds MAN pour le transport routier longue distance.<\/p>\n<\/li>\n<\/ul>\n<p data-start=\"941\" data-end=\"964\">\ud83d\udd39 <strong data-start=\"944\" data-end=\"960\">Installation<\/strong> :<\/p>\n<ul data-start=\"965\" data-end=\"1216\">\n<li data-start=\"965\" data-end=\"1050\">\n<p data-start=\"967\" data-end=\"1050\">\u00c0 monter dans le circuit d\u2019alimentation de carburant, avant la pompe d\u2019injection.<\/p>\n<\/li>\n<li data-start=\"1051\" data-end=\"1128\">\n<p data-start=\"1053\" data-end=\"1128\">Remplacement simple, n\u00e9cessite la purge du syst\u00e8me afin d\u2019\u00e9liminer l\u2019air.<\/p>\n<\/li>\n<li data-start=\"1129\" data-end=\"1216\">\n<p data-start=\"1131\" data-end=\"1216\">Recommand\u00e9 de le changer suivant les intervalles de maintenance constructeur (MAN).<\/p>\n<\/li>\n<\/ul>","protected":false},"featured_media":9464,"comment_status":"open","ping_status":"closed","template":"","meta":[],"product_brand":[284],"product_cat":[76],"product_tag":[],"class_list":{"0":"post-8822","1":"product","2":"type-product","3":"status-publish","4":"has-post-thumbnail","6":"product_brand-man","7":"product_cat-man","9":"first","10":"instock","11":"shipping-taxable","12":"product-type-simple"},"yoast_head":"<!-- This site is optimized with the Yoast SEO plugin v25.5 - https:\/\/yoast.com\/wordpress\/plugins\/seo\/ -->\n<title>REF : 51055040107 - TRAKECH PARTS<\/title>\n<meta name=\"robots\" content=\"index, follow, max-snippet:-1, max-image-preview:large, max-video-preview:-1\" \/>\n<link rel=\"canonical\" href=\"https:\/\/trakesh.com\/ar\/notre-boutique\/man\/ref-51055040107\/\" \/>\n<meta property=\"og:locale\" content=\"ar_AR\" \/>\n<meta property=\"og:type\" content=\"article\" \/>\n<meta property=\"og:title\" content=\"REF : 51055040107 - TRAKECH PARTS\" \/>\n<meta property=\"og:description\" content=\"Filtre \u00e0 gasoil\u00a0 Compatibilit\u00e9 :     Camions MAN (gammes TGX, TGS, TGA \u2026)    Certains bus MAN \u00e9quip\u00e9s des moteurs MAN D20 \/ D26   \ud83d\udd39 Fonction :     Filtration des impuret\u00e9s, particules et traces d\u2019eau contenues dans le carburant.    Protection de la pompe d\u2019injection et des injecteurs contre l\u2019usure pr\u00e9matur\u00e9e.    Am\u00e9lioration de la performance et de la durabilit\u00e9 du moteur.   \ud83d\udd39 Applications :     Utilis\u00e9 dans les syst\u00e8mes d\u2019alimentation en carburant des v\u00e9hicules industriels MAN.    Principalement destin\u00e9 aux poids lourds MAN pour le transport routier longue distance.   \ud83d\udd39 Installation :     \u00c0 monter dans le circuit d\u2019alimentation de carburant, avant la pompe d\u2019injection.    Remplacement simple, n\u00e9cessite la purge du syst\u00e8me afin d\u2019\u00e9liminer l\u2019air.    Recommand\u00e9 de le changer suivant les intervalles de maintenance constructeur (MAN).\" \/>\n<meta property=\"og:url\" content=\"https:\/\/trakesh.com\/ar\/notre-boutique\/man\/ref-51055040107\/\" \/>\n<meta property=\"og:site_name\" content=\"TRAKECH PARTS\" \/>\n<meta property=\"article:publisher\" content=\"https:\/\/web.facebook.com\/trakechparts\/?locale=fr_FR\" \/>\n<meta property=\"article:modified_time\" content=\"2025-11-02T16:54:13+00:00\" \/>\n<meta property=\"og:image\" content=\"https:\/\/trakesh.com\/wp-content\/uploads\/2025\/08\/MA-2025-11-02T175339.807.png\" \/>\n\t<meta property=\"og:image:width\" content=\"800\" \/>\n\t<meta property=\"og:image:height\" content=\"800\" \/>\n\t<meta property=\"og:image:type\" content=\"image\/png\" \/>\n<meta name=\"twitter:card\" content=\"summary_large_image\" \/>\n<meta name=\"twitter:label1\" content=\"\u0648\u0642\u062a \u0627\u0644\u0642\u0631\u0627\u0621\u0629 \u0627\u0644\u0645\u064f\u0642\u062f\u0651\u0631\" \/>\n\t<meta name=\"twitter:data1\" content=\"\u062f\u0642\u064a\u0642\u0629 \u0648\u0627\u062d\u062f\u0629\" \/>\n<script type=\"application\/ld+json\" class=\"yoast-schema-graph\">{\"@context\":\"https:\/\/schema.org\",\"@graph\":[{\"@type\":\"WebPage\",\"@id\":\"https:\/\/trakesh.com\/notre-boutique\/man\/ref-51055040107\/\",\"url\":\"https:\/\/trakesh.com\/notre-boutique\/man\/ref-51055040107\/\",\"name\":\"REF : 51055040107 - TRAKECH PARTS\",\"isPartOf\":{\"@id\":\"https:\/\/trakesh.com\/#website\"},\"primaryImageOfPage\":{\"@id\":\"https:\/\/trakesh.com\/notre-boutique\/man\/ref-51055040107\/#primaryimage\"},\"image\":{\"@id\":\"https:\/\/trakesh.com\/notre-boutique\/man\/ref-51055040107\/#primaryimage\"},\"thumbnailUrl\":\"https:\/\/trakesh.com\/wp-content\/uploads\/2025\/08\/MA-2025-11-02T175339.807.png\",\"datePublished\":\"2025-08-31T18:02:42+00:00\",\"dateModified\":\"2025-11-02T16:54:13+00:00\",\"breadcrumb\":{\"@id\":\"https:\/\/trakesh.com\/notre-boutique\/man\/ref-51055040107\/#breadcrumb\"},\"inLanguage\":\"ar\",\"potentialAction\":[{\"@type\":\"ReadAction\",\"target\":[\"https:\/\/trakesh.com\/notre-boutique\/man\/ref-51055040107\/\"]}]},{\"@type\":\"ImageObject\",\"inLanguage\":\"ar\",\"@id\":\"https:\/\/trakesh.com\/notre-boutique\/man\/ref-51055040107\/#primaryimage\",\"url\":\"https:\/\/trakesh.com\/wp-content\/uploads\/2025\/08\/MA-2025-11-02T175339.807.png\",\"contentUrl\":\"https:\/\/trakesh.com\/wp-content\/uploads\/2025\/08\/MA-2025-11-02T175339.807.png\",\"width\":800,\"height\":800},{\"@type\":\"BreadcrumbList\",\"@id\":\"https:\/\/trakesh.com\/notre-boutique\/man\/ref-51055040107\/#breadcrumb\",\"itemListElement\":[{\"@type\":\"ListItem\",\"position\":1,\"name\":\"Home\",\"item\":\"https:\/\/trakesh.com\/\"},{\"@type\":\"ListItem\",\"position\":2,\"name\":\"Notre Boutique\",\"item\":\"https:\/\/trakesh.com\/notre-boutique\/\"},{\"@type\":\"ListItem\",\"position\":3,\"name\":\"REF : 51055040107\"}]},{\"@type\":\"WebSite\",\"@id\":\"https:\/\/trakesh.com\/#website\",\"url\":\"https:\/\/trakesh.com\/\",\"name\":\"TRAKECH PARTS\",\"description\":\"Pi\u00e8ces de rechange pour camions MAN, moteurs CATERPILLAR et PERKINS \u2013 Maroc\",\"publisher\":{\"@id\":\"https:\/\/trakesh.com\/#organization\"},\"potentialAction\":[{\"@type\":\"SearchAction\",\"target\":{\"@type\":\"EntryPoint\",\"urlTemplate\":\"https:\/\/trakesh.com\/?s={search_term_string}\"},\"query-input\":{\"@type\":\"PropertyValueSpecification\",\"valueRequired\":true,\"valueName\":\"search_term_string\"}}],\"inLanguage\":\"ar\"},{\"@type\":\"Organization\",\"@id\":\"https:\/\/trakesh.com\/#organization\",\"name\":\"TRAKECH PARTS\",\"url\":\"https:\/\/trakesh.com\/\",\"logo\":{\"@type\":\"ImageObject\",\"inLanguage\":\"ar\",\"@id\":\"https:\/\/trakesh.com\/#\/schema\/logo\/image\/\",\"url\":\"https:\/\/trakesh.com\/wp-content\/uploads\/2025\/05\/cropped-cropped-cropped-cropped-cropped-cropped-cropped-trakesh-removebg-preview-1.png\",\"contentUrl\":\"https:\/\/trakesh.com\/wp-content\/uploads\/2025\/05\/cropped-cropped-cropped-cropped-cropped-cropped-cropped-trakesh-removebg-preview-1.png\",\"width\":342,\"height\":96,\"caption\":\"TRAKECH PARTS\"},\"image\":{\"@id\":\"https:\/\/trakesh.com\/#\/schema\/logo\/image\/\"},\"sameAs\":[\"https:\/\/web.facebook.com\/trakechparts\/?locale=fr_FR\",\"https:\/\/www.instagram.com\/trakech_parts\/\"]}]}<\/script>\n<!-- \/ Yoast SEO plugin. -->","yoast_head_json":{"title":"REF : 51055040107 - TRAKECH PARTS","robots":{"index":"index","follow":"follow","max-snippet":"max-snippet:-1","max-image-preview":"max-image-preview:large","max-video-preview":"max-video-preview:-1"},"canonical":"https:\/\/trakesh.com\/ar\/notre-boutique\/man\/ref-51055040107\/","og_locale":"ar_AR","og_type":"article","og_title":"REF : 51055040107 - TRAKECH PARTS","og_description":"Filtre \u00e0 gasoil\u00a0 Compatibilit\u00e9 :     Camions MAN (gammes TGX, TGS, TGA \u2026)    Certains bus MAN \u00e9quip\u00e9s des moteurs MAN D20 \/ D26   \ud83d\udd39 Fonction :     Filtration des impuret\u00e9s, particules et traces d\u2019eau contenues dans le carburant.    Protection de la pompe d\u2019injection et des injecteurs contre l\u2019usure pr\u00e9matur\u00e9e.    Am\u00e9lioration de la performance et de la durabilit\u00e9 du moteur.   \ud83d\udd39 Applications :     Utilis\u00e9 dans les syst\u00e8mes d\u2019alimentation en carburant des v\u00e9hicules industriels MAN.    Principalement destin\u00e9 aux poids lourds MAN pour le transport routier longue distance.   \ud83d\udd39 Installation :     \u00c0 monter dans le circuit d\u2019alimentation de carburant, avant la pompe d\u2019injection.    Remplacement simple, n\u00e9cessite la purge du syst\u00e8me afin d\u2019\u00e9liminer l\u2019air.    Recommand\u00e9 de le changer suivant les intervalles de maintenance constructeur (MAN).","og_url":"https:\/\/trakesh.com\/ar\/notre-boutique\/man\/ref-51055040107\/","og_site_name":"TRAKECH PARTS","article_publisher":"https:\/\/web.facebook.com\/trakechparts\/?locale=fr_FR","article_modified_time":"2025-11-02T16:54:13+00:00","og_image":[{"width":800,"height":800,"url":"https:\/\/trakesh.com\/wp-content\/uploads\/2025\/08\/MA-2025-11-02T175339.807.png","type":"image\/png"}],"twitter_card":"summary_large_image","twitter_misc":{"\u0648\u0642\u062a \u0627\u0644\u0642\u0631\u0627\u0621\u0629 \u0627\u0644\u0645\u064f\u0642\u062f\u0651\u0631":"\u062f\u0642\u064a\u0642\u0629 \u0648\u0627\u062d\u062f\u0629"},"schema":{"@context":"https:\/\/schema.org","@graph":[{"@type":"WebPage","@id":"https:\/\/trakesh.com\/notre-boutique\/man\/ref-51055040107\/","url":"https:\/\/trakesh.com\/notre-boutique\/man\/ref-51055040107\/","name":"REF : 51055040107 - TRAKECH PARTS","isPartOf":{"@id":"https:\/\/trakesh.com\/#website"},"primaryImageOfPage":{"@id":"https:\/\/trakesh.com\/notre-boutique\/man\/ref-51055040107\/#primaryimage"},"image":{"@id":"https:\/\/trakesh.com\/notre-boutique\/man\/ref-51055040107\/#primaryimage"},"thumbnailUrl":"https:\/\/trakesh.com\/wp-content\/uploads\/2025\/08\/MA-2025-11-02T175339.807.png","datePublished":"2025-08-31T18:02:42+00:00","dateModified":"2025-11-02T16:54:13+00:00","breadcrumb":{"@id":"https:\/\/trakesh.com\/notre-boutique\/man\/ref-51055040107\/#breadcrumb"},"inLanguage":"ar","potentialAction":[{"@type":"ReadAction","target":["https:\/\/trakesh.com\/notre-boutique\/man\/ref-51055040107\/"]}]},{"@type":"ImageObject","inLanguage":"ar","@id":"https:\/\/trakesh.com\/notre-boutique\/man\/ref-51055040107\/#primaryimage","url":"https:\/\/trakesh.com\/wp-content\/uploads\/2025\/08\/MA-2025-11-02T175339.807.png","contentUrl":"https:\/\/trakesh.com\/wp-content\/uploads\/2025\/08\/MA-2025-11-02T175339.807.png","width":800,"height":800},{"@type":"BreadcrumbList","@id":"https:\/\/trakesh.com\/notre-boutique\/man\/ref-51055040107\/#breadcrumb","itemListElement":[{"@type":"ListItem","position":1,"name":"Home","item":"https:\/\/trakesh.com\/"},{"@type":"ListItem","position":2,"name":"Notre Boutique","item":"https:\/\/trakesh.com\/notre-boutique\/"},{"@type":"ListItem","position":3,"name":"REF : 51055040107"}]},{"@type":"WebSite","@id":"https:\/\/trakesh.com\/#website","url":"https:\/\/trakesh.com\/","name":"TRAKECH PARTS","description":"Pi\u00e8ces de rechange pour camions MAN, moteurs CATERPILLAR et PERKINS \u2013 Maroc","publisher":{"@id":"https:\/\/trakesh.com\/#organization"},"potentialAction":[{"@type":"SearchAction","target":{"@type":"EntryPoint","urlTemplate":"https:\/\/trakesh.com\/?s={search_term_string}"},"query-input":{"@type":"PropertyValueSpecification","valueRequired":true,"valueName":"search_term_string"}}],"inLanguage":"ar"},{"@type":"Organization","@id":"https:\/\/trakesh.com\/#organization","name":"TRAKECH PARTS","url":"https:\/\/trakesh.com\/","logo":{"@type":"ImageObject","inLanguage":"ar","@id":"https:\/\/trakesh.com\/#\/schema\/logo\/image\/","url":"https:\/\/trakesh.com\/wp-content\/uploads\/2025\/05\/cropped-cropped-cropped-cropped-cropped-cropped-cropped-trakesh-removebg-preview-1.png","contentUrl":"https:\/\/trakesh.com\/wp-content\/uploads\/2025\/05\/cropped-cropped-cropped-cropped-cropped-cropped-cropped-trakesh-removebg-preview-1.png","width":342,"height":96,"caption":"TRAKECH PARTS"},"image":{"@id":"https:\/\/trakesh.com\/#\/schema\/logo\/image\/"},"sameAs":["https:\/\/web.facebook.com\/trakechparts\/?locale=fr_FR","https:\/\/www.instagram.com\/trakech_parts\/"]}]}},"_links":{"self":[{"href":"https:\/\/trakesh.com\/ar\/wp-json\/wp\/v2\/product\/8822","targetHints":{"allow":["GET"]}}],"collection":[{"href":"https:\/\/trakesh.com\/ar\/wp-json\/wp\/v2\/product"}],"about":[{"href":"https:\/\/trakesh.com\/ar\/wp-json\/wp\/v2\/types\/product"}],"replies":[{"embeddable":true,"href":"https:\/\/trakesh.com\/ar\/wp-json\/wp\/v2\/comments?post=8822"}],"wp:featuredmedia":[{"embeddable":true,"href":"https:\/\/trakesh.com\/ar\/wp-json\/wp\/v2\/media\/9464"}],"wp:attachment":[{"href":"https:\/\/trakesh.com\/ar\/wp-json\/wp\/v2\/media?parent=8822"}],"wp:term":[{"taxonomy":"product_brand","embeddable":true,"href":"https:\/\/trakesh.com\/ar\/wp-json\/wp\/v2\/product_brand?post=8822"},{"taxonomy":"product_cat","embeddable":true,"href":"https:\/\/trakesh.com\/ar\/wp-json\/wp\/v2\/product_cat?post=8822"},{"taxonomy":"product_tag","embeddable":true,"href":"https:\/\/trakesh.com\/ar\/wp-json\/wp\/v2\/product_tag?post=8822"}],"curies":[{"name":"wp","href":"https:\/\/api.w.org\/{rel}","templated":true}]}}