{"id":8824,"date":"2025-08-31T19:08:33","date_gmt":"2025-08-31T18:08:33","guid":{"rendered":"https:\/\/trakesh.com\/?post_type=product&#038;p=8824"},"modified":"2025-11-02T17:52:21","modified_gmt":"2025-11-02T16:52:21","slug":"filtre-air-man-81120530086","status":"publish","type":"product","link":"https:\/\/trakesh.com\/ar\/notre-boutique\/man\/filtre-air-man-81120530086\/","title":{"rendered":"REF : 81120530086"},"content":{"rendered":"<p><strong>Description : Filtre \u00e0 air d\u2019origine MAN, haute efficacit\u00e9, con\u00e7u pour prot\u00e9ger le moteur contre les poussi\u00e8res, impuret\u00e9s et particules pr\u00e9sentes dans l\u2019air d\u2019admission.<\/strong><\/p>","protected":false},"excerpt":{"rendered":"<p><strong>Filtre \u00e0 air<\/strong><\/p>\n<ul data-start=\"379\" data-end=\"551\">\n<li data-start=\"379\" data-end=\"430\">\n<p data-start=\"381\" data-end=\"430\">Camions MAN (s\u00e9ries TGX, TGS, TGA, F2000, etc.)<\/p>\n<\/li>\n<li data-start=\"431\" data-end=\"493\">\n<p data-start=\"433\" data-end=\"493\">Bus et autocars MAN \u00e9quip\u00e9s de moteurs MAN D20 \/ D26 \/ D28<\/p>\n<\/li>\n<li data-start=\"494\" data-end=\"551\">\n<p data-start=\"496\" data-end=\"551\">Compatible avec plusieurs mod\u00e8les MAN Euro 4 \u2013 Euro 6<\/p>\n<\/li>\n<\/ul>\n<p data-start=\"553\" data-end=\"572\">\ud83d\udd39 <strong data-start=\"556\" data-end=\"568\">Fonction<\/strong> :<\/p>\n<ul data-start=\"573\" data-end=\"802\">\n<li data-start=\"573\" data-end=\"613\">\n<p data-start=\"575\" data-end=\"613\">Purifie l\u2019air d\u2019admission du moteur.<\/p>\n<\/li>\n<li data-start=\"614\" data-end=\"695\">\n<p data-start=\"616\" data-end=\"695\">Prot\u00e8ge le turbocompresseur, les soupapes et cylindres contre l\u2019encrassement.<\/p>\n<\/li>\n<li data-start=\"696\" data-end=\"762\">\n<p data-start=\"698\" data-end=\"762\">Optimise la combustion et r\u00e9duit la consommation de carburant.<\/p>\n<\/li>\n<li data-start=\"763\" data-end=\"802\">\n<p data-start=\"765\" data-end=\"802\">Prolonge la dur\u00e9e de vie du moteur.<\/p>\n<\/li>\n<\/ul>\n<p data-start=\"804\" data-end=\"827\">\ud83d\udd39 <strong data-start=\"807\" data-end=\"823\">Applications<\/strong> :<\/p>\n<ul data-start=\"828\" data-end=\"996\">\n<li data-start=\"828\" data-end=\"892\">\n<p data-start=\"830\" data-end=\"892\">Transport routier (camions longue distance et distribution).<\/p>\n<\/li>\n<li data-start=\"893\" data-end=\"930\">\n<p data-start=\"895\" data-end=\"930\">V\u00e9hicules industriels et bus MAN.<\/p>\n<\/li>\n<li data-start=\"931\" data-end=\"996\">\n<p data-start=\"933\" data-end=\"996\">Utilisation dans les environnements poussi\u00e9reux et exigeants.<\/p>\n<\/li>\n<\/ul>\n<p data-start=\"998\" data-end=\"1021\">\ud83d\udd39 <strong data-start=\"1001\" data-end=\"1017\">Installation<\/strong> :<\/p>\n<ul data-start=\"1022\" data-end=\"1333\">\n<li data-start=\"1022\" data-end=\"1102\">\n<p data-start=\"1024\" data-end=\"1102\">\u00c0 monter dans le bo\u00eetier de filtre \u00e0 air, sur le circuit d\u2019admission moteur.<\/p>\n<\/li>\n<li data-start=\"1103\" data-end=\"1251\">\n<p data-start=\"1105\" data-end=\"1251\">Remplacement facile, recommand\u00e9 \u00e0 chaque intervalle de maintenance ou plus fr\u00e9quemment en cas d\u2019utilisation dans des environnements poussi\u00e9reux.<\/p>\n<\/li>\n<li data-start=\"1252\" data-end=\"1333\">\n<p data-start=\"1254\" data-end=\"1333\">V\u00e9rifier l\u2019\u00e9tanch\u00e9it\u00e9 apr\u00e8s montage pour \u00e9viter toute fuite d\u2019air non filtr\u00e9.<\/p>\n<\/li>\n<\/ul>","protected":false},"featured_media":9463,"comment_status":"open","ping_status":"closed","template":"","meta":[],"product_brand":[284],"product_cat":[76],"product_tag":[],"class_list":{"0":"post-8824","1":"product","2":"type-product","3":"status-publish","4":"has-post-thumbnail","6":"product_brand-man","7":"product_cat-man","9":"first","10":"instock","11":"shipping-taxable","12":"product-type-simple"},"yoast_head":"<!-- This site is optimized with the Yoast SEO plugin v25.5 - https:\/\/yoast.com\/wordpress\/plugins\/seo\/ -->\n<title>filtre a air man 81120530086\/pieces moteur-trakech parts<\/title>\n<meta name=\"description\" content=\"Filtre \u00e0 air 81120530086 compatible moteurs MAN. Assure une filtration efficace de l\u2019air, prot\u00e8ge les cylindres contre les impuret\u00e9s et optimise la combustion pour des performances durables. Disponible chez TRAKECH PARTS.\" \/>\n<meta name=\"robots\" content=\"index, follow, max-snippet:-1, max-image-preview:large, max-video-preview:-1\" \/>\n<link rel=\"canonical\" href=\"https:\/\/trakesh.com\/ar\/notre-boutique\/man\/filtre-air-man-81120530086\/\" \/>\n<meta property=\"og:locale\" content=\"ar_AR\" \/>\n<meta property=\"og:type\" content=\"article\" \/>\n<meta property=\"og:title\" content=\"filtre a air man 81120530086\/pieces moteur-trakech parts\" \/>\n<meta property=\"og:description\" content=\"Filtre \u00e0 air 81120530086 compatible moteurs MAN. Assure une filtration efficace de l\u2019air, prot\u00e8ge les cylindres contre les impuret\u00e9s et optimise la combustion pour des performances durables. Disponible chez TRAKECH PARTS.\" \/>\n<meta property=\"og:url\" content=\"https:\/\/trakesh.com\/ar\/notre-boutique\/man\/filtre-air-man-81120530086\/\" \/>\n<meta property=\"og:site_name\" content=\"TRAKECH PARTS\" \/>\n<meta property=\"article:publisher\" content=\"https:\/\/web.facebook.com\/trakechparts\/?locale=fr_FR\" \/>\n<meta property=\"article:modified_time\" content=\"2025-11-02T16:52:21+00:00\" \/>\n<meta property=\"og:image\" content=\"https:\/\/trakesh.com\/wp-content\/uploads\/2025\/08\/MA-2025-11-02T175146.179.png\" \/>\n\t<meta property=\"og:image:width\" content=\"800\" \/>\n\t<meta property=\"og:image:height\" content=\"800\" \/>\n\t<meta property=\"og:image:type\" content=\"image\/png\" \/>\n<meta name=\"twitter:card\" content=\"summary_large_image\" \/>\n<meta name=\"twitter:label1\" content=\"\u0648\u0642\u062a \u0627\u0644\u0642\u0631\u0627\u0621\u0629 \u0627\u0644\u0645\u064f\u0642\u062f\u0651\u0631\" \/>\n\t<meta name=\"twitter:data1\" content=\"\u062f\u0642\u064a\u0642\u0629 \u0648\u0627\u062d\u062f\u0629\" \/>\n<script type=\"application\/ld+json\" class=\"yoast-schema-graph\">{\"@context\":\"https:\/\/schema.org\",\"@graph\":[{\"@type\":\"WebPage\",\"@id\":\"https:\/\/trakesh.com\/notre-boutique\/man\/filtre-air-man-81120530086\/\",\"url\":\"https:\/\/trakesh.com\/notre-boutique\/man\/filtre-air-man-81120530086\/\",\"name\":\"filtre a air man 81120530086\/pieces moteur-trakech parts\",\"isPartOf\":{\"@id\":\"https:\/\/trakesh.com\/#website\"},\"primaryImageOfPage\":{\"@id\":\"https:\/\/trakesh.com\/notre-boutique\/man\/filtre-air-man-81120530086\/#primaryimage\"},\"image\":{\"@id\":\"https:\/\/trakesh.com\/notre-boutique\/man\/filtre-air-man-81120530086\/#primaryimage\"},\"thumbnailUrl\":\"https:\/\/trakesh.com\/wp-content\/uploads\/2025\/08\/MA-2025-11-02T175146.179.png\",\"datePublished\":\"2025-08-31T18:08:33+00:00\",\"dateModified\":\"2025-11-02T16:52:21+00:00\",\"description\":\"Filtre \u00e0 air 81120530086 compatible moteurs MAN. Assure une filtration efficace de l\u2019air, prot\u00e8ge les cylindres contre les impuret\u00e9s et optimise la combustion pour des performances durables. Disponible chez TRAKECH PARTS.\",\"breadcrumb\":{\"@id\":\"https:\/\/trakesh.com\/notre-boutique\/man\/filtre-air-man-81120530086\/#breadcrumb\"},\"inLanguage\":\"ar\",\"potentialAction\":[{\"@type\":\"ReadAction\",\"target\":[\"https:\/\/trakesh.com\/notre-boutique\/man\/filtre-air-man-81120530086\/\"]}]},{\"@type\":\"ImageObject\",\"inLanguage\":\"ar\",\"@id\":\"https:\/\/trakesh.com\/notre-boutique\/man\/filtre-air-man-81120530086\/#primaryimage\",\"url\":\"https:\/\/trakesh.com\/wp-content\/uploads\/2025\/08\/MA-2025-11-02T175146.179.png\",\"contentUrl\":\"https:\/\/trakesh.com\/wp-content\/uploads\/2025\/08\/MA-2025-11-02T175146.179.png\",\"width\":800,\"height\":800},{\"@type\":\"BreadcrumbList\",\"@id\":\"https:\/\/trakesh.com\/notre-boutique\/man\/filtre-air-man-81120530086\/#breadcrumb\",\"itemListElement\":[{\"@type\":\"ListItem\",\"position\":1,\"name\":\"Home\",\"item\":\"https:\/\/trakesh.com\/\"},{\"@type\":\"ListItem\",\"position\":2,\"name\":\"Notre Boutique\",\"item\":\"https:\/\/trakesh.com\/notre-boutique\/\"},{\"@type\":\"ListItem\",\"position\":3,\"name\":\"REF : 81120530086\"}]},{\"@type\":\"WebSite\",\"@id\":\"https:\/\/trakesh.com\/#website\",\"url\":\"https:\/\/trakesh.com\/\",\"name\":\"TRAKECH PARTS\",\"description\":\"Pi\u00e8ces de rechange pour camions MAN, moteurs CATERPILLAR et PERKINS \u2013 Maroc\",\"publisher\":{\"@id\":\"https:\/\/trakesh.com\/#organization\"},\"potentialAction\":[{\"@type\":\"SearchAction\",\"target\":{\"@type\":\"EntryPoint\",\"urlTemplate\":\"https:\/\/trakesh.com\/?s={search_term_string}\"},\"query-input\":{\"@type\":\"PropertyValueSpecification\",\"valueRequired\":true,\"valueName\":\"search_term_string\"}}],\"inLanguage\":\"ar\"},{\"@type\":\"Organization\",\"@id\":\"https:\/\/trakesh.com\/#organization\",\"name\":\"TRAKECH PARTS\",\"url\":\"https:\/\/trakesh.com\/\",\"logo\":{\"@type\":\"ImageObject\",\"inLanguage\":\"ar\",\"@id\":\"https:\/\/trakesh.com\/#\/schema\/logo\/image\/\",\"url\":\"https:\/\/trakesh.com\/wp-content\/uploads\/2025\/05\/cropped-cropped-cropped-cropped-cropped-cropped-cropped-trakesh-removebg-preview-1.png\",\"contentUrl\":\"https:\/\/trakesh.com\/wp-content\/uploads\/2025\/05\/cropped-cropped-cropped-cropped-cropped-cropped-cropped-trakesh-removebg-preview-1.png\",\"width\":342,\"height\":96,\"caption\":\"TRAKECH PARTS\"},\"image\":{\"@id\":\"https:\/\/trakesh.com\/#\/schema\/logo\/image\/\"},\"sameAs\":[\"https:\/\/web.facebook.com\/trakechparts\/?locale=fr_FR\",\"https:\/\/www.instagram.com\/trakech_parts\/\"]}]}<\/script>\n<!-- \/ Yoast SEO plugin. -->","yoast_head_json":{"title":"filtre a air man 81120530086\/pieces moteur-trakech parts","description":"Filtre \u00e0 air 81120530086 compatible moteurs MAN. Assure une filtration efficace de l\u2019air, prot\u00e8ge les cylindres contre les impuret\u00e9s et optimise la combustion pour des performances durables. Disponible chez TRAKECH PARTS.","robots":{"index":"index","follow":"follow","max-snippet":"max-snippet:-1","max-image-preview":"max-image-preview:large","max-video-preview":"max-video-preview:-1"},"canonical":"https:\/\/trakesh.com\/ar\/notre-boutique\/man\/filtre-air-man-81120530086\/","og_locale":"ar_AR","og_type":"article","og_title":"filtre a air man 81120530086\/pieces moteur-trakech parts","og_description":"Filtre \u00e0 air 81120530086 compatible moteurs MAN. Assure une filtration efficace de l\u2019air, prot\u00e8ge les cylindres contre les impuret\u00e9s et optimise la combustion pour des performances durables. Disponible chez TRAKECH PARTS.","og_url":"https:\/\/trakesh.com\/ar\/notre-boutique\/man\/filtre-air-man-81120530086\/","og_site_name":"TRAKECH PARTS","article_publisher":"https:\/\/web.facebook.com\/trakechparts\/?locale=fr_FR","article_modified_time":"2025-11-02T16:52:21+00:00","og_image":[{"width":800,"height":800,"url":"https:\/\/trakesh.com\/wp-content\/uploads\/2025\/08\/MA-2025-11-02T175146.179.png","type":"image\/png"}],"twitter_card":"summary_large_image","twitter_misc":{"\u0648\u0642\u062a \u0627\u0644\u0642\u0631\u0627\u0621\u0629 \u0627\u0644\u0645\u064f\u0642\u062f\u0651\u0631":"\u062f\u0642\u064a\u0642\u0629 \u0648\u0627\u062d\u062f\u0629"},"schema":{"@context":"https:\/\/schema.org","@graph":[{"@type":"WebPage","@id":"https:\/\/trakesh.com\/notre-boutique\/man\/filtre-air-man-81120530086\/","url":"https:\/\/trakesh.com\/notre-boutique\/man\/filtre-air-man-81120530086\/","name":"filtre a air man 81120530086\/pieces moteur-trakech parts","isPartOf":{"@id":"https:\/\/trakesh.com\/#website"},"primaryImageOfPage":{"@id":"https:\/\/trakesh.com\/notre-boutique\/man\/filtre-air-man-81120530086\/#primaryimage"},"image":{"@id":"https:\/\/trakesh.com\/notre-boutique\/man\/filtre-air-man-81120530086\/#primaryimage"},"thumbnailUrl":"https:\/\/trakesh.com\/wp-content\/uploads\/2025\/08\/MA-2025-11-02T175146.179.png","datePublished":"2025-08-31T18:08:33+00:00","dateModified":"2025-11-02T16:52:21+00:00","description":"Filtre \u00e0 air 81120530086 compatible moteurs MAN. Assure une filtration efficace de l\u2019air, prot\u00e8ge les cylindres contre les impuret\u00e9s et optimise la combustion pour des performances durables. Disponible chez TRAKECH PARTS.","breadcrumb":{"@id":"https:\/\/trakesh.com\/notre-boutique\/man\/filtre-air-man-81120530086\/#breadcrumb"},"inLanguage":"ar","potentialAction":[{"@type":"ReadAction","target":["https:\/\/trakesh.com\/notre-boutique\/man\/filtre-air-man-81120530086\/"]}]},{"@type":"ImageObject","inLanguage":"ar","@id":"https:\/\/trakesh.com\/notre-boutique\/man\/filtre-air-man-81120530086\/#primaryimage","url":"https:\/\/trakesh.com\/wp-content\/uploads\/2025\/08\/MA-2025-11-02T175146.179.png","contentUrl":"https:\/\/trakesh.com\/wp-content\/uploads\/2025\/08\/MA-2025-11-02T175146.179.png","width":800,"height":800},{"@type":"BreadcrumbList","@id":"https:\/\/trakesh.com\/notre-boutique\/man\/filtre-air-man-81120530086\/#breadcrumb","itemListElement":[{"@type":"ListItem","position":1,"name":"Home","item":"https:\/\/trakesh.com\/"},{"@type":"ListItem","position":2,"name":"Notre Boutique","item":"https:\/\/trakesh.com\/notre-boutique\/"},{"@type":"ListItem","position":3,"name":"REF : 81120530086"}]},{"@type":"WebSite","@id":"https:\/\/trakesh.com\/#website","url":"https:\/\/trakesh.com\/","name":"TRAKECH PARTS","description":"Pi\u00e8ces de rechange pour camions MAN, moteurs CATERPILLAR et PERKINS \u2013 Maroc","publisher":{"@id":"https:\/\/trakesh.com\/#organization"},"potentialAction":[{"@type":"SearchAction","target":{"@type":"EntryPoint","urlTemplate":"https:\/\/trakesh.com\/?s={search_term_string}"},"query-input":{"@type":"PropertyValueSpecification","valueRequired":true,"valueName":"search_term_string"}}],"inLanguage":"ar"},{"@type":"Organization","@id":"https:\/\/trakesh.com\/#organization","name":"TRAKECH PARTS","url":"https:\/\/trakesh.com\/","logo":{"@type":"ImageObject","inLanguage":"ar","@id":"https:\/\/trakesh.com\/#\/schema\/logo\/image\/","url":"https:\/\/trakesh.com\/wp-content\/uploads\/2025\/05\/cropped-cropped-cropped-cropped-cropped-cropped-cropped-trakesh-removebg-preview-1.png","contentUrl":"https:\/\/trakesh.com\/wp-content\/uploads\/2025\/05\/cropped-cropped-cropped-cropped-cropped-cropped-cropped-trakesh-removebg-preview-1.png","width":342,"height":96,"caption":"TRAKECH PARTS"},"image":{"@id":"https:\/\/trakesh.com\/#\/schema\/logo\/image\/"},"sameAs":["https:\/\/web.facebook.com\/trakechparts\/?locale=fr_FR","https:\/\/www.instagram.com\/trakech_parts\/"]}]}},"_links":{"self":[{"href":"https:\/\/trakesh.com\/ar\/wp-json\/wp\/v2\/product\/8824","targetHints":{"allow":["GET"]}}],"collection":[{"href":"https:\/\/trakesh.com\/ar\/wp-json\/wp\/v2\/product"}],"about":[{"href":"https:\/\/trakesh.com\/ar\/wp-json\/wp\/v2\/types\/product"}],"replies":[{"embeddable":true,"href":"https:\/\/trakesh.com\/ar\/wp-json\/wp\/v2\/comments?post=8824"}],"wp:featuredmedia":[{"embeddable":true,"href":"https:\/\/trakesh.com\/ar\/wp-json\/wp\/v2\/media\/9463"}],"wp:attachment":[{"href":"https:\/\/trakesh.com\/ar\/wp-json\/wp\/v2\/media?parent=8824"}],"wp:term":[{"taxonomy":"product_brand","embeddable":true,"href":"https:\/\/trakesh.com\/ar\/wp-json\/wp\/v2\/product_brand?post=8824"},{"taxonomy":"product_cat","embeddable":true,"href":"https:\/\/trakesh.com\/ar\/wp-json\/wp\/v2\/product_cat?post=8824"},{"taxonomy":"product_tag","embeddable":true,"href":"https:\/\/trakesh.com\/ar\/wp-json\/wp\/v2\/product_tag?post=8824"}],"curies":[{"name":"wp","href":"https:\/\/api.w.org\/{rel}","templated":true}]}}