{"id":8826,"date":"2025-08-31T19:14:00","date_gmt":"2025-08-31T18:14:00","guid":{"rendered":"https:\/\/trakesh.com\/?post_type=product&#038;p=8826"},"modified":"2025-11-02T17:47:47","modified_gmt":"2025-11-02T16:47:47","slug":"ref-51018046002","status":"publish","type":"product","link":"https:\/\/trakesh.com\/ar\/notre-boutique\/man\/ref-51018046002\/","title":{"rendered":"REF : 51018046002"},"content":{"rendered":"<p><strong>Description : Filtre \u00e0 huile d\u2019origine MAN, sp\u00e9cialement con\u00e7u pour garantir une lubrification optimale du moteur en retenant les impuret\u00e9s, les particules m\u00e9talliques et les r\u00e9sidus de combustion.<\/strong><\/p>","protected":false},"excerpt":{"rendered":"<p><strong>Filtre \u00e0 huile\u00a0<\/strong><\/p>\n<p data-start=\"387\" data-end=\"411\">\ud83d\udd39 <strong data-start=\"390\" data-end=\"407\">Compatibilit\u00e9<\/strong> :<\/p>\n<ul data-start=\"412\" data-end=\"582\">\n<li data-start=\"412\" data-end=\"459\">\n<p data-start=\"414\" data-end=\"459\">Camions MAN s\u00e9ries <strong data-start=\"433\" data-end=\"457\">TGA, TGS, TGX, F2000<\/strong><\/p>\n<\/li>\n<li data-start=\"460\" data-end=\"520\">\n<p data-start=\"462\" data-end=\"520\">Bus et autocars MAN \u00e9quip\u00e9s de moteurs <strong data-start=\"501\" data-end=\"518\">D20, D26, D28<\/strong><\/p>\n<\/li>\n<li data-start=\"521\" data-end=\"582\">\n<p data-start=\"523\" data-end=\"582\">Compatible avec plusieurs moteurs MAN <strong data-start=\"561\" data-end=\"580\">Euro 3 \u2013 Euro 6<\/strong><\/p>\n<\/li>\n<\/ul>\n<p data-start=\"584\" data-end=\"603\">\ud83d\udd39 <strong data-start=\"587\" data-end=\"599\">Fonction<\/strong> :<\/p>\n<ul data-start=\"604\" data-end=\"864\">\n<li data-start=\"604\" data-end=\"637\">\n<p data-start=\"606\" data-end=\"637\">Filtration de l\u2019huile moteur.<\/p>\n<\/li>\n<li data-start=\"638\" data-end=\"730\">\n<p data-start=\"640\" data-end=\"730\">Protection des composants internes (pistons, vilebrequin, coussinets, turbocompresseur).<\/p>\n<\/li>\n<li data-start=\"731\" data-end=\"795\">\n<p data-start=\"733\" data-end=\"795\">Maintient la propret\u00e9 de l\u2019huile et am\u00e9liore la performance.<\/p>\n<\/li>\n<li data-start=\"796\" data-end=\"864\">\n<p data-start=\"798\" data-end=\"864\">R\u00e9duit l\u2019usure pr\u00e9matur\u00e9e et prolonge la dur\u00e9e de vie du moteur.<\/p>\n<\/li>\n<\/ul>\n<p data-start=\"866\" data-end=\"889\">\ud83d\udd39 <strong data-start=\"869\" data-end=\"885\">Applications<\/strong> :<\/p>\n<ul data-start=\"890\" data-end=\"1064\">\n<li data-start=\"890\" data-end=\"955\">\n<p data-start=\"892\" data-end=\"955\">Transport routier (camions de longue distance, distribution).<\/p>\n<\/li>\n<li data-start=\"956\" data-end=\"993\">\n<p data-start=\"958\" data-end=\"993\">V\u00e9hicules industriels et bus MAN.<\/p>\n<\/li>\n<li data-start=\"994\" data-end=\"1064\">\n<p data-start=\"996\" data-end=\"1064\">Conditions de service s\u00e9v\u00e8res et longues dur\u00e9es de fonctionnement.<\/p>\n<\/li>\n<\/ul>\n<p data-start=\"1066\" data-end=\"1089\">\ud83d\udd39 <strong data-start=\"1069\" data-end=\"1085\">Installation<\/strong> :<\/p>\n<ul data-start=\"1090\" data-end=\"1311\">\n<li data-start=\"1090\" data-end=\"1158\">\n<p data-start=\"1092\" data-end=\"1158\">\u00c0 visser directement sur le support du circuit de lubrification.<\/p>\n<\/li>\n<li data-start=\"1159\" data-end=\"1240\">\n<p data-start=\"1161\" data-end=\"1240\">Remplacement recommand\u00e9 \u00e0 chaque vidange ou selon le plan de maintenance MAN.<\/p>\n<\/li>\n<li data-start=\"1241\" data-end=\"1311\">\n<p data-start=\"1243\" data-end=\"1311\">V\u00e9rifier le joint d\u2019\u00e9tanch\u00e9it\u00e9 et huiler l\u00e9g\u00e8rement avant montage.<\/p>\n<\/li>\n<\/ul>","protected":false},"featured_media":9462,"comment_status":"open","ping_status":"closed","template":"","meta":[],"product_brand":[284],"product_cat":[76],"product_tag":[],"class_list":{"0":"post-8826","1":"product","2":"type-product","3":"status-publish","4":"has-post-thumbnail","6":"product_brand-man","7":"product_cat-man","9":"first","10":"instock","11":"shipping-taxable","12":"product-type-simple"},"yoast_head":"<!-- This site is optimized with the Yoast SEO plugin v25.5 - https:\/\/yoast.com\/wordpress\/plugins\/seo\/ -->\n<title>REF : 51018046002 - TRAKECH PARTS<\/title>\n<meta name=\"robots\" content=\"index, follow, max-snippet:-1, max-image-preview:large, max-video-preview:-1\" \/>\n<link rel=\"canonical\" href=\"https:\/\/trakesh.com\/ar\/notre-boutique\/man\/ref-51018046002\/\" \/>\n<meta property=\"og:locale\" content=\"ar_AR\" \/>\n<meta property=\"og:type\" content=\"article\" \/>\n<meta property=\"og:title\" content=\"REF : 51018046002 - TRAKECH PARTS\" \/>\n<meta property=\"og:description\" content=\"Filtre \u00e0 huile\u00a0 \ud83d\udd39 Compatibilit\u00e9 :     Camions MAN s\u00e9ries TGA, TGS, TGX, F2000    Bus et autocars MAN \u00e9quip\u00e9s de moteurs D20, D26, D28    Compatible avec plusieurs moteurs MAN Euro 3 \u2013 Euro 6   \ud83d\udd39 Fonction :     Filtration de l\u2019huile moteur.    Protection des composants internes (pistons, vilebrequin, coussinets, turbocompresseur).    Maintient la propret\u00e9 de l\u2019huile et am\u00e9liore la performance.    R\u00e9duit l\u2019usure pr\u00e9matur\u00e9e et prolonge la dur\u00e9e de vie du moteur.   \ud83d\udd39 Applications :     Transport routier (camions de longue distance, distribution).    V\u00e9hicules industriels et bus MAN.    Conditions de service s\u00e9v\u00e8res et longues dur\u00e9es de fonctionnement.   \ud83d\udd39 Installation :     \u00c0 visser directement sur le support du circuit de lubrification.    Remplacement recommand\u00e9 \u00e0 chaque vidange ou selon le plan de maintenance MAN.    V\u00e9rifier le joint d\u2019\u00e9tanch\u00e9it\u00e9 et huiler l\u00e9g\u00e8rement avant montage.\" \/>\n<meta property=\"og:url\" content=\"https:\/\/trakesh.com\/ar\/notre-boutique\/man\/ref-51018046002\/\" \/>\n<meta property=\"og:site_name\" content=\"TRAKECH PARTS\" \/>\n<meta property=\"article:publisher\" content=\"https:\/\/web.facebook.com\/trakechparts\/?locale=fr_FR\" \/>\n<meta property=\"article:modified_time\" content=\"2025-11-02T16:47:47+00:00\" \/>\n<meta property=\"og:image\" content=\"https:\/\/trakesh.com\/wp-content\/uploads\/2025\/08\/MA-2025-11-02T174725.060.png\" \/>\n\t<meta property=\"og:image:width\" content=\"800\" \/>\n\t<meta property=\"og:image:height\" content=\"800\" \/>\n\t<meta property=\"og:image:type\" content=\"image\/png\" \/>\n<meta name=\"twitter:card\" content=\"summary_large_image\" \/>\n<meta name=\"twitter:label1\" content=\"\u0648\u0642\u062a \u0627\u0644\u0642\u0631\u0627\u0621\u0629 \u0627\u0644\u0645\u064f\u0642\u062f\u0651\u0631\" \/>\n\t<meta name=\"twitter:data1\" content=\"\u062f\u0642\u064a\u0642\u0629 \u0648\u0627\u062d\u062f\u0629\" \/>\n<script type=\"application\/ld+json\" class=\"yoast-schema-graph\">{\"@context\":\"https:\/\/schema.org\",\"@graph\":[{\"@type\":\"WebPage\",\"@id\":\"https:\/\/trakesh.com\/notre-boutique\/man\/ref-51018046002\/\",\"url\":\"https:\/\/trakesh.com\/notre-boutique\/man\/ref-51018046002\/\",\"name\":\"REF : 51018046002 - TRAKECH PARTS\",\"isPartOf\":{\"@id\":\"https:\/\/trakesh.com\/#website\"},\"primaryImageOfPage\":{\"@id\":\"https:\/\/trakesh.com\/notre-boutique\/man\/ref-51018046002\/#primaryimage\"},\"image\":{\"@id\":\"https:\/\/trakesh.com\/notre-boutique\/man\/ref-51018046002\/#primaryimage\"},\"thumbnailUrl\":\"https:\/\/trakesh.com\/wp-content\/uploads\/2025\/08\/MA-2025-11-02T174725.060.png\",\"datePublished\":\"2025-08-31T18:14:00+00:00\",\"dateModified\":\"2025-11-02T16:47:47+00:00\",\"breadcrumb\":{\"@id\":\"https:\/\/trakesh.com\/notre-boutique\/man\/ref-51018046002\/#breadcrumb\"},\"inLanguage\":\"ar\",\"potentialAction\":[{\"@type\":\"ReadAction\",\"target\":[\"https:\/\/trakesh.com\/notre-boutique\/man\/ref-51018046002\/\"]}]},{\"@type\":\"ImageObject\",\"inLanguage\":\"ar\",\"@id\":\"https:\/\/trakesh.com\/notre-boutique\/man\/ref-51018046002\/#primaryimage\",\"url\":\"https:\/\/trakesh.com\/wp-content\/uploads\/2025\/08\/MA-2025-11-02T174725.060.png\",\"contentUrl\":\"https:\/\/trakesh.com\/wp-content\/uploads\/2025\/08\/MA-2025-11-02T174725.060.png\",\"width\":800,\"height\":800},{\"@type\":\"BreadcrumbList\",\"@id\":\"https:\/\/trakesh.com\/notre-boutique\/man\/ref-51018046002\/#breadcrumb\",\"itemListElement\":[{\"@type\":\"ListItem\",\"position\":1,\"name\":\"Home\",\"item\":\"https:\/\/trakesh.com\/\"},{\"@type\":\"ListItem\",\"position\":2,\"name\":\"Notre Boutique\",\"item\":\"https:\/\/trakesh.com\/notre-boutique\/\"},{\"@type\":\"ListItem\",\"position\":3,\"name\":\"REF : 51018046002\"}]},{\"@type\":\"WebSite\",\"@id\":\"https:\/\/trakesh.com\/#website\",\"url\":\"https:\/\/trakesh.com\/\",\"name\":\"TRAKECH PARTS\",\"description\":\"Pi\u00e8ces de rechange pour camions MAN, moteurs CATERPILLAR et PERKINS \u2013 Maroc\",\"publisher\":{\"@id\":\"https:\/\/trakesh.com\/#organization\"},\"potentialAction\":[{\"@type\":\"SearchAction\",\"target\":{\"@type\":\"EntryPoint\",\"urlTemplate\":\"https:\/\/trakesh.com\/?s={search_term_string}\"},\"query-input\":{\"@type\":\"PropertyValueSpecification\",\"valueRequired\":true,\"valueName\":\"search_term_string\"}}],\"inLanguage\":\"ar\"},{\"@type\":\"Organization\",\"@id\":\"https:\/\/trakesh.com\/#organization\",\"name\":\"TRAKECH PARTS\",\"url\":\"https:\/\/trakesh.com\/\",\"logo\":{\"@type\":\"ImageObject\",\"inLanguage\":\"ar\",\"@id\":\"https:\/\/trakesh.com\/#\/schema\/logo\/image\/\",\"url\":\"https:\/\/trakesh.com\/wp-content\/uploads\/2025\/05\/cropped-cropped-cropped-cropped-cropped-cropped-cropped-trakesh-removebg-preview-1.png\",\"contentUrl\":\"https:\/\/trakesh.com\/wp-content\/uploads\/2025\/05\/cropped-cropped-cropped-cropped-cropped-cropped-cropped-trakesh-removebg-preview-1.png\",\"width\":342,\"height\":96,\"caption\":\"TRAKECH PARTS\"},\"image\":{\"@id\":\"https:\/\/trakesh.com\/#\/schema\/logo\/image\/\"},\"sameAs\":[\"https:\/\/web.facebook.com\/trakechparts\/?locale=fr_FR\",\"https:\/\/www.instagram.com\/trakech_parts\/\"]}]}<\/script>\n<!-- \/ Yoast SEO plugin. -->","yoast_head_json":{"title":"REF : 51018046002 - TRAKECH PARTS","robots":{"index":"index","follow":"follow","max-snippet":"max-snippet:-1","max-image-preview":"max-image-preview:large","max-video-preview":"max-video-preview:-1"},"canonical":"https:\/\/trakesh.com\/ar\/notre-boutique\/man\/ref-51018046002\/","og_locale":"ar_AR","og_type":"article","og_title":"REF : 51018046002 - TRAKECH PARTS","og_description":"Filtre \u00e0 huile\u00a0 \ud83d\udd39 Compatibilit\u00e9 :     Camions MAN s\u00e9ries TGA, TGS, TGX, F2000    Bus et autocars MAN \u00e9quip\u00e9s de moteurs D20, D26, D28    Compatible avec plusieurs moteurs MAN Euro 3 \u2013 Euro 6   \ud83d\udd39 Fonction :     Filtration de l\u2019huile moteur.    Protection des composants internes (pistons, vilebrequin, coussinets, turbocompresseur).    Maintient la propret\u00e9 de l\u2019huile et am\u00e9liore la performance.    R\u00e9duit l\u2019usure pr\u00e9matur\u00e9e et prolonge la dur\u00e9e de vie du moteur.   \ud83d\udd39 Applications :     Transport routier (camions de longue distance, distribution).    V\u00e9hicules industriels et bus MAN.    Conditions de service s\u00e9v\u00e8res et longues dur\u00e9es de fonctionnement.   \ud83d\udd39 Installation :     \u00c0 visser directement sur le support du circuit de lubrification.    Remplacement recommand\u00e9 \u00e0 chaque vidange ou selon le plan de maintenance MAN.    V\u00e9rifier le joint d\u2019\u00e9tanch\u00e9it\u00e9 et huiler l\u00e9g\u00e8rement avant montage.","og_url":"https:\/\/trakesh.com\/ar\/notre-boutique\/man\/ref-51018046002\/","og_site_name":"TRAKECH PARTS","article_publisher":"https:\/\/web.facebook.com\/trakechparts\/?locale=fr_FR","article_modified_time":"2025-11-02T16:47:47+00:00","og_image":[{"width":800,"height":800,"url":"https:\/\/trakesh.com\/wp-content\/uploads\/2025\/08\/MA-2025-11-02T174725.060.png","type":"image\/png"}],"twitter_card":"summary_large_image","twitter_misc":{"\u0648\u0642\u062a \u0627\u0644\u0642\u0631\u0627\u0621\u0629 \u0627\u0644\u0645\u064f\u0642\u062f\u0651\u0631":"\u062f\u0642\u064a\u0642\u0629 \u0648\u0627\u062d\u062f\u0629"},"schema":{"@context":"https:\/\/schema.org","@graph":[{"@type":"WebPage","@id":"https:\/\/trakesh.com\/notre-boutique\/man\/ref-51018046002\/","url":"https:\/\/trakesh.com\/notre-boutique\/man\/ref-51018046002\/","name":"REF : 51018046002 - TRAKECH PARTS","isPartOf":{"@id":"https:\/\/trakesh.com\/#website"},"primaryImageOfPage":{"@id":"https:\/\/trakesh.com\/notre-boutique\/man\/ref-51018046002\/#primaryimage"},"image":{"@id":"https:\/\/trakesh.com\/notre-boutique\/man\/ref-51018046002\/#primaryimage"},"thumbnailUrl":"https:\/\/trakesh.com\/wp-content\/uploads\/2025\/08\/MA-2025-11-02T174725.060.png","datePublished":"2025-08-31T18:14:00+00:00","dateModified":"2025-11-02T16:47:47+00:00","breadcrumb":{"@id":"https:\/\/trakesh.com\/notre-boutique\/man\/ref-51018046002\/#breadcrumb"},"inLanguage":"ar","potentialAction":[{"@type":"ReadAction","target":["https:\/\/trakesh.com\/notre-boutique\/man\/ref-51018046002\/"]}]},{"@type":"ImageObject","inLanguage":"ar","@id":"https:\/\/trakesh.com\/notre-boutique\/man\/ref-51018046002\/#primaryimage","url":"https:\/\/trakesh.com\/wp-content\/uploads\/2025\/08\/MA-2025-11-02T174725.060.png","contentUrl":"https:\/\/trakesh.com\/wp-content\/uploads\/2025\/08\/MA-2025-11-02T174725.060.png","width":800,"height":800},{"@type":"BreadcrumbList","@id":"https:\/\/trakesh.com\/notre-boutique\/man\/ref-51018046002\/#breadcrumb","itemListElement":[{"@type":"ListItem","position":1,"name":"Home","item":"https:\/\/trakesh.com\/"},{"@type":"ListItem","position":2,"name":"Notre Boutique","item":"https:\/\/trakesh.com\/notre-boutique\/"},{"@type":"ListItem","position":3,"name":"REF : 51018046002"}]},{"@type":"WebSite","@id":"https:\/\/trakesh.com\/#website","url":"https:\/\/trakesh.com\/","name":"TRAKECH PARTS","description":"Pi\u00e8ces de rechange pour camions MAN, moteurs CATERPILLAR et PERKINS \u2013 Maroc","publisher":{"@id":"https:\/\/trakesh.com\/#organization"},"potentialAction":[{"@type":"SearchAction","target":{"@type":"EntryPoint","urlTemplate":"https:\/\/trakesh.com\/?s={search_term_string}"},"query-input":{"@type":"PropertyValueSpecification","valueRequired":true,"valueName":"search_term_string"}}],"inLanguage":"ar"},{"@type":"Organization","@id":"https:\/\/trakesh.com\/#organization","name":"TRAKECH PARTS","url":"https:\/\/trakesh.com\/","logo":{"@type":"ImageObject","inLanguage":"ar","@id":"https:\/\/trakesh.com\/#\/schema\/logo\/image\/","url":"https:\/\/trakesh.com\/wp-content\/uploads\/2025\/05\/cropped-cropped-cropped-cropped-cropped-cropped-cropped-trakesh-removebg-preview-1.png","contentUrl":"https:\/\/trakesh.com\/wp-content\/uploads\/2025\/05\/cropped-cropped-cropped-cropped-cropped-cropped-cropped-trakesh-removebg-preview-1.png","width":342,"height":96,"caption":"TRAKECH PARTS"},"image":{"@id":"https:\/\/trakesh.com\/#\/schema\/logo\/image\/"},"sameAs":["https:\/\/web.facebook.com\/trakechparts\/?locale=fr_FR","https:\/\/www.instagram.com\/trakech_parts\/"]}]}},"_links":{"self":[{"href":"https:\/\/trakesh.com\/ar\/wp-json\/wp\/v2\/product\/8826","targetHints":{"allow":["GET"]}}],"collection":[{"href":"https:\/\/trakesh.com\/ar\/wp-json\/wp\/v2\/product"}],"about":[{"href":"https:\/\/trakesh.com\/ar\/wp-json\/wp\/v2\/types\/product"}],"replies":[{"embeddable":true,"href":"https:\/\/trakesh.com\/ar\/wp-json\/wp\/v2\/comments?post=8826"}],"wp:featuredmedia":[{"embeddable":true,"href":"https:\/\/trakesh.com\/ar\/wp-json\/wp\/v2\/media\/9462"}],"wp:attachment":[{"href":"https:\/\/trakesh.com\/ar\/wp-json\/wp\/v2\/media?parent=8826"}],"wp:term":[{"taxonomy":"product_brand","embeddable":true,"href":"https:\/\/trakesh.com\/ar\/wp-json\/wp\/v2\/product_brand?post=8826"},{"taxonomy":"product_cat","embeddable":true,"href":"https:\/\/trakesh.com\/ar\/wp-json\/wp\/v2\/product_cat?post=8826"},{"taxonomy":"product_tag","embeddable":true,"href":"https:\/\/trakesh.com\/ar\/wp-json\/wp\/v2\/product_tag?post=8826"}],"curies":[{"name":"wp","href":"https:\/\/api.w.org\/{rel}","templated":true}]}}