{"id":8833,"date":"2025-09-06T18:47:40","date_gmt":"2025-09-06T17:47:40","guid":{"rendered":"https:\/\/trakesh.com\/?post_type=product&#038;p=8833"},"modified":"2025-11-02T17:44:36","modified_gmt":"2025-11-02T16:44:36","slug":"ref-81125016100","status":"publish","type":"product","link":"https:\/\/trakesh.com\/ar\/notre-boutique\/man\/ref-81125016100\/","title":{"rendered":"REF : 81125016100"},"content":{"rendered":"<p>\ud83d\udd39 <strong>Description : Filtre \u00e0 air d\u2019origine MAN, con\u00e7u pour retenir les poussi\u00e8res, impuret\u00e9s et particules pr\u00e9sentes dans l\u2019air d\u2019admission afin de prot\u00e9ger le moteur et optimiser ses performances.<\/strong><\/p>","protected":false},"excerpt":{"rendered":"<p data-start=\"339\" data-end=\"379\">\ud83d\udd39 <strong data-start=\"342\" data-end=\"349\">Nom<\/strong> <strong>: Filtre \u00e0 air\u00a0<\/strong><\/p>\n<p data-start=\"381\" data-end=\"405\">\ud83d\udd39 <strong data-start=\"384\" data-end=\"401\">Compatibilit\u00e9<\/strong> :<\/p>\n<ul data-start=\"406\" data-end=\"578\">\n<li data-start=\"406\" data-end=\"453\">\n<p data-start=\"408\" data-end=\"453\">Camions MAN s\u00e9ries <strong data-start=\"427\" data-end=\"451\">TGA, TGS, TGX, F2000<\/strong><\/p>\n<\/li>\n<li data-start=\"454\" data-end=\"521\">\n<p data-start=\"456\" data-end=\"521\">Bus et autocars MAN \u00e9quip\u00e9s de moteurs <strong data-start=\"495\" data-end=\"519\">D20, D26, D28, D0836<\/strong><\/p>\n<\/li>\n<li data-start=\"522\" data-end=\"578\">\n<p data-start=\"524\" data-end=\"578\">Moteurs MAN conformes aux normes <strong data-start=\"557\" data-end=\"576\">Euro 3 \u2013 Euro 6<\/strong><\/p>\n<\/li>\n<\/ul>\n<p data-start=\"580\" data-end=\"599\">\ud83d\udd39 <strong data-start=\"583\" data-end=\"595\">Fonction<\/strong> :<\/p>\n<ul data-start=\"600\" data-end=\"839\">\n<li data-start=\"600\" data-end=\"641\">\n<p data-start=\"602\" data-end=\"641\">Purifie l\u2019air entrant dans le moteur.<\/p>\n<\/li>\n<li data-start=\"642\" data-end=\"716\">\n<p data-start=\"644\" data-end=\"716\">Prot\u00e8ge le turbocompresseur, les soupapes et cylindres contre l\u2019usure.<\/p>\n<\/li>\n<li data-start=\"717\" data-end=\"799\">\n<p data-start=\"719\" data-end=\"799\">Am\u00e9liore l\u2019efficacit\u00e9 de la combustion et r\u00e9duit la consommation de carburant.<\/p>\n<\/li>\n<li data-start=\"800\" data-end=\"839\">\n<p data-start=\"802\" data-end=\"839\">Augmente la dur\u00e9e de vie du moteur.<\/p>\n<\/li>\n<\/ul>\n<p data-start=\"841\" data-end=\"864\">\ud83d\udd39 <strong data-start=\"844\" data-end=\"860\">Applications<\/strong> :<\/p>\n<ul data-start=\"865\" data-end=\"1016\">\n<li data-start=\"865\" data-end=\"922\">\n<p data-start=\"867\" data-end=\"922\">Camions de transport longue distance et distribution.<\/p>\n<\/li>\n<li data-start=\"923\" data-end=\"951\">\n<p data-start=\"925\" data-end=\"951\">Autobus et autocars MAN.<\/p>\n<\/li>\n<li data-start=\"952\" data-end=\"1016\">\n<p data-start=\"954\" data-end=\"1016\">V\u00e9hicules industriels op\u00e9rant en environnements poussi\u00e9reux.<\/p>\n<\/li>\n<\/ul>\n<p data-start=\"1018\" data-end=\"1041\">\ud83d\udd39 <strong data-start=\"1021\" data-end=\"1037\">Installation<\/strong> :<\/p>\n<ul data-start=\"1042\" data-end=\"1274\">\n<li data-start=\"1042\" data-end=\"1088\">\n<p data-start=\"1044\" data-end=\"1088\">\u00c0 ins\u00e9rer dans le bo\u00eetier de filtre \u00e0 air.<\/p>\n<\/li>\n<li data-start=\"1089\" data-end=\"1123\">\n<p data-start=\"1091\" data-end=\"1123\">Remplacement simple et rapide.<\/p>\n<\/li>\n<li data-start=\"1124\" data-end=\"1274\">\n<p data-start=\"1126\" data-end=\"1274\">V\u00e9rifier r\u00e9guli\u00e8rement l\u2019\u00e9tat du filtre, remplacement recommand\u00e9 aux intervalles d\u2019entretien MAN ou plus t\u00f4t si utilisation en conditions s\u00e9v\u00e8res.<\/p>\n<\/li>\n<\/ul>","protected":false},"featured_media":9460,"comment_status":"open","ping_status":"closed","template":"","meta":[],"product_brand":[284],"product_cat":[76],"product_tag":[],"class_list":{"0":"post-8833","1":"product","2":"type-product","3":"status-publish","4":"has-post-thumbnail","6":"product_brand-man","7":"product_cat-man","9":"first","10":"instock","11":"shipping-taxable","12":"product-type-simple"},"yoast_head":"<!-- This site is optimized with the Yoast SEO plugin v25.5 - https:\/\/yoast.com\/wordpress\/plugins\/seo\/ -->\n<title>REF : 81125016100 - TRAKECH PARTS<\/title>\n<meta name=\"robots\" content=\"index, follow, max-snippet:-1, max-image-preview:large, max-video-preview:-1\" \/>\n<link rel=\"canonical\" href=\"https:\/\/trakesh.com\/ar\/notre-boutique\/man\/ref-81125016100\/\" \/>\n<meta property=\"og:locale\" content=\"ar_AR\" \/>\n<meta property=\"og:type\" content=\"article\" \/>\n<meta property=\"og:title\" content=\"REF : 81125016100 - TRAKECH PARTS\" \/>\n<meta property=\"og:description\" content=\"\ud83d\udd39 Nom : Filtre \u00e0 air\u00a0 \ud83d\udd39 Compatibilit\u00e9 :     Camions MAN s\u00e9ries TGA, TGS, TGX, F2000    Bus et autocars MAN \u00e9quip\u00e9s de moteurs D20, D26, D28, D0836    Moteurs MAN conformes aux normes Euro 3 \u2013 Euro 6   \ud83d\udd39 Fonction :     Purifie l\u2019air entrant dans le moteur.    Prot\u00e8ge le turbocompresseur, les soupapes et cylindres contre l\u2019usure.    Am\u00e9liore l\u2019efficacit\u00e9 de la combustion et r\u00e9duit la consommation de carburant.    Augmente la dur\u00e9e de vie du moteur.   \ud83d\udd39 Applications :     Camions de transport longue distance et distribution.    Autobus et autocars MAN.    V\u00e9hicules industriels op\u00e9rant en environnements poussi\u00e9reux.   \ud83d\udd39 Installation :     \u00c0 ins\u00e9rer dans le bo\u00eetier de filtre \u00e0 air.    Remplacement simple et rapide.    V\u00e9rifier r\u00e9guli\u00e8rement l\u2019\u00e9tat du filtre, remplacement recommand\u00e9 aux intervalles d\u2019entretien MAN ou plus t\u00f4t si utilisation en conditions s\u00e9v\u00e8res.\" \/>\n<meta property=\"og:url\" content=\"https:\/\/trakesh.com\/ar\/notre-boutique\/man\/ref-81125016100\/\" \/>\n<meta property=\"og:site_name\" content=\"TRAKECH PARTS\" \/>\n<meta property=\"article:publisher\" content=\"https:\/\/web.facebook.com\/trakechparts\/?locale=fr_FR\" \/>\n<meta property=\"article:modified_time\" content=\"2025-11-02T16:44:36+00:00\" \/>\n<meta property=\"og:image\" content=\"https:\/\/trakesh.com\/wp-content\/uploads\/2025\/09\/MA-2025-11-02T174412.989.png\" \/>\n\t<meta property=\"og:image:width\" content=\"800\" \/>\n\t<meta property=\"og:image:height\" content=\"800\" \/>\n\t<meta property=\"og:image:type\" content=\"image\/png\" \/>\n<meta name=\"twitter:card\" content=\"summary_large_image\" \/>\n<meta name=\"twitter:label1\" content=\"\u0648\u0642\u062a \u0627\u0644\u0642\u0631\u0627\u0621\u0629 \u0627\u0644\u0645\u064f\u0642\u062f\u0651\u0631\" \/>\n\t<meta name=\"twitter:data1\" content=\"\u062f\u0642\u064a\u0642\u0629 \u0648\u0627\u062d\u062f\u0629\" \/>\n<script type=\"application\/ld+json\" class=\"yoast-schema-graph\">{\"@context\":\"https:\/\/schema.org\",\"@graph\":[{\"@type\":\"WebPage\",\"@id\":\"https:\/\/trakesh.com\/notre-boutique\/man\/ref-81125016100\/\",\"url\":\"https:\/\/trakesh.com\/notre-boutique\/man\/ref-81125016100\/\",\"name\":\"REF : 81125016100 - TRAKECH PARTS\",\"isPartOf\":{\"@id\":\"https:\/\/trakesh.com\/#website\"},\"primaryImageOfPage\":{\"@id\":\"https:\/\/trakesh.com\/notre-boutique\/man\/ref-81125016100\/#primaryimage\"},\"image\":{\"@id\":\"https:\/\/trakesh.com\/notre-boutique\/man\/ref-81125016100\/#primaryimage\"},\"thumbnailUrl\":\"https:\/\/trakesh.com\/wp-content\/uploads\/2025\/09\/MA-2025-11-02T174412.989.png\",\"datePublished\":\"2025-09-06T17:47:40+00:00\",\"dateModified\":\"2025-11-02T16:44:36+00:00\",\"breadcrumb\":{\"@id\":\"https:\/\/trakesh.com\/notre-boutique\/man\/ref-81125016100\/#breadcrumb\"},\"inLanguage\":\"ar\",\"potentialAction\":[{\"@type\":\"ReadAction\",\"target\":[\"https:\/\/trakesh.com\/notre-boutique\/man\/ref-81125016100\/\"]}]},{\"@type\":\"ImageObject\",\"inLanguage\":\"ar\",\"@id\":\"https:\/\/trakesh.com\/notre-boutique\/man\/ref-81125016100\/#primaryimage\",\"url\":\"https:\/\/trakesh.com\/wp-content\/uploads\/2025\/09\/MA-2025-11-02T174412.989.png\",\"contentUrl\":\"https:\/\/trakesh.com\/wp-content\/uploads\/2025\/09\/MA-2025-11-02T174412.989.png\",\"width\":800,\"height\":800},{\"@type\":\"BreadcrumbList\",\"@id\":\"https:\/\/trakesh.com\/notre-boutique\/man\/ref-81125016100\/#breadcrumb\",\"itemListElement\":[{\"@type\":\"ListItem\",\"position\":1,\"name\":\"Home\",\"item\":\"https:\/\/trakesh.com\/\"},{\"@type\":\"ListItem\",\"position\":2,\"name\":\"Notre Boutique\",\"item\":\"https:\/\/trakesh.com\/notre-boutique\/\"},{\"@type\":\"ListItem\",\"position\":3,\"name\":\"REF : 81125016100\"}]},{\"@type\":\"WebSite\",\"@id\":\"https:\/\/trakesh.com\/#website\",\"url\":\"https:\/\/trakesh.com\/\",\"name\":\"TRAKECH PARTS\",\"description\":\"Pi\u00e8ces de rechange pour camions MAN, moteurs CATERPILLAR et PERKINS \u2013 Maroc\",\"publisher\":{\"@id\":\"https:\/\/trakesh.com\/#organization\"},\"potentialAction\":[{\"@type\":\"SearchAction\",\"target\":{\"@type\":\"EntryPoint\",\"urlTemplate\":\"https:\/\/trakesh.com\/?s={search_term_string}\"},\"query-input\":{\"@type\":\"PropertyValueSpecification\",\"valueRequired\":true,\"valueName\":\"search_term_string\"}}],\"inLanguage\":\"ar\"},{\"@type\":\"Organization\",\"@id\":\"https:\/\/trakesh.com\/#organization\",\"name\":\"TRAKECH PARTS\",\"url\":\"https:\/\/trakesh.com\/\",\"logo\":{\"@type\":\"ImageObject\",\"inLanguage\":\"ar\",\"@id\":\"https:\/\/trakesh.com\/#\/schema\/logo\/image\/\",\"url\":\"https:\/\/trakesh.com\/wp-content\/uploads\/2025\/05\/cropped-cropped-cropped-cropped-cropped-cropped-cropped-trakesh-removebg-preview-1.png\",\"contentUrl\":\"https:\/\/trakesh.com\/wp-content\/uploads\/2025\/05\/cropped-cropped-cropped-cropped-cropped-cropped-cropped-trakesh-removebg-preview-1.png\",\"width\":342,\"height\":96,\"caption\":\"TRAKECH PARTS\"},\"image\":{\"@id\":\"https:\/\/trakesh.com\/#\/schema\/logo\/image\/\"},\"sameAs\":[\"https:\/\/web.facebook.com\/trakechparts\/?locale=fr_FR\",\"https:\/\/www.instagram.com\/trakech_parts\/\"]}]}<\/script>\n<!-- \/ Yoast SEO plugin. -->","yoast_head_json":{"title":"REF : 81125016100 - TRAKECH PARTS","robots":{"index":"index","follow":"follow","max-snippet":"max-snippet:-1","max-image-preview":"max-image-preview:large","max-video-preview":"max-video-preview:-1"},"canonical":"https:\/\/trakesh.com\/ar\/notre-boutique\/man\/ref-81125016100\/","og_locale":"ar_AR","og_type":"article","og_title":"REF : 81125016100 - TRAKECH PARTS","og_description":"\ud83d\udd39 Nom : Filtre \u00e0 air\u00a0 \ud83d\udd39 Compatibilit\u00e9 :     Camions MAN s\u00e9ries TGA, TGS, TGX, F2000    Bus et autocars MAN \u00e9quip\u00e9s de moteurs D20, D26, D28, D0836    Moteurs MAN conformes aux normes Euro 3 \u2013 Euro 6   \ud83d\udd39 Fonction :     Purifie l\u2019air entrant dans le moteur.    Prot\u00e8ge le turbocompresseur, les soupapes et cylindres contre l\u2019usure.    Am\u00e9liore l\u2019efficacit\u00e9 de la combustion et r\u00e9duit la consommation de carburant.    Augmente la dur\u00e9e de vie du moteur.   \ud83d\udd39 Applications :     Camions de transport longue distance et distribution.    Autobus et autocars MAN.    V\u00e9hicules industriels op\u00e9rant en environnements poussi\u00e9reux.   \ud83d\udd39 Installation :     \u00c0 ins\u00e9rer dans le bo\u00eetier de filtre \u00e0 air.    Remplacement simple et rapide.    V\u00e9rifier r\u00e9guli\u00e8rement l\u2019\u00e9tat du filtre, remplacement recommand\u00e9 aux intervalles d\u2019entretien MAN ou plus t\u00f4t si utilisation en conditions s\u00e9v\u00e8res.","og_url":"https:\/\/trakesh.com\/ar\/notre-boutique\/man\/ref-81125016100\/","og_site_name":"TRAKECH PARTS","article_publisher":"https:\/\/web.facebook.com\/trakechparts\/?locale=fr_FR","article_modified_time":"2025-11-02T16:44:36+00:00","og_image":[{"width":800,"height":800,"url":"https:\/\/trakesh.com\/wp-content\/uploads\/2025\/09\/MA-2025-11-02T174412.989.png","type":"image\/png"}],"twitter_card":"summary_large_image","twitter_misc":{"\u0648\u0642\u062a \u0627\u0644\u0642\u0631\u0627\u0621\u0629 \u0627\u0644\u0645\u064f\u0642\u062f\u0651\u0631":"\u062f\u0642\u064a\u0642\u0629 \u0648\u0627\u062d\u062f\u0629"},"schema":{"@context":"https:\/\/schema.org","@graph":[{"@type":"WebPage","@id":"https:\/\/trakesh.com\/notre-boutique\/man\/ref-81125016100\/","url":"https:\/\/trakesh.com\/notre-boutique\/man\/ref-81125016100\/","name":"REF : 81125016100 - TRAKECH PARTS","isPartOf":{"@id":"https:\/\/trakesh.com\/#website"},"primaryImageOfPage":{"@id":"https:\/\/trakesh.com\/notre-boutique\/man\/ref-81125016100\/#primaryimage"},"image":{"@id":"https:\/\/trakesh.com\/notre-boutique\/man\/ref-81125016100\/#primaryimage"},"thumbnailUrl":"https:\/\/trakesh.com\/wp-content\/uploads\/2025\/09\/MA-2025-11-02T174412.989.png","datePublished":"2025-09-06T17:47:40+00:00","dateModified":"2025-11-02T16:44:36+00:00","breadcrumb":{"@id":"https:\/\/trakesh.com\/notre-boutique\/man\/ref-81125016100\/#breadcrumb"},"inLanguage":"ar","potentialAction":[{"@type":"ReadAction","target":["https:\/\/trakesh.com\/notre-boutique\/man\/ref-81125016100\/"]}]},{"@type":"ImageObject","inLanguage":"ar","@id":"https:\/\/trakesh.com\/notre-boutique\/man\/ref-81125016100\/#primaryimage","url":"https:\/\/trakesh.com\/wp-content\/uploads\/2025\/09\/MA-2025-11-02T174412.989.png","contentUrl":"https:\/\/trakesh.com\/wp-content\/uploads\/2025\/09\/MA-2025-11-02T174412.989.png","width":800,"height":800},{"@type":"BreadcrumbList","@id":"https:\/\/trakesh.com\/notre-boutique\/man\/ref-81125016100\/#breadcrumb","itemListElement":[{"@type":"ListItem","position":1,"name":"Home","item":"https:\/\/trakesh.com\/"},{"@type":"ListItem","position":2,"name":"Notre Boutique","item":"https:\/\/trakesh.com\/notre-boutique\/"},{"@type":"ListItem","position":3,"name":"REF : 81125016100"}]},{"@type":"WebSite","@id":"https:\/\/trakesh.com\/#website","url":"https:\/\/trakesh.com\/","name":"TRAKECH PARTS","description":"Pi\u00e8ces de rechange pour camions MAN, moteurs CATERPILLAR et PERKINS \u2013 Maroc","publisher":{"@id":"https:\/\/trakesh.com\/#organization"},"potentialAction":[{"@type":"SearchAction","target":{"@type":"EntryPoint","urlTemplate":"https:\/\/trakesh.com\/?s={search_term_string}"},"query-input":{"@type":"PropertyValueSpecification","valueRequired":true,"valueName":"search_term_string"}}],"inLanguage":"ar"},{"@type":"Organization","@id":"https:\/\/trakesh.com\/#organization","name":"TRAKECH PARTS","url":"https:\/\/trakesh.com\/","logo":{"@type":"ImageObject","inLanguage":"ar","@id":"https:\/\/trakesh.com\/#\/schema\/logo\/image\/","url":"https:\/\/trakesh.com\/wp-content\/uploads\/2025\/05\/cropped-cropped-cropped-cropped-cropped-cropped-cropped-trakesh-removebg-preview-1.png","contentUrl":"https:\/\/trakesh.com\/wp-content\/uploads\/2025\/05\/cropped-cropped-cropped-cropped-cropped-cropped-cropped-trakesh-removebg-preview-1.png","width":342,"height":96,"caption":"TRAKECH PARTS"},"image":{"@id":"https:\/\/trakesh.com\/#\/schema\/logo\/image\/"},"sameAs":["https:\/\/web.facebook.com\/trakechparts\/?locale=fr_FR","https:\/\/www.instagram.com\/trakech_parts\/"]}]}},"_links":{"self":[{"href":"https:\/\/trakesh.com\/ar\/wp-json\/wp\/v2\/product\/8833","targetHints":{"allow":["GET"]}}],"collection":[{"href":"https:\/\/trakesh.com\/ar\/wp-json\/wp\/v2\/product"}],"about":[{"href":"https:\/\/trakesh.com\/ar\/wp-json\/wp\/v2\/types\/product"}],"replies":[{"embeddable":true,"href":"https:\/\/trakesh.com\/ar\/wp-json\/wp\/v2\/comments?post=8833"}],"wp:featuredmedia":[{"embeddable":true,"href":"https:\/\/trakesh.com\/ar\/wp-json\/wp\/v2\/media\/9460"}],"wp:attachment":[{"href":"https:\/\/trakesh.com\/ar\/wp-json\/wp\/v2\/media?parent=8833"}],"wp:term":[{"taxonomy":"product_brand","embeddable":true,"href":"https:\/\/trakesh.com\/ar\/wp-json\/wp\/v2\/product_brand?post=8833"},{"taxonomy":"product_cat","embeddable":true,"href":"https:\/\/trakesh.com\/ar\/wp-json\/wp\/v2\/product_cat?post=8833"},{"taxonomy":"product_tag","embeddable":true,"href":"https:\/\/trakesh.com\/ar\/wp-json\/wp\/v2\/product_tag?post=8833"}],"curies":[{"name":"wp","href":"https:\/\/api.w.org\/{rel}","templated":true}]}}