{"id":8857,"date":"2025-09-14T19:06:40","date_gmt":"2025-09-14T18:06:40","guid":{"rendered":"https:\/\/trakesh.com\/?post_type=product&#038;p=8857"},"modified":"2025-11-02T17:42:38","modified_gmt":"2025-11-02T16:42:38","slug":"ref-9710021520","status":"publish","type":"product","link":"https:\/\/trakesh.com\/ar\/notre-boutique\/fruehauf\/ref-9710021520\/","title":{"rendered":"REF : 9710021520"},"content":{"rendered":"<p><strong>Description : Soupape relais (Relay Valve) WABCO, \u00e9l\u00e9ment cl\u00e9 du syst\u00e8me de freinage pneumatique, assurant une r\u00e9ponse rapide et \u00e9quilibr\u00e9e dans la distribution d\u2019air comprim\u00e9 aux chambres de frein.<\/strong><\/p>","protected":false},"excerpt":{"rendered":"<p data-start=\"344\" data-end=\"387\">\ud83d\udd39 <strong data-start=\"347\" data-end=\"354\">Nom<\/strong> :<strong> Soupape relais<\/strong><\/p>\n<p data-start=\"389\" data-end=\"413\">\ud83d\udd39 <strong data-start=\"392\" data-end=\"409\">Compatibilit\u00e9<\/strong> :<\/p>\n<ul data-start=\"414\" data-end=\"613\">\n<li data-start=\"414\" data-end=\"522\">\n<p data-start=\"416\" data-end=\"522\">Camions et bus <strong data-start=\"431\" data-end=\"484\">DAF, MAN, IVECO, VOLVO, SCANIA, RENAULT, MERCEDES<\/strong> (selon configurations de freinage).<\/p>\n<\/li>\n<li data-start=\"523\" data-end=\"613\">\n<p data-start=\"525\" data-end=\"613\">Large utilisation dans les syst\u00e8mes de freinage pneumatique des v\u00e9hicules industriels.<\/p>\n<\/li>\n<\/ul>\n<p data-start=\"615\" data-end=\"634\">\ud83d\udd39 <strong data-start=\"618\" data-end=\"630\">Fonction<\/strong> :<\/p>\n<ul data-start=\"635\" data-end=\"859\">\n<li data-start=\"635\" data-end=\"734\">\n<p data-start=\"637\" data-end=\"734\">Acc\u00e9l\u00e8re la r\u00e9ponse du syst\u00e8me de freinage en rapprochant l\u2019air comprim\u00e9 des chambres de frein.<\/p>\n<\/li>\n<li data-start=\"735\" data-end=\"793\">\n<p data-start=\"737\" data-end=\"793\">R\u00e9duit les pertes de pression et le temps de r\u00e9action.<\/p>\n<\/li>\n<li data-start=\"794\" data-end=\"859\">\n<p data-start=\"796\" data-end=\"859\">Assure une r\u00e9partition \u00e9quilibr\u00e9e de la pression de freinage.<\/p>\n<\/li>\n<\/ul>\n<p data-start=\"861\" data-end=\"884\">\ud83d\udd39 <strong data-start=\"864\" data-end=\"880\">Applications<\/strong> :<\/p>\n<ul data-start=\"885\" data-end=\"1094\">\n<li data-start=\"885\" data-end=\"943\">\n<p data-start=\"887\" data-end=\"943\">V\u00e9hicules utilitaires lourds (camions, bus, autocars).<\/p>\n<\/li>\n<li data-start=\"944\" data-end=\"1016\">\n<p data-start=\"946\" data-end=\"1016\">Semi-remorques et remorques \u00e9quip\u00e9es de circuits pneumatiques WABCO.<\/p>\n<\/li>\n<li data-start=\"1017\" data-end=\"1094\">\n<p data-start=\"1019\" data-end=\"1094\">Syst\u00e8mes de freinage n\u00e9cessitant une distribution d\u2019air fiable et rapide.<\/p>\n<\/li>\n<\/ul>\n<p data-start=\"1096\" data-end=\"1119\">\ud83d\udd39 <strong data-start=\"1099\" data-end=\"1115\">Installation<\/strong> :<\/p>\n<ul data-start=\"1120\" data-end=\"1342\">\n<li data-start=\"1120\" data-end=\"1227\">\n<p data-start=\"1122\" data-end=\"1227\">\u00c0 monter directement sur le circuit pneumatique entre la conduite de commande et les chambres de frein.<\/p>\n<\/li>\n<li data-start=\"1228\" data-end=\"1276\">\n<p data-start=\"1230\" data-end=\"1276\">Remplacement direct de la soupape d\u2019origine.<\/p>\n<\/li>\n<li data-start=\"1277\" data-end=\"1342\">\n<p data-start=\"1279\" data-end=\"1342\">V\u00e9rification de l\u2019\u00e9tanch\u00e9it\u00e9 et des connexions apr\u00e8s montage.<\/p>\n<\/li>\n<\/ul>","protected":false},"featured_media":9459,"comment_status":"open","ping_status":"closed","template":"","meta":[],"product_brand":[77],"product_cat":[281],"product_tag":[],"class_list":{"0":"post-8857","1":"product","2":"type-product","3":"status-publish","4":"has-post-thumbnail","6":"product_brand-wbc","7":"product_cat-fruehauf","9":"first","10":"instock","11":"shipping-taxable","12":"product-type-simple"},"yoast_head":"<!-- This site is optimized with the Yoast SEO plugin v25.5 - https:\/\/yoast.com\/wordpress\/plugins\/seo\/ -->\n<title>REF : 9710021520 - TRAKECH PARTS<\/title>\n<meta name=\"robots\" content=\"index, follow, max-snippet:-1, max-image-preview:large, max-video-preview:-1\" \/>\n<link rel=\"canonical\" href=\"https:\/\/trakesh.com\/ar\/notre-boutique\/fruehauf\/ref-9710021520\/\" \/>\n<meta property=\"og:locale\" content=\"ar_AR\" \/>\n<meta property=\"og:type\" content=\"article\" \/>\n<meta property=\"og:title\" content=\"REF : 9710021520 - TRAKECH PARTS\" \/>\n<meta property=\"og:description\" content=\"\ud83d\udd39 Nom : Soupape relais \ud83d\udd39 Compatibilit\u00e9 :     Camions et bus DAF, MAN, IVECO, VOLVO, SCANIA, RENAULT, MERCEDES (selon configurations de freinage).    Large utilisation dans les syst\u00e8mes de freinage pneumatique des v\u00e9hicules industriels.   \ud83d\udd39 Fonction :     Acc\u00e9l\u00e8re la r\u00e9ponse du syst\u00e8me de freinage en rapprochant l\u2019air comprim\u00e9 des chambres de frein.    R\u00e9duit les pertes de pression et le temps de r\u00e9action.    Assure une r\u00e9partition \u00e9quilibr\u00e9e de la pression de freinage.   \ud83d\udd39 Applications :     V\u00e9hicules utilitaires lourds (camions, bus, autocars).    Semi-remorques et remorques \u00e9quip\u00e9es de circuits pneumatiques WABCO.    Syst\u00e8mes de freinage n\u00e9cessitant une distribution d\u2019air fiable et rapide.   \ud83d\udd39 Installation :     \u00c0 monter directement sur le circuit pneumatique entre la conduite de commande et les chambres de frein.    Remplacement direct de la soupape d\u2019origine.    V\u00e9rification de l\u2019\u00e9tanch\u00e9it\u00e9 et des connexions apr\u00e8s montage.\" \/>\n<meta property=\"og:url\" content=\"https:\/\/trakesh.com\/ar\/notre-boutique\/fruehauf\/ref-9710021520\/\" \/>\n<meta property=\"og:site_name\" content=\"TRAKECH PARTS\" \/>\n<meta property=\"article:publisher\" content=\"https:\/\/web.facebook.com\/trakechparts\/?locale=fr_FR\" \/>\n<meta property=\"article:modified_time\" content=\"2025-11-02T16:42:38+00:00\" \/>\n<meta property=\"og:image\" content=\"https:\/\/trakesh.com\/wp-content\/uploads\/2025\/09\/MA-2025-11-02T174217.281.png\" \/>\n\t<meta property=\"og:image:width\" content=\"800\" \/>\n\t<meta property=\"og:image:height\" content=\"800\" \/>\n\t<meta property=\"og:image:type\" content=\"image\/png\" \/>\n<meta name=\"twitter:card\" content=\"summary_large_image\" \/>\n<meta name=\"twitter:label1\" content=\"\u0648\u0642\u062a \u0627\u0644\u0642\u0631\u0627\u0621\u0629 \u0627\u0644\u0645\u064f\u0642\u062f\u0651\u0631\" \/>\n\t<meta name=\"twitter:data1\" content=\"\u062f\u0642\u064a\u0642\u0629 \u0648\u0627\u062d\u062f\u0629\" \/>\n<script type=\"application\/ld+json\" class=\"yoast-schema-graph\">{\"@context\":\"https:\/\/schema.org\",\"@graph\":[{\"@type\":\"WebPage\",\"@id\":\"https:\/\/trakesh.com\/notre-boutique\/fruehauf\/ref-9710021520\/\",\"url\":\"https:\/\/trakesh.com\/notre-boutique\/fruehauf\/ref-9710021520\/\",\"name\":\"REF : 9710021520 - TRAKECH PARTS\",\"isPartOf\":{\"@id\":\"https:\/\/trakesh.com\/#website\"},\"primaryImageOfPage\":{\"@id\":\"https:\/\/trakesh.com\/notre-boutique\/fruehauf\/ref-9710021520\/#primaryimage\"},\"image\":{\"@id\":\"https:\/\/trakesh.com\/notre-boutique\/fruehauf\/ref-9710021520\/#primaryimage\"},\"thumbnailUrl\":\"https:\/\/trakesh.com\/wp-content\/uploads\/2025\/09\/MA-2025-11-02T174217.281.png\",\"datePublished\":\"2025-09-14T18:06:40+00:00\",\"dateModified\":\"2025-11-02T16:42:38+00:00\",\"breadcrumb\":{\"@id\":\"https:\/\/trakesh.com\/notre-boutique\/fruehauf\/ref-9710021520\/#breadcrumb\"},\"inLanguage\":\"ar\",\"potentialAction\":[{\"@type\":\"ReadAction\",\"target\":[\"https:\/\/trakesh.com\/notre-boutique\/fruehauf\/ref-9710021520\/\"]}]},{\"@type\":\"ImageObject\",\"inLanguage\":\"ar\",\"@id\":\"https:\/\/trakesh.com\/notre-boutique\/fruehauf\/ref-9710021520\/#primaryimage\",\"url\":\"https:\/\/trakesh.com\/wp-content\/uploads\/2025\/09\/MA-2025-11-02T174217.281.png\",\"contentUrl\":\"https:\/\/trakesh.com\/wp-content\/uploads\/2025\/09\/MA-2025-11-02T174217.281.png\",\"width\":800,\"height\":800},{\"@type\":\"BreadcrumbList\",\"@id\":\"https:\/\/trakesh.com\/notre-boutique\/fruehauf\/ref-9710021520\/#breadcrumb\",\"itemListElement\":[{\"@type\":\"ListItem\",\"position\":1,\"name\":\"Home\",\"item\":\"https:\/\/trakesh.com\/\"},{\"@type\":\"ListItem\",\"position\":2,\"name\":\"Notre Boutique\",\"item\":\"https:\/\/trakesh.com\/notre-boutique\/\"},{\"@type\":\"ListItem\",\"position\":3,\"name\":\"REF : 9710021520\"}]},{\"@type\":\"WebSite\",\"@id\":\"https:\/\/trakesh.com\/#website\",\"url\":\"https:\/\/trakesh.com\/\",\"name\":\"TRAKECH PARTS\",\"description\":\"Pi\u00e8ces de rechange pour camions MAN, moteurs CATERPILLAR et PERKINS \u2013 Maroc\",\"publisher\":{\"@id\":\"https:\/\/trakesh.com\/#organization\"},\"potentialAction\":[{\"@type\":\"SearchAction\",\"target\":{\"@type\":\"EntryPoint\",\"urlTemplate\":\"https:\/\/trakesh.com\/?s={search_term_string}\"},\"query-input\":{\"@type\":\"PropertyValueSpecification\",\"valueRequired\":true,\"valueName\":\"search_term_string\"}}],\"inLanguage\":\"ar\"},{\"@type\":\"Organization\",\"@id\":\"https:\/\/trakesh.com\/#organization\",\"name\":\"TRAKECH PARTS\",\"url\":\"https:\/\/trakesh.com\/\",\"logo\":{\"@type\":\"ImageObject\",\"inLanguage\":\"ar\",\"@id\":\"https:\/\/trakesh.com\/#\/schema\/logo\/image\/\",\"url\":\"https:\/\/trakesh.com\/wp-content\/uploads\/2025\/05\/cropped-cropped-cropped-cropped-cropped-cropped-cropped-trakesh-removebg-preview-1.png\",\"contentUrl\":\"https:\/\/trakesh.com\/wp-content\/uploads\/2025\/05\/cropped-cropped-cropped-cropped-cropped-cropped-cropped-trakesh-removebg-preview-1.png\",\"width\":342,\"height\":96,\"caption\":\"TRAKECH PARTS\"},\"image\":{\"@id\":\"https:\/\/trakesh.com\/#\/schema\/logo\/image\/\"},\"sameAs\":[\"https:\/\/web.facebook.com\/trakechparts\/?locale=fr_FR\",\"https:\/\/www.instagram.com\/trakech_parts\/\"]}]}<\/script>\n<!-- \/ Yoast SEO plugin. -->","yoast_head_json":{"title":"REF : 9710021520 - TRAKECH PARTS","robots":{"index":"index","follow":"follow","max-snippet":"max-snippet:-1","max-image-preview":"max-image-preview:large","max-video-preview":"max-video-preview:-1"},"canonical":"https:\/\/trakesh.com\/ar\/notre-boutique\/fruehauf\/ref-9710021520\/","og_locale":"ar_AR","og_type":"article","og_title":"REF : 9710021520 - TRAKECH PARTS","og_description":"\ud83d\udd39 Nom : Soupape relais \ud83d\udd39 Compatibilit\u00e9 :     Camions et bus DAF, MAN, IVECO, VOLVO, SCANIA, RENAULT, MERCEDES (selon configurations de freinage).    Large utilisation dans les syst\u00e8mes de freinage pneumatique des v\u00e9hicules industriels.   \ud83d\udd39 Fonction :     Acc\u00e9l\u00e8re la r\u00e9ponse du syst\u00e8me de freinage en rapprochant l\u2019air comprim\u00e9 des chambres de frein.    R\u00e9duit les pertes de pression et le temps de r\u00e9action.    Assure une r\u00e9partition \u00e9quilibr\u00e9e de la pression de freinage.   \ud83d\udd39 Applications :     V\u00e9hicules utilitaires lourds (camions, bus, autocars).    Semi-remorques et remorques \u00e9quip\u00e9es de circuits pneumatiques WABCO.    Syst\u00e8mes de freinage n\u00e9cessitant une distribution d\u2019air fiable et rapide.   \ud83d\udd39 Installation :     \u00c0 monter directement sur le circuit pneumatique entre la conduite de commande et les chambres de frein.    Remplacement direct de la soupape d\u2019origine.    V\u00e9rification de l\u2019\u00e9tanch\u00e9it\u00e9 et des connexions apr\u00e8s montage.","og_url":"https:\/\/trakesh.com\/ar\/notre-boutique\/fruehauf\/ref-9710021520\/","og_site_name":"TRAKECH PARTS","article_publisher":"https:\/\/web.facebook.com\/trakechparts\/?locale=fr_FR","article_modified_time":"2025-11-02T16:42:38+00:00","og_image":[{"width":800,"height":800,"url":"https:\/\/trakesh.com\/wp-content\/uploads\/2025\/09\/MA-2025-11-02T174217.281.png","type":"image\/png"}],"twitter_card":"summary_large_image","twitter_misc":{"\u0648\u0642\u062a \u0627\u0644\u0642\u0631\u0627\u0621\u0629 \u0627\u0644\u0645\u064f\u0642\u062f\u0651\u0631":"\u062f\u0642\u064a\u0642\u0629 \u0648\u0627\u062d\u062f\u0629"},"schema":{"@context":"https:\/\/schema.org","@graph":[{"@type":"WebPage","@id":"https:\/\/trakesh.com\/notre-boutique\/fruehauf\/ref-9710021520\/","url":"https:\/\/trakesh.com\/notre-boutique\/fruehauf\/ref-9710021520\/","name":"REF : 9710021520 - TRAKECH PARTS","isPartOf":{"@id":"https:\/\/trakesh.com\/#website"},"primaryImageOfPage":{"@id":"https:\/\/trakesh.com\/notre-boutique\/fruehauf\/ref-9710021520\/#primaryimage"},"image":{"@id":"https:\/\/trakesh.com\/notre-boutique\/fruehauf\/ref-9710021520\/#primaryimage"},"thumbnailUrl":"https:\/\/trakesh.com\/wp-content\/uploads\/2025\/09\/MA-2025-11-02T174217.281.png","datePublished":"2025-09-14T18:06:40+00:00","dateModified":"2025-11-02T16:42:38+00:00","breadcrumb":{"@id":"https:\/\/trakesh.com\/notre-boutique\/fruehauf\/ref-9710021520\/#breadcrumb"},"inLanguage":"ar","potentialAction":[{"@type":"ReadAction","target":["https:\/\/trakesh.com\/notre-boutique\/fruehauf\/ref-9710021520\/"]}]},{"@type":"ImageObject","inLanguage":"ar","@id":"https:\/\/trakesh.com\/notre-boutique\/fruehauf\/ref-9710021520\/#primaryimage","url":"https:\/\/trakesh.com\/wp-content\/uploads\/2025\/09\/MA-2025-11-02T174217.281.png","contentUrl":"https:\/\/trakesh.com\/wp-content\/uploads\/2025\/09\/MA-2025-11-02T174217.281.png","width":800,"height":800},{"@type":"BreadcrumbList","@id":"https:\/\/trakesh.com\/notre-boutique\/fruehauf\/ref-9710021520\/#breadcrumb","itemListElement":[{"@type":"ListItem","position":1,"name":"Home","item":"https:\/\/trakesh.com\/"},{"@type":"ListItem","position":2,"name":"Notre Boutique","item":"https:\/\/trakesh.com\/notre-boutique\/"},{"@type":"ListItem","position":3,"name":"REF : 9710021520"}]},{"@type":"WebSite","@id":"https:\/\/trakesh.com\/#website","url":"https:\/\/trakesh.com\/","name":"TRAKECH PARTS","description":"Pi\u00e8ces de rechange pour camions MAN, moteurs CATERPILLAR et PERKINS \u2013 Maroc","publisher":{"@id":"https:\/\/trakesh.com\/#organization"},"potentialAction":[{"@type":"SearchAction","target":{"@type":"EntryPoint","urlTemplate":"https:\/\/trakesh.com\/?s={search_term_string}"},"query-input":{"@type":"PropertyValueSpecification","valueRequired":true,"valueName":"search_term_string"}}],"inLanguage":"ar"},{"@type":"Organization","@id":"https:\/\/trakesh.com\/#organization","name":"TRAKECH PARTS","url":"https:\/\/trakesh.com\/","logo":{"@type":"ImageObject","inLanguage":"ar","@id":"https:\/\/trakesh.com\/#\/schema\/logo\/image\/","url":"https:\/\/trakesh.com\/wp-content\/uploads\/2025\/05\/cropped-cropped-cropped-cropped-cropped-cropped-cropped-trakesh-removebg-preview-1.png","contentUrl":"https:\/\/trakesh.com\/wp-content\/uploads\/2025\/05\/cropped-cropped-cropped-cropped-cropped-cropped-cropped-trakesh-removebg-preview-1.png","width":342,"height":96,"caption":"TRAKECH PARTS"},"image":{"@id":"https:\/\/trakesh.com\/#\/schema\/logo\/image\/"},"sameAs":["https:\/\/web.facebook.com\/trakechparts\/?locale=fr_FR","https:\/\/www.instagram.com\/trakech_parts\/"]}]}},"_links":{"self":[{"href":"https:\/\/trakesh.com\/ar\/wp-json\/wp\/v2\/product\/8857","targetHints":{"allow":["GET"]}}],"collection":[{"href":"https:\/\/trakesh.com\/ar\/wp-json\/wp\/v2\/product"}],"about":[{"href":"https:\/\/trakesh.com\/ar\/wp-json\/wp\/v2\/types\/product"}],"replies":[{"embeddable":true,"href":"https:\/\/trakesh.com\/ar\/wp-json\/wp\/v2\/comments?post=8857"}],"wp:featuredmedia":[{"embeddable":true,"href":"https:\/\/trakesh.com\/ar\/wp-json\/wp\/v2\/media\/9459"}],"wp:attachment":[{"href":"https:\/\/trakesh.com\/ar\/wp-json\/wp\/v2\/media?parent=8857"}],"wp:term":[{"taxonomy":"product_brand","embeddable":true,"href":"https:\/\/trakesh.com\/ar\/wp-json\/wp\/v2\/product_brand?post=8857"},{"taxonomy":"product_cat","embeddable":true,"href":"https:\/\/trakesh.com\/ar\/wp-json\/wp\/v2\/product_cat?post=8857"},{"taxonomy":"product_tag","embeddable":true,"href":"https:\/\/trakesh.com\/ar\/wp-json\/wp\/v2\/product_tag?post=8857"}],"curies":[{"name":"wp","href":"https:\/\/api.w.org\/{rel}","templated":true}]}}