{"id":8860,"date":"2025-09-14T19:13:33","date_gmt":"2025-09-14T18:13:33","guid":{"rendered":"https:\/\/trakesh.com\/?post_type=product&#038;p=8860"},"modified":"2025-11-02T17:36:10","modified_gmt":"2025-11-02T16:36:10","slug":"ref-4630840310","status":"publish","type":"product","link":"https:\/\/trakesh.com\/ar\/notre-boutique\/iveco\/ref-4630840310\/","title":{"rendered":"REF : 4630840310"},"content":{"rendered":"<p><strong>\ud83d\udd39 Description : \u00c9lectrovanne (Solenoid Valve) WABCO, utilis\u00e9e dans les syst\u00e8mes pneumatiques et \u00e9lectroniques des v\u00e9hicules industriels pour contr\u00f4ler la distribution et la r\u00e9gulation de l\u2019air comprim\u00e9 via commande \u00e9lectrique<\/strong><\/p>","protected":false},"excerpt":{"rendered":"<p data-start=\"367\" data-end=\"411\">\ud83d\udd39 <strong data-start=\"370\" data-end=\"377\">Nom<\/strong> : <strong>\u00c9lectrovanne \/ Solenoid Valve<\/strong><\/p>\n<p data-start=\"413\" data-end=\"437\">\ud83d\udd39 <strong data-start=\"416\" data-end=\"433\">Compatibilit\u00e9<\/strong> :<\/p>\n<ul data-start=\"438\" data-end=\"634\">\n<li data-start=\"438\" data-end=\"532\">\n<p data-start=\"440\" data-end=\"532\">V\u00e9hicules industriels \u00e9quip\u00e9s de syst\u00e8mes pneumatiques <strong data-start=\"495\" data-end=\"504\">WABCO<\/strong> (camions, bus, autocars).<\/p>\n<\/li>\n<li data-start=\"533\" data-end=\"634\">\n<p data-start=\"535\" data-end=\"634\">Large compatibilit\u00e9 avec <strong data-start=\"560\" data-end=\"613\">DAF, MAN, VOLVO, SCANIA, IVECO, RENAULT, MERCEDES<\/strong> selon application.<\/p>\n<\/li>\n<\/ul>\n<p data-start=\"636\" data-end=\"655\">\ud83d\udd39 <strong data-start=\"639\" data-end=\"651\">Fonction<\/strong> :<\/p>\n<ul data-start=\"656\" data-end=\"918\">\n<li data-start=\"656\" data-end=\"753\">\n<p data-start=\"658\" data-end=\"753\">Convertit un signal \u00e9lectrique en action m\u00e9canique d\u2019ouverture ou fermeture du circuit d\u2019air.<\/p>\n<\/li>\n<li data-start=\"754\" data-end=\"864\">\n<p data-start=\"756\" data-end=\"864\">Permet le contr\u00f4le automatique du freinage, des suspensions pneumatiques ou autres fonctions pneumatiques.<\/p>\n<\/li>\n<li data-start=\"865\" data-end=\"918\">\n<p data-start=\"867\" data-end=\"918\">Am\u00e9liore la r\u00e9activit\u00e9 et la s\u00e9curit\u00e9 du syst\u00e8me.<\/p>\n<\/li>\n<\/ul>\n<p data-start=\"920\" data-end=\"943\">\ud83d\udd39 <strong data-start=\"923\" data-end=\"939\">Applications<\/strong> :<\/p>\n<ul data-start=\"944\" data-end=\"1089\">\n<li data-start=\"944\" data-end=\"979\">\n<p data-start=\"946\" data-end=\"979\">Syst\u00e8mes de freinage ABS \/ EBS.<\/p>\n<\/li>\n<li data-start=\"980\" data-end=\"1019\">\n<p data-start=\"982\" data-end=\"1019\">Commande de suspension pneumatique.<\/p>\n<\/li>\n<li data-start=\"1020\" data-end=\"1089\">\n<p data-start=\"1022\" data-end=\"1089\">Circuits auxiliaires n\u00e9cessitant une r\u00e9gulation d\u2019air \u00e9lectrique.<\/p>\n<\/li>\n<\/ul>\n<p data-start=\"1091\" data-end=\"1114\">\ud83d\udd39 <strong data-start=\"1094\" data-end=\"1110\">Installation<\/strong> :<\/p>\n<ul data-start=\"1115\" data-end=\"1351\">\n<li data-start=\"1115\" data-end=\"1195\">\n<p data-start=\"1117\" data-end=\"1195\">\u00c0 monter directement sur le bloc \u00e9lectro-pneumatique ou le circuit concern\u00e9.<\/p>\n<\/li>\n<li data-start=\"1196\" data-end=\"1265\">\n<p data-start=\"1198\" data-end=\"1265\">Connexion \u00e9lectrique + raccordement aux conduites d\u2019air comprim\u00e9.<\/p>\n<\/li>\n<li data-start=\"1266\" data-end=\"1351\">\n<p data-start=\"1268\" data-end=\"1351\">V\u00e9rifier la compatibilit\u00e9 de tension (12V ou 24V) selon application constructeur.<\/p>\n<\/li>\n<\/ul>","protected":false},"featured_media":9457,"comment_status":"open","ping_status":"closed","template":"","meta":[],"product_brand":[77],"product_cat":[73,61,76,75,74,72,70],"product_tag":[],"class_list":{"0":"post-8860","1":"product","2":"type-product","3":"status-publish","4":"has-post-thumbnail","6":"product_brand-wbc","7":"product_cat-daf","8":"product_cat-iveco","9":"product_cat-man","10":"product_cat-mrc","11":"product_cat-rvi","12":"product_cat-scania","13":"product_cat-vlv","15":"first","16":"instock","17":"shipping-taxable","18":"product-type-simple"},"yoast_head":"<!-- This site is optimized with the Yoast SEO plugin v25.5 - https:\/\/yoast.com\/wordpress\/plugins\/seo\/ -->\n<title>REF : 4630840310 - TRAKECH PARTS<\/title>\n<meta name=\"robots\" content=\"index, follow, max-snippet:-1, max-image-preview:large, max-video-preview:-1\" \/>\n<link rel=\"canonical\" href=\"https:\/\/trakesh.com\/ar\/notre-boutique\/iveco\/ref-4630840310\/\" \/>\n<meta property=\"og:locale\" content=\"ar_AR\" \/>\n<meta property=\"og:type\" content=\"article\" \/>\n<meta property=\"og:title\" content=\"REF : 4630840310 - TRAKECH PARTS\" \/>\n<meta property=\"og:description\" content=\"\ud83d\udd39 Nom : \u00c9lectrovanne \/ Solenoid Valve \ud83d\udd39 Compatibilit\u00e9 :     V\u00e9hicules industriels \u00e9quip\u00e9s de syst\u00e8mes pneumatiques WABCO (camions, bus, autocars).    Large compatibilit\u00e9 avec DAF, MAN, VOLVO, SCANIA, IVECO, RENAULT, MERCEDES selon application.   \ud83d\udd39 Fonction :     Convertit un signal \u00e9lectrique en action m\u00e9canique d\u2019ouverture ou fermeture du circuit d\u2019air.    Permet le contr\u00f4le automatique du freinage, des suspensions pneumatiques ou autres fonctions pneumatiques.    Am\u00e9liore la r\u00e9activit\u00e9 et la s\u00e9curit\u00e9 du syst\u00e8me.   \ud83d\udd39 Applications :     Syst\u00e8mes de freinage ABS \/ EBS.    Commande de suspension pneumatique.    Circuits auxiliaires n\u00e9cessitant une r\u00e9gulation d\u2019air \u00e9lectrique.   \ud83d\udd39 Installation :     \u00c0 monter directement sur le bloc \u00e9lectro-pneumatique ou le circuit concern\u00e9.    Connexion \u00e9lectrique + raccordement aux conduites d\u2019air comprim\u00e9.    V\u00e9rifier la compatibilit\u00e9 de tension (12V ou 24V) selon application constructeur.\" \/>\n<meta property=\"og:url\" content=\"https:\/\/trakesh.com\/ar\/notre-boutique\/iveco\/ref-4630840310\/\" \/>\n<meta property=\"og:site_name\" content=\"TRAKECH PARTS\" \/>\n<meta property=\"article:publisher\" content=\"https:\/\/web.facebook.com\/trakechparts\/?locale=fr_FR\" \/>\n<meta property=\"article:modified_time\" content=\"2025-11-02T16:36:10+00:00\" \/>\n<meta property=\"og:image\" content=\"https:\/\/trakesh.com\/wp-content\/uploads\/2025\/09\/MA-2025-11-02T173431.979.png\" \/>\n\t<meta property=\"og:image:width\" content=\"800\" \/>\n\t<meta property=\"og:image:height\" content=\"800\" \/>\n\t<meta property=\"og:image:type\" content=\"image\/png\" \/>\n<meta name=\"twitter:card\" content=\"summary_large_image\" \/>\n<meta name=\"twitter:label1\" content=\"\u0648\u0642\u062a \u0627\u0644\u0642\u0631\u0627\u0621\u0629 \u0627\u0644\u0645\u064f\u0642\u062f\u0651\u0631\" \/>\n\t<meta name=\"twitter:data1\" content=\"\u062f\u0642\u064a\u0642\u0629 \u0648\u0627\u062d\u062f\u0629\" \/>\n<script type=\"application\/ld+json\" class=\"yoast-schema-graph\">{\"@context\":\"https:\/\/schema.org\",\"@graph\":[{\"@type\":\"WebPage\",\"@id\":\"https:\/\/trakesh.com\/notre-boutique\/iveco\/ref-4630840310\/\",\"url\":\"https:\/\/trakesh.com\/notre-boutique\/iveco\/ref-4630840310\/\",\"name\":\"REF : 4630840310 - TRAKECH PARTS\",\"isPartOf\":{\"@id\":\"https:\/\/trakesh.com\/#website\"},\"primaryImageOfPage\":{\"@id\":\"https:\/\/trakesh.com\/notre-boutique\/iveco\/ref-4630840310\/#primaryimage\"},\"image\":{\"@id\":\"https:\/\/trakesh.com\/notre-boutique\/iveco\/ref-4630840310\/#primaryimage\"},\"thumbnailUrl\":\"https:\/\/trakesh.com\/wp-content\/uploads\/2025\/09\/MA-2025-11-02T173431.979.png\",\"datePublished\":\"2025-09-14T18:13:33+00:00\",\"dateModified\":\"2025-11-02T16:36:10+00:00\",\"breadcrumb\":{\"@id\":\"https:\/\/trakesh.com\/notre-boutique\/iveco\/ref-4630840310\/#breadcrumb\"},\"inLanguage\":\"ar\",\"potentialAction\":[{\"@type\":\"ReadAction\",\"target\":[\"https:\/\/trakesh.com\/notre-boutique\/iveco\/ref-4630840310\/\"]}]},{\"@type\":\"ImageObject\",\"inLanguage\":\"ar\",\"@id\":\"https:\/\/trakesh.com\/notre-boutique\/iveco\/ref-4630840310\/#primaryimage\",\"url\":\"https:\/\/trakesh.com\/wp-content\/uploads\/2025\/09\/MA-2025-11-02T173431.979.png\",\"contentUrl\":\"https:\/\/trakesh.com\/wp-content\/uploads\/2025\/09\/MA-2025-11-02T173431.979.png\",\"width\":800,\"height\":800},{\"@type\":\"BreadcrumbList\",\"@id\":\"https:\/\/trakesh.com\/notre-boutique\/iveco\/ref-4630840310\/#breadcrumb\",\"itemListElement\":[{\"@type\":\"ListItem\",\"position\":1,\"name\":\"Home\",\"item\":\"https:\/\/trakesh.com\/\"},{\"@type\":\"ListItem\",\"position\":2,\"name\":\"Notre Boutique\",\"item\":\"https:\/\/trakesh.com\/notre-boutique\/\"},{\"@type\":\"ListItem\",\"position\":3,\"name\":\"REF : 4630840310\"}]},{\"@type\":\"WebSite\",\"@id\":\"https:\/\/trakesh.com\/#website\",\"url\":\"https:\/\/trakesh.com\/\",\"name\":\"TRAKECH PARTS\",\"description\":\"Pi\u00e8ces de rechange pour camions MAN, moteurs CATERPILLAR et PERKINS \u2013 Maroc\",\"publisher\":{\"@id\":\"https:\/\/trakesh.com\/#organization\"},\"potentialAction\":[{\"@type\":\"SearchAction\",\"target\":{\"@type\":\"EntryPoint\",\"urlTemplate\":\"https:\/\/trakesh.com\/?s={search_term_string}\"},\"query-input\":{\"@type\":\"PropertyValueSpecification\",\"valueRequired\":true,\"valueName\":\"search_term_string\"}}],\"inLanguage\":\"ar\"},{\"@type\":\"Organization\",\"@id\":\"https:\/\/trakesh.com\/#organization\",\"name\":\"TRAKECH PARTS\",\"url\":\"https:\/\/trakesh.com\/\",\"logo\":{\"@type\":\"ImageObject\",\"inLanguage\":\"ar\",\"@id\":\"https:\/\/trakesh.com\/#\/schema\/logo\/image\/\",\"url\":\"https:\/\/trakesh.com\/wp-content\/uploads\/2025\/05\/cropped-cropped-cropped-cropped-cropped-cropped-cropped-trakesh-removebg-preview-1.png\",\"contentUrl\":\"https:\/\/trakesh.com\/wp-content\/uploads\/2025\/05\/cropped-cropped-cropped-cropped-cropped-cropped-cropped-trakesh-removebg-preview-1.png\",\"width\":342,\"height\":96,\"caption\":\"TRAKECH PARTS\"},\"image\":{\"@id\":\"https:\/\/trakesh.com\/#\/schema\/logo\/image\/\"},\"sameAs\":[\"https:\/\/web.facebook.com\/trakechparts\/?locale=fr_FR\",\"https:\/\/www.instagram.com\/trakech_parts\/\"]}]}<\/script>\n<!-- \/ Yoast SEO plugin. -->","yoast_head_json":{"title":"REF : 4630840310 - TRAKECH PARTS","robots":{"index":"index","follow":"follow","max-snippet":"max-snippet:-1","max-image-preview":"max-image-preview:large","max-video-preview":"max-video-preview:-1"},"canonical":"https:\/\/trakesh.com\/ar\/notre-boutique\/iveco\/ref-4630840310\/","og_locale":"ar_AR","og_type":"article","og_title":"REF : 4630840310 - TRAKECH PARTS","og_description":"\ud83d\udd39 Nom : \u00c9lectrovanne \/ Solenoid Valve \ud83d\udd39 Compatibilit\u00e9 :     V\u00e9hicules industriels \u00e9quip\u00e9s de syst\u00e8mes pneumatiques WABCO (camions, bus, autocars).    Large compatibilit\u00e9 avec DAF, MAN, VOLVO, SCANIA, IVECO, RENAULT, MERCEDES selon application.   \ud83d\udd39 Fonction :     Convertit un signal \u00e9lectrique en action m\u00e9canique d\u2019ouverture ou fermeture du circuit d\u2019air.    Permet le contr\u00f4le automatique du freinage, des suspensions pneumatiques ou autres fonctions pneumatiques.    Am\u00e9liore la r\u00e9activit\u00e9 et la s\u00e9curit\u00e9 du syst\u00e8me.   \ud83d\udd39 Applications :     Syst\u00e8mes de freinage ABS \/ EBS.    Commande de suspension pneumatique.    Circuits auxiliaires n\u00e9cessitant une r\u00e9gulation d\u2019air \u00e9lectrique.   \ud83d\udd39 Installation :     \u00c0 monter directement sur le bloc \u00e9lectro-pneumatique ou le circuit concern\u00e9.    Connexion \u00e9lectrique + raccordement aux conduites d\u2019air comprim\u00e9.    V\u00e9rifier la compatibilit\u00e9 de tension (12V ou 24V) selon application constructeur.","og_url":"https:\/\/trakesh.com\/ar\/notre-boutique\/iveco\/ref-4630840310\/","og_site_name":"TRAKECH PARTS","article_publisher":"https:\/\/web.facebook.com\/trakechparts\/?locale=fr_FR","article_modified_time":"2025-11-02T16:36:10+00:00","og_image":[{"width":800,"height":800,"url":"https:\/\/trakesh.com\/wp-content\/uploads\/2025\/09\/MA-2025-11-02T173431.979.png","type":"image\/png"}],"twitter_card":"summary_large_image","twitter_misc":{"\u0648\u0642\u062a \u0627\u0644\u0642\u0631\u0627\u0621\u0629 \u0627\u0644\u0645\u064f\u0642\u062f\u0651\u0631":"\u062f\u0642\u064a\u0642\u0629 \u0648\u0627\u062d\u062f\u0629"},"schema":{"@context":"https:\/\/schema.org","@graph":[{"@type":"WebPage","@id":"https:\/\/trakesh.com\/notre-boutique\/iveco\/ref-4630840310\/","url":"https:\/\/trakesh.com\/notre-boutique\/iveco\/ref-4630840310\/","name":"REF : 4630840310 - TRAKECH PARTS","isPartOf":{"@id":"https:\/\/trakesh.com\/#website"},"primaryImageOfPage":{"@id":"https:\/\/trakesh.com\/notre-boutique\/iveco\/ref-4630840310\/#primaryimage"},"image":{"@id":"https:\/\/trakesh.com\/notre-boutique\/iveco\/ref-4630840310\/#primaryimage"},"thumbnailUrl":"https:\/\/trakesh.com\/wp-content\/uploads\/2025\/09\/MA-2025-11-02T173431.979.png","datePublished":"2025-09-14T18:13:33+00:00","dateModified":"2025-11-02T16:36:10+00:00","breadcrumb":{"@id":"https:\/\/trakesh.com\/notre-boutique\/iveco\/ref-4630840310\/#breadcrumb"},"inLanguage":"ar","potentialAction":[{"@type":"ReadAction","target":["https:\/\/trakesh.com\/notre-boutique\/iveco\/ref-4630840310\/"]}]},{"@type":"ImageObject","inLanguage":"ar","@id":"https:\/\/trakesh.com\/notre-boutique\/iveco\/ref-4630840310\/#primaryimage","url":"https:\/\/trakesh.com\/wp-content\/uploads\/2025\/09\/MA-2025-11-02T173431.979.png","contentUrl":"https:\/\/trakesh.com\/wp-content\/uploads\/2025\/09\/MA-2025-11-02T173431.979.png","width":800,"height":800},{"@type":"BreadcrumbList","@id":"https:\/\/trakesh.com\/notre-boutique\/iveco\/ref-4630840310\/#breadcrumb","itemListElement":[{"@type":"ListItem","position":1,"name":"Home","item":"https:\/\/trakesh.com\/"},{"@type":"ListItem","position":2,"name":"Notre Boutique","item":"https:\/\/trakesh.com\/notre-boutique\/"},{"@type":"ListItem","position":3,"name":"REF : 4630840310"}]},{"@type":"WebSite","@id":"https:\/\/trakesh.com\/#website","url":"https:\/\/trakesh.com\/","name":"TRAKECH PARTS","description":"Pi\u00e8ces de rechange pour camions MAN, moteurs CATERPILLAR et PERKINS \u2013 Maroc","publisher":{"@id":"https:\/\/trakesh.com\/#organization"},"potentialAction":[{"@type":"SearchAction","target":{"@type":"EntryPoint","urlTemplate":"https:\/\/trakesh.com\/?s={search_term_string}"},"query-input":{"@type":"PropertyValueSpecification","valueRequired":true,"valueName":"search_term_string"}}],"inLanguage":"ar"},{"@type":"Organization","@id":"https:\/\/trakesh.com\/#organization","name":"TRAKECH PARTS","url":"https:\/\/trakesh.com\/","logo":{"@type":"ImageObject","inLanguage":"ar","@id":"https:\/\/trakesh.com\/#\/schema\/logo\/image\/","url":"https:\/\/trakesh.com\/wp-content\/uploads\/2025\/05\/cropped-cropped-cropped-cropped-cropped-cropped-cropped-trakesh-removebg-preview-1.png","contentUrl":"https:\/\/trakesh.com\/wp-content\/uploads\/2025\/05\/cropped-cropped-cropped-cropped-cropped-cropped-cropped-trakesh-removebg-preview-1.png","width":342,"height":96,"caption":"TRAKECH PARTS"},"image":{"@id":"https:\/\/trakesh.com\/#\/schema\/logo\/image\/"},"sameAs":["https:\/\/web.facebook.com\/trakechparts\/?locale=fr_FR","https:\/\/www.instagram.com\/trakech_parts\/"]}]}},"_links":{"self":[{"href":"https:\/\/trakesh.com\/ar\/wp-json\/wp\/v2\/product\/8860","targetHints":{"allow":["GET"]}}],"collection":[{"href":"https:\/\/trakesh.com\/ar\/wp-json\/wp\/v2\/product"}],"about":[{"href":"https:\/\/trakesh.com\/ar\/wp-json\/wp\/v2\/types\/product"}],"replies":[{"embeddable":true,"href":"https:\/\/trakesh.com\/ar\/wp-json\/wp\/v2\/comments?post=8860"}],"wp:featuredmedia":[{"embeddable":true,"href":"https:\/\/trakesh.com\/ar\/wp-json\/wp\/v2\/media\/9457"}],"wp:attachment":[{"href":"https:\/\/trakesh.com\/ar\/wp-json\/wp\/v2\/media?parent=8860"}],"wp:term":[{"taxonomy":"product_brand","embeddable":true,"href":"https:\/\/trakesh.com\/ar\/wp-json\/wp\/v2\/product_brand?post=8860"},{"taxonomy":"product_cat","embeddable":true,"href":"https:\/\/trakesh.com\/ar\/wp-json\/wp\/v2\/product_cat?post=8860"},{"taxonomy":"product_tag","embeddable":true,"href":"https:\/\/trakesh.com\/ar\/wp-json\/wp\/v2\/product_tag?post=8860"}],"curies":[{"name":"wp","href":"https:\/\/api.w.org\/{rel}","templated":true}]}}