{"id":8863,"date":"2025-09-14T19:19:09","date_gmt":"2025-09-14T18:19:09","guid":{"rendered":"https:\/\/trakesh.com\/?post_type=product&#038;p=8863"},"modified":"2025-11-02T17:32:25","modified_gmt":"2025-11-02T16:32:25","slug":"ref-k000914","status":"publish","type":"product","link":"https:\/\/trakesh.com\/ar\/notre-boutique\/man\/ref-k000914\/","title":{"rendered":"REF : K000914"},"content":{"rendered":"<p>\ud83d\udd39<strong> Description : Kit de r\u00e9paration Knorr-Bremse, con\u00e7u pour la maintenance et la remise en \u00e9tat des servos d\u2019embrayage ou valves pneumatiques.<\/strong><\/p>","protected":false},"excerpt":{"rendered":"<p data-start=\"275\" data-end=\"320\">\ud83d\udd39 <strong data-start=\"278\" data-end=\"285\">Nom<\/strong> : <strong>Kit de r\u00e9paration \/ Repair Kit<\/strong><\/p>\n<p data-start=\"322\" data-end=\"346\">\ud83d\udd39 <strong data-start=\"325\" data-end=\"342\">Compatibilit\u00e9<\/strong> :<\/p>\n<ul data-start=\"347\" data-end=\"527\">\n<li data-start=\"347\" data-end=\"422\">\n<p data-start=\"349\" data-end=\"422\">Applications <strong data-start=\"362\" data-end=\"380\">camions et bus<\/strong> \u00e9quip\u00e9s de composants <strong data-start=\"403\" data-end=\"419\">Knorr-Bremse<\/strong>.<\/p>\n<\/li>\n<li data-start=\"423\" data-end=\"527\">\n<p data-start=\"425\" data-end=\"527\">Utilis\u00e9 principalement sur syst\u00e8mes <strong data-start=\"461\" data-end=\"488\">d\u2019embrayage pneumatique<\/strong> et certaines <strong data-start=\"502\" data-end=\"524\">valves de commande<\/strong>.<\/p>\n<\/li>\n<\/ul>\n<p data-start=\"529\" data-end=\"548\">\ud83d\udd39 <strong data-start=\"532\" data-end=\"544\">Fonction<\/strong> :<\/p>\n<ul data-start=\"549\" data-end=\"777\">\n<li data-start=\"549\" data-end=\"646\">\n<p data-start=\"551\" data-end=\"646\">Permet le remplacement des pi\u00e8ces internes us\u00e9es (joints, membranes, ressorts, bagues, etc.).<\/p>\n<\/li>\n<li data-start=\"647\" data-end=\"700\">\n<p data-start=\"649\" data-end=\"700\">Prolonge la dur\u00e9e de vie du servo ou de la valve.<\/p>\n<\/li>\n<li data-start=\"701\" data-end=\"777\">\n<p data-start=\"703\" data-end=\"777\">Garantit l\u2019\u00e9tanch\u00e9it\u00e9 et la performance optimale du syst\u00e8me pneumatique.<\/p>\n<\/li>\n<\/ul>\n<p data-start=\"779\" data-end=\"802\">\ud83d\udd39 <strong data-start=\"782\" data-end=\"798\">Applications<\/strong> :<\/p>\n<ul data-start=\"803\" data-end=\"1018\">\n<li data-start=\"803\" data-end=\"944\">\n<p data-start=\"805\" data-end=\"944\">Entretien des servos d\u2019embrayage <strong data-start=\"838\" data-end=\"854\">Knorr-Bremse<\/strong> mont\u00e9s sur v\u00e9hicules <strong data-start=\"876\" data-end=\"941\">DAF, MAN, VOLVO, SCANIA, IVECO, RENAULT TRUCKS, MERCEDES-BENZ<\/strong>.<\/p>\n<\/li>\n<li data-start=\"945\" data-end=\"1018\">\n<p data-start=\"947\" data-end=\"1018\">R\u00e9paration de composants pneumatiques us\u00e9s sans remplacement complet.<\/p>\n<\/li>\n<\/ul>\n<p data-start=\"1020\" data-end=\"1043\">\ud83d\udd39 <strong data-start=\"1023\" data-end=\"1039\">Installation<\/strong> :<\/p>\n<ul data-start=\"1044\" data-end=\"1249\">\n<li data-start=\"1044\" data-end=\"1096\">\n<p data-start=\"1046\" data-end=\"1096\">D\u00e9monter le composant concern\u00e9 (servo ou valve).<\/p>\n<\/li>\n<li data-start=\"1097\" data-end=\"1164\">\n<p data-start=\"1099\" data-end=\"1164\">Remplacer les \u00e9l\u00e9ments d\u00e9fectueux par les pi\u00e8ces neuves du kit.<\/p>\n<\/li>\n<li data-start=\"1165\" data-end=\"1249\">\n<p data-start=\"1167\" data-end=\"1249\">Lubrifier si n\u00e9cessaire et remonter en respectant les instructions constructeur.<\/p>\n<\/li>\n<\/ul>","protected":false},"featured_media":9455,"comment_status":"open","ping_status":"closed","template":"","meta":[],"product_brand":[79],"product_cat":[76],"product_tag":[],"class_list":{"0":"post-8863","1":"product","2":"type-product","3":"status-publish","4":"has-post-thumbnail","6":"product_brand-kr","7":"product_cat-man","9":"first","10":"instock","11":"shipping-taxable","12":"product-type-simple"},"yoast_head":"<!-- This site is optimized with the Yoast SEO plugin v25.5 - https:\/\/yoast.com\/wordpress\/plugins\/seo\/ -->\n<title>REF : K000914 - TRAKECH PARTS<\/title>\n<meta name=\"robots\" content=\"index, follow, max-snippet:-1, max-image-preview:large, max-video-preview:-1\" \/>\n<link rel=\"canonical\" href=\"https:\/\/trakesh.com\/ar\/notre-boutique\/man\/ref-k000914\/\" \/>\n<meta property=\"og:locale\" content=\"ar_AR\" \/>\n<meta property=\"og:type\" content=\"article\" \/>\n<meta property=\"og:title\" content=\"REF : K000914 - TRAKECH PARTS\" \/>\n<meta property=\"og:description\" content=\"\ud83d\udd39 Nom : Kit de r\u00e9paration \/ Repair Kit \ud83d\udd39 Compatibilit\u00e9 :     Applications camions et bus \u00e9quip\u00e9s de composants Knorr-Bremse.    Utilis\u00e9 principalement sur syst\u00e8mes d\u2019embrayage pneumatique et certaines valves de commande.   \ud83d\udd39 Fonction :     Permet le remplacement des pi\u00e8ces internes us\u00e9es (joints, membranes, ressorts, bagues, etc.).    Prolonge la dur\u00e9e de vie du servo ou de la valve.    Garantit l\u2019\u00e9tanch\u00e9it\u00e9 et la performance optimale du syst\u00e8me pneumatique.   \ud83d\udd39 Applications :     Entretien des servos d\u2019embrayage Knorr-Bremse mont\u00e9s sur v\u00e9hicules DAF, MAN, VOLVO, SCANIA, IVECO, RENAULT TRUCKS, MERCEDES-BENZ.    R\u00e9paration de composants pneumatiques us\u00e9s sans remplacement complet.   \ud83d\udd39 Installation :     D\u00e9monter le composant concern\u00e9 (servo ou valve).    Remplacer les \u00e9l\u00e9ments d\u00e9fectueux par les pi\u00e8ces neuves du kit.    Lubrifier si n\u00e9cessaire et remonter en respectant les instructions constructeur.\" \/>\n<meta property=\"og:url\" content=\"https:\/\/trakesh.com\/ar\/notre-boutique\/man\/ref-k000914\/\" \/>\n<meta property=\"og:site_name\" content=\"TRAKECH PARTS\" \/>\n<meta property=\"article:publisher\" content=\"https:\/\/web.facebook.com\/trakechparts\/?locale=fr_FR\" \/>\n<meta property=\"article:modified_time\" content=\"2025-11-02T16:32:25+00:00\" \/>\n<meta property=\"og:image\" content=\"https:\/\/trakesh.com\/wp-content\/uploads\/2025\/09\/MA-2025-11-02T173152.306.png\" \/>\n\t<meta property=\"og:image:width\" content=\"800\" \/>\n\t<meta property=\"og:image:height\" content=\"800\" \/>\n\t<meta property=\"og:image:type\" content=\"image\/png\" \/>\n<meta name=\"twitter:card\" content=\"summary_large_image\" \/>\n<meta name=\"twitter:label1\" content=\"\u0648\u0642\u062a \u0627\u0644\u0642\u0631\u0627\u0621\u0629 \u0627\u0644\u0645\u064f\u0642\u062f\u0651\u0631\" \/>\n\t<meta name=\"twitter:data1\" content=\"\u062f\u0642\u064a\u0642\u0629 \u0648\u0627\u062d\u062f\u0629\" \/>\n<script type=\"application\/ld+json\" class=\"yoast-schema-graph\">{\"@context\":\"https:\/\/schema.org\",\"@graph\":[{\"@type\":\"WebPage\",\"@id\":\"https:\/\/trakesh.com\/notre-boutique\/man\/ref-k000914\/\",\"url\":\"https:\/\/trakesh.com\/notre-boutique\/man\/ref-k000914\/\",\"name\":\"REF : K000914 - TRAKECH PARTS\",\"isPartOf\":{\"@id\":\"https:\/\/trakesh.com\/#website\"},\"primaryImageOfPage\":{\"@id\":\"https:\/\/trakesh.com\/notre-boutique\/man\/ref-k000914\/#primaryimage\"},\"image\":{\"@id\":\"https:\/\/trakesh.com\/notre-boutique\/man\/ref-k000914\/#primaryimage\"},\"thumbnailUrl\":\"https:\/\/trakesh.com\/wp-content\/uploads\/2025\/09\/MA-2025-11-02T173152.306.png\",\"datePublished\":\"2025-09-14T18:19:09+00:00\",\"dateModified\":\"2025-11-02T16:32:25+00:00\",\"breadcrumb\":{\"@id\":\"https:\/\/trakesh.com\/notre-boutique\/man\/ref-k000914\/#breadcrumb\"},\"inLanguage\":\"ar\",\"potentialAction\":[{\"@type\":\"ReadAction\",\"target\":[\"https:\/\/trakesh.com\/notre-boutique\/man\/ref-k000914\/\"]}]},{\"@type\":\"ImageObject\",\"inLanguage\":\"ar\",\"@id\":\"https:\/\/trakesh.com\/notre-boutique\/man\/ref-k000914\/#primaryimage\",\"url\":\"https:\/\/trakesh.com\/wp-content\/uploads\/2025\/09\/MA-2025-11-02T173152.306.png\",\"contentUrl\":\"https:\/\/trakesh.com\/wp-content\/uploads\/2025\/09\/MA-2025-11-02T173152.306.png\",\"width\":800,\"height\":800},{\"@type\":\"BreadcrumbList\",\"@id\":\"https:\/\/trakesh.com\/notre-boutique\/man\/ref-k000914\/#breadcrumb\",\"itemListElement\":[{\"@type\":\"ListItem\",\"position\":1,\"name\":\"Home\",\"item\":\"https:\/\/trakesh.com\/\"},{\"@type\":\"ListItem\",\"position\":2,\"name\":\"Notre Boutique\",\"item\":\"https:\/\/trakesh.com\/notre-boutique\/\"},{\"@type\":\"ListItem\",\"position\":3,\"name\":\"REF : K000914\"}]},{\"@type\":\"WebSite\",\"@id\":\"https:\/\/trakesh.com\/#website\",\"url\":\"https:\/\/trakesh.com\/\",\"name\":\"TRAKECH PARTS\",\"description\":\"Pi\u00e8ces de rechange pour camions MAN, moteurs CATERPILLAR et PERKINS \u2013 Maroc\",\"publisher\":{\"@id\":\"https:\/\/trakesh.com\/#organization\"},\"potentialAction\":[{\"@type\":\"SearchAction\",\"target\":{\"@type\":\"EntryPoint\",\"urlTemplate\":\"https:\/\/trakesh.com\/?s={search_term_string}\"},\"query-input\":{\"@type\":\"PropertyValueSpecification\",\"valueRequired\":true,\"valueName\":\"search_term_string\"}}],\"inLanguage\":\"ar\"},{\"@type\":\"Organization\",\"@id\":\"https:\/\/trakesh.com\/#organization\",\"name\":\"TRAKECH PARTS\",\"url\":\"https:\/\/trakesh.com\/\",\"logo\":{\"@type\":\"ImageObject\",\"inLanguage\":\"ar\",\"@id\":\"https:\/\/trakesh.com\/#\/schema\/logo\/image\/\",\"url\":\"https:\/\/trakesh.com\/wp-content\/uploads\/2025\/05\/cropped-cropped-cropped-cropped-cropped-cropped-cropped-trakesh-removebg-preview-1.png\",\"contentUrl\":\"https:\/\/trakesh.com\/wp-content\/uploads\/2025\/05\/cropped-cropped-cropped-cropped-cropped-cropped-cropped-trakesh-removebg-preview-1.png\",\"width\":342,\"height\":96,\"caption\":\"TRAKECH PARTS\"},\"image\":{\"@id\":\"https:\/\/trakesh.com\/#\/schema\/logo\/image\/\"},\"sameAs\":[\"https:\/\/web.facebook.com\/trakechparts\/?locale=fr_FR\",\"https:\/\/www.instagram.com\/trakech_parts\/\"]}]}<\/script>\n<!-- \/ Yoast SEO plugin. -->","yoast_head_json":{"title":"REF : K000914 - TRAKECH PARTS","robots":{"index":"index","follow":"follow","max-snippet":"max-snippet:-1","max-image-preview":"max-image-preview:large","max-video-preview":"max-video-preview:-1"},"canonical":"https:\/\/trakesh.com\/ar\/notre-boutique\/man\/ref-k000914\/","og_locale":"ar_AR","og_type":"article","og_title":"REF : K000914 - TRAKECH PARTS","og_description":"\ud83d\udd39 Nom : Kit de r\u00e9paration \/ Repair Kit \ud83d\udd39 Compatibilit\u00e9 :     Applications camions et bus \u00e9quip\u00e9s de composants Knorr-Bremse.    Utilis\u00e9 principalement sur syst\u00e8mes d\u2019embrayage pneumatique et certaines valves de commande.   \ud83d\udd39 Fonction :     Permet le remplacement des pi\u00e8ces internes us\u00e9es (joints, membranes, ressorts, bagues, etc.).    Prolonge la dur\u00e9e de vie du servo ou de la valve.    Garantit l\u2019\u00e9tanch\u00e9it\u00e9 et la performance optimale du syst\u00e8me pneumatique.   \ud83d\udd39 Applications :     Entretien des servos d\u2019embrayage Knorr-Bremse mont\u00e9s sur v\u00e9hicules DAF, MAN, VOLVO, SCANIA, IVECO, RENAULT TRUCKS, MERCEDES-BENZ.    R\u00e9paration de composants pneumatiques us\u00e9s sans remplacement complet.   \ud83d\udd39 Installation :     D\u00e9monter le composant concern\u00e9 (servo ou valve).    Remplacer les \u00e9l\u00e9ments d\u00e9fectueux par les pi\u00e8ces neuves du kit.    Lubrifier si n\u00e9cessaire et remonter en respectant les instructions constructeur.","og_url":"https:\/\/trakesh.com\/ar\/notre-boutique\/man\/ref-k000914\/","og_site_name":"TRAKECH PARTS","article_publisher":"https:\/\/web.facebook.com\/trakechparts\/?locale=fr_FR","article_modified_time":"2025-11-02T16:32:25+00:00","og_image":[{"width":800,"height":800,"url":"https:\/\/trakesh.com\/wp-content\/uploads\/2025\/09\/MA-2025-11-02T173152.306.png","type":"image\/png"}],"twitter_card":"summary_large_image","twitter_misc":{"\u0648\u0642\u062a \u0627\u0644\u0642\u0631\u0627\u0621\u0629 \u0627\u0644\u0645\u064f\u0642\u062f\u0651\u0631":"\u062f\u0642\u064a\u0642\u0629 \u0648\u0627\u062d\u062f\u0629"},"schema":{"@context":"https:\/\/schema.org","@graph":[{"@type":"WebPage","@id":"https:\/\/trakesh.com\/notre-boutique\/man\/ref-k000914\/","url":"https:\/\/trakesh.com\/notre-boutique\/man\/ref-k000914\/","name":"REF : K000914 - TRAKECH PARTS","isPartOf":{"@id":"https:\/\/trakesh.com\/#website"},"primaryImageOfPage":{"@id":"https:\/\/trakesh.com\/notre-boutique\/man\/ref-k000914\/#primaryimage"},"image":{"@id":"https:\/\/trakesh.com\/notre-boutique\/man\/ref-k000914\/#primaryimage"},"thumbnailUrl":"https:\/\/trakesh.com\/wp-content\/uploads\/2025\/09\/MA-2025-11-02T173152.306.png","datePublished":"2025-09-14T18:19:09+00:00","dateModified":"2025-11-02T16:32:25+00:00","breadcrumb":{"@id":"https:\/\/trakesh.com\/notre-boutique\/man\/ref-k000914\/#breadcrumb"},"inLanguage":"ar","potentialAction":[{"@type":"ReadAction","target":["https:\/\/trakesh.com\/notre-boutique\/man\/ref-k000914\/"]}]},{"@type":"ImageObject","inLanguage":"ar","@id":"https:\/\/trakesh.com\/notre-boutique\/man\/ref-k000914\/#primaryimage","url":"https:\/\/trakesh.com\/wp-content\/uploads\/2025\/09\/MA-2025-11-02T173152.306.png","contentUrl":"https:\/\/trakesh.com\/wp-content\/uploads\/2025\/09\/MA-2025-11-02T173152.306.png","width":800,"height":800},{"@type":"BreadcrumbList","@id":"https:\/\/trakesh.com\/notre-boutique\/man\/ref-k000914\/#breadcrumb","itemListElement":[{"@type":"ListItem","position":1,"name":"Home","item":"https:\/\/trakesh.com\/"},{"@type":"ListItem","position":2,"name":"Notre Boutique","item":"https:\/\/trakesh.com\/notre-boutique\/"},{"@type":"ListItem","position":3,"name":"REF : K000914"}]},{"@type":"WebSite","@id":"https:\/\/trakesh.com\/#website","url":"https:\/\/trakesh.com\/","name":"TRAKECH PARTS","description":"Pi\u00e8ces de rechange pour camions MAN, moteurs CATERPILLAR et PERKINS \u2013 Maroc","publisher":{"@id":"https:\/\/trakesh.com\/#organization"},"potentialAction":[{"@type":"SearchAction","target":{"@type":"EntryPoint","urlTemplate":"https:\/\/trakesh.com\/?s={search_term_string}"},"query-input":{"@type":"PropertyValueSpecification","valueRequired":true,"valueName":"search_term_string"}}],"inLanguage":"ar"},{"@type":"Organization","@id":"https:\/\/trakesh.com\/#organization","name":"TRAKECH PARTS","url":"https:\/\/trakesh.com\/","logo":{"@type":"ImageObject","inLanguage":"ar","@id":"https:\/\/trakesh.com\/#\/schema\/logo\/image\/","url":"https:\/\/trakesh.com\/wp-content\/uploads\/2025\/05\/cropped-cropped-cropped-cropped-cropped-cropped-cropped-trakesh-removebg-preview-1.png","contentUrl":"https:\/\/trakesh.com\/wp-content\/uploads\/2025\/05\/cropped-cropped-cropped-cropped-cropped-cropped-cropped-trakesh-removebg-preview-1.png","width":342,"height":96,"caption":"TRAKECH PARTS"},"image":{"@id":"https:\/\/trakesh.com\/#\/schema\/logo\/image\/"},"sameAs":["https:\/\/web.facebook.com\/trakechparts\/?locale=fr_FR","https:\/\/www.instagram.com\/trakech_parts\/"]}]}},"_links":{"self":[{"href":"https:\/\/trakesh.com\/ar\/wp-json\/wp\/v2\/product\/8863","targetHints":{"allow":["GET"]}}],"collection":[{"href":"https:\/\/trakesh.com\/ar\/wp-json\/wp\/v2\/product"}],"about":[{"href":"https:\/\/trakesh.com\/ar\/wp-json\/wp\/v2\/types\/product"}],"replies":[{"embeddable":true,"href":"https:\/\/trakesh.com\/ar\/wp-json\/wp\/v2\/comments?post=8863"}],"wp:featuredmedia":[{"embeddable":true,"href":"https:\/\/trakesh.com\/ar\/wp-json\/wp\/v2\/media\/9455"}],"wp:attachment":[{"href":"https:\/\/trakesh.com\/ar\/wp-json\/wp\/v2\/media?parent=8863"}],"wp:term":[{"taxonomy":"product_brand","embeddable":true,"href":"https:\/\/trakesh.com\/ar\/wp-json\/wp\/v2\/product_brand?post=8863"},{"taxonomy":"product_cat","embeddable":true,"href":"https:\/\/trakesh.com\/ar\/wp-json\/wp\/v2\/product_cat?post=8863"},{"taxonomy":"product_tag","embeddable":true,"href":"https:\/\/trakesh.com\/ar\/wp-json\/wp\/v2\/product_tag?post=8863"}],"curies":[{"name":"wp","href":"https:\/\/api.w.org\/{rel}","templated":true}]}}