{"id":8865,"date":"2025-09-14T19:23:44","date_gmt":"2025-09-14T18:23:44","guid":{"rendered":"https:\/\/trakesh.com\/?post_type=product&#038;p=8865"},"modified":"2025-11-02T17:30:22","modified_gmt":"2025-11-02T16:30:22","slug":"ref-k020024n50","status":"publish","type":"product","link":"https:\/\/trakesh.com\/ar\/notre-boutique\/man\/ref-k020024n50\/","title":{"rendered":"REF : K020024N50"},"content":{"rendered":"<p><strong>\ud83d\udd39 Description : Kit de r\u00e9paration d\u2019origine Knorr-Bremse, pr\u00e9vu pour la maintenance des servos d\u2019embrayage automatiques.<\/strong><\/p>","protected":false},"excerpt":{"rendered":"<p data-start=\"264\" data-end=\"309\">\ud83d\udd39 <strong data-start=\"267\" data-end=\"274\">Nom<\/strong> : <strong>Kit de r\u00e9paration \/ Repair Kit<\/strong><\/p>\n<p data-start=\"311\" data-end=\"335\">\ud83d\udd39 <strong data-start=\"314\" data-end=\"331\">Compatibilit\u00e9<\/strong> :<\/p>\n<ul data-start=\"336\" data-end=\"543\">\n<li data-start=\"336\" data-end=\"415\">\n<p data-start=\"338\" data-end=\"415\">Convient aux <strong data-start=\"351\" data-end=\"412\">servos d\u2019embrayage pneumatiques automatiques Knorr-Bremse<\/strong>.<\/p>\n<\/li>\n<li data-start=\"416\" data-end=\"543\">\n<p data-start=\"418\" data-end=\"543\">Applications sur v\u00e9hicules industriels : <strong data-start=\"459\" data-end=\"524\">DAF, MAN, IVECO, RENAULT TRUCKS, VOLVO, SCANIA, MERCEDES-BENZ<\/strong> (selon montage).<\/p>\n<\/li>\n<\/ul>\n<p data-start=\"545\" data-end=\"564\">\ud83d\udd39 <strong data-start=\"548\" data-end=\"560\">Fonction<\/strong> :<\/p>\n<ul data-start=\"565\" data-end=\"787\">\n<li data-start=\"565\" data-end=\"670\">\n<p data-start=\"567\" data-end=\"670\">Remplacement des \u00e9l\u00e9ments d\u2019usure internes (joints toriques, membranes, ressorts, bagues de guidage).<\/p>\n<\/li>\n<li data-start=\"671\" data-end=\"736\">\n<p data-start=\"673\" data-end=\"736\">Restaure l\u2019\u00e9tanch\u00e9it\u00e9 et la pr\u00e9cision du syst\u00e8me d\u2019embrayage.<\/p>\n<\/li>\n<li data-start=\"737\" data-end=\"787\">\n<p data-start=\"739\" data-end=\"787\">Prolonge la dur\u00e9e de vie du servo d\u2019embrayage.<\/p>\n<\/li>\n<\/ul>\n<p data-start=\"789\" data-end=\"812\">\ud83d\udd39 <strong data-start=\"792\" data-end=\"808\">Applications<\/strong> :<\/p>\n<ul data-start=\"813\" data-end=\"1007\">\n<li data-start=\"813\" data-end=\"946\">\n<p data-start=\"815\" data-end=\"946\">Entretien des syst\u00e8mes d\u2019embrayage pneumatiques automatiques <strong data-start=\"876\" data-end=\"892\">Knorr-Bremse<\/strong> mont\u00e9s sur poids lourds, bus et utilitaires lourds.<\/p>\n<\/li>\n<li data-start=\"947\" data-end=\"1007\">\n<p data-start=\"949\" data-end=\"1007\">Alternative \u00e9conomique au remplacement complet du servo.<\/p>\n<\/li>\n<\/ul>\n<p data-start=\"1009\" data-end=\"1032\">\ud83d\udd39 <strong data-start=\"1012\" data-end=\"1028\">Installation<\/strong> :<\/p>\n<ol data-start=\"1033\" data-end=\"1321\">\n<li data-start=\"1033\" data-end=\"1077\">\n<p data-start=\"1036\" data-end=\"1077\">D\u00e9monter le servo d\u2019embrayage concern\u00e9.<\/p>\n<\/li>\n<li data-start=\"1078\" data-end=\"1162\">\n<p data-start=\"1081\" data-end=\"1162\">Identifier les pi\u00e8ces d\u2019usure et les remplacer par celles fournies dans le kit.<\/p>\n<\/li>\n<li data-start=\"1163\" data-end=\"1247\">\n<p data-start=\"1166\" data-end=\"1247\">Respecter les consignes de montage constructeur (graissage, couple de serrage).<\/p>\n<\/li>\n<li data-start=\"1248\" data-end=\"1321\">\n<p data-start=\"1251\" data-end=\"1321\">Tester le bon fonctionnement et l\u2019absence de fuites apr\u00e8s remontage.<\/p>\n<\/li>\n<\/ol>","protected":false},"featured_media":9454,"comment_status":"open","ping_status":"closed","template":"","meta":[],"product_brand":[79],"product_cat":[76],"product_tag":[],"class_list":{"0":"post-8865","1":"product","2":"type-product","3":"status-publish","4":"has-post-thumbnail","6":"product_brand-kr","7":"product_cat-man","9":"first","10":"instock","11":"shipping-taxable","12":"product-type-simple"},"yoast_head":"<!-- This site is optimized with the Yoast SEO plugin v25.5 - https:\/\/yoast.com\/wordpress\/plugins\/seo\/ -->\n<title>REF : K020024N50 - TRAKECH PARTS<\/title>\n<meta name=\"robots\" content=\"index, follow, max-snippet:-1, max-image-preview:large, max-video-preview:-1\" \/>\n<link rel=\"canonical\" href=\"https:\/\/trakesh.com\/ar\/notre-boutique\/man\/ref-k020024n50\/\" \/>\n<meta property=\"og:locale\" content=\"ar_AR\" \/>\n<meta property=\"og:type\" content=\"article\" \/>\n<meta property=\"og:title\" content=\"REF : K020024N50 - TRAKECH PARTS\" \/>\n<meta property=\"og:description\" content=\"\ud83d\udd39 Nom : Kit de r\u00e9paration \/ Repair Kit \ud83d\udd39 Compatibilit\u00e9 :     Convient aux servos d\u2019embrayage pneumatiques automatiques Knorr-Bremse.    Applications sur v\u00e9hicules industriels : DAF, MAN, IVECO, RENAULT TRUCKS, VOLVO, SCANIA, MERCEDES-BENZ (selon montage).   \ud83d\udd39 Fonction :     Remplacement des \u00e9l\u00e9ments d\u2019usure internes (joints toriques, membranes, ressorts, bagues de guidage).    Restaure l\u2019\u00e9tanch\u00e9it\u00e9 et la pr\u00e9cision du syst\u00e8me d\u2019embrayage.    Prolonge la dur\u00e9e de vie du servo d\u2019embrayage.   \ud83d\udd39 Applications :     Entretien des syst\u00e8mes d\u2019embrayage pneumatiques automatiques Knorr-Bremse mont\u00e9s sur poids lourds, bus et utilitaires lourds.    Alternative \u00e9conomique au remplacement complet du servo.   \ud83d\udd39 Installation :     D\u00e9monter le servo d\u2019embrayage concern\u00e9.    Identifier les pi\u00e8ces d\u2019usure et les remplacer par celles fournies dans le kit.    Respecter les consignes de montage constructeur (graissage, couple de serrage).    Tester le bon fonctionnement et l\u2019absence de fuites apr\u00e8s remontage.\" \/>\n<meta property=\"og:url\" content=\"https:\/\/trakesh.com\/ar\/notre-boutique\/man\/ref-k020024n50\/\" \/>\n<meta property=\"og:site_name\" content=\"TRAKECH PARTS\" \/>\n<meta property=\"article:publisher\" content=\"https:\/\/web.facebook.com\/trakechparts\/?locale=fr_FR\" \/>\n<meta property=\"article:modified_time\" content=\"2025-11-02T16:30:22+00:00\" \/>\n<meta property=\"og:image\" content=\"https:\/\/trakesh.com\/wp-content\/uploads\/2025\/09\/MA-2025-11-02T172947.907.png\" \/>\n\t<meta property=\"og:image:width\" content=\"800\" \/>\n\t<meta property=\"og:image:height\" content=\"800\" \/>\n\t<meta property=\"og:image:type\" content=\"image\/png\" \/>\n<meta name=\"twitter:card\" content=\"summary_large_image\" \/>\n<meta name=\"twitter:label1\" content=\"\u0648\u0642\u062a \u0627\u0644\u0642\u0631\u0627\u0621\u0629 \u0627\u0644\u0645\u064f\u0642\u062f\u0651\u0631\" \/>\n\t<meta name=\"twitter:data1\" content=\"\u062f\u0642\u064a\u0642\u0629 \u0648\u0627\u062d\u062f\u0629\" \/>\n<script type=\"application\/ld+json\" class=\"yoast-schema-graph\">{\"@context\":\"https:\/\/schema.org\",\"@graph\":[{\"@type\":\"WebPage\",\"@id\":\"https:\/\/trakesh.com\/notre-boutique\/man\/ref-k020024n50\/\",\"url\":\"https:\/\/trakesh.com\/notre-boutique\/man\/ref-k020024n50\/\",\"name\":\"REF : K020024N50 - TRAKECH PARTS\",\"isPartOf\":{\"@id\":\"https:\/\/trakesh.com\/#website\"},\"primaryImageOfPage\":{\"@id\":\"https:\/\/trakesh.com\/notre-boutique\/man\/ref-k020024n50\/#primaryimage\"},\"image\":{\"@id\":\"https:\/\/trakesh.com\/notre-boutique\/man\/ref-k020024n50\/#primaryimage\"},\"thumbnailUrl\":\"https:\/\/trakesh.com\/wp-content\/uploads\/2025\/09\/MA-2025-11-02T172947.907.png\",\"datePublished\":\"2025-09-14T18:23:44+00:00\",\"dateModified\":\"2025-11-02T16:30:22+00:00\",\"breadcrumb\":{\"@id\":\"https:\/\/trakesh.com\/notre-boutique\/man\/ref-k020024n50\/#breadcrumb\"},\"inLanguage\":\"ar\",\"potentialAction\":[{\"@type\":\"ReadAction\",\"target\":[\"https:\/\/trakesh.com\/notre-boutique\/man\/ref-k020024n50\/\"]}]},{\"@type\":\"ImageObject\",\"inLanguage\":\"ar\",\"@id\":\"https:\/\/trakesh.com\/notre-boutique\/man\/ref-k020024n50\/#primaryimage\",\"url\":\"https:\/\/trakesh.com\/wp-content\/uploads\/2025\/09\/MA-2025-11-02T172947.907.png\",\"contentUrl\":\"https:\/\/trakesh.com\/wp-content\/uploads\/2025\/09\/MA-2025-11-02T172947.907.png\",\"width\":800,\"height\":800},{\"@type\":\"BreadcrumbList\",\"@id\":\"https:\/\/trakesh.com\/notre-boutique\/man\/ref-k020024n50\/#breadcrumb\",\"itemListElement\":[{\"@type\":\"ListItem\",\"position\":1,\"name\":\"Home\",\"item\":\"https:\/\/trakesh.com\/\"},{\"@type\":\"ListItem\",\"position\":2,\"name\":\"Notre Boutique\",\"item\":\"https:\/\/trakesh.com\/notre-boutique\/\"},{\"@type\":\"ListItem\",\"position\":3,\"name\":\"REF : K020024N50\"}]},{\"@type\":\"WebSite\",\"@id\":\"https:\/\/trakesh.com\/#website\",\"url\":\"https:\/\/trakesh.com\/\",\"name\":\"TRAKECH PARTS\",\"description\":\"Pi\u00e8ces de rechange pour camions MAN, moteurs CATERPILLAR et PERKINS \u2013 Maroc\",\"publisher\":{\"@id\":\"https:\/\/trakesh.com\/#organization\"},\"potentialAction\":[{\"@type\":\"SearchAction\",\"target\":{\"@type\":\"EntryPoint\",\"urlTemplate\":\"https:\/\/trakesh.com\/?s={search_term_string}\"},\"query-input\":{\"@type\":\"PropertyValueSpecification\",\"valueRequired\":true,\"valueName\":\"search_term_string\"}}],\"inLanguage\":\"ar\"},{\"@type\":\"Organization\",\"@id\":\"https:\/\/trakesh.com\/#organization\",\"name\":\"TRAKECH PARTS\",\"url\":\"https:\/\/trakesh.com\/\",\"logo\":{\"@type\":\"ImageObject\",\"inLanguage\":\"ar\",\"@id\":\"https:\/\/trakesh.com\/#\/schema\/logo\/image\/\",\"url\":\"https:\/\/trakesh.com\/wp-content\/uploads\/2025\/05\/cropped-cropped-cropped-cropped-cropped-cropped-cropped-trakesh-removebg-preview-1.png\",\"contentUrl\":\"https:\/\/trakesh.com\/wp-content\/uploads\/2025\/05\/cropped-cropped-cropped-cropped-cropped-cropped-cropped-trakesh-removebg-preview-1.png\",\"width\":342,\"height\":96,\"caption\":\"TRAKECH PARTS\"},\"image\":{\"@id\":\"https:\/\/trakesh.com\/#\/schema\/logo\/image\/\"},\"sameAs\":[\"https:\/\/web.facebook.com\/trakechparts\/?locale=fr_FR\",\"https:\/\/www.instagram.com\/trakech_parts\/\"]}]}<\/script>\n<!-- \/ Yoast SEO plugin. -->","yoast_head_json":{"title":"REF : K020024N50 - TRAKECH PARTS","robots":{"index":"index","follow":"follow","max-snippet":"max-snippet:-1","max-image-preview":"max-image-preview:large","max-video-preview":"max-video-preview:-1"},"canonical":"https:\/\/trakesh.com\/ar\/notre-boutique\/man\/ref-k020024n50\/","og_locale":"ar_AR","og_type":"article","og_title":"REF : K020024N50 - TRAKECH PARTS","og_description":"\ud83d\udd39 Nom : Kit de r\u00e9paration \/ Repair Kit \ud83d\udd39 Compatibilit\u00e9 :     Convient aux servos d\u2019embrayage pneumatiques automatiques Knorr-Bremse.    Applications sur v\u00e9hicules industriels : DAF, MAN, IVECO, RENAULT TRUCKS, VOLVO, SCANIA, MERCEDES-BENZ (selon montage).   \ud83d\udd39 Fonction :     Remplacement des \u00e9l\u00e9ments d\u2019usure internes (joints toriques, membranes, ressorts, bagues de guidage).    Restaure l\u2019\u00e9tanch\u00e9it\u00e9 et la pr\u00e9cision du syst\u00e8me d\u2019embrayage.    Prolonge la dur\u00e9e de vie du servo d\u2019embrayage.   \ud83d\udd39 Applications :     Entretien des syst\u00e8mes d\u2019embrayage pneumatiques automatiques Knorr-Bremse mont\u00e9s sur poids lourds, bus et utilitaires lourds.    Alternative \u00e9conomique au remplacement complet du servo.   \ud83d\udd39 Installation :     D\u00e9monter le servo d\u2019embrayage concern\u00e9.    Identifier les pi\u00e8ces d\u2019usure et les remplacer par celles fournies dans le kit.    Respecter les consignes de montage constructeur (graissage, couple de serrage).    Tester le bon fonctionnement et l\u2019absence de fuites apr\u00e8s remontage.","og_url":"https:\/\/trakesh.com\/ar\/notre-boutique\/man\/ref-k020024n50\/","og_site_name":"TRAKECH PARTS","article_publisher":"https:\/\/web.facebook.com\/trakechparts\/?locale=fr_FR","article_modified_time":"2025-11-02T16:30:22+00:00","og_image":[{"width":800,"height":800,"url":"https:\/\/trakesh.com\/wp-content\/uploads\/2025\/09\/MA-2025-11-02T172947.907.png","type":"image\/png"}],"twitter_card":"summary_large_image","twitter_misc":{"\u0648\u0642\u062a \u0627\u0644\u0642\u0631\u0627\u0621\u0629 \u0627\u0644\u0645\u064f\u0642\u062f\u0651\u0631":"\u062f\u0642\u064a\u0642\u0629 \u0648\u0627\u062d\u062f\u0629"},"schema":{"@context":"https:\/\/schema.org","@graph":[{"@type":"WebPage","@id":"https:\/\/trakesh.com\/notre-boutique\/man\/ref-k020024n50\/","url":"https:\/\/trakesh.com\/notre-boutique\/man\/ref-k020024n50\/","name":"REF : K020024N50 - TRAKECH PARTS","isPartOf":{"@id":"https:\/\/trakesh.com\/#website"},"primaryImageOfPage":{"@id":"https:\/\/trakesh.com\/notre-boutique\/man\/ref-k020024n50\/#primaryimage"},"image":{"@id":"https:\/\/trakesh.com\/notre-boutique\/man\/ref-k020024n50\/#primaryimage"},"thumbnailUrl":"https:\/\/trakesh.com\/wp-content\/uploads\/2025\/09\/MA-2025-11-02T172947.907.png","datePublished":"2025-09-14T18:23:44+00:00","dateModified":"2025-11-02T16:30:22+00:00","breadcrumb":{"@id":"https:\/\/trakesh.com\/notre-boutique\/man\/ref-k020024n50\/#breadcrumb"},"inLanguage":"ar","potentialAction":[{"@type":"ReadAction","target":["https:\/\/trakesh.com\/notre-boutique\/man\/ref-k020024n50\/"]}]},{"@type":"ImageObject","inLanguage":"ar","@id":"https:\/\/trakesh.com\/notre-boutique\/man\/ref-k020024n50\/#primaryimage","url":"https:\/\/trakesh.com\/wp-content\/uploads\/2025\/09\/MA-2025-11-02T172947.907.png","contentUrl":"https:\/\/trakesh.com\/wp-content\/uploads\/2025\/09\/MA-2025-11-02T172947.907.png","width":800,"height":800},{"@type":"BreadcrumbList","@id":"https:\/\/trakesh.com\/notre-boutique\/man\/ref-k020024n50\/#breadcrumb","itemListElement":[{"@type":"ListItem","position":1,"name":"Home","item":"https:\/\/trakesh.com\/"},{"@type":"ListItem","position":2,"name":"Notre Boutique","item":"https:\/\/trakesh.com\/notre-boutique\/"},{"@type":"ListItem","position":3,"name":"REF : K020024N50"}]},{"@type":"WebSite","@id":"https:\/\/trakesh.com\/#website","url":"https:\/\/trakesh.com\/","name":"TRAKECH PARTS","description":"Pi\u00e8ces de rechange pour camions MAN, moteurs CATERPILLAR et PERKINS \u2013 Maroc","publisher":{"@id":"https:\/\/trakesh.com\/#organization"},"potentialAction":[{"@type":"SearchAction","target":{"@type":"EntryPoint","urlTemplate":"https:\/\/trakesh.com\/?s={search_term_string}"},"query-input":{"@type":"PropertyValueSpecification","valueRequired":true,"valueName":"search_term_string"}}],"inLanguage":"ar"},{"@type":"Organization","@id":"https:\/\/trakesh.com\/#organization","name":"TRAKECH PARTS","url":"https:\/\/trakesh.com\/","logo":{"@type":"ImageObject","inLanguage":"ar","@id":"https:\/\/trakesh.com\/#\/schema\/logo\/image\/","url":"https:\/\/trakesh.com\/wp-content\/uploads\/2025\/05\/cropped-cropped-cropped-cropped-cropped-cropped-cropped-trakesh-removebg-preview-1.png","contentUrl":"https:\/\/trakesh.com\/wp-content\/uploads\/2025\/05\/cropped-cropped-cropped-cropped-cropped-cropped-cropped-trakesh-removebg-preview-1.png","width":342,"height":96,"caption":"TRAKECH PARTS"},"image":{"@id":"https:\/\/trakesh.com\/#\/schema\/logo\/image\/"},"sameAs":["https:\/\/web.facebook.com\/trakechparts\/?locale=fr_FR","https:\/\/www.instagram.com\/trakech_parts\/"]}]}},"_links":{"self":[{"href":"https:\/\/trakesh.com\/ar\/wp-json\/wp\/v2\/product\/8865","targetHints":{"allow":["GET"]}}],"collection":[{"href":"https:\/\/trakesh.com\/ar\/wp-json\/wp\/v2\/product"}],"about":[{"href":"https:\/\/trakesh.com\/ar\/wp-json\/wp\/v2\/types\/product"}],"replies":[{"embeddable":true,"href":"https:\/\/trakesh.com\/ar\/wp-json\/wp\/v2\/comments?post=8865"}],"wp:featuredmedia":[{"embeddable":true,"href":"https:\/\/trakesh.com\/ar\/wp-json\/wp\/v2\/media\/9454"}],"wp:attachment":[{"href":"https:\/\/trakesh.com\/ar\/wp-json\/wp\/v2\/media?parent=8865"}],"wp:term":[{"taxonomy":"product_brand","embeddable":true,"href":"https:\/\/trakesh.com\/ar\/wp-json\/wp\/v2\/product_brand?post=8865"},{"taxonomy":"product_cat","embeddable":true,"href":"https:\/\/trakesh.com\/ar\/wp-json\/wp\/v2\/product_cat?post=8865"},{"taxonomy":"product_tag","embeddable":true,"href":"https:\/\/trakesh.com\/ar\/wp-json\/wp\/v2\/product_tag?post=8865"}],"curies":[{"name":"wp","href":"https:\/\/api.w.org\/{rel}","templated":true}]}}