{"id":8869,"date":"2025-09-14T19:49:38","date_gmt":"2025-09-14T18:49:38","guid":{"rendered":"https:\/\/trakesh.com\/?post_type=product&#038;p=8869"},"modified":"2025-11-22T17:20:20","modified_gmt":"2025-11-22T16:20:20","slug":"ref-4410330610","status":"publish","type":"product","link":"https:\/\/trakesh.com\/ar\/notre-boutique\/man\/ref-4410330610\/","title":{"rendered":"REF: 4410330610"},"content":{"rendered":"<p><strong>Description : Capteur de vitesse ABS\/EBS d\u2019origine WABCO<\/strong><\/p>","protected":false},"excerpt":{"rendered":"<p data-start=\"269\" data-end=\"321\"><strong data-start=\"272\" data-end=\"279\">Nom<\/strong> : <strong data-start=\"282\" data-end=\"319\">Capteur de vitesse \/ Speed Sensor<\/strong><\/p>\n<p data-start=\"323\" data-end=\"347\">\ud83d\udd39 <strong data-start=\"326\" data-end=\"343\">Compatibilit\u00e9<\/strong> :<\/p>\n<ul data-start=\"348\" data-end=\"535\">\n<li data-start=\"348\" data-end=\"392\">\n<p data-start=\"350\" data-end=\"392\">Convient aux syst\u00e8mes <strong data-start=\"372\" data-end=\"389\">ABS\/EBS WABCO<\/strong>.<\/p>\n<\/li>\n<li data-start=\"393\" data-end=\"535\">\n<p data-start=\"395\" data-end=\"535\">Applications fr\u00e9quentes sur : <strong data-start=\"425\" data-end=\"490\">DAF, IVECO, MAN, MERCEDES-BENZ, RENAULT TRUCKS, SCANIA, VOLVO<\/strong> (camions, bus et remorques \u00e9quip\u00e9s WABCO).<\/p>\n<\/li>\n<\/ul>\n<p data-start=\"537\" data-end=\"556\">\ud83d\udd39 <strong data-start=\"540\" data-end=\"552\">Fonction<\/strong> :<\/p>\n<ul data-start=\"557\" data-end=\"770\">\n<li data-start=\"557\" data-end=\"601\">\n<p data-start=\"559\" data-end=\"601\">Mesure la vitesse de rotation des roues.<\/p>\n<\/li>\n<li data-start=\"602\" data-end=\"648\">\n<p data-start=\"604\" data-end=\"648\">Transmet le signal au calculateur ABS\/EBS.<\/p>\n<\/li>\n<li data-start=\"649\" data-end=\"770\">\n<p data-start=\"651\" data-end=\"770\">Permet le contr\u00f4le \u00e9lectronique du freinage, la r\u00e9gulation de stabilit\u00e9 et la protection contre le blocage des roues.<\/p>\n<\/li>\n<\/ul>\n<p data-start=\"772\" data-end=\"795\">\ud83d\udd39 <strong data-start=\"775\" data-end=\"791\">Applications<\/strong> :<\/p>\n<ul data-start=\"796\" data-end=\"980\">\n<li data-start=\"796\" data-end=\"909\">\n<p data-start=\"798\" data-end=\"909\">Syst\u00e8mes de freinage \u00e9lectroniques <strong data-start=\"833\" data-end=\"867\">ABS (Anti-lock Braking System)<\/strong> et <strong data-start=\"871\" data-end=\"906\">EBS (Electronic Braking System)<\/strong>.<\/p>\n<\/li>\n<li data-start=\"910\" data-end=\"980\">\n<p data-start=\"912\" data-end=\"980\">Montage sur moyeux de roues de <strong data-start=\"943\" data-end=\"977\">poids lourds, bus et remorques<\/strong>.<\/p>\n<\/li>\n<\/ul>\n<p data-start=\"982\" data-end=\"1005\">\ud83d\udd39 <strong data-start=\"985\" data-end=\"1001\">Installation<\/strong> :<\/p>\n<ol data-start=\"1006\" data-end=\"1349\">\n<li data-start=\"1006\" data-end=\"1050\">\n<p data-start=\"1009\" data-end=\"1050\">D\u00e9monter l\u2019ancien capteur (si pr\u00e9sent).<\/p>\n<\/li>\n<li data-start=\"1051\" data-end=\"1088\">\n<p data-start=\"1054\" data-end=\"1088\">Nettoyer l\u2019emplacement du moyeu.<\/p>\n<\/li>\n<li data-start=\"1089\" data-end=\"1150\">\n<p data-start=\"1092\" data-end=\"1150\">Installer le capteur <strong data-start=\"1113\" data-end=\"1147\">WABCO 812712061654 \/ 410330610<\/strong>.<\/p>\n<\/li>\n<li data-start=\"1151\" data-end=\"1199\">\n<p data-start=\"1154\" data-end=\"1199\">Connecter la fiche \u00e9lectrique correctement.<\/p>\n<\/li>\n<li data-start=\"1200\" data-end=\"1266\">\n<p data-start=\"1203\" data-end=\"1266\">V\u00e9rifier le jeu entre le capteur et la bague cible (air gap).<\/p>\n<\/li>\n<li data-start=\"1267\" data-end=\"1349\">\n<p data-start=\"1270\" data-end=\"1349\">Tester le signal via le syst\u00e8me ABS\/EBS pour confirmer le bon fonctionnement.<\/p>\n<\/li>\n<\/ol>\n<hr data-start=\"1351\" data-end=\"1354\" \/>\n<p data-start=\"1356\" data-end=\"1375\">\u2699\ufe0f <strong data-start=\"1359\" data-end=\"1371\">Avantage<\/strong> :<\/p>\n<ul data-start=\"1376\" data-end=\"1539\">\n<li data-start=\"1376\" data-end=\"1429\">\n<p data-start=\"1378\" data-end=\"1429\">Am\u00e9liore la s\u00e9curit\u00e9 et la stabilit\u00e9 du v\u00e9hicule.<\/p>\n<\/li>\n<li data-start=\"1430\" data-end=\"1474\">\n<p data-start=\"1432\" data-end=\"1474\">Assure un freinage contr\u00f4l\u00e9 et efficace.<\/p>\n<\/li>\n<li data-start=\"1475\" data-end=\"1539\">\n<p data-start=\"1477\" data-end=\"1539\">Pi\u00e8ce d\u2019origine WABCO, garantissant fiabilit\u00e9 et durabilit\u00e9.<\/p>\n<\/li>\n<\/ul>","protected":false},"featured_media":9652,"comment_status":"open","ping_status":"closed","template":"","meta":[],"product_brand":[77],"product_cat":[76],"product_tag":[],"class_list":{"0":"post-8869","1":"product","2":"type-product","3":"status-publish","4":"has-post-thumbnail","6":"product_brand-wbc","7":"product_cat-man","9":"first","10":"instock","11":"shipping-taxable","12":"product-type-simple"},"yoast_head":"<!-- This site is optimized with the Yoast SEO plugin v25.5 - https:\/\/yoast.com\/wordpress\/plugins\/seo\/ -->\n<title>REF: 4410330610 - TRAKECH PARTS<\/title>\n<meta name=\"robots\" content=\"index, follow, max-snippet:-1, max-image-preview:large, max-video-preview:-1\" \/>\n<link rel=\"canonical\" href=\"https:\/\/trakesh.com\/ar\/notre-boutique\/man\/ref-4410330610\/\" \/>\n<meta property=\"og:locale\" content=\"ar_AR\" \/>\n<meta property=\"og:type\" content=\"article\" \/>\n<meta property=\"og:title\" content=\"REF: 4410330610 - TRAKECH PARTS\" \/>\n<meta property=\"og:description\" content=\"Nom : Capteur de vitesse \/ Speed Sensor \ud83d\udd39 Compatibilit\u00e9 :     Convient aux syst\u00e8mes ABS\/EBS WABCO.    Applications fr\u00e9quentes sur : DAF, IVECO, MAN, MERCEDES-BENZ, RENAULT TRUCKS, SCANIA, VOLVO (camions, bus et remorques \u00e9quip\u00e9s WABCO).   \ud83d\udd39 Fonction :     Mesure la vitesse de rotation des roues.    Transmet le signal au calculateur ABS\/EBS.    Permet le contr\u00f4le \u00e9lectronique du freinage, la r\u00e9gulation de stabilit\u00e9 et la protection contre le blocage des roues.   \ud83d\udd39 Applications :     Syst\u00e8mes de freinage \u00e9lectroniques ABS (Anti-lock Braking System) et EBS (Electronic Braking System).    Montage sur moyeux de roues de poids lourds, bus et remorques.   \ud83d\udd39 Installation :     D\u00e9monter l\u2019ancien capteur (si pr\u00e9sent).    Nettoyer l\u2019emplacement du moyeu.    Installer le capteur WABCO 812712061654 \/ 410330610.    Connecter la fiche \u00e9lectrique correctement.    V\u00e9rifier le jeu entre le capteur et la bague cible (air gap).    Tester le signal via le syst\u00e8me ABS\/EBS pour confirmer le bon fonctionnement.     \u2699\ufe0f Avantage :     Am\u00e9liore la s\u00e9curit\u00e9 et la stabilit\u00e9 du v\u00e9hicule.    Assure un freinage contr\u00f4l\u00e9 et efficace.    Pi\u00e8ce d\u2019origine WABCO, garantissant fiabilit\u00e9 et durabilit\u00e9.\" \/>\n<meta property=\"og:url\" content=\"https:\/\/trakesh.com\/ar\/notre-boutique\/man\/ref-4410330610\/\" \/>\n<meta property=\"og:site_name\" content=\"TRAKECH PARTS\" \/>\n<meta property=\"article:publisher\" content=\"https:\/\/web.facebook.com\/trakechparts\/?locale=fr_FR\" \/>\n<meta property=\"article:modified_time\" content=\"2025-11-22T16:20:20+00:00\" \/>\n<meta property=\"og:image\" content=\"https:\/\/trakesh.com\/wp-content\/uploads\/2025\/09\/MA-2025-11-22T171945.372.png\" \/>\n\t<meta property=\"og:image:width\" content=\"800\" \/>\n\t<meta property=\"og:image:height\" content=\"800\" \/>\n\t<meta property=\"og:image:type\" content=\"image\/png\" \/>\n<meta name=\"twitter:card\" content=\"summary_large_image\" \/>\n<meta name=\"twitter:label1\" content=\"\u0648\u0642\u062a \u0627\u0644\u0642\u0631\u0627\u0621\u0629 \u0627\u0644\u0645\u064f\u0642\u062f\u0651\u0631\" \/>\n\t<meta name=\"twitter:data1\" content=\"\u062f\u0642\u064a\u0642\u0629 \u0648\u0627\u062d\u062f\u0629\" \/>\n<script type=\"application\/ld+json\" class=\"yoast-schema-graph\">{\"@context\":\"https:\/\/schema.org\",\"@graph\":[{\"@type\":\"WebPage\",\"@id\":\"https:\/\/trakesh.com\/notre-boutique\/man\/ref-4410330610\/\",\"url\":\"https:\/\/trakesh.com\/notre-boutique\/man\/ref-4410330610\/\",\"name\":\"REF: 4410330610 - TRAKECH PARTS\",\"isPartOf\":{\"@id\":\"https:\/\/trakesh.com\/#website\"},\"primaryImageOfPage\":{\"@id\":\"https:\/\/trakesh.com\/notre-boutique\/man\/ref-4410330610\/#primaryimage\"},\"image\":{\"@id\":\"https:\/\/trakesh.com\/notre-boutique\/man\/ref-4410330610\/#primaryimage\"},\"thumbnailUrl\":\"https:\/\/trakesh.com\/wp-content\/uploads\/2025\/09\/MA-2025-11-22T171945.372.png\",\"datePublished\":\"2025-09-14T18:49:38+00:00\",\"dateModified\":\"2025-11-22T16:20:20+00:00\",\"breadcrumb\":{\"@id\":\"https:\/\/trakesh.com\/notre-boutique\/man\/ref-4410330610\/#breadcrumb\"},\"inLanguage\":\"ar\",\"potentialAction\":[{\"@type\":\"ReadAction\",\"target\":[\"https:\/\/trakesh.com\/notre-boutique\/man\/ref-4410330610\/\"]}]},{\"@type\":\"ImageObject\",\"inLanguage\":\"ar\",\"@id\":\"https:\/\/trakesh.com\/notre-boutique\/man\/ref-4410330610\/#primaryimage\",\"url\":\"https:\/\/trakesh.com\/wp-content\/uploads\/2025\/09\/MA-2025-11-22T171945.372.png\",\"contentUrl\":\"https:\/\/trakesh.com\/wp-content\/uploads\/2025\/09\/MA-2025-11-22T171945.372.png\",\"width\":800,\"height\":800},{\"@type\":\"BreadcrumbList\",\"@id\":\"https:\/\/trakesh.com\/notre-boutique\/man\/ref-4410330610\/#breadcrumb\",\"itemListElement\":[{\"@type\":\"ListItem\",\"position\":1,\"name\":\"Home\",\"item\":\"https:\/\/trakesh.com\/\"},{\"@type\":\"ListItem\",\"position\":2,\"name\":\"Notre Boutique\",\"item\":\"https:\/\/trakesh.com\/notre-boutique\/\"},{\"@type\":\"ListItem\",\"position\":3,\"name\":\"REF: 4410330610\"}]},{\"@type\":\"WebSite\",\"@id\":\"https:\/\/trakesh.com\/#website\",\"url\":\"https:\/\/trakesh.com\/\",\"name\":\"TRAKECH PARTS\",\"description\":\"Pi\u00e8ces de rechange pour camions MAN, moteurs CATERPILLAR et PERKINS \u2013 Maroc\",\"publisher\":{\"@id\":\"https:\/\/trakesh.com\/#organization\"},\"potentialAction\":[{\"@type\":\"SearchAction\",\"target\":{\"@type\":\"EntryPoint\",\"urlTemplate\":\"https:\/\/trakesh.com\/?s={search_term_string}\"},\"query-input\":{\"@type\":\"PropertyValueSpecification\",\"valueRequired\":true,\"valueName\":\"search_term_string\"}}],\"inLanguage\":\"ar\"},{\"@type\":\"Organization\",\"@id\":\"https:\/\/trakesh.com\/#organization\",\"name\":\"TRAKECH PARTS\",\"url\":\"https:\/\/trakesh.com\/\",\"logo\":{\"@type\":\"ImageObject\",\"inLanguage\":\"ar\",\"@id\":\"https:\/\/trakesh.com\/#\/schema\/logo\/image\/\",\"url\":\"https:\/\/trakesh.com\/wp-content\/uploads\/2025\/05\/cropped-cropped-cropped-cropped-cropped-cropped-cropped-trakesh-removebg-preview-1.png\",\"contentUrl\":\"https:\/\/trakesh.com\/wp-content\/uploads\/2025\/05\/cropped-cropped-cropped-cropped-cropped-cropped-cropped-trakesh-removebg-preview-1.png\",\"width\":342,\"height\":96,\"caption\":\"TRAKECH PARTS\"},\"image\":{\"@id\":\"https:\/\/trakesh.com\/#\/schema\/logo\/image\/\"},\"sameAs\":[\"https:\/\/web.facebook.com\/trakechparts\/?locale=fr_FR\",\"https:\/\/www.instagram.com\/trakech_parts\/\"]}]}<\/script>\n<!-- \/ Yoast SEO plugin. -->","yoast_head_json":{"title":"REF: 4410330610 - TRAKECH PARTS","robots":{"index":"index","follow":"follow","max-snippet":"max-snippet:-1","max-image-preview":"max-image-preview:large","max-video-preview":"max-video-preview:-1"},"canonical":"https:\/\/trakesh.com\/ar\/notre-boutique\/man\/ref-4410330610\/","og_locale":"ar_AR","og_type":"article","og_title":"REF: 4410330610 - TRAKECH PARTS","og_description":"Nom : Capteur de vitesse \/ Speed Sensor \ud83d\udd39 Compatibilit\u00e9 :     Convient aux syst\u00e8mes ABS\/EBS WABCO.    Applications fr\u00e9quentes sur : DAF, IVECO, MAN, MERCEDES-BENZ, RENAULT TRUCKS, SCANIA, VOLVO (camions, bus et remorques \u00e9quip\u00e9s WABCO).   \ud83d\udd39 Fonction :     Mesure la vitesse de rotation des roues.    Transmet le signal au calculateur ABS\/EBS.    Permet le contr\u00f4le \u00e9lectronique du freinage, la r\u00e9gulation de stabilit\u00e9 et la protection contre le blocage des roues.   \ud83d\udd39 Applications :     Syst\u00e8mes de freinage \u00e9lectroniques ABS (Anti-lock Braking System) et EBS (Electronic Braking System).    Montage sur moyeux de roues de poids lourds, bus et remorques.   \ud83d\udd39 Installation :     D\u00e9monter l\u2019ancien capteur (si pr\u00e9sent).    Nettoyer l\u2019emplacement du moyeu.    Installer le capteur WABCO 812712061654 \/ 410330610.    Connecter la fiche \u00e9lectrique correctement.    V\u00e9rifier le jeu entre le capteur et la bague cible (air gap).    Tester le signal via le syst\u00e8me ABS\/EBS pour confirmer le bon fonctionnement.     \u2699\ufe0f Avantage :     Am\u00e9liore la s\u00e9curit\u00e9 et la stabilit\u00e9 du v\u00e9hicule.    Assure un freinage contr\u00f4l\u00e9 et efficace.    Pi\u00e8ce d\u2019origine WABCO, garantissant fiabilit\u00e9 et durabilit\u00e9.","og_url":"https:\/\/trakesh.com\/ar\/notre-boutique\/man\/ref-4410330610\/","og_site_name":"TRAKECH PARTS","article_publisher":"https:\/\/web.facebook.com\/trakechparts\/?locale=fr_FR","article_modified_time":"2025-11-22T16:20:20+00:00","og_image":[{"width":800,"height":800,"url":"https:\/\/trakesh.com\/wp-content\/uploads\/2025\/09\/MA-2025-11-22T171945.372.png","type":"image\/png"}],"twitter_card":"summary_large_image","twitter_misc":{"\u0648\u0642\u062a \u0627\u0644\u0642\u0631\u0627\u0621\u0629 \u0627\u0644\u0645\u064f\u0642\u062f\u0651\u0631":"\u062f\u0642\u064a\u0642\u0629 \u0648\u0627\u062d\u062f\u0629"},"schema":{"@context":"https:\/\/schema.org","@graph":[{"@type":"WebPage","@id":"https:\/\/trakesh.com\/notre-boutique\/man\/ref-4410330610\/","url":"https:\/\/trakesh.com\/notre-boutique\/man\/ref-4410330610\/","name":"REF: 4410330610 - TRAKECH PARTS","isPartOf":{"@id":"https:\/\/trakesh.com\/#website"},"primaryImageOfPage":{"@id":"https:\/\/trakesh.com\/notre-boutique\/man\/ref-4410330610\/#primaryimage"},"image":{"@id":"https:\/\/trakesh.com\/notre-boutique\/man\/ref-4410330610\/#primaryimage"},"thumbnailUrl":"https:\/\/trakesh.com\/wp-content\/uploads\/2025\/09\/MA-2025-11-22T171945.372.png","datePublished":"2025-09-14T18:49:38+00:00","dateModified":"2025-11-22T16:20:20+00:00","breadcrumb":{"@id":"https:\/\/trakesh.com\/notre-boutique\/man\/ref-4410330610\/#breadcrumb"},"inLanguage":"ar","potentialAction":[{"@type":"ReadAction","target":["https:\/\/trakesh.com\/notre-boutique\/man\/ref-4410330610\/"]}]},{"@type":"ImageObject","inLanguage":"ar","@id":"https:\/\/trakesh.com\/notre-boutique\/man\/ref-4410330610\/#primaryimage","url":"https:\/\/trakesh.com\/wp-content\/uploads\/2025\/09\/MA-2025-11-22T171945.372.png","contentUrl":"https:\/\/trakesh.com\/wp-content\/uploads\/2025\/09\/MA-2025-11-22T171945.372.png","width":800,"height":800},{"@type":"BreadcrumbList","@id":"https:\/\/trakesh.com\/notre-boutique\/man\/ref-4410330610\/#breadcrumb","itemListElement":[{"@type":"ListItem","position":1,"name":"Home","item":"https:\/\/trakesh.com\/"},{"@type":"ListItem","position":2,"name":"Notre Boutique","item":"https:\/\/trakesh.com\/notre-boutique\/"},{"@type":"ListItem","position":3,"name":"REF: 4410330610"}]},{"@type":"WebSite","@id":"https:\/\/trakesh.com\/#website","url":"https:\/\/trakesh.com\/","name":"TRAKECH PARTS","description":"Pi\u00e8ces de rechange pour camions MAN, moteurs CATERPILLAR et PERKINS \u2013 Maroc","publisher":{"@id":"https:\/\/trakesh.com\/#organization"},"potentialAction":[{"@type":"SearchAction","target":{"@type":"EntryPoint","urlTemplate":"https:\/\/trakesh.com\/?s={search_term_string}"},"query-input":{"@type":"PropertyValueSpecification","valueRequired":true,"valueName":"search_term_string"}}],"inLanguage":"ar"},{"@type":"Organization","@id":"https:\/\/trakesh.com\/#organization","name":"TRAKECH PARTS","url":"https:\/\/trakesh.com\/","logo":{"@type":"ImageObject","inLanguage":"ar","@id":"https:\/\/trakesh.com\/#\/schema\/logo\/image\/","url":"https:\/\/trakesh.com\/wp-content\/uploads\/2025\/05\/cropped-cropped-cropped-cropped-cropped-cropped-cropped-trakesh-removebg-preview-1.png","contentUrl":"https:\/\/trakesh.com\/wp-content\/uploads\/2025\/05\/cropped-cropped-cropped-cropped-cropped-cropped-cropped-trakesh-removebg-preview-1.png","width":342,"height":96,"caption":"TRAKECH PARTS"},"image":{"@id":"https:\/\/trakesh.com\/#\/schema\/logo\/image\/"},"sameAs":["https:\/\/web.facebook.com\/trakechparts\/?locale=fr_FR","https:\/\/www.instagram.com\/trakech_parts\/"]}]}},"_links":{"self":[{"href":"https:\/\/trakesh.com\/ar\/wp-json\/wp\/v2\/product\/8869","targetHints":{"allow":["GET"]}}],"collection":[{"href":"https:\/\/trakesh.com\/ar\/wp-json\/wp\/v2\/product"}],"about":[{"href":"https:\/\/trakesh.com\/ar\/wp-json\/wp\/v2\/types\/product"}],"replies":[{"embeddable":true,"href":"https:\/\/trakesh.com\/ar\/wp-json\/wp\/v2\/comments?post=8869"}],"wp:featuredmedia":[{"embeddable":true,"href":"https:\/\/trakesh.com\/ar\/wp-json\/wp\/v2\/media\/9652"}],"wp:attachment":[{"href":"https:\/\/trakesh.com\/ar\/wp-json\/wp\/v2\/media?parent=8869"}],"wp:term":[{"taxonomy":"product_brand","embeddable":true,"href":"https:\/\/trakesh.com\/ar\/wp-json\/wp\/v2\/product_brand?post=8869"},{"taxonomy":"product_cat","embeddable":true,"href":"https:\/\/trakesh.com\/ar\/wp-json\/wp\/v2\/product_cat?post=8869"},{"taxonomy":"product_tag","embeddable":true,"href":"https:\/\/trakesh.com\/ar\/wp-json\/wp\/v2\/product_tag?post=8869"}],"curies":[{"name":"wp","href":"https:\/\/api.w.org\/{rel}","templated":true}]}}